{"id":16588,"date":"2025-01-21T05:36:08","date_gmt":"2025-01-21T05:36:08","guid":{"rendered":"https:\/\/www.hydraulic-cylinders.net\/product\/arm-cylinder-for-jonyang-small-excavator-jy6085\/"},"modified":"2025-01-21T05:36:11","modified_gmt":"2025-01-21T05:36:11","slug":"arm-cylinder-for-jonyang-small-excavator-jy6085","status":"publish","type":"product","link":"https:\/\/www.hydraulic-cylinders.net\/lt\/produktas\/arm-cylinder-for-jonyang-small-excavator-jy6085\/","title":{"rendered":"Jonyang ma\u017eo ekskavatoriaus JY6085 rankos cilindras"},"content":{"rendered":"<h1>Jonyang ma\u017eo ekskavatoriaus JY6085 rankos cilindras<\/h1>\n<h2>\u012evadas<\/h2>\n<p>Svirties cilindras yra specialiai suprojektuotas hidraulinis cilindras, u\u017etikrinantis tiesin\u012f jud\u0117jim\u0105 ir gali\u0105 \u012fvairi\u0173 ma\u0161in\u0173, toki\u0173 kaip ekskavatoriai, kranai ir robotin\u0117s svirtys, svirtims. Svirties cilindras atlieka labai svarb\u0173 vaidmen\u012f hidraulin\u0117se sistemose, nes leid\u017eia efektyviai jud\u0117ti ir valdyti papildomus \u012frankius ar priedus. \u0160ie cilindrai ne tik u\u017etikrina skland\u0173 jud\u0117jim\u0105, bet ir atlaiko dideles apkrovas, u\u017etikrindami efektyv\u0173 ma\u0161in\u0173 veikim\u0105 ir patikimum\u0105 \u012fvairiomis darbo s\u0105lygomis.<\/p>\n<p><img decoding=\"async\" src=\"https:\/\/www.hydraulic-cylinders.net\/wp-content\/uploads\/2025\/01\/songte-company-2.webp\"><\/p>\n<h2>Savyb\u0117s<\/h2>\n<ul>\n<li><strong>Didelio efektyvumo transmisija:<\/strong> Svirties cilindras u\u017etikrina galing\u0105 tiesin\u012f judes\u012f ir j\u0117g\u0105, u\u017etikrindamas didel\u012f robotin\u0117s rankos na\u0161um\u0105 atliekant \u012fvairias operacijas.<\/li>\n<li><strong>Tikslus valdymas:<\/strong> Hidraulin\u0117s sistemos d\u0117ka svirties cilindras leid\u017eia tiksliai valdyti judes\u012f, tod\u0117l pritvirtint\u0173 \u012franki\u0173 valdymas tampa lankstesnis ir tikslesnis.<\/li>\n<li><strong>Patvarumas:<\/strong> Svirtiniai cilindrai paprastai gaminami i\u0161 didelio stiprumo med\u017eiag\u0173, kurios pasi\u017eymi puikiu atsparumu dilimui ir korozijai, tod\u0117l tinka ilgalaikiam naudojimui at\u0161iauriomis s\u0105lygomis.<\/li>\n<li><strong>Daugiafunkcinis prisitaikymas:<\/strong> \u0160ie cilindrai gali b\u016bti pla\u010diai taikomi \u012fvairi\u0173 tip\u0173 ma\u0161inoms, tokioms kaip ekskavatoriai, kranai ir robotin\u0117s rankos, prisitaikant prie skirting\u0173 darbo reikalavim\u0173.<\/li>\n<li><strong>Lengva prie\u017ei\u016bra:<\/strong> Sukurti atsi\u017evelgiant \u012f paprast\u0105 prie\u017ei\u016br\u0105 ir keitim\u0105, svirties cilindrai palengvina reguliarias patikras ir technin\u0119 prie\u017ei\u016br\u0105, taip suma\u017einant \u012frangos prastovas.<\/li>\n<\/ul>\n<p><img decoding=\"async\" src=\"https:\/\/www.hydraulic-cylinders.net\/wp-content\/uploads\/2025\/01\/songte-oil-pipes-and-spare-parts.webp\"><\/p>\n<h2>Parai\u0161kos<\/h2>\n<p>Svirtinis cilindras naudojamas \u012fvairiose pramon\u0117s \u0161akose:<\/p>\n<ul>\n<li><strong>Statybos in\u017einerija:<\/strong> Ekskavatoriuose ir kranuose naudojami str\u0117li\u0173 cilindrai valdo kau\u0161\u0173 arba str\u0117li\u0173 jud\u0117jim\u0105 atliekant \u017eem\u0117s darbus, med\u017eiag\u0173 tvarkym\u0105 ir konstrukcinius \u012frenginius.<\/li>\n<li><strong>Gamyba:<\/strong> Automatizuotose gamybos linijose ranken\u0173 cilindrai leid\u017eia robotin\u0117ms rankoms jud\u0117ti tokiuose procesuose kaip surinkimas, suvirinimas ir tvarkymas, taip padidindami gamybos efektyvum\u0105 ir tikslum\u0105.<\/li>\n<li><strong>\u017dem\u0117s \u016bkio technika:<\/strong> \u017dem\u0117s \u016bkio technikoje, pavyzd\u017eiui, derliaus nu\u0117mimo ir s\u0117jamosiose, svir\u010di\u0173 cilindrai valdo valdymo svir\u010di\u0173 jud\u0117jim\u0105 atliekant tokias u\u017eduotis kaip s\u0117ja, tr\u0119\u0161imas ir derliaus nu\u0117mimas.<\/li>\n<li><strong>Kasyba:<\/strong> Kasybos \u012frangoje svirties cilindrai valdo kasybos ma\u0161in\u0173 svirties jud\u0117jim\u0105 r\u016bdos gavybai ir transportavimui.<\/li>\n<li><strong>Logistika ir transportas:<\/strong> \u0160akiniuose krautuvuose ir krovini\u0173 krovimo robotuose svir\u010di\u0173 cilindrai valdo \u0161aki\u0173 k\u0117lim\u0105 ir jud\u0117jim\u0105, taip \u012fgalindami med\u017eiag\u0173 tvarkym\u0105 ir krovim\u0105.<\/li>\n<\/ul>\n<h2>Projektavimo aspektai ir atrankos kriterijai<\/h2>\n<p>Kalbant apie cilindr\u0173 konstrukcij\u0105, reik\u0117t\u0173 atsi\u017evelgti \u012f kelet\u0105 svarbi\u0173 aspekt\u0173 ir atrankos kriterij\u0173:<\/p>\n<ul>\n<li><strong>Apkrovos paj\u0117gumas:<\/strong> Svirties cilindras turi b\u016bti suprojektuotas taip, kad atlaikyt\u0173 konkre\u010dius mechanizm\u0173, su kuriais jis bus naudojamas, apkrovos reikalavimus.<\/li>\n<li><strong>Sandarinimas:<\/strong> Siekiant u\u017etikrinti efektyv\u0173 sandarinim\u0105, tur\u0117t\u0173 b\u016bti naudojami \u012fvair\u016bs sandarinimo elementai, tokie kaip st\u016bmokli\u0173 ir kot\u0173 sandarikliai, pagaminti i\u0161 atspari\u0173 dilimui med\u017eiag\u0173, toki\u0173 kaip poliuretanas ir nitrilo kau\u010diukas.<\/li>\n<li><strong>Patvarumas:<\/strong> Cilindro korpusas ir srieginiai galai turi b\u016bti kruop\u0161\u010diai apdorojami, siekiant padidinti atsparum\u0105 dilimui ir pailginti cilindro tarnavimo laik\u0105.<\/li>\n<li><strong>Saugumas:<\/strong> Siekiant u\u017etikrinti saug\u0173 darb\u0105 ir apsaugoti nuo galim\u0173 pavoj\u0173, tur\u0117t\u0173 b\u016bti \u012frengtos saugos priemon\u0117s, tokios kaip sl\u0117gio ma\u017einimo vo\u017etuvai ir avarinio stabdymo sistemos.<\/li>\n<li><strong>Prie\u017ei\u016bra:<\/strong> Projektuojant reik\u0117t\u0173 atsi\u017evelgti \u012f lengv\u0105 prieig\u0105 prie komponent\u0173 ir ai\u0161kias prie\u017ei\u016bros instrukcijas, kad b\u016bt\u0173 lengviau reguliariai pri\u017ei\u016br\u0117ti ir kuo ma\u017eiau prastov\u0173.<\/li>\n<\/ul>\n<p><img decoding=\"async\" src=\"https:\/\/www.hydraulic-cylinders.net\/wp-content\/uploads\/2025\/01\/songte-cylinder-head-with-all-kinds-excavator-models.webp\"><\/p>\n<h2>Sandarinimas ir tepimas<\/h2>\n<p>Siekiant u\u017etikrinti optimal\u0173 na\u0161um\u0105, svirtiniuose cilindruose naudojami \u012fvair\u016bs sandarinimo komponentai, tokie kaip st\u016bmokli\u0173 ir kot\u0173 sandarikliai, pagaminti i\u0161 toki\u0173 med\u017eiag\u0173 kaip poliuretanas ir nitrilo kau\u010diukas. Cilindro korpusas ir srieginiai galai yra kruop\u0161\u010diai apdorojami, siekiant pagerinti atsparum\u0105 dilimui. Norint u\u017etikrinti skland\u0173 veikim\u0105 ir i\u0161vengti prie\u0161laikinio susid\u0117v\u0117jimo bei pa\u017eeidim\u0173, b\u016btina reguliariai tepti tinkama hidrauline alyva.<\/p>\n<h2>Reguliarus patikrinimas ir prevencin\u0117 prie\u017ei\u016bra<\/h2>\n<p>Norint u\u017etikrinti svirties cilindro ilgaam\u017ei\u0161kum\u0105 ir patikimum\u0105, labai svarbu reguliariai j\u012f ap\u017ei\u016br\u0117ti ir atlikti profilaktinius darbus. Reik\u0117t\u0173 imtis \u0161i\u0173 priemoni\u0173:<\/p>\n<ul>\n<li>Patikrinkite cilindr\u0105, ar n\u0117ra nuot\u0117kio, pa\u017eeidim\u0173 ar ne\u012fprasto susid\u0117v\u0117jimo po\u017eymi\u0173.<\/li>\n<li>Patikrinkite ir priver\u017ekite visas jungtis, kad i\u0161vengtum\u0117te atsilaisvinimo ir galimo nuot\u0117kio.<\/li>\n<li>I\u0161valykite cilindr\u0105 ir jo komponentus, kad pa\u0161alintum\u0117te ne\u0161varumus, \u0161iuk\u0161les ir ter\u0161alus.<\/li>\n<li>Steb\u0117kite hidraulinio skys\u010dio lyg\u012f ir kokyb\u0119, prireikus papildykite arba pakeiskite.<\/li>\n<li>Laikykit\u0117s gamintojo rekomenduojamo technin\u0117s prie\u017ei\u016bros grafiko ir nurodym\u0173.<\/li>\n<\/ul>\n<h2>Teisingas gaminio montavimas<\/h2>\n<p>Tinkamas svirties cilindro montavimas yra b\u016btinas optimaliam veikimui ir saugumui u\u017etikrinti. Laikykit\u0117s \u0161i\u0173 nurodym\u0173:<\/p>\n<ul>\n<li>\u012esitikinkite, kad tvirtinimo pavir\u0161ius yra \u0161varus, lygus ir be deformacij\u0173.<\/li>\n<li>Cilindrui pritvirtinti naudokite tinkamus \u012frankius ir \u012frang\u0105.<\/li>\n<li>Visus tvirtinimo elementus priver\u017ekite pagal gamintojo nurodytas sukimo momento vertes.<\/li>\n<li>Patikrinkite, ar visos hidraulin\u0117s jungtys yra tinkamai u\u017esandarintos ir n\u0117ra nuot\u0117ki\u0173.<\/li>\n<li>Nor\u0117dami pa\u0161alinti or\u0105 i\u0161 hidraulin\u0117s sistemos, laikykit\u0117s rekomenduojam\u0173 nuorinimo proced\u016br\u0173.<\/li>\n<\/ul>\n<p><img decoding=\"async\" src=\"https:\/\/www.hydraulic-cylinders.net\/wp-content\/uploads\/2025\/01\/songte-bushings-with-all-kinds-of-excavator-models.webp\"><\/p>\n<h2>Saugos aspektai ir aplinkos veiksniai<\/h2>\n<p>Dirbant su svirtiniais cilindrais, labai svarbu teikti pirmenyb\u0119 saugos priemon\u0117ms. B\u016btini tinkami mokymai, saugos gairi\u0173 laikymasis ir asmenini\u0173 apsaugos priemoni\u0173 naudojimas. Taip pat reik\u0117t\u0173 atsi\u017evelgti \u012f aplinkos veiksnius, tokius kaip temperat\u016bra, dr\u0117gm\u0117 ir chemini\u0173 med\u017eiag\u0173 poveikis, siekiant u\u017etikrinti svirtinio cilindro ilgaam\u017ei\u0161kum\u0105 ir na\u0161um\u0105.<\/p>\n<h2>Trik\u010di\u0173 \u0161alinimas ir da\u017eniausiai pasitaikan\u010dios problemos<\/h2>\n<p>Kai kurios da\u017enos problemos, galin\u010dios kilti d\u0117l svirtini\u0173 cilindr\u0173, yra nuot\u0117kis, nepakankama galia ir netolygus jud\u0117jimas. Nor\u0117dami veiksmingai diagnozuoti ir i\u0161spr\u0119sti \u0161ias problemas, atsi\u017evelkite \u012f \u0161iuos dalykus:<\/p>\n<ul>\n<li>Patikrinkite visus sandariklius ir jungtis, ar n\u0117ra koki\u0173 nors nuot\u0117kio po\u017eymi\u0173.<\/li>\n<li>Patikrinkite hidraulinio skys\u010dio lyg\u012f ir kokyb\u0119, u\u017etikrindami, kad jis atitikt\u0173 rekomenduojam\u0105 diapazon\u0105.<\/li>\n<li>Patikrinkite, ar hidraulin\u0117je sistemoje yra tinkamas sl\u0117gis.<\/li>\n<li>Patikrinkite cilindro komponentus, ar n\u0117ra koki\u0173 nors pa\u017eeidim\u0173 ar susid\u0117v\u0117jimo po\u017eymi\u0173.<\/li>\n<li>Jei reikia, \u017er. gamintojo trik\u010di\u0173 \u0161alinimo vadov\u0105 arba kreipkit\u0117s profesionalios pagalbos.<\/li>\n<\/ul>\n<p><img decoding=\"async\" src=\"https:\/\/www.hydraulic-cylinders.net\/wp-content\/uploads\/2025\/01\/songte-chushion-collar.webp\"><\/p>\n<p>Vadovaudamiesi \u0161iais trik\u010di\u0173 \u0161alinimo patarimais, galite efektyviai diagnozuoti ir i\u0161spr\u0119sti svirties cilindro problemas, suma\u017eindami prastovas ir optimizuodami na\u0161um\u0105.<\/p>\n<h2>Apie mus<\/h2>\n<p>Esame profesionalus pakaitini\u0173 hidraulini\u0173 cilindr\u0173 gamintojas, si\u016blantis plat\u0173 gamini\u0173 asortiment\u0105. Tapome vienu i\u0161 pirmaujan\u010di\u0173 hidraulini\u0173 cilindr\u0173 gamintoj\u0173 ir didmenini\u0173 platintoj\u0173 tiek vidaus, tiek tarptautin\u0117se rinkose. Siekdami tobulumo, nuolat tobuliname savo technines \u017einias ir gamybos efektyvum\u0105, diegdami pa\u017eangias gamybos patalpas ir profesionalias bandym\u0173 sistemas. M\u016bs\u0173 tikslas \u2013 patenkinti \u012fvairius klient\u0173 poreikius, vadovaujantis efektyvumo, tikslumo ir auk\u0161tos kokyb\u0117s principais.<\/p>\n<p><img decoding=\"async\" src=\"https:\/\/www.hydraulic-cylinders.net\/wp-content\/uploads\/2025\/01\/songte-company-4.webp\"><br \/>\n<img decoding=\"async\" src=\"https:\/\/www.hydraulic-cylinders.net\/wp-content\/uploads\/2025\/01\/songte-company-3.webp\"><\/p>\n<p>M\u016bs\u0173 \u012fmon\u0117 did\u017eiuojasi profesionalumu, tarptautiniais sertifikatais, individualiai pritaikytomis paslaugomis, moderniausia gamybos \u012franga ir puikiu aptarnavimu po pardavimo. Siekiame u\u017etikrinti klient\u0173 pasitenkinim\u0105 teikdami novatori\u0161kus sprendimus ir atsi\u017evelgdami \u012f \u012fvairius pramon\u0117s poreikius.<\/p>\n<p>Autorius: lyl<\/p>","protected":false},"excerpt":{"rendered":"<p>Arm Cylinder For Jonyang Small Excavator JY6085 Introduction The arm cylinder is a specially designed hydraulic cylinder that provides linear motion and power to the arms of various machinery, such as excavators, cranes, and robotic arms. The arm cylinder plays a crucial role in hydraulic systems, allowing for efficient movement and control of additional tools [&hellip;]<\/p>","protected":false},"featured_media":14779,"comment_status":"open","ping_status":"closed","template":"","meta":{"_et_pb_use_builder":"","_et_pb_old_content":"","_et_gb_content_width":""},"product_brand":[],"product_cat":[1497],"product_tag":[1498,1496],"class_list":{"0":"post-16588","1":"product","2":"type-product","3":"status-publish","4":"has-post-thumbnail","6":"product_cat-arm-cylinders","7":"product_tag-arm-cylinders","8":"product_tag-hydraulic-cylinders","10":"first","11":"instock","12":"shipping-taxable","13":"product-type-simple"},"amp_enabled":true,"_links":{"self":[{"href":"https:\/\/www.hydraulic-cylinders.net\/lt\/wp-json\/wp\/v2\/product\/16588","targetHints":{"allow":["GET"]}}],"collection":[{"href":"https:\/\/www.hydraulic-cylinders.net\/lt\/wp-json\/wp\/v2\/product"}],"about":[{"href":"https:\/\/www.hydraulic-cylinders.net\/lt\/wp-json\/wp\/v2\/types\/product"}],"replies":[{"embeddable":true,"href":"https:\/\/www.hydraulic-cylinders.net\/lt\/wp-json\/wp\/v2\/comments?post=16588"}],"wp:featuredmedia":[{"embeddable":true,"href":"https:\/\/www.hydraulic-cylinders.net\/lt\/wp-json\/wp\/v2\/media\/14779"}],"wp:attachment":[{"href":"https:\/\/www.hydraulic-cylinders.net\/lt\/wp-json\/wp\/v2\/media?parent=16588"}],"wp:term":[{"taxonomy":"product_brand","embeddable":true,"href":"https:\/\/www.hydraulic-cylinders.net\/lt\/wp-json\/wp\/v2\/product_brand?post=16588"},{"taxonomy":"product_cat","embeddable":true,"href":"https:\/\/www.hydraulic-cylinders.net\/lt\/wp-json\/wp\/v2\/product_cat?post=16588"},{"taxonomy":"product_tag","embeddable":true,"href":"https:\/\/www.hydraulic-cylinders.net\/lt\/wp-json\/wp\/v2\/product_tag?post=16588"}],"curies":[{"name":"wp","href":"https:\/\/api.w.org\/{rel}","templated":true}]}}