{"id":16591,"date":"2025-01-21T05:36:21","date_gmt":"2025-01-21T05:36:21","guid":{"rendered":"https:\/\/www.hydraulic-cylinders.net\/product\/arm-cylinder-for-jonyang-small-excavator-jy615elb\/"},"modified":"2025-01-21T05:36:27","modified_gmt":"2025-01-21T05:36:27","slug":"arm-cylinder-for-jonyang-small-excavator-jy615elb","status":"publish","type":"product","link":"https:\/\/www.hydraulic-cylinders.net\/lt\/produktas\/arm-cylinder-for-jonyang-small-excavator-jy615elb\/","title":{"rendered":"Jonyang ma\u017eo ekskavatoriaus JY615ELB rankos cilindras"},"content":{"rendered":"<p><!DOCTYPE html><br \/>\n<html><br \/>\n<head><br \/>\n<title>Jonyang ma\u017eo ekskavatoriaus JY615ELB rankos cilindras<\/title><br \/>\n<\/head><br \/>\n<body><\/p>\n<h1>Jonyang ma\u017eo ekskavatoriaus JY615ELB rankos cilindras<\/h1>\n<h2>\u012evadas<\/h2>\n<p>\u201eJonyang\u201c ma\u017eo ekskavatoriaus JY615ELB svirties cilindras yra specialiai sukurtas hidraulinis cilindras, u\u017etikrinantis tiesin\u012f judes\u012f ir gali\u0105 \u012fvairi\u0173 tip\u0173 ma\u0161in\u0173, toki\u0173 kaip ekskavatoriai, kranai ir mechanin\u0117s svirtys, svir\u010diai. Svirties cilindras atlieka labai svarb\u0173 vaidmen\u012f hidraulin\u0117se sistemose, nes leid\u017eia efektyviai jud\u0117ti ir valdyti papildomus \u012frankius ar priedus. \u0160ie cilindrai ne tik leid\u017eia skland\u0173 jud\u0117jim\u0105, bet ir atlaiko dideles apkrovas, u\u017etikrindami efektyv\u0173 ma\u0161inos veikim\u0105 ir patikimum\u0105 \u012fvairiomis darbo s\u0105lygomis.<\/p>\n<h2>Apibr\u0117\u017eimas ir paai\u0161kinimas<\/h2>\n<p>Svirties cilindras yra hidraulinio cilindro tipas, specialiai sukurtas u\u017etikrinti tiesin\u012f jud\u0117jim\u0105 ir gali\u0105 \u012fvairi\u0173 tip\u0173 ma\u0161in\u0173, toki\u0173 kaip ekskavatoriai, kranai ir mechanin\u0117s svirtys, svir\u010diai. Jis atlieka labai svarb\u0173 vaidmen\u012f hidraulin\u0117se sistemose, nes leid\u017eia efektyviai jud\u0117ti ir valdyti papildomus \u012frankius ar priedus. \u0160ie cilindrai ne tik u\u017etikrina skland\u0173 jud\u0117jim\u0105, bet ir gali atlaikyti dideles apkrovas, u\u017etikrindami efektyv\u0173 ma\u0161in\u0173 veikim\u0105 ir patikimum\u0105 \u012fvairiomis darbo s\u0105lygomis.<\/p>\n<p><img decoding=\"async\" src=\"https:\/\/www.hydraulic-cylinders.net\/wp-content\/uploads\/2025\/01\/songte-company-2.webp\" alt=\"Svirties cilindro vaizdas\"><\/p>\n<h2>Savyb\u0117s<\/h2>\n<ul>\n<li>\n<h3>Didelio efektyvumo transmisija<\/h3>\n<p>Svirties cilindras u\u017etikrina galing\u0105 tiesin\u012f judes\u012f ir j\u0117g\u0105, u\u017etikrindamas auk\u0161t\u0105 mechanin\u0117s svirties na\u0161um\u0105 atliekant \u012fvairias operacijas.<\/p>\n<\/li>\n<li>\n<h3>Tikslus valdymas<\/h3>\n<p>Hidraulin\u0117s sistemos d\u0117ka rankos cilindras leid\u017eia tiksliai valdyti judes\u012f, tod\u0117l papildom\u0173 \u012franki\u0173 valdymas tampa lankstesnis ir tikslesnis.<\/p>\n<\/li>\n<li>\n<h3>Patvarumas<\/h3>\n<p>Svirties cilindras paprastai gaminamas i\u0161 didelio stiprumo med\u017eiag\u0173, pasi\u017eymin\u010di\u0173 puikiu atsparumu dilimui ir korozijai, tod\u0117l tinka ilgalaikiam naudojimui at\u0161iauriomis s\u0105lygomis.<\/p>\n<\/li>\n<li>\n<h3>Daugiafunkcinis prisitaikymas<\/h3>\n<p>\u0160ie cilindrai gali b\u016bti pla\u010diai naudojami \u012fvairi\u0173 tip\u0173 ma\u0161inose, tokiose kaip ekskavatoriai, kranai ir mechanin\u0117s svirtys, pritaikant juos skirtingiems darbo reikalavimams.<\/p>\n<\/li>\n<li>\n<h3>Lengva prie\u017ei\u016bra<\/h3>\n<p>Projektuojant atsi\u017evelgiama \u012f prie\u017ei\u016bros ir keitimo paprastum\u0105, reguliari\u0173 patikrinim\u0173 ir prie\u017ei\u016bros patogum\u0105 bei \u012frangos prastov\u0173 sutrumpinim\u0105.<\/p>\n<\/li>\n<\/ul>\n<p><img decoding=\"async\" src=\"https:\/\/www.hydraulic-cylinders.net\/wp-content\/uploads\/2025\/01\/songte-oil-pipes-and-spare-parts.webp\" alt=\"Produkto vaizdas\"><\/p>\n<h2>Parai\u0161kos<\/h2>\n<p>Svirtinis cilindras turi plat\u0173 pritaikymo spektr\u0105 \u012fvairiose pramon\u0117s \u0161akose:<\/p>\n<ul>\n<li>\n<h3>Statybos in\u017einerija<\/h3>\n<p>Ekskavatoriuose ir kranuose svirties cilindras naudojamas kau\u0161\u0173 arba str\u0117li\u0173 jud\u0117jimui valdyti atliekant \u017eem\u0117s darbus, med\u017eiag\u0173 tvarkym\u0105 ir konstrukcij\u0173 montavim\u0105.<\/p>\n<\/li>\n<li>\n<h3>Gamyba<\/h3>\n<p>Automatizuotose gamybos linijose svirties cilindras naudojamas mechanin\u0117ms svirtims judinti surinkimo, suvirinimo ir tvarkymo procesuose, taip pagerinant gamybos efektyvum\u0105 ir tikslum\u0105.<\/p>\n<\/li>\n<li>\n<h3>\u017dem\u0117s \u016bkio technika<\/h3>\n<p>\u017dem\u0117s \u016bkio technikose, tokiose kaip derliaus nu\u0117mimo ma\u0161inos ir s\u0117jamosios, svirties cilindras valdo darbini\u0173 svir\u010di\u0173 jud\u0117jim\u0105 atliekant tokias u\u017eduotis kaip s\u0117ja, tr\u0119\u0161imas ir derliaus nu\u0117mimas.<\/p>\n<\/li>\n<li>\n<h3>Kasyba<\/h3>\n<p>Kasybos \u012frangoje rankos cilindras naudojamas kasybos \u012frangos rankos jud\u0117jimui valdyti r\u016bdos gavybai ir transportavimui.<\/p>\n<\/li>\n<li>\n<h3>Logistika ir transportas<\/h3>\n<p>\u0160akiniuose krautuvuose ir krovini\u0173 krovimo robotuose svirties cilindras naudojamas \u0161aki\u0173 k\u0117limui ir jud\u0117jimui valdyti, taip u\u017etikrinant med\u017eiag\u0173 tvarkym\u0105 ir krovim\u0105.<\/p>\n<\/li>\n<\/ul>\n<h2>Projektavimo aspektai ir atrankos kriterijai<\/h2>\n<p>Projektuojant cilindro formos ranken\u0105, atsi\u017evelgiama \u012f kelis pagrindinius veiksnius:<\/p>\n<ul>\n<li>\n<h3>Apkrovos paj\u0117gumas<\/h3>\n<p>Svirties cilindras suprojektuotas taip, kad atlaikyt\u0173 konkre\u010dius mechanizm\u0173, kuriuose jis naudojamas, apkrovos reikalavimus, u\u017etikrinant saug\u0173 ir efektyv\u0173 veikim\u0105.<\/p>\n<\/li>\n<li>\n<h3>Sandarinimas<\/h3>\n<p>Siekiant u\u017etikrinti efektyv\u0173 sandarinim\u0105, naudojami \u012fvair\u016bs sandarinimo komponentai, tokie kaip st\u016bmokli\u0173 ir kot\u0173 sandarikliai. \u0160ie sandarikliai pagaminti i\u0161 atspari\u0173 dilimui med\u017eiag\u0173, toki\u0173 kaip poliuretanas ir nitrilo kau\u010diukas. Cilindro korpusas ir srieginiai galiniai pavir\u0161iai yra kruop\u0161\u010diai apdorojami, siekiant pagerinti atsparum\u0105 dilimui.<\/p>\n<\/li>\n<li>\n<h3>Patvarumas<\/h3>\n<p>Svirtinis cilindras pagamintas i\u0161 auk\u0161tos kokyb\u0117s med\u017eiag\u0173 ir yra grie\u017etai i\u0161bandytas, siekiant u\u017etikrinti patvarum\u0105, leid\u017eiant\u012f jam atlaikyti sud\u0117tingas \u012fvairi\u0173 sri\u010di\u0173 s\u0105lygas.<\/p>\n<\/li>\n<li>\n<h3>Saugumas<\/h3>\n<p>\u012e svirties cilindro konstrukcij\u0105 \u012ftrauktos saugos funkcijos, siekiant i\u0161vengti nelaiming\u0173 atsitikim\u0173 ir u\u017etikrinti operatori\u0173 bei aplinkin\u0117s \u012frangos apsaug\u0105.<\/p>\n<\/li>\n<li>\n<h3>Prie\u017ei\u016bra<\/h3>\n<p>Svirties cilindro konstrukcija skirta prie\u017ei\u016bros ir remonto paprastumui, tod\u0117l j\u012f patogu reguliariai ap\u017ei\u016br\u0117ti ir sutrumpinti prastovas.<\/p>\n<\/li>\n<\/ul>\n<p><img decoding=\"async\" src=\"https:\/\/www.hydraulic-cylinders.net\/wp-content\/uploads\/2025\/01\/songte-cylinder-head-with-all-kinds-excavator-models.webp\" alt=\"Dizaino vaizdas\"><\/p>\n<h2>Sandarinimas ir tepimas<\/h2>\n<p>Svirtiniame cilindre naudojami \u012fvair\u016bs sandarinimo komponentai, tokie kaip st\u016bmokli\u0173 ir kot\u0173 sandarikliai, pagaminti i\u0161 atspari\u0173 dilimui med\u017eiag\u0173, toki\u0173 kaip poliuretanas ir nitrilo kau\u010diukas. Cilindro korpusas ir srieginiai galiniai pavir\u0161iai yra kruop\u0161\u010diai apdorojami, siekiant pagerinti atsparum\u0105 dilimui. Norint u\u017etikrinti skland\u0173 veikim\u0105 ir pailginti cilindro tarnavimo laik\u0105, b\u016btina reguliariai tepti tinkamu hidraulin\u0117s alyvos kiekiu.<\/p>\n<h2>Reguliarus patikrinimas ir prevencin\u0117 prie\u017ei\u016bra<\/h2>\n<ul>\n<li>\n<h3>Reguliarus patikrinimas<\/h3>\n<p>Reguliariai tikrinkite, ar n\u0117ra susid\u0117v\u0117jimo, nuot\u0117kio ar pa\u017eeidimo po\u017eymi\u0173. Tai apima sandarikli\u0173, cilindro korpuso ir sriegini\u0173 gal\u0173 pavir\u0161i\u0173 patikrinim\u0105.<\/p>\n<\/li>\n<li>\n<h3>Profilaktin\u0117 prie\u017ei\u016bra<\/h3>\n<p>\u012egyvendinkite prevencines prie\u017ei\u016bros priemones, tokias kaip susid\u0117v\u0117jusi\u0173 komponent\u0173 valymas, tepimas ir keitimas, kad i\u0161vengtum\u0117te galim\u0173 problem\u0173 ir u\u017etikrintum\u0117te optimal\u0173 svirties cilindro veikim\u0105 bei ilgaam\u017ei\u0161kum\u0105.<\/p>\n<\/li>\n<\/ul>\n<h2>Produkto diegimo vadovas<\/h2>\n<p>Nor\u0117dami tinkamai sumontuoti cilindro svirt\u012f, atlikite \u0161iuos veiksmus:<\/p>\n<ol>\n<li>\u012esitikinkite, kad mechanizmas yra i\u0161jungtas, o hidraulin\u0117je sistemoje n\u0117ra sl\u0117gio.<\/li>\n<li>Pad\u0117kite svirties cilindr\u0105 norimoje vietoje ir sulygiuokite tvirtinimo skyles.<\/li>\n<li>Tvirtai pritvirtinkite svirties cilindr\u0105 naudodami tinkamus var\u017etus ir priver\u017ekite juos iki nurodyto sukimo momento.<\/li>\n<li>Prijunkite hidraulines \u017earnas prie cilindr\u0173 ang\u0173, u\u017etikrindami tinkam\u0105 sandarum\u0105.<\/li>\n<li>Patikrinkite, ar n\u0117ra nuot\u0117ki\u0173, ir atlikite bandom\u0105j\u012f paleidim\u0105, kad \u012fsitikintum\u0117te, jog \u012frenginys tinkamai sumontuotas.<\/li>\n<\/ol>\n<p><img decoding=\"async\" src=\"https:\/\/www.hydraulic-cylinders.net\/wp-content\/uploads\/2025\/01\/songte-bushings-with-all-kinds-of-excavator-models.webp\" alt=\"Diegimo vaizdas\"><\/p>\n<h2>Saugos aspektai ir aplinkos veiksniai<\/h2>\n<p>Naudojant svirties cilindr\u0105, b\u016btina laikytis saugos priemoni\u0173, kad b\u016bt\u0173 u\u017etikrinta operatori\u0173 gerov\u0117 ir i\u0161vengta nelaiming\u0173 atsitikim\u0173. Saugos priemon\u0117s gali apimti tinkam\u0105 mokym\u0105, tinkam\u0173 apsaugini\u0173 priemoni\u0173 d\u0117v\u0117jim\u0105 ir eksploatavimo gairi\u0173 laikym\u0105si. Be to, atsi\u017evelgiant \u012f aplinkos veiksnius, tokius kaip tinkamo hidraulinio skys\u010dio lygio palaikymas ir atsakingas panaudot\u0173 skys\u010di\u0173 utilizavimas, galima suma\u017einti poveik\u012f aplinkai.<\/p>\n<h2>Trik\u010di\u0173 \u0161alinimas ir da\u017eniausiai pasitaikan\u010dios problemos<\/h2>\n<p>Kilus problemoms d\u0117l svirties cilindro, \u0161ie trik\u010di\u0173 \u0161alinimo patarimai ir sprendimai gali pad\u0117ti diagnozuoti ir i\u0161spr\u0119sti problemas:<\/p>\n<ul>\n<li>\n<h3>1 problema: Nuot\u0117kis<\/h3>\n<p>Galimos prie\u017eastys: pa\u017eeisti sandarikliai, atsilaisvinusios jungtys.<\/p>\n<p>Sprendimas: patikrinkite ir pakeiskite pa\u017eeistus sandariklius, \u012fsitikinkite, kad visos jungtys yra tvirtai priver\u017etos.<\/p>\n<\/li>\n<li>\n<h3>2 problema: l\u0117tas arba tr\u016bk\u010diojantis jud\u0117jimas<\/h3>\n<p>Galimos prie\u017eastys: Nepakankamas hidraulinio skys\u010dio kiekis, u\u017esikim\u0161usios hidraulin\u0117s linijos.<\/p>\n<p>Sprendimas: patikrinkite hidraulinio skys\u010dio lyg\u012f ir, jei reikia, papildykite, i\u0161valykite arba pakeiskite u\u017esikim\u0161usias hidraulines linijas.<\/p>\n<\/li>\n<li>\n<h3>3 problema: Nenormalus triuk\u0161mas<\/h3>\n<p>Galimos prie\u017eastys: atsilaisvinusios dalys, susid\u0117v\u0117j\u0119 guoliai.<\/p>\n<p>Sprendimas: priver\u017ekite atsilaisvinusius komponentus, patikrinkite ir pakeiskite susid\u0117v\u0117jusius guolius.<\/p>\n<\/li>\n<\/ul>\n<p>Vadovaudamiesi \u0161iais trik\u010di\u0173 \u0161alinimo patarimais ir sprendimais, skaitytojai gali efektyviai diagnozuoti ir i\u0161spr\u0119sti svirties cilindro problemas, taip pat imtis prevencini\u0173 priemoni\u0173, kad suma\u017eint\u0173 galimas problemas.<\/p>","protected":false},"excerpt":{"rendered":"<p>Arm Cylinder For Jonyang Small Excavator JY615ELB Arm Cylinder For Jonyang Small Excavator JY615ELB Introduction The Arm Cylinder for Jonyang Small Excavator JY615ELB is a specially designed hydraulic cylinder that provides linear motion and power to the arm of various types of machinery, such as excavators, cranes, and mechanical arms. The arm cylinder plays a [&hellip;]<\/p>","protected":false},"featured_media":14772,"comment_status":"open","ping_status":"closed","template":"","meta":{"_et_pb_use_builder":"","_et_pb_old_content":"","_et_gb_content_width":""},"product_brand":[],"product_cat":[1497],"product_tag":[1498,1496],"class_list":{"0":"post-16591","1":"product","2":"type-product","3":"status-publish","4":"has-post-thumbnail","6":"product_cat-arm-cylinders","7":"product_tag-arm-cylinders","8":"product_tag-hydraulic-cylinders","10":"first","11":"instock","12":"shipping-taxable","13":"product-type-simple"},"amp_enabled":true,"_links":{"self":[{"href":"https:\/\/www.hydraulic-cylinders.net\/lt\/wp-json\/wp\/v2\/product\/16591","targetHints":{"allow":["GET"]}}],"collection":[{"href":"https:\/\/www.hydraulic-cylinders.net\/lt\/wp-json\/wp\/v2\/product"}],"about":[{"href":"https:\/\/www.hydraulic-cylinders.net\/lt\/wp-json\/wp\/v2\/types\/product"}],"replies":[{"embeddable":true,"href":"https:\/\/www.hydraulic-cylinders.net\/lt\/wp-json\/wp\/v2\/comments?post=16591"}],"wp:featuredmedia":[{"embeddable":true,"href":"https:\/\/www.hydraulic-cylinders.net\/lt\/wp-json\/wp\/v2\/media\/14772"}],"wp:attachment":[{"href":"https:\/\/www.hydraulic-cylinders.net\/lt\/wp-json\/wp\/v2\/media?parent=16591"}],"wp:term":[{"taxonomy":"product_brand","embeddable":true,"href":"https:\/\/www.hydraulic-cylinders.net\/lt\/wp-json\/wp\/v2\/product_brand?post=16591"},{"taxonomy":"product_cat","embeddable":true,"href":"https:\/\/www.hydraulic-cylinders.net\/lt\/wp-json\/wp\/v2\/product_cat?post=16591"},{"taxonomy":"product_tag","embeddable":true,"href":"https:\/\/www.hydraulic-cylinders.net\/lt\/wp-json\/wp\/v2\/product_tag?post=16591"}],"curies":[{"name":"wp","href":"https:\/\/api.w.org\/{rel}","templated":true}]}}