{"id":16592,"date":"2025-01-21T05:36:30","date_gmt":"2025-01-21T05:36:30","guid":{"rendered":"https:\/\/www.hydraulic-cylinders.net\/product\/arm-cylinder-for-jonyang-small-excavator-jy615eld\/"},"modified":"2025-01-21T05:36:32","modified_gmt":"2025-01-21T05:36:32","slug":"arm-cylinder-for-jonyang-small-excavator-jy615eld","status":"publish","type":"product","link":"https:\/\/www.hydraulic-cylinders.net\/lt\/produktas\/arm-cylinder-for-jonyang-small-excavator-jy615eld\/","title":{"rendered":"Jonyang ma\u017eo ekskavatoriaus JY615ELD rankos cilindras"},"content":{"rendered":"<h2>\u012evadas<\/h2>\n<h3>Jonyang ma\u017eo ekskavatoriaus JY615ELD rankos cilindras<\/h3>\n<p>Svirties cilindras yra specialiai suprojektuotas hidraulinis cilindras, u\u017etikrinantis linijin\u012f jud\u0117jim\u0105 ir gali\u0105 \u012fvairi\u0173 tip\u0173 ma\u0161in\u0173, toki\u0173 kaip ekskavatoriai, kranai ir mechanin\u0117s svirtys, svirtims. Svirties cilindras atlieka labai svarb\u0173 vaidmen\u012f hidraulin\u0117je sistemoje, nes leid\u017eia priedams ar priedams efektyviai jud\u0117ti ir valdyti. \u0160ie cilindrai ne tik u\u017etikrina skland\u0173 jud\u0117jim\u0105, bet ir atlaiko dideles apkrovas, u\u017etikrindami efektyv\u0173 ma\u0161inos veikim\u0105 ir patikimum\u0105 \u012fvairiomis eksploatavimo s\u0105lygomis.<\/p>\n<p><img decoding=\"async\" src=\"https:\/\/www.hydraulic-cylinders.net\/wp-content\/uploads\/2025\/01\/songte-company-2.webp\" alt=\"Jonyang ma\u017eo ekskavatoriaus JY615ELD rankos cilindras\"><\/p>\n<h2>Produkto savyb\u0117s<\/h2>\n<ul>\n<li>\n<h3>Efektyvus energijos perdavimas<\/h3>\n<p>Svirties cilindras u\u017etikrina stipr\u0173 tiesin\u012f jud\u0117jim\u0105 ir j\u0117g\u0105, u\u017etikrindamas auk\u0161t\u0105 mechanin\u0117s svirties efektyvum\u0105 \u012fvairi\u0173 operacij\u0173 metu.<\/p>\n<\/li>\n<li>\n<h3>Tikslus valdymas<\/h3>\n<p>Hidraulin\u0117s sistemos d\u0117ka rankos cilindras gali tiksliai valdyti judes\u012f, tod\u0117l pried\u0173 valdymas tampa lankstesnis ir tikslesnis.<\/p>\n<\/li>\n<li>\n<h3>Stiprus patvarumas<\/h3>\n<p>Svirties cilindras paprastai pagamintas i\u0161 didelio stiprumo med\u017eiag\u0173 ir pasi\u017eymi geru atsparumu dilimui bei korozijai, tod\u0117l tinka ilgalaikiam naudojimui at\u0161iauriomis s\u0105lygomis.<\/p>\n<\/li>\n<li>\n<h3>Daugiafunkcinis prisitaikymas<\/h3>\n<p>\u0160ie cilindrai gali b\u016bti pla\u010diai naudojami \u012fvairiuose mechaniniuose \u012frenginiuose, tokiuose kaip ekskavatoriai, kranai ir mechanin\u0117s svirtys, kad b\u016bt\u0173 pritaikyti skirtingiems darbo reikalavimams.<\/p>\n<\/li>\n<li>\n<h3>Lengva prie\u017ei\u016bra<\/h3>\n<p>Projektuojant atsi\u017evelgiama \u012f lengv\u0105 prie\u017ei\u016br\u0105 ir keitim\u0105, tod\u0117l reguliari ap\u017ei\u016bra ir prie\u017ei\u016bra yra patogesni, o \u012frangos prastova sutrump\u0117ja.<\/p>\n<\/li>\n<\/ul>\n<p>M\u016bs\u0173 gaminys gali puikiai pakeisti \u0161iuos hidraulinius cilindrus. <\/p>\n<p><img decoding=\"async\" src=\"https:\/\/www.hydraulic-cylinders.net\/wp-content\/uploads\/2025\/01\/songte-oil-pipes-and-spare-parts.webp\" alt=\"Jonyang ma\u017eo ekskavatoriaus JY615ELD rankos cilindras\"><\/p>\n<h2>Parai\u0161ka<\/h2>\n<p>Svirtinis cilindras pla\u010diai naudojamas \u012fvairiose pramon\u0117s \u0161akose:<\/p>\n<ul>\n<li>\n<h3>Statybos in\u017einerija<\/h3>\n<p>Ekskavatoriuose ir kranuose svirties cilindras naudojamas kau\u0161o arba str\u0117l\u0117s jud\u0117jimui valdyti atliekant \u017eem\u0117s darbus, tvarkant med\u017eiagas ir montuojant konstrukcijas.<\/p>\n<\/li>\n<li>\n<h3>Gamyba<\/h3>\n<p>Automatizuotose gamybos linijose svirties cilindras naudojamas mechanin\u0117ms svirtims judinti, kad b\u016bt\u0173 atlikti surinkimo, suvirinimo ir tvarkymo procesai, taip pagerinant gamybos efektyvum\u0105 ir tikslum\u0105.<\/p>\n<\/li>\n<li>\n<h3>\u017dem\u0117s \u016bkio technika<\/h3>\n<p>\u017dem\u0117s \u016bkio technikose, tokiose kaip derliaus nu\u0117mimo ma\u0161inos ir sodinamosios, svirties cilindras valdo valdymo svirties judes\u012f, kad b\u016bt\u0173 galima atlikti tokias u\u017eduotis kaip s\u0117ja, tr\u0119\u0161imas ir derliaus nu\u0117mimas.<\/p>\n<\/li>\n<li>\n<h3>Kasyba<\/h3>\n<p>Kasybos \u012frangoje rankos cilindras naudojamas kasybos \u012frangos rankos jud\u0117jimui valdyti, siekiant atlikti r\u016bdos kasyb\u0105 ir transportavim\u0105.<\/p>\n<\/li>\n<li>\n<h3>Logistika ir transportas<\/h3>\n<p>\u0160akiniuose krautuvuose ir tvarkymo robotuose rankos cilindras naudojamas \u0161ak\u0117s k\u0117limui ir jud\u0117jimui valdyti, kad b\u016bt\u0173 galima tvarkyti ir sukrauti med\u017eiagas.<\/p>\n<\/li>\n<\/ul>\n<h2>Projektavimo aspektai ir atrankos standartai<\/h2>\n<ul>\n<li>\n<h3>Guoli\u0173 talpa<\/h3>\n<p>Svirties cilindras turi tur\u0117ti pakankam\u0105 laikom\u0105j\u0105 gali\u0105, kad b\u016bt\u0173 u\u017etikrintas normalus mechanin\u0117s svirties veikimas.<\/p>\n<\/li>\n<li>\n<h3>Sandarinimo efektyvumas<\/h3>\n<p>Svirties cilindre naudojami \u012fvair\u016bs sandarinimo komponentai, tokie kaip st\u016bmoklio ir strypo sandarikliai, pagaminti i\u0161 atspari\u0173 dilimui med\u017eiag\u0173, toki\u0173 kaip poliuretanas ir nitrilo kau\u010diukas, siekiant u\u017etikrinti puik\u0173 sandarum\u0105.<\/p>\n<\/li>\n<li>\n<h3>Patvarumas<\/h3>\n<p>Cilindro korpusas ir srieginis galinis pavir\u0161ius yra kruop\u0161\u010diai apdirbami, siekiant pagerinti atsparum\u0105 dilimui. Siekiant u\u017etikrinti ilgalaik\u012f svirties cilindro patvarum\u0105, naudojamos didelio stiprumo med\u017eiagos.<\/p>\n<\/li>\n<li>\n<h3>Sauga ir prie\u017ei\u016bra<\/h3>\n<p>Svirties cilindras suprojektuotas atsi\u017evelgiant \u012f saugos aspektus, tokius kaip apsaugini\u0173 vo\u017etuv\u0173 \u012frengimas, siekiant i\u0161vengti perkrovos. Konstrukcijoje taip pat atsi\u017evelgta \u012f lengv\u0105 technin\u0119 prie\u017ei\u016br\u0105 ir komponent\u0173 keitim\u0105.<\/p>\n<\/li>\n<\/ul>\n<p><img decoding=\"async\" src=\"https:\/\/www.hydraulic-cylinders.net\/wp-content\/uploads\/2025\/01\/songte-cylinder-head-with-all-kinds-excavator-models.webp\" alt=\"Jonyang ma\u017eo ekskavatoriaus JY615ELD rankos cilindras\"><\/p>\n<h2>Sandarinimas ir tepimas<\/h2>\n<p>Svirtiniame cilindre naudojami \u012fvair\u016bs sandarinimo komponentai, tokie kaip st\u016bmoklio sandarikliai, strypo sandarikliai ir dilimui atspar\u016bs \u017eiedai, pagaminti i\u0161 dilimui atspari\u0173 med\u017eiag\u0173, toki\u0173 kaip poliuretanas ir nitrilo kau\u010diukas, siekiant u\u017etikrinti puik\u0173 sandarum\u0105. Cilindro korpusas ir srieginis galinis pavir\u0161ius yra kruop\u0161\u010diai apdorojami, siekiant pagerinti atsparum\u0105 dilimui. Reguliariai pildant hidraulin\u0119 alyv\u0105, galima u\u017etikrinti svirtinio cilindro sutepim\u0105.<\/p>\n<p><img decoding=\"async\" src=\"https:\/\/www.hydraulic-cylinders.net\/wp-content\/uploads\/2025\/01\/songte-chushion-collar.webp\" alt=\"Jonyang ma\u017eo ekskavatoriaus JY615ELD rankos cilindras\"><\/p>\n<h2>Prie\u017ei\u016bra ir trik\u010di\u0173 \u0161alinimas<\/h2>\n<p>Reguliarus patikrinimas ir profilaktin\u0117 prie\u017ei\u016bra gali pad\u0117ti suma\u017einti galimas problemas ir pailginti svirties cilindro tarnavimo laik\u0105. Toliau pateikiamos kelios da\u017eniausios problemos ir trik\u010di\u0173 \u0161alinimo b\u016bdai:<\/p>\n<ul>\n<li>\n<h3>Nuot\u0117kis<\/h3>\n<p>Nuot\u0117kio prie\u017eastis gali b\u016bti sandarinimo komponent\u0173 pa\u017eeidimas. B\u016btina laiku pakeisti pa\u017eeistas dalis arba sureguliuoti cilindro galvut\u0117s ver\u017el\u0119, kad sandarinimo komponentai gerai liest\u0173si su cilindro korpusu.<\/p>\n<\/li>\n<li>\n<h3>Nenormalus triuk\u0161mas<\/h3>\n<p>Nenormalaus triuk\u0161mo prie\u017eastis gali b\u016bti nepakankamas tepimas arba st\u016bmoklio ar koto pa\u017eeidimas. B\u016btina laiku papildyti tepimo alyva arba pakeisti pa\u017eeistas dalis.<\/p>\n<\/li>\n<li>\n<h3>Prastas jud\u0117jimas<\/h3>\n<p>Prasto jud\u0117jimo prie\u017eastis gali b\u016bti nepakankamas sl\u0117gis arba hidraulin\u0117s sistemos pa\u017eeidimas. Norint u\u017etikrinti normal\u0173 veikim\u0105, b\u016btina laiku sureguliuoti sl\u0117g\u012f arba suremontuoti hidraulin\u0119 sistem\u0105.<\/p>\n<\/li>\n<\/ul>\n<p>Prevencin\u0117s priemon\u0117s apima reguliari\u0105 ap\u017ei\u016br\u0105 ir technin\u0119 prie\u017ei\u016br\u0105, savalaik\u012f pa\u017eeist\u0173 dali\u0173 keitim\u0105 ir tinkam\u0105 naudojim\u0105 bei saugojim\u0105.<\/p>\n<h2>Diegimo vadovas<\/h2>\n<p>Prie\u0161 montuodami patikrinkite montavimo matmenis ir pasirinkite tinkam\u0105 montavimo b\u016bd\u0105. Montuodami \u012fsitikinkite, kad svirties cilindras yra tinkamai sumontuotas ir sandarinimo komponentai gerai lie\u010diasi su cilindro korpusu. Po montavimo atlikite sl\u0117gio bandym\u0105, kad patikrintum\u0117te, ar n\u0117ra nuot\u0117ki\u0173 ar kit\u0173 problem\u0173. I\u0161samesnes montavimo instrukcijas rasite montavimo vadove.<\/p>\n<p><img decoding=\"async\" src=\"https:\/\/www.hydraulic-cylinders.net\/wp-content\/uploads\/2025\/01\/songte-bushings-with-all-kinds-of-excavator-models.webp\" alt=\"Jonyang ma\u017eo ekskavatoriaus JY615ELD rankos cilindras\"><\/p>\n<h2>Apie mus<\/h2>\n<p>We are a professional alternative hydraulic cylinder manufacturer with a wide range of products and have become one of the leading hydraulic cylinder manufacturers and wholesale distributors in the domestic and international markets. We always adhere to the principle of excellence in quality, rely on the industrial production management strategy of fine manufacturing workshops, and continuously improve our technical level and production efficiency. By introducing high-end digital manufacturing equipment and professional testing systems, we continuously optimize the manufacturing platform, improve the product quality control process, and have strong innovation capabilities. Our goal is to meet customer&#8217;s diverse needs with high efficiency, precision, and high-quality principles.<\/p>\n<p><img decoding=\"async\" src=\"https:\/\/www.hydraulic-cylinders.net\/wp-content\/uploads\/2025\/01\/songte-company-4.webp\" alt=\"Apie mus\"><\/p>\n<h3>M\u016bs\u0173 privalumai<\/h3>\n<ul>\n<li>\n<p>Profesionalumas: Turime profesionali\u0105 komand\u0105 ir pa\u017eangi\u0105 gamybos \u012frang\u0105, kad klientams gal\u0117tume pasi\u016blyti auk\u0161tos kokyb\u0117s hidraulinius cilindrus.<\/p>\n<\/li>\n<li>\n<p>Tarptautinis sertifikatas: M\u016bs\u0173 gaminiai yra sertifikuoti pagal ISO9001: 2015 kokyb\u0117s vadybos sistem\u0105 ir turi CE sertifikat\u0105, u\u017etikrinant\u012f gamini\u0173 kokyb\u0119 ir saug\u0105.<\/p>\n<\/li>\n<li>\n<p>Pritaikymo paslauga: galime pritaikyti hidraulinius cilindrus pagal klient\u0173 reikalavimus, kad patenkintume skirtingus pritaikymo poreikius.<\/p>\n<\/li>\n<li>\n<p>Gamybos \u012franga: Turime pa\u017eangi\u0105 gamybos \u012frang\u0105, \u012fskaitant CNC apdirbimo centrus, CNC tekinimo stakles ir kit\u0105 tiksliojo apdorojimo \u012frang\u0105, kad u\u017etikrintume gamini\u0173 kokyb\u0119 ir gamybos efektyvum\u0105.<\/p>\n<\/li>\n<li>\n<p>Aptarnavimas po pardavimo: M\u016bs\u0173 profesionali aptarnavimo po pardavimo komanda teikia klientams savalaik\u012f ir efektyv\u0173 aptarnavim\u0105 po pardavimo, u\u017etikrindama klient\u0173 pasitenkinim\u0105.<\/p>\n<\/li>\n<\/ul>\n<p><img decoding=\"async\" src=\"https:\/\/www.hydraulic-cylinders.net\/wp-content\/uploads\/2025\/01\/songte-company-3.webp\" alt=\"Apie mus\"><\/p>\n<p>Autorius: lyl<\/p>","protected":false},"excerpt":{"rendered":"<p>Introduction Arm Cylinder for Jonyang Small Excavator JY615ELD The arm cylinder is a specially designed hydraulic cylinder that provides linear movement and power to the arms of various types of machinery, such as excavators, cranes, and mechanical arms. The arm cylinder plays a critical role in the hydraulic system, enabling attachments or accessories to move [&hellip;]<\/p>","protected":false},"featured_media":14770,"comment_status":"open","ping_status":"closed","template":"","meta":{"_et_pb_use_builder":"","_et_pb_old_content":"","_et_gb_content_width":""},"product_brand":[],"product_cat":[1497],"product_tag":[1498,1496],"class_list":{"0":"post-16592","1":"product","2":"type-product","3":"status-publish","4":"has-post-thumbnail","6":"product_cat-arm-cylinders","7":"product_tag-arm-cylinders","8":"product_tag-hydraulic-cylinders","10":"first","11":"instock","12":"shipping-taxable","13":"product-type-simple"},"amp_enabled":true,"_links":{"self":[{"href":"https:\/\/www.hydraulic-cylinders.net\/lt\/wp-json\/wp\/v2\/product\/16592","targetHints":{"allow":["GET"]}}],"collection":[{"href":"https:\/\/www.hydraulic-cylinders.net\/lt\/wp-json\/wp\/v2\/product"}],"about":[{"href":"https:\/\/www.hydraulic-cylinders.net\/lt\/wp-json\/wp\/v2\/types\/product"}],"replies":[{"embeddable":true,"href":"https:\/\/www.hydraulic-cylinders.net\/lt\/wp-json\/wp\/v2\/comments?post=16592"}],"wp:featuredmedia":[{"embeddable":true,"href":"https:\/\/www.hydraulic-cylinders.net\/lt\/wp-json\/wp\/v2\/media\/14770"}],"wp:attachment":[{"href":"https:\/\/www.hydraulic-cylinders.net\/lt\/wp-json\/wp\/v2\/media?parent=16592"}],"wp:term":[{"taxonomy":"product_brand","embeddable":true,"href":"https:\/\/www.hydraulic-cylinders.net\/lt\/wp-json\/wp\/v2\/product_brand?post=16592"},{"taxonomy":"product_cat","embeddable":true,"href":"https:\/\/www.hydraulic-cylinders.net\/lt\/wp-json\/wp\/v2\/product_cat?post=16592"},{"taxonomy":"product_tag","embeddable":true,"href":"https:\/\/www.hydraulic-cylinders.net\/lt\/wp-json\/wp\/v2\/product_tag?post=16592"}],"curies":[{"name":"wp","href":"https:\/\/api.w.org\/{rel}","templated":true}]}}