{"id":16594,"date":"2025-01-21T05:36:37","date_gmt":"2025-01-21T05:36:37","guid":{"rendered":"https:\/\/www.hydraulic-cylinders.net\/product\/arm-cylinder-for-jcm-small-excavator-906d\/"},"modified":"2025-01-21T05:36:39","modified_gmt":"2025-01-21T05:36:39","slug":"arm-cylinder-for-jcm-small-excavator-906d","status":"publish","type":"product","link":"https:\/\/www.hydraulic-cylinders.net\/lt\/produktas\/arm-cylinder-for-jcm-small-excavator-906d\/","title":{"rendered":"JCM ma\u017eo ekskavatoriaus 906D rankos cilindras"},"content":{"rendered":"<h1>JCM ma\u017eo ekskavatoriaus 906D rankos cilindras<\/h1>\n<h2>\u012evadas<\/h2>\n<p>Svirties cilindras yra specialiai suprojektuotas hidraulinis cilindras, u\u017etikrinantis tiesin\u012f jud\u0117jim\u0105 ir gali\u0105 \u012fvairi\u0173 ma\u0161in\u0173, toki\u0173 kaip ekskavatoriai, kranai ir mechanin\u0117s svirtys, svirtims. Jis atlieka labai svarb\u0173 vaidmen\u012f hidraulin\u0117se sistemose, nes leid\u017eia efektyviai jud\u0117ti ir valdyti papildomus \u012frankius ar priedus. \u0160ie cilindrai ne tik u\u017etikrina skland\u0173 jud\u0117jim\u0105, bet ir atlaiko dideles apkrovas, u\u017etikrindami efektyv\u0173 ma\u0161in\u0173 veikim\u0105 ir patikimum\u0105 \u012fvairiomis darbo s\u0105lygomis.<\/p>\n<p><img decoding=\"async\" src=\"https:\/\/www.hydraulic-cylinders.net\/wp-content\/uploads\/2025\/01\/songte-company-2.webp\" alt=\"Svirties cilindro vaizdas\"><\/p>\n<h2>Savyb\u0117s<\/h2>\n<ul>\n<li>Didelio efektyvumo transmisija: Svirties cilindras u\u017etikrina galing\u0105 tiesin\u012f judes\u012f ir j\u0117g\u0105, u\u017etikrindamas auk\u0161t\u0105 mechanin\u0117s svirties na\u0161um\u0105 atliekant \u012fvairias operacijas.<\/li>\n<li>Tikslus valdymas: Hidraulin\u0117s sistemos d\u0117ka rankos cilindras leid\u017eia tiksliai valdyti judes\u012f, tod\u0117l papildom\u0173 \u012franki\u0173 valdymas tampa lankstesnis ir tikslesnis.<\/li>\n<li>Patvarumas: Svirtiniai cilindrai paprastai gaminami i\u0161 didelio stiprumo med\u017eiag\u0173, pasi\u017eymin\u010di\u0173 puikiu atsparumu dilimui ir korozijai, tod\u0117l tinkami ilgalaikiam naudojimui at\u0161iauriomis s\u0105lygomis.<\/li>\n<li>Daugiafunkcis pritaikomumas: \u0160ie cilindrai gali b\u016bti pla\u010diai naudojami \u012fvairiose ma\u0161inose, tokiose kaip ekskavatoriai, kranai ir mechanin\u0117s svirtys, prisitaikant prie skirting\u0173 darbo reikalavim\u0173.<\/li>\n<li>Lengva prie\u017ei\u016bra: Sukurta atsi\u017evelgiant \u012f paprast\u0105 prie\u017ei\u016br\u0105 ir keitim\u0105, reguliari ap\u017ei\u016bra ir technin\u0117 prie\u017ei\u016bra tampa patogi, tod\u0117l sutrump\u0117ja \u012frangos prastovos.<\/li>\n<\/ul>\n<p><img decoding=\"async\" src=\"https:\/\/www.hydraulic-cylinders.net\/wp-content\/uploads\/2025\/01\/songte-oil-pipes-and-spare-parts.webp\" alt=\"Produkto pakeitimo paveiksl\u0117lis\"><\/p>\n<h2>Parai\u0161kos<\/h2>\n<p>Svirtinis cilindras naudojamas \u012fvairiose pramon\u0117s \u0161akose:<\/p>\n<ul>\n<li>Statybos in\u017einerija: Ekskavatoriuose ir kranuose svirties cilindras valdo kau\u0161\u0173 arba str\u0117li\u0173 jud\u0117jim\u0105 atliekant \u017eem\u0117s darbus, med\u017eiag\u0173 tvarkym\u0105 ir konstrukcij\u0173 montavim\u0105.<\/li>\n<li>Gamybos pramon\u0117: Automatizuotose gamybos linijose svirties cilindras naudojamas mechanin\u0117ms svirtims judinti tokiuose procesuose kaip surinkimas, suvirinimas ir tvarkymas, taip pagerinant gamybos efektyvum\u0105 ir tikslum\u0105.<\/li>\n<li>\u017dem\u0117s \u016bkio technika: \u017dem\u0117s \u016bkio \u012frangoje, tokioje kaip derliaus nu\u0117mimo ma\u0161inos ir s\u0117jamosios, svirties cilindras valdo darbini\u0173 svir\u010di\u0173 jud\u0117jim\u0105, atlikdamas tokias u\u017eduotis kaip s\u0117ja, tr\u0119\u0161imas ir derliaus nu\u0117mimas.<\/li>\n<li>Kasyba: Kasybos \u012frangoje svirties cilindras naudojamas kasybos ma\u0161in\u0173 svirties jud\u0117jimui valdyti, palengvinant r\u016bdos gavyb\u0105 ir transportavim\u0105.<\/li>\n<li>Logistika ir transportavimas: \u0160akiniuose krautuvuose ir krovini\u0173 krovimo robotuose svirties cilindras valdo \u0161aki\u0173 k\u0117lim\u0105 ir jud\u0117jim\u0105, taip \u012fgalindamas med\u017eiag\u0173 tvarkym\u0105 ir krovim\u0105.<\/li>\n<\/ul>\n<h2>Projektavimo aspektai ir atrankos kriterijai<\/h2>\n<ul>\n<li>Apkrovos paj\u0117gumas: Aptarkite svirties cilindro geb\u0117jim\u0105 atlaikyti skirtingas apkrovas ir tinkamos apkrovos parinkimo svarb\u0105 konkre\u010dioms reikm\u0117ms.<\/li>\n<li>Sandarinimas: I\u0161nagrin\u0117kite \u012fvairi\u0173 sandarinimo komponent\u0173, toki\u0173 kaip st\u016bmokli\u0173 ir kot\u0173 sandarikliai, pagamint\u0173 i\u0161 atspari\u0173 dilimui med\u017eiag\u0173, toki\u0173 kaip poliuretanas ir nitrilo kau\u010diukas, naudojim\u0105 ir pabr\u0117\u017ekite veiksmingo sandarinimo poreik\u012f, siekiant i\u0161vengti nuot\u0117kio ir u\u017etikrinti cilindro veikim\u0105.<\/li>\n<li>Patvarumas: pabr\u0117\u017eiama, kaip svarbu naudoti didelio stiprumo med\u017eiagas ir tiksliai apdoroti cilindro korpus\u0105 bei srieginius galus, siekiant padidinti atsparum\u0105 dilimui ir pailginti tarnavimo laik\u0105.<\/li>\n<li>Sauga: aptarkite saugos aspektus projektavimo ir gamybos metu, kad i\u0161vengtum\u0117te nelaiming\u0173 atsitikim\u0173 ir u\u017etikrintum\u0117te operatoriaus apsaug\u0105.<\/li>\n<li>Prie\u017ei\u016bra: paai\u0161kinkite, kaip svirties cilindro konstrukcija palengvina technin\u0119 prie\u017ei\u016br\u0105 ir keitim\u0105, suma\u017eina prastovas ir pagerina reguliari\u0173 patikrinim\u0173 bei remonto efektyvum\u0105.<\/li>\n<\/ul>\n<p><img decoding=\"async\" src=\"https:\/\/www.hydraulic-cylinders.net\/wp-content\/uploads\/2025\/01\/songte-cylinder-head-with-all-kinds-excavator-models.webp\" alt=\"Cilindro galvut\u0117s vaizdas\"><\/p>\n<h2>Sandarinimas ir tepimas<\/h2>\n<p>Svirtiniame cilindre naudojami \u012fvair\u016bs sandarikliai, pavyzd\u017eiui, st\u016bmokli\u0173 ir kot\u0173 sandarikliai, pagaminti i\u0161 atspari\u0173 dilimui med\u017eiag\u0173, toki\u0173 kaip poliuretanas ir nitrilo kau\u010diukas. Cilindro korpusas ir srieginiai galai yra kruop\u0161\u010diai apdorojami, siekiant padidinti atsparum\u0105 dilimui. Norint u\u017etikrinti skland\u0173 veikim\u0105 ir suma\u017einti trint\u012f, b\u016btina reguliariai tepti tinkamu hidraulin\u0117s alyvos kiekiu.<\/p>\n<h2>Reguliarus patikrinimas ir prevencin\u0117 prie\u017ei\u016bra<\/h2>\n<ul>\n<li>Reguliariai tikrinkite svirties cilindr\u0105, ar n\u0117ra susid\u0117v\u0117jimo, pa\u017eeidim\u0173 ar nuot\u0117kio po\u017eymi\u0173.<\/li>\n<li>Patikrinkite vis\u0173 jung\u010di\u0173 ir jungiam\u0173j\u0173 detali\u0173 sandarum\u0105.<\/li>\n<li>Steb\u0117kite hidraulinio skys\u010dio lyg\u012f ir kokyb\u0119.<\/li>\n<li>Laikykit\u0117s gamintojo nurodym\u0173 d\u0117l planin\u0117s prie\u017ei\u016bros ir komponent\u0173 keitimo.<\/li>\n<li>Saugokite technin\u0117s prie\u017ei\u016bros darb\u0173 ir pasteb\u0117jim\u0173 \u012fra\u0161us, kad gal\u0117tum\u0117te juos per\u017ei\u016br\u0117ti ateityje.<\/li>\n<\/ul>\n<h2>Produkto diegimo vadovas<\/h2>\n<p>Tinkamas svirties cilindro montavimas yra labai svarbus optimaliam veikimui ir saugumui. Laikykit\u0117s \u0161i\u0173 nurodym\u0173:<\/p>\n<ul>\n<li>\u012esitikinkite, kad visos jungtys ir detal\u0117s yra \u0161varios ir be joki\u0173 \u0161iuk\u0161li\u0173.<\/li>\n<li>Cilindrui pritvirtinti naudokite tinkamus \u012frankius ir metodus.<\/li>\n<li>Priver\u017ekite visus tvirtinimo elementus nurodytu sukimo momentu.<\/li>\n<li>Prie\u0161 baigdami montavim\u0105, patikrinkite, ar tinkamai suderinta.<\/li>\n<li>Prie\u0161 naudodami mechanizm\u0105, patikrinkite cilindro veikim\u0105.<\/li>\n<\/ul>\n<p><img decoding=\"async\" src=\"https:\/\/www.hydraulic-cylinders.net\/wp-content\/uploads\/2025\/01\/songte-bushings-with-all-kinds-of-excavator-models.webp\" alt=\"\u012evori\u0173 vaizdas\"><\/p>\n<h2>Saugos aspektai ir aplinkos veiksniai<\/h2>\n<p>Naudojant svirtin\u012f cilindr\u0105, labai svarbu teikti pirmenyb\u0119 saugos priemon\u0117ms, siekiant i\u0161vengti nelaiming\u0173 atsitikim\u0173 ir apsaugoti personal\u0105. Atsi\u017evelkite \u012f tokius veiksnius kaip tinkamas mokymas, \u012frangos apsauga ir saugos taisykli\u0173 laikymasis, kad b\u016bt\u0173 u\u017etikrinta saugi darbo aplinka.<\/p>\n<h2>Trik\u010di\u0173 \u0161alinimas ir da\u017eniausiai pasitaikan\u010dios problemos<\/h2>\n<p>Kilus problem\u0173 su svirties cilindru, vadovaukit\u0117s \u0161iomis gair\u0117mis:<\/p>\n<ul>\n<li>Nustatykite problem\u0105 remdamiesi simptomais ir pasteb\u0117jimais.<\/li>\n<li>\u017dr. gamintojo trik\u010di\u0173 \u0161alinimo vadov\u0105 arba dokumentacij\u0105.<\/li>\n<li>Atlikite rekomenduojamus veiksmus, kad diagnozuotum\u0117te ir i\u0161spr\u0119stum\u0117te problem\u0105.<\/li>\n<li>Pateikite patarim\u0173 ir sprendim\u0173 da\u017eniausiai pasitaikan\u010dioms problemoms spr\u0119sti ir pasi\u016blykite prevencini\u0173 priemoni\u0173, kad suma\u017eintum\u0117te galimas problemas.<\/li>\n<\/ul>\n<p><img decoding=\"async\" src=\"https:\/\/www.hydraulic-cylinders.net\/wp-content\/uploads\/2025\/01\/songte-chushion-collar.webp\" alt=\"Chushion apykakl\u0117s vaizdas\"><\/p>\n<p>Nepamir\u0161kite straipsn\u012f strukt\u016brizuoti logi\u0161kai, naudodami paantra\u0161tes, kad b\u016bt\u0173 lengviau nar\u0161yti. \u012etraukite atitinkamus vaizdus ar diagramas, kad b\u016bt\u0173 lengviau suprasti. \u012esitikinkite, kad turinys yra ai\u0161kus, glaustas ir tinkamas skaitytojams, turintiems skirting\u0105 technini\u0173 \u017eini\u0173 lyg\u012f.<\/p>\n<h2>Apie mus<\/h2>\n<p>Esame profesionalus pakaitini\u0173 hidraulini\u0173 cilindr\u0173 gamintojas, si\u016blantis plat\u0173 gamini\u0173 asortiment\u0105. Tapome vienu i\u0161 pirmaujan\u010di\u0173 hidraulini\u0173 cilindr\u0173 gamintoj\u0173 ir didmenini\u0173 platintoj\u0173 vidaus ir tarptautin\u0117se rinkose. M\u016bs\u0173 \u012fsipareigojimas siekti meistri\u0161kumo ir pramonin\u0117s gamybos valdymo strategijos moderniausioje gamybos \u012fmon\u0117je leid\u017eia mums nuolat tobulinti techninius paj\u0117gumus ir gamybos efektyvum\u0105. \u012ediegdami auk\u0161\u010diausios klas\u0117s skaitmenin\u0119 gamybos \u012frang\u0105 ir profesionalias bandym\u0173 sistemas, optimizuojame savo gamybos platform\u0105 ir tobuliname gamini\u0173 kokyb\u0117s kontrol\u0117s procesus. Siekiame patenkinti \u012fvairius klient\u0173 poreikius, vadovaudamiesi efektyvumo, tikslumo ir auk\u0161tos kokyb\u0117s principais.<\/p>\n<p><img decoding=\"async\" src=\"https:\/\/www.hydraulic-cylinders.net\/wp-content\/uploads\/2025\/01\/songte-company-4.webp\" alt=\"\u012emon\u0117s \u012fvaizdis\"><br \/>\n<img decoding=\"async\" src=\"https:\/\/www.hydraulic-cylinders.net\/wp-content\/uploads\/2025\/01\/songte-company-3.webp\" alt=\"\u012emon\u0117s \u012fvaizdis\"><\/p>\n<p>M\u016bs\u0173 \u012fmon\u0117 \u017einoma d\u0117l:<\/p>\n<ul>\n<li>Profesionalumas ir patirtis hidraulini\u0173 cilindr\u0173 gamyboje.<\/li>\n<li>Tarptautiniai sertifikatai, u\u017etikrinantys gamini\u0173 kokyb\u0119 ir standartus.<\/li>\n<li>Individualaus pritaikymo paslaugos, pritaikytos konkretiems klient\u0173 reikalavimams.<\/li>\n<li>Pa\u017eangi gamybos \u012franga ir technologijos.<\/li>\n<li>I\u0161samus aptarnavimas po pardavimo ir palaikymas.<\/li>\n<\/ul>\n<p>Autorius: lyl<\/p>","protected":false},"excerpt":{"rendered":"<p>Arm Cylinder For JCM Small Excavator 906D Introduction The arm cylinder is a specially designed hydraulic cylinder that provides linear motion and power to the arms of various machinery, such as excavators, cranes, and mechanical arms. It plays a crucial role in hydraulic systems, allowing for efficient movement and control of additional tools or attachments. [&hellip;]<\/p>","protected":false},"featured_media":14763,"comment_status":"open","ping_status":"closed","template":"","meta":{"_et_pb_use_builder":"","_et_pb_old_content":"","_et_gb_content_width":""},"product_brand":[],"product_cat":[1497],"product_tag":[1498,1496],"class_list":{"0":"post-16594","1":"product","2":"type-product","3":"status-publish","4":"has-post-thumbnail","6":"product_cat-arm-cylinders","7":"product_tag-arm-cylinders","8":"product_tag-hydraulic-cylinders","10":"first","11":"instock","12":"shipping-taxable","13":"product-type-simple"},"amp_enabled":true,"_links":{"self":[{"href":"https:\/\/www.hydraulic-cylinders.net\/lt\/wp-json\/wp\/v2\/product\/16594","targetHints":{"allow":["GET"]}}],"collection":[{"href":"https:\/\/www.hydraulic-cylinders.net\/lt\/wp-json\/wp\/v2\/product"}],"about":[{"href":"https:\/\/www.hydraulic-cylinders.net\/lt\/wp-json\/wp\/v2\/types\/product"}],"replies":[{"embeddable":true,"href":"https:\/\/www.hydraulic-cylinders.net\/lt\/wp-json\/wp\/v2\/comments?post=16594"}],"wp:featuredmedia":[{"embeddable":true,"href":"https:\/\/www.hydraulic-cylinders.net\/lt\/wp-json\/wp\/v2\/media\/14763"}],"wp:attachment":[{"href":"https:\/\/www.hydraulic-cylinders.net\/lt\/wp-json\/wp\/v2\/media?parent=16594"}],"wp:term":[{"taxonomy":"product_brand","embeddable":true,"href":"https:\/\/www.hydraulic-cylinders.net\/lt\/wp-json\/wp\/v2\/product_brand?post=16594"},{"taxonomy":"product_cat","embeddable":true,"href":"https:\/\/www.hydraulic-cylinders.net\/lt\/wp-json\/wp\/v2\/product_cat?post=16594"},{"taxonomy":"product_tag","embeddable":true,"href":"https:\/\/www.hydraulic-cylinders.net\/lt\/wp-json\/wp\/v2\/product_tag?post=16594"}],"curies":[{"name":"wp","href":"https:\/\/api.w.org\/{rel}","templated":true}]}}