{"id":16597,"date":"2025-01-21T05:36:49","date_gmt":"2025-01-21T05:36:49","guid":{"rendered":"https:\/\/www.hydraulic-cylinders.net\/product\/arm-cylinder-for-jcm-small-excavator-907d\/"},"modified":"2025-01-21T05:36:51","modified_gmt":"2025-01-21T05:36:51","slug":"arm-cylinder-for-jcm-small-excavator-907d","status":"publish","type":"product","link":"https:\/\/www.hydraulic-cylinders.net\/lt\/produktas\/arm-cylinder-for-jcm-small-excavator-907d\/","title":{"rendered":"JCM ma\u017eo ekskavatoriaus 907D rankos cilindras"},"content":{"rendered":"<h1>JCM ma\u017eo ekskavatoriaus 907D rankos cilindras<\/h1>\n<h2>\u012evadas<\/h2>\n<h3>Apibr\u0117\u017eimas<\/h3>\n<p>Svirties cilindras yra specialiai suprojektuotas hidraulinis cilindras, u\u017etikrinantis tiesin\u012f judes\u012f ir gali\u0105 \u012fvairi\u0173 tip\u0173 ma\u0161in\u0173, toki\u0173 kaip ekskavatoriai, kranai ir mechanin\u0117s svirtys, svirtims. Svirties cilindras atlieka labai svarb\u0173 vaidmen\u012f hidraulin\u0117se sistemose, nes leid\u017eia priedams ar priedams jud\u0117ti ir b\u016bti efektyviai valdomiems. \u0160ie cilindrai ne tik u\u017etikrina skland\u0173 jud\u0117jim\u0105, bet ir atlaiko dideles apkrovas, u\u017etikrindami efektyv\u0173 ma\u0161in\u0173 veikim\u0105 ir patikimum\u0105 \u012fvairiomis darbo s\u0105lygomis.<\/p>\n<p><img decoding=\"async\" src=\"https:\/\/www.hydraulic-cylinders.net\/wp-content\/uploads\/2025\/01\/songte-company-2.webp\"\/><\/p>\n<h2>Savyb\u0117s<\/h2>\n<p>Svirtiniai cilindrai turi kelet\u0105 savybi\u0173, kurios u\u017etikrina j\u0173 efektyvum\u0105 ir patikimum\u0105 \u012fvairiose srityse. Kai kurios i\u0161 \u0161i\u0173 savybi\u0173:<\/p>\n<ul>\n<li><strong>Didelio efektyvumo transmisija:<\/strong> Svirtini\u0173 cilindr\u0173 konstrukcija u\u017etikrina galing\u0105 tiesin\u012f judes\u012f ir j\u0117g\u0105, u\u017etikrindama auk\u0161t\u0105 ma\u0161in\u0173 svirtini\u0173 cilindr\u0173 na\u0161um\u0105 \u012fvairi\u0173 operacij\u0173 metu.<\/li>\n<li><strong>Tikslus valdymas:<\/strong> D\u0117l hidraulini\u0173 sistem\u0173 svirties cilindrai gali tiksliai valdyti judes\u012f, tod\u0117l pried\u0173 valdymas tampa lankstesnis ir tikslesnis.<\/li>\n<li><strong>Patvarumas:<\/strong> Svirtiniai cilindrai paprastai gaminami i\u0161 didelio stiprumo med\u017eiag\u0173, kurios pasi\u017eymi geru atsparumu dilimui ir korozijai, tod\u0117l tinka ilgalaikiam naudojimui at\u0161iauriomis s\u0105lygomis.<\/li>\n<li><strong>Daugiafunkcinis prisitaikymas:<\/strong> \u0160ie cilindrai gali b\u016bti pla\u010diai naudojami \u012fvairi\u0173 tip\u0173 ma\u0161inose, tokiose kaip ekskavatoriai, kranai ir mechanin\u0117s svirtys, pritaikant juos prie skirting\u0173 darbo reikalavim\u0173.<\/li>\n<li><strong>Lengva prie\u017ei\u016bra:<\/strong> Projektuojant atsi\u017evelgiama \u012f paprast\u0105 prie\u017ei\u016br\u0105 ir keitim\u0105, tod\u0117l reguliari ap\u017ei\u016bra ir prie\u017ei\u016bra yra patogesni, o \u012frangos prastovos laikas sutrump\u0117ja.<\/li>\n<\/ul>\n<p><img decoding=\"async\" src=\"https:\/\/www.hydraulic-cylinders.net\/wp-content\/uploads\/2025\/01\/songte-oil-pipes-and-spare-parts.webp\"\/><\/p>\n<h2>Parai\u0161kos<\/h2>\n<p>Svirtiniai cilindrai yra pla\u010diai naudojami \u012fvairiose pramon\u0117s \u0161akose ir srityse, \u012fskaitant:<\/p>\n<ul>\n<li><strong>Konstrukcija:<\/strong> Ekskavatoriuose ir kranuose str\u0117li\u0173 cilindrai naudojami kau\u0161\u0173 arba str\u0117li\u0173 jud\u0117jimui valdyti atliekant \u017eem\u0117s darbus, med\u017eiag\u0173 tvarkym\u0105 ir konstrukcij\u0173 montavim\u0105.<\/li>\n<li><strong>Gamyba:<\/strong> Automatizuotose gamybos linijose ranken\u0173 cilindrai naudojami mechanin\u0117ms rankenoms judinti surinkimo, suvirinimo ir tvarkymo proces\u0173 metu, taip pagerinant gamybos efektyvum\u0105 ir tikslum\u0105.<\/li>\n<li><strong>\u017dem\u0117s \u016bkio technika:<\/strong> \u017dem\u0117s \u016bkio technikose, tokiose kaip derliaus nu\u0117mimo ma\u0161inos ir s\u0117jamosios, svir\u010di\u0173 cilindrai valdo darbini\u0173 svir\u010di\u0173 jud\u0117jim\u0105, atlikdami tokias u\u017eduotis kaip s\u0117ja, tr\u0119\u0161imas ir derliaus nu\u0117mimas.<\/li>\n<li><strong>Kasyba:<\/strong> Kasybos \u012frangoje svirties cilindrai naudojami kasybos \u012frangos svir\u010di\u0173 jud\u0117jimui valdyti r\u016bdos gavybai ir transportavimui.<\/li>\n<li><strong>Logistika ir transportas:<\/strong> \u0160akiniuose krautuvuose ir krovini\u0173 krovimo robotuose svir\u010di\u0173 cilindrai naudojami \u0161aki\u0173 k\u0117limui ir jud\u0117jimui valdyti, taip u\u017etikrinant med\u017eiag\u0173 tvarkym\u0105 ir krovim\u0105.<\/li>\n<\/ul>\n<h2>Projektavimo aspektai ir atrankos standartai<\/h2>\n<p>Svirtini\u0173 cilindr\u0173 projektavimui ir parinkimui taikomi keli kriterijai, u\u017etikrinantys j\u0173 veikim\u0105 ir patikimum\u0105 \u012fvairiose srityse. Kai kurie i\u0161 \u0161i\u0173 kriterij\u0173 ir standart\u0173 yra \u0161ie:<\/p>\n<ul>\n<li><strong>Keliamoji galia:<\/strong> Svirtiniai cilindrai turi atlaikyti pried\u0173 ir pried\u0173 svor\u012f bei apkrov\u0105, kad veikt\u0173 efektyviai.<\/li>\n<li><strong>Sandarinimas:<\/strong> Svirtiniuose cilindruose naudojami \u012fvair\u016bs sandarinimo komponentai, tokie kaip st\u016bmokli\u0173 ir kot\u0173 sandarikliai, pagaminti i\u0161 atspari\u0173 dilimui med\u017eiag\u0173, toki\u0173 kaip poliuretanas ir nitrilo kau\u010diukas, siekiant u\u017etikrinti j\u0173 sandarum\u0105 ir ilgaam\u017ei\u0161kum\u0105.<\/li>\n<li><strong>Patvarumas:<\/strong> Svirtiniai cilindrai turi b\u016bti pagaminti i\u0161 didelio stiprumo med\u017eiag\u0173, kurios pasi\u017eymi geru atsparumu dilimui ir korozijai, kad b\u016bt\u0173 u\u017etikrintas j\u0173 ilgaam\u017ei\u0161kumas at\u0161iauriomis s\u0105lygomis.<\/li>\n<li><strong>Saugumas:<\/strong> Svirtiniai cilindrai turi atitikti saugos standartus ir tur\u0117ti tokias funkcijas kaip sl\u0117gio ma\u017einimo vo\u017etuvai ir avarinio stabdymo mygtukai, skirti apsaugoti operatorius ir ma\u0161inas.<\/li>\n<li><strong>Prie\u017ei\u016bra:<\/strong> Svirtiniai cilindrai turi b\u016bti suprojektuoti taip, kad juos b\u016bt\u0173 lengva pri\u017ei\u016br\u0117ti ir remontuoti, o dalys turi b\u016bti lengvai prieinamos ir pakei\u010diamos.<\/li>\n<\/ul>\n<p><img decoding=\"async\" src=\"https:\/\/www.hydraulic-cylinders.net\/wp-content\/uploads\/2025\/01\/songte-cylinder-head-with-all-kinds-excavator-models.webp\"\/><\/p>\n<h2>Sandarinimas ir tepimas<\/h2>\n<p>Svirtiniuose cilindruose naudojami \u012fvair\u016bs sandarinimo komponentai, tokie kaip st\u016bmokli\u0173 ir kot\u0173 sandarikliai, pagaminti i\u0161 atspari\u0173 dilimui med\u017eiag\u0173, toki\u0173 kaip poliuretanas ir nitrilo kau\u010diukas, siekiant u\u017etikrinti j\u0173 sandarum\u0105 ir ilgaam\u017ei\u0161kum\u0105. Cilindro korpusas ir sriegio galo pavir\u0161ius yra kruop\u0161\u010diai apdirbti, siekiant pagerinti atsparum\u0105 dilimui. Juos taip pat reikia reguliariai tepti tinkamu kiekiu hidraulin\u0117s alyvos, kad b\u016bt\u0173 u\u017etikrintas sklandus ir efektyvus j\u0173 veikimas.<\/p>\n<h2>Prie\u017ei\u016bra ir prevencin\u0117s priemon\u0117s<\/h2>\n<p>Reguliarus patikrinimas ir profilaktin\u0117 prie\u017ei\u016bra yra labai svarb\u016bs siekiant u\u017etikrinti efektyv\u0173 svirtini\u0173 cilindr\u0173 veikim\u0105 ir ilgaam\u017ei\u0161kum\u0105. Kai kurios prie\u017ei\u016bros ir prevencin\u0117s priemon\u0117s apima:<\/p>\n<ul>\n<li><strong>Reguliariai tikrinkite ir keiskite susid\u0117v\u0117jusius arba pa\u017eeistus sandariklius ir komponentus.<\/strong><\/li>\n<li><strong>Reguliariai valykite ir sutepkite cilindr\u0105 ir jo komponentus.<\/strong><\/li>\n<li><strong>Reguliariai tikrinkite hidraulin\u0117s alyvos lyg\u012f ir kokyb\u0119 ir prireikus j\u0105 keiskite.<\/strong><\/li>\n<li><strong>Patikrinkite, ar n\u0117ra nuot\u0117ki\u0173, ir nedelsdami juos pa\u0161alinkite, kad i\u0161vengtum\u0117te tolesn\u0117s \u017ealos.<\/strong><\/li>\n<li><strong>Nenaudojam\u0105 cilindr\u0105 tinkamai laikykite \u0161varioje, sausoje ir saugioje aplinkoje.<\/strong><\/li>\n<\/ul>\n<p><img decoding=\"async\" src=\"https:\/\/www.hydraulic-cylinders.net\/wp-content\/uploads\/2025\/01\/songte-chushion-collar.webp\"\/><\/p>\n<h2>Diegimo vadovas<\/h2>\n<p>Montuojant svirtinius cilindrus, reikia atid\u017eiai apsvarstyti cilindro specifikacijas ir mechanizmo reikalavimus. Kai kurios montavimo gair\u0117s apima:<\/p>\n<ul>\n<li><strong>Prie\u0161 montuodami \u012fsitikinkite, kad cilindras ir jo komponentai yra \u0161var\u016bs ir be \u0161iuk\u0161li\u0173.<\/strong><\/li>\n<li><strong>\u012esitikinkite, kad cilindras sumontuotas teisingoje pad\u0117tyje ir orientacijoje, tinkamai sulygiuojant tvirtinimo angas ir kai\u0161\u010dius.<\/strong><\/li>\n<li><strong>Priver\u017ekite tvirtinimo var\u017etus ir ver\u017eles iki reikiamo sukimo momento.<\/strong><\/li>\n<li><strong>Tinkamai prijunkite hidraulines \u017earnas ir jungiam\u0105sias detales, u\u017etikrindami, kad neb\u016bt\u0173 nuot\u0117ki\u0173 ar sulenkim\u0173.<\/strong><\/li>\n<li><strong>Prie\u0161 naudodami cilindr\u0105 bet kokiai operacijai, patikrinkite jo veikim\u0105 ir \u012fsitikinkite, kad jis veikia tinkamai.<\/strong><\/li>\n<\/ul>\n<h2>Saugos aspektai ir aplinkos veiksniai<\/h2>\n<p>Svirtiniai cilindrai turi atitikti saugos standartus ir tur\u0117ti tokias funkcijas kaip sl\u0117gio ma\u017einimo vo\u017etuvai ir avarinio stabdymo mygtukai, kad apsaugot\u0173 operatorius ir ma\u0161inas. Eksploatuojant ma\u0161inas, kuriose naudojami svirtiniai cilindrai, b\u016btina laikytis saugos gairi\u0173 ir taisykli\u0173. Aplinkos veiksniai, tokie kaip temperat\u016bra, dr\u0117gm\u0117 ir chemini\u0173 med\u017eiag\u0173 poveikis, taip pat gali tur\u0117ti \u012ftakos svirtini\u0173 cilindr\u0173 veikimui ir ilgaam\u017ei\u0161kumui. Svarbu atsi\u017evelgti \u012f \u0161iuos veiksnius renkantis ir naudojant svirtinius cilindrus.<\/p>\n<h2>Trik\u010di\u0173 \u0161alinimas ir da\u017eniausios problemos<\/h2>\n<p>Kai kurios da\u017enos problemos, kurios gali kilti naudojant svirtinius cilindrus, yra nuot\u0117kiai, gedimai ir netinkamas veikimas. Norint diagnozuoti ir i\u0161spr\u0119sti \u0161ias problemas, pateikiami keli trik\u010di\u0173 \u0161alinimo patarimai ir sprendimai:<\/p>\n<ul>\n<li><strong>Patikrinkite, ar n\u0117ra nuot\u0117ki\u0173, ir suremontuokite arba pakeiskite pa\u017eeistus sandariklius ar komponentus.<\/strong><\/li>\n<li><strong>Patikrinkite hidraulin\u0117s alyvos lyg\u012f ir kokyb\u0119 ir prireikus pakeiskite.<\/strong><\/li>\n<li><strong>Patikrinkite cilindr\u0105, ar n\u0117ra pa\u017eeidim\u0173 ar susid\u0117v\u0117jimo, ir pakeiskite visas susid\u0117v\u0117jusias ar pa\u017eeistas dalis.<\/strong><\/li>\n<li><strong>Patikrinkite, ar n\u0117ra u\u017esikim\u0161im\u0173 ar kli\u016b\u010di\u0173, ir jas pa\u0161alinkite.<\/strong><\/li>\n<li><strong>Jei problema i\u0161lieka arba yra rimta, perskaitykite gamintojo vadov\u0105 arba kreipkit\u0117s \u012f specialist\u0105.<\/strong><\/li>\n<\/ul>\n<p><img decoding=\"async\" src=\"https:\/\/www.hydraulic-cylinders.net\/wp-content\/uploads\/2025\/01\/songte-bushings-with-all-kinds-of-excavator-models.webp\"\/><\/p>\n<h2>Apie mus<\/h2>\n<p>Esame profesionalus pakaitini\u0173 hidraulini\u0173 cilindr\u0173 gamintojas, si\u016blantis plat\u0173 gamini\u0173 asortiment\u0105, ir tapome vienu i\u0161 pirmaujan\u010di\u0173 hidraulini\u0173 cilindr\u0173 gamintoj\u0173 ir didmenini\u0173 platintoj\u0173 vidaus ir tarptautin\u0117se rinkose. Visada laikom\u0117s puikios kokyb\u0117s principo, remdamiesi sud\u0117ting\u0173 gamybos dirbtuvi\u0173 pramonin\u0117s gamybos valdymo strategija, nuolat tobulindami savo technin\u012f lyg\u012f ir gamybos efektyvum\u0105. Diegdami auk\u0161\u010diausios klas\u0117s skaitmenin\u0119 gamybos \u012frang\u0105 ir profesionalias bandym\u0173 sistemas, nuolat optimizuojame savo gamybos platform\u0105, tobuliname gamini\u0173 kokyb\u0117s kontrol\u0117s procesus ir turime stiprias inovacij\u0173 galimybes. M\u016bs\u0173 tikslas \u2013 patenkinti \u012fvairius klient\u0173 poreikius, taikant auk\u0161t\u0105 efektyvum\u0105, tikslum\u0105 ir auk\u0161tos kokyb\u0117s principus.<\/p>\n<h2>M\u016bs\u0173 paslaugos<\/h2>\n<p>Savo klientams teikiame \u012fvairias paslaugas, \u012fskaitant:<\/p>\n<ul>\n<li><strong>Profesionalumas:<\/strong> M\u016bs\u0173 komand\u0105 sudaro patyr\u0119 in\u017einieriai ir technikai, galintys pasi\u016blyti profesionalius ir individualius sprendimus, atitinkan\u010dius unikalius klient\u0173 poreikius.<\/li>\n<li><strong>Tarptautinis sertifikavimas:<\/strong> M\u016bs\u0173 gaminiai yra sertifikuoti \u012fvairiais tarptautiniais standartais, tokiais kaip ISO9001, CE ir SGS.<\/li>\n<li><strong>Pritaikymas:<\/strong> Galime pritaikyti gaminius pagal konkre\u010dius kliento reikalavimus, tokius kaip dydis, sl\u0117gis ir med\u017eiaga.<\/li>\n<li><strong>Gamybos \u012franga:<\/strong> Naudojame pa\u017eangi\u0105 gamybos \u012frang\u0105 ir procesus, kad u\u017etikrintume auk\u0161t\u0105 m\u016bs\u0173 gamini\u0173 kokyb\u0119 ir tikslum\u0105.<\/li>\n<li><strong>Aptarnavimas po pardavimo:<\/strong> Siekdami u\u017etikrinti klient\u0173 pasitenkinim\u0105, teikiame i\u0161samias garantinio aptarnavimo paslaugas, tokias kaip technin\u0117 prie\u017ei\u016bra, remontas ir pagalba.<\/li>\n<\/ul>\n<p><img decoding=\"async\" src=\"https:\/\/www.hydraulic-cylinders.net\/wp-content\/uploads\/2025\/01\/songte-company-4.webp\"\/><br \/>\n<img decoding=\"async\" src=\"https:\/\/www.hydraulic-cylinders.net\/wp-content\/uploads\/2025\/01\/songte-company-3.webp\"\/><\/p>\n<p>Autorius: lyl<\/p>","protected":false},"excerpt":{"rendered":"<p>Arm Cylinder For JCM Small Excavator 907D Introduction Definition An arm cylinder is a specially designed hydraulic cylinder that provides linear motion and power to the arms of various types of machinery, such as excavators, cranes, and mechanical arms. The arm cylinder plays a crucial role in hydraulic systems, allowing attachments or accessories to move [&hellip;]<\/p>","protected":false},"featured_media":14783,"comment_status":"open","ping_status":"closed","template":"","meta":{"_et_pb_use_builder":"","_et_pb_old_content":"","_et_gb_content_width":""},"product_brand":[],"product_cat":[1497],"product_tag":[1498,1496],"class_list":{"0":"post-16597","1":"product","2":"type-product","3":"status-publish","4":"has-post-thumbnail","6":"product_cat-arm-cylinders","7":"product_tag-arm-cylinders","8":"product_tag-hydraulic-cylinders","10":"first","11":"instock","12":"shipping-taxable","13":"product-type-simple"},"amp_enabled":true,"_links":{"self":[{"href":"https:\/\/www.hydraulic-cylinders.net\/lt\/wp-json\/wp\/v2\/product\/16597","targetHints":{"allow":["GET"]}}],"collection":[{"href":"https:\/\/www.hydraulic-cylinders.net\/lt\/wp-json\/wp\/v2\/product"}],"about":[{"href":"https:\/\/www.hydraulic-cylinders.net\/lt\/wp-json\/wp\/v2\/types\/product"}],"replies":[{"embeddable":true,"href":"https:\/\/www.hydraulic-cylinders.net\/lt\/wp-json\/wp\/v2\/comments?post=16597"}],"wp:featuredmedia":[{"embeddable":true,"href":"https:\/\/www.hydraulic-cylinders.net\/lt\/wp-json\/wp\/v2\/media\/14783"}],"wp:attachment":[{"href":"https:\/\/www.hydraulic-cylinders.net\/lt\/wp-json\/wp\/v2\/media?parent=16597"}],"wp:term":[{"taxonomy":"product_brand","embeddable":true,"href":"https:\/\/www.hydraulic-cylinders.net\/lt\/wp-json\/wp\/v2\/product_brand?post=16597"},{"taxonomy":"product_cat","embeddable":true,"href":"https:\/\/www.hydraulic-cylinders.net\/lt\/wp-json\/wp\/v2\/product_cat?post=16597"},{"taxonomy":"product_tag","embeddable":true,"href":"https:\/\/www.hydraulic-cylinders.net\/lt\/wp-json\/wp\/v2\/product_tag?post=16597"}],"curies":[{"name":"wp","href":"https:\/\/api.w.org\/{rel}","templated":true}]}}