{"id":16600,"date":"2025-01-21T05:37:00","date_gmt":"2025-01-21T05:37:00","guid":{"rendered":"https:\/\/www.hydraulic-cylinders.net\/product\/arm-cylinder-for-jcm-middle-excavator-921d\/"},"modified":"2025-01-21T05:37:02","modified_gmt":"2025-01-21T05:37:02","slug":"arm-cylinder-for-jcm-middle-excavator-921d","status":"publish","type":"product","link":"https:\/\/www.hydraulic-cylinders.net\/lt\/produktas\/arm-cylinder-for-jcm-middle-excavator-921d\/","title":{"rendered":"JCM vidutinio ekskavatoriaus 921D rankenos cilindras"},"content":{"rendered":"<h1>JCM vidutinio ekskavatoriaus 921D rankenos cilindras<\/h1>\n<h2>\u012evadas<\/h2>\n<p>Svirties cilindras yra specialiai suprojektuotas hidraulinis cilindras, daugiausia naudojamas \u012fvairi\u0173 tip\u0173 ma\u0161in\u0173, toki\u0173 kaip ekskavatoriai, kranai ir mechanin\u0117s svirtys, svir\u010diai tiesiniam judesiui ir galiai u\u017etikrinti. Jis atlieka pagrindin\u012f vaidmen\u012f hidraulin\u0117je sistemoje, nes leid\u017eia efektyviai jud\u0117ti ir valdyti papildomus \u012frankius ar priedus. \u0160ie cilindrai ne tik u\u017etikrina skland\u0173 jud\u0117jim\u0105, bet ir atlaiko dideles apkrovas, u\u017etikrindami efektyv\u0173 ma\u0161inos veikim\u0105 ir patikimum\u0105 \u012fvairiomis eksploatavimo s\u0105lygomis. <\/p>\n<p><img decoding=\"async\" src=\"https:\/\/www.hydraulic-cylinders.net\/wp-content\/uploads\/2025\/01\/songte-company-2.webp\"\/><\/p>\n<h2>Savyb\u0117s<\/h2>\n<ul>\n<li>Efektyvus galios perdavimas: Svirties cilindras gali u\u017etikrinti galing\u0105 tiesin\u012f judes\u012f ir j\u0117g\u0105, u\u017etikrindamas auk\u0161t\u0105 mechanin\u0117s svirties efektyvum\u0105 atliekant \u012fvairias operacijas.<\/li>\n<li>Tikslus valdymas: Hidraulin\u0117s sistemos d\u0117ka rankos cilindras gali tiksliai valdyti judes\u012f, tod\u0117l papildom\u0173 \u012franki\u0173 valdymas tampa lankstesnis ir tikslesnis.<\/li>\n<li>Didelis patvarumas: Svirties cilindras paprastai pagamintas i\u0161 didelio stiprumo med\u017eiag\u0173 ir pasi\u017eymi geru atsparumu dilimui bei korozijai, tod\u0117l tinka ilgalaikiam naudojimui at\u0161iauriomis s\u0105lygomis.<\/li>\n<li>Daugiafunkcis pritaikomumas: \u0160ie cilindrai gali b\u016bti pla\u010diai naudojami \u012fvairiose ma\u0161inose, tokiose kaip ekskavatoriai, kranai ir mechanin\u0117s svirtys, prisitaikant prie skirting\u0173 darbo reikalavim\u0173.<\/li>\n<li>Lengva prie\u017ei\u016bra: Projektuojant atsi\u017evelgiama \u012f paprast\u0105 prie\u017ei\u016br\u0105 ir keitim\u0105, tod\u0117l reguliari ap\u017ei\u016bra ir technin\u0117 prie\u017ei\u016bra yra patogesni, o \u012frangos prastovos laikas sutrump\u0117ja.<\/li>\n<\/ul>\n<p><img decoding=\"async\" src=\"https:\/\/www.hydraulic-cylinders.net\/wp-content\/uploads\/2025\/01\/songte-oil-pipes-and-spare-parts.webp\"\/><\/p>\n<h2>Parai\u0161kos<\/h2>\n<p>Cilindro formos rankena pla\u010diai naudojama \u012fvairiose pramon\u0117s \u0161akose:<\/p>\n<ul>\n<li>Statybos in\u017einerija: ekskavatoriuose ir kranuose svirties cilindras naudojamas kau\u0161o arba str\u0117l\u0117s jud\u0117jimui valdyti atliekant \u017eem\u0117s darbus, med\u017eiag\u0173 tvarkym\u0105 ir konstrukcij\u0173 montavim\u0105.<\/li>\n<li>Gamybos pramon\u0117: Automatizuotose gamybos linijose svirties cilindras naudojamas mechanini\u0173 svir\u010di\u0173 judinimui, pvz., surinkimui, suvirinimui ir tvarkymui, siekiant pagerinti gamybos efektyvum\u0105 ir tikslum\u0105.<\/li>\n<li>\u017dem\u0117s \u016bkio technika: \u017dem\u0117s \u016bkio technikoje, pavyzd\u017eiui, derliaus nu\u0117mimo ir s\u0117jamosiose, svirties cilindras valdo valdymo svirties judes\u012f atliekant tokias u\u017eduotis kaip s\u0117ja, tr\u0119\u0161imas ir derliaus nu\u0117mimas.<\/li>\n<li>Kasyba: Kasybos \u012frangoje rankos cilindras naudojamas kasybos \u012frangos rankos jud\u0117jimui valdyti r\u016bdos kasybai ir transportavimui.<\/li>\n<li>Logistika ir transportavimas: \u0160akiniuose krautuvuose ir tvarkymo robotuose rankos cilindras naudojamas \u0161ak\u0117s k\u0117limui ir jud\u0117jimui valdyti, taip u\u017etikrinant med\u017eiag\u0173 tvarkym\u0105 ir sukraunim\u0105.<\/li>\n<\/ul>\n<h2>Projektavimo aspektai ir atrankos kriterijai<\/h2>\n<p>Projektuojant cilindro formos ranken\u0105, reik\u0117t\u0173 atsi\u017evelgti \u012f \u0161iuos aspektus:<\/p>\n<ul>\n<li>Keliamoji galia: Svirties cilindras turi atlaikyti mechanizm\u0173, prie kuri\u0173 jis pritvirtintas, apkrov\u0105, tod\u0117l cilindro dydis ir stiprumas turi b\u016bti parinkti atitinkamai.<\/li>\n<li>Sandarinimas: Reik\u0117t\u0173 naudoti \u012fvairius sandarinimo komponentus, tokius kaip st\u016bmokli\u0173 ir kot\u0173 sandarikliai, ir pasirinkti med\u017eiagas, atsparias dilimui, tokias kaip poliuretanas ir nitrilo kau\u010diukas.<\/li>\n<li>Patvarumas: Cilindro korpusas ir srieginis galinis pavir\u0161ius turi b\u016bti kruop\u0161\u010diai apdoroti, kad b\u016bt\u0173 pagerintas atsparumas dilimui ir korozijai.<\/li>\n<li>Sauga: Projektuojant reik\u0117t\u0173 atsi\u017evelgti \u012f saugos aspektus, tokius kaip staigaus cilindro gedimo prevencija ir saugaus eksploatavimo u\u017etikrinimas.<\/li>\n<li>Prie\u017ei\u016bra: Projektuojant reik\u0117t\u0173 atsi\u017evelgti \u012f lengv\u0105 \u012frangos prie\u017ei\u016br\u0105 ir pakeitim\u0105, siekiant suma\u017einti prastov\u0173 laik\u0105.<\/li>\n<\/ul>\n<p><img decoding=\"async\" src=\"https:\/\/www.hydraulic-cylinders.net\/wp-content\/uploads\/2025\/01\/songte-cylinder-head-with-all-kinds-excavator-models.webp\"\/><\/p>\n<h2>Sandarinimas ir tepimas<\/h2>\n<p>Svirtiniame cilindre naudojami \u012fvair\u016bs sandarinimo komponentai, tokie kaip st\u016bmoklio ir koto sandarikliai, ir tur\u0117t\u0173 b\u016bti pasirinktos med\u017eiagos, atsparios dilimui, tokios kaip poliuretanas ir nitrilo kau\u010diukas. Cilindro korpusas ir srieginis galas yra kruop\u0161\u010diai apdirbti, siekiant pagerinti atsparum\u0105 dilimui ir korozijai. B\u016btina reguliariai \u012fpilti reikiam\u0105 kiek\u012f hidraulin\u0117s alyvos tepimui.<\/p>\n<h2>Prie\u017ei\u016bra ir remontas<\/h2>\n<p>Norint u\u017etikrinti efektyv\u0173 ir saug\u0173 svirties cilindro veikim\u0105, b\u016btini reguliar\u016bs patikrinimai ir prevencin\u0117s prie\u017ei\u016bros priemon\u0117s. Reik\u0117t\u0173 imtis \u0161i\u0173 priemoni\u0173:<\/p>\n<ul>\n<li>Reguliariai tikrinkite cilindro korpuso ir sandarinimo komponent\u0173 nusid\u0117v\u0117jim\u0105 ir pa\u017eeidimus, prireikus laiku juos pakeisdami.<\/li>\n<li>Reguliariai keiskite hidraulin\u0119 alyv\u0105, kad b\u016bt\u0173 u\u017etikrintas tinkamas tepimas ir i\u0161vengta u\u017eter\u0161imo.<\/li>\n<li>Reguliarus hidraulin\u0117s sistemos patikrinimas d\u0117l nuot\u0117ki\u0173 ir pa\u017eeidim\u0173, laiku remontuojant arba kei\u010diant pa\u017eeistus komponentus.<\/li>\n<\/ul>\n<p><img decoding=\"async\" src=\"https:\/\/www.hydraulic-cylinders.net\/wp-content\/uploads\/2025\/01\/songte-chushion-collar.webp\"\/><\/p>\n<h2>Diegimo vadovas<\/h2>\n<p>Norint tinkamai sumontuoti cilindro formos ranken\u0105, reikia atlikti \u0161iuos veiksmus:<\/p>\n<ol>\n<li>\u012esitikinkite, kad cilindras ir jo tvirtinimo pavir\u0161iai yra \u0161var\u016bs ir be \u0161iuk\u0161li\u0173 ar ter\u0161al\u0173.<\/li>\n<li>Sumontuokite cilindr\u0105 pagal gamintojo instrukcijas, stengdamiesi nepa\u017eeisti sandarinimo komponent\u0173 ar cilindro korpuso.<\/li>\n<li>Prijunkite hidraulines \u017earnas ir jungiam\u0105sias detales, u\u017etikrindami, kad jos b\u016bt\u0173 tvirtos ir tinkamai sulygiuotos.<\/li>\n<li>Patikrinkite hidraulin\u0119 sistem\u0105, ar n\u0117ra nuot\u0117ki\u0173 ir ar ji tinkamai veikia.<\/li>\n<\/ol>\n<h2>Saugos ir aplinkosaugos aspektai<\/h2>\n<p>Montuojant, eksploatuojant ir pri\u017ei\u016brint svirties cilindr\u0105, reikia imtis tinkam\u0173 saugos priemoni\u0173, kad b\u016bt\u0173 i\u0161vengta su\u017ealojim\u0173 ar \u017ealos. Taip pat reikia laikytis aplinkosaugos taisykli\u0173 ir standart\u0173, kad b\u016bt\u0173 i\u0161vengta tar\u0161os ir suma\u017eintas poveikis aplinkai.<\/p>\n<h2>Trik\u010di\u0173 \u0161alinimas ir da\u017eniausios problemos<\/h2>\n<p>Toliau pateikiamos da\u017eniausios problemos ir galimos j\u0173 prie\u017eastys:<\/p>\n<ul>\n<li>Cilindras nei\u0161siple\u010dia arba nesusitraukia: \u017eemas hidraulinis sl\u0117gis, pa\u017eeisti sandarinimo komponentai arba pa\u017eeistas st\u016bmoklis ar kotas.<\/li>\n<li>Cilindro nesandarumas: pa\u017eeisti sandarinimo komponentai arba pa\u017eeistas cilindro korpusas.<\/li>\n<li>Cilindras veikia l\u0117tai arba netolygiai: \u017eemas hidraulinis sl\u0117gis, pa\u017eeistos arba susid\u0117v\u0117jusios hidraulin\u0117s \u017earnos arba pa\u017eeistas arba susid\u0117v\u0117j\u0119s valdymo vo\u017etuvas.<\/li>\n<\/ul>\n<p>Norint i\u0161spr\u0119sti \u0161ias problemas, reik\u0117t\u0173 imtis \u0161i\u0173 veiksm\u0173:<\/p>\n<ul>\n<li>Patikrinkite hidraulin\u012f sl\u0117g\u012f ir prireikus pakoreguokite.<\/li>\n<li>Patikrinkite sandarinimo komponentus ir, jei reikia, pakeiskite.<\/li>\n<li>Patikrinkite hidraulines \u017earnas ir valdymo vo\u017etuv\u0105 ir, jei reikia, pakeiskite.<\/li>\n<\/ul>\n<p>Prevencin\u0117s priemon\u0117s apima reguliari\u0105 ap\u017ei\u016br\u0105 ir technin\u0119 prie\u017ei\u016br\u0105, tinkam\u0105 tepim\u0105 ir baliono perkrovos ar netinkamo naudojimo vengim\u0105.<\/p>\n<p><img decoding=\"async\" src=\"https:\/\/www.hydraulic-cylinders.net\/wp-content\/uploads\/2025\/01\/songte-bushings-with-all-kinds-of-excavator-models.webp\"\/><\/p>\n<h2>Apie mus<\/h2>\n<p>Esame profesionalus pakaitini\u0173 hidraulini\u0173 cilindr\u0173 gamintojas, si\u016blantis plat\u0173 gamini\u0173 asortiment\u0105, ir tapome vienu i\u0161 pirmaujan\u010di\u0173 hidraulini\u0173 cilindr\u0173 gamintoj\u0173 ir didmenini\u0173 platintoj\u0173 vidaus ir tarptautin\u0117je rinkoje. Visada laikom\u0117s puikios kokyb\u0117s principo, gamybos cechuose taikome industrializuotas gamybos valdymo strategijas ir nuolat tobuliname technologijas bei gamybos efektyvum\u0105. \u012ediegdami auk\u0161\u010diausios klas\u0117s skaitmenin\u0119 gamybos \u012frang\u0105 ir profesionalias bandym\u0173 sistemas, optimizuojame gamybos platform\u0105, tobuliname gamini\u0173 kokyb\u0117s kontrol\u0117s procesus ir turime stipri\u0173 inovacij\u0173 paj\u0117gum\u0173. M\u016bs\u0173 tikslas \u2013 patenkinti \u012fvairius klient\u0173 poreikius, teikiant efektyvius, tikslius ir auk\u0161tos kokyb\u0117s gaminius.<\/p>\n<h2>M\u016bs\u0173 paslaugos<\/h2>\n<ul>\n<li>Profesionalumas: Turime patyrusi\u0173 in\u017einieri\u0173 ir technik\u0173 komand\u0105, kuri gali teikti profesionalias konsultacijas ir individualius sprendimus.<\/li>\n<li>Tarptautinis sertifikatas: M\u016bs\u0173 gaminiai yra gav\u0119 \u012fvairius tarptautinius sertifikatus, tokius kaip ISO9001, CE ir RoHS.<\/li>\n<li>Pritaikymas: Galime pritaikyti hidraulinius cilindrus pagal klient\u0173 reikalavimus ir teikti OEM paslaugas.<\/li>\n<li>Gamybos \u012franga: Turime pa\u017eangi\u0105 gamybos \u012frang\u0105, toki\u0105 kaip CNC stakl\u0117s ir bandym\u0173 sistemos, kad u\u017etikrintume efektyvi\u0105 ir auk\u0161tos kokyb\u0117s gamyb\u0105.<\/li>\n<li>Aptarnavimas po pardavimo: Mes teikiame i\u0161samias aptarnavimo po pardavimo ir technines paslaugas, kad u\u017etikrintume klient\u0173 pasitenkinim\u0105.<\/li>\n<\/ul>\n<p><img decoding=\"async\" src=\"https:\/\/www.hydraulic-cylinders.net\/wp-content\/uploads\/2025\/01\/songte-company-4.webp\"\/><br \/>\n<img decoding=\"async\" src=\"https:\/\/www.hydraulic-cylinders.net\/wp-content\/uploads\/2025\/01\/songte-company-3.webp\"\/><\/p>\n<p>Autorius: lyl<\/p>","protected":false},"excerpt":{"rendered":"<p>Arm Cylinder For JCM Middle Excavator 921D Introduction The arm cylinder is a specially designed hydraulic cylinder that is mainly used to provide linear motion and power to the arm of various types of machinery such as excavators, cranes and mechanical arms. It plays a key role in the hydraulic system, enabling additional tools or [&hellip;]<\/p>","protected":false},"featured_media":14774,"comment_status":"open","ping_status":"closed","template":"","meta":{"_et_pb_use_builder":"","_et_pb_old_content":"","_et_gb_content_width":""},"product_brand":[],"product_cat":[1497],"product_tag":[1498,1496],"class_list":{"0":"post-16600","1":"product","2":"type-product","3":"status-publish","4":"has-post-thumbnail","6":"product_cat-arm-cylinders","7":"product_tag-arm-cylinders","8":"product_tag-hydraulic-cylinders","10":"first","11":"instock","12":"shipping-taxable","13":"product-type-simple"},"amp_enabled":true,"_links":{"self":[{"href":"https:\/\/www.hydraulic-cylinders.net\/lt\/wp-json\/wp\/v2\/product\/16600","targetHints":{"allow":["GET"]}}],"collection":[{"href":"https:\/\/www.hydraulic-cylinders.net\/lt\/wp-json\/wp\/v2\/product"}],"about":[{"href":"https:\/\/www.hydraulic-cylinders.net\/lt\/wp-json\/wp\/v2\/types\/product"}],"replies":[{"embeddable":true,"href":"https:\/\/www.hydraulic-cylinders.net\/lt\/wp-json\/wp\/v2\/comments?post=16600"}],"wp:featuredmedia":[{"embeddable":true,"href":"https:\/\/www.hydraulic-cylinders.net\/lt\/wp-json\/wp\/v2\/media\/14774"}],"wp:attachment":[{"href":"https:\/\/www.hydraulic-cylinders.net\/lt\/wp-json\/wp\/v2\/media?parent=16600"}],"wp:term":[{"taxonomy":"product_brand","embeddable":true,"href":"https:\/\/www.hydraulic-cylinders.net\/lt\/wp-json\/wp\/v2\/product_brand?post=16600"},{"taxonomy":"product_cat","embeddable":true,"href":"https:\/\/www.hydraulic-cylinders.net\/lt\/wp-json\/wp\/v2\/product_cat?post=16600"},{"taxonomy":"product_tag","embeddable":true,"href":"https:\/\/www.hydraulic-cylinders.net\/lt\/wp-json\/wp\/v2\/product_tag?post=16600"}],"curies":[{"name":"wp","href":"https:\/\/api.w.org\/{rel}","templated":true}]}}