{"id":16606,"date":"2025-01-21T05:37:24","date_gmt":"2025-01-21T05:37:24","guid":{"rendered":"https:\/\/www.hydraulic-cylinders.net\/product\/arm-cylinder-for-jcm-large-excavator-mc456lc-8\/"},"modified":"2025-01-21T05:37:30","modified_gmt":"2025-01-21T05:37:30","slug":"arm-cylinder-for-jcm-large-excavator-mc456lc-8","status":"publish","type":"product","link":"https:\/\/www.hydraulic-cylinders.net\/lt\/produktas\/arm-cylinder-for-jcm-large-excavator-mc456lc-8\/","title":{"rendered":"JCM didelio ekskavatoriaus MC456LC-8 rankos cilindras"},"content":{"rendered":"<p><!DOCTYPE html><br \/>\n<html><br \/>\n<head><br \/>\n<title>JCM didelio ekskavatoriaus MC456LC-8 rankos cilindras<\/title><br \/>\n<\/head><br \/>\n<body><\/p>\n<h1>JCM didelio ekskavatoriaus MC456LC-8 rankos cilindras<\/h1>\n<h2>\u012evadas<\/h2>\n<p>Svirties cilindras yra specialiai suprojektuotas hidraulinis cilindras, u\u017etikrinantis tiesin\u012f judes\u012f ir gali\u0105 \u012fvairi\u0173 mechanizm\u0173, toki\u0173 kaip ekskavatoriai, kranai ir robotin\u0117s svirtys, svir\u010diai. Jis atlieka labai svarb\u0173 vaidmen\u012f hidraulin\u0117se sistemose, nes leid\u017eia efektyviai jud\u0117ti ir valdyti priedus ar priedus. \u0160ie cilindrai u\u017etikrina skland\u0173 jud\u0117jim\u0105 ir gali atlaikyti dideles apkrovas, u\u017etikrindami auk\u0161t\u0105 mechanizm\u0173 efektyvum\u0105 ir patikimum\u0105 \u012fvairiomis eksploatavimo s\u0105lygomis.<\/p>\n<p><img decoding=\"async\" src=\"https:\/\/www.hydraulic-cylinders.net\/wp-content\/uploads\/2025\/01\/songte-company-2.webp\" alt=\"Svirties cilindro vaizdas\"><\/p>\n<h2>Savyb\u0117s<\/h2>\n<ul>\n<li><strong>Didelio efektyvumo transmisija:<\/strong> Svirties cilindras u\u017etikrina galing\u0105 tiesin\u012f judes\u012f ir j\u0117g\u0105, u\u017etikrindamas auk\u0161t\u0105 robotin\u0117s rankos na\u0161um\u0105 atliekant \u012fvairias operacijas.<\/li>\n<li><strong>Tikslus valdymas:<\/strong> Hidraulin\u0117s sistemos d\u0117ka svirties cilindras leid\u017eia tiksliai valdyti judes\u012f, tod\u0117l pritvirtint\u0173 \u012franki\u0173 valdymas tampa lankstesnis ir tikslesnis.<\/li>\n<li><strong>Patvarumas:<\/strong> Svirtiniai cilindrai paprastai gaminami i\u0161 didelio stiprumo med\u017eiag\u0173, pasi\u017eymin\u010di\u0173 puikiu atsparumu dilimui ir korozijai, tod\u0117l jie tinkami ilgalaikiam naudojimui at\u0161iauriomis s\u0105lygomis.<\/li>\n<li><strong>Universalus prisitaikymas:<\/strong> \u0160ie cilindrai gali b\u016bti pla\u010diai naudojami \u012fvairiose ma\u0161inose, \u012fskaitant ekskavatorius, kranus ir robotines rankas, pritaikant juos skirtingiems darbo reikalavimams.<\/li>\n<li><strong>Lengva prie\u017ei\u016bra:<\/strong> Svirtini\u0173 cilindr\u0173 konstrukcija skirta lengvam techniniam aptarnavimui ir keitimui, tod\u0117l reguliari ap\u017ei\u016bra ir technin\u0117 prie\u017ei\u016bra yra patogesn\u0117, o \u012frangos prastova sutrump\u0117ja.<\/li>\n<\/ul>\n<p><img decoding=\"async\" src=\"https:\/\/www.hydraulic-cylinders.net\/wp-content\/uploads\/2025\/01\/songte-oil-pipes-and-spare-parts.webp\" alt=\"Svirties cilindro atsargini\u0173 dali\u0173 vaizdas\"><\/p>\n<h2>Parai\u0161kos<\/h2>\n<ul>\n<li><strong>Statybos in\u017einerija:<\/strong> Svirtiniai cilindrai naudojami ekskavatoriuose ir kranuose kau\u0161\u0173 ar svirteli\u0173 jud\u0117jimui valdyti atliekant \u017eem\u0117s darbus, med\u017eiag\u0173 tvarkym\u0105 ir konstrukcij\u0173 montavim\u0105.<\/li>\n<li><strong>Gamybos pramon\u0117:<\/strong> Automatizuotose gamybos linijose ranken\u0173 cilindrai naudojami robot\u0173 rankenoms judinti tokiuose procesuose kaip surinkimas, suvirinimas ir med\u017eiag\u0173 tvarkymas, taip pagerinant gamybos efektyvum\u0105 ir tikslum\u0105.<\/li>\n<li><strong>\u017dem\u0117s \u016bkio technika:<\/strong> Svirtiniai cilindrai valdo \u017eem\u0117s \u016bkio technikos, tokios kaip derliaus nu\u0117mimo ir sodinamosios, valdymo svirteli\u0173 judes\u012f, atlikdami tokias u\u017eduotis kaip s\u0117ja, tr\u0119\u0161imas ir derliaus nu\u0117mimas.<\/li>\n<li><strong>Kasyba:<\/strong> Kasybos \u012frangoje svirties cilindrai naudojami kasybos ma\u0161in\u0173 svirties jud\u0117jimui valdyti r\u016bdos gavybai ir transportavimui.<\/li>\n<li><strong>Logistika ir transportas:<\/strong> \u0160akiniuose krautuvuose ir krovini\u0173 krovimo robotuose svir\u010di\u0173 cilindrai valdo \u0161aki\u0173 k\u0117lim\u0105 ir jud\u0117jim\u0105, taip \u012fgalindami med\u017eiag\u0173 tvarkym\u0105 ir krovim\u0105.<\/li>\n<\/ul>\n<h2>Projektavimo aspektai ir atrankos kriterijai<\/h2>\n<ul>\n<li><strong>Keliamoji galia:<\/strong> Svirtiniai cilindrai yra sukurti taip, kad atlaikyt\u0173 konkre\u010dias apkrovas ir j\u0117gas, siekiant u\u017etikrinti saug\u0173 ir efektyv\u0173 veikim\u0105.<\/li>\n<li><strong>Sandarinimas:<\/strong> Naudojami \u012fvair\u016bs sandarikliai, pavyzd\u017eiui, st\u016bmokli\u0173 ir kot\u0173 sandarikliai, o atsparumui dilimui parenkamos patvarios med\u017eiagos, tokios kaip poliuretanas ir nitrilo kau\u010diukas.<\/li>\n<li><strong>Patvarumas:<\/strong> Cilindro korpusas ir srieginiai galai yra kruop\u0161\u010diai apdorojami, siekiant padidinti atsparum\u0105 dilimui, o tinkamam veikimui b\u016btina reguliariai tepti hidrauline alyva.<\/li>\n<\/ul>\n<p><img decoding=\"async\" src=\"https:\/\/www.hydraulic-cylinders.net\/wp-content\/uploads\/2025\/01\/songte-cylinder-head-with-all-kinds-excavator-models.webp\" alt=\"Svirties cilindro cilindro galvut\u0117s vaizdas\"><\/p>\n<h2>Reguliarus patikrinimas ir prevencin\u0117 prie\u017ei\u016bra<\/h2>\n<ul>\n<li>Reguliariai tikrinkite svirties cilindr\u0105, ar n\u0117ra nuot\u0117ki\u0173, pa\u017eeidim\u0173 ar ne\u012fprasto susid\u0117v\u0117jimo po\u017eymi\u0173.<\/li>\n<li>U\u017etikrinkite tinkam\u0105 cilindro sutepim\u0105 ir pakeiskite hidraulin\u0119 alyv\u0105, kaip rekomenduoja gamintojas.<\/li>\n<li>Priver\u017ekite visas atsilaisvinusias jungtis ir jungiam\u0105sias detales.<\/li>\n<li>Patikrinkite ir pakeiskite susid\u0117v\u0117jusius sandariklius arba pa\u017eeistus komponentus.<\/li>\n<\/ul>\n<h2>Produkto diegimo vadovas<\/h2>\n<p>Nor\u0117dami teisingai sumontuoti cilindro svirt\u012f, atlikite \u0161iuos veiksmus:<\/p>\n<ol>\n<li>Paruo\u0161kite ekskavatori\u0173 arba technik\u0105 u\u017etikrindami, kad jie b\u016bt\u0173 pastatyti ant stabilaus pavir\u0161iaus, o hidraulin\u0117je sistemoje neb\u016bt\u0173 sl\u0117gio.<\/li>\n<li>Pad\u0117kite svirties cilindr\u0105 nurodytoje tvirtinimo vietoje, sulygiuodami tvirtinimo ta\u0161kus.<\/li>\n<li>Tvirtai pritvirtinkite cilindr\u0105 naudodami tinkamus var\u017etus ir u\u017etikrinkite tinkam\u0105 sulygiavim\u0105.<\/li>\n<li>Prijunkite hidraulines \u017earnas ir jungiam\u0105sias detales pagal gamintojo instrukcijas.<\/li>\n<li>Dar kart\u0105 patikrinkite visas jungtis ir, jei reikia, priver\u017ekite.<\/li>\n<li>Patikrinkite svirties cilindro veikim\u0105 atlikdami bandom\u0105j\u012f paleidim\u0105.<\/li>\n<\/ol>\n<p><img decoding=\"async\" src=\"https:\/\/www.hydraulic-cylinders.net\/wp-content\/uploads\/2025\/01\/songte-bushings-with-all-kinds-of-excavator-models.webp\" alt=\"Svirties cilindro \u012fvori\u0173 vaizdas\"><\/p>\n<h2>Saugos aspektai ir aplinkos veiksniai<\/h2>\n<p>Naudojant svirtinius cilindrus, labai svarbu laikytis saugos priemoni\u0173, kad b\u016bt\u0173 i\u0161vengta nelaiming\u0173 atsitikim\u0173 ir u\u017etikrinta aplinkos apsauga. Teikite pirmenyb\u0119 saugai:<\/p>\n<ul>\n<li>Tinkamai apmokyti operatorius apie \u012frangos naudojim\u0105 ir saugos proced\u016bras.<\/li>\n<li>Reguliariai tikrinkite cilindr\u0105 ir susijusius komponentus, ar n\u0117ra susid\u0117v\u0117jimo, pa\u017eeidim\u0173 ar gedim\u0173 po\u017eymi\u0173.<\/li>\n<li>Atliekant technin\u0117s prie\u017ei\u016bros ar remonto darbus, naudokite tinkamas asmenines apsaugos priemones, tokias kaip pir\u0161tin\u0117s ir apsauginiai akiniai.<\/li>\n<li>Tinkamai utilizuoti panaudot\u0105 hidraulin\u0119 alyv\u0105 ir kitas potencialiai pavojingas med\u017eiagas pagal vietinius reikalavimus.<\/li>\n<\/ul>\n<p><img decoding=\"async\" src=\"https:\/\/www.hydraulic-cylinders.net\/wp-content\/uploads\/2025\/01\/songte-chushion-collar.webp\" alt=\"Rankos cilindro pagalv\u0117l\u0117s apykakl\u0117s vaizdas\"><\/p>\n<h2>Trik\u010di\u0173 \u0161alinimas ir da\u017eniausiai pasitaikan\u010dios problemos<\/h2>\n<p>Kai kurios da\u017eniausios problemos, galin\u010dios kilti naudojant svirtinius cilindrus, yra \u0161ios:<\/p>\n<ul>\n<li>Hidraulinio skys\u010dio nuot\u0117kis<\/li>\n<li>Suma\u017e\u0117jusi k\u0117limo j\u0117ga arba ribotas rankos judesys<\/li>\n<li>Per didelis triuk\u0161mas eksploatacijos metu<\/li>\n<\/ul>\n<p>Nor\u0117dami i\u0161spr\u0119sti \u0161ias problemas:<\/p>\n<ul>\n<li>Patikrinkite, ar n\u0117ra pa\u017eeist\u0173 sandarikli\u0173 ar jung\u010di\u0173, ir prireikus pakeiskite.<\/li>\n<li>Patikrinkite hidraulin\u0119 sistem\u0105, ar n\u0117ra u\u017esikim\u0161im\u0173 ar gedim\u0173.<\/li>\n<li>U\u017etikrinkite tinkam\u0105 judan\u010di\u0173 dali\u0173 sutepim\u0105.<\/li>\n<\/ul>\n<p>Prevencin\u0117s priemon\u0117s apima:<\/p>\n<ul>\n<li>Reguliariai tikrinkite ir pri\u017ei\u016br\u0117kite svirties cilindr\u0105 pagal gamintojo nurodymus.<\/li>\n<li>Ma\u0161in\u0173 valdymas nevir\u0161ijant nustatyt\u0173 apkrovos rib\u0173 ir eksploatavimo parametr\u0173.<\/li>\n<li>Reguliariai valykite ir tepkite cilindr\u0105.<\/li>\n<\/ul>\n<p><img decoding=\"async\" src=\"https:\/\/www.hydraulic-cylinders.net\/wp-content\/uploads\/2025\/01\/songte-company-4.webp\" alt=\"\u201eSongte\u201c \u012fmon\u0117s \u012fvaizdis\"><br \/>\n<img decoding=\"async\" src=\"https:\/\/www.hydraulic-cylinders.net\/wp-content\/uploads\/2025\/01\/songte-company-3.webp\" alt=\"\u201eSongte\u201c \u012fmon\u0117s \u012fvaizdis\"><\/p>\n<p>Esame profesionalus pakaitini\u0173 hidraulini\u0173 cilindr\u0173 gamintojas, si\u016blantis plat\u0173 gamini\u0173 asortiment\u0105. Tapome vienu i\u0161 pirmaujan\u010di\u0173 hidraulini\u0173 cilindr\u0173 gamintoj\u0173 ir didmenini\u0173 platintoj\u0173 vidaus ir tarptautin\u0117se rinkose. Siekdami meistri\u0161kumo, nuolat tobuliname savo technines \u017einias ir gamybos efektyvum\u0105, diegdami pa\u017eangius gamybos procesus ir kokyb\u0117s kontrol\u0117s sistemas. Diegdami auk\u0161\u010diausios klas\u0117s skaitmenin\u0119 gamybos \u012frang\u0105 ir profesionalias bandym\u0173 sistemas, turime didel\u012f geb\u0117jim\u0105 diegti naujoves. M\u016bs\u0173 tikslas \u2013 efektyviai, tiksliai ir auk\u0161tos kokyb\u0117s produktais patenkinti \u012fvairius klient\u0173 poreikius.<\/p>\n<p>M\u016bs\u0173 \u012fmon\u0117 did\u017eiuojasi:<\/p>\n<ul>\n<li>Profesionalumas<\/li>\n<li>Tarptautiniai sertifikatai<\/li>\n<li>Pritaikymo paslaugos<\/li>\n<li>Pa\u017eangiausia gamybos \u012franga<\/li>\n<li>Aptarnavimas po pardavimo<\/li>\n<\/ul>\n<p>Autorius: lyl<\/p>\n<p><\/body><br \/>\n<\/html><\/p>","protected":false},"excerpt":{"rendered":"<p>Arm Cylinder For JCM Large Excavator MC456LC-8 Arm Cylinder For JCM Large Excavator MC456LC-8 Introduction The Arm Cylinder is a specially designed hydraulic cylinder that provides linear motion and power to the arm of various machinery, such as excavators, cranes, and robotic arms. It plays a crucial role in hydraulic systems, enabling the efficient movement [&hellip;]<\/p>","protected":false},"featured_media":14786,"comment_status":"open","ping_status":"closed","template":"","meta":{"_et_pb_use_builder":"","_et_pb_old_content":"","_et_gb_content_width":""},"product_brand":[],"product_cat":[1497],"product_tag":[1498,1496],"class_list":{"0":"post-16606","1":"product","2":"type-product","3":"status-publish","4":"has-post-thumbnail","6":"product_cat-arm-cylinders","7":"product_tag-arm-cylinders","8":"product_tag-hydraulic-cylinders","10":"first","11":"instock","12":"shipping-taxable","13":"product-type-simple"},"amp_enabled":true,"_links":{"self":[{"href":"https:\/\/www.hydraulic-cylinders.net\/lt\/wp-json\/wp\/v2\/product\/16606","targetHints":{"allow":["GET"]}}],"collection":[{"href":"https:\/\/www.hydraulic-cylinders.net\/lt\/wp-json\/wp\/v2\/product"}],"about":[{"href":"https:\/\/www.hydraulic-cylinders.net\/lt\/wp-json\/wp\/v2\/types\/product"}],"replies":[{"embeddable":true,"href":"https:\/\/www.hydraulic-cylinders.net\/lt\/wp-json\/wp\/v2\/comments?post=16606"}],"wp:featuredmedia":[{"embeddable":true,"href":"https:\/\/www.hydraulic-cylinders.net\/lt\/wp-json\/wp\/v2\/media\/14786"}],"wp:attachment":[{"href":"https:\/\/www.hydraulic-cylinders.net\/lt\/wp-json\/wp\/v2\/media?parent=16606"}],"wp:term":[{"taxonomy":"product_brand","embeddable":true,"href":"https:\/\/www.hydraulic-cylinders.net\/lt\/wp-json\/wp\/v2\/product_brand?post=16606"},{"taxonomy":"product_cat","embeddable":true,"href":"https:\/\/www.hydraulic-cylinders.net\/lt\/wp-json\/wp\/v2\/product_cat?post=16606"},{"taxonomy":"product_tag","embeddable":true,"href":"https:\/\/www.hydraulic-cylinders.net\/lt\/wp-json\/wp\/v2\/product_tag?post=16606"}],"curies":[{"name":"wp","href":"https:\/\/api.w.org\/{rel}","templated":true}]}}