{"id":16612,"date":"2025-01-21T05:37:50","date_gmt":"2025-01-21T05:37:50","guid":{"rendered":"https:\/\/www.hydraulic-cylinders.net\/product\/arm-cylinder-for-ihi-small-excavator-ihi8ons\/"},"modified":"2025-01-21T05:37:52","modified_gmt":"2025-01-21T05:37:52","slug":"arm-cylinder-for-ihi-small-excavator-ihi8ons","status":"publish","type":"product","link":"https:\/\/www.hydraulic-cylinders.net\/lt\/produktas\/arm-cylinder-for-ihi-small-excavator-ihi8ons\/","title":{"rendered":"IHI ma\u017eo ekskavatoriaus IHI8ONS rankenos cilindras"},"content":{"rendered":"<h1>IHI ma\u017eo ekskavatoriaus IHI8ONS rankenos cilindras<\/h1>\n<h2>\u012evadas<\/h2>\n<p>Svirties cilindras yra specialiai suprojektuotas hidraulinis cilindras, u\u017etikrinantis tiesin\u012f jud\u0117jim\u0105 ir gali\u0105 \u012fvairi\u0173 ma\u0161in\u0173, toki\u0173 kaip ekskavatoriai, kranai ir mechanin\u0117s svirtys, svir\u010diai. Svirties cilindras atlieka labai svarb\u0173 vaidmen\u012f hidraulin\u0117je sistemoje, nes leid\u017eia priedams ar priedams efektyviai jud\u0117ti ir valdyti. \u0160ie cilindrai ne tik u\u017etikrina skland\u0173 jud\u0117jim\u0105, bet ir atlaiko dideles apkrovas, u\u017etikrindami efektyv\u0173 ma\u0161in\u0173 veikim\u0105 ir patikimum\u0105 \u012fvairiomis eksploatavimo s\u0105lygomis.<\/p>\n<p><img decoding=\"async\" src=\"https:\/\/www.hydraulic-cylinders.net\/wp-content\/uploads\/2025\/01\/songte-company-2.webp\" alt=\"Svirties cilindro vaizdas\"><\/p>\n<h2>Rankenos cilindro savyb\u0117s<\/h2>\n<ul>\n<li>Didelio efektyvumo transmisija: Svirties cilindras u\u017etikrina galing\u0105 tiesin\u012f judes\u012f ir j\u0117g\u0105, u\u017etikrindamas auk\u0161t\u0105 mechanini\u0173 svir\u010di\u0173 na\u0161um\u0105 atliekant \u012fvairias operacijas.<\/li>\n<li>Tikslus valdymas: Hidraulin\u0117s sistemos d\u0117ka rankos cilindras gali tiksliai valdyti judes\u012f, tod\u0117l pried\u0173 valdymas tampa lankstesnis ir tikslesnis.<\/li>\n<li>Stiprus patvarumas: Svirties cilindras paprastai pagamintas i\u0161 didelio stiprumo med\u017eiag\u0173, kurios pasi\u017eymi geru atsparumu dilimui ir korozijai, tod\u0117l tinka ilgalaikiam naudojimui at\u0161iauriomis s\u0105lygomis.<\/li>\n<li>Daugiafunkcinis pritaikomumas: \u0160ie cilindrai gali b\u016bti pla\u010diai naudojami \u012fvairiuose mechaniniuose \u012frenginiuose, tokiuose kaip ekskavatoriai, kranai ir mechanin\u0117s rankenos, prisitaikant prie skirting\u0173 darbo reikalavim\u0173.<\/li>\n<li>Lengva prie\u017ei\u016bra: Projektuojant atsi\u017evelgta \u012f paprast\u0105 prie\u017ei\u016br\u0105 ir keitim\u0105, tod\u0117l reguliari ap\u017ei\u016bra ir technin\u0117 prie\u017ei\u016bra yra patogesni, o \u012frangos prastovos laikas sutrump\u0117ja.<\/li>\n<\/ul>\n<p>Mes galime puikiai pagaminti \u0161\u012f produkt\u0105, kad pakeistume \u0161iuos hidraulinius cilindrus.<\/p>\n<p><img decoding=\"async\" src=\"https:\/\/www.hydraulic-cylinders.net\/wp-content\/uploads\/2025\/01\/songte-oil-pipes-and-spare-parts.webp\" alt=\"Naftos vamzd\u017ei\u0173 vaizdas\"><\/p>\n<h2>Rankinio cilindro pritaikymas<\/h2>\n<p>Svirtinis cilindras turi plat\u0173 pritaikymo spektr\u0105:<\/p>\n<h3>1. Statybos in\u017einerija<\/h3>\n<p>Ekskavatoriuose ir kranuose svirties cilindras naudojamas kau\u0161\u0173 arba str\u0117li\u0173 jud\u0117jimui valdyti atliekant \u017eem\u0117s darbus, med\u017eiag\u0173 tvarkym\u0105 ir konstrukcij\u0173 montavim\u0105.<\/p>\n<h3>2. Gamyba<\/h3>\n<p>Automatizuotose gamybos linijose svirties cilindras naudojamas mechanini\u0173 svir\u010di\u0173 judinimui, pvz., surinkimui, suvirinimui ir tvarkymui, siekiant pagerinti gamybos efektyvum\u0105 ir tikslum\u0105.<\/p>\n<h3>3. \u017dem\u0117s \u016bkio technika<\/h3>\n<p>\u017dem\u0117s \u016bkio technikose, tokiose kaip derliaus nu\u0117mimo ma\u0161inos ir sodinamosios, svirties cilindras valdo valdymo svirties judes\u012f, kad b\u016bt\u0173 galima atlikti tokias u\u017eduotis kaip s\u0117ja, tr\u0119\u0161imas ir derliaus nu\u0117mimas.<\/p>\n<h3>4. Kasyba<\/h3>\n<p>Kasybos \u012frangoje rankos cilindras naudojamas kasybos \u012frangos rankos jud\u0117jimui valdyti r\u016bdos kasybai ir transportavimui.<\/p>\n<h3>5. Logistika ir transportas<\/h3>\n<p>\u0160akiniuose krautuvuose ir tvarkymo robotuose rankos cilindras naudojamas \u0161aki\u0173 k\u0117limui ir jud\u0117jimui valdyti, transportuojant ir sukraunant med\u017eiagas.<\/p>\n<p><img decoding=\"async\" src=\"https:\/\/www.hydraulic-cylinders.net\/wp-content\/uploads\/2025\/01\/songte-chushion-collar.webp\" alt=\"Chushion apykakl\u0117s vaizdas\"><\/p>\n<h2>Projektavimo aspektai ir atrankos standartai<\/h2>\n<p>Svirties cilindras turi pasi\u017eym\u0117ti didele laikom\u0105ja galia, geru sandarumu, ilgaam\u017ei\u0161kumu, saugumu ir prie\u017ei\u016bra. \u010cia pateikiami projektavimo aspektai ir pasirinkimo standartai:<\/p>\n<h3>1. Apkrovos paj\u0117gumas<\/h3>\n<p>Svirties cilindras turi b\u016bti pakankamai tvirtas ir standus, kad atlaikyt\u0173 eksploatacijos metu veikian\u010di\u0105 apkrov\u0105 ir j\u0117g\u0105.<\/p>\n<h3>2. Sandarinimo efektyvumas<\/h3>\n<p>Svirties cilindras turi b\u016bti gerai sandarus, kad b\u016bt\u0173 i\u0161vengta alyvos nutek\u0117jimo ir u\u017etikrintas normalus hidraulin\u0117s sistemos veikimas. Naudojame \u012fvairius sandariklius, tokius kaip st\u016bmoklio sandarikliai, strypo sandarikliai ir kitos atsparios dilimui med\u017eiagos, tokios kaip poliuretanas ir nitrilo kau\u010diukas.<\/p>\n<h3>3. Patvarumas<\/h3>\n<p>Svirties cilindras turi b\u016bti pagamintas i\u0161 didelio stiprumo med\u017eiag\u0173, pasi\u017eymin\u010di\u0173 geru atsparumu dilimui ir korozijai, kad b\u016bt\u0173 u\u017etikrintas ilgalaikis naudojimas at\u0161iauriomis s\u0105lygomis. Cilindro korpusas ir sriegio galo pavir\u0161ius yra kruop\u0161\u010diai apdirbti, siekiant pagerinti atsparum\u0105 dilimui.<\/p>\n<h3>4. Saugumas<\/h3>\n<p>Svirtinis cilindras turi b\u016bti suprojektuotas atsi\u017evelgiant \u012f saugum\u0105, kad b\u016bt\u0173 i\u0161vengta nelaiming\u0173 atsitikim\u0173 d\u0117l cilindro gedimo. Mes naudojame pa\u017eangias aptikimo sistemas, kad u\u017etikrintume savo gamini\u0173 saug\u0105 ir patikimum\u0105.<\/p>\n<h3>5. Prie\u017ei\u016bra<\/h3>\n<p>Svirties cilindras turi b\u016bti suprojektuotas taip, kad j\u012f b\u016bt\u0173 lengva pri\u017ei\u016br\u0117ti ir pakeisti, siekiant suma\u017einti \u012frangos prastov\u0105. Savo klientams teikiame reguliarias patikros ir prie\u017ei\u016bros paslaugas.<\/p>\n<p><img decoding=\"async\" src=\"https:\/\/www.hydraulic-cylinders.net\/wp-content\/uploads\/2025\/01\/songte-cylinder-head-with-all-kinds-excavator-models.webp\" alt=\"Cilindro galvut\u0117s vaizdas\"><\/p>\n<h2>Svirties cilindro sandarinimas ir tepimas<\/h2>\n<p>Mes naudojame \u012fvairius sandariklius, tokius kaip st\u016bmokli\u0173 ir kot\u0173 sandarikliai, pagamintus i\u0161 atspari\u0173 dilimui med\u017eiag\u0173, toki\u0173 kaip poliuretanas ir nitrilo kau\u010diukas. Cilindro korpusas ir sriegio galo pavir\u0161ius yra kruop\u0161\u010diai apdirbti, siekiant pagerinti atsparum\u0105 dilimui. Reguliariai \u012fpilant reikiam\u0105 kiek\u012f hidraulin\u0117s alyvos, galima efektyviai sutepti cilindr\u0105 ir pailginti jo tarnavimo laik\u0105.<\/p>\n<h2>Reguliarus patikrinimas ir prevencin\u0117 prie\u017ei\u016bra<\/h2>\n<p>Norint u\u017etikrinti normal\u0173 svirties cilindro veikim\u0105, b\u016btina reguliariai j\u012f ap\u017ei\u016br\u0117ti ir atlikti profilaktin\u0119 prie\u017ei\u016br\u0105. \u0160tai priemon\u0117s:<\/p>\n<h3>1. Reguliarus patikrinimas<\/h3>\n<p>Patikrinkite cilindro korpus\u0105, ar n\u0117ra susid\u0117v\u0117jimo, pa\u017eeidim\u0173 ir nuot\u0117ki\u0173. Patikrinkite, ar cilindro kotas n\u0117ra sulenktas, korozijos pa\u017eeistas ir \u012fbr\u0117\u017etas. Patikrinkite, ar sandarikliai n\u0117ra pa\u017eeisti ir susid\u0117v\u0117j\u0119. Patikrinkite hidraulin\u0117s sistemos alyvos lyg\u012f ir \u0161var\u0105.<\/p>\n<h3>2. Profilaktin\u0117 prie\u017ei\u016bra<\/h3>\n<p>Laiku pakeiskite pa\u017eeistus sandariklius. Reguliariai sutepkite cilindr\u0105. Reguliariai valykite hidraulin\u0119 sistem\u0105. Laiku keiskite hidraulin\u0119 alyv\u0105. Patikrinkite var\u017et\u0173 jung\u010di\u0173 tvirtum\u0105.<\/p>\n<h2>Produkto diegimo vadovas<\/h2>\n<p>\u010cia pateikiamas teisingas svirties cilindro montavimo vadovas:<\/p>\n<h3>1. Pasiruo\u0161imas<\/h3>\n<p>Paruo\u0161kite montavimo viet\u0105 ir reikalingus montavimo \u012frankius. Nuvalykite montavimo viet\u0105 ir cilindro pavir\u0161i\u0173. Patikrinkite cilindro ir jungiam\u0173j\u0173 dali\u0173 suderinamum\u0105.<\/p>\n<h3>2. \u012erengimas<\/h3>\n<p>Sumontuokite cilindr\u0105 pagal montavimo instrukcijas. Cilindras turi b\u016bti sumontuotas vertikaliai. Sureguliuokite pad\u0117t\u012f ir priver\u017ekite var\u017etus. Prijunkite hidraulin\u0119 sistem\u0105 ir patikrinkite, ar n\u0117ra nuot\u0117ki\u0173.<\/p>\n<p><img decoding=\"async\" src=\"https:\/\/www.hydraulic-cylinders.net\/wp-content\/uploads\/2025\/01\/songte-bushings-with-all-kinds-of-excavator-models.webp\" alt=\"\u012evori\u0173 vaizdas\"><\/p>\n<h2>Saugos aspektai ir aplinkos veiksniai<\/h2>\n<p>Naudojant svirties cilindr\u0105, saugumas yra labai svarbus. \u0160tai keletas saugos aspekt\u0173:<\/p>\n<h3>1. Saugos priemon\u0117s<\/h3>\n<ul>\n<li>Dirbdami su cilindru, d\u0117v\u0117kite apsaugines priemones.<\/li>\n<li>Niekada nevir\u0161ykite cilindro vardin\u0117s apkrovos ir sl\u0117gio.<\/li>\n<li>Niekada nemodifikuokite cilindro.<\/li>\n<li>Niekada neardykite cilindro be profesionalios pagalbos.<\/li>\n<\/ul>\n<p>Aplinkos veiksniai gali tur\u0117ti \u012ftakos svirties cilindro veikimui ir tarnavimo laikui. \u0160tai keletas aplinkos veiksni\u0173:<\/p>\n<h3>1. Aplinkos veiksniai<\/h3>\n<ul>\n<li>Temperat\u016bra<\/li>\n<li>Dr\u0117gm\u0117<\/li>\n<li>Dulk\u0117s<\/li>\n<li>\u0116sdinan\u010dios med\u017eiagos<\/li>\n<\/ul>\n<h2>Trik\u010di\u0173 \u0161alinimas ir da\u017eniausios problemos<\/h2>\n<p>\u0160tai keletas da\u017eniausiai pasitaikan\u010di\u0173 svirties cilindro problem\u0173 ir trik\u010di\u0173 \u0161alinimo patarim\u0173:<\/p>\n<h3>1. Nuot\u0117kis<\/h3>\n<p>Sprendimas: pakeiskite pa\u017eeistus sandariklius.<\/p>\n<h3>2. Cilindro strypo lenkimas<\/h3>\n<p>Sprendimas: I\u0161tiesinkite arba pakeiskite cilindro kot\u0105.<\/p>\n<h3>3. Nenormalus triuk\u0161mas<\/h3>\n<p>Sprendimas: patikrinkite hidraulin\u0117s alyvos lyg\u012f ir \u0161var\u0105. Patikrinkite var\u017et\u0173 jung\u010di\u0173 tvirtum\u0105.<\/p>\n<h2>Apie m\u016bs\u0173 \u012fmon\u0119<\/h2>\n<p>Esame profesionalus alternatyvi\u0173 hidraulini\u0173 cilindr\u0173 gamintojas, si\u016blantis plat\u0173 gamini\u0173 asortiment\u0105, ir tapome vienu i\u0161 pirmaujan\u010di\u0173 hidraulini\u0173 cilindr\u0173 gamintoj\u0173 ir didmenini\u0173 prekiautoj\u0173 vidaus ir tarptautin\u0117se rinkose. Visada laikom\u0117s kokyb\u0117s puikumo principo, remdamiesi industrializuota gamybos valdymo strategija, sukurta sud\u0117tingame gamybos ceche, kad nuolat tobulintume savo technin\u012f lyg\u012f ir gamybos efektyvum\u0105. \u012ediegdami auk\u0161\u010diausios klas\u0117s skaitmenin\u0119 gamybos \u012frang\u0105 ir profesionalias bandym\u0173 sistemas, nuolat optimizuojame gamybos platform\u0105 ir tobuliname gamini\u0173 kokyb\u0117s kontrol\u0117s proces\u0105, turime stipri\u0173 inovacij\u0173 paj\u0117gum\u0173. M\u016bs\u0173 tikslas \u2013 patenkinti \u012fvairius klient\u0173 poreikius, u\u017etikrinant auk\u0161t\u0105 efektyvum\u0105, tikslum\u0105 ir kokyb\u0119.<\/p>\n<p><img decoding=\"async\" src=\"https:\/\/www.hydraulic-cylinders.net\/wp-content\/uploads\/2025\/01\/songte-company-4.webp\" alt=\"\u012emon\u0117s \u012fvaizdis\"><\/p>\n<h2>M\u016bs\u0173 paslaugos<\/h2>\n<ul>\n<li>Profesionalumas<\/li>\n<li>Tarptautinis sertifikavimas<\/li>\n<li>Pritaikymo paslaugos<\/li>\n<li>Gamybos \u012franga<\/li>\n<li>Aptarnavimas po pardavimo<\/li>\n<\/ul>\n<p><img decoding=\"async\" src=\"https:\/\/www.hydraulic-cylinders.net\/wp-content\/uploads\/2025\/01\/songte-company-3.webp\" alt=\"\u012emon\u0117s \u012fvaizdis\"><\/p>\n<p>Autorius: lyl.<\/p>","protected":false},"excerpt":{"rendered":"<p>Arm Cylinder For IHI Small Excavator IHI8ONS Introduction The arm cylinder is a specially designed hydraulic cylinder that provides linear motion and power to the arm of various machinery such as excavators, cranes, and mechanical arms. The arm cylinder plays a crucial role in the hydraulic system, enabling attachments or accessories to move and control [&hellip;]<\/p>","protected":false},"featured_media":14770,"comment_status":"open","ping_status":"closed","template":"","meta":{"_et_pb_use_builder":"","_et_pb_old_content":"","_et_gb_content_width":""},"product_brand":[],"product_cat":[1497],"product_tag":[1498,1496],"class_list":{"0":"post-16612","1":"product","2":"type-product","3":"status-publish","4":"has-post-thumbnail","6":"product_cat-arm-cylinders","7":"product_tag-arm-cylinders","8":"product_tag-hydraulic-cylinders","10":"first","11":"instock","12":"shipping-taxable","13":"product-type-simple"},"amp_enabled":true,"_links":{"self":[{"href":"https:\/\/www.hydraulic-cylinders.net\/lt\/wp-json\/wp\/v2\/product\/16612","targetHints":{"allow":["GET"]}}],"collection":[{"href":"https:\/\/www.hydraulic-cylinders.net\/lt\/wp-json\/wp\/v2\/product"}],"about":[{"href":"https:\/\/www.hydraulic-cylinders.net\/lt\/wp-json\/wp\/v2\/types\/product"}],"replies":[{"embeddable":true,"href":"https:\/\/www.hydraulic-cylinders.net\/lt\/wp-json\/wp\/v2\/comments?post=16612"}],"wp:featuredmedia":[{"embeddable":true,"href":"https:\/\/www.hydraulic-cylinders.net\/lt\/wp-json\/wp\/v2\/media\/14770"}],"wp:attachment":[{"href":"https:\/\/www.hydraulic-cylinders.net\/lt\/wp-json\/wp\/v2\/media?parent=16612"}],"wp:term":[{"taxonomy":"product_brand","embeddable":true,"href":"https:\/\/www.hydraulic-cylinders.net\/lt\/wp-json\/wp\/v2\/product_brand?post=16612"},{"taxonomy":"product_cat","embeddable":true,"href":"https:\/\/www.hydraulic-cylinders.net\/lt\/wp-json\/wp\/v2\/product_cat?post=16612"},{"taxonomy":"product_tag","embeddable":true,"href":"https:\/\/www.hydraulic-cylinders.net\/lt\/wp-json\/wp\/v2\/product_tag?post=16612"}],"curies":[{"name":"wp","href":"https:\/\/api.w.org\/{rel}","templated":true}]}}