{"id":16622,"date":"2025-01-21T05:38:33","date_gmt":"2025-01-21T05:38:33","guid":{"rendered":"https:\/\/www.hydraulic-cylinders.net\/product\/arm-cylinder-for-bobcat-small-excavator-e45\/"},"modified":"2025-01-21T05:38:35","modified_gmt":"2025-01-21T05:38:35","slug":"arm-cylinder-for-bobcat-small-excavator-e45","status":"publish","type":"product","link":"https:\/\/www.hydraulic-cylinders.net\/lt\/produktas\/arm-cylinder-for-bobcat-small-excavator-e45\/","title":{"rendered":"Bobcat ma\u017eo ekskavatoriaus E45 rankenos cilindras"},"content":{"rendered":"<h2>Bobcat ma\u017eo ekskavatoriaus E45 rankenos cilindras<\/h2>\n<h3>Apibr\u0117\u017eimas ir paai\u0161kinimas<\/h3>\n<p>Svirties cilindras yra specialiai sukurtas hidraulinis cilindras, kuris pirmiausia naudojamas linijiniam judesiui ir galiai u\u017etikrinti \u012fvairi\u0173 tip\u0173 ma\u0161in\u0173, toki\u0173 kaip ekskavatoriai, kranai ir robotin\u0117s svirtys, svirtims. Svirties cilindrai atlieka pagrindin\u012f vaidmen\u012f hidraulin\u0117se sistemose, nes leid\u017eia efektyviai jud\u0117ti ir valdyti pritvirtinamus \u012frankius ar priedus. \u0160ie cilindrai ne tik u\u017etikrina skland\u0173 jud\u0117jim\u0105, bet ir atlaiko dideles apkrovas, u\u017etikrindami efektyv\u0173 ma\u0161inos veikim\u0105 ir patikimum\u0105 \u012fvairiomis eksploatavimo s\u0105lygomis.<\/p>\n<p><img decoding=\"async\" src=\"https:\/\/www.hydraulic-cylinders.net\/wp-content\/uploads\/2025\/01\/songte-company-2.webp\"><\/p>\n<h3>Savyb\u0117s<\/h3>\n<ul>\n<li>Didelio efektyvumo vairavimas<\/li>\n<li>Tikslus valdymas<\/li>\n<li>Patvarus<\/li>\n<li>Daugiafunkcinis prisitaikymas<\/li>\n<li>Lengva prie\u017ei\u016bra<\/li>\n<\/ul>\n<p>Svirtiniai cilindrai u\u017etikrina galing\u0105 tiesin\u012f judes\u012f ir j\u0117g\u0105, kad b\u016bt\u0173 u\u017etikrintas didelis efektyvumas atliekant \u012fvairias operacijas. Hidraulin\u0117s sistemos leid\u017eia tiksliai valdyti judesius, tod\u0117l pritvirtinam\u0173 \u012franki\u0173 valdymas yra lankstesnis ir tikslesnis. Svirtiniai cilindrai paprastai gaminami i\u0161 didelio stiprumo med\u017eiag\u0173, yra atspar\u016bs dilimui ir korozijai, tod\u0117l tinka ilgalaikiam naudojimui at\u0161iauriomis s\u0105lygomis. \u0160ie cilindrai turi plat\u0173 pritaikymo spektr\u0105, \u012fskaitant ekskavatorius, kranus ir robotines rankas. J\u0173 konstrukcija leid\u017eia lengvai juos pri\u017ei\u016br\u0117ti ir keisti, taip suma\u017einant \u012frangos prastovas.<\/p>\n<p><img decoding=\"async\" src=\"https:\/\/www.hydraulic-cylinders.net\/wp-content\/uploads\/2025\/01\/songte-oil-pipes-and-spare-parts.webp\"><\/p>\n<h3>Parai\u0161kos<\/h3>\n<p>Svirtiniai cilindrai yra pla\u010diai pritaikomi \u012fvairiose pramon\u0117s \u0161akose, \u012fskaitant:<\/p>\n<ul>\n<li>Statybos in\u017einerija<\/li>\n<li>Gamyba<\/li>\n<li>\u017dem\u0117s \u016bkio technika<\/li>\n<li>Kasyba<\/li>\n<li>Logistika ir transportas<\/li>\n<\/ul>\n<p>Statyb\u0173 in\u017einerijoje svir\u010di\u0173 cilindrai naudojami ekskavatori\u0173 ir kran\u0173 kau\u0161\u0173 ar str\u0117li\u0173 jud\u0117jimui valdyti, atliekant \u017eem\u0117s darbus, med\u017eiag\u0173 tvarkym\u0105 ir konstrukcij\u0173 montavimo u\u017eduotis. Gamyboje svir\u010di\u0173 cilindrai naudojami robot\u0173 svir\u010di\u0173 jud\u0117jimui surinkimo, suvirinimo ir tvarkymo procesuose, siekiant pagerinti gamybos efektyvum\u0105 ir tikslum\u0105. \u017dem\u0117s \u016bkio technikoje svir\u010di\u0173 cilindrai valdo darbo svir\u010di\u0173 jud\u0117jim\u0105 tokiose u\u017eduotyse kaip s\u0117ja, tr\u0119\u0161imas ir derliaus nu\u0117mimas. Kasyboje svir\u010di\u0173 cilindrai naudojami kasybos \u012frangos svir\u010di\u0173 jud\u0117jimui valdyti r\u016bdos kasyboje ir tvarkyme. Logistikoje ir transporte svir\u010di\u0173 cilindrai naudojami krovinini\u0173 \u0161aki\u0173 k\u0117limui ir jud\u0117jimui valdyti \u0161akiniuose krautuvuose ir tvarkymo robotuose, skirtuose med\u017eiag\u0173 tvarkymui ir krovimui.<\/p>\n<h3>Projektavimo aspektai ir atrankos kriterijai<\/h3>\n<p>Kalbant apie konstrukcinius aspektus, cilindro formos rankenos tur\u0117t\u0173 tur\u0117ti \u0161ias charakteristikas:<\/p>\n<ul>\n<li>Guoli\u0173 talpa<\/li>\n<li>Sandarinimo efektyvumas<\/li>\n<li>Patvarumas<\/li>\n<li>Saugumas<\/li>\n<li>Prie\u017ei\u016bra<\/li>\n<\/ul>\n<p>Svirties cilindrai turi atlaikyti maksimali\u0105 \u012frangos ir pried\u0173 apkrov\u0105. Svirties cilindro sandarumas tiesiogiai veikia hidraulin\u0117s sistemos patikimum\u0105 ir tarnavimo laik\u0105. Cilindro patvarumas yra b\u016btinas norint u\u017etikrinti cilindro tarnavimo laik\u0105 ir saug\u0173 \u012frangos veikim\u0105. Saugi svirties cilindro konstrukcija u\u017etikrina saug\u0173 \u012frangos veikim\u0105 ir apsaugo operatori\u0173. Svirties cilindro prie\u017ei\u016bra palengvina technin\u0119 prie\u017ei\u016br\u0105 ir keitim\u0105, taip suma\u017einant \u012frangos prastovas.<\/p>\n<p><img decoding=\"async\" src=\"https:\/\/www.hydraulic-cylinders.net\/wp-content\/uploads\/2025\/01\/songte-cylinder-head-with-all-kinds-excavator-models.webp\"><\/p>\n<h3>Sandarinimas ir tepimas<\/h3>\n<p>Svirtiniuose cilindruose naudojami \u012fvair\u016bs sandarinimo elementai, tokie kaip st\u016bmokli\u0173 sandarikliai, stryp\u0173 sandarikliai ir valytuvai. Sandarikliai pagaminti i\u0161 atspari\u0173 dilimui med\u017eiag\u0173, toki\u0173 kaip poliuretanas ir nitrilo kau\u010diukas. Cilindro korpusas ir srieginis galinis pavir\u0161ius yra kruop\u0161\u010diai apdirbti, siekiant pagerinti atsparum\u0105 dilimui. Svirtinius cilindrus reikia reguliariai tepti hidrauline alyva, kad b\u016bt\u0173 u\u017etikrintas sklandus veikimas ir pailgintas tarnavimo laikas.<\/p>\n<h3>Profilaktin\u0117 prie\u017ei\u016bra<\/h3>\n<p>Reguliarus patikrinimas ir profilaktin\u0117 prie\u017ei\u016bra yra labai svarb\u016bs norint pailginti svirties cilindro tarnavimo laik\u0105 ir u\u017etikrinti saug\u0173 bei efektyv\u0173 \u012frangos veikim\u0105. Reguliar\u016bs patikrinimai tur\u0117t\u0173 apimti cilindro korpuso, st\u016bmoklio koto ir sandarikli\u0173 patikrinim\u0105, ar n\u0117ra pa\u017eeidim\u0173. Reik\u0117t\u0173 patikrinti, ar n\u0117ra hidraulin\u0117s sistemos nuot\u0117ki\u0173, taip pat patikrinti alyvos lyg\u012f ir kokyb\u0119. Taip pat reik\u0117t\u0173 reguliariai tikrinti \u012frangos eksploatavimo s\u0105lygas, kad b\u016bt\u0173 galima nustatyti galimas problemas.<\/p>\n<h3>Diegimo vadovas<\/h3>\n<p>Tinkamas svirties cilindro montavimas yra b\u016btinas norint u\u017etikrinti saug\u0173 ir efektyv\u0173 veikim\u0105. Montavimo procesas turi b\u016bti atliekamas pagal \u012frangos gamintojo instrukcijas, o visos jungtys turi b\u016bti sandariai pritvirtintos. Hidraulin\u0117s linijos ir jungiamosios detal\u0117s turi b\u016bti tinkamai prijungtos, o prie\u0161 paleidim\u0105 hidraulin\u0117 sistema turi b\u016bti i\u0161valyta. Transportavimo ir montavimo metu svirties cilindro st\u016bmoklio kotas turi b\u016bti \u012ftrauktas, kad b\u016bt\u0173 i\u0161vengta pa\u017eeidim\u0173.<\/p>\n<p><img decoding=\"async\" src=\"https:\/\/www.hydraulic-cylinders.net\/wp-content\/uploads\/2025\/01\/songte-bushings-with-all-kinds-of-excavator-models.webp\"><\/p>\n<h3>Saugos aspektai ir aplinkos veiksniai<\/h3>\n<p>Naudojant cilindr\u0105 su rankena, \u012franga turi b\u016bti valdoma pagal gamintojo instrukcijas ir saugos reikalavimus. \u012erangos operatorius turi b\u016bti tinkamai apmokytas ir \u017einoti apie galimus pavojus eksploatacijos metu. Eksploatacijos metu reikia d\u0117v\u0117ti tinkamas apsaugos priemones, tokias kaip apsauginiai akiniai ir pir\u0161tin\u0117s. Eksploatacijos metu taip pat reikia atsi\u017evelgti \u012f aplinkos veiksnius, tokius kaip temperat\u016bra, dr\u0117gm\u0117 ir dulk\u0117s, nes jie gali tur\u0117ti \u012ftakos cilindro veikimui ir tarnavimo laikui.<\/p>\n<h3>Trik\u010di\u0173 \u0161alinimas ir da\u017eniausios problemos<\/h3>\n<p>Da\u017eniausios svirtini\u0173 cilindr\u0173 problemos yra nuot\u0117kis, nepakankama j\u0117ga ir ne\u012fprastas triuk\u0161mas. Problemos prie\u017east\u012f reikia nustatyti atid\u017eiai ap\u017ei\u016br\u0117jus hidraulin\u0119 sistem\u0105 ar \u012frang\u0105. Sprendimai gali apimti pa\u017eeist\u0173 sandarikli\u0173 keitim\u0105, filtro valym\u0105 ar keitim\u0105 arba hidraulin\u0117s sistemos sl\u0117gio reguliavim\u0105. Reguliarus techninis aptarnavimas ir ap\u017ei\u016bra gali pad\u0117ti i\u0161vengti galim\u0173 problem\u0173.<\/p>\n<p><img decoding=\"async\" src=\"https:\/\/www.hydraulic-cylinders.net\/wp-content\/uploads\/2025\/01\/songte-chushion-collar.webp\"><\/p>\n<h3>Apie mus<\/h3>\n<p>Esame profesionalus hidraulini\u0173 cilindr\u0173 gamintojas, si\u016blantis plat\u0173 gamini\u0173 asortiment\u0105, tod\u0117l esame vieni i\u0161 pirmaujan\u010di\u0173 hidraulini\u0173 cilindr\u0173 gamintoj\u0173 ir didmenini\u0173 platintoj\u0173 vidaus ir tarptautin\u0117se rinkose. Visada laikom\u0117s puikios kokyb\u0117s principo ir kruop\u0161\u010diai pagamint\u0173 dirbtuvi\u0173 pramonin\u0117s gamybos valdymo strategijomis remiam\u0117s nuolat gerindami savo technologin\u012f lyg\u012f ir gamybos efektyvum\u0105. \u012ediegdami pa\u017eangi\u0105 skaitmenin\u0119 gamybos \u012frang\u0105 ir profesionalias bandym\u0173 sistemas, optimizuojame gamybos platform\u0105, tobuliname gamini\u0173 kokyb\u0117s kontrol\u0117s procesus ir turime stiprias inovacij\u0173 galimybes. M\u016bs\u0173 tikslas \u2013 patenkinti \u012fvairius klient\u0173 poreikius, taikant auk\u0161t\u0105 efektyvum\u0105, tikslum\u0105 ir auk\u0161tos kokyb\u0117s principus.<\/p>\n<p>M\u016bs\u0173 \u012fmon\u0117 si\u016blo individualiai pritaikytus hidraulini\u0173 cilindr\u0173 gaminius, tarptautin\u012f sertifikat\u0105, gamybos \u012frang\u0105 ir puik\u0173 aptarnavim\u0105 po pardavimo.<\/p>\n<p><img decoding=\"async\" src=\"https:\/\/www.hydraulic-cylinders.net\/wp-content\/uploads\/2025\/01\/songte-company-4.webp\"><br \/>\n<img decoding=\"async\" src=\"https:\/\/www.hydraulic-cylinders.net\/wp-content\/uploads\/2025\/01\/songte-company-3.webp\"><\/p>\n<p>Autorius: lyl<\/p>","protected":false},"excerpt":{"rendered":"<p>Arm Cylinder for Bobcat Small Excavator E45 Definition and Explanation An arm cylinder is a specifically designed hydraulic cylinder that is primarily used to provide linear motion and power to the arms of various types of machinery such as excavators, cranes, and robotic arms. Arm cylinders play a key role in hydraulic systems, allowing for [&hellip;]<\/p>","protected":false},"featured_media":14770,"comment_status":"open","ping_status":"closed","template":"","meta":{"_et_pb_use_builder":"","_et_pb_old_content":"","_et_gb_content_width":""},"product_brand":[],"product_cat":[1497],"product_tag":[1498,1496],"class_list":{"0":"post-16622","1":"product","2":"type-product","3":"status-publish","4":"has-post-thumbnail","6":"product_cat-arm-cylinders","7":"product_tag-arm-cylinders","8":"product_tag-hydraulic-cylinders","10":"first","11":"instock","12":"shipping-taxable","13":"product-type-simple"},"amp_enabled":true,"_links":{"self":[{"href":"https:\/\/www.hydraulic-cylinders.net\/lt\/wp-json\/wp\/v2\/product\/16622","targetHints":{"allow":["GET"]}}],"collection":[{"href":"https:\/\/www.hydraulic-cylinders.net\/lt\/wp-json\/wp\/v2\/product"}],"about":[{"href":"https:\/\/www.hydraulic-cylinders.net\/lt\/wp-json\/wp\/v2\/types\/product"}],"replies":[{"embeddable":true,"href":"https:\/\/www.hydraulic-cylinders.net\/lt\/wp-json\/wp\/v2\/comments?post=16622"}],"wp:featuredmedia":[{"embeddable":true,"href":"https:\/\/www.hydraulic-cylinders.net\/lt\/wp-json\/wp\/v2\/media\/14770"}],"wp:attachment":[{"href":"https:\/\/www.hydraulic-cylinders.net\/lt\/wp-json\/wp\/v2\/media?parent=16622"}],"wp:term":[{"taxonomy":"product_brand","embeddable":true,"href":"https:\/\/www.hydraulic-cylinders.net\/lt\/wp-json\/wp\/v2\/product_brand?post=16622"},{"taxonomy":"product_cat","embeddable":true,"href":"https:\/\/www.hydraulic-cylinders.net\/lt\/wp-json\/wp\/v2\/product_cat?post=16622"},{"taxonomy":"product_tag","embeddable":true,"href":"https:\/\/www.hydraulic-cylinders.net\/lt\/wp-json\/wp\/v2\/product_tag?post=16622"}],"curies":[{"name":"wp","href":"https:\/\/api.w.org\/{rel}","templated":true}]}}