{"id":16624,"date":"2025-01-21T05:38:41","date_gmt":"2025-01-21T05:38:41","guid":{"rendered":"https:\/\/www.hydraulic-cylinders.net\/product\/arm-cylinder-for-bobcat-small-excavator-e85\/"},"modified":"2025-01-21T05:38:43","modified_gmt":"2025-01-21T05:38:43","slug":"arm-cylinder-for-bobcat-small-excavator-e85","status":"publish","type":"product","link":"https:\/\/www.hydraulic-cylinders.net\/lt\/produktas\/arm-cylinder-for-bobcat-small-excavator-e85\/","title":{"rendered":"Bobcat ma\u017eo ekskavatoriaus E85 rankenos cilindras"},"content":{"rendered":"<h2>Bobcat ma\u017eo ekskavatoriaus E85 rankenos cilindras<\/h2>\n<h3>\u012evadas<\/h3>\n<p>Svirties cilindras, dar \u017einomas kaip hidraulinis cilindras, yra specialiai suprojektuota hidraulin\u0117 pavara, naudojama u\u017etikrinti tiesin\u012f jud\u0117jim\u0105 ir gali\u0105 \u012fvairi\u0173 ma\u0161in\u0173, toki\u0173 kaip ekskavatoriai, kranai ir robotin\u0117s svirtys, svirtims. Svirties cilindras atlieka labai svarb\u0173 vaidmen\u012f hidraulin\u0117se sistemose, nes leid\u017eia jud\u0117ti ir valdyti priedus ar priedus. \u0160ie cilindrai ne tik u\u017etikrina skland\u0173 jud\u0117jim\u0105, bet ir atlaiko dideles apkrovas, u\u017etikrindami efektyv\u0173 ma\u0161in\u0173 veikim\u0105 ir patikimum\u0105 \u012fvairiomis eksploatavimo s\u0105lygomis.<\/p>\n<p><img decoding=\"async\" src=\"https:\/\/www.hydraulic-cylinders.net\/wp-content\/uploads\/2025\/01\/songte-company-2.webp\" alt=\"Svirties cilindro vaizdas\" \/><\/p>\n<h3>Savyb\u0117s<\/h3>\n<ul>\n<li><strong>Didelio efektyvumo energijos perdavimas:<\/strong> Svirties cilindras gali u\u017etikrinti galing\u0105 tiesin\u012f judes\u012f ir j\u0117g\u0105, u\u017etikrindamas auk\u0161t\u0105 ma\u0161inos svirties efektyvum\u0105 \u012fvairi\u0173 operacij\u0173 metu.<\/li>\n<li><strong>Tikslus valdymas:<\/strong> Hidraulini\u0173 sistem\u0173 d\u0117ka rankos cilindras gali tiksliai valdyti judes\u012f, tod\u0117l pritvirtint\u0173 \u012franki\u0173 valdymas tampa lankstesnis ir tikslesnis.<\/li>\n<li><strong>Patvarus:<\/strong> Svirtiniai cilindrai paprastai gaminami i\u0161 didelio stiprumo med\u017eiag\u0173, pasi\u017eymi geru atsparumu dilimui ir korozijai, tod\u0117l tinkami ilgalaikiam naudojimui at\u0161iauriomis s\u0105lygomis.<\/li>\n<li><strong>Daugiafunkcinis prisitaikymas:<\/strong> \u0160ie cilindrai gali b\u016bti pla\u010diai naudojami \u012fvairiuose mechaniniuose \u012frenginiuose, tokiuose kaip ekskavatoriai, kranai ir robotin\u0117s rankos, pritaikant juos skirtingiems darbo reikalavimams.<\/li>\n<li><strong>Lengva prie\u017ei\u016bra:<\/strong> Sukurta taip, kad b\u016bt\u0173 lengva pri\u017ei\u016br\u0117ti ir keisti, reguliari ap\u017ei\u016bra ir prie\u017ei\u016bra tampa patogesni, tod\u0117l sutrump\u0117ja \u012frangos prastova.<\/li>\n<\/ul>\n<p>Mes galime pagaminti \u0161\u012f produkt\u0105 ir pasi\u016blyti puik\u0173 \u0161i\u0173 hidraulini\u0173 cilindr\u0173 pakaital\u0105.<\/p>\n<p><img decoding=\"async\" src=\"https:\/\/www.hydraulic-cylinders.net\/wp-content\/uploads\/2025\/01\/songte-oil-pipes-and-spare-parts.webp\" alt=\"Hidraulinio cilindro dali\u0173 vaizdas\" \/><\/p>\n<h3>Parai\u0161ka<\/h3>\n<p>Svirtiniai cilindrai yra \u012fvairiai pritaikomi \u012fvairiose pramon\u0117s \u0161akose:<\/p>\n<ul>\n<li><strong>Statybos in\u017einerija:<\/strong> Svirtiniai cilindrai naudojami ekskavatoriuose ir kranuose kau\u0161\u0173 ar str\u0117li\u0173 jud\u0117jimui valdyti atliekant \u017eem\u0117s darbus, med\u017eiag\u0173 tvarkym\u0105 ir konstrukcij\u0173 montavim\u0105.<\/li>\n<li><strong>Gamyba:<\/strong> Automatizuotose gamybos linijose robotini\u0173 rank\u0173 judinimui surinkimo, suvirinimo ir tvarkymo proces\u0173 metu naudojami rank\u0173 cilindrai, siekiant pagerinti gamybos efektyvum\u0105 ir tikslum\u0105.<\/li>\n<li><strong>\u017dem\u0117s \u016bkio technika:<\/strong> Svirteli\u0173 cilindrai valdo \u017eem\u0117s \u016bkio technikos, tokios kaip derliaus nu\u0117mimo ir s\u0117jamosios, darbini\u0173 svirteli\u0173 jud\u0117jim\u0105, atliekant tokias u\u017eduotis kaip sodinimas, tr\u0119\u0161imas ir derliaus nu\u0117mimas.<\/li>\n<li><strong>Kasyba:<\/strong> Svirties cilindrai naudojami kasybos \u012frangoje, siekiant valdyti kasybos \u012frangos svirties jud\u0117jim\u0105, skirt\u0105 mineral\u0173 kasybai ir transportavimui.<\/li>\n<li><strong>Logistika ir transportas:<\/strong> \u0160akiniuose krautuvuose ir krovini\u0173 krovimo robotuose \u0161aki\u0173 k\u0117lim\u0105 ir jud\u0117jim\u0105 kontroliuoja rank\u0173 cilindrai, skirti med\u017eiag\u0173 tvarkymui ir krovimui.<\/li>\n<\/ul>\n<h3>Projektavimo aspektai ir atrankos kriterijai<\/h3>\n<p>Kalbant apie projektavimo aspektus, reik\u0117t\u0173 atsi\u017evelgti \u012f \u0161iuos kriterijus:<\/p>\n<ul>\n<li><strong>Apkrovos paj\u0117gumas:<\/strong> Hidrauliniai cilindrai turi b\u016bti suprojektuoti taip, kad atlaikyt\u0173 mechanizm\u0173 darbines apkrovas.<\/li>\n<li><strong>Sandarinimas:<\/strong> Hidrauliniai cilindrai turi b\u016bti sandar\u016bs, kad b\u016bt\u0173 i\u0161vengta nuot\u0117kio ir palaikomas sl\u0117gis.<\/li>\n<li><strong>Patvarumas:<\/strong> Hidrauliniai cilindrai turi b\u016bti pagaminti i\u0161 med\u017eiag\u0173, atspari\u0173 dilimui ir korozijai.<\/li>\n<li><strong>Saugumas:<\/strong> Hidrauliniai cilindrai turi b\u016bti suprojektuoti taip, kad b\u016bt\u0173 i\u0161vengta nelaiming\u0173 atsitikim\u0173 ir u\u017etikrintas personalo bei \u012frangos saugumas.<\/li>\n<li><strong>Prie\u017ei\u016bra:<\/strong> Hidrauliniai cilindrai tur\u0117t\u0173 b\u016bti suprojektuoti taip, kad juos b\u016bt\u0173 lengva pri\u017ei\u016br\u0117ti ir keisti dalis, taip sutrumpinant prastovas.<\/li>\n<\/ul>\n<p><img decoding=\"async\" src=\"https:\/\/www.hydraulic-cylinders.net\/wp-content\/uploads\/2025\/01\/songte-cylinder-head-with-all-kinds-excavator-models.webp\" alt=\"Cilindro galvut\u0117s vaizdas\" \/><\/p>\n<h3>Sandarinimas ir tepimas<\/h3>\n<p>Hidrauliniuose cilindruose naudojami \u012fvair\u016bs sandarinimo komponentai, tokie kaip st\u016bmokli\u0173 ir kot\u0173 sandarikliai. \u0160ie sandarikliai pagaminti i\u0161 atspari\u0173 dilimui med\u017eiag\u0173, toki\u0173 kaip poliuretanas ir nitrilo kau\u010diukas. Cilindro korpusas ir sriegio galo pavir\u0161ius yra kruop\u0161\u010diai apdirbti, siekiant pagerinti atsparum\u0105 dilimui. Norint palaikyti tinkam\u0105 veikim\u0105, taip pat b\u016btina reguliariai tepti atitinkamu hidraulin\u0117s alyvos kiekiu.<\/p>\n<h3>Ap\u017ei\u016bros ir prevencin\u0117s prie\u017ei\u016bros priemon\u0117s<\/h3>\n<p>Norint u\u017etikrinti tinkam\u0105 hidraulini\u0173 cilindr\u0173 veikim\u0105, b\u016btini reguliar\u016bs patikrinimai ir prevencin\u0117s prie\u017ei\u016bros priemon\u0117s. Reik\u0117t\u0173 imtis \u0161i\u0173 priemoni\u0173:<\/p>\n<ul>\n<li><strong>Reguliarus cilindro korpuso, st\u016bmoklio koto ir sandarikli\u0173 patikrinimas:<\/strong> Tai u\u017etikrina, kad hidraulinis cilindras b\u016bt\u0173 geros b\u016bkl\u0117s ir bet kokios problemos b\u016bt\u0173 aptiktos anksti.<\/li>\n<li><strong>Susid\u0117v\u0117jusi\u0173 sandarikli\u0173 keitimas:<\/strong> Tai apsaugo nuo nuot\u0117kio ir palaiko hidraulin\u012f sl\u0117g\u012f.<\/li>\n<li><strong>Reguliarus tepimas:<\/strong> Tai u\u017etikrina tinkam\u0105 hidraulinio cilindro veikim\u0105 ir prailgina jo tarnavimo laik\u0105.<\/li>\n<\/ul>\n<p>\u0160ios priemon\u0117s gali pad\u0117ti suma\u017einti problem\u0173 atsiradim\u0105 ir pailginti hidraulini\u0173 cilindr\u0173 tarnavimo laik\u0105.<\/p>\n<p><img decoding=\"async\" src=\"https:\/\/www.hydraulic-cylinders.net\/wp-content\/uploads\/2025\/01\/songte-chushion-collar.webp\" alt=\"Pagalv\u0117l\u0117s apykakl\u0117s vaizdas\" \/><\/p>\n<h3>Diegimo vadovas<\/h3>\n<p>Tinkamas hidraulini\u0173 cilindr\u0173 veikimas yra labai svarbus tinkamai juos sumontavus. Reikia imtis \u0161i\u0173 veiksm\u0173:<\/p>\n<ul>\n<li><strong>Nuvalykite montavimo pavir\u0161i\u0173:<\/strong> Tai u\u017etikrina, kad n\u0117ra joki\u0173 ne\u0161varum\u0173 ar \u0161iuk\u0161li\u0173, kurios gal\u0117t\u0173 paveikti montavim\u0105.<\/li>\n<li><strong>\u012estatykite cilindr\u0105:<\/strong> \u012esitikinkite, kad cilindras tinkamai pritvirtintas prie laikiklio ir prie hidraulin\u0117s sistemos.<\/li>\n<li><strong>Patikrinkite sandariklius:<\/strong> \u012esitikinkite, kad sandarikliai yra tinkamai sumontuoti ir geros b\u016bkl\u0117s.<\/li>\n<li><strong>Sutepti:<\/strong> Sutepkite cilindr\u0105 pagal gamintojo instrukcijas.<\/li>\n<li><strong>Patikrinkite operacij\u0105:<\/strong> Patikrinkite cilindro veikim\u0105, kad \u012fsitikintum\u0117te, jog jis veikia tinkamai.<\/li>\n<\/ul>\n<p><img decoding=\"async\" src=\"https:\/\/www.hydraulic-cylinders.net\/wp-content\/uploads\/2025\/01\/songte-bushings-with-all-kinds-of-excavator-models.webp\" alt=\"\u012evori\u0173 vaizdas\" \/><\/p>\n<h3>Saugos aspektai ir aplinkos veiksniai<\/h3>\n<p>Naudojant hidraulinius cilindrus, reikia laikytis saugos taisykli\u0173 ir reglament\u0173. Siekiant suma\u017einti nelaiming\u0173 atsitikim\u0173 rizik\u0105, tur\u0117t\u0173 b\u016bti \u012fgyvendintos tokios saugos priemon\u0117s kaip tinkamas mokymas, reguliari ap\u017ei\u016bra ir prevencin\u0117 prie\u017ei\u016bra. Taip pat reik\u0117t\u0173 atsi\u017evelgti \u012f aplinkos veiksnius, tokius kaip temperat\u016bra ir dr\u0117gm\u0117, nes jie gali tur\u0117ti \u012ftakos hidraulini\u0173 cilindr\u0173 veikimui.<\/p>\n<h3>Trik\u010di\u0173 \u0161alinimas ir da\u017eniausios problemos<\/h3>\n<p>Kai kurios da\u017enos hidraulini\u0173 cilindr\u0173 problemos yra nuot\u0117kis, nepakankamas sl\u0117gis ir cilindro poslinkis. Norint i\u0161spr\u0119sti \u0161ias problemas, reik\u0117t\u0173 atsi\u017evelgti \u012f \u0161iuos patarimus ir sprendimus:<\/p>\n<ul>\n<li><strong>Nuot\u0117kis:<\/strong> Nuot\u0117kis gali atsirasti d\u0117l pa\u017eeist\u0173 sandarikli\u0173 arba nepakankamai priver\u017et\u0173 jungiam\u0173j\u0173 detali\u0173. Jei reikia, pakeiskite sandariklius arba priver\u017ekite jungiam\u0105sias detales.<\/li>\n<li><strong>Nepakankamas sl\u0117gis:<\/strong> Nepakankamas sl\u0117gis gali atsirasti d\u0117l netinkamai veikian\u010dio siurblio arba u\u017esikim\u0161usi\u0173 filtr\u0173. Patikrinkite siurbl\u012f ir filtrus ir, jei reikia, juos i\u0161valykite arba pakeiskite.<\/li>\n<li><strong>Cilindro poslinkis:<\/strong> Cilindro poslinkis gali atsirasti d\u0117l \u017eemo hidraulinio sl\u0117gio arba pa\u017eeisto st\u016bmoklio sandariklio. Patikrinkite hidraulin\u012f sl\u0117g\u012f ir prireikus pakeiskite st\u016bmoklio sandarikl\u012f.<\/li>\n<\/ul>\n<p>Prevencin\u0117s priemon\u0117s, tokios kaip reguliari ap\u017ei\u016bra ir prie\u017ei\u016bra, taip pat gali pad\u0117ti suma\u017einti \u0161i\u0173 problem\u0173 atsiradim\u0105.<\/p>\n<p><img decoding=\"async\" src=\"https:\/\/www.hydraulic-cylinders.net\/wp-content\/uploads\/2025\/01\/songte-company-4.webp\" alt=\"\u012emon\u0117s \u012fvaizdis\" \/><\/p>\n<h3>Apie mus<\/h3>\n<p>Esame profesionalus pakaitini\u0173 hidraulini\u0173 cilindr\u0173 gamintojas, si\u016blantis plat\u0173 gamini\u0173 asortiment\u0105. Tapome vienu i\u0161 pirmaujan\u010di\u0173 hidraulini\u0173 cilindr\u0173 gamintoj\u0173 ir didmenini\u0173 platintoj\u0173 vidaus ir tarptautin\u0117se rinkose. Visada laikom\u0117s puikios kokyb\u0117s principo, remdamiesi industrializuotomis gamybos valdymo strategijomis puikiose gamybos dirbtuv\u0117se, nuolat tobulindami savo technin\u012f lyg\u012f ir gamybos efektyvum\u0105. Diegdami auk\u0161\u010diausios klas\u0117s skaitmenin\u0119 gamybos \u012frang\u0105 ir profesionalias bandym\u0173 sistemas, nuolat optimizuojame savo gamybos platform\u0105, tobuliname gamini\u0173 kokyb\u0117s kontrol\u0117s procesus ir turime stiprias inovacij\u0173 galimybes. M\u016bs\u0173 tikslas \u2013 patenkinti \u012fvairius klient\u0173 poreikius, u\u017etikrinant auk\u0161t\u0105 efektyvum\u0105, tikslum\u0105 ir kokyb\u0119.<\/p>\n<p>Savo klientams si\u016blome profesionali\u0105 patirt\u012f, tarptautinius sertifikatus, individualiai pritaikytas paslaugas, gamybos \u012frang\u0105 ir garantin\u012f aptarnavim\u0105.<\/p>\n<p><img decoding=\"async\" src=\"https:\/\/www.hydraulic-cylinders.net\/wp-content\/uploads\/2025\/01\/songte-company-3.webp\" alt=\"\u012emon\u0117s \u012fvaizdis\" \/><\/p>\n<p>Autorius: lyl<\/p>","protected":false},"excerpt":{"rendered":"<p>Arm Cylinder For Bobcat Small Excavator E85 Introduction The arm cylinder, also known as hydraulic cylinder, is a specially designed hydraulic actuator used to provide linear motion and power to the arms of various machinery such as excavators, cranes and robotic arms. The arm cylinder plays a critical role in hydraulic systems, enabling the movement [&hellip;]<\/p>","protected":false},"featured_media":14763,"comment_status":"open","ping_status":"closed","template":"","meta":{"_et_pb_use_builder":"","_et_pb_old_content":"","_et_gb_content_width":""},"product_brand":[],"product_cat":[1497],"product_tag":[1498,1496],"class_list":{"0":"post-16624","1":"product","2":"type-product","3":"status-publish","4":"has-post-thumbnail","6":"product_cat-arm-cylinders","7":"product_tag-arm-cylinders","8":"product_tag-hydraulic-cylinders","10":"first","11":"instock","12":"shipping-taxable","13":"product-type-simple"},"amp_enabled":true,"_links":{"self":[{"href":"https:\/\/www.hydraulic-cylinders.net\/lt\/wp-json\/wp\/v2\/product\/16624","targetHints":{"allow":["GET"]}}],"collection":[{"href":"https:\/\/www.hydraulic-cylinders.net\/lt\/wp-json\/wp\/v2\/product"}],"about":[{"href":"https:\/\/www.hydraulic-cylinders.net\/lt\/wp-json\/wp\/v2\/types\/product"}],"replies":[{"embeddable":true,"href":"https:\/\/www.hydraulic-cylinders.net\/lt\/wp-json\/wp\/v2\/comments?post=16624"}],"wp:featuredmedia":[{"embeddable":true,"href":"https:\/\/www.hydraulic-cylinders.net\/lt\/wp-json\/wp\/v2\/media\/14763"}],"wp:attachment":[{"href":"https:\/\/www.hydraulic-cylinders.net\/lt\/wp-json\/wp\/v2\/media?parent=16624"}],"wp:term":[{"taxonomy":"product_brand","embeddable":true,"href":"https:\/\/www.hydraulic-cylinders.net\/lt\/wp-json\/wp\/v2\/product_brand?post=16624"},{"taxonomy":"product_cat","embeddable":true,"href":"https:\/\/www.hydraulic-cylinders.net\/lt\/wp-json\/wp\/v2\/product_cat?post=16624"},{"taxonomy":"product_tag","embeddable":true,"href":"https:\/\/www.hydraulic-cylinders.net\/lt\/wp-json\/wp\/v2\/product_tag?post=16624"}],"curies":[{"name":"wp","href":"https:\/\/api.w.org\/{rel}","templated":true}]}}