{"id":16626,"date":"2025-01-21T05:38:48","date_gmt":"2025-01-21T05:38:48","guid":{"rendered":"https:\/\/www.hydraulic-cylinders.net\/product\/arm-cylinder-for-der-der33e\/"},"modified":"2025-01-21T05:38:50","modified_gmt":"2025-01-21T05:38:50","slug":"arm-cylinder-for-der-der33e","status":"publish","type":"product","link":"https:\/\/www.hydraulic-cylinders.net\/lt\/produktas\/arm-cylinder-for-der-der33e\/","title":{"rendered":"DER DER33E rankenos cilindras"},"content":{"rendered":"<h2>DER DER33E rankenos cilindras<\/h2>\n<h3>\u012evadas<\/h3>\n<p>DER DER33E svirties cilindras yra specializuotas hidraulinis cilindras, skirtas u\u017etikrinti tiesin\u012f jud\u0117jim\u0105 ir gali\u0105 \u012fvairi\u0173 ma\u0161in\u0173, toki\u0173 kaip ekskavatoriai, kranai ir robotin\u0117s svirtys, svirtims. Svirties cilindrai atlieka labai svarb\u0173 vaidmen\u012f hidraulin\u0117se sistemose, nes leid\u017eia efektyviai jud\u0117ti ir valdyti papildomus \u012frankius ar priedus. \u0160ie cilindrai ne tik u\u017etikrina skland\u0173 jud\u0117jim\u0105, bet ir atlaiko dideles apkrovas, u\u017etikrindami efektyv\u0173 ma\u0161inos veikim\u0105 ir patikimum\u0105 \u012fvairiomis darbo s\u0105lygomis.<\/p>\n<p><img decoding=\"async\" src=\"https:\/\/www.hydraulic-cylinders.net\/wp-content\/uploads\/2025\/01\/songte-company-2.webp\" alt=\"Svirties cilindro vaizdas\"><\/p>\n<h3>Savyb\u0117s<\/h3>\n<ul>\n<li><strong>Didelio efektyvumo energijos perdavimas:<\/strong> Svirties cilindras u\u017etikrina galing\u0105 tiesin\u012f judes\u012f ir j\u0117g\u0105, u\u017etikrindamas auk\u0161t\u0105 ma\u0161inos na\u0161um\u0105.<\/li>\n<li><strong>Tikslus valdymas:<\/strong> Hidraulin\u0117s sistemos d\u0117ka svirties cilindras leid\u017eia tiksliai valdyti judes\u012f, padidindamas \u012frankio veikimo lankstum\u0105 ir tikslum\u0105.<\/li>\n<li><strong>Stiprus patvarumas:<\/strong> Svirtiniai cilindrai paprastai gaminami i\u0161 didelio stiprumo med\u017eiag\u0173, kurios pasi\u017eymi puikiu atsparumu dilimui ir korozijai, tod\u0117l tinka ilgalaikiam naudojimui at\u0161iauriomis s\u0105lygomis.<\/li>\n<li><strong>Daugiafunkcinis prisitaikymas:<\/strong> \u0160ie cilindrai pla\u010diai naudojami \u012fvairiose ma\u0161inose, tokiose kaip ekskavatoriai, kranai ir robotin\u0117s rankos, atsi\u017evelgiant \u012f skirtingus darbo reikalavimus.<\/li>\n<li><strong>Lengva prie\u017ei\u016bra:<\/strong> Sukurti atsi\u017evelgiant \u012f technin\u0117s prie\u017ei\u016bros ir keitimo patogum\u0105, svirties cilindrai palengvina reguliari\u0105 ap\u017ei\u016br\u0105 ir technin\u0119 prie\u017ei\u016br\u0105, taip suma\u017einant \u012frangos prastovas.<\/li>\n<\/ul>\n<p><img decoding=\"async\" src=\"https:\/\/www.hydraulic-cylinders.net\/wp-content\/uploads\/2025\/01\/songte-oil-pipes-and-spare-parts.webp\" alt=\"Produkto vaizdas\"><\/p>\n<h3>Parai\u0161kos<\/h3>\n<p>Svirtiniai cilindrai pla\u010diai naudojami \u0161iose pramon\u0117s \u0161akose ir scenarijuose:<\/p>\n<ul>\n<li><strong>Statybos in\u017einerija:<\/strong> Ekskavatoriuose ir kranuose str\u0117li\u0173 cilindrai valdo kau\u0161\u0173 arba str\u0117li\u0173 jud\u0117jim\u0105 atliekant \u017eem\u0117s darbus, med\u017eiag\u0173 tvarkym\u0105 ir konstrukcij\u0173 montavim\u0105.<\/li>\n<li><strong>Gamyba:<\/strong> Automatizuotose gamybos linijose ranken\u0173 cilindrai leid\u017eia robotin\u0117ms rankoms jud\u0117ti surinkimo, suvirinimo ir med\u017eiag\u0173 tvarkymo procesuose, taip pagerindami gamybos efektyvum\u0105 ir tikslum\u0105.<\/li>\n<li><strong>\u017dem\u0117s \u016bkio technika:<\/strong> \u017dem\u0117s \u016bkio technikoje, pavyzd\u017eiui, derliaus nu\u0117mimo ir s\u0117jamosiose, svir\u010di\u0173 cilindrai valdo valdymo svir\u010di\u0173 jud\u0117jim\u0105 atliekant tokias u\u017eduotis kaip s\u0117ja, tr\u0119\u0161imas ir derliaus nu\u0117mimas.<\/li>\n<li><strong>Kasyba:<\/strong> Kasybos \u012frangoje svirties cilindrai valdo svirties jud\u0117jim\u0105 r\u016bdos gavybai ir transportavimui.<\/li>\n<li><strong>Logistika ir transportas:<\/strong> \u0160akiniuose krautuvuose ir krovini\u0173 krovimo robotuose svir\u010di\u0173 cilindrai valdo \u0161aki\u0173 k\u0117lim\u0105 ir jud\u0117jim\u0105, taip \u012fgalindami med\u017eiag\u0173 tvarkym\u0105 ir krovim\u0105.<\/li>\n<\/ul>\n<h3>Projektavimo aspektai ir atrankos kriterijai<\/h3>\n<ul>\n<li><strong>Keliamoji galia:<\/strong> Svirtiniai cilindrai suprojektuoti taip, kad u\u017etikrint\u0173 optimali\u0105 apkrov\u0105 ir saug\u0173 bei efektyv\u0173 darb\u0105.<\/li>\n<li><strong>Sandarinimas:<\/strong> Efektyviam sandarinimui naudojami \u012fvair\u016bs sandarinimo elementai, tokie kaip st\u016bmokli\u0173 ir kot\u0173 sandarikliai. \u0160ie sandarikliai pagaminti i\u0161 atspari\u0173 dilimui med\u017eiag\u0173, toki\u0173 kaip poliuretanas ir nitrilo kau\u010diukas.<\/li>\n<li><strong>Patvarumas:<\/strong> Cilindro korpusas ir srieginiai galai yra kruop\u0161\u010diai apdorojami, siekiant padidinti atsparum\u0105 dilimui. Norint tinkamai veikti, reikia reguliariai tepti hidrauline alyva.<\/li>\n<li><strong>Saugumas:<\/strong> Saugos priemon\u0117s yra integruotos \u012f projekt\u0105, atsi\u017evelgiant \u012f tokius veiksnius kaip sl\u0117gio ribos, apsauga nuo perkrovos ir avarinio stabdymo mechanizmai.<\/li>\n<li><strong>Prie\u017ei\u016bra:<\/strong> Siekiant u\u017etikrinti optimal\u0173 svirtini\u0173 cilindr\u0173 veikim\u0105 ir ilgaam\u017ei\u0161kum\u0105, rekomenduojama reguliariai tikrinti ir atlikti profilaktinius darbus.<\/li>\n<\/ul>\n<p><img decoding=\"async\" src=\"https:\/\/www.hydraulic-cylinders.net\/wp-content\/uploads\/2025\/01\/songte-cylinder-head-with-all-kinds-excavator-models.webp\" alt=\"Cilindro vaizdas\"><\/p>\n<h3>Sandarinimas ir tepimas<\/h3>\n<p>Svirtiniuose cilindruose naudojami \u012fvair\u016bs sandarinimo komponentai, tokie kaip st\u016bmokli\u0173 ir kot\u0173 sandarikliai, pagaminti i\u0161 atspari\u0173 dilimui med\u017eiag\u0173, toki\u0173 kaip poliuretanas ir nitrilo kau\u010diukas. Cilindro korpusas ir srieginiai galai yra kruop\u0161\u010diai apdorojami, kad padid\u0117t\u0173 atsparumas dilimui. Norint u\u017etikrinti skland\u0173 veikim\u0105 ir ilgaam\u017ei\u0161kum\u0105, b\u016btina reguliariai tepti tinkama hidrauline alyva.<\/p>\n<h3>Ap\u017ei\u016bra ir prevencin\u0117 prie\u017ei\u016bra<\/h3>\n<ul>\n<li>Reguliariai tikrinkite svirties cilindrus, ar n\u0117ra susid\u0117v\u0117jimo, nuot\u0117kio ar pa\u017eeidim\u0173 po\u017eymi\u0173.<\/li>\n<li>U\u017etikrinkite tinkam\u0105 tepim\u0105, papildydami hidraulin\u0119 alyv\u0105 rekomenduojamais intervalais.<\/li>\n<li>Patikrinkite sandariklius ir, jei reikia, pakeiskite juos.<\/li>\n<li>Patikrinkite tvirtinimo ir prijungimo ta\u0161kus, ar n\u0117ra laisvumo ar nesuderinamumo.<\/li>\n<li>Laikykite svirties cilindrus \u0161varius ir be \u0161iuk\u0161li\u0173 ar ter\u0161al\u0173.<\/li>\n<\/ul>\n<h3>Diegimo vadovas<\/h3>\n<p>Nor\u0117dami teisingai sumontuoti cilindro svirt\u012f, atlikite \u0161iuos veiksmus:<\/p>\n<ol>\n<li>Paruo\u0161kite montavimo viet\u0105 ir \u012fsitikinkite, kad ji \u0161vari ir lygi.<\/li>\n<li>Attach the cylinder securely to the machinery, following the manufacturer&#8217;s guidelines.<\/li>\n<li>Prijunkite hidraulines linijas, u\u017etikrindami tinkam\u0105 sandarum\u0105 ir sulygiavim\u0105.<\/li>\n<li>Test the cylinder&#8217;s functionality and movement before operating the machinery.<\/li>\n<li>Atlikite visus reikiamus reguliavimus ir \u012fsitikinkite, kad visos jungtys yra tvirtos.<\/li>\n<\/ol>\n<p><img decoding=\"async\" src=\"https:\/\/www.hydraulic-cylinders.net\/wp-content\/uploads\/2025\/01\/songte-bushings-with-all-kinds-of-excavator-models.webp\" alt=\"Diegimo vaizdas\"><\/p>\n<h3>Saugos aspektai ir aplinkos veiksniai<\/h3>\n<p>Naudojant svirtinius cilindrus, b\u016btina laikytis saugos priemoni\u0173, kad b\u016bt\u0173 i\u0161vengta nelaiming\u0173 atsitikim\u0173 ir u\u017etikrinta operatoriaus gerov\u0117. Saugos priemon\u0117s apima tinkam\u0105 mokym\u0105, eksploatavimo gairi\u0173 laikym\u0105si ir apsaugini\u0173 priemoni\u0173 naudojim\u0105. Be to, norint i\u0161laikyti optimal\u0173 svirtini\u0173 cilindr\u0173 veikim\u0105 ir ilgaam\u017ei\u0161kum\u0105, labai svarbu atsi\u017evelgti \u012f aplinkos veiksnius, tokius kaip temperat\u016bra, dr\u0117gm\u0117 ir dulki\u0173 lygis.<\/p>\n<h3>Trik\u010di\u0173 \u0161alinimas ir da\u017eniausiai pasitaikan\u010dios problemos<\/h3>\n<p>Da\u017eniausios problemos, galin\u010dios kilti d\u0117l svirtini\u0173 cilindr\u0173, yra nuot\u0117kis, suma\u017e\u0117j\u0119s na\u0161umas ir ne\u012fprasti triuk\u0161mai. Nor\u0117dami veiksmingai diagnozuoti ir i\u0161spr\u0119sti \u0161ias problemas, atsi\u017evelkite \u012f \u0161iuos patarimus:<\/p>\n<ul>\n<li>Patikrinkite, ar n\u0117ra hidraulinio skys\u010dio nuot\u0117kio, ir suremontuokite pa\u017eeistus sandariklius ar jungtis.<\/li>\n<li>Patikrinkite hidraulines linijas ir jungiam\u0105sias detales, ar n\u0117ra u\u017esikim\u0161im\u0173 ar blokad\u0173.<\/li>\n<li>U\u017etikrinkite tinkam\u0105 hidraulin\u012f sl\u0117g\u012f ir prireikus j\u012f sureguliuokite.<\/li>\n<li>Patikrinkite svirties cilindr\u0105, ar n\u0117ra koki\u0173 nors pa\u017eeidim\u0173 ar susid\u0117v\u0117jimo po\u017eymi\u0173, ir prireikus pakeiskite komponentus.<\/li>\n<li>Konkre\u010dias problemas ir sprendimus rasite gamintojo trik\u010di\u0173 \u0161alinimo vadove.<\/li>\n<\/ul>\n<p><img decoding=\"async\" src=\"https:\/\/www.hydraulic-cylinders.net\/wp-content\/uploads\/2025\/01\/songte-chushion-collar.webp\" alt=\"Vaizdo trik\u010di\u0173 \u0161alinimas\"><\/p>\n<p>Nepamir\u0161kite logi\u0161kai susisteminti turinio, naudoti paantra\u0161tes lengvam nar\u0161ymui, \u012ftraukti atitinkam\u0173 vaizd\u0173 ar diagram\u0173, kad b\u016bt\u0173 lengviau suprasti, ir u\u017etikrinti ai\u0161kum\u0105 bei glaustum\u0105, tinkam\u0105 skaitytojams, turintiems skirting\u0105 technini\u0173 \u017eini\u0173 lyg\u012f.<\/p>\n<h3>Apie m\u016bs\u0173 \u012fmon\u0119<\/h3>\n<p>Esame profesionalus pakaitini\u0173 hidraulini\u0173 cilindr\u0173 gamintojas, si\u016blantis plat\u0173 gamini\u0173 asortiment\u0105. Tapome vienu i\u0161 pirmaujan\u010di\u0173 hidraulini\u0173 cilindr\u0173 gamintoj\u0173 ir didmenini\u0173 platintoj\u0173 \u0161alies viduje ir tarptautiniu mastu. Vadovaudamiesi puikios kokyb\u0117s principu, nuolat stengiam\u0117s tobulinti savo technologines \u017einias ir gamybos efektyvum\u0105. \u012ediegdami pa\u017eangi\u0105 skaitmenin\u0119 gamybos \u012frang\u0105 ir profesionalias testavimo sistemas, optimizuojame savo gamybos platform\u0105 ir tobuliname gamini\u0173 kokyb\u0117s kontrol\u0117s procesus, demonstruodami tvirtus inovacij\u0173 paj\u0117gumus. M\u016bs\u0173 tikslas \u2013 patenkinti \u012fvairius klient\u0173 poreikius, vadovaujantis efektyvumo, tikslumo ir auk\u0161tos kokyb\u0117s principais.<\/p>\n<p><img decoding=\"async\" src=\"https:\/\/www.hydraulic-cylinders.net\/wp-content\/uploads\/2025\/01\/songte-company-4.webp\" alt=\"\u012emon\u0117s \u012fvaizdis\"><br \/>\n<img decoding=\"async\" src=\"https:\/\/www.hydraulic-cylinders.net\/wp-content\/uploads\/2025\/01\/songte-company-3.webp\" alt=\"\u012emon\u0117s \u012fvaizdis\"><\/p>\n<p>Autorius: lyl<\/p>","protected":false},"excerpt":{"rendered":"<p>Arm Cylinder For DER DER33E Introduction The Arm Cylinder for DER DER33E is a specialized hydraulic cylinder designed to provide linear motion and power to the arms of various machinery, such as excavators, cranes, and robotic arms. The arm cylinders play a crucial role in hydraulic systems, enabling the effective movement and control of additional [&hellip;]<\/p>","protected":false},"featured_media":14786,"comment_status":"open","ping_status":"closed","template":"","meta":{"_et_pb_use_builder":"","_et_pb_old_content":"","_et_gb_content_width":""},"product_brand":[],"product_cat":[1497],"product_tag":[1498,1496],"class_list":{"0":"post-16626","1":"product","2":"type-product","3":"status-publish","4":"has-post-thumbnail","6":"product_cat-arm-cylinders","7":"product_tag-arm-cylinders","8":"product_tag-hydraulic-cylinders","10":"first","11":"instock","12":"shipping-taxable","13":"product-type-simple"},"amp_enabled":true,"_links":{"self":[{"href":"https:\/\/www.hydraulic-cylinders.net\/lt\/wp-json\/wp\/v2\/product\/16626","targetHints":{"allow":["GET"]}}],"collection":[{"href":"https:\/\/www.hydraulic-cylinders.net\/lt\/wp-json\/wp\/v2\/product"}],"about":[{"href":"https:\/\/www.hydraulic-cylinders.net\/lt\/wp-json\/wp\/v2\/types\/product"}],"replies":[{"embeddable":true,"href":"https:\/\/www.hydraulic-cylinders.net\/lt\/wp-json\/wp\/v2\/comments?post=16626"}],"wp:featuredmedia":[{"embeddable":true,"href":"https:\/\/www.hydraulic-cylinders.net\/lt\/wp-json\/wp\/v2\/media\/14786"}],"wp:attachment":[{"href":"https:\/\/www.hydraulic-cylinders.net\/lt\/wp-json\/wp\/v2\/media?parent=16626"}],"wp:term":[{"taxonomy":"product_brand","embeddable":true,"href":"https:\/\/www.hydraulic-cylinders.net\/lt\/wp-json\/wp\/v2\/product_brand?post=16626"},{"taxonomy":"product_cat","embeddable":true,"href":"https:\/\/www.hydraulic-cylinders.net\/lt\/wp-json\/wp\/v2\/product_cat?post=16626"},{"taxonomy":"product_tag","embeddable":true,"href":"https:\/\/www.hydraulic-cylinders.net\/lt\/wp-json\/wp\/v2\/product_tag?post=16626"}],"curies":[{"name":"wp","href":"https:\/\/api.w.org\/{rel}","templated":true}]}}