{"id":16629,"date":"2025-01-21T05:39:00","date_gmt":"2025-01-21T05:39:00","guid":{"rendered":"https:\/\/www.hydraulic-cylinders.net\/product\/arm-cylinder-for-der-der323-8elzm\/"},"modified":"2025-01-21T05:39:02","modified_gmt":"2025-01-21T05:39:02","slug":"arm-cylinder-for-der-der323-8elzm","status":"publish","type":"product","link":"https:\/\/www.hydraulic-cylinders.net\/lt\/produktas\/arm-cylinder-for-der-der323-8elzm\/","title":{"rendered":"Svirties cilindras, skirtas DER DER323-8ELZM"},"content":{"rendered":"<h1>Svirties cilindras, skirtas DER DER323-8ELZM<\/h1>\n<h2>\u012evadas<\/h2>\n<p>Svirties cilindras yra specialiai suprojektuotas hidraulinis cilindras, naudojamas linijiniam jud\u0117jimui ir galiai u\u017etikrinti \u012fvairi\u0173 tip\u0173 ma\u0161inoms, tokioms kaip ekskavatoriai, kranai ir mechanin\u0117s svirtys. Svirties cilindrai atlieka pagrindin\u012f vaidmen\u012f hidraulin\u0117se sistemose, nes leid\u017eia efektyviai jud\u0117ti ir valdyti priedus bei priedus. \u0160ie cilindrai ne tik u\u017etikrina skland\u0173 jud\u0117jim\u0105, bet ir gali atlaikyti dideles apkrovas, u\u017etikrindami efektyv\u0173 ma\u0161in\u0173 veikim\u0105 ir patikimum\u0105 \u012fvairiomis eksploatavimo s\u0105lygomis.<\/p>\n<p><img decoding=\"async\" src=\"https:\/\/www.hydraulic-cylinders.net\/wp-content\/uploads\/2025\/01\/songte-company-2.webp\"\/><\/p>\n<h2>Savyb\u0117s<\/h2>\n<ul>\n<li>\n<h3>Efektyvus energijos perdavimas<\/h3>\n<p>Svirtini\u0173 cilindr\u0173 konstrukcija u\u017etikrina galing\u0105 tiesin\u012f judes\u012f ir j\u0117g\u0105, kad b\u016bt\u0173 u\u017etikrintas didelis ma\u0161in\u0173 svirtini\u0173 cilindr\u0173 na\u0161umas eksploatacijos metu.<\/p>\n<\/li>\n<li>\n<h3>Tikslus valdymas<\/h3>\n<p>D\u0117l hidraulini\u0173 sistem\u0173 svirties cilindrai gali tiksliai valdyti judes\u012f, tod\u0117l pried\u0173 valdymas tampa lankstesnis ir tikslesnis.<\/p>\n<\/li>\n<li>\n<h3>Patvarumas<\/h3>\n<p>Svirtiniai cilindrai paprastai gaminami i\u0161 didelio stiprumo med\u017eiag\u0173 ir pasi\u017eymi geru atsparumu dilimui bei korozijai, tod\u0117l tinkami ilgalaikiam naudojimui at\u0161iauriomis s\u0105lygomis.<\/p>\n<\/li>\n<li>\n<h3>Daugiafunkcinis prisitaikymas<\/h3>\n<p>\u0160ie cilindrai gali b\u016bti pla\u010diai naudojami \u012fvairiuose mechaniniuose \u012frenginiuose, tokiuose kaip ekskavatoriai, kranai ir mechanin\u0117s svirtys, kad atitikt\u0173 skirtingus darbo reikalavimus.<\/p>\n<\/li>\n<li>\n<h3>Lengva prie\u017ei\u016bra<\/h3>\n<p>Sukurti lengvam techniniam aptarnavimui ir keitimui, svirties cilindrai yra patog\u016bs reguliariai ap\u017ei\u016brai ir techninei prie\u017ei\u016brai, taip suma\u017einant \u012frangos prastov\u0173 laik\u0105.<\/p>\n<\/li>\n<\/ul>\n<p><img decoding=\"async\" src=\"https:\/\/www.hydraulic-cylinders.net\/wp-content\/uploads\/2025\/01\/songte-oil-pipes-and-spare-parts.webp\"\/><\/p>\n<h2>Parai\u0161kos<\/h2>\n<p>Svirtiniai cilindrai naudojami \u012fvairiose pramon\u0117s \u0161akose ir srityse, tokiose kaip:<\/p>\n<ul>\n<li>\n<h3>Statybos in\u017einerija<\/h3>\n<p>Ekskavatoriuose ir kranuose str\u0117li\u0173 cilindrai naudojami kau\u0161\u0173 arba str\u0117li\u0173 jud\u0117jimui valdyti atliekant \u017eem\u0117s darbus, med\u017eiag\u0173 tvarkym\u0105 ir konstrukcij\u0173 montavim\u0105.<\/p>\n<\/li>\n<li>\n<h3>Gamyba<\/h3>\n<p>Automatizuotose gamybos linijose svir\u010di\u0173 cilindrai naudojami mechaniniam svir\u010di\u0173 jud\u0117jimui, siekiant atlikti surinkimo, suvirinimo ir tvarkymo procesus, taip pagerinant gamybos efektyvum\u0105 ir tikslum\u0105.<\/p>\n<\/li>\n<li>\n<h3>\u017dem\u0117s \u016bkio technika<\/h3>\n<p>\u017dem\u0117s \u016bkio technikose, tokiose kaip derliaus nu\u0117mimo ma\u0161inos ir sodinamosios, svir\u010di\u0173 cilindrai valdo valdymo svir\u010di\u0173 jud\u0117jim\u0105, kad b\u016bt\u0173 galima atlikti tokias u\u017eduotis kaip s\u0117ja, tr\u0119\u0161imas ir derliaus nu\u0117mimas.<\/p>\n<\/li>\n<li>\n<h3>Kasyba<\/h3>\n<p>Kasybos \u012frangoje svirties cilindrai naudojami r\u016bdos perdirbimo ir transportavimo \u012frangos svirties jud\u0117jimui valdyti.<\/p>\n<\/li>\n<li>\n<h3>Logistika ir transportas<\/h3>\n<p>\u0160akiniuose krautuvuose ir tvarkymo robotuose rank\u0173 cilindrai naudojami \u0161aki\u0173 k\u0117limui ir jud\u0117jimui valdyti med\u017eiagoms tvarkyti ir krauti.<\/p>\n<\/li>\n<\/ul>\n<h2>Projektavimo aspektai ir atrankos kriterijai<\/h2>\n<p>Svirtiniai cilindrai yra suprojektuoti atsi\u017evelgiant \u012f kelis pagrindinius veiksnius, \u012fskaitant:<\/p>\n<ul>\n<li>\n<h3>Guoli\u0173 talpa<\/h3>\n<p>Svirtiniai cilindrai yra suprojektuoti taip, kad atlaikyt\u0173 dideles apkrovas, atsi\u017evelgiant \u012f aptarnaujamos technikos keliamus keliamus reikalavimus.<\/p>\n<\/li>\n<li>\n<h3>Sandarinimas<\/h3>\n<p>\u012evair\u016bs sandarinimo komponentai, tokie kaip st\u016bmokli\u0173 ir kot\u0173 sandarikliai, parenkami atsi\u017evelgiant \u012f j\u0173 atsparum\u0105 dilimui ir geb\u0117jim\u0105 i\u0161vengti nuot\u0117kio.<\/p>\n<\/li>\n<li>\n<h3>Patvarumas<\/h3>\n<p>Cilindrai gaminami i\u0161 didelio stiprumo med\u017eiag\u0173 ir yra apdoroti pavir\u0161iumi, siekiant pagerinti atsparum\u0105 dilimui, korozijai ir kitus patvarumo aspektus.<\/p>\n<\/li>\n<li>\n<h3>Saugumas<\/h3>\n<p>Projektavimo procese atsi\u017evelgiama \u012f kelet\u0105 saugos priemoni\u0173, \u012fskaitant sl\u0117gio ma\u017einimo vo\u017etuvus, apsaugos nuo sprogimo \u012ftaisus ir saugos \u012ftaisus priedams pritvirtinti.<\/p>\n<\/li>\n<li>\n<h3>Prie\u017ei\u016bra<\/h3>\n<p>Balionai yra suprojektuoti taip, kad juos b\u016bt\u0173 lengva pri\u017ei\u016br\u0117ti ir remontuoti, \u012fskaitant lengvai kei\u010diamus sandariklius ir paprastas i\u0161ardymo proced\u016bras.<\/p>\n<\/li>\n<\/ul>\n<p><img decoding=\"async\" src=\"https:\/\/www.hydraulic-cylinders.net\/wp-content\/uploads\/2025\/01\/songte-cylinder-head-with-all-kinds-excavator-models.webp\"\/><\/p>\n<h2>Sandarinimas ir tepimas<\/h2>\n<p>Svirtiniuose cilindruose naudojami \u012fvair\u016bs sandarinimo komponentai, tokie kaip st\u016bmokli\u0173 ir kot\u0173 sandarikliai, pagaminti i\u0161 atspari\u0173 dilimui med\u017eiag\u0173, toki\u0173 kaip poliuretanas ir nitrilo kau\u010diukas. Cilindro korpuso ir srieginio galo pavir\u0161ius yra apdorojamas, siekiant pagerinti atsparum\u0105 dilimui. Norint u\u017etikrinti tinkam\u0105 veikim\u0105 ir pailginti cilindro tarnavimo laik\u0105, reikia reguliariai tepti tinkama hidrauline alyva.<\/p>\n<h2>Ap\u017ei\u016bra ir prevencin\u0117 prie\u017ei\u016bra<\/h2>\n<p>Reguliarus patikrinimas ir prevencin\u0117 prie\u017ei\u016bra gali suma\u017einti netik\u0117t\u0173 prastov\u0173 ir dideli\u0173 remonto i\u0161laid\u0173 tikimyb\u0119. Svarbiausi dalykai, \u012f kuriuos reikia atkreipti d\u0117mes\u012f:<\/p>\n<ul>\n<li>\n<h3>Reguliariai tikrinkite alyvos lyg\u012f ir kokyb\u0119<\/h3>\n<p>\u012esitikinkite, kad hidraulin\u0117 alyva n\u0117ra u\u017eter\u0161ta ir jos lygis yra tinkamas.<\/p>\n<\/li>\n<li>\n<h3>Patikrinkite, ar n\u0117ra nuot\u0117ki\u0173<\/h3>\n<p>Steb\u0117kite cilindr\u0105 ir hidraulin\u0119 sistem\u0105, ar n\u0117ra nuot\u0117ki\u0173.<\/p>\n<\/li>\n<li>\n<h3>Patikrinkite cilindro korpus\u0105 ir st\u016bmoklio kot\u0105, ar n\u0117ra pa\u017eeidim\u0173 ir susid\u0117v\u0117jimo<\/h3>\n<p>Patikrinkite cilindro korpus\u0105 ir st\u016bmoklio kot\u0105, ar n\u0117ra pa\u017eeidim\u0173 ar susid\u0117v\u0117jimo po\u017eymi\u0173, ir pakeiskite visus pa\u017eeistus sandariklius ar komponentus.<\/p>\n<\/li>\n<li>\n<h3>Reguliariai keiskite hidraulin\u0119 alyv\u0105<\/h3>\n<p>Reguliariai keiskite hidraulin\u0119 alyv\u0105, kad u\u017etikrintum\u0117te tinkam\u0105 tepim\u0105 ir i\u0161vengtum\u0117te u\u017eter\u0161imo.<\/p>\n<\/li>\n<\/ul>\n<p><img decoding=\"async\" src=\"https:\/\/www.hydraulic-cylinders.net\/wp-content\/uploads\/2025\/01\/songte-chushion-collar.webp\"\/><\/p>\n<h2>\u012erengimas<\/h2>\n<p>Nor\u0117dami teisingai sumontuoti cilindro rankenas, atlikite \u0161iuos veiksmus:<\/p>\n<ol>\n<li>\n<h3>Paruo\u0161imas<\/h3>\n<p>Nuvalykite tvirtinimo pavir\u0161i\u0173 ir cilindr\u0105 ir \u012fsitikinkite, kad turite reikiamus \u012frankius bei \u012frang\u0105 montavimui.<\/p>\n<\/li>\n<li>\n<h3>Pad\u0117ties nustatymas<\/h3>\n<p>Tinkamai pad\u0117kite cilindr\u0105 ir \u012fsitikinkite, kad jis tvirtai pritvirtintas prie tvirtinimo pavir\u0161iaus.<\/p>\n<\/li>\n<li>\n<h3>Jungiamasi<\/h3>\n<p>Prijunkite hidraulinius vamzd\u017eius ir jungiam\u0105sias detales prie cilindro ir patikrinkite, ar n\u0117ra nuot\u0117kio.<\/p>\n<\/li>\n<li>\n<h3>Testavimas<\/h3>\n<p>Patikrinkite cilindr\u0105, ar jis veikia tinkamai, ir u\u017etikrinkite skland\u0173 jud\u0117jim\u0105, be joki\u0173 ne\u012fprast\u0173 gars\u0173 ar vibracijos.<\/p>\n<\/li>\n<\/ol>\n<h2>Saugos ir aplinkosaugos aspektai<\/h2>\n<p>Dirbant su svirtiniais cilindrais, saugumas visada turi b\u016bti svarbiausias prioritetas. Svarbu laikytis tinkam\u0173 saugos proced\u016br\u0173 ir gairi\u0173 tikrinant, montuojant ir eksploatuojant cilindr\u0105. Taip pat svarbu tinkamai utilizuoti hidraulin\u0119 alyv\u0105 ir kitas atliekas, siekiant suma\u017einti \u0161i\u0173 med\u017eiag\u0173 poveik\u012f aplinkai.<\/p>\n<h2>Trik\u010di\u0173 \u0161alinimas ir da\u017eniausios problemos<\/h2>\n<p>Da\u017eniausios problemos, galin\u010dios kilti d\u0117l svirtini\u0173 cilindr\u0173, yra \u0161ios:<\/p>\n<ul>\n<li>\n<h3>Nutekanti alyva<\/h3>\n<p>Tai gali sukelti pa\u017eeisti sandarikliai arba jungiamosios detal\u0117s. Patikrinkite, ar n\u0117ra cilindro ir hidraulin\u0117s sistemos nuot\u0117ki\u0173.<\/p>\n<\/li>\n<li>\n<h3>L\u0117tas jud\u0117jimas<\/h3>\n<p>Tai gali sukelti \u017eemas hidraulin\u0117s alyvos lygis arba pa\u017eeisti sandarikliai. Patikrinkite alyvos lyg\u012f ir kokyb\u0119 ir pakeiskite pa\u017eeistus sandariklius.<\/p>\n<\/li>\n<li>\n<h3>Keisti garsai ar vibracijos<\/h3>\n<p>Tai gali sukelti pa\u017eeisti vidiniai komponentai, netinkamas tvirtinimas arba neteisingas hidraulinis sl\u0117gis. Patikrinkite, ar cilindras ir sistemos komponentai nepa\u017eeisti ar n\u0117ra netinkamo sulygiavimo, ir prireikus pakoreguokite hidraulin\u012f sl\u0117g\u012f.<\/p>\n<\/li>\n<\/ul>\n<p>Keletas patarim\u0173, kaip i\u0161spr\u0119sti \u0161ias problemas ir kaip jas pa\u0161alinti:<\/p>\n<ul>\n<li>\n<h3>Patikrinkite, ar n\u0117ra nuot\u0117ki\u0173<\/h3>\n<p>Steb\u0117kite cilindr\u0105 ir hidraulin\u0119 sistem\u0105, ar n\u0117ra nuot\u0117ki\u0173, ir prireikus pakeiskite pa\u017eeistus sandariklius ar jungiam\u0105sias detales.<\/p>\n<\/li>\n<li>\n<h3>Patikrinkite alyvos lyg\u012f ir kokyb\u0119<\/h3>\n<p>\u012esitikinkite, kad hidraulin\u0117 alyva n\u0117ra u\u017eter\u0161ta ir jos lygis yra tinkamas.<\/p>\n<\/li>\n<li>\n<h3>Patikrinkite cilindr\u0105, ar n\u0117ra pa\u017eeidim\u0173 ir susid\u0117v\u0117jimo<\/h3>\n<p>Patikrinkite cilindro korpus\u0105 ir st\u016bmoklio kot\u0105, ar n\u0117ra pa\u017eeidim\u0173 ar susid\u0117v\u0117jimo po\u017eymi\u0173, ir pakeiskite visus pa\u017eeistus sandariklius ar komponentus.<\/p>\n<\/li>\n<li>\n<h3>Sureguliuokite hidraulin\u012f sl\u0117g\u012f<\/h3>\n<p>Patikrinkite hidraulin\u012f sl\u0117g\u012f ir prireikus pakoreguokite.<\/p>\n<\/li>\n<\/ul>\n<p><img decoding=\"async\" src=\"https:\/\/www.hydraulic-cylinders.net\/wp-content\/uploads\/2025\/01\/songte-bushings-with-all-kinds-of-excavator-models.webp\"\/><\/p>\n<h2>Apie mus<\/h2>\n<p>Esame profesionalus pakaitini\u0173 hidraulini\u0173 cilindr\u0173 gamintojas, si\u016blantis plat\u0173 gamini\u0173 asortiment\u0105. Tapome vienu i\u0161 pirmaujan\u010di\u0173 hidraulini\u0173 cilindr\u0173 gamintoj\u0173 ir didmenini\u0173 platintoj\u0173 vidaus ir tarptautin\u0117se rinkose. Visada laikom\u0117s meistri\u0161kumo principo, remdamiesi industrializuotomis gamybos valdymo strategijomis savo kruop\u0161\u010diai pagamintose dirbtuv\u0117se, kad nuolat tobulintume savo techninius paj\u0117gumus ir gamybos efektyvum\u0105. \u012ediegdami pa\u017eangi\u0105 skaitmenin\u0119 gamybos \u012frang\u0105 ir profesionalias testavimo sistemas, nuolat optimizuojame savo gamybos platform\u0105 ir tobuliname gamini\u0173 kokyb\u0117s kontrol\u0117s procesus, pasi\u017eymime stipriomis inovacij\u0173 galimyb\u0117mis. M\u016bs\u0173 tikslas \u2013 efektyviai, tiksliai ir laikantis auk\u0161t\u0173 kokyb\u0117s standart\u0173 patenkinti \u012fvairius klient\u0173 poreikius.<\/p>\n<p>Si\u016blome individualiai pritaikytas paslaugas, profesionali\u0105 patirt\u012f, tarptautinius sertifikatus, pa\u017eangi\u0105 gamybos \u012frang\u0105 ir auk\u0161\u010diausio lygio aptarnavim\u0105 po pardavimo.<\/p>\n<p><img decoding=\"async\" src=\"https:\/\/www.hydraulic-cylinders.net\/wp-content\/uploads\/2025\/01\/songte-company-4.webp\"\/><\/p>\n<h2>Autorius<\/h2>\n<p>Autorius: lyl<\/p>","protected":false},"excerpt":{"rendered":"<p>Arm Cylinder For DER DER323-8ELZM Introduction An arm cylinder is a specially designed hydraulic cylinder used to provide linear motion and power to various types of machinery, such as excavators, cranes, and mechanical arms. Arm cylinders play a key role in hydraulic systems, allowing for effective movement and control of attachments and accessories. These cylinders [&hellip;]<\/p>","protected":false},"featured_media":14777,"comment_status":"open","ping_status":"closed","template":"","meta":{"_et_pb_use_builder":"","_et_pb_old_content":"","_et_gb_content_width":""},"product_brand":[],"product_cat":[1497],"product_tag":[1498,1496],"class_list":{"0":"post-16629","1":"product","2":"type-product","3":"status-publish","4":"has-post-thumbnail","6":"product_cat-arm-cylinders","7":"product_tag-arm-cylinders","8":"product_tag-hydraulic-cylinders","10":"first","11":"instock","12":"shipping-taxable","13":"product-type-simple"},"amp_enabled":true,"_links":{"self":[{"href":"https:\/\/www.hydraulic-cylinders.net\/lt\/wp-json\/wp\/v2\/product\/16629","targetHints":{"allow":["GET"]}}],"collection":[{"href":"https:\/\/www.hydraulic-cylinders.net\/lt\/wp-json\/wp\/v2\/product"}],"about":[{"href":"https:\/\/www.hydraulic-cylinders.net\/lt\/wp-json\/wp\/v2\/types\/product"}],"replies":[{"embeddable":true,"href":"https:\/\/www.hydraulic-cylinders.net\/lt\/wp-json\/wp\/v2\/comments?post=16629"}],"wp:featuredmedia":[{"embeddable":true,"href":"https:\/\/www.hydraulic-cylinders.net\/lt\/wp-json\/wp\/v2\/media\/14777"}],"wp:attachment":[{"href":"https:\/\/www.hydraulic-cylinders.net\/lt\/wp-json\/wp\/v2\/media?parent=16629"}],"wp:term":[{"taxonomy":"product_brand","embeddable":true,"href":"https:\/\/www.hydraulic-cylinders.net\/lt\/wp-json\/wp\/v2\/product_brand?post=16629"},{"taxonomy":"product_cat","embeddable":true,"href":"https:\/\/www.hydraulic-cylinders.net\/lt\/wp-json\/wp\/v2\/product_cat?post=16629"},{"taxonomy":"product_tag","embeddable":true,"href":"https:\/\/www.hydraulic-cylinders.net\/lt\/wp-json\/wp\/v2\/product_tag?post=16629"}],"curies":[{"name":"wp","href":"https:\/\/api.w.org\/{rel}","templated":true}]}}