{"id":16631,"date":"2025-01-21T05:39:08","date_gmt":"2025-01-21T05:39:08","guid":{"rendered":"https:\/\/www.hydraulic-cylinders.net\/product\/arm-cylinder-for-kubota-small-excavator-u-155-3s\/"},"modified":"2025-01-21T05:39:10","modified_gmt":"2025-01-21T05:39:10","slug":"arm-cylinder-for-kubota-small-excavator-u-155-3s","status":"publish","type":"product","link":"https:\/\/www.hydraulic-cylinders.net\/lt\/produktas\/arm-cylinder-for-kubota-small-excavator-u-155-3s\/","title":{"rendered":"Kubota ma\u017eo ekskavatoriaus U-155-3S rankenos cilindras"},"content":{"rendered":"<h1>Kubota ma\u017eo ekskavatoriaus U-155-3S rankenos cilindras<\/h1>\n<h2>\u012evadas<\/h2>\n<p>\u201eKubota\u201c ma\u017eojo ekskavatoriaus U-155-3S svirties cilindras yra specializuotas hidraulinis cilindras, skirtas u\u017etikrinti tiesin\u012f jud\u0117jim\u0105 ir gali\u0105 \u012fvairi\u0173 ma\u0161in\u0173, toki\u0173 kaip ekskavatoriai, kranai ir robotin\u0117s svirtys, svir\u010diai. Svirties cilindras atlieka labai svarb\u0173 vaidmen\u012f hidraulin\u0117se sistemose, nes leid\u017eia efektyviai jud\u0117ti ir valdyti papildomus \u012frankius ar priedus. \u0160ie cilindrai ne tik u\u017etikrina skland\u0173 jud\u0117jim\u0105, bet ir atlaiko dideles apkrovas, u\u017etikrindami efektyv\u0173 veikim\u0105 ir patikimum\u0105 \u012fvairiomis darbo s\u0105lygomis.<\/p>\n<p><img decoding=\"async\" src=\"https:\/\/www.hydraulic-cylinders.net\/wp-content\/uploads\/2025\/01\/songte-company-2.webp\"><\/p>\n<h2>Savyb\u0117s<\/h2>\n<ul>\n<li><strong>Didelio efektyvumo transmisija:<\/strong> Svirties cilindras u\u017etikrina galing\u0105 tiesin\u012f judes\u012f ir j\u0117g\u0105, u\u017etikrindamas auk\u0161t\u0105 mechanin\u0117s svirties na\u0161um\u0105 atliekant \u012fvairias operacijas.<\/li>\n<li><strong>Tikslus valdymas:<\/strong> Pasitelkdamas hidraulin\u0119 sistem\u0105, svirties cilindras u\u017etikrina tiksl\u0173 judesio valdym\u0105, tod\u0117l pritvirtintus \u012frankius galima valdyti lanks\u010diai ir tiksliai.<\/li>\n<li><strong>Stiprus patvarumas:<\/strong> Svirtiniai cilindrai paprastai gaminami i\u0161 didelio stiprumo med\u017eiag\u0173, kurios pasi\u017eymi puikiu atsparumu dilimui ir korozijai, tod\u0117l tinka ilgalaikiam naudojimui at\u0161iauriomis s\u0105lygomis.<\/li>\n<li><strong>Daugiafunkcinis prisitaikymas:<\/strong> \u0160ie cilindrai gali b\u016bti pla\u010diai naudojami \u012fvairi\u0173 tip\u0173 ma\u0161inose, tokiose kaip ekskavatoriai, kranai ir robotin\u0117s rankos, prisitaikant prie skirting\u0173 darbo reikalavim\u0173.<\/li>\n<li><strong>Prie\u017ei\u016bros paprastumas:<\/strong> Projektuojant atsi\u017evelgiama \u012f paprast\u0105 prie\u017ei\u016br\u0105 ir keitim\u0105, tod\u0117l reguliari ap\u017ei\u016bra ir prie\u017ei\u016bra yra patogesn\u0117, o \u012frangos prastovos laikas sutrump\u0117ja.<\/li>\n<\/ul>\n<p><img decoding=\"async\" src=\"https:\/\/www.hydraulic-cylinders.net\/wp-content\/uploads\/2025\/01\/songte-oil-pipes-and-spare-parts.webp\"><\/p>\n<h2>Parai\u0161kos<\/h2>\n<ul>\n<li><strong>Statybos in\u017einerija:<\/strong> Ekskavatoriuose ir kranuose svirties cilindras valdo kau\u0161\u0173 arba str\u0117li\u0173 jud\u0117jim\u0105 atliekant \u017eem\u0117s darbus, med\u017eiag\u0173 tvarkym\u0105 ir konstrukcij\u0173 montavim\u0105.<\/li>\n<li><strong>Gamybos pramon\u0117:<\/strong> Automatizuotose gamybos linijose rankos cilindras palengvina robotini\u0173 rank\u0173 jud\u0117jim\u0105 surinkimo, suvirinimo ir tvarkymo procesuose, taip padidindamas gamybos efektyvum\u0105 ir tikslum\u0105.<\/li>\n<li><strong>\u017dem\u0117s \u016bkio technika:<\/strong> \u017dem\u0117s \u016bkio \u012frangoje, tokioje kaip derliaus nu\u0117mimo ma\u0161inos ir sodinamosios, svirties cilindras valdo valdymo svir\u010di\u0173 judes\u012f atliekant tokias u\u017eduotis kaip s\u0117ja, tr\u0119\u0161imas ir derliaus nu\u0117mimas.<\/li>\n<li><strong>Kasyba:<\/strong> Kasybos \u012frangoje svirties cilindras valdo svirties judes\u012f r\u016bdos gavybai ir transportavimui.<\/li>\n<li><strong>Logistika ir transportas:<\/strong> \u0160akiniuose krautuvuose ir krovini\u0173 krovimo robotuose svirties cilindras valdo \u0161aki\u0173 k\u0117lim\u0105 ir jud\u0117jim\u0105, taip \u012fgalindamas med\u017eiag\u0173 tvarkym\u0105 ir krovim\u0105.<\/li>\n<\/ul>\n<h2>Projektavimo aspektai ir atrankos kriterijai<\/h2>\n<ul>\n<li><strong>Apkrovos paj\u0117gumas:<\/strong> Aptarkite raktinio \u017eod\u017eio geb\u0117jim\u0105 atlaikyti sunkius krovinius.<\/li>\n<li><strong>Sandarinimas:<\/strong> I\u0161tirkite \u012fvairi\u0173 sandarinimo komponent\u0173, toki\u0173 kaip st\u016bmokli\u0173 sandarikliai ir kot\u0173 sandarikliai, pagamint\u0173 i\u0161 atspari\u0173 dilimui med\u017eiag\u0173, toki\u0173 kaip poliuretanas ir nitrilo kau\u010diukas, naudojim\u0105.<\/li>\n<li><strong>Patvarumas:<\/strong> Aptarkite cilindro korpuso ir sriegini\u0173 gal\u0173 pavir\u0161iaus smulk\u0173 apdorojim\u0105, siekiant pagerinti atsparum\u0105 dilimui.<\/li>\n<li><strong>Saugumas:<\/strong> Svarstant raktinius \u017eod\u017eius, atkreipkite d\u0117mes\u012f \u012f saugos priemones naudojant svirtinius cilindrus.<\/li>\n<li><strong>Prie\u017ei\u016bra:<\/strong> Aptarkite reguliaraus tepimo poreik\u012f naudojant tinkam\u0105 hidraulin\u0117s alyvos kiek\u012f ir prie\u017ei\u016bros bei remonto paprastum\u0105.<\/li>\n<\/ul>\n<p><img decoding=\"async\" src=\"https:\/\/www.hydraulic-cylinders.net\/wp-content\/uploads\/2025\/01\/songte-cylinder-head-with-all-kinds-excavator-models.webp\"><\/p>\n<h2>Sandarinimas ir tepimas<\/h2>\n<p>\u201eKubota\u201c ma\u017eojo ekskavatoriaus U-155-3S svirties cilindre naudojami \u012fvair\u016bs sandarinimo komponentai, tokie kaip st\u016bmokli\u0173 ir stryp\u0173 sandarikliai, pagaminti i\u0161 atspari\u0173 dilimui med\u017eiag\u0173, toki\u0173 kaip poliuretanas ir nitrilo kau\u010diukas. Cilindro korpusas ir srieginiai galai yra kruop\u0161\u010diai apdorojami, siekiant pagerinti atsparum\u0105 dilimui. Norint u\u017etikrinti skland\u0173 veikim\u0105 ir pailginti cilindro tarnavimo laik\u0105, b\u016btina reguliariai tepti tinkamu hidraulin\u0117s alyvos kiekiu.<\/p>\n<h2>Reguliarios patikros ir prevencin\u0117s prie\u017ei\u016bros priemon\u0117s<\/h2>\n<ul>\n<li>Reguliariai tikrinkite cilindr\u0105, ar n\u0117ra nuot\u0117kio, susid\u0117v\u0117jimo ar pa\u017eeidim\u0173 po\u017eymi\u0173.<\/li>\n<li>\u012esitikinkite, kad hidraulin\u0117je sistemoje n\u0117ra ter\u0161al\u0173, kurie gali tur\u0117ti \u012ftakos cilindro veikimui.<\/li>\n<li>Patikrinkite ir sureguliuokite hidraulin\u012f sl\u0117g\u012f ir sraut\u0105 pagal gamintojo specifikacijas.<\/li>\n<li>Priver\u017ekite visas atsilaisvinusias jungtis ar jungiam\u0105sias detales.<\/li>\n<li>Nedelsdami pakeiskite susid\u0117v\u0117jusius arba pa\u017eeistus sandariklius, kad i\u0161vengtum\u0117te tolesni\u0173 problem\u0173.<\/li>\n<\/ul>\n<h2>Produkto diegimo vadovas<\/h2>\n<p>Tinkamas \u201eKubota\u201c ma\u017eojo ekskavatoriaus U-155-3S svirties cilindro montavimas yra labai svarbus norint u\u017etikrinti optimal\u0173 na\u0161um\u0105 ir ilgaam\u017ei\u0161kum\u0105. Atlikite \u0161iuos veiksmus:<\/p>\n<ol>\n<li>Paruo\u0161kite reikiamus \u012frankius ir \u012frang\u0105 montavimui.<\/li>\n<li>\u012esitikinkite, kad ekskavatorius yra stabilioje pad\u0117tyje ir kad yra imtasi vis\u0173 saugos priemoni\u0173.<\/li>\n<li>Nuimkite sen\u0105 cilindr\u0105, atkreipdami d\u0117mes\u012f \u012f jo pad\u0117t\u012f ir jungtis.<\/li>\n<li>\u012estatykite nauj\u0105 svirties cilindr\u0105, sulygiuodami j\u012f su atitinkamais tvirtinimo ta\u0161kais ir prijungdami hidraulines \u017earnas.<\/li>\n<li>Tvirtai priver\u017ekite visas jungtis.<\/li>\n<li>Patikrinkite cilindro veikim\u0105 ir atlikite reikiamus pakeitimus.<\/li>\n<\/ol>\n<p><img decoding=\"async\" src=\"https:\/\/www.hydraulic-cylinders.net\/wp-content\/uploads\/2025\/01\/songte-bushings-with-all-kinds-of-excavator-models.webp\"><\/p>\n<h2>Saugos aspektai ir aplinkos veiksniai<\/h2>\n<p>Raktiniai \u017eod\u017eiai atlieka gyvybi\u0161kai svarb\u0173 vaidmen\u012f u\u017etikrinant saugos priemoni\u0173 laikym\u0105si dirbant su svirtiniu cilindru. Labai svarbu laikytis tinkam\u0173 eksploatavimo proced\u016br\u0173 ir naudoti tinkamas asmenines apsaugos priemones, kad b\u016bt\u0173 i\u0161vengta nelaiming\u0173 atsitikim\u0173 ar su\u017ealojim\u0173. Be to, atsi\u017evelgiant \u012f aplinkos veiksnius, tokius kaip temperat\u016bra, dr\u0117gm\u0117 ir s\u0105lytis su korozin\u0117mis med\u017eiagomis, galima optimizuoti cilindro veikim\u0105 ir ilgaam\u017ei\u0161kum\u0105.<\/p>\n<h2>Trik\u010di\u0173 \u0161alinimas ir da\u017eniausiai pasitaikan\u010dios problemos<\/h2>\n<p>\u010cia pateikiamos kelios da\u017eniausiai pasitaikan\u010dios \u201eKubota\u201c ma\u017eojo ekskavatoriaus U-155-3S svirties cilindro problemos ir trik\u010di\u0173 \u0161alinimo patarimai:<\/p>\n<ul>\n<li><strong>1 numeris:<\/strong> Cilindro nuot\u0117kis.<\/li>\n<ul>\n<li>Sprendimas: patikrinkite ir pakeiskite visus pa\u017eeistus sandariklius ar komponentus, d\u0117l kuri\u0173 atsiranda nuot\u0117kis.<\/li>\n<\/ul>\n<li><strong>2 numeris:<\/strong> Nenuoseklus cilindro jud\u0117jimas.<\/li>\n<ul>\n<li>Sprendimas: patikrinkite hidraulin\u012f sl\u0117g\u012f ir sraut\u0105, jei reikia, pakoreguokite. \u012esitikinkite, kad hidraulin\u0117je sistemoje n\u0117ra joki\u0173 u\u017esikim\u0161im\u0173 ar apribojim\u0173.<\/li>\n<\/ul>\n<li><strong>3 numeris:<\/strong> Per didelis triuk\u0161mas eksploatacijos metu.<\/li>\n<ul>\n<li>Sprendimas: Patikrinkite, ar n\u0117ra atsilaisvinusi\u0173 jung\u010di\u0173 ar susid\u0117v\u0117jusi\u0173 komponent\u0173, kurie gali sukelti triuk\u0161m\u0105. Priver\u017ekite arba pakeiskite juos atitinkamai.<\/li>\n<\/ul>\n<\/ul>\n<p><img decoding=\"async\" src=\"https:\/\/www.hydraulic-cylinders.net\/wp-content\/uploads\/2025\/01\/songte-chushion-collar.webp\"><\/p>\n<p>Vadovaudamiesi \u0161iais trik\u010di\u0173 \u0161alinimo patarimais, skaitytojai gali efektyviai diagnozuoti ir i\u0161spr\u0119sti \u201eKubota\u201c ma\u017eojo ekskavatoriaus U-155-3S svirties cilindro problemas. Be to, prevencini\u0173 priemoni\u0173 \u012fgyvendinimas gali pad\u0117ti suma\u017einti galimas problemas ir i\u0161laikyti optimal\u0173 cilindro veikim\u0105.<\/p>\n<h2>Apie m\u016bs\u0173 \u012fmon\u0119<\/h2>\n<p>M\u016bs\u0173 \u012fmon\u0117je esame profesional\u016bs pakaitini\u0173 hidraulini\u0173 cilindr\u0173 gamintojai. Tur\u0117dami plat\u0173 gamini\u0173 asortiment\u0105, tapome vienu i\u0161 pirmaujan\u010di\u0173 gamintoj\u0173 ir didmenini\u0173 platintoj\u0173 vidaus ir tarptautin\u0117se rinkose. Laikom\u0117s puikios kokyb\u0117s principo ir nuolat tobuliname savo technologines galimybes bei gamybos efektyvum\u0105, naudodami modernias gamybos dirbtuves ir industrializuotas gamybos valdymo strategijas.<\/p>\n<p><img decoding=\"async\" src=\"https:\/\/www.hydraulic-cylinders.net\/wp-content\/uploads\/2025\/01\/songte-company-4.webp\"><br \/>\n<img decoding=\"async\" src=\"https:\/\/www.hydraulic-cylinders.net\/wp-content\/uploads\/2025\/01\/songte-company-3.webp\"><\/p>\n<h2>M\u016bs\u0173 stipryb\u0117s<\/h2>\n<ul>\n<li><strong>Profesionalumas:<\/strong> Turime patirties hidraulini\u0173 cilindr\u0173 gamybos ir SEO tekst\u0173 ra\u0161ymo srityse.<\/li>\n<li><strong>Tarptautinis sertifikatas:<\/strong> M\u016bs\u0173 gaminiai atitinka tarptautinius kokyb\u0117s ir saugos standartus, u\u017etikrinan\u010dius patikimum\u0105 ir na\u0161um\u0105.<\/li>\n<li><strong>Pritaikymo paslaugos:<\/strong> Si\u016blome individualiai pritaikytus sprendimus<br \/>","protected":false},"excerpt":{"rendered":"<p>Arm Cylinder For Kubota Small Excavator U-155-3S Introduction The Arm Cylinder for Kubota Small Excavator U-155-3S is a specialized hydraulic cylinder designed to provide linear motion and power to the arm of various machinery, such as excavators, cranes, and robotic arms. The arm cylinder plays a crucial role in hydraulic systems, allowing for effective movement [&hellip;]<\/p>","protected":false},"featured_media":14772,"comment_status":"open","ping_status":"closed","template":"","meta":{"_et_pb_use_builder":"","_et_pb_old_content":"","_et_gb_content_width":""},"product_brand":[],"product_cat":[1497],"product_tag":[1498,1496],"class_list":{"0":"post-16631","1":"product","2":"type-product","3":"status-publish","4":"has-post-thumbnail","6":"product_cat-arm-cylinders","7":"product_tag-arm-cylinders","8":"product_tag-hydraulic-cylinders","10":"first","11":"instock","12":"shipping-taxable","13":"product-type-simple"},"amp_enabled":true,"_links":{"self":[{"href":"https:\/\/www.hydraulic-cylinders.net\/lt\/wp-json\/wp\/v2\/product\/16631","targetHints":{"allow":["GET"]}}],"collection":[{"href":"https:\/\/www.hydraulic-cylinders.net\/lt\/wp-json\/wp\/v2\/product"}],"about":[{"href":"https:\/\/www.hydraulic-cylinders.net\/lt\/wp-json\/wp\/v2\/types\/product"}],"replies":[{"embeddable":true,"href":"https:\/\/www.hydraulic-cylinders.net\/lt\/wp-json\/wp\/v2\/comments?post=16631"}],"wp:featuredmedia":[{"embeddable":true,"href":"https:\/\/www.hydraulic-cylinders.net\/lt\/wp-json\/wp\/v2\/media\/14772"}],"wp:attachment":[{"href":"https:\/\/www.hydraulic-cylinders.net\/lt\/wp-json\/wp\/v2\/media?parent=16631"}],"wp:term":[{"taxonomy":"product_brand","embeddable":true,"href":"https:\/\/www.hydraulic-cylinders.net\/lt\/wp-json\/wp\/v2\/product_brand?post=16631"},{"taxonomy":"product_cat","embeddable":true,"href":"https:\/\/www.hydraulic-cylinders.net\/lt\/wp-json\/wp\/v2\/product_cat?post=16631"},{"taxonomy":"product_tag","embeddable":true,"href":"https:\/\/www.hydraulic-cylinders.net\/lt\/wp-json\/wp\/v2\/product_tag?post=16631"}],"curies":[{"name":"wp","href":"https:\/\/api.w.org\/{rel}","templated":true}]}}