{"id":16649,"date":"2025-01-21T05:44:10","date_gmt":"2025-01-21T05:44:10","guid":{"rendered":"https:\/\/www.hydraulic-cylinders.net\/product\/arm-cylinder-for-case-small-excavator-cx75\/"},"modified":"2025-01-21T05:44:12","modified_gmt":"2025-01-21T05:44:12","slug":"arm-cylinder-for-case-small-excavator-cx75","status":"publish","type":"product","link":"https:\/\/www.hydraulic-cylinders.net\/lt\/produktas\/arm-cylinder-for-case-small-excavator-cx75\/","title":{"rendered":"Svirties cilindras, skirtas ma\u017eam ekskavatoriui CX75"},"content":{"rendered":"<h1>Svirties cilindras, skirtas ma\u017eam ekskavatoriui CX75<\/h1>\n<h2>\u012evadas<\/h2>\n<p>\u201eCase Small Excavator CX75\u201c svirties cilindras yra specialiai sukurtas hidraulinis cilindras, kuris pirmiausia naudojamas linijiniam judesiui ir galiai u\u017etikrinti \u012fvairi\u0173 tip\u0173 ma\u0161in\u0173, toki\u0173 kaip ekskavatoriai, kranai ir mechanin\u0117s svirtys, svirtims. Svirties cilindras atlieka labai svarb\u0173 vaidmen\u012f hidraulin\u0117se sistemose, nes leid\u017eia efektyviai jud\u0117ti ir valdyti papildomus \u012frankius ar priedus. \u0160ie cilindrai ne tik u\u017etikrina skland\u0173 jud\u0117jim\u0105, bet ir atlaiko dideles apkrovas, u\u017etikrindami efektyv\u0173 ma\u0161inos veikim\u0105 ir patikimum\u0105 \u012fvairiomis eksploatavimo s\u0105lygomis.<\/p>\n<p><img decoding=\"async\" src=\"https:\/\/www.hydraulic-cylinders.net\/wp-content\/uploads\/2025\/01\/songte-company-2.webp\"><\/p>\n<h2>Savyb\u0117s<\/h2>\n<ul>\n<li>Didelio efektyvumo transmisija: Svirties cilindras u\u017etikrina galing\u0105 tiesin\u012f judes\u012f ir j\u0117g\u0105, u\u017etikrindamas didel\u012f efektyvum\u0105 atliekant \u012fvairias operacijas.<\/li>\n<li>Tikslus valdymas: Hidraulin\u0117s sistemos d\u0117ka rankos cilindras gali tiksliai valdyti judes\u012f, tod\u0117l papildom\u0173 \u012franki\u0173 valdymas tampa lankstesnis ir tikslesnis.<\/li>\n<li>Didelis patvarumas: Svirtiniai cilindrai paprastai gaminami i\u0161 didelio stiprumo med\u017eiag\u0173, pasi\u017eymin\u010di\u0173 geru atsparumu dilimui ir korozijai, tod\u0117l tinkami ilgalaikiam naudojimui at\u0161iauriomis s\u0105lygomis.<\/li>\n<li>Daugiafunkcis pritaikomumas: \u0160ie cilindrai gali b\u016bti pla\u010diai naudojami \u012fvairiuose mechaniniuose \u012frenginiuose, tokiuose kaip ekskavatoriai, kranai ir mechanin\u0117s rankenos, kad atitikt\u0173 skirtingus darbo reikalavimus.<\/li>\n<li>Lengva prie\u017ei\u016bra: konstrukcija skirta lengvam techniniam aptarnavimui ir pakeitimui, tod\u0117l reguliari ap\u017ei\u016bra ir prie\u017ei\u016bra yra patogesn\u0117, o \u012frangos prastovos laikas sutrump\u0117ja.<\/li>\n<\/ul>\n<p>Mes galime pagaminti \u0161\u012f produkt\u0105, o m\u016bs\u0173 produktas gali puikiai pakeisti \u0161iuos hidraulinius cilindrus.<\/p>\n<p><img decoding=\"async\" src=\"https:\/\/www.hydraulic-cylinders.net\/wp-content\/uploads\/2025\/01\/songte-oil-pipes-and-spare-parts.webp\"><\/p>\n<h2>Parai\u0161kos<\/h2>\n<ul>\n<li>Statybos in\u017einerija: ekskavatoriuose ir kranuose svirties cilindras naudojamas kau\u0161o arba str\u0117l\u0117s jud\u0117jimui valdyti, atliekant \u017eem\u0117s darbus, med\u017eiag\u0173 tvarkym\u0105 ir konstrukcij\u0173 montavim\u0105.<\/li>\n<li>Gamybos pramon\u0117: Automatizuotose gamybos linijose svirties cilindras naudojamas mechanin\u0117ms svirtims judinti, surinkimui, suvirinimui ir med\u017eiag\u0173 tvarkymui, siekiant pagerinti gamybos efektyvum\u0105 ir tikslum\u0105.<\/li>\n<li>\u017dem\u0117s \u016bkio technika: \u017dem\u0117s \u016bkio technikoje, pavyzd\u017eiui, derliaus nu\u0117mimo ir sodinimo ma\u0161inose, svirties cilindras valdo valdymo svir\u010di\u0173 jud\u0117jim\u0105, atlikdamas tokias u\u017eduotis kaip sodinimas, tr\u0119\u0161imas ir derliaus nu\u0117mimas.<\/li>\n<li>Kasyba: Kasybos \u012frangoje svirties cilindras naudojamas kasybos \u012frangos svirties jud\u0117jimui valdyti, kasybai ir med\u017eiag\u0173 tvarkymui.<\/li>\n<li>Logistika ir transportavimas: \u0160akiniuose krautuvuose ir tvarkymo robotuose rankos cilindras naudojamas \u0161ak\u0117s k\u0117limui ir jud\u0117jimui valdyti, med\u017eiag\u0173 tvarkymui ir krovimui.<\/li>\n<\/ul>\n<h2>Projektavimo aspektai ir atrankos kriterijai<\/h2>\n<ul>\n<li>Keliamoji galia: Svirties cilindras turi b\u016bti suprojektuotas taip, kad atlaikyt\u0173 mechanizmo ir papildom\u0173 \u012franki\u0173 ar pried\u0173 apkrov\u0105.<\/li>\n<li>Sandarinimas: Svirties cilindras turi b\u016bti sandariai u\u017esandarintas, kad b\u016bt\u0173 i\u0161vengta hidraulinio skys\u010dio nuot\u0117kio ir u\u017etikrintas tinkamas hidraulin\u0117s sistemos veikimas.<\/li>\n<li>Patvarumas: Svirties cilindras turi b\u016bti pagamintas i\u0161 didelio stiprumo med\u017eiag\u0173, kad b\u016bt\u0173 atsparus dilimui ir korozijai, ir tinkamas ilgalaikiam naudojimui at\u0161iauriomis s\u0105lygomis.<\/li>\n<li>Sauga: Svirties cilindras turi b\u016bti suprojektuotas su saugos funkcijomis, kad b\u016bt\u0173 i\u0161vengta nelaiming\u0173 atsitikim\u0173 ir u\u017etikrintas personalo bei \u012frangos saugumas.<\/li>\n<li>Prie\u017ei\u016bra: Svirties cilindras turi b\u016bti suprojektuotas taip, kad j\u012f b\u016bt\u0173 lengva pri\u017ei\u016br\u0117ti ir remontuoti, kad suma\u017e\u0117t\u0173 prastova ir b\u016bt\u0173 u\u017etikrintas \u012frangos patikimumas.<\/li>\n<\/ul>\n<p><img decoding=\"async\" src=\"https:\/\/www.hydraulic-cylinders.net\/wp-content\/uploads\/2025\/01\/songte-cylinder-head-with-all-kinds-excavator-models.webp\"><\/p>\n<h2>Sandarinimas ir tepimas<\/h2>\n<p>Svirtiniame cilindre naudojami \u012fvair\u016bs sandarinimo komponentai, tokie kaip st\u016bmoklio ir koto sandarikliai, i\u0161 toki\u0173 med\u017eiag\u0173 kaip poliuretanas ir nitrilo kau\u010diukas, siekiant u\u017etikrinti patvarum\u0105 ir atsparum\u0105 dilimui. Cilindro korpusas ir srieginiai galiniai pavir\u0161iai yra kruop\u0161\u010diai apdirbti, siekiant pagerinti atsparum\u0105 dilimui. Reguliariai pri\u017ei\u016brint, cilindrui sutepti reikiam\u0105 kiek\u012f hidraulin\u0117s alyvos.<\/p>\n<p><img decoding=\"async\" src=\"https:\/\/www.hydraulic-cylinders.net\/wp-content\/uploads\/2025\/01\/songte-chushion-collar.webp\"><\/p>\n<h2>Prie\u017ei\u016bra ir trik\u010di\u0173 \u0161alinimas<\/h2>\n<p>Reguliarus patikrinimas ir profilaktin\u0117 prie\u017ei\u016bra yra labai svarb\u016bs tinkamam svirties cilindro veikimui ir ilgaam\u017ei\u0161kumui. \u0160tai keletas da\u017eniausiai pasitaikan\u010di\u0173 problem\u0173 ir trik\u010di\u0173 \u0161alinimo patarim\u0173:<\/p>\n<ul>\n<li>Hidraulinio skys\u010dio nuot\u0117kis: patikrinkite cilindro korpus\u0105 ir sandarinimo komponentus, ar jie nepa\u017eeisti ar nesusid\u0117v\u0117j\u0119, ir laiku juos pakeiskite.<\/li>\n<li>Ne\u012fprastas triuk\u0161mas veikimo metu: patikrinkite, ar cilindras nepa\u017eeistas ar neu\u017eter\u0161tas, ir prireikus i\u0161valykite arba suremontuokite.<\/li>\n<li>Prastas veikimas arba gedimas: patikrinkite, ar hidraulin\u0117 sistema ir cilindras nepa\u017eeisti ar neu\u017esikim\u0161\u0119, ir prireikus juos sutaisykite arba pakeiskite.<\/li>\n<\/ul>\n<p>Prevencin\u0117s priemon\u0117s apima reguliar\u0173 cilindro patikrinim\u0105 ir technin\u0119 prie\u017ei\u016br\u0105, valym\u0105 ir tepim\u0105, taip pat tinkam\u0105 \u012frangos naudojim\u0105 ir tvarkym\u0105, siekiant i\u0161vengti pa\u017eeidim\u0173 ar nelaiming\u0173 atsitikim\u0173.<\/p>\n<h2>Diegimo vadovas<\/h2>\n<p>Tinkamas svirties cilindro montavimas yra labai svarbus tinkamam jo veikimui ir saugumui. Pateikiame kelet\u0105 bendr\u0173 montavimo instrukcij\u0173:<\/p>\n<ol>\n<li>Paruo\u0161kite tvirtinimo pavir\u0161i\u0173 ir \u012fsitikinkite, kad jis lygus ir \u0161varus.<\/li>\n<li>Pritvirtinkite cilindr\u0105 prie tvirtinimo pavir\u0161iaus naudodami tinkamus var\u017etus arba laikiklius, u\u017etikrindami tvirt\u0105 ir patikim\u0105 pritvirtinim\u0105.<\/li>\n<li>Prijunkite hidraulines \u017earnas ir jungiam\u0105sias detales prie cilindro, u\u017etikrindami tinkam\u0105 sulygiavim\u0105 ir priver\u017eim\u0105.<\/li>\n<li>Patikrinkite cilindr\u0105, ar jis veikia tinkamai, ir patikrinkite, ar n\u0117ra nuot\u0117ki\u0173 ar kit\u0173 sutrikim\u0173.<\/li>\n<\/ol>\n<p><img decoding=\"async\" src=\"https:\/\/www.hydraulic-cylinders.net\/wp-content\/uploads\/2025\/01\/songte-bushings-with-all-kinds-of-excavator-models.webp\"><\/p>\n<h2>Saugos ir aplinkosaugos aspektai<\/h2>\n<p>Svirties cilindras turi b\u016bti naudojamas ir valdomas laikantis tinkam\u0173 saugos priemoni\u0173, kad b\u016bt\u0173 i\u0161vengta nelaiming\u0173 atsitikim\u0173 ar su\u017ealojim\u0173. Cilindre naudojamas hidraulinis skystis turi b\u016bti tinkamai utilizuotas, kad b\u016bt\u0173 i\u0161vengta aplinkos u\u017eter\u0161imo.<\/p>\n<h2>Apie mus<\/h2>\n<p>Esame profesionalus pakaitini\u0173 hidraulini\u0173 cilindr\u0173 gamintojas, turintis plat\u0173 gamini\u0173 asortiment\u0105, ir vienas i\u0161 pirmaujan\u010di\u0173 hidraulini\u0173 cilindr\u0173 gamintoj\u0173 bei didmenini\u0173 platintoj\u0173 vidaus ir tarptautin\u0117se rinkose. Visada laikom\u0117s puikios kokyb\u0117s principo, remiam\u0117s industrializuoto gamybos valdymo strategijomis puikiose gamybos dirbtuv\u0117se, nuolat tobuliname savo technin\u012f lyg\u012f ir gamybos efektyvum\u0105 bei turime stiprias inovacij\u0173 galimybes. M\u016bs\u0173 tikslas \u2013 patenkinti \u012fvairius klient\u0173 poreikius, vadovaujantis efektyvumo, tikslumo ir auk\u0161tos kokyb\u0117s principais.<\/p>\n<p>Teikiame profesionalias ir individualiai pritaikytas paslaugas, turime tarptautinius sertifikatus ir pa\u017eangi\u0105 gamybos \u012frang\u0105, taip pat teikiame i\u0161samias garantinio aptarnavimo paslaugas. Esame \u012fsipareigoj\u0119 savo klientams tiekti auk\u0161tos kokyb\u0117s produktus ir paslaugas.<\/p>\n<p><img decoding=\"async\" src=\"https:\/\/www.hydraulic-cylinders.net\/wp-content\/uploads\/2025\/01\/songte-company-4.webp\"><br \/>\n<img decoding=\"async\" src=\"https:\/\/www.hydraulic-cylinders.net\/wp-content\/uploads\/2025\/01\/songte-company-3.webp\"><\/p>\n<p>Autorius: lyl.<\/p>","protected":false},"excerpt":{"rendered":"<p>Arm Cylinder For Case Small Excavator CX75 Introduction The Arm Cylinder for Case Small Excavator CX75 is a specially designed hydraulic cylinder that is primarily used to provide linear motion and power to the arms of various types of machinery, such as excavators, cranes, and mechanical arms. The arm cylinder plays a critical role in [&hellip;]<\/p>","protected":false},"featured_media":14779,"comment_status":"open","ping_status":"closed","template":"","meta":{"_et_pb_use_builder":"","_et_pb_old_content":"","_et_gb_content_width":""},"product_brand":[],"product_cat":[1497],"product_tag":[1498,1496],"class_list":{"0":"post-16649","1":"product","2":"type-product","3":"status-publish","4":"has-post-thumbnail","6":"product_cat-arm-cylinders","7":"product_tag-arm-cylinders","8":"product_tag-hydraulic-cylinders","10":"first","11":"instock","12":"shipping-taxable","13":"product-type-simple"},"amp_enabled":true,"_links":{"self":[{"href":"https:\/\/www.hydraulic-cylinders.net\/lt\/wp-json\/wp\/v2\/product\/16649","targetHints":{"allow":["GET"]}}],"collection":[{"href":"https:\/\/www.hydraulic-cylinders.net\/lt\/wp-json\/wp\/v2\/product"}],"about":[{"href":"https:\/\/www.hydraulic-cylinders.net\/lt\/wp-json\/wp\/v2\/types\/product"}],"replies":[{"embeddable":true,"href":"https:\/\/www.hydraulic-cylinders.net\/lt\/wp-json\/wp\/v2\/comments?post=16649"}],"wp:featuredmedia":[{"embeddable":true,"href":"https:\/\/www.hydraulic-cylinders.net\/lt\/wp-json\/wp\/v2\/media\/14779"}],"wp:attachment":[{"href":"https:\/\/www.hydraulic-cylinders.net\/lt\/wp-json\/wp\/v2\/media?parent=16649"}],"wp:term":[{"taxonomy":"product_brand","embeddable":true,"href":"https:\/\/www.hydraulic-cylinders.net\/lt\/wp-json\/wp\/v2\/product_brand?post=16649"},{"taxonomy":"product_cat","embeddable":true,"href":"https:\/\/www.hydraulic-cylinders.net\/lt\/wp-json\/wp\/v2\/product_cat?post=16649"},{"taxonomy":"product_tag","embeddable":true,"href":"https:\/\/www.hydraulic-cylinders.net\/lt\/wp-json\/wp\/v2\/product_tag?post=16649"}],"curies":[{"name":"wp","href":"https:\/\/api.w.org\/{rel}","templated":true}]}}