{"id":16652,"date":"2025-01-21T05:44:22","date_gmt":"2025-01-21T05:44:22","guid":{"rendered":"https:\/\/www.hydraulic-cylinders.net\/product\/arm-cylinder-for-case-middle-excavator-cx21b-em\/"},"modified":"2025-01-21T05:44:24","modified_gmt":"2025-01-21T05:44:24","slug":"arm-cylinder-for-case-middle-excavator-cx21b-em","status":"publish","type":"product","link":"https:\/\/www.hydraulic-cylinders.net\/lt\/produktas\/arm-cylinder-for-case-middle-excavator-cx21b-em\/","title":{"rendered":"Svirties cilindras, skirtas \u201eCase Middle\u201c ekskavatoriui CX21B-EM"},"content":{"rendered":"<h1>Svirties cilindras, skirtas \u201eCase Middle\u201c ekskavatoriui CX21B-EM<\/h1>\n<h2>\u012evadas<\/h2>\n<p>Svirties cilindras yra specialiai suprojektuotas hidraulinis cilindras, kuris pirmiausia naudojamas \u012fvairi\u0173 ma\u0161in\u0173, toki\u0173 kaip ekskavatoriai, kranai ir robotin\u0117s svirtys, svir\u010diai tiesiniam judesiui ir galiai u\u017etikrinti. Svirties cilindras atlieka labai svarb\u0173 vaidmen\u012f hidraulin\u0117se sistemose, nes leid\u017eia efektyviai jud\u0117ti ir valdyti priedus ar priedus. \u0160ie cilindrai ne tik u\u017etikrina skland\u0173 jud\u0117jim\u0105, bet ir atlaiko dideles apkrovas, u\u017etikrindami auk\u0161t\u0105 ma\u0161in\u0173 efektyvum\u0105 ir patikimum\u0105 \u012fvairiomis eksploatavimo s\u0105lygomis.<\/p>\n<p><img decoding=\"async\" src=\"https:\/\/www.hydraulic-cylinders.net\/wp-content\/uploads\/2025\/01\/songte-company-2.webp\" alt=\"Svirties cilindro vaizdas\"><\/p>\n<h2>Savyb\u0117s<\/h2>\n<ul>\n<li>\n<h3>Didelio efektyvumo energijos perdavimas<\/h3>\n<p>Svirties cilindras u\u017etikrina galing\u0105 tiesin\u012f judes\u012f ir j\u0117g\u0105, u\u017etikrindamas auk\u0161t\u0105 mechanin\u0117s svirties na\u0161um\u0105 atliekant \u012fvairias operacijas.<\/p>\n<\/li>\n<li>\n<h3>Tikslus valdymas<\/h3>\n<p>Hidraulin\u0117s sistemos d\u0117ka svirties cilindras leid\u017eia tiksliai valdyti judes\u012f, tod\u0117l pried\u0173 valdymas tampa lankstesnis ir tikslesnis.<\/p>\n<\/li>\n<li>\n<h3>Patvarumas<\/h3>\n<p>Svirties cilindras paprastai gaminamas i\u0161 didelio stiprumo med\u017eiag\u0173, pasi\u017eymin\u010di\u0173 puikiu atsparumu dilimui ir korozijai, tod\u0117l tinka ilgalaikiam naudojimui at\u0161iauriomis s\u0105lygomis.<\/p>\n<\/li>\n<li>\n<h3>Prisitaikymas<\/h3>\n<p>\u0160ie cilindrai gali b\u016bti pla\u010diai naudojami \u012fvairioms ma\u0161inoms, tokioms kaip ekskavatoriai, kranai ir robotin\u0117s rankos, pritaikant juos skirtingiems darbo reikalavimams.<\/p>\n<\/li>\n<li>\n<h3>Lengva prie\u017ei\u016bra<\/h3>\n<p>Projektuojant atsi\u017evelgta \u012f prie\u017ei\u016bros ir keitimo paprastum\u0105, tod\u0117l reguliarios patikros ir technin\u0117 prie\u017ei\u016bra yra patogesn\u0117s, o \u012frangos prastovos laikas sutrump\u0117ja.<\/p>\n<\/li>\n<\/ul>\n<p><img decoding=\"async\" src=\"https:\/\/www.hydraulic-cylinders.net\/wp-content\/uploads\/2025\/01\/songte-oil-pipes-and-spare-parts.webp\" alt=\"Svirties cilindro atsargin\u0117s dalys\"><\/p>\n<h2>Parai\u0161kos<\/h2>\n<p>Svirtinis cilindras naudojamas \u012fvairiose pramon\u0117s \u0161akose:<\/p>\n<ul>\n<li>\n<h3>Statybos in\u017einerija<\/h3>\n<p>Ekskavatoriuose ir kranuose svirties cilindras naudojamas kau\u0161\u0173 arba str\u0117li\u0173 jud\u0117jimui valdyti atliekant \u017eem\u0117s darbus, med\u017eiag\u0173 tvarkym\u0105 ir konstrukcij\u0173 montavim\u0105.<\/p>\n<\/li>\n<li>\n<h3>Gamybos pramon\u0117<\/h3>\n<p>Automatizuotose gamybos linijose rankos cilindras naudojamas robotini\u0173 rank\u0173 jud\u0117jimui, \u012fgalinant tokius procesus kaip surinkimas, suvirinimas ir med\u017eiag\u0173 tvarkymas, taip pagerinant gamybos efektyvum\u0105 ir tikslum\u0105.<\/p>\n<\/li>\n<li>\n<h3>\u017dem\u0117s \u016bkio technika<\/h3>\n<p>\u017dem\u0117s \u016bkio technikoje, pavyzd\u017eiui, derliaus nu\u0117mimo ir s\u0117jamosiose, svirties cilindras valdo darbini\u0173 svir\u010di\u0173 jud\u0117jim\u0105 atliekant tokias u\u017eduotis kaip s\u0117ja, tr\u0119\u0161imas ir derliaus nu\u0117mimas.<\/p>\n<\/li>\n<li>\n<h3>Kasyba<\/h3>\n<p>Kasybos \u012frangoje svirties cilindras naudojamas kasybos ma\u0161in\u0173 svirties jud\u0117jimui valdyti, palengvinant r\u016bdos gavyb\u0105 ir transportavim\u0105.<\/p>\n<\/li>\n<li>\n<h3>Logistika ir transportas<\/h3>\n<p>\u0160akiniuose krautuvuose ir krovini\u0173 krovimo robotuose svirties cilindras naudojamas \u0161aki\u0173 k\u0117limui ir jud\u0117jimui valdyti, taip u\u017etikrinant med\u017eiag\u0173 tvarkym\u0105 ir krovim\u0105.<\/p>\n<\/li>\n<\/ul>\n<h2>Projektavimo aspektai ir atrankos kriterijai<\/h2>\n<p>Kalbant apie cilindro konstrukcijos konstrukcij\u0105, reik\u0117t\u0173 atsi\u017evelgti \u012f kelet\u0105 svarbi\u0173 aspekt\u0173 ir atrankos kriterij\u0173:<\/p>\n<ul>\n<li>\n<h3>Apkrovos paj\u0117gumas<\/h3>\n<p>Svirties cilindras turi atlaikyti maksimali\u0105 apkrov\u0105, kuri jam bus taikoma numatytomis s\u0105lygomis.<\/p>\n<\/li>\n<li>\n<h3>Sandarinimas<\/h3>\n<p>Reik\u0117t\u0173 naudoti \u012fvairius sandarinimo elementus, tokius kaip st\u016bmokli\u0173 ir kot\u0173 sandarikliai, pageidautina pagamintus i\u0161 atspari\u0173 dilimui med\u017eiag\u0173, toki\u0173 kaip poliuretanas arba nitrilo kau\u010diukas. Cilindro korpusas ir srieginiai galiniai pavir\u0161iai tur\u0117t\u0173 b\u016bti kruop\u0161\u010diai apdoroti, kad padid\u0117t\u0173 atsparumas dilimui. Norint tinkamai veikti, b\u016btina reguliariai tepti hidrauline alyva.<\/p>\n<\/li>\n<li>\n<h3>Patvarumas<\/h3>\n<p>Svirties cilindras turi b\u016bti pagamintas i\u0161 auk\u0161tos kokyb\u0117s med\u017eiag\u0173 ir tinkamai termi\u0161kai apdorotas arba padengiamas, kad b\u016bt\u0173 u\u017etikrintas ilgaam\u017ei\u0161kumas ir atsparumas dilimui.<\/p>\n<\/li>\n<li>\n<h3>Saugumas<\/h3>\n<p>Reik\u0117t\u0173 atsi\u017evelgti \u012f saugos priemones, tokias kaip sl\u0117gio ma\u017einimo vo\u017etuvai ir antikavitacijos vo\u017etuvai, kad b\u016bt\u0173 i\u0161vengta \u017ealos ar nelaiming\u0173 atsitikim\u0173, kuriuos sukelia per didelis sl\u0117gis ar kavitacija.<\/p>\n<\/li>\n<li>\n<h3>Prie\u017ei\u016bra<\/h3>\n<p>Konstrukcija tur\u0117t\u0173 u\u017etikrinti lengv\u0105 komponent\u0173 patikrinim\u0105, prie\u017ei\u016br\u0105 ir keitim\u0105, taip suma\u017einant prastovas ir u\u017etikrinant skland\u0173 veikim\u0105.<\/p>\n<\/li>\n<\/ul>\n<p><img decoding=\"async\" src=\"https:\/\/www.hydraulic-cylinders.net\/wp-content\/uploads\/2025\/01\/songte-cylinder-head-with-all-kinds-excavator-models.webp\" alt=\"Cilindro galvut\u0117\"><\/p>\n<h2>Periodin\u0117 ap\u017ei\u016bra ir prevencin\u0117 prie\u017ei\u016bra<\/h2>\n<ul>\n<li>Reguliariai tikrinkite svirties cilindr\u0105, ar n\u0117ra susid\u0117v\u0117jimo, nuot\u0117kio ar pa\u017eeidim\u0173 po\u017eymi\u0173.<\/li>\n<li>I\u0161valykite ir sutepkite cilindro komponentus, kaip rekomenduoja gamintojas.<\/li>\n<li>Patikrinkite hidraulin\u0117s alyvos lyg\u012f ir kokyb\u0119, ir prireikus pakeiskite arba papildykite.<\/li>\n<li>Patikrinkite ir pakeiskite susid\u0117v\u0117jusius ar pa\u017eeistus sandariklius ir kitus komponentus.<\/li>\n<li>U\u017etikrinkite tinkam\u0105 svirties cilindro i\u0161lygiavim\u0105 ir sureguliavim\u0105.<\/li>\n<\/ul>\n<h2>Diegimo vadovas<\/h2>\n<p>Tinkamas svirties cilindro montavimas yra labai svarbus efektyviam ir saugiam jo veikimui. Atlikite \u0161iuos veiksmus:<\/p>\n<ol>\n<li>Paruo\u0161kite montavimo viet\u0105 ir \u012fsitikinkite, kad ji yra \u0161vari ir be joki\u0173 \u0161iuk\u0161li\u0173.<\/li>\n<li>Sulygiuokite svirties cilindr\u0105 su tvirtinimo ta\u0161kais ir pritvirtinkite j\u012f atitinkamais var\u017etais arba tvirtinimo detal\u0117mis.<\/li>\n<li>Var\u017etus arba tvirtinimo detales priver\u017ekite palaipsniui ir tolygiai, kad i\u0161vengtum\u0117te per didelio cilindro \u012ftempimo.<\/li>\n<li>Prijunkite hidraulines \u017earnas arba vamzd\u017eius ir u\u017etikrinkite tinkam\u0105 sandarum\u0105.<\/li>\n<li>Atlikite i\u0161sam\u0173 patikrinim\u0105 ir funkcin\u012f bandym\u0105, kad \u012fsitikintum\u0117te, jog viskas veikia tinkamai.<\/li>\n<\/ol>\n<p><img decoding=\"async\" src=\"https:\/\/www.hydraulic-cylinders.net\/wp-content\/uploads\/2025\/01\/songte-bushings-with-all-kinds-of-excavator-models.webp\" alt=\"\u012evor\u0117s\"><\/p>\n<h2>Saugos aspektai ir aplinkos veiksniai<\/h2>\n<p>Naudojant svirties cilindr\u0105, labai svarbu teikti pirmenyb\u0119 saugos priemon\u0117ms. Sunki\u0173j\u0173 ma\u0161in\u0173 valdymas yra susij\u0119s su rizika, tod\u0117l reikia imtis tinkam\u0173 saugos priemoni\u0173, \u012fskaitant:<\/p>\n<ul>\n<li>Tinkamai apmokyti operatorius, kaip saugiai naudoti ir pri\u017ei\u016br\u0117ti \u012frang\u0105.<\/li>\n<li>Naudojant tinkamus apsauginius \u012ftaisus ir \u012fsp\u0117jamuosius \u017eenklus, siekiant i\u0161vengti nelaiming\u0173 atsitikim\u0173.<\/li>\n<li>Reguliariai tikrinkite ir pri\u017ei\u016br\u0117kite svirties cilindr\u0105, kad b\u016bt\u0173 u\u017etikrintas saugus jo veikimas.<\/li>\n<li>Laikantis atitinkam\u0173 saugos taisykli\u0173 ir gairi\u0173.<\/li>\n<\/ul>\n<h2>Trik\u010di\u0173 \u0161alinimas ir da\u017eniausiai pasitaikan\u010dios problemos<\/h2>\n<p>\u0160tai keletas da\u017eniausiai pasitaikan\u010di\u0173 problem\u0173, susijusi\u0173 su cilindro rankena:<\/p>\n<ul>\n<li>Svirties cilindras netinkamai i\u0161tiesia arba susitraukia.<\/li>\n<li>Yra per didelis hidraulinio skys\u010dio nuot\u0117kis.<\/li>\n<li>Rankos judesiai tr\u016bk\u010diojantys arba netolyg\u016bs.<\/li>\n<li>Veikimo metu girdimas ne\u012fprastas triuk\u0161mas arba vibracija.<\/li>\n<\/ul>\n<p><img decoding=\"async\" src=\"https:\/\/www.hydraulic-cylinders.net\/wp-content\/uploads\/2025\/01\/songte-chushion-collar.webp\" alt=\"\u0160luost\u0117s apykakl\u0117\"><\/p>\n<p>Susid\u016br\u0119 su \u0161iomis problemomis, atsi\u017evelkite \u012f \u0161iuos trik\u010di\u0173 \u0161alinimo patarimus ir sprendimus:<\/p>\n<ul>\n<li>Patikrinkite, ar n\u0117ra u\u017esikim\u0161usi\u0173 ar pa\u017eeist\u0173 hidraulini\u0173 \u017earn\u0173 ar jungiam\u0173j\u0173 detali\u0173, ir prireikus pakeiskite.<\/li>\n<li>Patikrinkite sandariklius ir pakeiskite juos, jei jie susid\u0117v\u0117j\u0119 ar pa\u017eeisti.<\/li>\n<li>U\u017etikrinkite tinkam\u0105 svirties cilindro i\u0161lygiavim\u0105 ir sureguliavim\u0105.<\/li>\n<li>Patikrinkite hidraulinio skys\u010dio lyg\u012f ir kokyb\u0119, prireikus papildykite arba pakeiskite.<\/li>\n<li>Jei problemos i\u0161lieka, kreipkit\u0117s pagalbos \u012f kvalifikuot\u0105 specialist\u0105 arba m\u016bs\u0173 klient\u0173 aptarnavimo tarnyb\u0105.<\/li>\n<\/ul>\n<h2>Apie mus<\/h2>\n<p>Esame profesionalus pakaitini\u0173 hidraulini\u0173 cilindr\u0173 gamintojas, si\u016blantis plat\u0173 gamini\u0173 asortiment\u0105. Tapome vienu i\u0161 pirmaujan\u010di\u0173 hidraulini\u0173 cilindr\u0173 gamintoj\u0173 ir didmenini\u0173 platintoj\u0173 tiek vidaus, tiek tarptautin\u0117se rinkose. Siekdami meistri\u0161kumo, nuolat tobuliname savo technologines galimybes ir gamybos efektyvum\u0105.<\/p>","protected":false},"excerpt":{"rendered":"<p>Arm Cylinder For Case Middle Excavator CX21B-EM Introduction The arm cylinder is a specially designed hydraulic cylinder that is primarily used to provide linear motion and power to the arm of various machinery, such as excavators, cranes, and robotic arms. The arm cylinder plays a crucial role in hydraulic systems, enabling efficient movement and control [&hellip;]<\/p>","protected":false},"featured_media":14772,"comment_status":"open","ping_status":"closed","template":"","meta":{"_et_pb_use_builder":"","_et_pb_old_content":"","_et_gb_content_width":""},"product_brand":[],"product_cat":[1497],"product_tag":[1498,1496],"class_list":{"0":"post-16652","1":"product","2":"type-product","3":"status-publish","4":"has-post-thumbnail","6":"product_cat-arm-cylinders","7":"product_tag-arm-cylinders","8":"product_tag-hydraulic-cylinders","10":"first","11":"instock","12":"shipping-taxable","13":"product-type-simple"},"amp_enabled":true,"_links":{"self":[{"href":"https:\/\/www.hydraulic-cylinders.net\/lt\/wp-json\/wp\/v2\/product\/16652","targetHints":{"allow":["GET"]}}],"collection":[{"href":"https:\/\/www.hydraulic-cylinders.net\/lt\/wp-json\/wp\/v2\/product"}],"about":[{"href":"https:\/\/www.hydraulic-cylinders.net\/lt\/wp-json\/wp\/v2\/types\/product"}],"replies":[{"embeddable":true,"href":"https:\/\/www.hydraulic-cylinders.net\/lt\/wp-json\/wp\/v2\/comments?post=16652"}],"wp:featuredmedia":[{"embeddable":true,"href":"https:\/\/www.hydraulic-cylinders.net\/lt\/wp-json\/wp\/v2\/media\/14772"}],"wp:attachment":[{"href":"https:\/\/www.hydraulic-cylinders.net\/lt\/wp-json\/wp\/v2\/media?parent=16652"}],"wp:term":[{"taxonomy":"product_brand","embeddable":true,"href":"https:\/\/www.hydraulic-cylinders.net\/lt\/wp-json\/wp\/v2\/product_brand?post=16652"},{"taxonomy":"product_cat","embeddable":true,"href":"https:\/\/www.hydraulic-cylinders.net\/lt\/wp-json\/wp\/v2\/product_cat?post=16652"},{"taxonomy":"product_tag","embeddable":true,"href":"https:\/\/www.hydraulic-cylinders.net\/lt\/wp-json\/wp\/v2\/product_tag?post=16652"}],"curies":[{"name":"wp","href":"https:\/\/api.w.org\/{rel}","templated":true}]}}