{"id":16653,"date":"2025-01-21T05:44:26","date_gmt":"2025-01-21T05:44:26","guid":{"rendered":"https:\/\/www.hydraulic-cylinders.net\/product\/arm-cylinder-for-case-middle-excavator-cx220b\/"},"modified":"2025-01-21T05:44:28","modified_gmt":"2025-01-21T05:44:28","slug":"arm-cylinder-for-case-middle-excavator-cx220b","status":"publish","type":"product","link":"https:\/\/www.hydraulic-cylinders.net\/lt\/produktas\/arm-cylinder-for-case-middle-excavator-cx220b\/","title":{"rendered":"Svirties cilindras, skirtas \u201eCase Middle\u201c ekskavatoriui CX220B"},"content":{"rendered":"<p>Svirties cilindras, skirtas \u201eCase Middle Excavator CX220B\u201c<\/p>\n<p>\u012evadas:<br \/>\nSvirties cilindras yra specializuotas hidraulinis cilindras, skirtas u\u017etikrinti tiesin\u012f jud\u0117jim\u0105 ir gali\u0105 \u012fvairi\u0173 tip\u0173 ma\u0161inoms, tokioms kaip ekskavatoriai, kranai ir mechanin\u0117s svirtys. Svirties cilindras atlieka labai svarb\u0173 vaidmen\u012f hidraulin\u0117je sistemoje, nes leid\u017eia efektyviai jud\u0117ti ir valdyti priedus bei priedus. \u0160ie cilindrai ne tik leid\u017eia skland\u017eiai jud\u0117ti, bet ir atlaiko dideles apkrovas, u\u017etikrindami efektyv\u0173 ma\u0161in\u0173 veikim\u0105 ir patikimum\u0105 \u012fvairiomis eksploatavimo s\u0105lygomis.<\/p>\n<p>Savyb\u0117s:<br \/>\n1. Efektyvus galios perdavimas: Svir\u010di\u0173 cilindrai u\u017etikrina galing\u0105 tiesin\u012f judes\u012f ir j\u0117g\u0105, u\u017etikrindami efektyv\u0173 mechanini\u0173 svir\u010di\u0173 veikim\u0105 atliekant \u012fvairias operacijas.<br \/>\n2. Tikslus valdymas: Naudojant hidraulines sistemas, svirties cilindrai gali pasiekti tiksl\u0173 judesio valdym\u0105, tod\u0117l pried\u0173 valdymas tampa lankstesnis ir tikslesnis.<br \/>\n3. Didelis patvarumas: Svirtiniai cilindrai paprastai gaminami i\u0161 didelio stiprumo med\u017eiag\u0173, pasi\u017eymin\u010di\u0173 geru atsparumu dilimui ir korozijai, tod\u0117l jie tinkami ilgalaikiam naudojimui at\u0161iauriomis s\u0105lygomis.<br \/>\n4. Universalus pritaikymas: \u0160ie cilindrai gali b\u016bti pla\u010diai naudojami \u012fvairiuose mechaniniuose \u012frenginiuose, tokiuose kaip ekskavatoriai, kranai ir mechanin\u0117s rankenos, kad atitikt\u0173 skirtingus darbo reikalavimus.<br \/>\n5. Lengva prie\u017ei\u016bra: Sukurti atsi\u017evelgiant \u012f paprast\u0105 prie\u017ei\u016br\u0105 ir keitim\u0105, svirties cilindrai leid\u017eia patogiau reguliariai tikrinti ir pri\u017ei\u016br\u0117ti, taip suma\u017einant \u012frangos prastovas.<\/p>\n<p>Parai\u0161kos:<br \/>\n1. Statybos in\u017einerija: ekskavatoriuose ir kranuose str\u0117li\u0173 cilindrai naudojami kau\u0161\u0173 arba str\u0117li\u0173 jud\u0117jimui valdyti atliekant \u017eem\u0117s darbus, med\u017eiag\u0173 tvarkym\u0105 ir konstrukcij\u0173 montavim\u0105.<br \/>\n2. Gamyba: Automatizuotose gamybos linijose ranken\u0173 cilindrai naudojami mechanin\u0117ms rankenoms judinti surinkimo, suvirinimo ir tvarkymo procesuose, taip pagerinant gamybos efektyvum\u0105 ir tikslum\u0105.<br \/>\n3. \u017dem\u0117s \u016bkio technika: \u017dem\u0117s \u016bkio technikoje, pavyzd\u017eiui, derliaus nu\u0117mimo ir s\u0117jamosiose, svir\u010di\u0173 cilindrai valdo valdymo svir\u010di\u0173 jud\u0117jim\u0105, kad b\u016bt\u0173 galima atlikti tokias u\u017eduotis kaip sodinimas, tr\u0119\u0161imas ir derliaus nu\u0117mimas.<br \/>\n4. Kasyba: Kasybos \u012frangoje svirties cilindrai naudojami kasybos \u012frangos svir\u010di\u0173 jud\u0117jimui valdyti r\u016bdos kasybai ir transportavimui.<br \/>\n5. Logistika ir transportavimas: \u0160akiniuose krautuvuose ir krovini\u0173 krovimo robotuose ranken\u0173 cilindrai naudojami \u0161aki\u0173 k\u0117limui ir jud\u0117jimui valdyti, u\u017etikrinant med\u017eiag\u0173 tvarkym\u0105 ir krovim\u0105.<\/p>\n<p>Projektavimo aspektai ir atrankos kriterijai:<br \/>\n1. Keliamoji galia: Svirties cilindrai turi b\u016bti suprojektuoti taip, kad atlaikyt\u0173 maksimali\u0105 apkrov\u0105, su kuria jie susidurs eksploatacijos metu.<br \/>\n2. Sandarinimas: \u012evair\u016bs sandarinimo komponentai, tokie kaip st\u016bmokli\u0173 ir kot\u0173 sandarikliai, naudojami siekiant i\u0161vengti hidraulinio skys\u010dio nuot\u0117kio ir ter\u0161al\u0173 patekimo.<br \/>\n3. Patvarumas: Svirtiniai cilindrai turi b\u016bti pagaminti i\u0161 med\u017eiag\u0173, atspari\u0173 dilimui ir korozijai, kad b\u016bt\u0173 u\u017etikrintas ilgalaikis naudojimas at\u0161iauriomis s\u0105lygomis.<br \/>\n4. Sauga: Svirtiniai cilindrai turi b\u016bti suprojektuoti taip, kad b\u016bt\u0173 i\u0161vengta nelaiming\u0173 atsitikim\u0173 d\u0117l cilindro gedimo ar veikimo sutrikimo.<br \/>\n5. Prie\u017ei\u016bra: Svirtiniai cilindrai tur\u0117t\u0173 b\u016bti suprojektuoti taip, kad juos b\u016bt\u0173 lengva pri\u017ei\u016br\u0117ti ir remontuoti, o komponentai ir atsargin\u0117s dalys tur\u0117t\u0173 b\u016bti lengvai prieinamos.<\/p>\n<p>Sandarinimas ir tepimas:<br \/>\n\u012evair\u016bs sandarinimo komponentai, tokie kaip st\u016bmokli\u0173 ir stryp\u0173 sandarikliai, naudojami siekiant i\u0161vengti hidraulinio skys\u010dio nuot\u0117kio ir ter\u0161al\u0173 patekimo. Svirtinius cilindrus reikia periodi\u0161kai tepti tinkama hidrauline alyva, kad b\u016bt\u0173 i\u0161laikytas na\u0161umas ir ilgaam\u017ei\u0161kumas.<\/p>\n<p>Profilaktin\u0117 prie\u017ei\u016bra ir trik\u010di\u0173 \u0161alinimas:<br \/>\nNorint u\u017etikrinti nuolatin\u012f efektyv\u0173 veikim\u0105, b\u016btina reguliariai tikrinti ir pri\u017ei\u016br\u0117ti svirties cilindr\u0105. Da\u017eniausios svirties cilindro veikimo problemos yra hidraulinio skys\u010dio nuot\u0117kis, per didelis cilindro susid\u0117v\u0117jimas ir st\u016bmoklio koto pa\u017eeidimai. Norint i\u0161laikyti svirties cilindro veikim\u0105 ir i\u0161vengti galim\u0173 problem\u0173, reikia laikytis gamintojo rekomenduojam\u0173 trik\u010di\u0173 \u0161alinimo ir remonto proced\u016br\u0173.<\/p>\n<p>Diegimo vadovas:<br \/>\n1. Nuvalykite visus tvirtinimo pavir\u0161ius ir \u012fsitikinkite, kad jie n\u0117ra r\u016bd\u017ei\u0173, ne\u0161varum\u0173 ir \u0161iuk\u0161li\u0173.<br \/>\n2. Sulygiuokite svirties cilindro laikikl\u012f su ma\u0161inos tvirtinimo ta\u0161ku ir pritvirtinkite atitinkamais var\u017etais arba tvirtinimo detal\u0117mis.<br \/>\n3. Connect the hydraulic lines to the arm cylinder according to the manufacturer&#8217;s instructions.<br \/>\n4. Patikrinkite cilindro veikim\u0105, \u012fskaitant skland\u0173 jud\u0117jim\u0105 ir tinkam\u0105 reakcij\u0105 \u012f hidraulinius valdiklius.<\/p>\n<p>Saugos aspektai ir aplinkos veiksniai:<br \/>\nDirbant su hidrauline \u012franga, reikia imtis saugos priemoni\u0173, pavyzd\u017eiui, d\u0117v\u0117ti tinkamas apsaugines priemones ir laikytis rekomenduojam\u0173 prie\u017ei\u016bros bei remonto proced\u016br\u0173. Aplinkos veiksniai, tokie kaip temperat\u016bra ir dr\u0117gm\u0117, gali tur\u0117ti \u012ftakos svirties cilindro veikimui, tod\u0117l \u012f juos reikia atsi\u017evelgti dirbant ekstremaliomis s\u0105lygomis.<\/p>\n<p>Esame profesionalus alternatyvi\u0173 hidraulini\u0173 cilindr\u0173 gamintojas, si\u016blantis plat\u0173 produkt\u0173 ir paslaug\u0173 asortiment\u0105. Tapome pirmaujan\u010diu hidraulini\u0173 cilindr\u0173 gamintoju ir didmeniniu platintoju vidaus ir tarptautin\u0117se rinkose. Visada laikom\u0117s puikios kokyb\u0117s principo, remdamiesi savo moderni\u0173 gamybos cech\u0173 industrializuota gamybos valdymo strategija, nuolat tobulindami savo technin\u012f lyg\u012f ir gamybos efektyvum\u0105. Diegiant pa\u017eangi\u0105 skaitmenin\u0119 gamybos \u012frang\u0105 ir profesionalias testavimo sistemas, nuolat optimizuojame gamybos platformas, tobuliname gamini\u0173 kokyb\u0117s kontrol\u0117s procesus ir turime stiprias inovacines galimybes. M\u016bs\u0173 tikslas \u2013 patenkinti \u012fvairius klient\u0173 poreikius, vadovaujantis efektyvumo, tikslumo ir auk\u0161tos kokyb\u0117s principais.<\/p>\n<p>M\u016bs\u0173 \u012fmon\u0117 turi \u0161ias galimybes:<br \/>\n1. Profesionalumas: Turime patyrusi\u0173 specialist\u0173 komand\u0105, turin\u010di\u0105 patirties hidraulini\u0173 cilindr\u0173 projektavimo, gamybos ir klient\u0173 aptarnavimo srityse.<br \/>\n2. Tarptautinis sertifikavimas: M\u016bs\u0173 gaminiai atitinka tarptautinius kokyb\u0117s standartus ir yra gav\u0119 \u012fvairius sertifikatus, tokius kaip ISO9001 ir CE.<br \/>\n3. Pritaikymo paslaugos: Mes teikiame individualius hidraulini\u0173 cilindr\u0173 sprendimus pagal klient\u0173 reikalavimus.<br \/>\n4. Gamybos \u012franga: Naudojame pa\u017eangi\u0105 skaitmenin\u0119 gamybos \u012frang\u0105, kad u\u017etikrintume gamybos proces\u0173 tikslum\u0105 ir efektyvum\u0105.<br \/>\n5. Aptarnavimas po pardavimo: Turime i\u0161sami\u0105 aptarnavimo po pardavimo sistem\u0105, \u012fskaitant technin\u0119 pagalb\u0105, prie\u017ei\u016br\u0105 ir remonto paslaugas.<\/p>\n<p>Autorius: lyl.<\/p>","protected":false},"excerpt":{"rendered":"<p>Arm Cylinder for Case Middle Excavator CX220B Introduction: Arm cylinder is a specialized hydraulic cylinder designed to provide linear motion and power for various types of machinery, such as excavators, cranes, and mechanical arms. The arm cylinder plays a crucial role in a hydraulic system by enabling the effective movement and control of attachments and [&hellip;]<\/p>","protected":false},"featured_media":14770,"comment_status":"open","ping_status":"closed","template":"","meta":{"_et_pb_use_builder":"","_et_pb_old_content":"","_et_gb_content_width":""},"product_brand":[],"product_cat":[1497],"product_tag":[1498,1496],"class_list":{"0":"post-16653","1":"product","2":"type-product","3":"status-publish","4":"has-post-thumbnail","6":"product_cat-arm-cylinders","7":"product_tag-arm-cylinders","8":"product_tag-hydraulic-cylinders","10":"first","11":"instock","12":"shipping-taxable","13":"product-type-simple"},"amp_enabled":true,"_links":{"self":[{"href":"https:\/\/www.hydraulic-cylinders.net\/lt\/wp-json\/wp\/v2\/product\/16653","targetHints":{"allow":["GET"]}}],"collection":[{"href":"https:\/\/www.hydraulic-cylinders.net\/lt\/wp-json\/wp\/v2\/product"}],"about":[{"href":"https:\/\/www.hydraulic-cylinders.net\/lt\/wp-json\/wp\/v2\/types\/product"}],"replies":[{"embeddable":true,"href":"https:\/\/www.hydraulic-cylinders.net\/lt\/wp-json\/wp\/v2\/comments?post=16653"}],"wp:featuredmedia":[{"embeddable":true,"href":"https:\/\/www.hydraulic-cylinders.net\/lt\/wp-json\/wp\/v2\/media\/14770"}],"wp:attachment":[{"href":"https:\/\/www.hydraulic-cylinders.net\/lt\/wp-json\/wp\/v2\/media?parent=16653"}],"wp:term":[{"taxonomy":"product_brand","embeddable":true,"href":"https:\/\/www.hydraulic-cylinders.net\/lt\/wp-json\/wp\/v2\/product_brand?post=16653"},{"taxonomy":"product_cat","embeddable":true,"href":"https:\/\/www.hydraulic-cylinders.net\/lt\/wp-json\/wp\/v2\/product_cat?post=16653"},{"taxonomy":"product_tag","embeddable":true,"href":"https:\/\/www.hydraulic-cylinders.net\/lt\/wp-json\/wp\/v2\/product_tag?post=16653"}],"curies":[{"name":"wp","href":"https:\/\/api.w.org\/{rel}","templated":true}]}}