{"id":16662,"date":"2025-01-21T05:45:15","date_gmt":"2025-01-21T05:45:15","guid":{"rendered":"https:\/\/www.hydraulic-cylinders.net\/product\/arm-cylinder-for-case-wheel-excavator-wx188\/"},"modified":"2025-01-21T05:45:17","modified_gmt":"2025-01-21T05:45:17","slug":"arm-cylinder-for-case-wheel-excavator-wx188","status":"publish","type":"product","link":"https:\/\/www.hydraulic-cylinders.net\/lt\/produktas\/arm-cylinder-for-case-wheel-excavator-wx188\/","title":{"rendered":"Svirties cilindras, skirtas \u201eCase Wheel Excavator WX188\u201c"},"content":{"rendered":"<h2>Svirties cilindras, skirtas \u201eCase Wheel Excavator WX188\u201c<\/h2>\n<p>Svirties cilindras yra specialiai suprojektuotas hidraulinis cilindras, u\u017etikrinantis tiesin\u012f jud\u0117jim\u0105 ir gali\u0105 \u012fvairi\u0173 mechanizm\u0173, toki\u0173 kaip ekskavatoriai, kranai ir robotin\u0117s svirtys, svir\u010diai. Jis atlieka labai svarb\u0173 vaidmen\u012f hidraulin\u0117se sistemose, nes leid\u017eia efektyviai jud\u0117ti ir valdyti papildomus \u012frankius ar priedus. \u0160ie cilindrai ne tik u\u017etikrina skland\u0173 jud\u0117jim\u0105, bet ir atlaiko dideles apkrovas, u\u017etikrindami efektyv\u0173 mechanizm\u0173 veikim\u0105 ir patikimum\u0105 \u012fvairiomis darbo s\u0105lygomis.<\/p>\n<p><img decoding=\"async\" src=\"https:\/\/www.hydraulic-cylinders.net\/wp-content\/uploads\/2025\/01\/songte-company-2.webp\" alt=\"Svirties cilindro vaizdas\"><\/p>\n<h3>Rankenos cilindro savyb\u0117s<\/h3>\n<ul>\n<li>Didelio efektyvumo pavara: Svirties cilindras u\u017etikrina galing\u0105 tiesin\u012f judes\u012f ir j\u0117g\u0105, u\u017etikrindamas didel\u012f mechanin\u0117s svirties na\u0161um\u0105 atliekant \u012fvairias operacijas.<\/li>\n<li>Tikslus valdymas: Hidraulin\u0117s sistemos d\u0117ka rankos cilindras leid\u017eia tiksliai valdyti judes\u012f, tod\u0117l papildom\u0173 \u012franki\u0173 valdymas tampa lankstesnis ir tikslesnis.<\/li>\n<li>Didelis patvarumas: Svirtiniai cilindrai paprastai gaminami i\u0161 didelio stiprumo med\u017eiag\u0173, pasi\u017eymin\u010di\u0173 puikiu atsparumu dilimui ir korozijai, tod\u0117l tinkami ilgalaikiam naudojimui at\u0161iauriomis s\u0105lygomis.<\/li>\n<li>Daugiafunkcis pritaikomumas: \u0160ie cilindrai gali b\u016bti pla\u010diai naudojami \u012fvairi\u0173 tip\u0173 ma\u0161inoms, tokioms kaip ekskavatoriai, kranai ir robotin\u0117s rankos, prisitaikant prie skirting\u0173 darbo reikalavim\u0173.<\/li>\n<li>Lengva prie\u017ei\u016bra: Projektuojant atsi\u017evelgiama \u012f paprast\u0105 prie\u017ei\u016br\u0105 ir keitim\u0105, tod\u0117l reguliari ap\u017ei\u016bra ir technin\u0117 prie\u017ei\u016bra yra patog\u016bs, tod\u0117l sutrump\u0117ja \u012frangos prastovos.<\/li>\n<\/ul>\n<p><img decoding=\"async\" src=\"https:\/\/www.hydraulic-cylinders.net\/wp-content\/uploads\/2025\/01\/songte-oil-pipes-and-spare-parts.webp\" alt=\"Naftos vamzd\u017eiai ir atsargin\u0117s dalys Vaizdas\"><\/p>\n<h3>Rankinio cilindro pritaikymas<\/h3>\n<p>Svirtiniai cilindrai naudojami \u012fvairiose pramon\u0117s \u0161akose ir sektoriuose:<\/p>\n<ul>\n<li>Statybos in\u017einerija: Ekskavatoriuose ir kranuose str\u0117li\u0173 cilindrai valdo kau\u0161\u0173 arba str\u0117li\u0173 jud\u0117jim\u0105 atliekant \u017eem\u0117s darbus, med\u017eiag\u0173 tvarkym\u0105 ir konstrukcij\u0173 montavim\u0105.<\/li>\n<li>Gamybos pramon\u0117: Automatizuotose gamybos linijose ranken\u0173 cilindrai leid\u017eia robotin\u0117ms rankoms jud\u0117ti tokiuose procesuose kaip surinkimas, suvirinimas ir med\u017eiag\u0173 tvarkymas, taip padidindami gamybos efektyvum\u0105 ir tikslum\u0105.<\/li>\n<li>\u017dem\u0117s \u016bkio technika: \u017dem\u0117s \u016bkio \u012frangoje, tokioje kaip derliaus nu\u0117mimo ma\u0161inos ir s\u0117jamosios, svir\u010di\u0173 cilindrai valdo valdymo svir\u010di\u0173 jud\u0117jim\u0105 atliekant tokias u\u017eduotis kaip sodinimas, tr\u0119\u0161imas ir derliaus nu\u0117mimas.<\/li>\n<li>Kasyba: Kasybos \u012frangoje svirties cilindrai valdo kasybos ma\u0161in\u0173 svirties jud\u0117jim\u0105 r\u016bdos gavybai ir transportavimui.<\/li>\n<li>Logistika ir transportas: \u0160akiniuose krautuvuose ir krovini\u0173 krovimo robotuose svir\u010di\u0173 cilindrai valdo \u0161aki\u0173 k\u0117lim\u0105 ir jud\u0117jim\u0105, palengvindami med\u017eiag\u0173 tvarkym\u0105 ir krovim\u0105.<\/li>\n<\/ul>\n<h3>Projektavimo aspektai ir atrankos kriterijai<\/h3>\n<p>Projektuojant svirtinius cilindrus, atsi\u017evelgiama \u012f kelet\u0105 veiksni\u0173 ir atrankos kriterij\u0173:<\/p>\n<ul>\n<li>Keliamoji galia: Svirtiniai cilindrai yra suprojektuoti taip, kad atlaikyt\u0173 konkre\u010dius apkrovos reikalavimus, u\u017etikrindami patikim\u0105 veikim\u0105 \u012fvairiomis eksploatavimo s\u0105lygomis.<\/li>\n<li>Sandarinimas: Naudojami \u012fvair\u016bs sandarinimo komponentai, tokie kaip st\u016bmokli\u0173 ir kot\u0173 sandarikliai, pagaminti i\u0161 atspari\u0173 dilimui med\u017eiag\u0173, toki\u0173 kaip poliuretanas ir nitrilo kau\u010diukas. Cilindro korpusas ir srieginiai galai yra kruop\u0161\u010diai apdirbami, siekiant pagerinti atsparum\u0105 dilimui.<\/li>\n<li>Patvarumas: Svirtiniai cilindrai pagaminti i\u0161 auk\u0161tos kokyb\u0117s med\u017eiag\u0173 ir yra grie\u017etai kontroliuojami, taip u\u017etikrinant ilgaam\u017ei\u0161kum\u0105.<\/li>\n<li>Sauga: \u012e konstrukcij\u0105 \u012ftrauktos saugos funkcijos, siekiant i\u0161vengti nelaiming\u0173 atsitikim\u0173 ir u\u017etikrinti saug\u0173 ma\u0161in\u0173 veikim\u0105.<\/li>\n<li>Prie\u017ei\u016bra: Projektuojant atsi\u017evelgiama \u012f lengv\u0105 prie\u017ei\u016br\u0105 ir remont\u0105, tod\u0117l lengviau reguliariai tikrinti ir kuo labiau suma\u017einti prastovas.<\/li>\n<\/ul>\n<p><img decoding=\"async\" src=\"https:\/\/www.hydraulic-cylinders.net\/wp-content\/uploads\/2025\/01\/songte-cylinder-head-with-all-kinds-excavator-models.webp\" alt=\"Cilindro galvut\u0117s vaizdas\"><\/p>\n<h3>Svirties cilindro sandarinimas ir tepimas<\/h3>\n<p>Norint u\u017etikrinti optimal\u0173 na\u0161um\u0105 ir ilgaam\u017ei\u0161kum\u0105, svirtinius cilindrus reikia tinkamai u\u017esandarinti ir sutepti:<\/p>\n<ul>\n<li>Naudojami \u012fvair\u016bs sandarinimo komponentai, tokie kaip st\u016bmokli\u0173 ir kot\u0173 sandarikliai, pagaminti i\u0161 atspari\u0173 dilimui med\u017eiag\u0173, toki\u0173 kaip poliuretanas ir nitrilo kau\u010diukas.<\/li>\n<li>Cilindro korpusas ir srieginiai galai yra kruop\u0161\u010diai apdorojami, siekiant pagerinti atsparum\u0105 dilimui.<\/li>\n<li>Norint u\u017etikrinti skland\u0173 veikim\u0105 ir i\u0161vengti per didelio nusid\u0117v\u0117jimo, b\u016btina reguliariai tepti tinkam\u0105 hidraulin\u0117s alyvos kiek\u012f.<\/li>\n<\/ul>\n<h3>Reguliarus patikrinimas ir prevencin\u0117 prie\u017ei\u016bra<\/h3>\n<p>Norint u\u017etikrinti nuolatin\u012f svirties cilindro veikim\u0105, b\u016btina reguliariai tikrinti ir atlikti profilaktinius darbus:<\/p>\n<ul>\n<li>Patikrinkite cilindr\u0105, ar n\u0117ra nuot\u0117kio, pa\u017eeidim\u0173 ar ne\u012fprasto susid\u0117v\u0117jimo po\u017eymi\u0173.<\/li>\n<li>Patikrinkite ir prireikus papildykite hidraulin\u0117s alyvos lyg\u012f.<\/li>\n<li>Steb\u0117kite ir palaikykite tinkam\u0105 sandarum\u0105 ir tepim\u0105.<\/li>\n<li>Priver\u017ekite visas atsilaisvinusias jungtis ar jungiam\u0105sias detales.<\/li>\n<li>Nedelsdami pakeiskite susid\u0117v\u0117jusius sandariklius ar komponentus.<\/li>\n<\/ul>\n<h3>Teisingas svirties cilindro montavimo vadovas<\/h3>\n<p>Tinkamas montavimas yra labai svarbus optimaliam svirties cilindro veikimui:<\/p>\n<ul>\n<li>\u012esitikinkite, kad cilindras yra tvirtai pritvirtintas prie mechanizmo, laikydamiesi gamintojo nurodym\u0173.<\/li>\n<li>Tinkamai prijunkite hidraulines \u017earnas, \u012fsitikindami, kad visos jungtys yra sandarios ir be nuot\u0117kio.<\/li>\n<li>Patikrinkite cilindro tinkam\u0105 i\u0161d\u0117stym\u0105 ir pad\u0117t\u012f.<\/li>\n<li>Patikrinkite, ar hidraulin\u0117 sistema tinkamai sukonfig\u016bruota cilindro veikimui.<\/li>\n<\/ul>\n<p><img decoding=\"async\" src=\"https:\/\/www.hydraulic-cylinders.net\/wp-content\/uploads\/2025\/01\/songte-bushings-with-all-kinds-of-excavator-models.webp\" alt=\"\u012evori\u0173 vaizdas\"><\/p>\n<h3>Saugos aspektai ir aplinkos veiksniai<\/h3>\n<p>Naudojant svirtinius cilindrus, saugos priemon\u0117s yra nepaprastai svarbios siekiant i\u0161vengti nelaiming\u0173 atsitikim\u0173 ir u\u017etikrinti saugi\u0105 darbo aplink\u0105. Tinkamas mokymas ir saugos protokol\u0173 laikymasis yra b\u016btini siekiant suma\u017einti rizik\u0105.<\/p>\n<h3>Gedim\u0173 diagnostika ir da\u017eniausios problemos<\/h3>\n<p>Kilus problem\u0173 su svirties cilindru, labai svarbu suprasti da\u017eniausiai pasitaikan\u010dias problemas ir jas diagnozuoti:<\/p>\n<ul>\n<li>Nuot\u0117kis: patikrinkite ir nustatykite nuot\u0117kio \u0161altin\u012f, patikrinkite, ar n\u0117ra pa\u017eeist\u0173 sandarikli\u0173 ar jungiam\u0173j\u0173 detali\u0173.<\/li>\n<li>L\u0117tas arba netolygus jud\u0117jimas: patikrinkite, ar n\u0117ra hidraulin\u0117s sistemos problem\u0173, pvz., \u017eemo skys\u010dio lygio ar u\u017esikim\u0161usi\u0173 filtr\u0173.<\/li>\n<li>Per didelis triuk\u0161mas arba vibracija: patikrinkite, ar cilindre n\u0117ra atsilaisvinusi\u0173 dali\u0173 ar susid\u0117v\u0117jimo po\u017eymi\u0173.<\/li>\n<li>Nepakankama j\u0117ga: patikrinkite, ar hidraulin\u0117je sistemoje yra tinkamas sl\u0117gis ir ar ji veikia.<\/li>\n<li>Nenuoseklus veikimas: \u012fvertinkite cilindr\u0105, ar n\u0117ra lygiavimo ar pad\u0117ties problem\u0173.<\/li>\n<\/ul>\n<p>Nor\u0117dami pa\u0161alinti triktis ir i\u0161spr\u0119sti \u0161ias problemas, vadovaukit\u0117s gamintojo gair\u0117mis arba kreipkit\u0117s profesionalios pagalbos. Reguliarus techninis aptarnavimas ir prevencini\u0173 priemoni\u0173 laikymasis gali pad\u0117ti suma\u017einti galimas problemas.<\/p>\n<p><img decoding=\"async\" src=\"https:\/\/www.hydraulic-cylinders.net\/wp-content\/uploads\/2025\/01\/songte-chushion-collar.webp\" alt=\"Chushion apykakl\u0117s vaizdas\"><\/p>\n<p>Nepamir\u0161kite straipsn\u012f strukt\u016brizuoti logi\u0161kai, naudodami paantra\u0161tes, kad b\u016bt\u0173 lengviau nar\u0161yti. \u012etraukite atitinkamus vaizdus ar diagramas, kad pagerintum\u0117te supratim\u0105 ir u\u017etikrintum\u0117te, jog turinys b\u016bt\u0173 ai\u0161kus, glaustas ir tinkamas skaitytojams, turintiems \u012fvairaus lygio technines \u017einias.<\/p>\n<p>Autorius: lyl<\/p>\n<h2>Apie m\u016bs\u0173 \u012fmon\u0119<\/h2>\n<p>Esame profesionalus pakaitini\u0173 hidraulini\u0173 cilindr\u0173 gamintojas, si\u016blantis plat\u0173 gamini\u0173 asortiment\u0105. B\u016bdami vieni i\u0161 pirmaujan\u010di\u0173 hidraulini\u0173 cilindr\u0173 gamintoj\u0173 ir didmenini\u0173 platintoj\u0173 tiek vidaus, tiek tarptautin\u0117se rinkose, vadovaujam\u0117s auk\u0161\u010diausios kokyb\u0117s principu.<\/p>\n<p>Remdamiesi industrializuotos gamybos valdymo strategija ir patobulintomis gamybos dirbtuv\u0117mis, nuolat tobuliname savo technologinius paj\u0117gumus ir gamybos efektyvum\u0105. \u012ediegdami auk\u0161\u010diausios klas\u0117s skaitmenin\u0119 gamybos \u012frang\u0105 ir profesionalias testavimo sistemas, optimizuojame savo gamybos platform\u0105 ir tobuliname gamini\u0173 kokyb\u0117s kontrol\u0117s procesus, demonstruodami tvirtus inovacinius geb\u0117jimus.<\/p>\n<p>M\u016bs\u0173 tikslas \u2013 patenkinti \u012fvairius klient\u0173 poreikius, vadovaujantis efektyvumo, tikslumo ir auk\u0161tos kokyb\u0117s principais. Mes teikiame profesionalias \u017einias, tarptautinius sertifikatus, individualiai pritaikytas paslaugas, pa\u017eangi\u0105 gamybos \u012frang\u0105 ir i\u0161samias garantinio aptarnavimo paslaugas.<\/p>\n<p><img decoding=\"async\" src=\"https:\/\/www.hydraulic-cylinders.net\/wp-content\/uploads\/2025\/01\/songte-company-4.webp\" alt=\"\u012emon\u0117s \u012fvaizdis\"><\/p>\n<p>Autorius: lyl<\/p>","protected":false},"excerpt":{"rendered":"<p>Arm Cylinder For Case Wheel Excavator WX188 Arm Cylinder is a specially designed hydraulic cylinder that provides linear motion and power to the arm of various machinery, such as excavators, cranes, and robotic arms. It plays a crucial role in hydraulic systems, enabling efficient movement and control of additional tools or attachments. These cylinders not [&hellip;]<\/p>","protected":false},"featured_media":14772,"comment_status":"open","ping_status":"closed","template":"","meta":{"_et_pb_use_builder":"","_et_pb_old_content":"","_et_gb_content_width":""},"product_brand":[],"product_cat":[1497],"product_tag":[1498,1496],"class_list":{"0":"post-16662","1":"product","2":"type-product","3":"status-publish","4":"has-post-thumbnail","6":"product_cat-arm-cylinders","7":"product_tag-arm-cylinders","8":"product_tag-hydraulic-cylinders","10":"first","11":"instock","12":"shipping-taxable","13":"product-type-simple"},"amp_enabled":true,"_links":{"self":[{"href":"https:\/\/www.hydraulic-cylinders.net\/lt\/wp-json\/wp\/v2\/product\/16662","targetHints":{"allow":["GET"]}}],"collection":[{"href":"https:\/\/www.hydraulic-cylinders.net\/lt\/wp-json\/wp\/v2\/product"}],"about":[{"href":"https:\/\/www.hydraulic-cylinders.net\/lt\/wp-json\/wp\/v2\/types\/product"}],"replies":[{"embeddable":true,"href":"https:\/\/www.hydraulic-cylinders.net\/lt\/wp-json\/wp\/v2\/comments?post=16662"}],"wp:featuredmedia":[{"embeddable":true,"href":"https:\/\/www.hydraulic-cylinders.net\/lt\/wp-json\/wp\/v2\/media\/14772"}],"wp:attachment":[{"href":"https:\/\/www.hydraulic-cylinders.net\/lt\/wp-json\/wp\/v2\/media?parent=16662"}],"wp:term":[{"taxonomy":"product_brand","embeddable":true,"href":"https:\/\/www.hydraulic-cylinders.net\/lt\/wp-json\/wp\/v2\/product_brand?post=16662"},{"taxonomy":"product_cat","embeddable":true,"href":"https:\/\/www.hydraulic-cylinders.net\/lt\/wp-json\/wp\/v2\/product_cat?post=16662"},{"taxonomy":"product_tag","embeddable":true,"href":"https:\/\/www.hydraulic-cylinders.net\/lt\/wp-json\/wp\/v2\/product_tag?post=16662"}],"curies":[{"name":"wp","href":"https:\/\/api.w.org\/{rel}","templated":true}]}}