{"id":16664,"date":"2025-01-21T05:45:22","date_gmt":"2025-01-21T05:45:22","guid":{"rendered":"https:\/\/www.hydraulic-cylinders.net\/product\/arm-cylinder-for-zhenyu-small-excavator-zy330\/"},"modified":"2025-01-21T05:45:24","modified_gmt":"2025-01-21T05:45:24","slug":"arm-cylinder-for-zhenyu-small-excavator-zy330","status":"publish","type":"product","link":"https:\/\/www.hydraulic-cylinders.net\/lt\/produktas\/arm-cylinder-for-zhenyu-small-excavator-zy330\/","title":{"rendered":"\u201eZhenyu\u201c ma\u017eo ekskavatoriaus ZY330 rankenos cilindras"},"content":{"rendered":"<h1>\u201eZhenyu\u201c ma\u017eo ekskavatoriaus ZY330 rankenos cilindras<\/h1>\n<h2>\u012evadas<\/h2>\n<p>Svirties cilindras yra specialiai suprojektuotas hidraulinis cilindras, u\u017etikrinantis tiesin\u012f jud\u0117jim\u0105 ir gali\u0105 \u012fvairi\u0173 ma\u0161in\u0173, toki\u0173 kaip ekskavatoriai, kranai ir robotin\u0117s svirtys, svir\u010diai. Jis atlieka labai svarb\u0173 vaidmen\u012f hidraulin\u0117se sistemose, nes leid\u017eia efektyviai jud\u0117ti ir valdyti papildomus \u012frankius ar priedus. \u0160ie cilindrai ne tik u\u017etikrina skland\u0173 jud\u0117jim\u0105, bet ir atlaiko dideles apkrovas, u\u017etikrindami efektyv\u0173 ma\u0161in\u0173 veikim\u0105 ir patikimum\u0105 \u012fvairiomis darbo s\u0105lygomis.<\/p>\n<h3>Apibr\u0117\u017eimas ir paai\u0161kinimas<\/h3>\n<p>Svirties cilindras yra hidraulinis cilindras, specialiai sukurtas tam, kad u\u017etikrint\u0173 tiesin\u012f jud\u0117jim\u0105 ir gali\u0105 \u012fvairi\u0173 mechanizm\u0173 svir\u010diai. Jis leid\u017eia efektyviai judinti ir valdyti papildomus \u012frankius ar priedus, tokius kaip kau\u0161ai, str\u0117l\u0117s ar svirtys, tokiose ma\u0161inose kaip ekskavatoriai, kranai ir robotin\u0117s svirtys. \u0160ie cilindrai yra esminiai hidraulini\u0173 sistem\u0173 komponentai, u\u017etikrinantys skland\u0173 ir tiksl\u0173 mechanizm\u0173 veikim\u0105.<\/p>\n<p><img decoding=\"async\" src=\"https:\/\/www.hydraulic-cylinders.net\/wp-content\/uploads\/2025\/01\/songte-company-2.webp\" alt=\"Svirties cilindras\" \/><\/p>\n<h2>Savyb\u0117s<\/h2>\n<ul>\n<li><strong>Didelio efektyvumo transmisija:<\/strong> Svirties cilindras u\u017etikrina galing\u0105 tiesin\u012f judes\u012f ir j\u0117g\u0105, u\u017etikrindamas auk\u0161t\u0105 ma\u0161inos svirties efektyvum\u0105 atliekant \u012fvairias operacijas.<\/li>\n<li><strong>Tikslus valdymas:<\/strong> Hidraulin\u0117s sistemos d\u0117ka svirties cilindras leid\u017eia tiksliai valdyti judes\u012f, tod\u0117l pritvirtint\u0173 \u012franki\u0173 valdymas tampa lankstesnis ir tikslesnis.<\/li>\n<li><strong>Patvarumas:<\/strong> Svirtiniai cilindrai paprastai gaminami i\u0161 didelio stiprumo med\u017eiag\u0173 ir pasi\u017eymi puikiu atsparumu dilimui bei korozijai, tod\u0117l juos galima naudoti ilgalaik\u0117je aplinkoje.<\/li>\n<li><strong>Daugiafunkcis prisitaikymas:<\/strong> \u0160ie cilindrai gali b\u016bti pla\u010diai naudojami \u012fvairi\u0173 tip\u0173 ma\u0161inoms, tokioms kaip ekskavatoriai, kranai ir robotin\u0117s rankos, prisitaikant prie skirting\u0173 darbo reikalavim\u0173.<\/li>\n<li><strong>Lengva prie\u017ei\u016bra:<\/strong> Svirties cilindro konstrukcija skirta lengvam techniniam aptarnavimui ir keitimui, tod\u0117l reguliari ap\u017ei\u016bra ir prie\u017ei\u016bra yra patogesni, o \u012frangos prastovos suma\u017e\u0117ja.<\/li>\n<\/ul>\n<p><img decoding=\"async\" src=\"https:\/\/www.hydraulic-cylinders.net\/wp-content\/uploads\/2025\/01\/songte-oil-pipes-and-spare-parts.webp\" alt=\"Hidrauliniai cilindrai\" \/><\/p>\n<h2>Parai\u0161kos<\/h2>\n<p>Svirtinis cilindras naudojamas \u012fvairiose pramon\u0117s \u0161akose ir sektoriuose:<\/p>\n<h3>1. Statybos in\u017einerija<\/h3>\n<p>Ekskavatoriuose ir kranuose svirties cilindras naudojamas kau\u0161\u0173 arba str\u0117li\u0173 jud\u0117jimui valdyti, palengvinant \u017eem\u0117s darbus, med\u017eiag\u0173 tvarkym\u0105 ir konstrukcij\u0173 montavim\u0105.<\/p>\n<h3>2. Gamyba<\/h3>\n<p>Automatizuotose gamybos linijose rankos cilindras naudojamas robotini\u0173 rank\u0173 judinimui, leid\u017eiant atlikti surinkimo, suvirinimo ir med\u017eiag\u0173 tvarkymo procesus, gerinant gamybos efektyvum\u0105 ir tikslum\u0105.<\/p>\n<h3>3. \u017dem\u0117s \u016bkio technika<\/h3>\n<p>\u017dem\u0117s \u016bkio technikose, tokiose kaip derliaus nu\u0117mimo ma\u0161inos ir s\u0117jamosios, svirties cilindras valdo darbini\u0173 svir\u010di\u0173 jud\u0117jim\u0105, atlikdamas tokias u\u017eduotis kaip s\u0117ja, tr\u0119\u0161imas ir derliaus nu\u0117mimas.<\/p>\n<h3>4. Kasyba<\/h3>\n<p>Kasybos \u012frangoje svirties cilindras naudojamas kasybos ma\u0161in\u0173 svirties jud\u0117jimui valdyti, palengvinant r\u016bdos gavyb\u0105 ir transportavim\u0105.<\/p>\n<h3>5. Logistika ir transportas<\/h3>\n<p>\u0160akiniuose krautuvuose ir krovini\u0173 krovimo robotuose svirties cilindras valdo \u0161aki\u0173 k\u0117lim\u0105 ir jud\u0117jim\u0105, taip \u012fgalindamas med\u017eiag\u0173 tvarkym\u0105 ir krovim\u0105.<\/p>\n<p><img decoding=\"async\" src=\"https:\/\/www.hydraulic-cylinders.net\/wp-content\/uploads\/2025\/01\/songte-cylinder-head-with-all-kinds-excavator-models.webp\" alt=\"Cilindro galvut\u0117\" \/><\/p>\n<h2>Projektavimo aspektai ir atrankos kriterijai<\/h2>\n<ul>\n<li><strong>Keliamoji galia:<\/strong> Svirties cilindras yra suprojektuotas taip, kad atlaikyt\u0173 konkre\u010dius mechanizm\u0173, kuriuose jis bus naudojamas, apkrovos reikalavimus.<\/li>\n<li><strong>Sandarinimas:<\/strong> Naudojami \u012fvair\u016bs sandarinimo komponentai, tokie kaip st\u016bmokli\u0173 ir kot\u0173 sandarikliai, paprastai pagaminti i\u0161 atspari\u0173 dilimui med\u017eiag\u0173, toki\u0173 kaip poliuretanas ir nitrilo kau\u010diukas.<\/li>\n<li><strong>Patvarumas:<\/strong> Cilindro korpusas ir srieginiai galiniai pavir\u0161iai yra kruop\u0161\u010diai apdorojami, siekiant padidinti atsparum\u0105 dilimui ir pailginti tarnavimo laik\u0105.<\/li>\n<li><strong>Saugumas:<\/strong> Saugos aspektai apima auk\u0161tos kokyb\u0117s med\u017eiag\u0173 naudojim\u0105, tiksli\u0105 in\u017einerij\u0105 ir saugos standart\u0173 laikym\u0105si, siekiant i\u0161vengti nelaiming\u0173 atsitikim\u0173 ar gedim\u0173.<\/li>\n<li><strong>Prie\u017ei\u016bra:<\/strong> Svirties cilindro konstrukcija skirta paprastam techniniam aptarnavimui ir keitimui, u\u017etikrinant lengv\u0105 prieig\u0105 reguliariems patikrinimams ir sutrumpinant remonto prastovas.<\/li>\n<\/ul>\n<p><img decoding=\"async\" src=\"https:\/\/www.hydraulic-cylinders.net\/wp-content\/uploads\/2025\/01\/songte-chushion-collar.webp\" alt=\"\u0160luost\u0117s apykakl\u0117\" \/><\/p>\n<h2>Sandarinimas ir tepimas<\/h2>\n<p>Svirtiniame cilindre naudojami \u012fvair\u016bs sandarinimo komponentai, tokie kaip st\u016bmokli\u0173 ir kot\u0173 sandarikliai, pagaminti i\u0161 atspari\u0173 dilimui med\u017eiag\u0173, toki\u0173 kaip poliuretanas ir nitrilo kau\u010diukas. Cilindro korpusas ir srieginiai galiniai pavir\u0161iai yra kruop\u0161\u010diai apdorojami, siekiant pagerinti atsparum\u0105 dilimui. Norint u\u017etikrinti skland\u0173 cilindro veikim\u0105 ir ilgaam\u017ei\u0161kum\u0105, b\u016btina reguliariai tepti tinkama hidrauline alyva.<\/p>\n<h2>Reguliarus patikrinimas ir prevencin\u0117 prie\u017ei\u016bra<\/h2>\n<ul>\n<li>Reguliariai tikrinkite svirties cilindr\u0105, ar n\u0117ra susid\u0117v\u0117jimo, nuot\u0117kio ar sandarikli\u0173 bei komponent\u0173 pa\u017eeidim\u0173 po\u017eymi\u0173.<\/li>\n<li>Patikrinkite hidraulin\u0117s alyvos lyg\u012f ir kokyb\u0119, ir prireikus pakeiskite arba papildykite.<\/li>\n<li>\u012esitikinkite, kad visos jungtys ir detal\u0117s yra tvirtos ir tinkamai priver\u017etos.<\/li>\n<li>Nuvalykite cilindr\u0105 ir aplinkines sritis, kad pa\u0161alintum\u0117te ne\u0161varumus ir \u0161iuk\u0161les, kurios gali tur\u0117ti \u012ftakos jo veikimui.<\/li>\n<li>Follow the manufacturer&#8217;s guidelines for preventive maintenance, including lubrication and replacement of components at recommended intervals.<\/li>\n<\/ul>\n<h2>Produkto diegimo vadovas<\/h2>\n<p>Tinkamas svirties cilindro montavimas yra b\u016btinas optimaliam jo veikimui ir ilgaam\u017ei\u0161kumui. Nor\u0117dami sumontuoti, atlikite \u0161iuos veiksmus:<\/p>\n<ol>\n<li>\u012esitikinkite, kad mechanizmas yra saugiai pastatytas ir i\u0161jungtas.<\/li>\n<li>Nuimkite bet kok\u012f sen\u0105 arba pa\u017eeist\u0105 cilindr\u0105 atlaisvindami tvirtinimo var\u017etus ir atjungdami hidraulines \u017earnas.<\/li>\n<li>Ap\u017ei\u016br\u0117kite nauj\u0105 svirties cilindr\u0105, ar n\u0117ra koki\u0173 nors pa\u017eeidim\u0173 ar defekt\u0173 po\u017eymi\u0173.<\/li>\n<li>Apply a thin layer of hydraulic oil or grease to the cylinder&#8217;s mounting surface.<\/li>\n<li>Sulygiuokite cilindr\u0105 su tvirtinimo laikikliu ir pritvirtinkite j\u012f naudodami atitinkamus var\u017etus ir ver\u017eles.<\/li>\n<li>Prijunkite hidraulines \u017earnas, u\u017etikrindami tinkam\u0105 i\u0161d\u0117stym\u0105 ir tvirtas jungtis.<\/li>\n<li>Test the cylinder&#8217;s operation by slowly activating the hydraulic system and checking for any abnormalities or leaks.<\/li>\n<\/ol>\n<p><img decoding=\"async\" src=\"https:\/\/www.hydraulic-cylinders.net\/wp-content\/uploads\/2025\/01\/songte-bushings-with-all-kinds-of-excavator-models.webp\" alt=\"\u012evor\u0117s\" \/><\/p>\n<h2>Saugos aspektai ir aplinkos veiksniai<\/h2>\n<p>Naudojant svirties cilindr\u0105, svarbu laikytis saugos priemoni\u0173, kad b\u016bt\u0173 i\u0161vengta nelaiming\u0173 atsitikim\u0173 ir u\u017etikrintas operatoriaus saugumas. Kai kurios pagrindin\u0117s saugos priemon\u0117s:<\/p>\n<ul>\n<li>Laikykit\u0117s vis\u0173 ma\u0161inos gamintojo pateikt\u0173 saugos nurodym\u0173 ir taisykli\u0173.<\/li>\n<li>Apr\u016bpinkite operatorius b\u016btinomis asmenin\u0117mis apsaugos priemon\u0117mis (AAP), tokiomis kaip pir\u0161tin\u0117s ir apsauginiai akiniai.<\/li>\n<li>Reguliariai tikrinkite svirties cilindr\u0105 ir hidraulin\u0119 sistem\u0105, ar n\u0117ra susid\u0117v\u0117jimo, pa\u017eeidim\u0173 ar nuot\u0117ki\u0173 po\u017eymi\u0173.<\/li>\n<li>Kad i\u0161vengtum\u0117te netik\u0117t\u0173 gedim\u0173, u\u017etikrinkite tinkam\u0105 cilindro sutepim\u0105 ir prie\u017ei\u016br\u0105.<\/li>\n<li>Panaudot\u0105 hidraulin\u0119 alyv\u0105 ar atliekas utilizuokite laikydamiesi vietini\u0173 aplinkosaugos taisykli\u0173.<\/li>\n<\/ul>\n<h2>Trik\u010di\u0173 \u0161alinimas ir da\u017eniausiai pasitaikan\u010dios problemos<\/h2>\n<p>\u0160tai keletas da\u017eniausiai pasitaikan\u010di\u0173 problem\u0173, kurios gali kilti d\u0117l svirties cilindro, ir galimi trik\u010di\u0173 \u0161alinimo patarimai:<\/p>\n<ul>\n<li><strong>Nuot\u0117kis:<\/strong> Patikrinkite, ar n\u0117ra atsilaisvinusi\u0173 jung\u010di\u0173 ar pa\u017eeist\u0173 sandarikli\u0173. Pakeiskite visus sugedusius komponentus ir u\u017etikrinkite tinkam\u0105 jungiam\u0173j\u0173 detali\u0173 priver\u017eim\u0105.<\/li>\n<li><strong>Nenormalus triuk\u0161mas:<\/strong> Patikrinkite cilindr\u0105, ar n\u0117ra atsilaisvinusi\u0173 dali\u0173 ar ter\u0161al\u0173. Jei reikia, i\u0161valykite arba pakeiskite komponentus.<\/li>\n<li><strong>Prastas na\u0161umas:<\/strong> Patikrinkite hidraulin\u0119 sistem\u0105, ar n\u0117ra \u017eemo skys\u010dio lygio arba u\u017eter\u0161tos alyvos. I\u0161valykite arba pakeiskite filtrus ir prireikus papildykite hidraulin\u0117s alyvos.<\/li>\n<\/ul>\n<p>Vadovaudamiesi \u0161iais trik\u010di\u0173 \u0161alinimo patarimais, skaitytojai gal\u0117s efektyviai diagnozuoti ir i\u0161spr\u0119sti da\u017eniausiai pasitaikan\u010dias problemas. Be to, prevencini\u0173 priemoni\u0173 \u012fgyvendinimas pad\u0117s suma\u017einti galimas problemas.<\/p>\n<p><img","protected":false},"excerpt":{"rendered":"<p>Arm Cylinder For Zhenyu Small Excavator ZY330 Introduction The arm cylinder is a specially designed hydraulic cylinder that provides linear movement and power to the arm of various machinery such as excavators, cranes, and robotic arms. It plays a crucial role in hydraulic systems, enabling the efficient movement and control of additional tools or attachments. [&hellip;]<\/p>","protected":false},"featured_media":14766,"comment_status":"open","ping_status":"closed","template":"","meta":{"_et_pb_use_builder":"","_et_pb_old_content":"","_et_gb_content_width":""},"product_brand":[],"product_cat":[1497],"product_tag":[1498,1496],"class_list":{"0":"post-16664","1":"product","2":"type-product","3":"status-publish","4":"has-post-thumbnail","6":"product_cat-arm-cylinders","7":"product_tag-arm-cylinders","8":"product_tag-hydraulic-cylinders","10":"first","11":"instock","12":"shipping-taxable","13":"product-type-simple"},"amp_enabled":true,"_links":{"self":[{"href":"https:\/\/www.hydraulic-cylinders.net\/lt\/wp-json\/wp\/v2\/product\/16664","targetHints":{"allow":["GET"]}}],"collection":[{"href":"https:\/\/www.hydraulic-cylinders.net\/lt\/wp-json\/wp\/v2\/product"}],"about":[{"href":"https:\/\/www.hydraulic-cylinders.net\/lt\/wp-json\/wp\/v2\/types\/product"}],"replies":[{"embeddable":true,"href":"https:\/\/www.hydraulic-cylinders.net\/lt\/wp-json\/wp\/v2\/comments?post=16664"}],"wp:featuredmedia":[{"embeddable":true,"href":"https:\/\/www.hydraulic-cylinders.net\/lt\/wp-json\/wp\/v2\/media\/14766"}],"wp:attachment":[{"href":"https:\/\/www.hydraulic-cylinders.net\/lt\/wp-json\/wp\/v2\/media?parent=16664"}],"wp:term":[{"taxonomy":"product_brand","embeddable":true,"href":"https:\/\/www.hydraulic-cylinders.net\/lt\/wp-json\/wp\/v2\/product_brand?post=16664"},{"taxonomy":"product_cat","embeddable":true,"href":"https:\/\/www.hydraulic-cylinders.net\/lt\/wp-json\/wp\/v2\/product_cat?post=16664"},{"taxonomy":"product_tag","embeddable":true,"href":"https:\/\/www.hydraulic-cylinders.net\/lt\/wp-json\/wp\/v2\/product_tag?post=16664"}],"curies":[{"name":"wp","href":"https:\/\/api.w.org\/{rel}","templated":true}]}}