{"id":16691,"date":"2025-01-21T05:47:19","date_gmt":"2025-01-21T05:47:19","guid":{"rendered":"https:\/\/www.hydraulic-cylinders.net\/product\/arm-cylinder-for-jchi-ns17-7\/"},"modified":"2025-01-21T05:47:21","modified_gmt":"2025-01-21T05:47:21","slug":"arm-cylinder-for-jchi-ns17-7","status":"publish","type":"product","link":"https:\/\/www.hydraulic-cylinders.net\/lt\/produktas\/arm-cylinder-for-jchi-ns17-7\/","title":{"rendered":"JCHI NS17-7 svirties cilindras"},"content":{"rendered":"<h1>JCHI NS17-7 svirties cilindras<\/h1>\n<h2>\u012evadas<\/h2>\n<p>Svirties cilindras yra specialiai suprojektuotas hidraulinis cilindras, u\u017etikrinantis tiesin\u012f jud\u0117jim\u0105 ir gali\u0105 \u012fvairi\u0173 ma\u0161in\u0173, toki\u0173 kaip ekskavatoriai, kranai ir mechanin\u0117s svirtys, svirtims. Jis atlieka pagrindin\u012f vaidmen\u012f hidraulin\u0117se sistemose, nes leid\u017eia efektyviai jud\u0117ti ir valdyti papildomus \u012frankius ar priedus. \u0160ie cilindrai ne tik u\u017etikrina skland\u0173 jud\u0117jim\u0105, bet ir atlaiko dideles apkrovas, u\u017etikrindami efektyv\u0173 ma\u0161in\u0173 veikim\u0105 ir patikimum\u0105 \u012fvairiomis darbo s\u0105lygomis.<\/p>\n<h3>Apibr\u0117\u017eimas ir paai\u0161kinimas<\/h3>\n<p>Svirties cilindras yra hidraulinis cilindras, specialiai sukurtas u\u017etikrinti tiesin\u012f jud\u0117jim\u0105 ir gali\u0105 \u012fvairi\u0173 mechanizm\u0173 svirtims. Tai labai svarbus hidraulini\u0173 sistem\u0173 komponentas, leid\u017eiantis efektyviai jud\u0117ti ir valdyti priedus. \u0160ie cilindrai yra \u017einomi d\u0117l sklandaus veikimo ir geb\u0117jimo atlaikyti dideles apkrovas, tod\u0117l jie yra b\u016btini patikimam mechanizm\u0173 veikimui skirtingose \u200b\u200bdarbo aplinkose.<\/p>\n<p><img decoding=\"async\" src=\"https:\/\/www.hydraulic-cylinders.net\/wp-content\/uploads\/2025\/01\/songte-company-2.webp\" alt=\"Svirties cilindro vaizdas\"><\/p>\n<h2>Savyb\u0117s<\/h2>\n<ol>\n<li><strong>Didelio efektyvumo transmisija:<\/strong> Svirties cilindras u\u017etikrina galing\u0105 tiesin\u012f judes\u012f ir j\u0117g\u0105, u\u017etikrindamas auk\u0161t\u0105 mechanin\u0117s svirties efektyvum\u0105 atliekant \u012fvairias operacijas.<\/li>\n<li><strong>Tikslus valdymas:<\/strong> Hidraulin\u0117s sistemos d\u0117ka svirties cilindras leid\u017eia tiksliai valdyti judes\u012f, tod\u0117l pritvirtint\u0173 \u012franki\u0173 valdymas tampa lankstesnis ir tikslesnis.<\/li>\n<li><strong>Stiprus patvarumas:<\/strong> Svirtiniai cilindrai paprastai gaminami i\u0161 didelio stiprumo med\u017eiag\u0173, pasi\u017eymin\u010di\u0173 puikiu atsparumu dilimui ir korozijai, tod\u0117l jie tinkami ilgalaikiam naudojimui sud\u0117tingomis s\u0105lygomis.<\/li>\n<li><strong>Daugiafunkcinis prisitaikymas:<\/strong> \u0160ie cilindrai gali b\u016bti pla\u010diai naudojami \u012fvairiose ma\u0161inose, tokiose kaip ekskavatoriai, kranai ir mechanin\u0117s rankenos, prisitaikant prie skirting\u0173 darbo reikalavim\u0173.<\/li>\n<li><strong>Lengva prie\u017ei\u016bra:<\/strong> Sukurti lengvam techniniam aptarnavimui ir keitimui, svirties cilindrai palengvina patogius \u012fprastinius patikrinimus ir technin\u0119 prie\u017ei\u016br\u0105, taip suma\u017einant \u012frangos prastovas.<\/li>\n<\/ol>\n<p><img decoding=\"async\" src=\"https:\/\/www.hydraulic-cylinders.net\/wp-content\/uploads\/2025\/01\/songte-oil-pipes-and-spare-parts.webp\" alt=\"Svirties cilindro savyb\u0117s\"><\/p>\n<h2>Parai\u0161kos<\/h2>\n<p>Svirtinis cilindras naudojamas \u012fvairiose pramon\u0117s \u0161akose:<\/p>\n<ol>\n<li><strong>Statybos in\u017einerija:<\/strong> Ekskavatoriuose ir kranuose svirties cilindras valdo kau\u0161\u0173 arba str\u0117li\u0173 jud\u0117jim\u0105 atliekant \u017eem\u0117s darbus, med\u017eiag\u0173 tvarkym\u0105 ir konstrukcij\u0173 surinkim\u0105.<\/li>\n<li><strong>Gamyba:<\/strong> Automatizuotose gamybos linijose svirties cilindras palengvina mechanini\u0173 svir\u010di\u0173 jud\u0117jim\u0105 surinkimo, suvirinimo ir med\u017eiag\u0173 tvarkymo procesuose, taip pagerindamas na\u0161um\u0105 ir tikslum\u0105.<\/li>\n<li><strong>\u017dem\u0117s \u016bkio technika:<\/strong> \u017dem\u0117s \u016bkio \u012frangoje, pavyzd\u017eiui, derliaus nu\u0117mimo ma\u0161inose ir s\u0117jamosiose, svirties cilindras valdo valdymo svir\u010di\u0173 jud\u0117jim\u0105 atliekant tokias u\u017eduotis kaip s\u0117ja, tr\u0119\u0161imas ir derliaus nu\u0117mimas.<\/li>\n<li><strong>Kasyba:<\/strong> Kasybos \u012frangoje svirties cilindras valdo svirties jud\u0117jim\u0105 kasybos ir med\u017eiag\u0173 transportavimo tikslais.<\/li>\n<li><strong>Logistika ir transportas:<\/strong> \u0160akiniuose krautuvuose ir krovini\u0173 krovimo robotuose svirties cilindras valdo \u0161aki\u0173 k\u0117lim\u0105 ir jud\u0117jim\u0105, leisdamas tvarkyti ir krauti med\u017eiagas.<\/li>\n<\/ol>\n<h2>Projektavimo aspektai ir atrankos kriterijai<\/h2>\n<p>Projektuojant ir renkantis cilindro formos ranken\u0105, reikia atsi\u017evelgti \u012f kelis veiksnius:<\/p>\n<ol>\n<li><strong>Keliamoji galia:<\/strong> Svirties cilindras tur\u0117t\u0173 b\u016bti parenkamas atsi\u017evelgiant \u012f jo geb\u0117jim\u0105 atlaikyti numatomus apkrovos reikalavimus.<\/li>\n<li><strong>Sandarinimas:<\/strong> Siekiant u\u017etikrinti efektyv\u0173 sandarinim\u0105 ir i\u0161vengti nuot\u0117kio, tur\u0117t\u0173 b\u016bti naudojami \u012fvair\u016bs sandarinimo komponentai, tokie kaip st\u016bmokli\u0173 ir kot\u0173 sandarikliai, pagaminti i\u0161 patvari\u0173 med\u017eiag\u0173, toki\u0173 kaip poliuretanas ir nitrilo kau\u010diukas.<\/li>\n<li><strong>Patvarumas:<\/strong> Svirtinis cilindras turi b\u016bti pagamintas i\u0161 auk\u0161tos kokyb\u0117s med\u017eiag\u0173, kad b\u016bt\u0173 u\u017etikrintas ilgaam\u017ei\u0161kumas, atsparumas dilimui ir korozijai.<\/li>\n<li><strong>Saugumas:<\/strong> Siekiant i\u0161vengti nelaiming\u0173 atsitikim\u0173 ir u\u017etikrinti operatoriaus saug\u0105, \u012f konstrukcij\u0105 tur\u0117t\u0173 b\u016bti \u012ftrauktos saugos priemon\u0117s, tokios kaip sl\u0117gio ma\u017einimo vo\u017etuvai ir saugos u\u017eraktai.<\/li>\n<li><strong>Prie\u017ei\u016bra:<\/strong> Projektuojant reik\u0117t\u0173 atsi\u017evelgti \u012f lengv\u0105 komponent\u0173 prie\u017ei\u016br\u0105 ir keitim\u0105, kad b\u016bt\u0173 galima patogiai atlikti reguliarias patikras ir suma\u017einti prastovas.<\/li>\n<\/ol>\n<p><img decoding=\"async\" src=\"https:\/\/www.hydraulic-cylinders.net\/wp-content\/uploads\/2025\/01\/songte-cylinder-head-with-all-kinds-excavator-models.webp\" alt=\"Svirties cilindro konstrukcija\"><\/p>\n<h2>Sandarinimas ir tepimas<\/h2>\n<p>Svirtiniame cilindre naudojami \u012fvair\u016bs sandarinimo komponentai, tokie kaip st\u016bmokli\u0173 ir kot\u0173 sandarikliai, pagaminti i\u0161 atspari\u0173 dilimui med\u017eiag\u0173, toki\u0173 kaip poliuretanas ir nitrilo kau\u010diukas. Cilindro korpusas ir srieginiai galiniai pavir\u0161iai yra kruop\u0161\u010diai apdorojami, siekiant pagerinti atsparum\u0105 dilimui. Norint u\u017etikrinti skland\u0173 veikim\u0105, b\u016btina reguliariai tepti tinkamu hidraulin\u0117s alyvos kiekiu.<\/p>\n<h2>Reguliarus patikrinimas ir prevencin\u0117 prie\u017ei\u016bra<\/h2>\n<p>Norint i\u0161laikyti optimal\u0173 na\u0161um\u0105 ir i\u0161vengti gedim\u0173, b\u016btini reguliar\u016bs patikrinimai ir prevencin\u0117 prie\u017ei\u016bra. Reik\u0117t\u0173 imtis \u0161i\u0173 priemoni\u0173:<\/p>\n<ol>\n<li>Patikrinkite svirties cilindr\u0105, ar n\u0117ra koki\u0173 nors susid\u0117v\u0117jimo, pa\u017eeidim\u0173 ar nuot\u0117kio po\u017eymi\u0173.<\/li>\n<li>Patikrinkite ir priver\u017ekite visas jungtis ir tvirtinimo detales.<\/li>\n<li>Steb\u0117kite hidraulinio skys\u010dio lyg\u012f ir kokyb\u0119, prireikus papildykite arba pakeiskite.<\/li>\n<li>U\u017etikrinkite tinkam\u0105 cilindro komponent\u0173 sutepim\u0105.<\/li>\n<li>Laikykit\u0117s gamintojo rekomenduojamo technin\u0117s prie\u017ei\u016bros grafiko.<\/li>\n<\/ol>\n<h2>Produkto diegimo vadovas<\/h2>\n<p>Tinkamas svirties cilindro montavimas yra labai svarbus efektyviam jo veikimui. Atlikite \u0161iuos veiksmus:<\/p>\n<ol>\n<li>\u012esitikinkite, kad tvirtinimo pavir\u0161ius yra \u0161varus ir be \u0161iuk\u0161li\u0173.<\/li>\n<li>Sulygiuokite cilindr\u0105 su tvirtinimo angomis ir pritvirtinkite j\u012f atitinkamais tvirtinimo elementais.<\/li>\n<li>\u012esitikinkite, kad visos hidraulin\u0117s jungtys yra tinkamai priver\u017etos.<\/li>\n<li>Prie\u0161 baigdami montavim\u0105, dar kart\u0105 patikrinkite lygiavim\u0105 ir u\u017etikrinkite skland\u0173 rankos jud\u0117jim\u0105.<\/li>\n<\/ol>\n<p><img decoding=\"async\" src=\"https:\/\/www.hydraulic-cylinders.net\/wp-content\/uploads\/2025\/01\/songte-bushings-with-all-kinds-of-excavator-models.webp\" alt=\"Svirties cilindro montavimas\"><\/p>\n<h2>Saugos aspektai ir aplinkos veiksniai<\/h2>\n<p>Dirbant su cilindrais su rankenomis, svarbu teikti pirmenyb\u0119 saugos priemon\u0117ms. Tinkamas raktini\u0173 \u017eod\u017ei\u0173 vartojimas gali u\u017etikrinti saug\u0173 darb\u0105. Be to, norint i\u0161laikyti cilindro veikim\u0105 ir ilgaam\u017ei\u0161kum\u0105, labai svarbu atsi\u017evelgti \u012f aplinkos veiksnius, tokius kaip temperat\u016bra ir s\u0105lytis su korozin\u0117mis med\u017eiagomis.<\/p>\n<h2>Trik\u010di\u0173 \u0161alinimas ir da\u017eniausiai pasitaikan\u010dios problemos<\/h2>\n<p>Kilus problemoms d\u0117l svirties cilindro, \u0161ie trik\u010di\u0173 \u0161alinimo veiksmai gali pad\u0117ti diagnozuoti ir i\u0161spr\u0119sti problemas:<\/p>\n<ol>\n<li>Patikrinkite, ar n\u0117ra matom\u0173 nuot\u0117ki\u0173, ir patikrinkite, ar sandarikliai nepa\u017eeisti.<\/li>\n<li>Patikrinkite hidraulinio skys\u010dio lyg\u012f ir kokyb\u0119.<\/li>\n<li>Patikrinkite visas hidraulines jungtis, ar n\u0117ra atsilaisvinusi\u0173 tvirtinimo detali\u0173.<\/li>\n<li>U\u017etikrinkite tinkam\u0105 rankos jud\u0117jim\u0105 ir i\u0161lygiavim\u0105.<\/li>\n<\/ol>\n<p>D\u0117l konkre\u010di\u0173 problem\u0173 ir sprendim\u0173 \u017er. gamintojo gaires ir, jei reikia, kreipkit\u0117s profesionalios pagalbos.<\/p>\n<p><img decoding=\"async\" src=\"https:\/\/www.hydraulic-cylinders.net\/wp-content\/uploads\/2025\/01\/songte-chushion-collar.webp\" alt=\"Svirties cilindro trik\u010di\u0173 \u0161alinimas\"><\/p>\n<p>Nepamir\u0161kite logi\u0161kai sutvarkyti straipsnio, naudodami paantra\u0161tes, kad b\u016bt\u0173 lengviau nar\u0161yti. \u012etraukite atitinkamus vaizdus ar diagramas, kad pagerintum\u0117te supratim\u0105, ir u\u017etikrinkite, kad turinys b\u016bt\u0173 ai\u0161kus, glaustas ir prieinamas skaitytojams, turintiems skirting\u0105 technini\u0173 \u017eini\u0173 lyg\u012f.<\/p>\n<h2>Apie mus<\/h2>\n<p>Esame profesionalus gamintojas, kurio specializacija \u2013 pakaitiniai hidrauliniai cilindrai. Tur\u0117dami plat\u0173 gamini\u0173 asortiment\u0105, tapome vienu i\u0161 pirmaujan\u010di\u0173 gamintoj\u0173 ir didmenini\u0173 platintoj\u0173 vidaus ir tarptautin\u0117se rinkose. Laikom\u0117s i\u0161skirtin\u0117s kokyb\u0117s principo ir nuolat tobuliname savo technines \u017einias bei gamybos efektyvum\u0105.<\/p>\n<p>Diegiant pa\u017eangi\u0105 skaitmenin\u0119 gamybos \u012frang\u0105 ir profesionalias testavimo sistemas, optimizuojame savo gamybos platform\u0105 ir tobuliname gamini\u0173 kokyb\u0117s kontrol\u0117s procesus. Turime stipri\u0173 inovacij\u0173 paj\u0117gum\u0173 ir siekiame patenkinti \u012fvairius klient\u0173 poreikius, vadovaudamiesi efektyvumo, tikslumo ir auk\u0161tos kokyb\u0117s principais.<\/p>\n<p><img decoding=\"async\" src=\"https:\/\/www.hydraulic-cylinders.net\/wp-content\/uploads\/2025\/01\/songte-company-4.webp\" alt=\"\u012emon\u0117s \u012fvaizdis\"><br \/>\n<img decoding=\"async\" src=\"https:\/\/www.hydraulic-cylinders.net\/wp-content\/uploads\/2025\/01\/songte-company-3.webp\" alt=\"\u012emon\u0117s \u012fvaizdis\"><\/p>\n<p>M\u016bs\u0173 \u012fmon\u0117 \u017einoma d\u0117l:<\/p>\n<ul>\n<li>Profesionalumas<\/li>\n<li>Tarptautiniai sertifikatai<\/li>\n<li>Pritaikymo paslaugos<\/<br>","protected":false},"excerpt":{"rendered":"<p>Arm Cylinder For JCHI NS17-7 Introduction The Arm Cylinder is a specially designed hydraulic cylinder that provides linear motion and power to the arms of various machinery, such as excavators, cranes, and mechanical arms. It plays a key role in hydraulic systems, allowing for effective movement and control of additional tools or attachments. These cylinders [&hellip;]<\/p>","protected":false},"featured_media":14774,"comment_status":"open","ping_status":"closed","template":"","meta":{"_et_pb_use_builder":"","_et_pb_old_content":"","_et_gb_content_width":""},"product_brand":[],"product_cat":[1497],"product_tag":[1498,1496],"class_list":{"0":"post-16691","1":"product","2":"type-product","3":"status-publish","4":"has-post-thumbnail","6":"product_cat-arm-cylinders","7":"product_tag-arm-cylinders","8":"product_tag-hydraulic-cylinders","10":"first","11":"instock","12":"shipping-taxable","13":"product-type-simple"},"amp_enabled":true,"_links":{"self":[{"href":"https:\/\/www.hydraulic-cylinders.net\/lt\/wp-json\/wp\/v2\/product\/16691","targetHints":{"allow":["GET"]}}],"collection":[{"href":"https:\/\/www.hydraulic-cylinders.net\/lt\/wp-json\/wp\/v2\/product"}],"about":[{"href":"https:\/\/www.hydraulic-cylinders.net\/lt\/wp-json\/wp\/v2\/types\/product"}],"replies":[{"embeddable":true,"href":"https:\/\/www.hydraulic-cylinders.net\/lt\/wp-json\/wp\/v2\/comments?post=16691"}],"wp:featuredmedia":[{"embeddable":true,"href":"https:\/\/www.hydraulic-cylinders.net\/lt\/wp-json\/wp\/v2\/media\/14774"}],"wp:attachment":[{"href":"https:\/\/www.hydraulic-cylinders.net\/lt\/wp-json\/wp\/v2\/media?parent=16691"}],"wp:term":[{"taxonomy":"product_brand","embeddable":true,"href":"https:\/\/www.hydraulic-cylinders.net\/lt\/wp-json\/wp\/v2\/product_brand?post=16691"},{"taxonomy":"product_cat","embeddable":true,"href":"https:\/\/www.hydraulic-cylinders.net\/lt\/wp-json\/wp\/v2\/product_cat?post=16691"},{"taxonomy":"product_tag","embeddable":true,"href":"https:\/\/www.hydraulic-cylinders.net\/lt\/wp-json\/wp\/v2\/product_tag?post=16691"}],"curies":[{"name":"wp","href":"https:\/\/api.w.org\/{rel}","templated":true}]}}