{"id":16695,"date":"2025-01-21T05:47:37","date_gmt":"2025-01-21T05:47:37","guid":{"rendered":"https:\/\/www.hydraulic-cylinders.net\/product\/arm-cylinder-for-jchi-ns75-7\/"},"modified":"2025-01-21T05:47:39","modified_gmt":"2025-01-21T05:47:39","slug":"arm-cylinder-for-jchi-ns75-7","status":"publish","type":"product","link":"https:\/\/www.hydraulic-cylinders.net\/lt\/produktas\/arm-cylinder-for-jchi-ns75-7\/","title":{"rendered":"JCHI NS75-7 svirties cilindras"},"content":{"rendered":"<h2>JCHI NS75-7 svirties cilindras<\/h2>\n<h3>\u012evadas<\/h3>\n<p>Svirties cilindras yra specialiai suprojektuotas hidraulinis cilindras, daugiausia naudojamas linijiniam jud\u0117jimui ir galiai u\u017etikrinti \u012fvairi\u0173 ma\u0161in\u0173, toki\u0173 kaip ekskavatoriai, kranai ir robotin\u0117s svirtys, svir\u010diai. Svirties cilindras atlieka labai svarb\u0173 vaidmen\u012f hidraulin\u0117se sistemose, nes leid\u017eia pritvirtintiems \u012frankiams ar priedams jud\u0117ti ir b\u016bti efektyviai valdomiems. \u0160ie cilindrai ne tik u\u017etikrina skland\u0173 jud\u0117jim\u0105, bet ir atlaiko dideles apkrovas, u\u017etikrindami efektyv\u0173 ma\u0161in\u0173 veikim\u0105 ir patikimum\u0105 \u012fvairiomis darbo s\u0105lygomis.<\/p>\n<p><img decoding=\"async\" src=\"https:\/\/www.hydraulic-cylinders.net\/wp-content\/uploads\/2025\/01\/songte-company-2.webp\"><\/p>\n<h3>Savyb\u0117s<\/h3>\n<ul>\n<li>Didelio efektyvumo galios perdavimas: rankos cilindras gali u\u017etikrinti galing\u0105 tiesin\u012f judes\u012f ir j\u0117g\u0105, u\u017etikrindamas didel\u012f robotin\u0117s rankos efektyvum\u0105 atliekant \u012fvairias operacijas.<\/li>\n<li>Tikslus valdymas: Hidraulin\u0117s sistemos d\u0117ka rankos cilindras gali tiksliai valdyti judes\u012f, tod\u0117l pritvirtint\u0173 \u012franki\u0173 valdymas tampa lankstesnis ir tikslesnis.<\/li>\n<li>Stiprus patvarumas: Svirties cilindras paprastai pagamintas i\u0161 didelio stiprumo med\u017eiag\u0173, pasi\u017eymin\u010di\u0173 geru atsparumu dilimui ir korozijai, tod\u0117l tinkamas ilgalaikiam naudojimui at\u0161iauriomis s\u0105lygomis.<\/li>\n<li>Daugiafunkcis pritaikomumas: \u0160ie cilindrai gali b\u016bti pla\u010diai naudojami \u012fvairi\u0173 tip\u0173 ma\u0161inose, tokiose kaip ekskavatoriai, kranai ir robotin\u0117s rankos, prisitaikant prie skirting\u0173 darbo reikalavim\u0173.<\/li>\n<li>Lengva prie\u017ei\u016bra: Sukurtas taip, kad b\u016bt\u0173 lengva pri\u017ei\u016br\u0117ti ir keisti, svirties cilindras leid\u017eia patogiau reguliariai atlikti technin\u0119 prie\u017ei\u016br\u0105, taip suma\u017einant \u012frangos prastovas.<\/li>\n<\/ul>\n<p>Mes galime pagaminti \u0161\u012f produkt\u0105, ir m\u016bs\u0173 produktas gali puikiai pakeisti \u0161iuos hidraulinius cilindrus.<\/p>\n<p><img decoding=\"async\" src=\"https:\/\/www.hydraulic-cylinders.net\/wp-content\/uploads\/2025\/01\/songte-oil-pipes-and-spare-parts.webp\"><\/p>\n<h3>Parai\u0161kos<\/h3>\n<ul>\n<li>Statybos in\u017einerija: Ekskavatoriuose ir kranuose svirties cilindras naudojamas kau\u0161o arba str\u0117l\u0117s judesiui valdyti atliekant \u017eem\u0117s darbus, med\u017eiag\u0173 tvarkym\u0105 ir konstrukcij\u0173 montavim\u0105.<\/li>\n<li>Gamybos pramon\u0117: Automatizuotose gamybos linijose rankos cilindras naudojamas robotini\u0173 rank\u0173 jud\u0117jimui surinkimo, suvirinimo ir med\u017eiag\u0173 tvarkymo procesuose, taip pagerinant gamybos efektyvum\u0105 ir tikslum\u0105.<\/li>\n<li>\u017dem\u0117s \u016bkio technika: \u017dem\u0117s \u016bkio technikoje, tokioje kaip derliaus nu\u0117mimo ir sodinimo ma\u0161inos, svirties cilindras valdo valdymo svirties judes\u012f atliekant tokias u\u017eduotis kaip sodinimas, tr\u0119\u0161imas ir derliaus nu\u0117mimas.<\/li>\n<li>Kasyba: Kasybos \u012frangoje svirties cilindras naudojamas kasybos \u012frangos svirties jud\u0117jimui valdyti, siekiant i\u0161gauti ir transportuoti mineralus.<\/li>\n<li>Logistika ir transportas: \u0160akiniuose krautuvuose ir krovini\u0173 tvarkymo robotuose svirties cilindras naudojamas krovinio k\u0117limui ir jud\u0117jimui valdyti, leid\u017eiant tvarkyti ir sukrauti med\u017eiagas.<\/li>\n<\/ul>\n<h3>Projektavimo aspektai ir atrankos standartai<\/h3>\n<ul>\n<li>Keliamoji galia: Svirties cilindras turi b\u016bti suprojektuotas taip, kad atlaikyt\u0173 maksimali\u0105 numatom\u0105 apkrov\u0105, u\u017etikrinant saug\u0173 ir efektyv\u0173 veikim\u0105.<\/li>\n<li>Sandarinimas: Svirties cilindre naudojami \u012fvair\u016bs sandarinimo komponentai, tokie kaip st\u016bmoklio ir koto sandarikliai, pagaminti i\u0161 atspari\u0173 dilimui med\u017eiag\u0173, toki\u0173 kaip poliuretanas ir nitrilo kau\u010diukas, siekiant u\u017etikrinti ger\u0105 sandarum\u0105 ir i\u0161vengti hidraulini\u0173 nuot\u0117ki\u0173.<\/li>\n<li>Patvarumas: Cilindro korpusas ir sriegio galo pavir\u0161ius yra kruop\u0161\u010diai apdirbti, siekiant pagerinti atsparum\u0105 dilimui, u\u017etikrinant svirties cilindro patvarum\u0105 net ir at\u0161iauriomis s\u0105lygomis.<\/li>\n<li>Sauga: Svirtiniai cilindrai tur\u0117t\u0173 b\u016bti suprojektuoti su saugos funkcijomis, tokiomis kaip ribiniai jungikliai ir sl\u0117gio ma\u017einimo vo\u017etuvai, kad b\u016bt\u0173 i\u0161vengta nelaiming\u0173 atsitikim\u0173 ir u\u017etikrintas saugus veikimas.<\/li>\n<li>Prie\u017ei\u016bra: Svirties cilindras tur\u0117t\u0173 b\u016bti suprojektuotas taip, kad j\u012f b\u016bt\u0173 lengva pri\u017ei\u016br\u0117ti ir pakeisti, u\u017etikrinant savalaik\u0119 prie\u017ei\u016br\u0105 ir suma\u017einant prastovas d\u0117l \u012frangos gedim\u0173.<\/li>\n<\/ul>\n<p><img decoding=\"async\" src=\"https:\/\/www.hydraulic-cylinders.net\/wp-content\/uploads\/2025\/01\/songte-cylinder-head-with-all-kinds-excavator-models.webp\"><\/p>\n<h3>Sandarinimas ir tepimas<\/h3>\n<p>Svirties cilindre naudojami \u012fvair\u016bs sandarinimo komponentai, tokie kaip st\u016bmokli\u0173 ir kot\u0173 sandarikliai, pagaminti i\u0161 atspari\u0173 dilimui med\u017eiag\u0173, toki\u0173 kaip poliuretanas ir nitrilo kau\u010diukas, siekiant u\u017etikrinti ger\u0105 sandarum\u0105 ir i\u0161vengti hidraulini\u0173 nuot\u0117ki\u0173. Cilindro korpusas ir sriegio galo pavir\u0161ius yra kruop\u0161\u010diai apdirbti, siekiant pagerinti atsparum\u0105 dilimui, u\u017etikrinant svirties cilindro patvarum\u0105 net ir at\u0161iauriomis s\u0105lygomis. Svirties cilindr\u0105 reikia reguliariai tepti hidrauline alyva, kad jis veikt\u0173 skland\u017eiai, o \u012fpilamos alyvos kiekis tur\u0117t\u0173 b\u016bti tinkamas, kad b\u016bt\u0173 i\u0161vengta alyvos nuot\u0117kio.<\/p>\n<h3>Prie\u017ei\u016bra ir prevencin\u0117s priemon\u0117s<\/h3>\n<ul>\n<li>Reguliarus patikrinimas: Reik\u0117t\u0173 reguliariai tikrinti, ar svirties cilindras nepa\u017eeistas, nenusid\u0117v\u0117j\u0119s ar nepratek\u0117j\u0119s, ir, jei reikia, laiku j\u012f pakeisti arba suremontuoti.<\/li>\n<li>Reguliarus tepimas: Svirties cilindr\u0105 reikia reguliariai tepti hidrauline alyva, kad jis veikt\u0173 skland\u017eiai.<\/li>\n<li>Correct Installation: Correct installation of the arm cylinder is essential for its safe and efficient operation, and the installation should be carried out according to the manufacturer&#8217;s instructions.<\/li>\n<li>Prevencin\u0117s priemon\u0117s: Siekiant suma\u017einti galimas problemas, naudojant svirties cilindr\u0105, reikia imtis prevencini\u0173 priemoni\u0173, pvz., riboti apkrov\u0105, kontroliuoti veikimo greit\u012f ir vengti per didelio sl\u0117gio.<\/li>\n<\/ul>\n<p><img decoding=\"async\" src=\"https:\/\/www.hydraulic-cylinders.net\/wp-content\/uploads\/2025\/01\/songte-chushion-collar.webp\"><\/p>\n<h3>Produkto diegimo vadovas<\/h3>\n<p>Tinkamas svirties cilindro montavimas yra b\u016btinas saugiam ir efektyviam jo veikimui. Nor\u0117dami sumontuoti svirties cilindr\u0105, atlikite \u0161iuos veiksmus:<\/p>\n<ol>\n<li>\u012esitikinkite, kad montavimo vieta yra \u0161vari ir be \u0161iuk\u0161li\u0173.<\/li>\n<li>Patikrinkite cilindr\u0105 ir jo montavimo dalis, ar n\u0117ra pa\u017eeidim\u0173 ar susid\u0117v\u0117jimo.<\/li>\n<li>Prijunkite hidraulines \u017earnas ir jungiam\u0105sias detales pagal gamintojo instrukcijas.<\/li>\n<li>Sumontuokite cilindro svirt\u012f tinkamoje vietoje ir priver\u017ekite var\u017etus.<\/li>\n<li>Patikrinkite, ar tinkamai veikia svirties cilindras.<\/li>\n<\/ol>\n<h3>Saugos aspektai ir aplinkos veiksniai<\/h3>\n<p>Naudojant svirtin\u012f cilindr\u0105, reikia imtis saugos priemoni\u0173, kad b\u016bt\u0173 i\u0161vengta nelaiming\u0173 atsitikim\u0173, kurie gali sukelti su\u017ealojimus ar \u012frangos sugadinim\u0105. \u0160ios priemon\u0117s gali apimti apsaugini\u0173 priemoni\u0173 d\u0117v\u0117jim\u0105, saugos \u012ftais\u0173 \u012frengim\u0105 ir gamintojo instrukcij\u0173 laikym\u0105si. Naudojant svirtin\u012f cilindr\u0105, taip pat reikia atsi\u017evelgti \u012f aplinkos veiksnius, tokius kaip temperat\u016bra, dr\u0117gm\u0117 ir dulk\u0117s, ir imtis tinkam\u0173 priemoni\u0173, kad b\u016bt\u0173 i\u0161vengta \u017ealos aplinkai.<\/p>\n<h3>Trik\u010di\u0173 \u0161alinimas ir da\u017eniausiai pasitaikan\u010dios problemos<\/h3>\n<p>Da\u017eniausios svirties cilindro problemos gali b\u016bti nuot\u0117kiai, susid\u0117v\u0117jimas ir prastas veikimas. Nor\u0117dami diagnozuoti ir i\u0161spr\u0119sti \u0161ias problemas, vadovaukit\u0117s \u0161iais patarimais:<\/p>\n<ul>\n<li>Patikrinkite, ar n\u0117ra hidraulini\u0173 nuot\u0117ki\u0173, ir prireikus suremontuokite arba pakeiskite sandariklius ar kitus komponentus.<\/li>\n<li>Patikrinkite, ar n\u0117ra susid\u0117v\u0117jimo ar pa\u017eeidim\u0173, ir pakeiskite pa\u017eeistus komponentus.<\/li>\n<li>Patikrinkite, ar tinkamai sumontuotas ir veikia svirties cilindras, ir prireikus sureguliuokite.<\/li>\n<\/ul>\n<p>Kad i\u0161vengtum\u0117te galim\u0173 problem\u0173, imkit\u0117s prevencini\u0173 priemoni\u0173, pvz., apribokite apkrov\u0105, kontroliuokite veikimo greit\u012f ir venkite per didelio sl\u0117gio naudodami svirties cilindr\u0105.<\/p>\n<p><img decoding=\"async\" src=\"https:\/\/www.hydraulic-cylinders.net\/wp-content\/uploads\/2025\/01\/songte-bushings-with-all-kinds-of-excavator-models.webp\"><\/p>\n<h3>Apie mus<\/h3>\n<p>Esame profesionalus pakaitini\u0173 hidraulini\u0173 cilindr\u0173 gamintojas, si\u016blantis plat\u0173 gamini\u0173 asortiment\u0105, ir tapome vienu i\u0161 pirmaujan\u010di\u0173 hidraulini\u0173 cilindr\u0173 gamintoj\u0173 ir didmeninink\u0173 tiek vidaus, tiek tarptautin\u0117se rinkose. Visada laikom\u0117s kokyb\u0117s puikumo principo, remdamiesi industrializuota gamybos valdymo strategija, sukurta puikios gamybos dirbtuv\u0117s, nuolat tobulindami savo technologij\u0173 lyg\u012f ir gamybos efektyvum\u0105. Turime stipri\u0173 inovacij\u0173 geb\u0117jim\u0173, diegdami pa\u017eangi\u0105 skaitmenin\u0119 gamybos \u012frang\u0105 ir profesionalias aptikimo sistemas, nuolat optimizuodami gamybos platform\u0105 ir tobulindami gamini\u0173 kokyb\u0117s kontrol\u0117s proces\u0105. M\u016bs\u0173 tikslas \u2013 patenkinti \u012fvairius klient\u0173 poreikius, taikant didelio efektyvumo, tikslumo ir auk\u0161tos kokyb\u0117s principus.<\/p>\n<h3>M\u016bs\u0173 \u012fmon\u0117<\/h3>\n<ul>\n<li>Profesionalumas: Turime patyrusi\u0173 in\u017einieri\u0173 ir technik\u0173 komand\u0105, kuri klientams teikia profesionalius sprendimus ir paslaugas.<\/li>\n<li>Tarptautinis sertifikatas: M\u016bs\u0173 gaminiai yra gav\u0119 tarptautinius sertifikatus, tokius kaip ISO9001 ir CE, siekiant u\u017etikrinti j\u0173 kokyb\u0119 ir patikimum\u0105.<\/li>\n<li>Pritaikymas individualiems poreikiams: teikiame individualiai pritaikytas paslaugas, kad patenkintume konkre\u010dius klient\u0173 poreikius.<\/li>\n<li>Gamybos \u012franga: Turime pa\u017eangi\u0105 skaitmenin\u0119 gamybos \u012frang\u0105, u\u017etikrinan\u010di\u0105 auk\u0161t\u0105 gamybos kokyb\u0119 ir efektyvum\u0105.<\/li>\n<li>Aptarnavimas po pardavimo: teikiame i\u0161samias aptarnavimo po pardavimo paslaugas, siekdami u\u017etikrinti klient\u0173 pasitenkinim\u0105 ir pasitik\u0117jim\u0105.<\/li>\n<\/ul>\n<p><img decoding=\"async\" src=\"https:\/\/www.hydraulic-cylinders.net\/wp-content\/uploads\/2025\/01\/songte-company-4.webp\"><br \/>\n<img decoding=\"async\" src=\"https:\/\/www.hydraulic-cylinders.net\/wp-content\/uploads\/2025\/01\/songte-company-3.webp\"><\/p>\n<p>Autorius: lyl<\/p>","protected":false},"excerpt":{"rendered":"<p>Arm Cylinder For JCHI NS75-7 Introduction An arm cylinder is a specially designed hydraulic cylinder primarily used to provide linear motion and power to the arm of various machinery, such as excavators, cranes, and robotic arms. The arm cylinder plays a crucial role in hydraulic systems, allowing attached tools or attachments to move and be [&hellip;]<\/p>","protected":false},"featured_media":14763,"comment_status":"open","ping_status":"closed","template":"","meta":{"_et_pb_use_builder":"","_et_pb_old_content":"","_et_gb_content_width":""},"product_brand":[],"product_cat":[1497],"product_tag":[1498,1496],"class_list":{"0":"post-16695","1":"product","2":"type-product","3":"status-publish","4":"has-post-thumbnail","6":"product_cat-arm-cylinders","7":"product_tag-arm-cylinders","8":"product_tag-hydraulic-cylinders","10":"first","11":"instock","12":"shipping-taxable","13":"product-type-simple"},"amp_enabled":true,"_links":{"self":[{"href":"https:\/\/www.hydraulic-cylinders.net\/lt\/wp-json\/wp\/v2\/product\/16695","targetHints":{"allow":["GET"]}}],"collection":[{"href":"https:\/\/www.hydraulic-cylinders.net\/lt\/wp-json\/wp\/v2\/product"}],"about":[{"href":"https:\/\/www.hydraulic-cylinders.net\/lt\/wp-json\/wp\/v2\/types\/product"}],"replies":[{"embeddable":true,"href":"https:\/\/www.hydraulic-cylinders.net\/lt\/wp-json\/wp\/v2\/comments?post=16695"}],"wp:featuredmedia":[{"embeddable":true,"href":"https:\/\/www.hydraulic-cylinders.net\/lt\/wp-json\/wp\/v2\/media\/14763"}],"wp:attachment":[{"href":"https:\/\/www.hydraulic-cylinders.net\/lt\/wp-json\/wp\/v2\/media?parent=16695"}],"wp:term":[{"taxonomy":"product_brand","embeddable":true,"href":"https:\/\/www.hydraulic-cylinders.net\/lt\/wp-json\/wp\/v2\/product_brand?post=16695"},{"taxonomy":"product_cat","embeddable":true,"href":"https:\/\/www.hydraulic-cylinders.net\/lt\/wp-json\/wp\/v2\/product_cat?post=16695"},{"taxonomy":"product_tag","embeddable":true,"href":"https:\/\/www.hydraulic-cylinders.net\/lt\/wp-json\/wp\/v2\/product_tag?post=16695"}],"curies":[{"name":"wp","href":"https:\/\/api.w.org\/{rel}","templated":true}]}}