{"id":16697,"date":"2025-01-21T05:47:45","date_gmt":"2025-01-21T05:47:45","guid":{"rendered":"https:\/\/www.hydraulic-cylinders.net\/product\/arm-cylinder-for-jchi-ns220c\/"},"modified":"2025-01-21T05:47:47","modified_gmt":"2025-01-21T05:47:47","slug":"arm-cylinder-for-jchi-ns220c","status":"publish","type":"product","link":"https:\/\/www.hydraulic-cylinders.net\/lt\/produktas\/arm-cylinder-for-jchi-ns220c\/","title":{"rendered":"JCHI NS220C svirties cilindras"},"content":{"rendered":"<h1>JCHI NS220C svirties cilindras<\/h1>\n<h2>\u012evadas<\/h2>\n<p>JCHI NS220C svirties cilindras yra specializuotas hidraulinis cilindras, skirtas u\u017etikrinti tiesin\u012f jud\u0117jim\u0105 ir gali\u0105 \u012fvairi\u0173 tip\u0173 ma\u0161in\u0173 svirtims, tokioms kaip ekskavatoriai, kranai ir robotin\u0117s svirtys. Svirties cilindrai atlieka labai svarb\u0173 vaidmen\u012f hidraulin\u0117se sistemose, nes leid\u017eia efektyviai jud\u0117ti ir valdyti priedus. \u0160ie cilindrai ne tik u\u017etikrina skland\u0173 jud\u0117jim\u0105, bet ir atlaiko dideles apkrovas, garantuodami auk\u0161t\u0105 ma\u0161inos veikimo efektyvum\u0105 ir patikimum\u0105 \u012fvairiomis darbo s\u0105lygomis.<\/p>\n<p><img decoding=\"async\" src=\"https:\/\/www.hydraulic-cylinders.net\/wp-content\/uploads\/2025\/01\/songte-company-2.webp\" alt=\"JCHI NS220C svirties cilindras\" \/><\/p>\n<h2>Savyb\u0117s<\/h2>\n<h3>1. Didelio efektyvumo transmisija<\/h3>\n<p>Svirties cilindras gali u\u017etikrinti galing\u0105 tiesin\u012f judes\u012f ir j\u0117g\u0105, u\u017etikrindamas auk\u0161t\u0105 ma\u0161inos svirties efektyvum\u0105 ir na\u0161um\u0105 atliekant \u012fvairias operacijas.<\/p>\n<h3>2. Tikslus valdymas<\/h3>\n<p>Hidraulin\u0117s sistemos d\u0117ka svirties cilindras gali tiksliai valdyti judes\u012f, tod\u0117l pried\u0173 valdymas tampa lankstesnis ir tikslesnis.<\/p>\n<h3>3. Didelis patvarumas<\/h3>\n<p>Svirties cilindras paprastai gaminamas i\u0161 didelio stiprumo med\u017eiag\u0173, kurios pasi\u017eymi geru atsparumu dilimui ir korozijai, tod\u0117l tinka ilgalaikiam naudojimui at\u0161iauriomis s\u0105lygomis.<\/p>\n<h3>4. Universalus prisitaikymas<\/h3>\n<p>\u0160ie cilindrai gali b\u016bti pla\u010diai naudojami \u012fvairi\u0173 tip\u0173 ma\u0161in\u0173 \u012frangoje, pavyzd\u017eiui, ekskavatoriuose, kranuose ir robot\u0173 rankose, pritaikant juos skirtingiems darbo reikalavimams.<\/p>\n<h3>5. Lengva prie\u017ei\u016bra<\/h3>\n<p>Projektuojant atsi\u017evelgiama \u012f lengv\u0105 prie\u017ei\u016br\u0105 ir keitim\u0105, tod\u0117l reguliari ap\u017ei\u016bra ir prie\u017ei\u016bra yra patogesni, o \u012frangos prastovos laikas sutrump\u0117ja.<\/p>\n<p><img decoding=\"async\" src=\"https:\/\/www.hydraulic-cylinders.net\/wp-content\/uploads\/2025\/01\/songte-oil-pipes-and-spare-parts.webp\" alt=\"Svirties cilindro atsargin\u0117s dalys\" \/><\/p>\n<h2>Parai\u0161kos<\/h2>\n<p>Svirtinis cilindras gali b\u016bti naudojamas \u012fvairiose pramon\u0117s \u0161akose, \u012fskaitant:<\/p>\n<h3>1. Statybos in\u017einerija<\/h3>\n<p>Svirtiniai cilindrai gali valdyti kau\u0161\u0173 ar str\u0117li\u0173 jud\u0117jim\u0105 ekskavatoriuose ir kranuose, atliekant \u017eem\u0117s kasimo, med\u017eiag\u0173 tvarkymo ir konstrukcij\u0173 montavimo u\u017eduotis.<\/p>\n<h3>2. Gamybos pramon\u0117<\/h3>\n<p>Rank\u0173 cilindrai naudojami robotini\u0173 rank\u0173 jud\u0117jimui automatizuotose gamybos linijose, atliekant surinkimo, suvirinimo ir med\u017eiag\u0173 tvarkymo procesus, gerinant gamybos efektyvum\u0105 ir tikslum\u0105.<\/p>\n<h3>3. \u017dem\u0117s \u016bkio technika<\/h3>\n<p>Svirtiniai cilindrai valdo \u017eem\u0117s \u016bkio technikos, tokios kaip derliaus nu\u0117mimo ma\u0161inos ir s\u0117jamosios, valdymo svirtini\u0173 cilindr\u0173 judes\u012f, atliekant tokias u\u017eduotis kaip sodinimas, tr\u0119\u0161imas ir derliaus nu\u0117mimas.<\/p>\n<h3>4. Kasyba<\/h3>\n<p>Kasybos \u012frangoje svirties cilindrai valdo kasybos \u012frangos svirties jud\u0117jim\u0105, atlikdami r\u016bdos gavybos ir transportavimo u\u017eduotis.<\/p>\n<h3>5. Logistika ir transportas<\/h3>\n<p>\u0160akini\u0173 krautuv\u0173 ir robot\u0173 \u0161aki\u0173 k\u0117lim\u0105 ir jud\u0117jim\u0105 valdo svir\u010di\u0173 cilindrai, u\u017etikrinantys med\u017eiag\u0173 tvarkym\u0105 ir krovim\u0105.<\/p>\n<h2>Projektavimo aspektai ir atrankos kriterijai<\/h2>\n<p>Svirtiniai cilindrai turi pasi\u017eym\u0117ti pakankama keliam\u0105ja galia, sandarumu, ilgaam\u017ei\u0161kumu, saugumu ir prie\u017ei\u016bra, u\u017etikrinant mechanizm\u0173 saug\u0105 ir patikimum\u0105. Kai kurie projektavimo aspektai ir atrankos kriterijai:<\/p>\n<h3>1. Keliamoji galia<\/h3>\n<p>Svirties cilindras turi atlaikyti mechanizm\u0173 ir pried\u0173 apkrov\u0105, u\u017etikrindamas pakankamai j\u0117gos darbui.<\/p>\n<h3>2. Sandarinimas<\/h3>\n<p>Svirties cilindras tur\u0117t\u0173 tur\u0117ti patikim\u0105 sandarinimo mechanizm\u0105, naudojant \u012fvairius sandarinimo komponentus, tokius kaip st\u016bmoklio sandarikliai ir strypo sandarikliai, pagaminti i\u0161 atspari\u0173 dilimui med\u017eiag\u0173, toki\u0173 kaip poliuretanas ir nitrilo kau\u010diukas.<\/p>\n<h3>3. Patvarumas<\/h3>\n<p>Svirties cilindras tur\u0117t\u0173 b\u016bti pagamintas i\u0161 didelio stiprumo med\u017eiag\u0173, toki\u0173 kaip tiksliai apdirbtos cilindr\u0173 galvut\u0117s ir st\u016bmokliniai kotai, u\u017etikrinantys ger\u0105 atsparum\u0105 dilimui ir korozijai.<\/p>\n<h3>4. Saugumas<\/h3>\n<p>Svirties cilindras turi tur\u0117ti saugos funkcijas, tokias kaip sl\u0117gio ma\u017einimo vo\u017etuvai, kad b\u016bt\u0173 i\u0161vengta perkrovos ir nelaiming\u0173 atsitikim\u0173.<\/p>\n<h3>5. Prie\u017ei\u016bra<\/h3>\n<p>Svirties cilindras tur\u0117t\u0173 b\u016bti lengvai pri\u017ei\u016brimas ir kei\u010diamas, su tinkamais prieigos ta\u0161kais ir konstrukcin\u0117mis ypatyb\u0117mis, taip suma\u017einant prastovas ir prie\u017ei\u016bros i\u0161laidas.<\/p>\n<p><img decoding=\"async\" src=\"https:\/\/www.hydraulic-cylinders.net\/wp-content\/uploads\/2025\/01\/songte-cylinder-head-with-all-kinds-excavator-models.webp\" alt=\"Cilindro galvut\u0117 su ekskavatoriaus modeliais\" \/><\/p>\n<h2>Sandarinimas ir tepimas<\/h2>\n<p>Svirtiniuose cilindruose naudojami \u012fvair\u016bs sandarinimo komponentai, tokie kaip st\u016bmokli\u0173 ir kot\u0173 sandarikliai, pagaminti i\u0161 atspari\u0173 dilimui med\u017eiag\u0173, toki\u0173 kaip poliuretanas ir nitrilo kau\u010diukas. Cilindro galvut\u0117s ir sriegio pavir\u0161ius yra kruop\u0161\u010diai apdorojami, tod\u0117l padid\u0117ja atsparumas dilimui. Norint pailginti cilindro tarnavimo laik\u0105, b\u016btina reguliariai tepti tinkama hidrauline alyva.<\/p>\n<h2>Prie\u017ei\u016bra ir prevencin\u0117s priemon\u0117s<\/h2>\n<p>Reguliar\u016bs patikrinimai ir prie\u017ei\u016bra yra b\u016btini norint i\u0161laikyti svirties cilindro veikim\u0105 ir ilgaam\u017ei\u0161kum\u0105. Kai kurios prevencin\u0117s priemon\u0117s apima:<\/p>\n<h3>1. Reguliar\u016bs patikrinimai<\/h3>\n<p>Reguliariai tikrinkite svirties cilindr\u0105, ar n\u0117ra pa\u017eeidim\u0173, susid\u0117v\u0117jimo ir nuot\u0117ki\u0173, u\u017etikrindami tinkam\u0105 prie\u017ei\u016br\u0105.<\/p>\n<h3>2. Tepimas<\/h3>\n<p>\u012epilkite reikiam\u0105 kiek\u012f ir tipo hidraulin\u0117s alyvos tepimui, kad cilindras veikt\u0173 skland\u017eiai.<\/p>\n<h3>3. Valymas<\/h3>\n<p>Cilindro ir jo komponent\u0173 valymas, siekiant pa\u0161alinti ne\u0161varumus ir \u0161iuk\u0161les, vengiant pa\u017eeidim\u0173 ir susid\u0117v\u0117jimo.<\/p>\n<h3>4. Pakeitimas<\/h3>\n<p>Greitas susid\u0117v\u0117jusi\u0173 ar pa\u017eeist\u0173 komponent\u0173 keitimas, u\u017etikrinant efektyv\u0173 ir saug\u0173 veikim\u0105.<\/p>\n<h3>5. Testavimas<\/h3>\n<p>Svirties cilindro bandymas esant skirtingoms apkrovos s\u0105lygoms, u\u017etikrinant tinkam\u0105 veikim\u0105 ir saug\u0105.<\/p>\n<p><img decoding=\"async\" src=\"https:\/\/www.hydraulic-cylinders.net\/wp-content\/uploads\/2025\/01\/songte-chushion-collar.webp\" alt=\"Pagalv\u0117l\u0117s apykakl\u0117\" \/><\/p>\n<h2>Diegimo vadovas<\/h2>\n<p>Svirtini\u0173 cilindr\u0173 montavimas reikalauja kruop\u0161taus d\u0117mesio detal\u0117ms, kad b\u016bt\u0173 u\u017etikrintas tinkamas veikimas ir saugumas. Keletas montavimo patarim\u0173:<\/p>\n<h3>1. Pad\u0117ties nustatymas<\/h3>\n<p>Tikslus cilindro pad\u0117ties nustatymas, u\u017etikrinant tinkam\u0105 jo suderinim\u0105 su mechanizmu ir priedu.<\/p>\n<h3>2. Montavimas<\/h3>\n<p>Tvirtai pritvirtinkite cilindr\u0105, naudodami tinkamus var\u017etus ir ver\u017eles, vengdami atsilaisvinusi\u0173 jung\u010di\u0173 ir vibracijos.<\/p>\n<h3>3. Sandarinimas<\/h3>\n<p>U\u017etikrinti tinkam\u0105 cilindro sandarum\u0105 su mechanizmu ir pritvirtinimu, naudojant sandarinimo komponentus, tokius kaip O formos \u017eiedai ir tarpin\u0117s.<\/p>\n<h3>4. Testavimas<\/h3>\n<p>Svirties cilindro bandymas po montavimo skirtingomis apkrovos s\u0105lygomis, u\u017etikrinant tinkam\u0105 veikim\u0105 ir saug\u0105.<\/p>\n<p><img decoding=\"async\" src=\"https:\/\/www.hydraulic-cylinders.net\/wp-content\/uploads\/2025\/01\/songte-bushings-with-all-kinds-of-excavator-models.webp\" alt=\"\u012evor\u0117s su ekskavatori\u0173 modeliais\" \/><\/p>\n<h2>Saugos aspektai ir aplinkos veiksniai<\/h2>\n<p>Svirtinio cilindro veikimas reikalauja tinkam\u0173 saugos priemoni\u0173 ir d\u0117mesio aplinkos veiksniams, tokiems kaip:<\/p>\n<h3>1. Apsauga nuo perkrovos<\/h3>\n<p>Naudojant apsaugos nuo perkrovos \u012ftaisus, tokius kaip sl\u0117gio ma\u017einimo vo\u017etuvai, u\u017etikrinamas saugus veikimas esant skirtingoms apkrovos s\u0105lygoms.<\/p>\n<h3>2. Aplinkos s\u0105lygos<\/h3>\n<p>Venkite eksploatuoti nepalankiomis aplinkos s\u0105lygomis, tokiomis kaip auk\u0161ta temperat\u016bra, dr\u0117gm\u0117 ar korozin\u0117 aplinka, kad i\u0161vengtum\u0117te pa\u017eeidim\u0173 ir nusid\u0117v\u0117jimo.<\/p>\n<h3>3. Saugos mokymai<\/h3>\n<p>Saugos mokym\u0173 vedimas operatoriams ir technin\u0117s prie\u017ei\u016bros personalui, u\u017etikrinant tinkam\u0105 baliono veikim\u0105 ir prie\u017ei\u016br\u0105.<\/p>\n<h2>Gedim\u0173 diagnostika ir da\u017eniausios problemos<\/h2>\n<p>Kai kurios da\u017eniausios svirtini\u0173 cilindr\u0173 problemos ir sprendimai:<\/p>\n<h3>1. Nuot\u0117kis<\/h3>\n<p>I\u0161 cilindro teka alyva d\u0117l pa\u017eeist\u0173 sandarikli\u0173 arba nepakankamo sandarumo. Sprendimas \u2013 pakeisti pa\u017eeistus sandariklius arba pagerinti sandarum\u0105.<\/p>\n<h3>2. St\u016bmoklio koto lenkimas<\/h3>\n<p>St\u016bmoklio kotas sulinko d\u0117l perkrovos arba netinkamo montavimo. Sprendimas \u2013 pakeisti st\u016bmoklio kot\u0105 ir u\u017etikrinti tinkam\u0105 montavim\u0105 bei veikim\u0105.<\/p>\n<h3>3. Nepakankama j\u0117ga<\/h3>\n<p>Cilindro j\u0117ga nepakankama d\u0117l nepakankamo alyvos kiekio arba vidini\u0173 komponent\u0173 pa\u017eeidimo. Sprendimas \u2013 \u012fpilti reikiam\u0105 kiek\u012f hidraulin\u0117s alyvos arba pakeisti pa\u017eeistus komponentus.<\/p>\n<h3>4. Vibracija<\/h3>\n<p>Cilindras vibruoja d\u0117l netinkamo montavimo arba atsilaisvinusios jungties. Sprendimas \u2013 u\u017etikrinti tinkam\u0105 montavim\u0105 ir priver\u017eti var\u017etus bei ver\u017eles.<\/p>\n<h2>Apie mus<\/h2>\n<p>Esame profesionalus pakaitini\u0173 hidraulini\u0173 cilindr\u0173 gamintojas, si\u016blantis plat\u0173 gamini\u0173 asortiment\u0105, tap\u0119s vienu i\u0161 pirmaujan\u010di\u0173 hidraulini\u0173 cilindr\u0173 gamintoj\u0173 ir didmenini\u0173 platintoj\u0173 vidaus ir tarptautin\u0117se rinkose. Visada laikom\u0117s puikios kokyb\u0117s principo, remdamiesi industrializuotomis gamybos valdymo strategijomis kruop\u0161\u010diai sukurtose dirbtuv\u0117se, nuolat tobulindami technologijas ir gamybos efektyvum\u0105. Diegdami auk\u0161\u010diausios klas\u0117s skaitmenin\u0119 gamybos \u012frang\u0105 ir profesionalias testavimo sistemas, nuolat optimizuojame gamybos platform\u0105, tobuliname gamini\u0173 kokyb\u0117s kontrol\u0117s procesus ir turime stiprias inovacij\u0173 galimybes. M\u016bs\u0173 tikslas \u2013 patenkinti \u012fvairius klient\u0173 poreikius, taikant efektyvius, tikslius ir auk\u0161tos kokyb\u0117s principus.<\/p>\n<p>M\u016bs\u0173 \u012fmon\u0117 teikia profesionalias paslaugas, tarptautinius sertifikatus, individualiai pritaikytas paslaugas, gamybos \u012frang\u0105 ir garantin\u012f aptarnavim\u0105.<\/p>\n<p><img decoding=\"async\" src=\"https:\/\/www.hydraulic-cylinders.net\/wp-content\/uploads\/2025\/01\/songte-company-4.webp\" alt=\"4 \u012fmon\u0117\" \/><br \/>\n<img decoding=\"async\" src=\"https:\/\/www.hydraulic-cylinders.net\/wp-content\/uploads\/2025\/01\/songte-company-3.webp\" alt=\"3 \u012fmon\u0117\" \/><\/p>\n<p>Autorius: lyl<\/p>","protected":false},"excerpt":{"rendered":"<p>Arm Cylinder For JCHI NS220C Introduction The Arm Cylinder for JCHI NS220C is a specialized hydraulic cylinder designed to provide linear motion and power for various types of machinery arms such as excavators, cranes, and robotic arms. Arm cylinders play a crucial role in hydraulic systems, allowing attachments to move and be controlled efficiently. These [&hellip;]<\/p>","protected":false},"featured_media":14786,"comment_status":"open","ping_status":"closed","template":"","meta":{"_et_pb_use_builder":"","_et_pb_old_content":"","_et_gb_content_width":""},"product_brand":[],"product_cat":[1497],"product_tag":[1498,1496],"class_list":{"0":"post-16697","1":"product","2":"type-product","3":"status-publish","4":"has-post-thumbnail","6":"product_cat-arm-cylinders","7":"product_tag-arm-cylinders","8":"product_tag-hydraulic-cylinders","10":"first","11":"instock","12":"shipping-taxable","13":"product-type-simple"},"amp_enabled":true,"_links":{"self":[{"href":"https:\/\/www.hydraulic-cylinders.net\/lt\/wp-json\/wp\/v2\/product\/16697","targetHints":{"allow":["GET"]}}],"collection":[{"href":"https:\/\/www.hydraulic-cylinders.net\/lt\/wp-json\/wp\/v2\/product"}],"about":[{"href":"https:\/\/www.hydraulic-cylinders.net\/lt\/wp-json\/wp\/v2\/types\/product"}],"replies":[{"embeddable":true,"href":"https:\/\/www.hydraulic-cylinders.net\/lt\/wp-json\/wp\/v2\/comments?post=16697"}],"wp:featuredmedia":[{"embeddable":true,"href":"https:\/\/www.hydraulic-cylinders.net\/lt\/wp-json\/wp\/v2\/media\/14786"}],"wp:attachment":[{"href":"https:\/\/www.hydraulic-cylinders.net\/lt\/wp-json\/wp\/v2\/media?parent=16697"}],"wp:term":[{"taxonomy":"product_brand","embeddable":true,"href":"https:\/\/www.hydraulic-cylinders.net\/lt\/wp-json\/wp\/v2\/product_brand?post=16697"},{"taxonomy":"product_cat","embeddable":true,"href":"https:\/\/www.hydraulic-cylinders.net\/lt\/wp-json\/wp\/v2\/product_cat?post=16697"},{"taxonomy":"product_tag","embeddable":true,"href":"https:\/\/www.hydraulic-cylinders.net\/lt\/wp-json\/wp\/v2\/product_tag?post=16697"}],"curies":[{"name":"wp","href":"https:\/\/api.w.org\/{rel}","templated":true}]}}