{"id":16704,"date":"2025-01-21T05:48:18","date_gmt":"2025-01-21T05:48:18","guid":{"rendered":"https:\/\/www.hydraulic-cylinders.net\/product\/arm-cylinder-for-jove-jv150\/"},"modified":"2025-01-21T05:48:21","modified_gmt":"2025-01-21T05:48:21","slug":"arm-cylinder-for-jove-jv150","status":"publish","type":"product","link":"https:\/\/www.hydraulic-cylinders.net\/lt\/produktas\/arm-cylinder-for-jove-jv150\/","title":{"rendered":"Jove JV150 rankenos cilindras"},"content":{"rendered":"<h1>Jove JV150 rankenos cilindras<\/h1>\n<h2>\u012evadas<\/h2>\n<p>Svirties cilindras yra specializuotas hidraulinis cilindras, skirtas u\u017etikrinti tiesin\u012f jud\u0117jim\u0105 ir gali\u0105 \u012fvairi\u0173 ma\u0161in\u0173, toki\u0173 kaip ekskavatoriai, kranai ir robotin\u0117s svirtys, svirtims. Jis atlieka labai svarb\u0173 vaidmen\u012f hidraulin\u0117se sistemose, nes leid\u017eia efektyviai jud\u0117ti ir valdyti papildomus \u012frankius ar priedus. \u0160ie cilindrai ne tik u\u017etikrina skland\u0173 jud\u0117jim\u0105, bet ir atlaiko dideles apkrovas, u\u017etikrindami efektyv\u0173 ma\u0161in\u0173 veikim\u0105 ir patikimum\u0105 \u012fvairiomis darbo s\u0105lygomis.<\/p>\n<h3>Apibr\u0117\u017eimas ir paai\u0161kinimas<\/h3>\n<p>Svirties cilindras, dar \u017einomas kaip str\u0117l\u0117s cilindras, yra hidraulinis cilindras, specialiai sukurtas tiesiniam jud\u0117jimui ir galiai ma\u0161in\u0173 svirtims u\u017etikrinti. J\u012f sudaro cilindrinis st\u016bmoklis, st\u016bmoklis ir strypas. Kai veikia hidraulinis sl\u0117gis, st\u016bmoklis juda st\u016bmoklio viduje, i\u0161tiesdamas arba \u012ftraukdamas stryp\u0105. \u0160is tiesinis strypo jud\u0117jimas suteikia svirtims reikiam\u0105 j\u0117g\u0105 atlikti tokias u\u017eduotis kaip kasimas, k\u0117limas ir manevravimas.<\/p>\n<p><img decoding=\"async\" src=\"https:\/\/www.hydraulic-cylinders.net\/wp-content\/uploads\/2025\/01\/songte-company-2.webp\"><\/p>\n<h2>\u201eJove JV150\u201c svirties cilindro savyb\u0117s<\/h2>\n<ul>\n<li><strong>Didelio efektyvumo transmisija:<\/strong> Svirties cilindras u\u017etikrina galing\u0105 tiesin\u012f judes\u012f ir j\u0117g\u0105, u\u017etikrindamas auk\u0161t\u0105 ma\u0161inos na\u0161um\u0105.<\/li>\n<li><strong>Tikslus valdymas:<\/strong> Hidraulin\u0117s sistemos d\u0117ka svirties cilindras leid\u017eia tiksliai valdyti judes\u012f, tod\u0117l pritvirtint\u0173 \u012franki\u0173 valdymas tampa lankstesnis ir tikslesnis.<\/li>\n<li><strong>Patvarumas:<\/strong> Svirtiniai cilindrai paprastai gaminami i\u0161 didelio stiprumo med\u017eiag\u0173, kurios pasi\u017eymi puikiu atsparumu dilimui ir korozijai, tod\u0117l tinka ilgalaikiam naudojimui at\u0161iauriomis s\u0105lygomis.<\/li>\n<li><strong>Daugiafunkcinis prisitaikymas:<\/strong> \u0160ie cilindrai gali b\u016bti pla\u010diai naudojami \u012fvairiose ma\u0161inose, tokiose kaip ekskavatoriai, kranai ir robotin\u0117s rankos, atsi\u017evelgiant \u012f skirtingus darbo reikalavimus.<\/li>\n<li><strong>Lengva prie\u017ei\u016bra:<\/strong> Sukurti taip, kad juos b\u016bt\u0173 lengva pri\u017ei\u016br\u0117ti ir keisti, jie palengvina reguliari\u0105 ap\u017ei\u016br\u0105 ir technin\u0119 prie\u017ei\u016br\u0105, taip suma\u017einant \u012frangos prastov\u0173 laik\u0105.<\/li>\n<\/ul>\n<p><img decoding=\"async\" src=\"https:\/\/www.hydraulic-cylinders.net\/wp-content\/uploads\/2025\/01\/songte-oil-pipes-and-spare-parts.webp\"><\/p>\n<h2>Parai\u0161kos<\/h2>\n<p>Svirtinis cilindras naudojamas \u012fvairiose pramon\u0117s \u0161akose ir sektoriuose, \u012fskaitant:<\/p>\n<ul>\n<li><strong>Statybos in\u017einerija:<\/strong> Ekskavatoriuose ir kranuose svirties cilindras valdo kau\u0161\u0173 arba str\u0117li\u0173 jud\u0117jim\u0105 atliekant \u017eem\u0117s darbus, med\u017eiag\u0173 tvarkym\u0105 ir konstrukcij\u0173 montavim\u0105.<\/li>\n<li><strong>Gamyba:<\/strong> Automatizuotose gamybos linijose rankos cilindras leid\u017eia judinti robotines rankas surinkimo, suvirinimo ir med\u017eiag\u0173 tvarkymo procesuose, taip padidindamas gamybos efektyvum\u0105 ir tikslum\u0105.<\/li>\n<li><strong>\u017dem\u0117s \u016bkio technika:<\/strong> \u017dem\u0117s \u016bkio \u012frangoje, tokioje kaip derliaus nu\u0117mimo ma\u0161inos ir s\u0117jamosios, svirties cilindras valdo valdymo svir\u010di\u0173 jud\u0117jim\u0105 atliekant tokias u\u017eduotis kaip s\u0117ja, tr\u0119\u0161imas ir derliaus nu\u0117mimas.<\/li>\n<li><strong>Kasyba:<\/strong> Kasybos \u012frangoje svirties cilindras valdo kasybos ma\u0161in\u0173 svirties judesius r\u016bdos gavybai ir transportavimui.<\/li>\n<li><strong>Logistika ir transportas:<\/strong> \u0160akiniuose krautuvuose ir krovini\u0173 krovimo robotuose svirties cilindras valdo \u0161aki\u0173 k\u0117lim\u0105 ir jud\u0117jim\u0105, taip \u012fgalindamas med\u017eiag\u0173 tvarkym\u0105 ir krovim\u0105.<\/li>\n<\/ul>\n<h2>Projektavimo aspektai ir atrankos kriterijai<\/h2>\n<p>Projektuojant ir renkantis cilindro formos svirt\u012f, reikia atsi\u017evelgti \u012f kelis veiksnius:<\/p>\n<ul>\n<li><strong>Apkrovos paj\u0117gumas:<\/strong> Cilindras turi atlaikyti numatomas apkrovas ir j\u0117gas, veikian\u010dias eksploatacijos metu.<\/li>\n<li><strong>Sandarinimas:<\/strong> Siekiant u\u017etikrinti tinkam\u0105 sandarum\u0105 ir i\u0161vengti hidraulinio skys\u010dio nuot\u0117kio, tur\u0117t\u0173 b\u016bti naudojami \u012fvair\u016bs sandarinimo elementai, tokie kaip st\u016bmokli\u0173 ir stryp\u0173 sandarikliai.<\/li>\n<li><strong>Patvarumas:<\/strong> Cilindro korpusas ir srieginiai galai turi b\u016bti tinkamai apdorojami, kad padid\u0117t\u0173 atsparumas dilimui ir pailg\u0117t\u0173 tarnavimo laikas.<\/li>\n<li><strong>Saugumas:<\/strong> Siekiant i\u0161vengti nelaiming\u0173 atsitikim\u0173 eksploatacijos metu, tur\u0117t\u0173 b\u016bti \u012frengtos saugos priemon\u0117s, tokios kaip sl\u0117gio ma\u017einimo vo\u017etuvai ir avarinio stabdymo mechanizmai.<\/li>\n<li><strong>Prie\u017ei\u016bra:<\/strong> Reik\u0117t\u0173 pasir\u016bpinti lengva prieiga prie komponent\u0173 prie\u017ei\u016brai ir keitimui, kad b\u016bt\u0173 suma\u017eintas prastovos laikas ir palengvintos technin\u0117s prie\u017ei\u016bros proced\u016bros.<\/li>\n<\/ul>\n<p><img decoding=\"async\" src=\"https:\/\/www.hydraulic-cylinders.net\/wp-content\/uploads\/2025\/01\/songte-cylinder-head-with-all-kinds-excavator-models.webp\"><\/p>\n<h2>Sandarinimas ir tepimas<\/h2>\n<p>Svirtiniame cilindre naudojami \u012fvair\u016bs sandarinimo komponentai, \u012fskaitant st\u016bmokli\u0173 ir kot\u0173 sandariklius, kurie pagaminti i\u0161 atspari\u0173 dilimui med\u017eiag\u0173, toki\u0173 kaip poliuretanas ir nitrilo kau\u010diukas. Cilindro korpusas ir srieginiai galai yra kruop\u0161\u010diai apdorojami, siekiant padidinti atsparum\u0105 dilimui. Norint u\u017etikrinti skland\u0173 veikim\u0105 ir suma\u017einti trint\u012f, b\u016btina reguliariai tepti tinkamu hidraulin\u0117s alyvos kiekiu.<\/p>\n<h2>Reguliarus patikrinimas ir prevencin\u0117 prie\u017ei\u016bra<\/h2>\n<p>Norint u\u017etikrinti optimal\u0173 svirties cilindro veikim\u0105 ir ilgaam\u017ei\u0161kum\u0105, b\u016btina reguliariai tikrinti ir atlikti profilaktin\u0119 prie\u017ei\u016br\u0105. Reik\u0117t\u0173 imtis \u0161i\u0173 priemoni\u0173:<\/p>\n<ul>\n<li>Ap\u017ei\u016br\u0117kite cilindr\u0105, ar n\u0117ra susid\u0117v\u0117jimo, pa\u017eeidimo ar nuot\u0117kio po\u017eymi\u0173.<\/li>\n<li>Patikrinkite sandariklio vientisum\u0105 ir pakeiskite visus susid\u0117v\u0117jusius ar pa\u017eeistus sandariklius.<\/li>\n<li>Steb\u0117kite hidraulinio skys\u010dio lyg\u012f ir kokyb\u0119, prireikus papildykite arba pakeiskite.<\/li>\n<li>Priver\u017ekite visas atsilaisvinusias jungtis ar jungiam\u0105sias detales, kad i\u0161vengtum\u0117te skys\u010di\u0173 nuot\u0117kio.<\/li>\n<li>Laikykit\u0117s gamintojo rekomenduojamo technin\u0117s prie\u017ei\u016bros grafiko ir proced\u016br\u0173.<\/li>\n<\/ul>\n<h2>Produkto diegimo vadovas<\/h2>\n<p>Tinkamas svirties cilindro montavimas yra labai svarbus jo veikimui ir saugumui. Nor\u0117dami s\u0117kmingai sumontuoti, atlikite \u0161iuos veiksmus:<\/p>\n<ol>\n<li>\u012esitikinkite, kad mechanizmas yra i\u0161jungtas ir i\u0161leistas visas hidraulinis sl\u0117gis.<\/li>\n<li>Pad\u0117kite cilindr\u0105 norimoje vietoje, sulygiuodami tvirtinimo skyles.<\/li>\n<li>Tvirtai pritvirtinkite cilindr\u0105 naudodami tinkamus var\u017etus arba kai\u0161\u010dius.<\/li>\n<li>Prijunkite hidraulines \u017earnas prie cilindro \u012fleidimo ir i\u0161leidimo ang\u0173.<\/li>\n<li>Patikrinkite cilindro veikim\u0105 palaipsniui didindami hidraulin\u012f sl\u0117g\u012f ir tikrindami, ar jis juda skland\u017eiai.<\/li>\n<\/ol>\n<p><img decoding=\"async\" src=\"https:\/\/www.hydraulic-cylinders.net\/wp-content\/uploads\/2025\/01\/songte-bushings-with-all-kinds-of-excavator-models.webp\"><\/p>\n<h2>Saugos aspektai ir aplinkos veiksniai<\/h2>\n<p>Naudojant svirtinius cilindrus, saugos priemon\u0117s yra nepaprastai svarbios siekiant i\u0161vengti nelaiming\u0173 atsitikim\u0173 ir u\u017etikrinti operatoriaus gerov\u0119. Svarbiausi saugos aspektai:<\/p>\n<ul>\n<li>Operatori\u0173 apmokymas tinkamai elgtis su mechanizmais su str\u0117li\u0173 cilindrais ir juos valdyti.<\/li>\n<li>\u012egyvendinti saugos protokolus ir technin\u0117s prie\u017ei\u016bros bei trik\u010di\u0173 \u0161alinimo proced\u016br\u0173 gaires.<\/li>\n<li>Tinkam\u0173 asmenini\u0173 apsaugos priemoni\u0173 (AAP) suteikimas operatoriams ir technin\u0117s prie\u017ei\u016bros personalui.<\/li>\n<li>Laikytis aplinkosaugos taisykli\u0173, reglamentuojan\u010di\u0173 tinkam\u0105 hidraulini\u0173 skys\u010di\u0173 tvarkym\u0105 ir \u0161alinim\u0105.<\/li>\n<\/ul>\n<h2>Gedim\u0173 diagnostika ir da\u017eniausios problemos<\/h2>\n<p>Nepaisant patvarumo, laikui b\u0117gant svirties cilindrai gali sugesti ar susidurti su problemomis. Kai kurios da\u017eniausios problemos:<\/p>\n<ul>\n<li>Hidraulinio skys\u010dio nuot\u0117kis i\u0161 sandarikli\u0173 ar jung\u010di\u0173.<\/li>\n<li>Netolygus arba tr\u016bk\u010diojantis cilindro jud\u0117jimas.<\/li>\n<li>Suma\u017e\u0117jusi keliamoji galia arba j\u0117gos i\u0161eiga.<\/li>\n<li>Per didelis triuk\u0161mas ar vibracija eksploatacijos metu.<\/li>\n<li>Nestabili arba netaisyklinga rankos pad\u0117tis.<\/li>\n<\/ul>\n<p>Nor\u0117dami i\u0161spr\u0119sti \u0161ias problemas, atlikite \u0161iuos trik\u010di\u0173 \u0161alinimo veiksmus:<\/p>\n<ul>\n<li>Patikrinkite ir pakeiskite visus susid\u0117v\u0117jusius ar pa\u017eeistus sandariklius.<\/li>\n<li>Priver\u017ekite atsilaisvinusias jungtis arba jungiam\u0105sias detales, kad i\u0161vengtum\u0117te skys\u010di\u0173 nuot\u0117kio.<\/li>\n<li>Patikrinkite hidraulinio skys\u010dio lyg\u012f ir kokyb\u0119, prireikus papildykite arba pakeiskite.<\/li>\n<li>Sutepkite judan\u010dias dalis, kad suma\u017eintum\u0117te trint\u012f ir pagerintum\u0117te na\u0161um\u0105.<\/li>\n<li>Jei problema i\u0161lieka, kreipkit\u0117s \u012f gamintoj\u0105 arba profesional\u0173 technik\u0105.<\/li>\n<\/ul>\n<p><img decoding=\"async\" src=\"https:\/\/www.hydraulic-cylinders.net\/wp-content\/uploads\/2025\/01\/songte-chushion-collar.webp\"><\/p>\n<p>Nepamir\u0161kite straipsn\u012f strukt\u016brizuoti logi\u0161kai, naudodami paantra\u0161tes, kad b\u016bt\u0173 lengviau nar\u0161yti. \u012etraukite atitinkamus vaizdus ar diagramas, kad pagerintum\u0117te supratim\u0105 ir u\u017etikrintum\u0117te, jog turinys b\u016bt\u0173 ai\u0161kus, glaustas ir tinkamas skaitytojams, turintiems \u012fvairaus lygio technines \u017einias.<\/p>\n<h2>Apie m\u016bs\u0173 \u012fmon\u0119<\/h2>\n<p>Esame profesionalus pakaitini\u0173 hidraulini\u0173 cilindr\u0173 gamintojas, si\u016blantis plat\u0173 gamini\u0173 asortiment\u0105. Tapome vienu i\u0161 pirmaujan\u010di\u0173 hidraulini\u0173 cilindr\u0173 gamintoj\u0173 ir didmeninink\u0173 tiek vidaus, tiek tarptautin\u0117se rinkose. M\u016bs\u0173 \u012fsipareigojimas siekti meistri\u0161kumo<\/p>","protected":false},"excerpt":{"rendered":"<p>Arm Cylinder For Jove JV150 Introduction The arm cylinder is a specialized hydraulic cylinder designed to provide linear motion and power to the arms of various machinery such as excavators, cranes, and robotic arms. It plays a crucial role in hydraulic systems, allowing for efficient movement and control of additional tools or attachments. These cylinders [&hellip;]<\/p>","protected":false},"featured_media":14766,"comment_status":"open","ping_status":"closed","template":"","meta":{"_et_pb_use_builder":"","_et_pb_old_content":"","_et_gb_content_width":""},"product_brand":[],"product_cat":[1497],"product_tag":[1498,1496],"class_list":{"0":"post-16704","1":"product","2":"type-product","3":"status-publish","4":"has-post-thumbnail","6":"product_cat-arm-cylinders","7":"product_tag-arm-cylinders","8":"product_tag-hydraulic-cylinders","10":"first","11":"instock","12":"shipping-taxable","13":"product-type-simple"},"amp_enabled":true,"_links":{"self":[{"href":"https:\/\/www.hydraulic-cylinders.net\/lt\/wp-json\/wp\/v2\/product\/16704","targetHints":{"allow":["GET"]}}],"collection":[{"href":"https:\/\/www.hydraulic-cylinders.net\/lt\/wp-json\/wp\/v2\/product"}],"about":[{"href":"https:\/\/www.hydraulic-cylinders.net\/lt\/wp-json\/wp\/v2\/types\/product"}],"replies":[{"embeddable":true,"href":"https:\/\/www.hydraulic-cylinders.net\/lt\/wp-json\/wp\/v2\/comments?post=16704"}],"wp:featuredmedia":[{"embeddable":true,"href":"https:\/\/www.hydraulic-cylinders.net\/lt\/wp-json\/wp\/v2\/media\/14766"}],"wp:attachment":[{"href":"https:\/\/www.hydraulic-cylinders.net\/lt\/wp-json\/wp\/v2\/media?parent=16704"}],"wp:term":[{"taxonomy":"product_brand","embeddable":true,"href":"https:\/\/www.hydraulic-cylinders.net\/lt\/wp-json\/wp\/v2\/product_brand?post=16704"},{"taxonomy":"product_cat","embeddable":true,"href":"https:\/\/www.hydraulic-cylinders.net\/lt\/wp-json\/wp\/v2\/product_cat?post=16704"},{"taxonomy":"product_tag","embeddable":true,"href":"https:\/\/www.hydraulic-cylinders.net\/lt\/wp-json\/wp\/v2\/product_tag?post=16704"}],"curies":[{"name":"wp","href":"https:\/\/api.w.org\/{rel}","templated":true}]}}