{"id":16716,"date":"2025-01-21T05:49:06","date_gmt":"2025-01-21T05:49:06","guid":{"rendered":"https:\/\/www.hydraulic-cylinders.net\/product\/arm-cylinder-for-sgzg-sd22-9b\/"},"modified":"2025-01-21T05:49:11","modified_gmt":"2025-01-21T05:49:11","slug":"arm-cylinder-for-sgzg-sd22-9b","status":"publish","type":"product","link":"https:\/\/www.hydraulic-cylinders.net\/lt\/produktas\/arm-cylinder-for-sgzg-sd22-9b\/","title":{"rendered":"SGZG SD22-9B rankenos cilindras"},"content":{"rendered":"<h2>SGZG SD22-9B rankenos cilindras<\/h2>\n<h3>\u012evadas<\/h3>\n<p>Svirties cilindras yra specialiai suprojektuotas hidraulinis cilindras, daugiausia naudojamas linijiniam judesiui ir galiai u\u017etikrinti \u012fvairi\u0173 tip\u0173 ma\u0161in\u0173, toki\u0173 kaip ekskavatoriai, kranai ir robotin\u0117s svirtys, svirtims. Svirties cilindras atlieka labai svarb\u0173 vaidmen\u012f hidraulin\u0117je sistemoje, nes leid\u017eia efektyviai jud\u0117ti ir valdyti priedus ar priedus. \u0160ie cilindrai ne tik u\u017etikrina skland\u0173 jud\u0117jim\u0105, bet ir gali atlaikyti dideles apkrovas, u\u017etikrindami efektyv\u0173 ma\u0161inos veikim\u0105 ir patikimum\u0105 \u012fvairiomis eksploatavimo s\u0105lygomis.<\/p>\n<p><img decoding=\"async\" src=\"https:\/\/www.hydraulic-cylinders.net\/wp-content\/uploads\/2025\/01\/songte-company-2.webp\"><\/p>\n<h3>Savyb\u0117s<\/h3>\n<ul>\n<li><strong>Didelio efektyvumo transmisija:<\/strong> Svirties cilindras u\u017etikrina galing\u0105 tiesin\u012f judes\u012f ir j\u0117g\u0105, u\u017etikrindamas didel\u012f robotin\u0117s rankos efektyvum\u0105 atliekant \u012fvairias operacijas.<\/li>\n<li><strong>Tikslus valdymas:<\/strong> Hidraulin\u0117s sistemos d\u0117ka rankos cilindras gali tiksliai valdyti judes\u012f, tod\u0117l pritvirtint\u0173 \u012franki\u0173 valdymas tampa lankstesnis ir tikslesnis.<\/li>\n<li><strong>Stiprus patvarumas:<\/strong> Svirties cilindras paprastai pagamintas i\u0161 didelio stiprumo med\u017eiag\u0173, pasi\u017eymin\u010di\u0173 geru atsparumu dilimui ir korozijai, tod\u0117l tinkamas ilgalaikiam naudojimui at\u0161iauriomis s\u0105lygomis.<\/li>\n<li><strong>Daugiafunkcinis prisitaikymas:<\/strong> \u0160ie cilindrai gali b\u016bti pla\u010diai naudojami \u012fvairi\u0173 tip\u0173 ma\u0161inose, tokiose kaip ekskavatoriai, kranai ir robotin\u0117s rankos, pritaikant juos skirtingiems darbo reikalavimams.<\/li>\n<li><strong>Lengva prie\u017ei\u016bra:<\/strong> Projektuojant atsi\u017evelgiama \u012f paprast\u0105 prie\u017ei\u016br\u0105 ir keitim\u0105, tod\u0117l reguliari ap\u017ei\u016bra ir prie\u017ei\u016bra yra patogesni, o \u012frangos prastovos laikas sutrump\u0117ja.<\/li>\n<\/ul>\n<p>Mes galime pagaminti \u0161\u012f produkt\u0105, o m\u016bs\u0173 produktai gali puikiai pakeisti \u0161iuos hidraulinius cilindrus.<\/p>\n<p><img decoding=\"async\" src=\"https:\/\/www.hydraulic-cylinders.net\/wp-content\/uploads\/2025\/01\/songte-oil-pipes-and-spare-parts.webp\"><\/p>\n<h3>Parai\u0161kos<\/h3>\n<p>Svirtinis cilindras pla\u010diai naudojamas \u012fvairiose srityse, tokiose kaip:<\/p>\n<ul>\n<li><strong>Statybos in\u017einerija:<\/strong> Ekskavatoriuose ir kranuose svirties cilindras naudojamas kau\u0161o arba str\u0117l\u0117s jud\u0117jimui valdyti atliekant \u017eem\u0117s darbus, tvarkant med\u017eiagas ir montuojant konstrukcijas.<\/li>\n<li><strong>Gamyba:<\/strong> Automatizuotose gamybos linijose rankos cilindras naudojamas robotini\u0173 rank\u0173 jud\u0117jimui surinkimo, suvirinimo ir tvarkymo procesuose, taip pagerinant gamybos efektyvum\u0105 ir tikslum\u0105.<\/li>\n<li><strong>\u017dem\u0117s \u016bkio technika:<\/strong> \u017dem\u0117s \u016bkio technikoje, pavyzd\u017eiui, derliaus nu\u0117mimo ir sodinamosiose, svirties cilindras valdo valdymo svir\u010di\u0173 judes\u012f atliekant tokias u\u017eduotis kaip s\u0117ja, tr\u0119\u0161imas ir derliaus nu\u0117mimas.<\/li>\n<li><strong>Kasyba:<\/strong> Kasybos \u012frangoje svirties cilindras naudojamas kasybos \u012frangos svirties jud\u0117jimui valdyti, siekiant i\u0161gauti ir transportuoti mineralus.<\/li>\n<li><strong>Logistika ir transportas:<\/strong> \u0160akiniuose krautuvuose ir tvarkymo robotuose rankos cilindras naudojamas \u0161aki\u0173 k\u0117limui ir jud\u0117jimui valdyti, u\u017etikrinant med\u017eiag\u0173 tvarkym\u0105 ir krovim\u0105.<\/li>\n<\/ul>\n<h3>Projektavimo aspektai ir atrankos standartai<\/h3>\n<p>Projektuojant ir renkantis cilindro formos svirt\u012f, reikia atsi\u017evelgti \u012f kelis veiksnius:<\/p>\n<ul>\n<li><strong>Keliamoji galia:<\/strong> Cilindras turi atlaikyti maksimali\u0105 j\u0117g\u0105, kuri\u0105 gali generuoti robotin\u0117 ranka.<\/li>\n<li><strong>Sandarinimas:<\/strong> Siekiant i\u0161vengti skys\u010dio nuot\u0117kio ir u\u017eter\u0161imo, naudojami \u012fvair\u016bs sandarinimo komponentai, tokie kaip st\u016bmokli\u0173 ir stryp\u0173 sandarikliai.<\/li>\n<li><strong>Patvarumas:<\/strong> Paprastai i\u0161 didelio stiprumo med\u017eiag\u0173 pagamintas cilindras turi b\u016bti atsparus dilimui ir korozijai, kad b\u016bt\u0173 u\u017etikrintas ilgalaikis naudojimas at\u0161iauriomis s\u0105lygomis.<\/li>\n<li><strong>Saugumas:<\/strong> Projektuojant tur\u0117t\u0173 b\u016bti numatytos tinkamos saugos priemon\u0117s, kad b\u016bt\u0173 i\u0161vengta nelaiming\u0173 atsitikim\u0173 ir su\u017ealojim\u0173 eksploatacijos metu.<\/li>\n<li><strong>Prie\u017ei\u016bra:<\/strong> Projektuojant reik\u0117t\u0173 atsi\u017evelgti \u012f cilindro komponent\u0173 prie\u017ei\u016bros ir keitimo paprastum\u0105, siekiant suma\u017einti prastovas ir u\u017etikrinti patikim\u0105 veikim\u0105.<\/li>\n<\/ul>\n<p><img decoding=\"async\" src=\"https:\/\/www.hydraulic-cylinders.net\/wp-content\/uploads\/2025\/01\/songte-cylinder-head-with-all-kinds-excavator-models.webp\"><\/p>\n<h3>Sandarinimas ir tepimas<\/h3>\n<p>Svirtiniame cilindre naudojami \u012fvair\u016bs sandarinimo komponentai, tokie kaip st\u016bmoklio ir koto sandarikliai, siekiant i\u0161vengti skys\u010dio nuot\u0117kio ir u\u017eter\u0161imo. \u0160ie sandarinimo komponentai paprastai gaminami i\u0161 atspari\u0173 dilimui med\u017eiag\u0173, toki\u0173 kaip poliuretanas ir nitrilo kau\u010diukas. Cilindro korpusas ir srieginiai galiniai pavir\u0161iai yra kruop\u0161\u010diai apdorojami, kad b\u016bt\u0173 padidintas atsparumas dilimui. Tepimui reikia reguliariai \u012fpilti atitinkamos hidraulin\u0117s alyvos.<\/p>\n<h3>Profilaktin\u0117 prie\u017ei\u016bra ir trik\u010di\u0173 \u0161alinimas<\/h3>\n<p>Reguliarus patikrinimas ir profilaktin\u0117 prie\u017ei\u016bra yra b\u016btini norint u\u017etikrinti patikim\u0105 svirties cilindro veikim\u0105. Nor\u0117dami diagnozuoti ir i\u0161spr\u0119sti galimas problemas, vadovaukit\u0117s \u0161iais patarimais ir sprendimais:<\/p>\n<ul>\n<li><strong>1 patarimas:<\/strong> Patikrinkite cilindr\u0105, ar n\u0117ra susid\u0117v\u0117jimo ir pa\u017eeidim\u0173 po\u017eymi\u0173.<\/li>\n<li><strong>Sprendimas:<\/strong> Pakeiskite susid\u0117v\u0117jusius arba pa\u017eeistus komponentus.<\/li>\n<li><strong>2 patarimas:<\/strong> Patikrinkite hidraulin\u0117s alyvos lyg\u012f ir kokyb\u0119.<\/li>\n<li><strong>Sprendimas:<\/strong> Prireikus \u012fpilkite arba pakeiskite hidraulin\u0119 alyv\u0105.<\/li>\n<li><strong>3 patarimas:<\/strong> Patikrinkite sandarinimo komponentus, ar n\u0117ra pa\u017eeidim\u0173 ar nuot\u0117ki\u0173.<\/li>\n<li><strong>Sprendimas:<\/strong> Pakeiskite pa\u017eeistus sandarinimo komponentus.<\/li>\n<li><strong>4 patarimas:<\/strong> Patikrinkite darbin\u012f sl\u0117g\u012f ir temperat\u016br\u0105.<\/li>\n<li><strong>Sprendimas:<\/strong> Prireikus sureguliuokite arba pakeiskite sl\u0117gio ma\u017einimo vo\u017etuv\u0105 arba temperat\u016bros jutikl\u012f.<\/li>\n<\/ul>\n<p>Nor\u0117dami i\u0161vengti galim\u0173 problem\u0173, laikykit\u0117s \u0161i\u0173 prevencini\u0173 priemoni\u0173:<\/p>\n<ul>\n<li><strong>1 priemon\u0117:<\/strong> Laikykit\u0117s gamintojo rekomenduojamo technin\u0117s prie\u017ei\u016bros grafiko.<\/li>\n<li><strong>2 priemon\u0117:<\/strong> Naudokite tik rekomenduojam\u0105 hidraulin\u0119 alyv\u0105 ir tepalus.<\/li>\n<li><strong>3 priemon\u0117:<\/strong> Venkite vir\u0161yti maksimali\u0105 darbin\u0119 apkrov\u0105 ar sl\u0117g\u012f.<\/li>\n<li><strong>4 priemon\u0117:<\/strong> Tinkamai laikykite cilindr\u0105, kai jo nenaudojate.<\/li>\n<\/ul>\n<p><img decoding=\"async\" src=\"https:\/\/www.hydraulic-cylinders.net\/wp-content\/uploads\/2025\/01\/songte-chushion-collar.webp\"><\/p>\n<h3>Diegimo vadovas<\/h3>\n<p>Nor\u0117dami tinkamai sumontuoti cilindro svirt\u012f, atlikite \u0161iuos veiksmus:<\/p>\n<ol>\n<li>\u012esitikinkite, kad cilindro ir robotin\u0117s rankos tvirtinimo pavir\u0161iai yra \u0161var\u016bs ir be \u0161iuk\u0161li\u0173.<\/li>\n<li>Sulygiuokite cilindr\u0105 su tvirtinimo laikikliais ir \u012fsitikinkite, kad hidraulin\u0117s \u017earnos arba vamzd\u017eiai yra tinkamai prijungti.<\/li>\n<li>Tvirtinimo var\u017etams arba ver\u017el\u0117ms priver\u017eti pagal gamintojo specifikacijas naudokite atitinkam\u0105 sukimo momento rakt\u0105.<\/li>\n<li>Pripildykite cilindr\u0105 rekomenduojamos hidraulin\u0117s alyvos, \u012fsitikindami, kad alyvos lygis yra rekomenduojamame diapazone.<\/li>\n<li>Patikrinkite cilindr\u0105, ar jis veikia tinkamai, ir \u012fsitikinkite, kad n\u0117ra nuot\u0117ki\u0173 ar ne\u012fprast\u0173 gars\u0173.<\/li>\n<\/ol>\n<h3>Apie mus<\/h3>\n<p>Esame profesionalus pakaitini\u0173 hidraulini\u0173 cilindr\u0173 gamintojas, si\u016blantis plat\u0173 gamini\u0173 asortiment\u0105, ir tapome vienu i\u0161 pirmaujan\u010di\u0173 hidraulini\u0173 cilindr\u0173 gamintoj\u0173 ir didmenini\u0173 platintoj\u0173 vidaus ir tarptautin\u0117se rinkose. Visada laikom\u0117s puikios kokyb\u0117s principo, remdamiesi industrializuotomis gamybos valdymo strategijomis puikiose gamybos dirbtuv\u0117se, nuolat tobulindami savo technin\u012f lyg\u012f ir gamybos efektyvum\u0105. \u012ediegdami auk\u0161\u010diausios klas\u0117s skaitmenin\u0119 gamybos \u012frang\u0105 ir profesionalias bandym\u0173 sistemas, optimizuojame gamybos platform\u0105, tobuliname gamini\u0173 kokyb\u0117s kontrol\u0117s proces\u0105 ir pasi\u017eymime stipriais inovacij\u0173 geb\u0117jimais. M\u016bs\u0173 tikslas \u2013 patenkinti \u012fvairius klient\u0173 poreikius, vadovaujantis efektyvumo, tikslumo ir auk\u0161tos kokyb\u0117s principais.<\/p>\n<p>Esame \u012fsipareigoj\u0119 tiekti auk\u0161tos kokyb\u0117s produktus ir teikti puik\u0173 aptarnavim\u0105 savo klientams. M\u016bs\u0173 \u012fmon\u0117 yra \u012fgijusi tarptautinius sertifikatus, tokius kaip ISO9001 ir CE, ir teikia individualiai pritaikytas paslaugas klientams, turintiems speciali\u0173 reikalavim\u0173. Turime pa\u017eangi\u0105 gamybos \u012frang\u0105 ir visapusi\u0161k\u0105 garantinio aptarnavimo sistem\u0105, teikdami tvirt\u0105 param\u0105 hidraulini\u0173 cilindr\u0173 gamybai ir naudojimui.<\/p>\n<p><img decoding=\"async\" src=\"https:\/\/www.hydraulic-cylinders.net\/wp-content\/uploads\/2025\/01\/songte-company-4.webp\"><br \/>\n<img decoding=\"async\" src=\"https:\/\/www.hydraulic-cylinders.net\/wp-content\/uploads\/2025\/01\/songte-company-3.webp\"><\/p>\n<p>Autorius: lyl<\/p>","protected":false},"excerpt":{"rendered":"<p>Arm Cylinder For SGZG SD22-9B Introduction The arm cylinder is a specially designed hydraulic cylinder that is used primarily for providing linear motion and power to the arms of various types of machinery such as excavators, cranes, and robotic arms. The arm cylinder plays a critical role in the hydraulic system, enabling the effective movement [&hellip;]<\/p>","protected":false},"featured_media":14759,"comment_status":"open","ping_status":"closed","template":"","meta":{"_et_pb_use_builder":"","_et_pb_old_content":"","_et_gb_content_width":""},"product_brand":[],"product_cat":[1497],"product_tag":[1498,1496],"class_list":{"0":"post-16716","1":"product","2":"type-product","3":"status-publish","4":"has-post-thumbnail","6":"product_cat-arm-cylinders","7":"product_tag-arm-cylinders","8":"product_tag-hydraulic-cylinders","10":"first","11":"instock","12":"shipping-taxable","13":"product-type-simple"},"amp_enabled":true,"_links":{"self":[{"href":"https:\/\/www.hydraulic-cylinders.net\/lt\/wp-json\/wp\/v2\/product\/16716","targetHints":{"allow":["GET"]}}],"collection":[{"href":"https:\/\/www.hydraulic-cylinders.net\/lt\/wp-json\/wp\/v2\/product"}],"about":[{"href":"https:\/\/www.hydraulic-cylinders.net\/lt\/wp-json\/wp\/v2\/types\/product"}],"replies":[{"embeddable":true,"href":"https:\/\/www.hydraulic-cylinders.net\/lt\/wp-json\/wp\/v2\/comments?post=16716"}],"wp:featuredmedia":[{"embeddable":true,"href":"https:\/\/www.hydraulic-cylinders.net\/lt\/wp-json\/wp\/v2\/media\/14759"}],"wp:attachment":[{"href":"https:\/\/www.hydraulic-cylinders.net\/lt\/wp-json\/wp\/v2\/media?parent=16716"}],"wp:term":[{"taxonomy":"product_brand","embeddable":true,"href":"https:\/\/www.hydraulic-cylinders.net\/lt\/wp-json\/wp\/v2\/product_brand?post=16716"},{"taxonomy":"product_cat","embeddable":true,"href":"https:\/\/www.hydraulic-cylinders.net\/lt\/wp-json\/wp\/v2\/product_cat?post=16716"},{"taxonomy":"product_tag","embeddable":true,"href":"https:\/\/www.hydraulic-cylinders.net\/lt\/wp-json\/wp\/v2\/product_tag?post=16716"}],"curies":[{"name":"wp","href":"https:\/\/api.w.org\/{rel}","templated":true}]}}