{"id":16717,"date":"2025-01-21T05:49:13","date_gmt":"2025-01-21T05:49:13","guid":{"rendered":"https:\/\/www.hydraulic-cylinders.net\/product\/arm-cylinder-for-sgzg-sd25b\/"},"modified":"2025-01-21T05:49:16","modified_gmt":"2025-01-21T05:49:16","slug":"arm-cylinder-for-sgzg-sd25b","status":"publish","type":"product","link":"https:\/\/www.hydraulic-cylinders.net\/lt\/produktas\/arm-cylinder-for-sgzg-sd25b\/","title":{"rendered":"SGZG SD25B svirties cilindras"},"content":{"rendered":"<h2>SGZG SD25B svirties cilindras<\/h2>\n<h3>Apibr\u0117\u017eimas ir paai\u0161kinimas<\/h3>\n<p>Svirties cilindras yra specialiai suprojektuotas hidraulinis cilindras, kuris pirmiausia naudojamas linijiniam jud\u0117jimui ir galiai u\u017etikrinti \u012fvairi\u0173 ma\u0161in\u0173, toki\u0173 kaip ekskavatoriai, kranai ir robotin\u0117s svirtys, svirtims. Svirties cilindrai atlieka labai svarb\u0173 vaidmen\u012f hidraulin\u0117se sistemose, nes leid\u017eia efektyviai jud\u0117ti ir valdyti pritvirtintus \u012frankius ar priedus. \u0160ie cilindrai ne tik u\u017etikrina skland\u0173 jud\u0117jim\u0105, bet ir atlaiko dideles apkrovas, u\u017etikrindami efektyv\u0173 ma\u0161in\u0173 veikim\u0105 ir patikimum\u0105 \u012fvairiomis darbo s\u0105lygomis.<\/p>\n<p><img decoding=\"async\" src=\"https:\/\/www.hydraulic-cylinders.net\/wp-content\/uploads\/2025\/01\/songte-company-2.webp\"><\/p>\n<h3>Savyb\u0117s<\/h3>\n<ul>\n<li><strong>Didelio efektyvumo transmisija:<\/strong> Svirteli\u0173 cilindrai u\u017etikrina galing\u0105 tiesin\u012f judes\u012f ir j\u0117g\u0105, u\u017etikrindami auk\u0161t\u0105 mechanini\u0173 svirteli\u0173 efektyvum\u0105 atliekant \u012fvairias operacijas.<\/li>\n<li><strong>Tikslus valdymas:<\/strong> Hidraulini\u0173 sistem\u0173 d\u0117ka, rank\u0173 cilindrai gali tiksliai valdyti judes\u012f, tod\u0117l pritvirtint\u0173 \u012franki\u0173 valdymas tampa lankstesnis ir tikslesnis.<\/li>\n<li><strong>Patvarumas:<\/strong> Svirtiniai cilindrai paprastai gaminami i\u0161 didelio stiprumo med\u017eiag\u0173, pasi\u017eymin\u010di\u0173 geru atsparumu dilimui ir korozijai, tod\u0117l tinkami ilgalaikiam naudojimui at\u0161iauriomis s\u0105lygomis.<\/li>\n<li><strong>Daugiafunkcinis prisitaikymas:<\/strong> \u0160ie cilindrai gali b\u016bti pla\u010diai naudojami \u012fvairiuose mechaniniuose \u012frenginiuose, tokiuose kaip ekskavatoriai, kranai ir robotin\u0117s rankos, pritaikant juos skirtingiems darbo reikalavimams.<\/li>\n<li><strong>Lengva prie\u017ei\u016bra:<\/strong> Projektuojant atsi\u017evelgta \u012f lengv\u0105 prie\u017ei\u016br\u0105 ir keitim\u0105, tod\u0117l reguliari ap\u017ei\u016bra ir prie\u017ei\u016bra yra patogesni, o \u012frangos prastovos laikas sutrump\u0117ja.<\/li>\n<\/ul>\n<p>Mes galime pagaminti \u0161\u012f produkt\u0105, o m\u016bs\u0173 produktai gali puikiai pakeisti \u0161iuos hidraulinius cilindrus.<\/p>\n<p><img decoding=\"async\" src=\"https:\/\/www.hydraulic-cylinders.net\/wp-content\/uploads\/2025\/01\/songte-oil-pipes-and-spare-parts.webp\"><\/p>\n<h3>Parai\u0161kos<\/h3>\n<ul>\n<li><strong>Statybos in\u017einerija:<\/strong> Ekskavatoriuose ir kranuose str\u0117li\u0173 cilindrai naudojami kau\u0161\u0173 ar str\u0117li\u0173 jud\u0117jimui valdyti, atliekant \u017eem\u0117s darbus, med\u017eiag\u0173 tvarkym\u0105 ir konstrukcij\u0173 montavim\u0105.<\/li>\n<li><strong>Gamybos pramon\u0117:<\/strong> Automatizuotose gamybos linijose rank\u0173 cilindrai naudojami robot\u0173 rank\u0173 jud\u0117jimui, surinkimo, suvirinimo ir tvarkymo procesams atlikti, taip gerinant gamybos efektyvum\u0105 ir tikslum\u0105.<\/li>\n<li><strong>\u017dem\u0117s \u016bkio technika:<\/strong> \u017dem\u0117s \u016bkio technikose, tokiose kaip derliaus nu\u0117mimo ma\u0161inos ir sodinamosios, svir\u010di\u0173 cilindrai valdo darbini\u0173 svir\u010di\u0173 jud\u0117jim\u0105, atlikdami tokias u\u017eduotis kaip s\u0117ja, tr\u0119\u0161imas ir derliaus nu\u0117mimas.<\/li>\n<li><strong>Kasyba:<\/strong> Kasybos \u012frangoje svirties cilindrai naudojami kasybos \u012frangos svirties jud\u0117jimui valdyti, atliekant kasybos ir med\u017eiag\u0173 tvarkymo u\u017eduotis.<\/li>\n<li><strong>Logistika ir transportas:<\/strong> \u0160akiniuose krautuvuose ir krovini\u0173 krovimo robotuose svir\u010di\u0173 cilindrai naudojami \u0161aki\u0173 k\u0117limui ir jud\u0117jimui valdyti, taip u\u017etikrinant med\u017eiag\u0173 tvarkym\u0105 ir krovim\u0105.<\/li>\n<\/ul>\n<h3>Projektavimo aspektai ir atrankos kriterijai<\/h3>\n<ul>\n<li><strong>Keliamoji galia:<\/strong> Svirties cilindras turi tur\u0117ti pakankam\u0105 laikom\u0105j\u0105 gali\u0105 ir stabilum\u0105, kad atlaikyt\u0173 \u012fvairias apkrovas ir u\u017etikrint\u0173 saug\u0173 ma\u0161in\u0173 veikim\u0105.<\/li>\n<li><strong>Sandarinimas:<\/strong> \u012evairi\u0173 sandarinimo komponent\u0173, toki\u0173 kaip st\u016bmokliniai sandarikliai, stryp\u0173 sandarikliai ir kt., naudojimas ir atspari\u0173 dilimui med\u017eiag\u0173, toki\u0173 kaip poliuretanas ir nitrilo kau\u010diukas, pasirinkimas gali pagerinti svirtini\u0173 cilindr\u0173 sandarinimo savybes.<\/li>\n<li><strong>Patvarumas:<\/strong> Didelio stiprumo med\u017eiag\u0173 naudojimas, pavir\u0161iaus gr\u016bdinimas ir kitos priemon\u0117s padidina svirtini\u0173 cilindr\u0173 ilgaam\u017ei\u0161kum\u0105 ir atsparum\u0105 dilimui.<\/li>\n<li><strong>Saugumas:<\/strong> Svirtiniai cilindrai tur\u0117t\u0173 b\u016bti suprojektuoti su saugos funkcijomis, tokiomis kaip apsauga nuo perkrovos, apsauginiai vo\u017etuvai ir kiti saugos \u012ftaisai, skirti i\u0161vengti nelaiming\u0173 atsitikim\u0173 d\u0117l per didelio sl\u0117gio ar apkrovos.<\/li>\n<li><strong>Prie\u017ei\u016bra:<\/strong> Svirtini\u0173 cilindr\u0173 konstrukcija tur\u0117t\u0173 b\u016bti skirta lengvam komponent\u0173 prie\u017ei\u016brai ir keitimui, taip suma\u017einant prie\u017ei\u016bros i\u0161laidas ir laik\u0105.<\/li>\n<\/ul>\n<p><img decoding=\"async\" src=\"https:\/\/www.hydraulic-cylinders.net\/wp-content\/uploads\/2025\/01\/songte-cylinder-head-with-all-kinds-excavator-models.webp\"><\/p>\n<h3>Sandarinimas ir tepimas<\/h3>\n<p>Svirtiniuose cilindruose naudojami \u012fvair\u016bs sandarinimo komponentai, tokie kaip st\u016bmokli\u0173 sandarikliai, stryp\u0173 sandarikliai ir kt., ir parenkamos atsparios dilimui med\u017eiagos, tokios kaip poliuretanas ir nitrilo kau\u010diukas, siekiant pagerinti sandarinimo savybes. Cilindro korpusas ir srieginis galas yra kruop\u0161\u010diai apdirbti, kad b\u016bt\u0173 pagerintas atsparumas dilimui. Tepimui reikia reguliariai \u012fpilti atitinkamos hidraulin\u0117s alyvos.<\/p>\n<h3>Ap\u017ei\u016bros ir prevencin\u0117s prie\u017ei\u016bros priemon\u0117s<\/h3>\n<ul>\n<li>Reik\u0117t\u0173 reguliariai tikrinti svirties cilindrus, \u012fskaitant alyvos nuot\u0117ki\u0173, sandarikli\u0173 pa\u017eeidim\u0173 ir ne\u012fprasto triuk\u0161mo patikrinim\u0105.<\/li>\n<li>Prevencin\u0117s prie\u017ei\u016bros priemon\u0117s apima pa\u017eeist\u0173 dali\u0173 valym\u0105, priver\u017eim\u0105 ir keitim\u0105.<\/li>\n<li>Grie\u017etai laikykit\u0117s eksploatavimo proced\u016br\u0173, venkite perkrov\u0173 ir vir\u0161sl\u0117gio, palaikykite hidraulin\u0119 sistem\u0105 \u0161vari\u0105, kad i\u0161vengtum\u0117te u\u017eter\u0161imo ir svirties cilindr\u0173 pa\u017eeidim\u0173.<\/li>\n<\/ul>\n<h3>Produkto diegimo vadovas<\/h3>\n<ul>\n<li>Prie\u0161 montuodami patikrinkite, ar svirties cilindras n\u0117ra pa\u017eeistas ar deformuotas transportavimo ar sand\u0117liavimo metu.<\/li>\n<li>Nuvalykite montavimo pavir\u0161i\u0173 ir sriegin\u012f svirties cilindro gal\u0105, kad u\u017etikrintum\u0117te tvirt\u0105 ir patikim\u0105 jungt\u012f.<\/li>\n<li>Svirties cilindr\u0105 montuokite grie\u017etai rodykl\u0117s nurodyta kryptimi ir venkite nesutapimo.<\/li>\n<li>Montuojant nevir\u0161ykite nurodyto priver\u017eimo sukimo momento, kad nepa\u017eeistum\u0117te cilindro srieginio galo.<\/li>\n<\/ul>\n<p><img decoding=\"async\" src=\"https:\/\/www.hydraulic-cylinders.net\/wp-content\/uploads\/2025\/01\/songte-bushings-with-all-kinds-of-excavator-models.webp\"><\/p>\n<h3>Saugos aspektai ir aplinkos veiksniai<\/h3>\n<p>Naudojant svirtinius cilindrus, saugumas visada tur\u0117t\u0173 b\u016bti svarbiausias prioritetas. Turi b\u016bti \u012frengti saugos \u012ftaisai, tokie kaip apsauga nuo perkrovos ir apsauginiai vo\u017etuvai, kad b\u016bt\u0173 i\u0161vengta nelaiming\u0173 atsitikim\u0173 d\u0117l per didelio sl\u0117gio ar apkrovos. Be to, reikia atsi\u017evelgti \u012f aplinkos veiksnius, tokius kaip temperat\u016bra, dr\u0117gm\u0117 ir korozija, kad b\u016bt\u0173 i\u0161vengta svirtini\u0173 cilindr\u0173 pa\u017eeidim\u0173.<\/p>\n<h3>Trik\u010di\u0173 \u0161alinimas ir da\u017eniausios problemos<\/h3>\n<ul>\n<li>Alyvos nuot\u0117kis: patikrinkite sandarinimo komponentus, tokius kaip st\u016bmoklio ir koto sandarikliai, ir prireikus juos pakeiskite.<\/li>\n<li>Nenormalus triuk\u0161mas: patikrinkite, ar cilindro korpusas arba st\u016bmoklio kotas n\u0117ra pa\u017eeisti ar deformuoti, ir atlikite atitinkam\u0105 taisom\u0105j\u0105 technin\u0119 prie\u017ei\u016br\u0105.<\/li>\n<li>L\u0117tas arba nestabilus veikimas: patikrinkite, ar hidraulin\u0117je sistemoje n\u0117ra u\u017eter\u0161tumo arba nepakankamo tepimo, ir prireikus sureguliuokite arba pakeiskite alyvos filtr\u0105 ir hidraulin\u0119 alyv\u0105.<\/li>\n<\/ul>\n<p>Svarbu laiku ir efektyviai diagnozuoti bei i\u0161spr\u0119sti problemas, kad b\u016bt\u0173 u\u017etikrintas saugus ir patikimas svirtini\u0173 cilindr\u0173 veikimas.<\/p>\n<p><img decoding=\"async\" src=\"https:\/\/www.hydraulic-cylinders.net\/wp-content\/uploads\/2025\/01\/songte-chushion-collar.webp\"><\/p>\n<h3>Apie mus<\/h3>\n<p>Esame profesionalus pakaitini\u0173 hidraulini\u0173 cilindr\u0173 gamintojas, turintis plat\u0173 gamini\u0173 asortiment\u0105, ir pirmaujantis hidraulini\u0173 cilindr\u0173 gamintojas bei didmeninis platintojas vidaus ir u\u017esienio rinkose. Mes visada laikom\u0117s puikios kokyb\u0117s principo, remdamiesi industrializuota gamybos valdymo strategija, sukurta rafinuotame gamybos ceche, kad nuolat tobulintume savo technologin\u012f lyg\u012f ir gamybos efektyvum\u0105. Diegdami auk\u0161\u010diausios klas\u0117s skaitmenin\u0119 gamybos \u012frang\u0105 ir profesionalias testavimo sistemas, nuolat optimizuojame gamybos platform\u0105, tobuliname gamini\u0173 kokyb\u0117s kontrol\u0117s proces\u0105 ir turime stiprias inovacij\u0173 galimybes. M\u016bs\u0173 tikslas \u2013 patenkinti \u012fvairius klient\u0173 poreikius, vadovaujantis didelio efektyvumo, tikslumo ir auk\u0161tos kokyb\u0117s principais.<\/p>\n<ul>\n<li><strong>Profesionalumas:<\/strong> M\u016bs\u0173 komand\u0105 sudaro patyr\u0119 in\u017einieriai ir technikai, kurie yra \u012fsipareigoj\u0119 teikti klientams profesionalias ir efektyvias paslaugas.<\/li>\n<li><strong>Tarptautinis sertifikatas:<\/strong> M\u016bs\u0173 produktai yra sertifikuoti pagal ISO9001 kokyb\u0117s vadybos sistem\u0105 ir yra pla\u010diai pripa\u017einti klient\u0173 visame pasaulyje.<\/li>\n<li><strong>Pritaikymo paslaugos:<\/strong> Mes teikiame individualiai pritaikytas paslaugas pagal konkre\u010dius klient\u0173 poreikius, tokius kaip produkto dydis, sl\u0117gis ir montavimo pad\u0117tis.<\/li>\n<li><strong>Gamybos \u012franga:<\/strong> Turime pa\u017eangi\u0105 gamybos \u012frang\u0105, toki\u0105 kaip CNC apdirbimo centrai, hidraulini\u0173 cilindr\u0173 bandymo \u012franga ir automatinio suvirinimo \u012franga, kad u\u017etikrintume auk\u0161t\u0105 m\u016bs\u0173 gamini\u0173 kokyb\u0119.<\/li>\n<li><strong>Aptarnavimas po pardavimo:<\/strong> Siekdami u\u017etikrinti klient\u0173 pasitenkinim\u0105, teikiame i\u0161samias garantinio aptarnavimo paslaugas, \u012fskaitant gamini\u0173 montavim\u0105, technin\u0119 pagalb\u0105 ir konsultacijas d\u0117l prie\u017ei\u016bros.<\/li>\n<\/ul>\n<p><img decoding=\"async\" src=\"https:\/\/www.hydraulic-cylinders.net\/wp-content\/uploads\/2025\/01\/songte-company-4.webp\"><br \/>\n<img decoding=\"async\" src=\"https:\/\/www.hydraulic-cylinders.net\/wp-content\/uploads\/2025\/01\/songte-company-3.webp\"><\/p>\n<p>Autorius: lyl<\/p>","protected":false},"excerpt":{"rendered":"<p>Arm Cylinder For SGZG SD25B Definition and Explanation Arm cylinder is a specially designed hydraulic cylinder that is primarily used to provide linear motion and power to the arms of various machinery such as excavators, cranes, and robotic arms. Arm cylinders play a critical role in hydraulic systems, enabling the effective movement and control of [&hellip;]<\/p>","protected":false},"featured_media":14786,"comment_status":"open","ping_status":"closed","template":"","meta":{"_et_pb_use_builder":"","_et_pb_old_content":"","_et_gb_content_width":""},"product_brand":[],"product_cat":[1497],"product_tag":[1498,1496],"class_list":{"0":"post-16717","1":"product","2":"type-product","3":"status-publish","4":"has-post-thumbnail","6":"product_cat-arm-cylinders","7":"product_tag-arm-cylinders","8":"product_tag-hydraulic-cylinders","10":"first","11":"instock","12":"shipping-taxable","13":"product-type-simple"},"amp_enabled":true,"_links":{"self":[{"href":"https:\/\/www.hydraulic-cylinders.net\/lt\/wp-json\/wp\/v2\/product\/16717","targetHints":{"allow":["GET"]}}],"collection":[{"href":"https:\/\/www.hydraulic-cylinders.net\/lt\/wp-json\/wp\/v2\/product"}],"about":[{"href":"https:\/\/www.hydraulic-cylinders.net\/lt\/wp-json\/wp\/v2\/types\/product"}],"replies":[{"embeddable":true,"href":"https:\/\/www.hydraulic-cylinders.net\/lt\/wp-json\/wp\/v2\/comments?post=16717"}],"wp:featuredmedia":[{"embeddable":true,"href":"https:\/\/www.hydraulic-cylinders.net\/lt\/wp-json\/wp\/v2\/media\/14786"}],"wp:attachment":[{"href":"https:\/\/www.hydraulic-cylinders.net\/lt\/wp-json\/wp\/v2\/media?parent=16717"}],"wp:term":[{"taxonomy":"product_brand","embeddable":true,"href":"https:\/\/www.hydraulic-cylinders.net\/lt\/wp-json\/wp\/v2\/product_brand?post=16717"},{"taxonomy":"product_cat","embeddable":true,"href":"https:\/\/www.hydraulic-cylinders.net\/lt\/wp-json\/wp\/v2\/product_cat?post=16717"},{"taxonomy":"product_tag","embeddable":true,"href":"https:\/\/www.hydraulic-cylinders.net\/lt\/wp-json\/wp\/v2\/product_tag?post=16717"}],"curies":[{"name":"wp","href":"https:\/\/api.w.org\/{rel}","templated":true}]}}