{"id":16720,"date":"2025-01-21T05:49:26","date_gmt":"2025-01-21T05:49:26","guid":{"rendered":"https:\/\/www.hydraulic-cylinders.net\/product\/arm-cylinder-for-tyhi-wyd260\/"},"modified":"2025-01-21T05:49:28","modified_gmt":"2025-01-21T05:49:28","slug":"arm-cylinder-for-tyhi-wyd260","status":"publish","type":"product","link":"https:\/\/www.hydraulic-cylinders.net\/lt\/produktas\/arm-cylinder-for-tyhi-wyd260\/","title":{"rendered":"TYHI WYD260 rankenos cilindras"},"content":{"rendered":"<h1>TYHI WYD260 rankenos cilindras<\/h1>\n<h2>\u012evadas<\/h2>\n<p>Svirties cilindras yra specialiai suprojektuotas hidraulinis cilindras, kuris pirmiausia naudojamas linijiniam jud\u0117jimui ir galiai u\u017etikrinti \u012fvairioms mechanin\u0117ms svirtims, tokioms kaip ekskavatoriai, kranai ir robotin\u0117s svirtys. Svirties cilindras atlieka labai svarb\u0173 vaidmen\u012f hidraulin\u0117se sistemose, nes leid\u017eia efektyviai perkelti ir valdyti priedus ar priedus. \u0160ie cilindrai ne tik u\u017etikrina skland\u0173 jud\u0117jim\u0105, bet ir atlaiko dideles apkrovas, u\u017etikrindami efektyv\u0173 mechanizm\u0173 veikim\u0105 ir patikimum\u0105 \u012fvairiomis darbo s\u0105lygomis.<\/p>\n<p><img decoding=\"async\" src=\"https:\/\/www.hydraulic-cylinders.net\/wp-content\/uploads\/2025\/01\/songte-company-2.webp\" alt=\"Svirties cilindro vaizdas\"><\/p>\n<h2>Savyb\u0117s<\/h2>\n<ul>\n<li>\n<h3>Efektyvus energijos perdavimas<\/h3>\n<p>Svirties cilindras u\u017etikrina stipr\u0173 tiesin\u012f judes\u012f ir j\u0117g\u0105, u\u017etikrindamas auk\u0161t\u0105 mechanin\u0117s svirties efektyvum\u0105 atliekant \u012fvairias operacijas.<\/p>\n<\/li>\n<li>\n<h3>Tikslus valdymas<\/h3>\n<p>Hidraulin\u0117s sistemos d\u0117ka rankos cilindras gali tiksliai valdyti judesius, tod\u0117l pried\u0173 valdymas tampa lankstesnis ir tikslesnis.<\/p>\n<\/li>\n<li>\n<h3>Didelis patvarumas<\/h3>\n<p>Svirties cilindras paprastai gaminamas i\u0161 didelio stiprumo med\u017eiag\u0173, kurios pasi\u017eymi geru atsparumu dilimui ir korozijai, tod\u0117l tinka ilgalaikiam naudojimui at\u0161iauriomis s\u0105lygomis.<\/p>\n<\/li>\n<li>\n<h3>Daugiafunkcinis prisitaikymas<\/h3>\n<p>\u0160ie cilindrai gali b\u016bti pla\u010diai naudojami \u012fvairiuose mechaniniuose \u012frenginiuose, tokiuose kaip ekskavatoriai, kranai ir robotin\u0117s rankos, kad b\u016bt\u0173 pritaikyti skirtingiems darbo reikalavimams.<\/p>\n<\/li>\n<li>\n<h3>Lengva prie\u017ei\u016bra<\/h3>\n<p>Projektuojant atsi\u017evelgiama \u012f paprast\u0105 prie\u017ei\u016br\u0105 ir keitim\u0105, tod\u0117l reguliari ap\u017ei\u016bra ir prie\u017ei\u016bra yra patogesni, o \u012frangos prastovos laikas sutrump\u0117ja.<\/p>\n<\/li>\n<\/ul>\n<p>Galime pagaminti \u0161\u012f produkt\u0105, kuris puikiai pakeis \u0161iuos hidraulinius cilindrus.<\/p>\n<p><img decoding=\"async\" src=\"https:\/\/www.hydraulic-cylinders.net\/wp-content\/uploads\/2025\/01\/songte-oil-pipes-and-spare-parts.webp\" alt=\"Hidraulini\u0173 vamzd\u017ei\u0173 vaizdas\"><\/p>\n<h2>Parai\u0161kos<\/h2>\n<p>Svirtinis cilindras pla\u010diai naudojamas \u012fvairiose pramon\u0117s \u0161akose, \u012fskaitant:<\/p>\n<ul>\n<li>\n<h3>Statybos in\u017einerija<\/h3>\n<p>Ekskavatoriuose ir kranuose svirties cilindras naudojamas kau\u0161o arba str\u0117l\u0117s jud\u0117jimui valdyti \u017eem\u0117s darbams, med\u017eiag\u0173 tvarkymui ir konstrukcij\u0173 montavimui.<\/p>\n<\/li>\n<li>\n<h3>Gamybos pramon\u0117<\/h3>\n<p>Automatizuotose gamybos linijose rankos cilindras naudojamas robotini\u0173 rank\u0173 jud\u0117jimui, surinkimo, suvirinimo ir tvarkymo procesams, taip pagerinant gamybos efektyvum\u0105 ir tikslum\u0105.<\/p>\n<\/li>\n<li>\n<h3>\u017dem\u0117s \u016bkio technika<\/h3>\n<p>\u017dem\u0117s \u016bkio technikose, tokiose kaip derliaus nu\u0117mimo ma\u0161inos ir sodinamosios, svirties cilindras valdo valdymo svirties judes\u012f, atlikdamas tokias u\u017eduotis kaip s\u0117ja, tr\u0119\u0161imas ir derliaus nu\u0117mimas.<\/p>\n<\/li>\n<li>\n<h3>Kasyba<\/h3>\n<p>Kasybos \u012frangoje svirties cilindras naudojamas kasybos \u012frangos svirties jud\u0117jimui valdyti r\u016bdos kasybai ir tvarkymui.<\/p>\n<\/li>\n<li>\n<h3>Logistika ir transportas<\/h3>\n<p>\u0160akiniuose krautuvuose ir krovini\u0173 krovimo robotuose svirties cilindras naudojamas krovinio \u0161ak\u0117s k\u0117limui ir jud\u0117jimui valdyti, u\u017etikrinant med\u017eiag\u0173 tvarkym\u0105 ir krovim\u0105.<\/p>\n<\/li>\n<\/ul>\n<h2>Projektavimo aspektai ir atrankos kriterijai<\/h2>\n<p>Cilindro konstrukcijos ypatyb\u0117s priklauso nuo keli\u0173 veiksni\u0173, \u012fskaitant:<\/p>\n<ul>\n<li>\n<h3>Apkrovos paj\u0117gumas<\/h3>\n<p>Svirties cilindras turi atlaikyti mechanizmo ir pried\u0173 apkrov\u0105, kad jis veikt\u0173 efektyviai.<\/p>\n<\/li>\n<li>\n<h3>Sandarinimo efektyvumas<\/h3>\n<p>Svirties cilindrui reikalingas efektyvus sandarinimas, kad b\u016bt\u0173 i\u0161vengta nuot\u0117ki\u0173 ir u\u017etikrintas efektyvus veikimas.<\/p>\n<\/li>\n<li>\n<h3>Patvarumas<\/h3>\n<p>Svirties cilindras turi b\u016bti pagamintas i\u0161 didelio stiprumo med\u017eiag\u0173, kurios pasi\u017eymi geru atsparumu dilimui ir korozijai, tinkamos ilgalaikiam naudojimui at\u0161iauriomis s\u0105lygomis.<\/p>\n<\/li>\n<li>\n<h3>Saugumas<\/h3>\n<p>Svirties cilindras turi b\u016bti suprojektuotas su saugos funkcijomis, kad b\u016bt\u0173 i\u0161vengta nelaiming\u0173 atsitikim\u0173 eksploatacijos metu.<\/p>\n<\/li>\n<li>\n<h3>Prie\u017ei\u016bra<\/h3>\n<p>Svirties cilindras tur\u0117t\u0173 b\u016bti suprojektuotas taip, kad j\u012f b\u016bt\u0173 lengva pri\u017ei\u016br\u0117ti ir pakeisti, siekiant suma\u017einti \u012frangos prastovos laik\u0105.<\/p>\n<\/li>\n<\/ul>\n<p><img decoding=\"async\" src=\"https:\/\/www.hydraulic-cylinders.net\/wp-content\/uploads\/2025\/01\/songte-cylinder-head-with-all-kinds-excavator-models.webp\" alt=\"Cilindro galvut\u0117s vaizdas\"><\/p>\n<h2>Sandarinimas ir tepimas<\/h2>\n<p>Svirtiniame cilindre naudojami \u012fvair\u016bs sandarinimo komponentai, tokie kaip st\u016bmoklio ir koto sandarikliai, pagaminti i\u0161 atspari\u0173 dilimui med\u017eiag\u0173, toki\u0173 kaip poliuretanas ir nitrilo kau\u010diukas, siekiant u\u017etikrinti sandarum\u0105. Cilindro korpusas ir sriegio galo pavir\u0161ius yra kruop\u0161\u010diai apdorojami, kad b\u016bt\u0173 padidintas atsparumas dilimui. Norint u\u017etikrinti efektyv\u0173 veikim\u0105, b\u016btina reguliariai tepti tinkama hidrauline alyva.<\/p>\n<p><img decoding=\"async\" src=\"https:\/\/www.hydraulic-cylinders.net\/wp-content\/uploads\/2025\/01\/songte-chushion-collar.webp\" alt=\"Pagalv\u0117l\u0117s apykakl\u0117s vaizdas\"><\/p>\n<h2>Prie\u017ei\u016bra ir trik\u010di\u0173 \u0161alinimas<\/h2>\n<p>Norint u\u017etikrinti efektyv\u0173 ir patikim\u0105 svirties cilindro veikim\u0105, b\u016btina reguliariai tikrinti ir atlikti profilaktin\u012f aptarnavim\u0105. Norint pa\u0161alinti \u012fprastas problemas, tokias kaip nuot\u0117kiai, nesuderinamumas ir ne\u012fprastas triuk\u0161mas, reikia atid\u017eiai diagnozuoti ir imtis tinkam\u0173 taisom\u0173j\u0173 veiksm\u0173. Prevencin\u0117s priemon\u0117s, tokios kaip reguliarus tepimas ir sandarikli\u0173 keitimas, gali suma\u017einti galimas problemas.<\/p>\n<h2>Diegimo vadovas<\/h2>\n<p>Montuojant svirties cilindr\u0105 reikia atkreipti d\u0117mes\u012f \u012f kelis svarbius veiksnius, \u012fskaitant tinkam\u0105 i\u0161lyginim\u0105, sriegi\u0173 priver\u017eimo sukimo moment\u0105 ir pakankam\u0105 laisv\u0105 viet\u0105 bei erdv\u0119 darbui. I\u0161samesn\u0117s informacijos rasite montavimo vadove.<\/p>\n<p><img decoding=\"async\" src=\"https:\/\/www.hydraulic-cylinders.net\/wp-content\/uploads\/2025\/01\/songte-bushings-with-all-kinds-of-excavator-models.webp\" alt=\"\u012evori\u0173 vaizdas\"><\/p>\n<h2>Saugos aspektai ir aplinkos veiksniai<\/h2>\n<p>Tinkamos saugos priemon\u0117s yra b\u016btinos eksploatuojant ma\u0161inas, kuriose naudojamas svirties cilindras. Tai apima tinkam\u0105 mokym\u0105, apsaugin\u0119 \u012frang\u0105 ir saugos gairi\u0173 laikym\u0105si. Aplinkos veiksniai, tokie kaip temperat\u016bra ir dr\u0117gm\u0117, gali tur\u0117ti \u012ftakos svirties cilindro veikimui, tod\u0117l reikia imtis tinkam\u0173 priemoni\u0173 siekiant u\u017etikrinti efektyv\u0173 veikim\u0105.<\/p>\n<h2>Apie mus<\/h2>\n<p>Esame profesionalus pakaitini\u0173 hidraulini\u0173 cilindr\u0173 gamintojas, si\u016blantis plat\u0173 gamini\u0173 asortiment\u0105, ir tapome vienu i\u0161 pirmaujan\u010di\u0173 hidraulini\u0173 cilindr\u0173 gamintoj\u0173 ir didmenini\u0173 platintoj\u0173 vidaus ir tarptautin\u0117se rinkose. Visada laikom\u0117s puikios kokyb\u0117s principo, remiam\u0117s puiki\u0173 gamybos dirbtuvi\u0173 pramon\u0117s gamybos valdymo strategijomis ir nuolat tobuliname savo technin\u012f lyg\u012f bei gamybos efektyvum\u0105. \u012ediegdami auk\u0161\u010diausios klas\u0117s skaitmenin\u0119 gamybos \u012frang\u0105 ir profesionalias bandym\u0173 sistemas, optimizuojame gamybos platform\u0105, tobuliname gamini\u0173 kokyb\u0117s kontrol\u0117s procesus ir turime stiprias inovacij\u0173 galimybes. M\u016bs\u0173 tikslas \u2013 patenkinti \u012fvairius klient\u0173 poreikius, vadovaujantis efektyvumo, tikslumo ir auk\u0161tos kokyb\u0117s principais.<\/p>\n<ul>\n<li>\n<h3>Profesionalumas<\/h3>\n<p>Turime patyrusi\u0173 specialist\u0173 komand\u0105, kuri teikia auk\u0161tos kokyb\u0117s paslaugas ir sprendimus m\u016bs\u0173 klientams.<\/p>\n<\/li>\n<li>\n<h3>Tarptautinis sertifikavimas<\/h3>\n<p>M\u016bs\u0173 gaminiai yra sertifikuoti tarptautiniais standartais, tokiais kaip ISO9001, CE ir SGS, kurie u\u017etikrina gamini\u0173 kokyb\u0119 ir suteikia patikimas garantijas m\u016bs\u0173 klientams.<\/p>\n<\/li>\n<li>\n<h3>Pritaikymo paslauga<\/h3>\n<p>Si\u016blome individualias projektavimo ir gamybos paslaugas, kad patenkintume unikalius klient\u0173 reikalavimus.<\/p>\n<\/li>\n<li>\n<h3>Gamybos \u012franga<\/h3>\n<p>Gamybos kokybei ir efektyvumui u\u017etikrinti naudojame pa\u017eangi\u0105 gamybos \u012frang\u0105, toki\u0105 kaip CNC apdirbimo centrai ir automatiniai suvirinimo aparatai.<\/p>\n<\/li>\n<li>\n<h3>Aptarnavimas po pardavimo<\/h3>\n<p>Teikiame i\u0161samias garantinio aptarnavimo paslaugas, \u012fskaitant technin\u0119 pagalb\u0105, prie\u017ei\u016br\u0105 ir remont\u0105, u\u017etikrindami klient\u0173 pasitenkinim\u0105.<\/p>\n<\/li>\n<\/ul>\n<p><img decoding=\"async\" src=\"https:\/\/www.hydraulic-cylinders.net\/wp-content\/uploads\/2025\/01\/songte-company-4.webp\" alt=\"\u012emon\u0117s \u012fvaizdis\"><\/p>\n<p><img decoding=\"async\" src=\"https:\/\/www.hydraulic-cylinders.net\/wp-content\/uploads\/2025\/01\/songte-company-3.webp\" alt=\"\u012emon\u0117s \u012fvaizdis\"><\/p>\n<p>lyl<\/p>","protected":false},"excerpt":{"rendered":"<p>Arm Cylinder For TYHI WYD260 Introduction The arm cylinder is a specially designed hydraulic cylinder that is primarily used to provide linear motion and power for various mechanical arms, such as excavators, cranes, and robotic arms. The arm cylinder plays a critical role in hydraulic systems, enabling attachments or accessories to be moved and controlled [&hellip;]<\/p>","protected":false},"featured_media":14777,"comment_status":"open","ping_status":"closed","template":"","meta":{"_et_pb_use_builder":"","_et_pb_old_content":"","_et_gb_content_width":""},"product_brand":[],"product_cat":[1497],"product_tag":[1498,1496],"class_list":{"0":"post-16720","1":"product","2":"type-product","3":"status-publish","4":"has-post-thumbnail","6":"product_cat-arm-cylinders","7":"product_tag-arm-cylinders","8":"product_tag-hydraulic-cylinders","10":"first","11":"instock","12":"shipping-taxable","13":"product-type-simple"},"amp_enabled":true,"_links":{"self":[{"href":"https:\/\/www.hydraulic-cylinders.net\/lt\/wp-json\/wp\/v2\/product\/16720","targetHints":{"allow":["GET"]}}],"collection":[{"href":"https:\/\/www.hydraulic-cylinders.net\/lt\/wp-json\/wp\/v2\/product"}],"about":[{"href":"https:\/\/www.hydraulic-cylinders.net\/lt\/wp-json\/wp\/v2\/types\/product"}],"replies":[{"embeddable":true,"href":"https:\/\/www.hydraulic-cylinders.net\/lt\/wp-json\/wp\/v2\/comments?post=16720"}],"wp:featuredmedia":[{"embeddable":true,"href":"https:\/\/www.hydraulic-cylinders.net\/lt\/wp-json\/wp\/v2\/media\/14777"}],"wp:attachment":[{"href":"https:\/\/www.hydraulic-cylinders.net\/lt\/wp-json\/wp\/v2\/media?parent=16720"}],"wp:term":[{"taxonomy":"product_brand","embeddable":true,"href":"https:\/\/www.hydraulic-cylinders.net\/lt\/wp-json\/wp\/v2\/product_brand?post=16720"},{"taxonomy":"product_cat","embeddable":true,"href":"https:\/\/www.hydraulic-cylinders.net\/lt\/wp-json\/wp\/v2\/product_cat?post=16720"},{"taxonomy":"product_tag","embeddable":true,"href":"https:\/\/www.hydraulic-cylinders.net\/lt\/wp-json\/wp\/v2\/product_tag?post=16720"}],"curies":[{"name":"wp","href":"https:\/\/api.w.org\/{rel}","templated":true}]}}