{"id":16723,"date":"2025-01-21T05:49:38","date_gmt":"2025-01-21T05:49:38","guid":{"rendered":"https:\/\/www.hydraulic-cylinders.net\/product\/arm-cylinder-for-carter-ct60-8a-8b\/"},"modified":"2025-01-21T05:49:40","modified_gmt":"2025-01-21T05:49:40","slug":"arm-cylinder-for-carter-ct60-8a-8b","status":"publish","type":"product","link":"https:\/\/www.hydraulic-cylinders.net\/lt\/produktas\/arm-cylinder-for-carter-ct60-8a-8b\/","title":{"rendered":"Carter CT60-8A-8B rankenos cilindras"},"content":{"rendered":"<h2>Carter CT60-8A-8B rankenos cilindras<\/h2>\n<p>Svirties cilindras yra specialiai suprojektuotas hidraulinis cilindras, kuris pirmiausia naudojamas linijiniam jud\u0117jimui ir galiai u\u017etikrinti \u012fvairi\u0173 tip\u0173 ma\u0161in\u0173, toki\u0173 kaip ekskavatoriai, kranai ir robotin\u0117s rankos, svirt\u012f. Svirties cilindras atlieka labai svarb\u0173 vaidmen\u012f hidraulin\u0117se sistemose, nes leid\u017eia efektyviai jud\u0117ti ir valdyti papildomus \u012frankius ar priedus. \u0160ie cilindrai ne tik u\u017etikrina skland\u0173 jud\u0117jim\u0105, bet ir atlaiko dideles apkrovas, u\u017etikrindami efektyv\u0173 ma\u0161in\u0173 veikim\u0105 ir patikimum\u0105 \u012fvairiomis darbo s\u0105lygomis.<\/p>\n<p><img decoding=\"async\" src=\"https:\/\/www.hydraulic-cylinders.net\/wp-content\/uploads\/2025\/01\/songte-company-2.webp\" alt=\"Svirties cilindro vaizdas\"><\/p>\n<h2>Carter CT60-8A-8B rankos cilindro savyb\u0117s<\/h2>\n<ul>\n<li><strong>Didelio efektyvumo transmisija:<\/strong> Svirties cilindras u\u017etikrina galing\u0105 tiesin\u012f judes\u012f ir j\u0117g\u0105, u\u017etikrindamas auk\u0161t\u0105 robotin\u0117s rankos na\u0161um\u0105 atliekant \u012fvairias operacijas.<\/li>\n<li><strong>Tikslus valdymas:<\/strong> Hidraulin\u0117s sistemos d\u0117ka rankos cilindras leid\u017eia tiksliai valdyti judes\u012f, tod\u0117l papildom\u0173 \u012franki\u0173 valdymas tampa lankstesnis ir tikslesnis.<\/li>\n<li><strong>Patvarumas:<\/strong> Svirtiniai cilindrai paprastai gaminami i\u0161 didelio stiprumo med\u017eiag\u0173 ir pasi\u017eymi puikiu atsparumu dilimui bei korozijai, tod\u0117l juos galima naudoti ilgalaik\u0117je aplinkoje.<\/li>\n<li><strong>Daugiafunkcinis prisitaikymas:<\/strong> \u0160ie cilindrai gali b\u016bti pla\u010diai naudojami \u012fvairi\u0173 tip\u0173 ma\u0161inoms, tokioms kaip ekskavatoriai, kranai ir robotin\u0117s rankos, atitinkan\u010dios skirtingus darbo reikalavimus.<\/li>\n<li><strong>Lengva prie\u017ei\u016bra:<\/strong> D\u0117l projektavimo aspekt\u0173, skirt\u0173 lengvam techniniam aptarnavimui ir pakeitimui, reguliari ap\u017ei\u016bra ir prie\u017ei\u016bra yra patogesn\u0117, tod\u0117l sutrump\u0117ja \u012frangos prastova.<\/li>\n<\/ul>\n<p><img decoding=\"async\" src=\"https:\/\/www.hydraulic-cylinders.net\/wp-content\/uploads\/2025\/01\/songte-oil-pipes-and-spare-parts.webp\" alt=\"Svirties cilindro atsargini\u0173 dali\u0173 vaizdas\"><\/p>\n<h2>\u201eCarter CT60-8A-8B\u201c rankinio cilindro pritaikymas<\/h2>\n<p>Svirtinis cilindras naudojamas \u012fvairiose pramon\u0117s \u0161akose:<\/p>\n<ol>\n<li><strong>Statybos in\u017einerija:<\/strong> Ekskavatoriuose ir kranuose svirties cilindras valdo kau\u0161o arba str\u0117l\u0117s jud\u0117jim\u0105 atliekant \u017eem\u0117s darbus, med\u017eiag\u0173 tvarkym\u0105 ir konstrukcij\u0173 montavim\u0105.<\/li>\n<li><strong>Gamyba:<\/strong> Automatizuotose gamybos linijose rankos cilindras naudojamas robotini\u0173 rank\u0173 judinimui surinkimo, suvirinimo ir med\u017eiag\u0173 tvarkymo procesuose, taip padidinant gamybos efektyvum\u0105 ir tikslum\u0105.<\/li>\n<li><strong>\u017dem\u0117s \u016bkio technika:<\/strong> \u017dem\u0117s \u016bkio \u012frangoje, tokioje kaip derliaus nu\u0117mimo ma\u0161inos ir s\u0117jamosios, svirties cilindras valdo valdymo svir\u010di\u0173 jud\u0117jim\u0105 atliekant tokias u\u017eduotis kaip s\u0117ja, tr\u0119\u0161imas ir derliaus nu\u0117mimas.<\/li>\n<li><strong>Kasyba:<\/strong> Kasybos \u012frangoje svirties cilindras valdo kasybos ma\u0161in\u0173 svirties judesius r\u016bdos gavybai ir transportavimui.<\/li>\n<li><strong>Logistika ir transportas:<\/strong> \u0160akiniuose krautuvuose ir krovini\u0173 krovimo robotuose svirties cilindras valdo \u0161aki\u0173 k\u0117lim\u0105 ir jud\u0117jim\u0105, taip \u012fgalindamas med\u017eiag\u0173 tvarkym\u0105 ir krovim\u0105.<\/li>\n<\/ol>\n<h2>Projektavimo aspektai ir atrankos kriterijai<\/h2>\n<p>Kalbant apie cilindr\u0173 su rankenomis projektavimo ir pasirinkimo kriterijus, reik\u0117t\u0173 atsi\u017evelgti \u012f kelis pagrindinius veiksnius:<\/p>\n<ol>\n<li><strong>Apkrovos paj\u0117gumas:<\/strong> Svirties cilindras turi b\u016bti suprojektuotas taip, kad atlaikyt\u0173 numatyt\u0105 apkrov\u0105, siekiant u\u017etikrinti saug\u0173 ir patikim\u0105 veikim\u0105.<\/li>\n<li><strong>Sandarinimas:<\/strong> Reik\u0117t\u0173 naudoti \u012fvairius sandarinimo komponentus, tokius kaip st\u016bmokli\u0173 ir kot\u0173 sandarikliai. \u0160ie sandarikliai pagaminti i\u0161 atspari\u0173 dilimui med\u017eiag\u0173, toki\u0173 kaip poliuretanas ir nitrilo kau\u010diukas. Cilindro korpusas ir srieginis galas turi b\u016bti kruop\u0161\u010diai apdorojami, kad padid\u0117t\u0173 atsparumas dilimui.<\/li>\n<li><strong>Patvarumas:<\/strong> Svirties cilindras turi b\u016bti pagamintas i\u0161 auk\u0161tos kokyb\u0117s med\u017eiag\u0173, kurios pasi\u017eymi puikiu patvarumu ir u\u017etikrina ilg\u0105 tarnavimo laik\u0105 net ir sud\u0117tingomis s\u0105lygomis.<\/li>\n<li><strong>Saugumas:<\/strong> Projektuojant tur\u0117t\u0173 b\u016bti numatytos saugos priemon\u0117s, kurios pad\u0117t\u0173 i\u0161vengti nelaiming\u0173 atsitikim\u0173 ir u\u017etikrint\u0173 operatoriaus apsaug\u0105 eksploatacijos metu.<\/li>\n<li><strong>Prie\u017ei\u016bra:<\/strong> Projektuojant reik\u0117t\u0173 atsi\u017evelgti \u012f prie\u017ei\u016bros ir remonto paprastum\u0105, kad b\u016bt\u0173 galima patogiai atlikti reguliarias patikras ir suma\u017einti prastovas.<\/li>\n<\/ol>\n<p><img decoding=\"async\" src=\"https:\/\/www.hydraulic-cylinders.net\/wp-content\/uploads\/2025\/01\/songte-cylinder-head-with-all-kinds-excavator-models.webp\" alt=\"Svirties cilindro komponent\u0173 vaizdas\"><\/p>\n<h2>Sandarinimas ir tepimas<\/h2>\n<p>Svirties cilindre naudojami \u012fvair\u016bs sandarinimo komponentai, siekiant u\u017etikrinti tinkam\u0105 veikim\u0105:<\/p>\n<ul>\n<li>St\u016bmokli\u0173 sandarikliai, kot\u0173 sandarikliai ir kt., pagaminti i\u0161 atspari\u0173 dilimui med\u017eiag\u0173, toki\u0173 kaip poliuretanas ir nitrilo kau\u010diukas.<\/li>\n<li>Cilindro korpusas ir srieginis galinis pavir\u0161ius yra kruop\u0161\u010diai apdorojami, siekiant padidinti atsparum\u0105 dilimui.<\/li>\n<li>Norint u\u017etikrinti skland\u0173 veikim\u0105, b\u016btina reguliariai tepti reikiamu hidraulin\u0117s alyvos kiekiu.<\/li>\n<\/ul>\n<h2>Reguliarus patikrinimas ir prevencin\u0117 prie\u017ei\u016bra<\/h2>\n<p>Reguliari ap\u017ei\u016bra ir prevencin\u0117s prie\u017ei\u016bros priemon\u0117s padeda u\u017etikrinti optimal\u0173 svirties cilindro veikim\u0105 ir ilgaam\u017ei\u0161kum\u0105:<\/p>\n<ul>\n<li>Ap\u017ei\u016br\u0117kite cilindr\u0105, ar n\u0117ra pa\u017eeidim\u0173, nuot\u0117kio ar susid\u0117v\u0117jimo po\u017eymi\u0173.<\/li>\n<li>Patikrinkite sandariklio b\u016bkl\u0119 ir, jei reikia, pakeiskite.<\/li>\n<li>Steb\u0117ti ir palaikyti tinkam\u0105 hidraulinio skys\u010dio lyg\u012f ir kokyb\u0119.<\/li>\n<li>Priver\u017ekite visas atsilaisvinusias jungtis.<\/li>\n<li>Laikykit\u0117s gamintojo nurodym\u0173 d\u0117l technin\u0117s prie\u017ei\u016bros interval\u0173 ir proced\u016br\u0173.<\/li>\n<\/ul>\n<h2>Produkto diegimo vadovas<\/h2>\n<p>Tinkamas svirties cilindro montavimas yra b\u016btinas jo efektyviam veikimui:<\/p>\n<ul>\n<li>\u012esitikinkite, kad tvirtinimo pavir\u0161ius yra \u0161varus ir be \u0161iuk\u0161li\u0173.<\/li>\n<li>Atid\u017eiai laikykit\u0117s pateikt\u0173 diegimo instrukcij\u0173.<\/li>\n<li>Priver\u017ekite visus tvirtinimo elementus pagal rekomenduojamus sukimo momento reikalavimus.<\/li>\n<li>Diegimo metu patikrinkite, ar n\u0117ra joki\u0173 nesuderinamumo ar trukd\u017ei\u0173.<\/li>\n<\/ul>\n<p><img decoding=\"async\" src=\"https:\/\/www.hydraulic-cylinders.net\/wp-content\/uploads\/2025\/01\/songte-bushings-with-all-kinds-of-excavator-models.webp\" alt=\"Svirties cilindro \u012fvori\u0173 vaizdas\"><\/p>\n<h2>Saugos aspektai ir aplinkos veiksniai<\/h2>\n<p>Naudojant svirtinius cilindrus, labai svarbu teikti pirmenyb\u0119 saugos priemon\u0117ms:<\/p>\n<ul>\n<li>Laikykit\u0117s vis\u0173 gamintojo pateikt\u0173 saugos nurodym\u0173 ir taisykli\u0173.<\/li>\n<li>U\u017etikrinti tinkam\u0105 operatori\u0173 mokym\u0105 ir sertifikavim\u0105.<\/li>\n<li>Reguliariai tikrinkite mechanizm\u0105 ir susijusius komponentus, ar n\u0117ra koki\u0173 nors pavoj\u0173 saugai.<\/li>\n<li>Laikykit\u0117s aplinkosaugos taisykli\u0173 ir tinkamai utilizuokite visas atliekas ar skys\u010dius.<\/li>\n<\/ul>\n<h2>Trik\u010di\u0173 \u0161alinimas ir da\u017eniausiai pasitaikan\u010dios problemos<\/h2>\n<p>Kai kurios da\u017eniausios svirtini\u0173 cilindr\u0173 problemos ir trik\u010di\u0173 \u0161alinimo patarimai:<\/p>\n<ul>\n<li>Jei cilindras nesandarus, patikrinkite sandariklius ir, jei reikia, pakeiskite.<\/li>\n<li>Jei cilindras juda netolygiai, patikrinkite, ar n\u0117ra kli\u016b\u010di\u0173 ar nesuderinamumo.<\/li>\n<li>Jei cilindras nesukuria pakankamai j\u0117gos, patikrinkite hidraulinio skys\u010dio sl\u0117g\u012f ir sraut\u0105.<\/li>\n<li>Jei cilindras kelia per didel\u012f triuk\u0161m\u0105, patikrinkite, ar n\u0117ra atsilaisvinusi\u0173 jung\u010di\u0173 ar pa\u017eeist\u0173 komponent\u0173.<\/li>\n<\/ul>\n<p><img decoding=\"async\" src=\"https:\/\/www.hydraulic-cylinders.net\/wp-content\/uploads\/2025\/01\/songte-chushion-collar.webp\" alt=\"Rankos cilindro apykakl\u0117s vaizdas\"><\/p>\n<p>Nepamir\u0161kite straipsn\u012f strukt\u016brizuoti logi\u0161kai, naudoti paantra\u0161tes lengvam nar\u0161ymui, \u012ftraukti atitinkam\u0173 vaizd\u0173 ar diagram\u0173, kad b\u016bt\u0173 lengviau suprasti, ir u\u017etikrinti ai\u0161k\u0173 bei glaust\u0105 turin\u012f, tinkam\u0105 skaitytojams, turintiems \u012fvairaus lygio technines \u017einias.<\/p>\n<h2>Apie m\u016bs\u0173 \u012fmon\u0119<\/h2>\n<p>Esame profesionalus pakaitini\u0173 hidraulini\u0173 cilindr\u0173 gamintojas, si\u016blantis plat\u0173 gamini\u0173 asortiment\u0105. Tapome vienu i\u0161 pirmaujan\u010di\u0173 hidraulini\u0173 cilindr\u0173 gamintoj\u0173 ir didmenini\u0173 platintoj\u0173 tiek vidaus, tiek tarptautin\u0117se rinkose. Mes visada laikom\u0117s auk\u0161\u010diausios kokyb\u0117s principo ir nuolat tobuliname savo techninius paj\u0117gumus bei gamybos efektyvum\u0105, taikydami industrializuot\u0105 gamybos valdym\u0105 savo modernioje gamybos dirbtuv\u0117je. \u012ediegdami pa\u017eangi\u0105 skaitmenin\u0119 gamybos \u012frang\u0105 ir profesionalias bandym\u0173 sistemas, optimizuojame savo gamybos platform\u0105 ir tobuliname gamini\u0173 kokyb\u0117s kontrol\u0117s proces\u0105, demonstruodami stiprias inovacij\u0173 galimybes. M\u016bs\u0173 tikslas \u2013 patenkinti \u012fvairius klient\u0173 poreikius efektyviai, tiksliai ir auk\u0161tos kokyb\u0117s produktais.<\/p>\n<p><img decoding=\"async\" src=\"https:\/\/www.hydraulic-cylinders.net\/wp-content\/uploads\/2025\/01\/songte-company-4.webp\" alt=\"\u012emon\u0117s \u012fvaizdis\"><br \/>\n<img decoding=\"async\" src=\"https:\/\/www.hydraulic-cylinders.net\/wp-content\/uploads\/2025\/01\/songte-company-3.webp\" alt=\"\u012emon\u0117s \u012fvaizdis\"><\/p>\n<p><em>Autorius: lyl<\/em><\/p>","protected":false},"excerpt":{"rendered":"<p>Arm Cylinder For Carter CT60-8A-8B The arm cylinder is a specially designed hydraulic cylinder that is primarily used to provide linear motion and power to the arm of various types of machinery, such as excavators, cranes, and robotic arms. The arm cylinder plays a crucial role in hydraulic systems, enabling the effective movement and control [&hellip;]<\/p>","protected":false},"featured_media":14770,"comment_status":"open","ping_status":"closed","template":"","meta":{"_et_pb_use_builder":"","_et_pb_old_content":"","_et_gb_content_width":""},"product_brand":[],"product_cat":[1497],"product_tag":[1498,1496],"class_list":{"0":"post-16723","1":"product","2":"type-product","3":"status-publish","4":"has-post-thumbnail","6":"product_cat-arm-cylinders","7":"product_tag-arm-cylinders","8":"product_tag-hydraulic-cylinders","10":"first","11":"instock","12":"shipping-taxable","13":"product-type-simple"},"amp_enabled":true,"_links":{"self":[{"href":"https:\/\/www.hydraulic-cylinders.net\/lt\/wp-json\/wp\/v2\/product\/16723","targetHints":{"allow":["GET"]}}],"collection":[{"href":"https:\/\/www.hydraulic-cylinders.net\/lt\/wp-json\/wp\/v2\/product"}],"about":[{"href":"https:\/\/www.hydraulic-cylinders.net\/lt\/wp-json\/wp\/v2\/types\/product"}],"replies":[{"embeddable":true,"href":"https:\/\/www.hydraulic-cylinders.net\/lt\/wp-json\/wp\/v2\/comments?post=16723"}],"wp:featuredmedia":[{"embeddable":true,"href":"https:\/\/www.hydraulic-cylinders.net\/lt\/wp-json\/wp\/v2\/media\/14770"}],"wp:attachment":[{"href":"https:\/\/www.hydraulic-cylinders.net\/lt\/wp-json\/wp\/v2\/media?parent=16723"}],"wp:term":[{"taxonomy":"product_brand","embeddable":true,"href":"https:\/\/www.hydraulic-cylinders.net\/lt\/wp-json\/wp\/v2\/product_brand?post=16723"},{"taxonomy":"product_cat","embeddable":true,"href":"https:\/\/www.hydraulic-cylinders.net\/lt\/wp-json\/wp\/v2\/product_cat?post=16723"},{"taxonomy":"product_tag","embeddable":true,"href":"https:\/\/www.hydraulic-cylinders.net\/lt\/wp-json\/wp\/v2\/product_tag?post=16723"}],"curies":[{"name":"wp","href":"https:\/\/api.w.org\/{rel}","templated":true}]}}