{"id":16725,"date":"2025-01-21T05:49:47","date_gmt":"2025-01-21T05:49:47","guid":{"rendered":"https:\/\/www.hydraulic-cylinders.net\/product\/arm-cylinder-for-carter-ct150-8\/"},"modified":"2025-01-21T05:49:49","modified_gmt":"2025-01-21T05:49:49","slug":"arm-cylinder-for-carter-ct150-8","status":"publish","type":"product","link":"https:\/\/www.hydraulic-cylinders.net\/lt\/produktas\/arm-cylinder-for-carter-ct150-8\/","title":{"rendered":"Carter CT150-8 rankenos cilindras"},"content":{"rendered":"<h2>Carter CT150-8 rankenos cilindras<\/h2>\n<p>Svirties cilindras yra specialiai suprojektuotas hidraulinis cilindras, daugiausia naudojamas linijiniam jud\u0117jimui ir galiai u\u017etikrinti \u012fvairi\u0173 ma\u0161in\u0173, toki\u0173 kaip ekskavatoriai, kranai ir mechanin\u0117s svirtys, svirtims. Svirties cilindrai atlieka pagrindin\u012f vaidmen\u012f hidraulin\u0117se sistemose, nes leid\u017eia priedams ar priedams efektyviai jud\u0117ti ir valdyti. \u0160ie cilindrai ne tik u\u017etikrina skland\u0173 jud\u0117jim\u0105, bet ir atlaiko dideles apkrovas, u\u017etikrindami efektyv\u0173 ma\u0161in\u0173 veikim\u0105 ir patikimum\u0105 \u012fvairiomis darbo s\u0105lygomis.<\/p>\n<p><img decoding=\"async\" src=\"https:\/\/www.hydraulic-cylinders.net\/wp-content\/uploads\/2025\/01\/songte-company-2.webp\"\/><\/p>\n<h3>Carter CT150-8 rankos cilindro savyb\u0117s<\/h3>\n<ul>\n<li>Efektyvus galios perdavimas: Svir\u010di\u0173 cilindrai u\u017etikrina galing\u0105 tiesin\u012f judes\u012f ir j\u0117g\u0105, u\u017etikrindami auk\u0161t\u0105 mechanini\u0173 svir\u010di\u0173 na\u0161um\u0105 atliekant \u012fvairias operacijas.<\/li>\n<li>Tikslus valdymas: Svirtiniai cilindrai gali tiksliai valdyti judes\u012f per hidraulines sistemas, tod\u0117l pritvirtint\u0173 \u012franki\u0173 valdymas tampa lankstesnis ir tikslesnis.<\/li>\n<li>Didelis patvarumas: Svirtiniai cilindrai paprastai gaminami i\u0161 didelio stiprumo med\u017eiag\u0173, pasi\u017eymin\u010di\u0173 geru atsparumu dilimui ir korozijai, tod\u0117l tinkami ilgalaikiam naudojimui at\u0161iauriomis s\u0105lygomis.<\/li>\n<li>Daugiafunkcinis pritaikomumas: \u0160ie cilindrai gali b\u016bti pla\u010diai naudojami \u012fvairiuose mechaniniuose \u012frenginiuose, tokiuose kaip ekskavatoriai, kranai ir mechanin\u0117s svirtys, prisitaikant prie skirting\u0173 darbo reikalavim\u0173.<\/li>\n<li>Lengva prie\u017ei\u016bra: Projektuojant atsi\u017evelgiama \u012f paprast\u0105 prie\u017ei\u016br\u0105 ir keitim\u0105, tod\u0117l reguliari ap\u017ei\u016bra ir technin\u0117 prie\u017ei\u016bra yra patogesni, o \u012frangos prastovos laikas sutrump\u0117ja.<\/li>\n<\/ul>\n<p>Mes galime pagaminti \u0161\u012f produkt\u0105, ir m\u016bs\u0173 produktas gali puikiai pakeisti \u0161iuos hidraulinius cilindrus.<\/p>\n<p><img decoding=\"async\" src=\"https:\/\/www.hydraulic-cylinders.net\/wp-content\/uploads\/2025\/01\/songte-oil-pipes-and-spare-parts.webp\"\/><\/p>\n<h3>\u201eCarter CT150-8\u201c svirties cilindro pritaikymas<\/h3>\n<p>Svirtiniai cilindrai naudojami \u012fvairiose pramon\u0117s \u0161akose ir \u012frangoje:<\/p>\n<ul>\n<li>Konstrukcija: Svirtiniai cilindrai naudojami ekskavatori\u0173 ir kran\u0173 kau\u0161\u0173 arba str\u0117li\u0173 jud\u0117jimui valdyti, atliekant \u017eem\u0117s darbus, med\u017eiag\u0173 tvarkym\u0105 ir konstrukcij\u0173 montavim\u0105.<\/li>\n<li>Gamyba: Svirtiniai cilindrai naudojami mechanini\u0173 svirteli\u0173 jud\u0117jimui automatizuotose gamybos linijose, surinkimo, suvirinimo ir tvarkymo procesuose, taip pagerinant gamybos efektyvum\u0105 ir tikslum\u0105.<\/li>\n<li>\u017dem\u0117s \u016bkio technika: Svirties cilindrai valdo valdymo svirties judes\u012f \u017eem\u0117s \u016bkio technikoje, pavyzd\u017eiui, derliaus nu\u0117mimo ir sodinamosiose, atliekant tokias u\u017eduotis kaip s\u0117ja, tr\u0119\u0161imas ir derliaus nu\u0117mimas.<\/li>\n<li>Kasyba: Svirties cilindrai naudojami kasybos \u012frangos svirties jud\u0117jimui valdyti, r\u016bd\u0173 kasybai ir transportavimui.<\/li>\n<li>Logistika ir transportavimas: Svirtiniai cilindrai naudojami \u0161aki\u0173 k\u0117limui ir jud\u0117jimui valdyti \u0161akiniuose krautuvuose ir robotuose, med\u017eiagoms tvarkyti ir krauti.<\/li>\n<\/ul>\n<h3>Projektavimo aspektai ir atrankos kriterijai<\/h3>\n<p>Svirtiniai cilindrai projektuojami atsi\u017evelgiant \u012f pagrindinius aspektus, susijusius su apkrovos paj\u0117gumu, sandarumu, ilgaam\u017ei\u0161kumu, saugumu ir prie\u017ei\u016bra:<\/p>\n<ul>\n<li>Apkrovos paj\u0117gumas: Svirties cilindrai turi b\u016bti suprojektuoti taip, kad atlaikyt\u0173 maksimali\u0105 ma\u0161inos apkrov\u0105.<\/li>\n<li>Sandarinimas: Svirtiniuose cilindruose naudojami \u012fvair\u016bs sandarikliai, tokie kaip st\u016bmokli\u0173 ir kot\u0173 sandarikliai, pagaminti i\u0161 atspari\u0173 dilimui med\u017eiag\u0173, toki\u0173 kaip poliuretanas ir nitrilo kau\u010diukas, siekiant u\u017etikrinti maksimal\u0173 sandarum\u0105.<\/li>\n<li>Patvarumas: Svirtiniai cilindrai paprastai gaminami i\u0161 didelio stiprumo med\u017eiag\u0173, toki\u0173 kaip legiruotas plienas, su tiksliu pavir\u0161iaus apdorojimu, siekiant padidinti atsparum\u0105 dilimui ir korozijai.<\/li>\n<li>Sauga: Svirtiniai cilindrai turi b\u016bti suprojektuoti su \u012fvairiomis saugos funkcijomis, tokiomis kaip sl\u0117gio ma\u017einimo vo\u017etuvai ir avarinio stabdymo mygtukai, siekiant i\u0161vengti nelaiming\u0173 atsitikim\u0173.<\/li>\n<li>Prie\u017ei\u016bra: Svirtiniai cilindrai tur\u0117t\u0173 b\u016bti suprojektuoti taip, kad juos b\u016bt\u0173 lengva pri\u017ei\u016br\u0117ti, su kei\u010diamais komponentais ir lengva prieiga patikrinimams bei remontui.<\/li>\n<\/ul>\n<p><img decoding=\"async\" src=\"https:\/\/www.hydraulic-cylinders.net\/wp-content\/uploads\/2025\/01\/songte-cylinder-head-with-all-kinds-excavator-models.webp\"\/><\/p>\n<h3>Sandarinimas ir tepimas<\/h3>\n<p>Svirtiniuose cilindruose naudojami \u012fvair\u016bs sandarinimo komponentai, tokie kaip st\u016bmokli\u0173 ir kot\u0173 sandarikliai, pagaminti i\u0161 atspari\u0173 dilimui med\u017eiag\u0173, toki\u0173 kaip poliuretanas ir nitrilo kau\u010diukas. Cilindro korpusas ir srieginis galinis pavir\u0161ius yra kruop\u0161\u010diai apdirbti, siekiant pagerinti atsparum\u0105 dilimui. Norint u\u017etikrinti skland\u0173 cilindro veikim\u0105 ir ilgaam\u017ei\u0161kum\u0105, b\u016btina reguliariai tepti hidrauline alyva.<\/p>\n<h3>Periodin\u0117 ap\u017ei\u016bra ir prevencin\u0117 prie\u017ei\u016bra<\/h3>\n<p>Siekiant u\u017etikrinti efektyv\u0173 ir saug\u0173 svirties cilindr\u0173 veikim\u0105, svarbu periodi\u0161kai atlikti patikr\u0105 ir profilaktin\u012f aptarnavim\u0105. Kai kurios prevencin\u0117s prie\u017ei\u016bros priemon\u0117s apima:<\/p>\n<ul>\n<li>Baliono darbinio sl\u0117gio patikrinimas ir, jei reikia, reguliavimas<\/li>\n<li>Alyvos nuot\u0117kio ar st\u016bmoklio koto bei sandarikli\u0173 patikrinimas<\/li>\n<li>Cilindro tvirtinimo ar jungiam\u0173j\u0173 dali\u0173 netikslaus sulygiavimo ar per didelio susid\u0117v\u0117jimo tikrinimas<\/li>\n<li>Cilindro komponent\u0173 susid\u0117v\u0117jimo steb\u0117jimas ir j\u0173 keitimas prireikus<\/li>\n<\/ul>\n<p><img decoding=\"async\" src=\"https:\/\/www.hydraulic-cylinders.net\/wp-content\/uploads\/2025\/01\/songte-chushion-collar.webp\"\/><\/p>\n<h3>\u201eCarter CT150-8\u201c svirties cilindro montavimo vadovas<\/h3>\n<p>Tinkamas svirties cilindr\u0173 montavimas yra b\u016btinas saugiam ir patikimam veikimui. Reik\u0117t\u0173 atlikti \u0161iuos veiksmus:<\/p>\n<ol>\n<li>Prie\u0161 montuodami patikrinkite cilindr\u0105 ir jo komponentus, kad \u012fsitikintum\u0117te, jog jie n\u0117ra pa\u017eeisti ir be \u0161iuk\u0161li\u0173.<\/li>\n<li>\u012esitikinkite, kad tvirtinimo pavir\u0161ius yra \u0161varus ir be a\u0161tri\u0173 briaun\u0173 ar \u012fbr\u0117\u017eim\u0173, kurie gali pa\u017eeisti cilindr\u0105 ar jo sandariklius.<\/li>\n<li>Pritvirtinkite cilindr\u0105 prie tvirtinimo pavir\u0161iaus, naudodami tinkamus var\u017etus ir priver\u017eimo sukimo moment\u0105.<\/li>\n<li>Prijunkite hidraulines \u017earnas prie cilindro, u\u017etikrindami tinkam\u0105 j\u0173 i\u0161d\u0117stym\u0105 ir prijungim\u0105 prie hidraulin\u0117s sistemos.<\/li>\n<li>Pripildykite cilindr\u0105 hidraulin\u0117s alyvos ir atlikite bandom\u0105j\u012f darb\u0105, kad \u012fsitikintum\u0117te, jog jis tinkamai veikia ir n\u0117ra nuot\u0117ki\u0173.<\/li>\n<\/ol>\n<h3>Saugos aspektai ir aplinkos veiksniai<\/h3>\n<p>Naudojant svirtinius cilindrus, svarbu laikytis saugos nurodym\u0173 ir atsargumo priemoni\u0173, kad b\u016bt\u0173 i\u0161vengta nelaiming\u0173 atsitikim\u0173 ir su\u017ealojim\u0173. Tinkamas panaudotos hidraulin\u0117s alyvos ir komponent\u0173 utilizavimas taip pat yra b\u016btinas siekiant apsaugoti aplink\u0105. <\/p>\n<h3>Trik\u010di\u0173 \u0161alinimas ir da\u017eniausios problemos<\/h3>\n<p>Kai kurios da\u017enos problemos, galin\u010dios kilti d\u0117l svirtini\u0173 cilindr\u0173, yra nuot\u0117kiai, nepakankama galia ir ne\u012fprasti triuk\u0161mai. Norint diagnozuoti ir i\u0161spr\u0119sti \u0161ias problemas, svarbu atlikti reguliarias patikras ir technin\u0119 prie\u017ei\u016br\u0105, o prireikus pasikonsultuoti su specialistu.<\/p>\n<h3>Apie mus<\/h3>\n<p>Esame profesionalus hidraulini\u0173 cilindr\u0173 gamintojas ir pirmaujantis didmenininkas bei platintojas vidaus ir tarptautin\u0117se rinkose. Mes visada laikom\u0117s puikios kokyb\u0117s principo, remiam\u0117s industrializuoto gamybos valdymo strategijomis ir nuolat tobuliname savo technin\u012f lyg\u012f bei gamybos efektyvum\u0105. Diegdami auk\u0161\u010diausios klas\u0117s skaitmenin\u0119 gamybos \u012frang\u0105 ir profesionalias testavimo sistemas, nuolat optimizuojame savo gamybos platform\u0105, kad klientams gal\u0117tume pasi\u016blyti auk\u0161tos kokyb\u0117s ir efektyvius produktus. M\u016bs\u0173 tikslas \u2013 patenkinti \u012fvairius klient\u0173 poreikius, u\u017etikrinant auk\u0161t\u0105 efektyvum\u0105, tikslum\u0105 ir auk\u0161t\u0105 kokyb\u0119.<\/p>\n<p>M\u016bs\u0173 \u012fmon\u0117 \u017einoma d\u0117l savo profesionalumo, tarptautini\u0173 sertifikat\u0173, individualiai pritaikyt\u0173 paslaug\u0173, gamybos \u012frangos ir garantinio aptarnavimo.<\/p>\n<p><img decoding=\"async\" src=\"https:\/\/www.hydraulic-cylinders.net\/wp-content\/uploads\/2025\/01\/songte-company-4.webp\"\/><\/p>\n<p><img decoding=\"async\" src=\"https:\/\/www.hydraulic-cylinders.net\/wp-content\/uploads\/2025\/01\/songte-company-3.webp\"\/><\/p>\n<p>Autorius: lyl<\/p>","protected":false},"excerpt":{"rendered":"<p>Arm Cylinder For Carter CT150-8 An arm cylinder is a specially designed hydraulic cylinder that is mainly used to provide linear motion and power to the arms of various machinery, such as excavators, cranes, and mechanical arms. Arm cylinders play a key role in hydraulic systems, allowing attachments or accessories to move and control effectively. [&hellip;]<\/p>","protected":false},"featured_media":14763,"comment_status":"open","ping_status":"closed","template":"","meta":{"_et_pb_use_builder":"","_et_pb_old_content":"","_et_gb_content_width":""},"product_brand":[],"product_cat":[1497],"product_tag":[1498,1496],"class_list":{"0":"post-16725","1":"product","2":"type-product","3":"status-publish","4":"has-post-thumbnail","6":"product_cat-arm-cylinders","7":"product_tag-arm-cylinders","8":"product_tag-hydraulic-cylinders","10":"first","11":"instock","12":"shipping-taxable","13":"product-type-simple"},"amp_enabled":true,"_links":{"self":[{"href":"https:\/\/www.hydraulic-cylinders.net\/lt\/wp-json\/wp\/v2\/product\/16725","targetHints":{"allow":["GET"]}}],"collection":[{"href":"https:\/\/www.hydraulic-cylinders.net\/lt\/wp-json\/wp\/v2\/product"}],"about":[{"href":"https:\/\/www.hydraulic-cylinders.net\/lt\/wp-json\/wp\/v2\/types\/product"}],"replies":[{"embeddable":true,"href":"https:\/\/www.hydraulic-cylinders.net\/lt\/wp-json\/wp\/v2\/comments?post=16725"}],"wp:featuredmedia":[{"embeddable":true,"href":"https:\/\/www.hydraulic-cylinders.net\/lt\/wp-json\/wp\/v2\/media\/14763"}],"wp:attachment":[{"href":"https:\/\/www.hydraulic-cylinders.net\/lt\/wp-json\/wp\/v2\/media?parent=16725"}],"wp:term":[{"taxonomy":"product_brand","embeddable":true,"href":"https:\/\/www.hydraulic-cylinders.net\/lt\/wp-json\/wp\/v2\/product_brand?post=16725"},{"taxonomy":"product_cat","embeddable":true,"href":"https:\/\/www.hydraulic-cylinders.net\/lt\/wp-json\/wp\/v2\/product_cat?post=16725"},{"taxonomy":"product_tag","embeddable":true,"href":"https:\/\/www.hydraulic-cylinders.net\/lt\/wp-json\/wp\/v2\/product_tag?post=16725"}],"curies":[{"name":"wp","href":"https:\/\/api.w.org\/{rel}","templated":true}]}}