{"id":16738,"date":"2025-01-21T05:50:48","date_gmt":"2025-01-21T05:50:48","guid":{"rendered":"https:\/\/www.hydraulic-cylinders.net\/product\/arm-cylinder-for-kym-ky60a\/"},"modified":"2025-01-21T05:50:49","modified_gmt":"2025-01-21T05:50:49","slug":"arm-cylinder-for-kym-ky60a","status":"publish","type":"product","link":"https:\/\/www.hydraulic-cylinders.net\/lt\/produktas\/arm-cylinder-for-kym-ky60a\/","title":{"rendered":"KYM KY60A svirties cilindras"},"content":{"rendered":"<h2>KYM KY60A svirties cilindras<\/h2>\n<h3>\u012evadas<\/h3>\n<p>Svirties cilindras yra specialiai suprojektuotas hidraulinis cilindras, naudojamas \u012fvairi\u0173 ma\u0161in\u0173, \u012fskaitant ekskavatorius, kranus ir mechanines svirtis, svirtims tiesi\u0161kai jud\u0117ti ir suteikti gali\u0105. Jis atlieka labai svarb\u0173 vaidmen\u012f hidraulin\u0117se sistemose, nes leid\u017eia efektyviai jud\u0117ti ir valdyti papildomus \u012frankius ar priedus. \u0160ie cilindrai ne tik u\u017etikrina skland\u0173 jud\u0117jim\u0105, bet ir atlaiko dideles apkrovas, u\u017etikrindami efektyv\u0173 ma\u0161in\u0173 veikim\u0105 ir patikimum\u0105 \u012fvairiomis eksploatavimo s\u0105lygomis.<\/p>\n<p><img decoding=\"async\" src=\"https:\/\/www.hydraulic-cylinders.net\/wp-content\/uploads\/2025\/01\/songte-company-2.webp\" alt=\"KYM KY60A svirties cilindras\" \/><\/p>\n<h3>Savyb\u0117s<\/h3>\n<ul>\n<li>Didelio efektyvumo transmisija: Svir\u010di\u0173 cilindrai u\u017etikrina galing\u0105 tiesin\u012f judes\u012f ir j\u0117g\u0105, u\u017etikrindami didel\u012f mechanini\u0173 svir\u010di\u0173 efektyvum\u0105 atliekant \u012fvairias operacijas.<\/li>\n<li>Tikslus valdymas: Hidraulin\u0117s sistemos d\u0117ka, rank\u0173 cilindrai gali tiksliai valdyti judes\u012f, tod\u0117l papildom\u0173 \u012franki\u0173 valdymas tampa lankstesnis ir tikslesnis.<\/li>\n<li>Didelis patvarumas: Svirtiniai cilindrai paprastai gaminami i\u0161 didelio stiprumo med\u017eiag\u0173 ir yra atspar\u016bs dilimui bei korozijai, tod\u0117l tinkami ilgalaikiam naudojimui at\u0161iauriomis s\u0105lygomis.<\/li>\n<li>Daugiafunkcis pritaikomumas: \u0160ie cilindrai gali b\u016bti pla\u010diai naudojami \u012fvairi\u0173 tip\u0173 ma\u0161inose, tokiose kaip ekskavatoriai, kranai ir mechanin\u0117s svirtys, kad b\u016bt\u0173 patenkinti skirtingi eksploatavimo poreikiai.<\/li>\n<li>Lengva prie\u017ei\u016bra: konstrukcija skirta lengvam techniniam aptarnavimui ir pakeitimui, tod\u0117l reguliari ap\u017ei\u016bra ir prie\u017ei\u016bra yra patogesn\u0117, o \u012frangos prastovos laikas sutrump\u0117ja.<\/li>\n<\/ul>\n<p>Mes galime pagaminti \u0161\u012f produkt\u0105 ir jis puikiai gali pakeisti \u0161iuos hidraulinius cilindrus.<\/p>\n<p><img decoding=\"async\" src=\"https:\/\/www.hydraulic-cylinders.net\/wp-content\/uploads\/2025\/01\/songte-oil-pipes-and-spare-parts.webp\" alt=\"KYM KY60A svirties cilindras\" \/><\/p>\n<h3>Parai\u0161kos<\/h3>\n<p>Svirtiniai cilindrai yra pla\u010diai pritaikomi \u012fvairiose pramon\u0117s \u0161akose, \u012fskaitant:<\/p>\n<ul>\n<li>Konstrukcija: Ekskavatoriuose ir kranuose str\u0117li\u0173 cilindrai naudojami kau\u0161\u0173 arba str\u0117li\u0173 jud\u0117jimui valdyti atliekant \u017eem\u0117s darbus, med\u017eiag\u0173 tvarkym\u0105 ir konstrukcij\u0173 montavim\u0105.<\/li>\n<li>Gamyba: Automatizuotose gamybos linijose ranken\u0173 cilindrai naudojami mechanin\u0117ms rankenoms judinti surinkimo, suvirinimo ir med\u017eiag\u0173 tvarkymo metu, taip pagerinant gamybos efektyvum\u0105 ir tikslum\u0105.<\/li>\n<li>\u017dem\u0117s \u016bkio technika: \u017dem\u0117s \u016bkio technikoje, pavyzd\u017eiui, derliaus nu\u0117mimo ir sodinimo ma\u0161inose, svir\u010di\u0173 cilindrai valdo valdymo svir\u010di\u0173 jud\u0117jim\u0105 atliekant tokias u\u017eduotis kaip sodinimas, tr\u0119\u0161imas ir derliaus nu\u0117mimas.<\/li>\n<li>Kasyba: Kasybos \u012frangoje svir\u010di\u0173 cilindrai naudojami kasybos \u012frangos svir\u010di\u0173 jud\u0117jimui valdyti r\u016bdos kasybai ir transportavimui.<\/li>\n<li>Logistika ir transportavimas: \u0160akiniuose krautuvuose ir krovini\u0173 krovimo robotuose svir\u010di\u0173 cilindrai naudojami \u0161aki\u0173 k\u0117limui ir jud\u0117jimui valdyti, taip palengvinant med\u017eiag\u0173 tvarkym\u0105 ir krovim\u0105.<\/li>\n<\/ul>\n<h3>Projektavimo aspektai ir atrankos kriterijai<\/h3>\n<p>Projektuojant svirtinius cilindrus, reikia atsi\u017evelgti \u012f j\u0173 laikom\u0105j\u0105 gali\u0105, sandarum\u0105, ilgaam\u017ei\u0161kum\u0105, saugum\u0105 ir prie\u017ei\u016bros paprastum\u0105. Toliau pateikiami pagrindiniai punktai:<\/p>\n<ul>\n<li>Keliamoji galia: Svirtiniai cilindrai turi atlaikyti maksimali\u0105 ma\u0161inos apkrov\u0105, i\u0161laikydami savo patikimum\u0105 ir tikslum\u0105.<\/li>\n<li>Sandarinimas: Svirtiniams cilindrams reikalingi \u012fvair\u016bs sandarikliai, tokie kaip st\u016bmokliniai sandarikliai, stryp\u0173 sandarikliai ir kt., kurie turi b\u016bti pagaminti i\u0161 atspari\u0173 dilimui med\u017eiag\u0173, toki\u0173 kaip poliuretanas ir nitrilo kau\u010diukas, kad b\u016bt\u0173 u\u017etikrintas sandarikli\u0173 ilgaam\u017ei\u0161kumas.<\/li>\n<li>Patvarumas: Svirtiniai cilindrai da\u017enai yra veikiami at\u0161iauri\u0173 s\u0105lyg\u0173 ir turi b\u016bti pagaminti i\u0161 didelio stiprumo med\u017eiag\u0173, toki\u0173 kaip legiruotas plienas, kad b\u016bt\u0173 u\u017etikrintas j\u0173 patvarumas ir ilgaam\u017ei\u0161kumas.<\/li>\n<li>Sauga: Svirtiniai cilindrai turi b\u016bti suprojektuoti taip, kad b\u016bt\u0173 i\u0161vengta nelaiming\u0173 atsitikim\u0173 ir u\u017etikrintas personalo bei ma\u0161in\u0173 saugumas. Jie turi atitikti atitinkamus saugos standartus ir reglamentus.<\/li>\n<li>Prie\u017ei\u016bra: Svirtiniai cilindrai tur\u0117t\u0173 b\u016bti suprojektuoti taip, kad juos b\u016bt\u0173 lengva pri\u017ei\u016br\u0117ti ir remontuoti, pavyzd\u017eiui, b\u016bt\u0173 lengva prieiga prie sandarikli\u0173 ir kit\u0173 komponent\u0173.<\/li>\n<\/ul>\n<p><img decoding=\"async\" src=\"https:\/\/www.hydraulic-cylinders.net\/wp-content\/uploads\/2025\/01\/songte-cylinder-head-with-all-kinds-excavator-models.webp\" alt=\"KYM KY60A svirties cilindras\" \/><\/p>\n<h3>Sandarinimas ir tepimas<\/h3>\n<p>Svirtiniuose cilindruose turi b\u016bti naudojami \u012fvair\u016bs sandarikliai, tokie kaip st\u016bmokliniai ir kot\u0173 sandarikliai. \u0160ie sandarikliai turi b\u016bti pagaminti i\u0161 atspari\u0173 dilimui med\u017eiag\u0173, toki\u0173 kaip poliuretanas ir nitrilo kau\u010diukas. Cilindro galvut\u0117 ir cilindro korpuso sriegio pavir\u0161ius turi b\u016bti kruop\u0161\u010diai apdirbti, kad b\u016bt\u0173 padidintas atsparumas dilimui. Taip pat b\u016btina reguliariai \u012fpilti atitinkamos hidraulin\u0117s alyvos tepimui.<\/p>\n<h3>Reguliarios patikros ir prevencin\u0117s prie\u017ei\u016bros priemon\u0117s<\/h3>\n<p>Norint u\u017etikrinti tinkam\u0105 svirties cilindr\u0173 veikim\u0105, b\u016btina reguliariai tikrinti ir atlikti profilaktin\u0119 prie\u017ei\u016br\u0105. Reik\u0117t\u0173 imtis \u0161i\u0173 priemoni\u0173:<\/p>\n<ul>\n<li>Reguliariai tikrinkite sandariklius, ar jie n\u0117ra susid\u0117v\u0117j\u0119, ir prireikus juos pakeiskite.<\/li>\n<li>Patikrinkite cilindro korpus\u0105 ir st\u016bmokl\u012f, ar n\u0117ra pa\u017eeidim\u0173 ar susid\u0117v\u0117jimo, ir prireikus pakeiskite juos.<\/li>\n<li>Patikrinkite sriegio galo pavir\u0161i\u0173, ar n\u0117ra susid\u0117v\u0117jimo ir \u012fbr\u0117\u017eim\u0173, ir prireikus juos pataisykite arba pakeiskite.<\/li>\n<li>Reguliariai pilkite atitinkamos hidraulin\u0117s alyvos tepimui.<\/li>\n<li>Periodin\u0117 hidraulin\u0117s sistemos ap\u017ei\u016bra ir prie\u017ei\u016bra.<\/li>\n<\/ul>\n<p><img decoding=\"async\" src=\"https:\/\/www.hydraulic-cylinders.net\/wp-content\/uploads\/2025\/01\/songte-chushion-collar.webp\" alt=\"KYM KY60A svirties cilindras\" \/><\/p>\n<h3>Produkto diegimo vadovas<\/h3>\n<p>Nor\u0117dami tinkamai sumontuoti cilindro rankenas, laikykit\u0117s \u0161i\u0173 nurodym\u0173:<\/p>\n<ul>\n<li>\u012esitikinkite, kad tvirtinimo pavir\u0161ius yra \u0161varus ir be dulki\u0173 bei ter\u0161al\u0173.<\/li>\n<li>Sulygiuokite cilindr\u0105 su tvirtinimo pavir\u0161iumi ir \u012fsukite tvirtinimo var\u017etus arba sraigtus.<\/li>\n<li>Prijunkite hidraulines \u017earnas prie cilindro pagal hidraulin\u0117s grandin\u0117s schem\u0105.<\/li>\n<li>U\u017epildykite hidraulin\u0119 sistem\u0105 tinkama hidrauline alyva.<\/li>\n<li>Patikrinkite cilindr\u0105, ar jis tinkamai veikia.<\/li>\n<\/ul>\n<h3>Saugos aspektai ir aplinkos veiksniai<\/h3>\n<p>Dirbant su mechanizmais, turin\u010diais cilindrus su rankenomis, labai svarbios saugos priemon\u0117s. Norint u\u017etikrinti personalo ir mechanizm\u0173 saug\u0105, b\u016btinas tinkamas mokymas ir i\u0161silavinimas, kaip valdyti ir pri\u017ei\u016br\u0117ti ma\u0161inas. Taip pat reik\u0117t\u0173 atsi\u017evelgti \u012f tokius aplinkos veiksnius kaip temperat\u016bra, dr\u0117gm\u0117, dulk\u0117s ir \u0161iuk\u0161l\u0117s, ir imtis tinkam\u0173 priemoni\u0173, kad b\u016bt\u0173 u\u017etikrintas tinkamas cilindr\u0173 su rankenomis veikimas.<\/p>\n<h3>Trik\u010di\u0173 \u0161alinimas ir da\u017eniausios problemos<\/h3>\n<p>Da\u017eniausios svirtini\u0173 cilindr\u0173 problemos yra nuot\u0117kiai, suma\u017e\u0117j\u0119s na\u0161umas ir sandarikli\u0173 pa\u017eeidimai. Trik\u010dius galima pa\u0161alinti patikrinus sandariklius, hidraulinio skys\u010dio lyg\u012f ir hidraulin\u0117s sistemos sraut\u0105. Daugeliu atvej\u0173 problem\u0105 galima i\u0161spr\u0119sti pakei\u010diant sandariklius arba suremontuojant hidraulin\u0119 sistem\u0105. Prevencin\u0117s priemon\u0117s, tokios kaip reguliari prie\u017ei\u016bra, gali suma\u017einti problem\u0173 tikimyb\u0119 ir padidinti svirtini\u0173 cilindr\u0173 tarnavimo laik\u0105.<\/p>\n<p><img decoding=\"async\" src=\"https:\/\/www.hydraulic-cylinders.net\/wp-content\/uploads\/2025\/01\/songte-bushings-with-all-kinds-of-excavator-models.webp\" alt=\"KYM KY60A svirties cilindras\" \/><\/p>\n<h3>Apie mus<\/h3>\n<p>Esame profesionalus pakaitini\u0173 hidraulini\u0173 cilindr\u0173 gamintojas, si\u016blantis plat\u0173 gamini\u0173 asortiment\u0105, ir tapome vienu i\u0161 pirmaujan\u010di\u0173 hidraulini\u0173 cilindr\u0173 gamintoj\u0173 ir didmenini\u0173 platintoj\u0173 vidaus ir u\u017esienio rinkose. Savo kruop\u0161\u010diai pagamintuose cechuose visada laikom\u0117s puikios kokyb\u0117s principo ir taikome pramonin\u0117s gamybos valdymo strategijas, kad nuolat gerintume savo technologin\u012f lyg\u012f ir gamybos efektyvum\u0105. \u012ediegdami auk\u0161\u010diausios klas\u0117s skaitmenin\u0119 gamybos \u012frang\u0105 ir profesionalias bandym\u0173 sistemas, optimizuojame savo gamybos platform\u0105, tobuliname gamini\u0173 kokyb\u0117s kontrol\u0117s procesus ir turime stiprias inovacij\u0173 galimybes. M\u016bs\u0173 tikslas \u2013 patenkinti \u012fvairius klient\u0173 poreikius, taikant auk\u0161t\u0105 efektyvum\u0105, tikslum\u0105 ir auk\u0161tos kokyb\u0117s principus.<\/p>\n<p>Did\u017eiuojam\u0117s savo profesionalumu, tarptautiniais sertifikatais, individualiai pritaikytomis paslaugomis, gamybos \u012franga ir aptarnavimu po pardavimo.<\/p>\n<p><img decoding=\"async\" src=\"https:\/\/www.hydraulic-cylinders.net\/wp-content\/uploads\/2025\/01\/songte-company-4.webp\" alt=\"KYM KY60A svirties cilindras\" \/><br \/>\n<img decoding=\"async\" src=\"https:\/\/www.hydraulic-cylinders.net\/wp-content\/uploads\/2025\/01\/songte-company-3.webp\" alt=\"KYM KY60A svirties cilindras\" \/><\/p>\n<p>Autorius: lyl.<\/p>","protected":false},"excerpt":{"rendered":"<p>Arm Cylinder For KYM KY60A Introduction An arm cylinder is a specially designed hydraulic cylinder used to provide linear motion and power to the arms of various machinery including excavators, cranes, and mechanical arms. It plays a crucial role in hydraulic systems, enabling the effective movement and control of additional tools or attachments. These cylinders [&hellip;]<\/p>","protected":false},"featured_media":14783,"comment_status":"open","ping_status":"closed","template":"","meta":{"_et_pb_use_builder":"","_et_pb_old_content":"","_et_gb_content_width":""},"product_brand":[],"product_cat":[1497],"product_tag":[1498,1496],"class_list":{"0":"post-16738","1":"product","2":"type-product","3":"status-publish","4":"has-post-thumbnail","6":"product_cat-arm-cylinders","7":"product_tag-arm-cylinders","8":"product_tag-hydraulic-cylinders","10":"first","11":"instock","12":"shipping-taxable","13":"product-type-simple"},"amp_enabled":true,"_links":{"self":[{"href":"https:\/\/www.hydraulic-cylinders.net\/lt\/wp-json\/wp\/v2\/product\/16738","targetHints":{"allow":["GET"]}}],"collection":[{"href":"https:\/\/www.hydraulic-cylinders.net\/lt\/wp-json\/wp\/v2\/product"}],"about":[{"href":"https:\/\/www.hydraulic-cylinders.net\/lt\/wp-json\/wp\/v2\/types\/product"}],"replies":[{"embeddable":true,"href":"https:\/\/www.hydraulic-cylinders.net\/lt\/wp-json\/wp\/v2\/comments?post=16738"}],"wp:featuredmedia":[{"embeddable":true,"href":"https:\/\/www.hydraulic-cylinders.net\/lt\/wp-json\/wp\/v2\/media\/14783"}],"wp:attachment":[{"href":"https:\/\/www.hydraulic-cylinders.net\/lt\/wp-json\/wp\/v2\/media?parent=16738"}],"wp:term":[{"taxonomy":"product_brand","embeddable":true,"href":"https:\/\/www.hydraulic-cylinders.net\/lt\/wp-json\/wp\/v2\/product_brand?post=16738"},{"taxonomy":"product_cat","embeddable":true,"href":"https:\/\/www.hydraulic-cylinders.net\/lt\/wp-json\/wp\/v2\/product_cat?post=16738"},{"taxonomy":"product_tag","embeddable":true,"href":"https:\/\/www.hydraulic-cylinders.net\/lt\/wp-json\/wp\/v2\/product_tag?post=16738"}],"curies":[{"name":"wp","href":"https:\/\/api.w.org\/{rel}","templated":true}]}}