{"id":16740,"date":"2025-01-21T05:50:55","date_gmt":"2025-01-21T05:50:55","guid":{"rendered":"https:\/\/www.hydraulic-cylinders.net\/product\/arm-cylinder-for-kym-ky85b\/"},"modified":"2025-01-21T05:50:57","modified_gmt":"2025-01-21T05:50:57","slug":"arm-cylinder-for-kym-ky85b","status":"publish","type":"product","link":"https:\/\/www.hydraulic-cylinders.net\/lt\/produktas\/arm-cylinder-for-kym-ky85b\/","title":{"rendered":"KYM KY85B svirties cilindras"},"content":{"rendered":"<h1>KYM KY85B svirties cilindras<\/h1>\n<h2>Produkto apibr\u0117\u017eimas<\/h2>\n<p>Svirties cilindras yra specialiai suprojektuotas hidraulinis cilindras, u\u017etikrinantis tiesin\u012f jud\u0117jim\u0105 ir gali\u0105 \u012fvairi\u0173 ma\u0161in\u0173, toki\u0173 kaip ekskavatoriai, kranai ir robotin\u0117s svirtys, svirtims. Jis atlieka labai svarb\u0173 vaidmen\u012f hidraulin\u0117se sistemose, nes leid\u017eia efektyviai jud\u0117ti ir valdyti papildomus \u012frankius ar priedus. \u0160ie cilindrai ne tik u\u017etikrina skland\u0173 jud\u0117jim\u0105, bet ir atlaiko dideles apkrovas, u\u017etikrindami auk\u0161t\u0105 veikimo efektyvum\u0105 ir patikimum\u0105 \u012fvairiomis darbo s\u0105lygomis.<\/p>\n<h2>Produkto vaizdas<\/h2>\n<p><img decoding=\"async\" src=\"https:\/\/www.hydraulic-cylinders.net\/wp-content\/uploads\/2025\/01\/songte-company-2.webp\" alt=\"Svirties cilindro vaizdas\"><\/p>\n<h2>Produkto savyb\u0117s<\/h2>\n<ul>\n<li>\n<h3>Didelio efektyvumo transmisija<\/h3>\n<p>Svirties cilindras u\u017etikrina galing\u0105 tiesin\u012f judes\u012f ir j\u0117g\u0105, u\u017etikrindamas auk\u0161t\u0105 mechanin\u0117s svirties veikim\u0105 atliekant \u012fvairias u\u017eduotis.<\/p>\n<\/li>\n<li>\n<h3>Tikslus valdymas<\/h3>\n<p>Hidraulin\u0117s sistemos d\u0117ka svirties cilindras leid\u017eia tiksliai valdyti judes\u012f, tod\u0117l pritvirtint\u0173 \u012franki\u0173 valdymas tampa lankstesnis ir tikslesnis.<\/p>\n<\/li>\n<li>\n<h3>Patvarumas<\/h3>\n<p>Svirtiniai cilindrai paprastai gaminami i\u0161 didelio stiprumo med\u017eiag\u0173, kurios pasi\u017eymi puikiu atsparumu dilimui ir korozijai, tod\u0117l tinka ilgalaikiam naudojimui at\u0161iauriomis s\u0105lygomis.<\/p>\n<\/li>\n<li>\n<h3>Daugiafunkcis prisitaikymas<\/h3>\n<p>\u0160ie cilindrai gali b\u016bti pla\u010diai naudojami \u012fvairiems mechaniniams \u012frenginiams, tokiems kaip ekskavatoriai, kranai ir robotin\u0117s rankos, pritaikant juos skirtingiems darbo reikalavimams.<\/p>\n<\/li>\n<li>\n<h3>Lengva prie\u017ei\u016bra<\/h3>\n<p>Sukurti atsi\u017evelgiant \u012f paprast\u0105 prie\u017ei\u016br\u0105 ir keitim\u0105, svirties cilindrai palengvina patogias periodines patikras ir technin\u0119 prie\u017ei\u016br\u0105, taip suma\u017einant \u012frangos prastovas.<\/p>\n<\/li>\n<\/ul>\n<h2>Produkto pakeitimo paveiksl\u0117lis<\/h2>\n<p><img decoding=\"async\" src=\"https:\/\/www.hydraulic-cylinders.net\/wp-content\/uploads\/2025\/01\/songte-oil-pipes-and-spare-parts.webp\" alt=\"Produkto pakeitimo paveiksl\u0117lis\"><\/p>\n<h2>Parai\u0161kos<\/h2>\n<ul>\n<li>\n<h3>Statybos in\u017einerija<\/h3>\n<p>Ekskavatoriuose ir kranuose str\u0117li\u0173 cilindrai valdo kau\u0161\u0173 arba str\u0117li\u0173 jud\u0117jim\u0105 atliekant \u017eem\u0117s darbus, med\u017eiag\u0173 tvarkym\u0105 ir konstrukcij\u0173 montavim\u0105.<\/p>\n<\/li>\n<li>\n<h3>Gamybos pramon\u0117<\/h3>\n<p>Automatizuotose gamybos linijose ranken\u0173 cilindrai leid\u017eia robotin\u0117ms rankoms jud\u0117ti, atliekant surinkimo, suvirinimo ir tvarkymo procesus, siekiant padidinti gamybos efektyvum\u0105 ir tikslum\u0105.<\/p>\n<\/li>\n<li>\n<h3>\u017dem\u0117s \u016bkio technika<\/h3>\n<p>\u017dem\u0117s \u016bkio ma\u0161inose, tokiose kaip derliaus nu\u0117mimo ma\u0161inos ir s\u0117jamosios, svir\u010di\u0173 cilindrai valdo valdymo svir\u010di\u0173 jud\u0117jim\u0105 atliekant tokias u\u017eduotis kaip s\u0117ja, tr\u0119\u0161imas ir derliaus nu\u0117mimas.<\/p>\n<\/li>\n<li>\n<h3>Kasyba<\/h3>\n<p>Kasybos \u012frangoje svirties cilindrai valdo svirties jud\u0117jim\u0105 kasant ir transportuojant r\u016bdas.<\/p>\n<\/li>\n<li>\n<h3>Logistika ir transportas<\/h3>\n<p>\u0160akiniuose krautuvuose ir krovini\u0173 krovimo robotuose svir\u010di\u0173 cilindrai valdo \u0161aki\u0173 k\u0117lim\u0105 ir jud\u0117jim\u0105, taip \u012fgalindami med\u017eiag\u0173 tvarkym\u0105 ir krovim\u0105.<\/p>\n<\/li>\n<\/ul>\n<h2>Projektavimo aspektai ir atrankos kriterijai<\/h2>\n<ul>\n<li>\n<h3>Apkrovos paj\u0117gumas<\/h3>\n<p>Svirties cilindras turi b\u016bti parenkamas atsi\u017evelgiant \u012f jo geb\u0117jim\u0105 atlaikyti numatomas apkrovas nepakenkiant na\u0161umui ir saugumui.<\/p>\n<\/li>\n<li>\n<h3>Sandarinimas<\/h3>\n<p>Reik\u0117t\u0173 naudoti \u012fvairius sandarinimo elementus, tokius kaip st\u016bmokli\u0173 ir kot\u0173 sandarikliai, pagamintus i\u0161 atspari\u0173 dilimui med\u017eiag\u0173, toki\u0173 kaip poliuretanas ir nitrilo kau\u010diukas. Cilindro korpusas ir srieginiai galiniai pavir\u0161iai turi b\u016bti kruop\u0161\u010diai apdorojami, kad padid\u0117t\u0173 atsparumas dilimui. Norint tinkamai veikti, b\u016btina reguliariai tepti hidrauline alyva.<\/p>\n<\/li>\n<li>\n<h3>Patvarumas<\/h3>\n<p>Svirties cilindras turi b\u016bti suprojektuotas ir pagamintas i\u0161 patvari\u0173 med\u017eiag\u0173 ir komponent\u0173, kad atlaikyt\u0173 sud\u0117tingas eksploatavimo s\u0105lygas.<\/p>\n<\/li>\n<li>\n<h3>Saugumas<\/h3>\n<p>Labai svarbu u\u017etikrinti svirties cilindro saugum\u0105 eksploatacijos metu, tod\u0117l reik\u0117t\u0173 atsi\u017evelgti \u012f tokias saugos priemones kaip sl\u0117gio ma\u017einimo vo\u017etuvai ir avarinio stabdymo sistemos.<\/p>\n<\/li>\n<li>\n<h3>Prie\u017ei\u016bra<\/h3>\n<p>Konstrukcija tur\u0117t\u0173 b\u016bti tokia, kad b\u016bt\u0173 lengva pri\u017ei\u016br\u0117ti ir remontuoti, siekiant suma\u017einti prastovas. Reguliar\u016bs patikrinimai ir prevencin\u0117 prie\u017ei\u016bra yra labai svarb\u016bs optimaliam veikimui ir ilgaam\u017ei\u0161kumui.<\/p>\n<\/li>\n<\/ul>\n<h2>Produkto sandarinimo ir tepimo paveiksl\u0117lis<\/h2>\n<p><img decoding=\"async\" src=\"https:\/\/www.hydraulic-cylinders.net\/wp-content\/uploads\/2025\/01\/songte-cylinder-head-with-all-kinds-excavator-models.webp\" alt=\"Sandarinimo ir tepimo paveiksl\u0117lis\"><\/p>\n<h2>Reguliarios patikros ir prevencin\u0117s prie\u017ei\u016bros priemon\u0117s<\/h2>\n<ul>\n<li>\n<h3>Reguliarus patikrinimas<\/h3>\n<p>Reik\u0117t\u0173 periodi\u0161kai tikrinti svirties cilindr\u0105, kad b\u016bt\u0173 nustatyti bet kokie susid\u0117v\u0117jimo, nuot\u0117kio ar pa\u017eeidimo po\u017eymiai. Patikrinti reik\u0117t\u0173 sandariklius, st\u016bmoklius, \u0161vaistiklius ir kitus svarbius komponentus.<\/p>\n<\/li>\n<li>\n<h3>Profilaktin\u0117 prie\u017ei\u016bra<\/h3>\n<p>\u012egyvendinant prevencines prie\u017ei\u016bros priemones, tokias kaip atitinkam\u0173 dali\u0173 valymas, tepimas ir priver\u017eimas, galima i\u0161vengti galim\u0173 problem\u0173 ir u\u017etikrinti optimal\u0173 na\u0161um\u0105.<\/p>\n<\/li>\n<\/ul>\n<h2>Produkto diegimo vadovas<\/h2>\n<p>Nor\u0117dami tinkamai sumontuoti cilindro formos ranken\u0105, atlikite \u0161iuos veiksmus:<\/p>\n<ol>\n<li>\u012esitikinkite, kad mechanizmas yra i\u0161jungtas ir i\u0161leistas visas hidraulinis sl\u0117gis.<\/li>\n<li>Pad\u0117kite svirties cilindr\u0105 numatytoje tvirtinimo vietoje, sulygiuodami j\u012f su tvirtinimo ta\u0161kais.<\/li>\n<li>Tvirtai pritvirtinkite svirties cilindr\u0105 naudodami tinkamus var\u017etus ir u\u017etikrinkite tinkam\u0105 sulygiavim\u0105.<\/li>\n<li>Patikrinkite visas jungtis ir jungiam\u0105sias detales, ar n\u0117ra nuot\u0117ki\u0173 ar atsilaisvinusi\u0173 jung\u010di\u0173.<\/li>\n<li>Hidraulin\u0119 sistem\u0105 papildykite rekomenduojama hidrauline alyva.<\/li>\n<li>Patikrinkite, ar svirties cilindras tinkamai veikia, ir prireikus sureguliuokite.<\/li>\n<\/ol>\n<h2>Produkto saugos aspektai ir aplinkos veiksniai<\/h2>\n<p>Naudojant svirtin\u012f cilindr\u0105, svarbu laikytis saugos priemoni\u0173, kad b\u016bt\u0173 i\u0161vengta nelaiming\u0173 atsitikim\u0173 ir u\u017etikrinta personalo bei \u012frangos apsauga. Reikia imtis saugos priemoni\u0173, kad b\u016bt\u0173 i\u0161vengta perkrovos, darbo ne pagal rekomenduojamus darbo parametrus ar \u012fprastin\u0117s prie\u017ei\u016bros neatlikimo.<\/p>\n<h2>Produkto gedim\u0173 diagnostika ir da\u017eniausios problemos<\/h2>\n<p>Da\u017eniausi svirties cilindro gedimai ir problemos yra nuot\u0117kis, nepakankama galia, netolygus jud\u0117jimas ir ne\u012fprastas triuk\u0161mas. \u0160ias problemas gali sukelti susid\u0117v\u0117j\u0119 sandarikliai, pa\u017eeisti st\u016bmokliai arba nepakankamas tepimas.<\/p>\n<h2>Trik\u010di\u0173 \u0161alinimo patarimai ir sprendimai<\/h2>\n<p>Kilus problem\u0173 su cilindro rankena, atsi\u017evelkite \u012f \u0161iuos patarimus:<\/p>\n<ul>\n<li>Patikrinkite ir pakeiskite susid\u0117v\u0117jusius sandariklius arba pa\u017eeistus komponentus.<\/li>\n<li>U\u017etikrinkite tinkam\u0105 tepim\u0105 reguliariai tikrindami ir pildami rekomenduojam\u0105 hidraulin\u0119 alyv\u0105.<\/li>\n<li>Patikrinkite, ar n\u0117ra kli\u016b\u010di\u0173 ar nesutapim\u0173, kurie gali trukdyti skland\u017eiam veikimui.<\/li>\n<li>Perskaitykite gamintojo instrukcijas ir, jei reikia, kreipkit\u0117s profesionalios pagalbos.<\/li>\n<\/ul>\n<h2>Produkto gedim\u0173 diagnostikos ir da\u017eniausiai pasitaikan\u010di\u0173 problem\u0173 paveiksl\u0117lis<\/h2>\n<p><img decoding=\"async\" src=\"https:\/\/www.hydraulic-cylinders.net\/wp-content\/uploads\/2025\/01\/songte-chushion-collar.webp\" alt=\"Gedim\u0173 diagnostikos ir da\u017eniausiai pasitaikan\u010di\u0173 problem\u0173 paveiksl\u0117lis\"><\/p>\n<p>Nepamir\u0161kite straipsn\u012f strukt\u016brizuoti logi\u0161kai, naudoti paantra\u0161tes lengvam nar\u0161ymui, \u012ftraukti atitinkam\u0173 vaizd\u0173 ar diagram\u0173, kad b\u016bt\u0173 lengviau suprasti, ir u\u017etikrinti ai\u0161kum\u0105, glaustum\u0105 bei tinkamum\u0105 skaitytojams, turintiems skirting\u0105 technini\u0173 \u017eini\u0173 lyg\u012f.<\/p>\n<h2>Apie m\u016bs\u0173 \u012fmon\u0119<\/h2>\n<p>Autorius: lyl<\/p>\n<p>Esame profesionalus gamintojas, kurio specializacija \u2013 pakaitini\u0173 hidraulini\u0173 cilindr\u0173 gamyba. Tur\u0117dami plat\u0173 gamini\u0173 asortiment\u0105, tapome vienu i\u0161 pirmaujan\u010di\u0173 hidraulini\u0173 cilindr\u0173 gamintoj\u0173 ir didmenini\u0173 platintoj\u0173 tiek vidaus, tiek tarptautin\u0117se rinkose. Vadovaujam\u0117s kokyb\u0117s puikumo principu ir nuolat tobuliname savo technologinius paj\u0117gumus bei gamybos efektyvum\u0105, taikydami industrializuotas gamybos valdymo strategijas savo pa\u017eangiose gamybos dirbtuv\u0117se. \u012ediegdami auk\u0161\u010diausios klas\u0117s skaitmenin\u0119 gamybos \u012frang\u0105 ir profesionalias bandym\u0173 sistemas, optimizuojame savo gamybos platform\u0105 ir tobuliname gamini\u0173 kokyb\u0117s kontrol\u0117s procesus, demonstruodami stiprias inovacij\u0173 galimybes. M\u016bs\u0173 tikslas \u2013 efektyviai, tiksliai ir auk\u0161tos kokyb\u0117s produktais patenkinti \u012fvairius klient\u0173 poreikius.<\/p>\n<h2>\u012emon\u0117s pristatymo vaizdai<\/h2>\n<p><img decoding=\"async\" src=\"https:\/\/www.hydraulic-cylinders.net\/wp-content\/uploads\/2025\/01\/songte-company-4.webp\" alt=\"\u012emon\u0117s pristatymo paveiksl\u0117lis\"><br \/>\n<img","protected":false},"excerpt":{"rendered":"<p>Arm Cylinder For KYM KY85B Product Definition The arm cylinder is a specially designed hydraulic cylinder that provides linear motion and power to the arms of various machinery such as excavators, cranes, and robotic arms. It plays a critical role in hydraulic systems, enabling the efficient movement and control of additional tools or attachments. These [&hellip;]<\/p>","protected":false},"featured_media":14777,"comment_status":"open","ping_status":"closed","template":"","meta":{"_et_pb_use_builder":"","_et_pb_old_content":"","_et_gb_content_width":""},"product_brand":[],"product_cat":[1497],"product_tag":[1498,1496],"class_list":{"0":"post-16740","1":"product","2":"type-product","3":"status-publish","4":"has-post-thumbnail","6":"product_cat-arm-cylinders","7":"product_tag-arm-cylinders","8":"product_tag-hydraulic-cylinders","10":"first","11":"instock","12":"shipping-taxable","13":"product-type-simple"},"amp_enabled":true,"_links":{"self":[{"href":"https:\/\/www.hydraulic-cylinders.net\/lt\/wp-json\/wp\/v2\/product\/16740","targetHints":{"allow":["GET"]}}],"collection":[{"href":"https:\/\/www.hydraulic-cylinders.net\/lt\/wp-json\/wp\/v2\/product"}],"about":[{"href":"https:\/\/www.hydraulic-cylinders.net\/lt\/wp-json\/wp\/v2\/types\/product"}],"replies":[{"embeddable":true,"href":"https:\/\/www.hydraulic-cylinders.net\/lt\/wp-json\/wp\/v2\/comments?post=16740"}],"wp:featuredmedia":[{"embeddable":true,"href":"https:\/\/www.hydraulic-cylinders.net\/lt\/wp-json\/wp\/v2\/media\/14777"}],"wp:attachment":[{"href":"https:\/\/www.hydraulic-cylinders.net\/lt\/wp-json\/wp\/v2\/media?parent=16740"}],"wp:term":[{"taxonomy":"product_brand","embeddable":true,"href":"https:\/\/www.hydraulic-cylinders.net\/lt\/wp-json\/wp\/v2\/product_brand?post=16740"},{"taxonomy":"product_cat","embeddable":true,"href":"https:\/\/www.hydraulic-cylinders.net\/lt\/wp-json\/wp\/v2\/product_cat?post=16740"},{"taxonomy":"product_tag","embeddable":true,"href":"https:\/\/www.hydraulic-cylinders.net\/lt\/wp-json\/wp\/v2\/product_tag?post=16740"}],"curies":[{"name":"wp","href":"https:\/\/api.w.org\/{rel}","templated":true}]}}