{"id":16741,"date":"2025-01-21T05:50:59","date_gmt":"2025-01-21T05:50:59","guid":{"rendered":"https:\/\/www.hydraulic-cylinders.net\/product\/arm-cylinder-for-kym-ky105a\/"},"modified":"2025-01-21T05:51:01","modified_gmt":"2025-01-21T05:51:01","slug":"arm-cylinder-for-kym-ky105a","status":"publish","type":"product","link":"https:\/\/www.hydraulic-cylinders.net\/lt\/produktas\/arm-cylinder-for-kym-ky105a\/","title":{"rendered":"KYM KY105A svirties cilindras"},"content":{"rendered":"<h1>KYM KY105A svirties cilindras<\/h1>\n<h2>\u012evadas<\/h2>\n<p>Svirties cilindras yra specialiai suprojektuotas hidraulinis cilindras, u\u017etikrinantis tiesin\u012f jud\u0117jim\u0105 ir gali\u0105 \u012fvairi\u0173 tip\u0173 ma\u0161in\u0173, toki\u0173 kaip ekskavatoriai, kranai ir robotin\u0117s rankos, svir\u010diai. Jis atlieka labai svarb\u0173 vaidmen\u012f hidraulin\u0117se sistemose, nes leid\u017eia efektyviai jud\u0117ti ir valdyti papildomus \u012frankius ar priedus. \u0160ie cilindrai ne tik u\u017etikrina skland\u0173 jud\u0117jim\u0105, bet ir atlaiko dideles apkrovas, u\u017etikrindami efektyv\u0173 ma\u0161in\u0173 veikim\u0105 ir patikimum\u0105 \u012fvairiomis darbo s\u0105lygomis.<\/p>\n<p><img decoding=\"async\" src=\"https:\/\/www.hydraulic-cylinders.net\/wp-content\/uploads\/2025\/01\/songte-company-2.webp\"><\/p>\n<h2>Savyb\u0117s<\/h2>\n<ul>\n<li>Didelio efektyvumo transmisija: Svirties cilindras u\u017etikrina galing\u0105 tiesin\u012f judes\u012f ir j\u0117g\u0105, u\u017etikrindamas auk\u0161t\u0105 na\u0161um\u0105 atliekant \u012fvairias operacijas.<\/li>\n<li>Tikslus valdymas: Hidraulin\u0117s sistemos d\u0117ka svirties cilindras leid\u017eia tiksliai valdyti judes\u012f, tod\u0117l pritvirtint\u0173 \u012franki\u0173 valdymas tampa lankstesnis ir tikslesnis.<\/li>\n<li>Patvarumas: Svirtiniai cilindrai paprastai gaminami i\u0161 didelio stiprumo med\u017eiag\u0173, kurios pasi\u017eymi puikiu atsparumu dilimui ir korozijai, tod\u0117l tinka ilgalaikiam naudojimui at\u0161iauriomis s\u0105lygomis.<\/li>\n<li>Daugiafunkcis pritaikomumas: \u0160ie cilindrai gali b\u016bti pla\u010diai naudojami \u012fvairi\u0173 tip\u0173 ma\u0161inoms, tokioms kaip ekskavatoriai, kranai ir robotin\u0117s rankos, prisitaikant prie skirting\u0173 darbo reikalavim\u0173.<\/li>\n<li>Lengva prie\u017ei\u016bra: Projektuojant buvo atsi\u017evelgta \u012f lengv\u0105 prie\u017ei\u016br\u0105 ir keitim\u0105, tod\u0117l reguliari ap\u017ei\u016bra ir technin\u0117 prie\u017ei\u016bra yra patogesn\u0117, tod\u0117l sutrump\u0117ja \u012frangos prastovos.<\/li>\n<\/ul>\n<p><img decoding=\"async\" src=\"https:\/\/www.hydraulic-cylinders.net\/wp-content\/uploads\/2025\/01\/songte-oil-pipes-and-spare-parts.webp\"><\/p>\n<h2>Parai\u0161kos<\/h2>\n<p>Svirtiniai cilindrai naudojami \u012fvairiose pramon\u0117s \u0161akose:<\/p>\n<h3>1. Statybos in\u017einerija<\/h3>\n<p>Ekskavatoriuose ir kranuose str\u0117l\u0117s cilindrai valdo kau\u0161o arba str\u0117l\u0117s jud\u0117jim\u0105, palengvindami \u017eem\u0117s darbus, med\u017eiag\u0173 tvarkym\u0105 ir konstrukcij\u0173 montavim\u0105.<\/p>\n<h3>2. Gamybos pramon\u0117<\/h3>\n<p>Automatizuotose gamybos linijose robotini\u0173 rank\u0173 judinimui naudojami rank\u0173 cilindrai, leid\u017eiantys atlikti tokius procesus kaip surinkimas, suvirinimas ir med\u017eiag\u0173 tvarkymas, taip pagerinant gamybos efektyvum\u0105 ir tikslum\u0105.<\/p>\n<h3>3. \u017dem\u0117s \u016bkio technika<\/h3>\n<p>\u017dem\u0117s \u016bkio technikose, tokiose kaip derliaus nu\u0117mimo ma\u0161inos ir s\u0117jamosios, svir\u010di\u0173 cilindrai valdo darbini\u0173 svir\u010di\u0173 jud\u0117jim\u0105, atlikdami tokias u\u017eduotis kaip s\u0117ja, tr\u0119\u0161imas ir derliaus nu\u0117mimas.<\/p>\n<h3>4. Kasyba<\/h3>\n<p>Kasybos \u012frangoje svirties cilindrai naudojami kasybos ma\u0161in\u0173 svirties jud\u0117jimui valdyti, palengvinant r\u016bdos gavyb\u0105 ir transportavim\u0105.<\/p>\n<h3>5. Logistika ir transportas<\/h3>\n<p>\u0160akiniuose krautuvuose ir krovini\u0173 krovimo robotuose svir\u010di\u0173 cilindrai valdo \u0161aki\u0173 k\u0117lim\u0105 ir jud\u0117jim\u0105, leisdami transportuoti ir krauti med\u017eiagas.<\/p>\n<p><img decoding=\"async\" src=\"https:\/\/www.hydraulic-cylinders.net\/wp-content\/uploads\/2025\/01\/songte-chushion-collar.webp\"><\/p>\n<h2>Projektavimo aspektai ir atrankos kriterijai<\/h2>\n<p>Projektuojant cilindro formos rankenas, atsi\u017evelgiama \u012f kelis veiksnius:<\/p>\n<h3>1. Apkrovos paj\u0117gumas<\/h3>\n<p>Balionas turi b\u016bti suprojektuotas taip, kad atlaikyt\u0173 maksimali\u0105 apkrov\u0105, su kuria jis susidurs eksploatacijos metu, u\u017etikrinant jo konstrukcijos vientisum\u0105 ir veikim\u0105.<\/p>\n<h3>2. Sandarinimas<\/h3>\n<p>Hidraulinio skys\u010dio nuot\u0117kiui i\u0161vengti naudojami \u012fvair\u016bs sandarinimo elementai, tokie kaip st\u016bmokli\u0173 ir kot\u0173 sandarikliai. \u0160ie sandarikliai paprastai gaminami i\u0161 atspari\u0173 dilimui med\u017eiag\u0173, toki\u0173 kaip poliuretanas ir nitrilo kau\u010diukas. Be to, cilindro korpusas ir srieginiai galai yra kruop\u0161\u010diai apdorojami, siekiant padidinti atsparum\u0105 dilimui. Norint u\u017etikrinti tinkam\u0105 sandarum\u0105 ir sutepim\u0105, b\u016btina reguliariai tepti hidrauline alyva.<\/p>\n<p><img decoding=\"async\" src=\"https:\/\/www.hydraulic-cylinders.net\/wp-content\/uploads\/2025\/01\/songte-cylinder-head-with-all-kinds-excavator-models.webp\"><\/p>\n<h2>Reguliarus patikrinimas ir prevencin\u0117 prie\u017ei\u016bra<\/h2>\n<p>Norint i\u0161laikyti optimal\u0173 na\u0161um\u0105 ir pailginti svirties cilindro tarnavimo laik\u0105, b\u016btina reguliariai tikrinti ir atlikti profilaktin\u0119 prie\u017ei\u016br\u0105:<\/p>\n<h3>1. Ap\u017ei\u016bra<\/h3>\n<p>Reguliariai tikrinkite cilindr\u0105, ar n\u0117ra susid\u0117v\u0117jimo, nuot\u0117kio ar pa\u017eeidimo po\u017eymi\u0173. Patikrinkite sandariklius, st\u016bmoklio kot\u0105 ir cilindro korpus\u0105, ar n\u0117ra koki\u0173 nors anomalij\u0173.<\/p>\n<h3>2. Valymas ir tepimas<\/h3>\n<p>I\u0161valykite cilindr\u0105 ir sutepkite tinkamu kiekiu hidraulin\u0117s alyvos. \u012esitikinkite, kad tepimas atliekamas pagal gamintojo nurodymus.<\/p>\n<h3>3. Profilaktin\u0117 prie\u017ei\u016bra<\/h3>\n<p>\u012egyvendinkite prevencines prie\u017ei\u016bros priemones, pvz., pakeiskite susid\u0117v\u0117jusius sandariklius ir komponentus, priver\u017ekite atsilaisvinusias jungtis ir nedelsdami spr\u0119skite visas nustatytas problemas.<\/p>\n<h2>Produkto diegimo vadovas<\/h2>\n<p>Nor\u0117dami tinkamai sumontuoti cilindro svirt\u012f, atlikite \u0161iuos veiksmus:<\/p>\n<ol>\n<li>\u012esitikinkite, kad mechanizmai yra i\u0161jungti ir saugioje b\u016bkl\u0117je montavimui.<\/li>\n<li>Nustatykite tinkam\u0105 svirties cilindro tvirtinimo pad\u0117t\u012f.<\/li>\n<li>Tvirtai pritvirtinkite cilindr\u0105 naudodami pateiktus tvirtinimo laikiklius ir var\u017etus, u\u017etikrindami tinkam\u0105 sulygiavim\u0105.<\/li>\n<li>Prijunkite hidraulines \u017earnas pagal gamintojo instrukcijas, u\u017etikrindami teising\u0105 i\u0161d\u0117stym\u0105 ir tvirtas jungtis.<\/li>\n<li>Patikrinkite, ar n\u0117ra nuot\u0117ki\u0173, ir atlikite funkcin\u012f bandym\u0105, kad u\u017etikrintum\u0117te tinkam\u0105 veikim\u0105.<\/li>\n<\/ol>\n<p><img decoding=\"async\" src=\"https:\/\/www.hydraulic-cylinders.net\/wp-content\/uploads\/2025\/01\/songte-bushings-with-all-kinds-of-excavator-models.webp\"><\/p>\n<h2>Produkto saugos aspektai ir aplinkos veiksniai<\/h2>\n<p>Dirbant su svirtiniais cilindrais, saugos priemon\u0117s yra nepaprastai svarbios. Atsi\u017evelkite \u012f \u0161iuos dalykus:<\/p>\n<p>1. Laikykit\u0117s vis\u0173 ma\u0161inos gamintojo pateikt\u0173 saugos nurodym\u0173 ir atsargumo priemoni\u0173.<\/p>\n<p>2. U\u017etikrinti tinkam\u0105 su \u012franga dirban\u010dio personalo mokym\u0105 ir sertifikavim\u0105.<\/p>\n<p>3. Reguliariai tikrinkite balion\u0105, ar n\u0117ra susid\u0117v\u0117jimo, pa\u017eeidim\u0173 ar nuot\u0117kio po\u017eymi\u0173, kurie gal\u0117t\u0173 pakenkti saugai.<\/p>\n<p>4. Panaudotus hidraulinius skys\u010dius ir kitas med\u017eiagas utilizuokite aplinkai nekenksmingu b\u016bdu.<\/p>\n<p>5. Laikykit\u0117s vietini\u0173 taisykli\u0173 ir aplinkosaugos standart\u0173, susijusi\u0173 su hidraulini\u0173 skys\u010di\u0173 ir susijusi\u0173 med\u017eiag\u0173 naudojimu ir \u0161alinimu.<\/p>\n<h2>Trik\u010di\u0173 \u0161alinimas ir da\u017eniausiai pasitaikan\u010dios problemos<\/h2>\n<p>\u0160tai keletas da\u017eniausiai pasitaikan\u010di\u0173 problem\u0173, kurios gali kilti naudojant cilindr\u0173 rankenas:<\/p>\n<h3>1. Nuot\u0117kis<\/h3>\n<p>Jei i\u0161 cilindro teka hidraulinis skystis, patikrinkite, ar sandarikliai ir jungtys n\u0117ra pa\u017eeisti ar susid\u0117v\u0117j\u0119. Pakeiskite visus sugedusius sandariklius ar komponentus.<\/p>\n<h3>2. Nepakankama galia<\/h3>\n<p>Jei cilindras netiekia pakankamai galios, patikrinkite, ar n\u0117ra hidraulini\u0173 linij\u0173 apribojim\u0173 arba \u017eemo hidraulinio sl\u0117gio. I\u0161spr\u0119skite problem\u0105 pa\u0161alindami visas kli\u016btis arba reguliuodami sistemos sl\u0117g\u012f.<\/p>\n<h3>3. Nenormalus triuk\u0161mas arba vibracija<\/h3>\n<p>Jei cilindras veikimo metu skleid\u017eia ne\u012fprast\u0105 triuk\u0161m\u0105 arba pernelyg stipriai vibruoja, patikrinkite, ar cilindre ir hidraulin\u0117je sistemoje n\u0117ra atsilaisvinusi\u0173 ar pa\u017eeist\u0173 komponent\u0173. Priver\u017ekite jungtis arba pakeiskite pa\u017eeistas dalis, jei reikia.<\/p>\n<p><img decoding=\"async\" src=\"https:\/\/www.hydraulic-cylinders.net\/wp-content\/uploads\/2025\/01\/songte-chushion-collar.webp\"><\/p>\n<p>Tinkama prie\u017ei\u016bra ir saugos nurodym\u0173 laikymasis gali pad\u0117ti suma\u017einti galimas problemas ir u\u017etikrinti optimal\u0173 svirties cilindro veikim\u0105.<\/p>\n<h2>Apie mus<\/h2>\n<p>Esame profesionalus pakaitini\u0173 hidraulini\u0173 cilindr\u0173 gamintojas, si\u016blantis plat\u0173 gamini\u0173 asortiment\u0105. Tapome vienu i\u0161 pirmaujan\u010di\u0173 hidraulini\u0173 cilindr\u0173 gamintoj\u0173 ir didmenini\u0173 platintoj\u0173 vidaus ir tarptautin\u0117se rinkose. M\u016bs\u0173 \u012fsipareigojim\u0105 siekti meistri\u0161kumo \u012frodo puikiai suderintos gamybos dirbtuv\u0117s, pramonin\u0117s gamybos valdymo strategijos ir nuolatinis technologini\u0173 \u017eini\u0173 bei gamybos efektyvumo gerinimas.<\/p>\n<p>\u012ediegdami auk\u0161\u010diausios klas\u0117s skaitmenin\u0119 gamybos \u012frang\u0105 ir profesionalias testavimo sistemas, optimizuojame savo gamybos platform\u0105 ir tobuliname gamini\u0173 kokyb\u0117s kontrol\u0117s procesus, demonstruodami savo stiprius inovacij\u0173 paj\u0117gumus. M\u016bs\u0173 tikslas \u2013 patenkinti \u012fvairius klient\u0173 poreikius, vadovaujantis efektyvumo, tikslumo ir auk\u0161tos kokyb\u0117s principais.<\/p>\n<p><img decoding=\"async\" src=\"https:\/\/www.hydraulic-cylinders.net\/wp-content\/uploads\/2025\/01\/songte-company-4.webp\"><br \/>\n<img decoding=\"async\" src=\"https:\/\/www.hydraulic-cylinders.net\/wp-content\/uploads\/2025\/01\/songte-company-3.webp\"><\/p>\n<p>Kaip \u012fmon\u0117, mes did\u017eiuojam\u0117s:<\/p>\n<ul>\n<li>Profesionalumas ir kompetencija<\/li>\n<li>Tarptautiniai sertifikatai<\/li>\n<li>Pritaikymo paslaugos<\/li>\n<li>Pa\u017eangiausia gamybos \u012franga<\/li>\n<li>I\u0161samus garantinio aptarnavimo aptarnavimas<\/li>\n<\/ul>\n<p>Laikydamiesi \u0161i\u0173 princip\u0173, siekiame b\u016bti j\u016bs\u0173 patikimu partneriu hidraulini\u0173 cilindr\u0173 pramon\u0117je.<\/p>\n<p><em>Autorius: lyl<\/em><\/p>","protected":false},"excerpt":{"rendered":"<p>Arm Cylinder For KYM KY105A Introduction An arm cylinder is a specially designed hydraulic cylinder that provides linear motion and power to the arm of various types of machinery, such as excavators, cranes, and robotic arms. It plays a critical role in hydraulic systems, enabling the effective movement and control of additional tools or attachments. [&hellip;]<\/p>","protected":false},"featured_media":14774,"comment_status":"open","ping_status":"closed","template":"","meta":{"_et_pb_use_builder":"","_et_pb_old_content":"","_et_gb_content_width":""},"product_brand":[],"product_cat":[1497],"product_tag":[1498,1496],"class_list":{"0":"post-16741","1":"product","2":"type-product","3":"status-publish","4":"has-post-thumbnail","6":"product_cat-arm-cylinders","7":"product_tag-arm-cylinders","8":"product_tag-hydraulic-cylinders","10":"first","11":"instock","12":"shipping-taxable","13":"product-type-simple"},"amp_enabled":true,"_links":{"self":[{"href":"https:\/\/www.hydraulic-cylinders.net\/lt\/wp-json\/wp\/v2\/product\/16741","targetHints":{"allow":["GET"]}}],"collection":[{"href":"https:\/\/www.hydraulic-cylinders.net\/lt\/wp-json\/wp\/v2\/product"}],"about":[{"href":"https:\/\/www.hydraulic-cylinders.net\/lt\/wp-json\/wp\/v2\/types\/product"}],"replies":[{"embeddable":true,"href":"https:\/\/www.hydraulic-cylinders.net\/lt\/wp-json\/wp\/v2\/comments?post=16741"}],"wp:featuredmedia":[{"embeddable":true,"href":"https:\/\/www.hydraulic-cylinders.net\/lt\/wp-json\/wp\/v2\/media\/14774"}],"wp:attachment":[{"href":"https:\/\/www.hydraulic-cylinders.net\/lt\/wp-json\/wp\/v2\/media?parent=16741"}],"wp:term":[{"taxonomy":"product_brand","embeddable":true,"href":"https:\/\/www.hydraulic-cylinders.net\/lt\/wp-json\/wp\/v2\/product_brand?post=16741"},{"taxonomy":"product_cat","embeddable":true,"href":"https:\/\/www.hydraulic-cylinders.net\/lt\/wp-json\/wp\/v2\/product_cat?post=16741"},{"taxonomy":"product_tag","embeddable":true,"href":"https:\/\/www.hydraulic-cylinders.net\/lt\/wp-json\/wp\/v2\/product_tag?post=16741"}],"curies":[{"name":"wp","href":"https:\/\/api.w.org\/{rel}","templated":true}]}}