{"id":16747,"date":"2025-01-21T05:51:27","date_gmt":"2025-01-21T05:51:27","guid":{"rendered":"https:\/\/www.hydraulic-cylinders.net\/product\/arm-cylinder-for-pushhm-pz35-7\/"},"modified":"2025-01-21T05:51:29","modified_gmt":"2025-01-21T05:51:29","slug":"arm-cylinder-for-pushhm-pz35-7","status":"publish","type":"product","link":"https:\/\/www.hydraulic-cylinders.net\/lt\/produktas\/arm-cylinder-for-pushhm-pz35-7\/","title":{"rendered":"Svirties cilindras, skirtas \u201ePushhm PZ35-7\u201c"},"content":{"rendered":"<h1>Svirties cilindras, skirtas \u201ePushhm PZ35-7\u201c<\/h1>\n<h2>\u012evadas<\/h2>\n<p>\u201ePushhm PZ35-7\u201c svirties cilindras yra specializuotas hidraulinis cilindras, skirtas u\u017etikrinti tiesin\u012f jud\u0117jim\u0105 ir gali\u0105 \u012fvairi\u0173 ma\u0161in\u0173, toki\u0173 kaip ekskavatoriai, kranai ir robotin\u0117s svirtys, svir\u010diai. Svirties cilindras atlieka labai svarb\u0173 vaidmen\u012f hidraulin\u0117se sistemose, palengvindamas papildom\u0173 \u012franki\u0173 ar pried\u0173 jud\u0117jim\u0105 ir valdym\u0105. \u0160ie cilindrai ne tik u\u017etikrina skland\u0173 jud\u0117jim\u0105, bet ir atlaiko dideles apkrovas, u\u017etikrindami efektyv\u0173 veikim\u0105 ir patikimum\u0105 \u012fvairiomis darbo s\u0105lygomis.<\/p>\n<p><img decoding=\"async\" src=\"https:\/\/www.hydraulic-cylinders.net\/wp-content\/uploads\/2025\/01\/songte-company-2.webp\"><\/p>\n<h2>Savyb\u0117s<\/h2>\n<ul>\n<li><strong>Didelio efektyvumo transmisija:<\/strong> Svirties cilindras u\u017etikrina galing\u0105 tiesin\u012f judes\u012f ir j\u0117g\u0105, u\u017etikrindamas auk\u0161t\u0105 mechanin\u0117s svirties na\u0161um\u0105 atliekant \u012fvairias operacijas.<\/li>\n<li><strong>Tikslus valdymas:<\/strong> Hidraulin\u0117s sistemos d\u0117ka svirties cilindras leid\u017eia tiksliai valdyti judes\u012f, padidindamas \u012frankio veikimo lankstum\u0105 ir tikslum\u0105.<\/li>\n<li><strong>Patvarumas:<\/strong> Svirtiniai cilindrai paprastai gaminami i\u0161 didelio stiprumo med\u017eiag\u0173, kurios pasi\u017eymi puikiu atsparumu dilimui ir korozijai, tod\u0117l tinka ilgalaikiam naudojimui at\u0161iauriomis s\u0105lygomis.<\/li>\n<li><strong>Daugiafunkcinis prisitaikymas:<\/strong> \u0160ie cilindrai pla\u010diai naudojami \u012fvairiose ma\u0161inose, tokiose kaip ekskavatoriai, kranai ir robotin\u0117s rankos, prisitaikant prie skirting\u0173 darbo reikalavim\u0173.<\/li>\n<li><strong>Lengva prie\u017ei\u016bra:<\/strong> Sukurti atsi\u017evelgiant \u012f paprast\u0105 prie\u017ei\u016br\u0105 ir keitim\u0105, svirties cilindrai palengvina reguliarias patikras ir technin\u0119 prie\u017ei\u016br\u0105, taip suma\u017einant \u012frangos prastovas.<\/li>\n<\/ul>\n<p><img decoding=\"async\" src=\"https:\/\/www.hydraulic-cylinders.net\/wp-content\/uploads\/2025\/01\/songte-oil-pipes-and-spare-parts.webp\"><\/p>\n<h2>Parai\u0161kos<\/h2>\n<p>\u201ePushhm PZ35-7\u201c svirties cilindras naudojamas \u0161iose pramon\u0117s \u0161akose ir srityse:<\/p>\n<ul>\n<li><strong>Konstrukcija:<\/strong> Ekskavatoriuose ir kranuose svirties cilindras valdo kau\u0161\u0173 arba str\u0117li\u0173 jud\u0117jim\u0105 atliekant \u017eem\u0117s darbus, med\u017eiag\u0173 tvarkym\u0105 ir konstrukcinius \u012frenginius.<\/li>\n<li><strong>Gamyba:<\/strong> Automatizuotose gamybos linijose rankos cilindras palengvina robotini\u0173 rank\u0173 jud\u0117jim\u0105 surinkimo, suvirinimo ir med\u017eiag\u0173 tvarkymo procesuose, pagerindamas gamybos efektyvum\u0105 ir tikslum\u0105.<\/li>\n<li><strong>\u017dem\u0117s \u016bkio technika:<\/strong> \u017dem\u0117s \u016bkio \u012frangoje, tokioje kaip derliaus nu\u0117mimo ma\u0161inos ir s\u0117jamosios, svirties cilindras valdo darbini\u0173 svir\u010di\u0173 jud\u0117jim\u0105 atliekant tokias u\u017eduotis kaip sodinimas, tr\u0119\u0161imas ir derliaus nu\u0117mimas.<\/li>\n<li><strong>Kasyba:<\/strong> Kasybos \u012frangoje svirties cilindras valdo kasybos ma\u0161in\u0173 svirties judesius r\u016bdos gavybai ir transportavimui.<\/li>\n<li><strong>Logistika ir transportas:<\/strong> \u0160akiniuose krautuvuose ir krovini\u0173 krovimo robotuose svirties cilindras valdo \u0161aki\u0173 k\u0117lim\u0105 ir jud\u0117jim\u0105, leisdamas transportuoti ir sukrauti med\u017eiagas.<\/li>\n<\/ul>\n<h2>Projektavimo aspektai ir atrankos kriterijai<\/h2>\n<p>Kalbant apie \u201ePushhm PZ35-7\u201c svirties cilindro projektavimo aspektus ir atrankos kriterijus, svarbiausi yra \u0161ie veiksniai:<\/p>\n<ul>\n<li><strong>Keliamoji galia:<\/strong> Svirties cilindras turi atlaikyti reikiam\u0105 apkrov\u0105, kad b\u016bt\u0173 u\u017etikrintas saugus ir efektyvus veikimas.<\/li>\n<li><strong>Sandarinimas:<\/strong> Siekiant u\u017etikrinti efektyv\u0173 sandarinim\u0105 ir i\u0161vengti nuot\u0117kio, naudojami \u012fvair\u016bs sandarinimo komponentai, tokie kaip st\u016bmokli\u0173 ir kot\u0173 sandarikliai, pagaminti i\u0161 atspari\u0173 dilimui med\u017eiag\u0173, toki\u0173 kaip poliuretanas ir nitrilo kau\u010diukas.<\/li>\n<li><strong>Patvarumas:<\/strong> Cilindro korpusas ir srieginis galinis pavir\u0161ius yra kruop\u0161\u010diai apdorojami, siekiant padidinti atsparum\u0105 dilimui ir u\u017etikrinti ilgalaik\u012f patvarum\u0105.<\/li>\n<li><strong>Saugumas:<\/strong> Projektuojant tur\u0117t\u0173 b\u016bti numatytos saugos priemon\u0117s, skirtos i\u0161vengti nelaiming\u0173 atsitikim\u0173 ir u\u017etikrinti operatoriaus saugum\u0105.<\/li>\n<li><strong>Prie\u017ei\u016bra:<\/strong> Projektuojant reik\u0117t\u0173 atsi\u017evelgti \u012f prie\u017ei\u016bros ir remonto paprastum\u0105, kad b\u016bt\u0173 galima patogiai aptarnauti \u012frang\u0105 ir suma\u017einti prastov\u0173 laik\u0105.<\/li>\n<\/ul>\n<p><img decoding=\"async\" src=\"https:\/\/www.hydraulic-cylinders.net\/wp-content\/uploads\/2025\/01\/songte-cylinder-head-with-all-kinds-excavator-models.webp\"><\/p>\n<h2>Sandarinimas ir tepimas<\/h2>\n<p>\u201ePushhm PZ35-7\u201c svirties cilindre naudojami \u012fvair\u016bs sandarinimo komponentai, tokie kaip st\u016bmokli\u0173 ir kot\u0173 sandarikliai. \u0160ie sandarikliai pagaminti i\u0161 atspari\u0173 dilimui med\u017eiag\u0173, toki\u0173 kaip poliuretanas ir nitrilo kau\u010diukas. Cilindro korpusas ir srieginis galas yra kruop\u0161\u010diai apdorojami, siekiant pagerinti atsparum\u0105 dilimui. Norint u\u017etikrinti skland\u0173 veikim\u0105, b\u016btina reguliariai tepti tinkamu hidraulin\u0117s alyvos kiekiu.<\/p>\n<h2>Reguliarus patikrinimas ir prevencin\u0117 prie\u017ei\u016bra<\/h2>\n<p>Reguliarus patikrinimas ir prevencin\u0117s prie\u017ei\u016bros priemon\u0117s yra b\u016btinos optimaliam svirties cilindro veikimui ir ilgaam\u017ei\u0161kumui. Reik\u0117t\u0173 imtis \u0161i\u0173 priemoni\u0173:<\/p>\n<ul>\n<li>Ap\u017ei\u016br\u0117kite cilindr\u0105, ar n\u0117ra pa\u017eeidim\u0173, nuot\u0117kio ar susid\u0117v\u0117jimo po\u017eymi\u0173.<\/li>\n<li>Reguliariai valykite ir sutepkite cilindr\u0105.<\/li>\n<li>Patikrinkite ir priver\u017ekite visas atsilaisvinusias jungtis.<\/li>\n<li>Pakeiskite susid\u0117v\u0117jusius sandariklius arba komponentus.<\/li>\n<li>Steb\u0117kite hidraulin\u0117s alyvos lyg\u012f ir kokyb\u0119.<\/li>\n<\/ul>\n<h2>Produkto diegimo vadovas<\/h2>\n<p>Tinkamas \u201ePushhm PZ35-7\u201c svirties cilindro montavimas yra labai svarbus jo funkcionalumui ir patikimumui. Atlikite \u0161iuos veiksmus:<\/p>\n<ol>\n<li>\u012esitikinkite, kad \u012franga yra i\u0161jungta ir stabilioje pad\u0117tyje.<\/li>\n<li>Jei reikia, nuimkite sen\u0105 cilindr\u0105, atjungdami visas jungtis ar tvirtinimo laikiklius.<\/li>\n<li>Sulygiuokite nauj\u0105 cilindr\u0105 su tvirtinimo ta\u0161kais.<\/li>\n<li>Pritvirtinkite cilindr\u0105 naudodami tinkamus tvirtinimo elementus arba laikiklius.<\/li>\n<li>Prijunkite hidraulines linijas ir jungiam\u0105sias detales.<\/li>\n<li>Patikrinkite, ar n\u0117ra nuot\u0117ki\u0173, ir \u012fsitikinkite, kad visos jungtys yra tvirtos.<\/li>\n<li>\u012ejunkite \u012frang\u0105 ir patikrinkite cilindro veikim\u0105.<\/li>\n<\/ol>\n<p><img decoding=\"async\" src=\"https:\/\/www.hydraulic-cylinders.net\/wp-content\/uploads\/2025\/01\/songte-bushings-with-all-kinds-of-excavator-models.webp\"><\/p>\n<h2>Saugos aspektai ir aplinkos veiksniai<\/h2>\n<p>Naudojant \u201ePushhm PZ35-7\u201c svirties cilindr\u0105, labai svarbu teikti pirmenyb\u0119 saugos priemon\u0117ms, siekiant i\u0161vengti nelaiming\u0173 atsitikim\u0173 ir u\u017etikrinti operatori\u0173 gerov\u0119. B\u016btinas tinkamas mokymas, saugos protokol\u0173 laikymasis ir asmenini\u0173 apsaugos priemoni\u0173 naudojimas. Be to, atsi\u017evelgiant \u012f aplinkos veiksnius, tokius kaip temperat\u016bra, dr\u0117gm\u0117 ir s\u0105lytis su korozin\u0117mis med\u017eiagomis, galima pailginti cilindro tarnavimo laik\u0105 ir i\u0161laikyti optimal\u0173 veikim\u0105.<\/p>\n<h2>Trik\u010di\u0173 \u0161alinimas ir da\u017eniausiai pasitaikan\u010dios problemos<\/h2>\n<p>Nepaisant j\u0173 patvarumo ir patikimumo, svirtiniai cilindrai gali susidurti su tam tikromis problemomis. Toliau pateikiamos da\u017eniausios problemos ir galimi trik\u010di\u0173 \u0161alinimo sprendimai:<\/p>\n<ul>\n<li><strong>Nuot\u0117kis:<\/strong> Patikrinkite, ar n\u0117ra pa\u017eeist\u0173 sandarikli\u0173 ar atsilaisvinusi\u0173 jung\u010di\u0173, ir atitinkamai juos pakeiskite arba priver\u017ekite.<\/li>\n<li><strong>L\u0117tas arba nenuoseklus veikimas:<\/strong> Patikrinkite hidraulin\u0119 sistem\u0105, ar n\u0117ra u\u017esikim\u0161im\u0173 ar nepakankamo skys\u010dio lygio, u\u017etikrindami tinkam\u0105 tepim\u0105 ir sraut\u0105.<\/li>\n<li><strong>Per didelis triuk\u0161mas:<\/strong> \u012evertinkite tvirtinimo laikiklius ir jungtis, ar n\u0117ra atsilaisvinusi\u0173 ar susid\u0117v\u0117jusi\u0173 komponent\u0173, ir prireikus juos priver\u017ekite arba pakeiskite.<\/li>\n<li><strong>Nepilnas i\u0161pl\u0117timas arba atitraukimas:<\/strong> Patikrinkite, ar n\u0117ra kli\u016b\u010di\u0173 ar \u0161iuk\u0161li\u0173, trukdan\u010di\u0173 skland\u017eiai jud\u0117ti, ir jas i\u0161valykite arba pa\u0161alinkite.<\/li>\n<\/ul>\n<p>Sud\u0117tingesniais atvejais rekomenduojama kreiptis \u012f profesional\u0173 hidraulini\u0173 cilindr\u0173 technik\u0105.<\/p>\n<p><img decoding=\"async\" src=\"https:\/\/www.hydraulic-cylinders.net\/wp-content\/uploads\/2025\/01\/songte-chushion-collar.webp\"><\/p>\n<p>Nepamir\u0161kite straipsn\u012f strukt\u016brizuoti logi\u0161kai, naudoti paantra\u0161tes lengvam nar\u0161ymui ir \u012ftraukti atitinkam\u0173 vaizd\u0173 ar diagram\u0173, kad b\u016bt\u0173 lengviau suprasti. \u012esitikinkite, kad turinys yra ai\u0161kus, glaustas ir tinkamas skaitytojams, turintiems skirting\u0105 technini\u0173 \u017eini\u0173 lyg\u012f.<\/p>\n<h2>Apie mus<\/h2>\n<p>Esame profesionalus gamintojas, kurio specializacija \u2013 pakaitini\u0173 hidraulini\u0173 cilindr\u0173 gamyba. Tur\u0117dami plat\u0173 gamini\u0173 asortiment\u0105, tapome vienu i\u0161 pirmaujan\u010di\u0173 hidraulini\u0173 cilindr\u0173 gamintoj\u0173 ir didmeninink\u0173 vidaus ir tarptautin\u0117se rinkose. Vadovaujam\u0117s meistri\u0161kumo principu, nuolat tobulindami savo technologinius paj\u0117gumus ir gamybos efektyvum\u0105, taikydami industrializuotas gamybos valdymo strategijas savo moderniose gamybos dirbtuv\u0117se. \u012ediegdami auk\u0161\u010diausios klas\u0117s skaitmenin\u0119 gamybos \u012frang\u0105 ir profesionalias bandym\u0173 sistemas, optimizuojame savo gamybos platform\u0105 ir tobuliname gamini\u0173 kokyb\u0117s kontrol\u0117s procesus, demonstruodami savo stiprius inovacij\u0173 paj\u0117gumus. M\u016bs\u0173 tikslas \u2013 patenkinti \u012fvairius klient\u0173 poreikius, vadovaujantis efektyvumo, tikslumo ir auk\u0161tos kokyb\u0117s principais.<\/p>\n<p><img decoding=\"async\" src=\"https:\/\/www.hydraulic-cylinders.net\/wp-content\/uploads\/2025\/01\/songte-company-4.webp\"><br \/>\n<img","protected":false},"excerpt":{"rendered":"<p>Arm Cylinder For Pushhm PZ35-7 Introduction The Arm Cylinder For Pushhm PZ35-7 is a specialized hydraulic cylinder designed to provide linear motion and power to the arm of various machinery such as excavators, cranes, and robotic arms. The arm cylinder plays a crucial role in hydraulic systems, facilitating the movement and control of additional tools [&hellip;]<\/p>","protected":false},"featured_media":14786,"comment_status":"open","ping_status":"closed","template":"","meta":{"_et_pb_use_builder":"","_et_pb_old_content":"","_et_gb_content_width":""},"product_brand":[],"product_cat":[1497],"product_tag":[1498,1496],"class_list":{"0":"post-16747","1":"product","2":"type-product","3":"status-publish","4":"has-post-thumbnail","6":"product_cat-arm-cylinders","7":"product_tag-arm-cylinders","8":"product_tag-hydraulic-cylinders","10":"first","11":"instock","12":"shipping-taxable","13":"product-type-simple"},"amp_enabled":true,"_links":{"self":[{"href":"https:\/\/www.hydraulic-cylinders.net\/lt\/wp-json\/wp\/v2\/product\/16747","targetHints":{"allow":["GET"]}}],"collection":[{"href":"https:\/\/www.hydraulic-cylinders.net\/lt\/wp-json\/wp\/v2\/product"}],"about":[{"href":"https:\/\/www.hydraulic-cylinders.net\/lt\/wp-json\/wp\/v2\/types\/product"}],"replies":[{"embeddable":true,"href":"https:\/\/www.hydraulic-cylinders.net\/lt\/wp-json\/wp\/v2\/comments?post=16747"}],"wp:featuredmedia":[{"embeddable":true,"href":"https:\/\/www.hydraulic-cylinders.net\/lt\/wp-json\/wp\/v2\/media\/14786"}],"wp:attachment":[{"href":"https:\/\/www.hydraulic-cylinders.net\/lt\/wp-json\/wp\/v2\/media?parent=16747"}],"wp:term":[{"taxonomy":"product_brand","embeddable":true,"href":"https:\/\/www.hydraulic-cylinders.net\/lt\/wp-json\/wp\/v2\/product_brand?post=16747"},{"taxonomy":"product_cat","embeddable":true,"href":"https:\/\/www.hydraulic-cylinders.net\/lt\/wp-json\/wp\/v2\/product_cat?post=16747"},{"taxonomy":"product_tag","embeddable":true,"href":"https:\/\/www.hydraulic-cylinders.net\/lt\/wp-json\/wp\/v2\/product_tag?post=16747"}],"curies":[{"name":"wp","href":"https:\/\/api.w.org\/{rel}","templated":true}]}}