{"id":16749,"date":"2025-01-21T05:51:35","date_gmt":"2025-01-21T05:51:35","guid":{"rendered":"https:\/\/www.hydraulic-cylinders.net\/product\/arm-cylinder-for-pushhm-pz85-7\/"},"modified":"2025-01-21T05:51:37","modified_gmt":"2025-01-21T05:51:37","slug":"arm-cylinder-for-pushhm-pz85-7","status":"publish","type":"product","link":"https:\/\/www.hydraulic-cylinders.net\/lt\/produktas\/arm-cylinder-for-pushhm-pz85-7\/","title":{"rendered":"Svirties cilindras, skirtas \u201ePushhm PZ85-7\u201c"},"content":{"rendered":"<h1>Svirties cilindras, skirtas \u201ePushhm PZ85-7\u201c<\/h1>\n<h2>\u012evadas<\/h2>\n<p>Svirties cilindras yra specialiai suprojektuotas hidraulinis cilindras, u\u017etikrinantis tiesin\u012f jud\u0117jim\u0105 ir gali\u0105 \u012fvairi\u0173 tip\u0173 ma\u0161in\u0173, toki\u0173 kaip ekskavatoriai, kranai ir robotin\u0117s rankos, svirtims. Jis atlieka labai svarb\u0173 vaidmen\u012f hidraulin\u0117se sistemose, nes leid\u017eia efektyviai jud\u0117ti ir valdyti papildomus \u012frankius ar priedus. \u0160ie cilindrai ne tik u\u017etikrina skland\u0173 jud\u0117jim\u0105, bet ir atlaiko dideles apkrovas, u\u017etikrindami efektyv\u0173 ma\u0161in\u0173 veikim\u0105 ir patikimum\u0105 \u012fvairiomis darbo s\u0105lygomis.<\/p>\n<p><img decoding=\"async\" src=\"https:\/\/www.hydraulic-cylinders.net\/wp-content\/uploads\/2025\/01\/songte-company-2.webp\" alt=\"Svirties cilindras\" \/><\/p>\n<h2>Savyb\u0117s<\/h2>\n<ul>\n<li><strong>Didelio efektyvumo transmisija:<\/strong> Svirties cilindras u\u017etikrina galing\u0105 tiesin\u012f judes\u012f ir j\u0117g\u0105, u\u017etikrindamas auk\u0161t\u0105 na\u0161um\u0105 atliekant \u012fvairias operacijas.<\/li>\n<li><strong>Tikslus valdymas:<\/strong> Hidraulini\u0173 sistem\u0173 d\u0117ka rankos cilindras pasiekia tiksl\u0173 judesio valdym\u0105, tod\u0117l papildom\u0173 \u012franki\u0173 valdymas yra lankstesnis ir tikslesnis.<\/li>\n<li><strong>Stiprus patvarumas:<\/strong> Svirtiniai cilindrai paprastai gaminami i\u0161 didelio stiprumo med\u017eiag\u0173, kurios pasi\u017eymi geru atsparumu dilimui ir korozijai, tod\u0117l tinka ilgalaikiam naudojimui at\u0161iauriomis s\u0105lygomis.<\/li>\n<li><strong>Daugiafunkcinis prisitaikymas:<\/strong> \u0160ie cilindrai gali b\u016bti pla\u010diai naudojami \u012fvairiose ma\u0161inose, tokiose kaip ekskavatoriai, kranai ir robotin\u0117s rankos, pritaikant juos skirtingiems darbo reikalavimams.<\/li>\n<li><strong>Lengva prie\u017ei\u016bra:<\/strong> Projektuojant atsi\u017evelgiama \u012f paprast\u0105 prie\u017ei\u016br\u0105 ir pakeitim\u0105, tod\u0117l reguliari ap\u017ei\u016bra ir technin\u0117 prie\u017ei\u016bra yra patog\u016bs, o \u012frangos prastovos laikas sutrump\u0117ja.<\/li>\n<\/ul>\n<p><img decoding=\"async\" src=\"https:\/\/www.hydraulic-cylinders.net\/wp-content\/uploads\/2025\/01\/songte-oil-pipes-and-spare-parts.webp\" alt=\"Hidraulini\u0173 cilindr\u0173 atsargin\u0117s dalys\" \/><\/p>\n<h2>Parai\u0161kos<\/h2>\n<p>Svirtinis cilindras naudojamas \u012fvairiose pramon\u0117s \u0161akose:<\/p>\n<ul>\n<li><strong>Statybos in\u017einerija:<\/strong> Ekskavatoriuose ir kranuose str\u0117li\u0173 cilindrai valdo kau\u0161\u0173 arba str\u0117li\u0173 jud\u0117jim\u0105 atliekant \u017eem\u0117s darbus, med\u017eiag\u0173 tvarkym\u0105 ir konstrukcij\u0173 montavim\u0105.<\/li>\n<li><strong>Gamyba:<\/strong> Automatizuot\u0173 gamybos linij\u0173 rank\u0173 cilindrai palengvina robotini\u0173 rank\u0173 jud\u0117jim\u0105 tokiuose procesuose kaip surinkimas, suvirinimas ir med\u017eiag\u0173 tvarkymas, padidindami gamybos efektyvum\u0105 ir tikslum\u0105.<\/li>\n<li><strong>\u017dem\u0117s \u016bkio technika:<\/strong> Svir\u010di\u0173 cilindrai valdo \u017eem\u0117s \u016bkio technikos, tokios kaip derliaus nu\u0117mimo ma\u0161inos ir s\u0117jamosios, darbini\u0173 svir\u010di\u0173 jud\u0117jim\u0105, \u012fgalindami atlikti tokias u\u017eduotis kaip s\u0117ja, tr\u0119\u0161imas ir derliaus nu\u0117mimas.<\/li>\n<li><strong>Kasyba:<\/strong> Kasybos \u012frangoje svirties cilindrai naudojami kasybos ma\u0161in\u0173 svirties jud\u0117jimui valdyti, palengvinant mineral\u0173 gavyb\u0105 ir transportavim\u0105.<\/li>\n<li><strong>Logistika ir transportas:<\/strong> \u0160akini\u0173 krautuv\u0173 ir robot\u0173 svir\u010di\u0173 cilindrai valdo \u0161aki\u0173 k\u0117lim\u0105 ir jud\u0117jim\u0105, taip sudarant s\u0105lygas tvarkyti ir krauti prekes.<\/li>\n<\/ul>\n<h2>Projektavimo aspektai ir atrankos kriterijai<\/h2>\n<p>Projektuojant cilindro formos rankenas, atsi\u017evelgiama \u012f \u012fvairius veiksnius:<\/p>\n<ul>\n<li><strong>Keliamoji galia:<\/strong> Cilindro geb\u0117jimas atlaikyti numatytas apkrovas.<\/li>\n<li><strong>Sandarinimas:<\/strong> Naudojant \u012fvairius sandariklius, tokius kaip st\u016bmokli\u0173 ir kot\u0173 sandarikliai, pagamintus i\u0161 patvari\u0173 med\u017eiag\u0173, toki\u0173 kaip poliuretanas ir nitrilo kau\u010diukas.<\/li>\n<li><strong>Patvarumas:<\/strong> Cilindro korpuso ir sriegini\u0173 gal\u0173 gamyba naudojant smulk\u0173 apdorojim\u0105, siekiant padidinti atsparum\u0105 dilimui.<\/li>\n<li><strong>Saugumas:<\/strong> U\u017etikrinant, kad cilindro konstrukcija ir komponentai b\u016bt\u0173 itin saug\u016bs eksploatacijos metu.<\/li>\n<li><strong>Prie\u017ei\u016bra:<\/strong> Cilindro konstrukcija u\u017etikrina lengv\u0105 prie\u017ei\u016br\u0105 ir \u012fdiegtos funkcijos, kurios supaprastina reguliarias patikras ir remont\u0105.<\/li>\n<\/ul>\n<p><img decoding=\"async\" src=\"https:\/\/www.hydraulic-cylinders.net\/wp-content\/uploads\/2025\/01\/songte-cylinder-head-with-all-kinds-excavator-models.webp\" alt=\"Cilindro galvut\u0117 su ekskavatoriaus modeliais\" \/><\/p>\n<h2>Sandarinimas ir tepimas<\/h2>\n<p>Svirties cilindre yra \u012fvair\u016bs sandarikliai, u\u017etikrinantys efektyv\u0173 sandarinim\u0105 ir tepim\u0105:<\/p>\n<ul>\n<li>Sandarikliai, tokie kaip st\u016bmokli\u0173 ir kot\u0173 sandarikliai, yra pagaminti i\u0161 atspari\u0173 dilimui med\u017eiag\u0173, toki\u0173 kaip poliuretanas ir nitrilo kau\u010diukas.<\/li>\n<li>Cilindro korpusas ir srieginiai galai yra kruop\u0161\u010diai apdorojami, siekiant pagerinti atsparum\u0105 dilimui.<\/li>\n<li>Norint i\u0161laikyti optimal\u0173 na\u0161um\u0105, b\u016btina reguliariai tepti tinkam\u0105 hidraulin\u0119 alyv\u0105.<\/li>\n<\/ul>\n<h2>Reguliar\u016bs patikrinimai ir prevencin\u0117 prie\u017ei\u016bra<\/h2>\n<p>Norint u\u017etikrinti cilindro ilgaam\u017ei\u0161kum\u0105, rekomenduojama reguliariai tikrinti ir atlikti profilaktinius darbus:<\/p>\n<ul>\n<li>Ap\u017ei\u016br\u0117kite cilindr\u0105, ar n\u0117ra susid\u0117v\u0117jimo, nuot\u0117kio ar pa\u017eeidimo po\u017eymi\u0173.<\/li>\n<li>Reguliariai valykite ir sutepkite cilindr\u0105.<\/li>\n<li>U\u017etikrinkite tinkam\u0105 cilindro sulygiavim\u0105 ir montavim\u0105.<\/li>\n<li>Nedelsdami pakeiskite susid\u0117v\u0117jusius sandariklius ar komponentus.<\/li>\n<li>Laikykit\u0117s gamintojo nurodym\u0173 d\u0117l technin\u0117s prie\u017ei\u016bros ir aptarnavimo interval\u0173.<\/li>\n<\/ul>\n<h2>Produkto diegimo vadovas<\/h2>\n<p>Tinkamas svirties cilindro montavimas yra b\u016btinas optimaliam jo veikimui. Atlikite \u0161iuos veiksmus:<\/p>\n<ol>\n<li>\u012esitikinkite, kad ma\u0161inos hidraulin\u0117je sistemoje n\u0117ra sl\u0117gio.<\/li>\n<li>Pad\u0117kite cilindr\u0105 norimoje vietoje, sulygiuodami tvirtinimo skyles.<\/li>\n<li>Tvirtai priver\u017ekite tvirtinimo var\u017etus, vengdami perver\u017eti.<\/li>\n<li>Prijunkite hidraulines \u017earnas arba vamzd\u017eius prie cilindro, u\u017etikrindami tinkam\u0105 sandarum\u0105.<\/li>\n<li>Patikrinkite, ar n\u0117ra nuot\u0117kio ar ne\u012fprasto veikimo po\u017eymi\u0173.<\/li>\n<li>Jei viskas tvarkoje, l\u0117tai padidinkite sl\u0117g\u012f hidraulin\u0117je sistemoje ir patikrinkite cilindro veikim\u0105.<\/li>\n<\/ol>\n<p><img decoding=\"async\" src=\"https:\/\/www.hydraulic-cylinders.net\/wp-content\/uploads\/2025\/01\/songte-bushings-with-all-kinds-of-excavator-models.webp\" alt=\"\u012evor\u0117s su ekskavatori\u0173 modeliais\" \/><\/p>\n<h2>Saugos aspektai ir aplinkos veiksniai<\/h2>\n<p>Naudojant svirtinius cilindrus, labai svarbu teikti pirmenyb\u0119 saugos priemon\u0117ms, kad b\u016bt\u0173 i\u0161vengta nelaiming\u0173 atsitikim\u0173 ir u\u017etikrinta saugi darbo aplinka. Saugos priemon\u0117s apima:<\/p>\n<ul>\n<li>Laikantis vis\u0173 saugos nurodym\u0173 ir taisykli\u0173.<\/li>\n<li>Dirbant su mechanizmais arba \u0161alia j\u0173, naudoti apsaugines priemones.<\/li>\n<li>Tinkamai apmokyti operatorius ir personal\u0105, dalyvaujant\u012f mechanizm\u0173 valdyme.<\/li>\n<li>Reguliariai tikrinkite ir pri\u017ei\u016br\u0117kite svirties cilindr\u0105, kad i\u0161vengtum\u0117te gedim\u0173.<\/li>\n<\/ul>\n<h2>Trik\u010di\u0173 \u0161alinimas ir da\u017eniausiai pasitaikan\u010dios problemos<\/h2>\n<p>\u0160tai keletas da\u017eniausiai pasitaikan\u010di\u0173 problem\u0173, kurios gali kilti naudojant cilindr\u0173 rankenas:<\/p>\n<ul>\n<li>Nuot\u0117kis i\u0161 sandarikli\u0173 ar jung\u010di\u0173.<\/li>\n<li>Ne\u012fprastas triuk\u0161mas arba vibracija veikimo metu.<\/li>\n<li>Vangus arba nenuoseklus rankos judesys.<\/li>\n<li>Nesugeb\u0117jimas i\u0161laikyti krovinio ar pad\u0117ties.<\/li>\n<li>Per didelis cilindro komponent\u0173 susid\u0117v\u0117jimas.<\/li>\n<\/ul>\n<p>Nor\u0117dami i\u0161spr\u0119sti \u0161ias problemas:<\/p>\n<ul>\n<li>Patikrinkite ir pakeiskite visus susid\u0117v\u0117jusius ar pa\u017eeistus sandariklius ar komponentus.<\/li>\n<li>U\u017etikrinkite tinkam\u0105 cilindro sulygiavim\u0105 ir montavim\u0105.<\/li>\n<li>Patikrinkite ir i\u0161valykite hidraulinius filtrus ir skyst\u012f.<\/li>\n<li>Patikrinkite tinkam\u0105 hidraulin\u012f sl\u0117g\u012f ir sraut\u0105.<\/li>\n<li>Jei reikia, kreipkit\u0117s pagalbos \u012f gamintoj\u0105 arba \u012f specialist\u0105.<\/li>\n<\/ul>\n<p><img decoding=\"async\" src=\"https:\/\/www.hydraulic-cylinders.net\/wp-content\/uploads\/2025\/01\/songte-chushion-collar.webp\" alt=\"Pagalv\u0117l\u0117s apykakl\u0117\" \/><\/p>\n<p>Nepamir\u0161kite straipsn\u012f strukt\u016brizuoti logi\u0161kai, naudodami paantra\u0161tes, kad b\u016bt\u0173 lengviau nar\u0161yti. \u012etraukite atitinkamus vaizdus ar diagramas, kad b\u016bt\u0173 lengviau suprasti. U\u017etikrinkite, kad turinys b\u016bt\u0173 ai\u0161kus, glaustas ir tinkamas skaitytojams, turintiems skirting\u0105 technini\u0173 \u017eini\u0173 lyg\u012f.<\/p>\n<p><em>Autorius: lyl<\/em><\/p>\n<h2>Apie mus<\/h2>\n<p>Esame profesionalus hidraulini\u0173 cilindr\u0173 gamintojas ir tapome vienu i\u0161 pirmaujan\u010di\u0173 gamintoj\u0173 bei didmeninink\u0173 vidaus ir tarptautin\u0117se rinkose. M\u016bs\u0173 plat\u0173 gamini\u0173 asortiment\u0105 u\u017etikrina puiki kokyb\u0117, industrializuotos gamybos valdymo strategijos m\u016bs\u0173 moderniose gamybos dirbtuv\u0117se, nuolatinis technologini\u0173 paj\u0117gum\u0173 tobulinimas ir did\u0117jantis gamybos efektyvumas. \u012edieg\u0117me pa\u017eangi\u0105 skaitmenin\u0119 gamybos \u012frang\u0105 ir profesionalias testavimo sistemas, kad optimizuotume savo gamybos platform\u0105 ir patobulintume gamini\u0173 kokyb\u0117s kontrol\u0117s procesus. M\u016bs\u0173 tikslas \u2013 patenkinti \u012fvairius klient\u0173 poreikius, vadovaujantis efektyvumo, tikslumo ir auk\u0161tos kokyb\u0117s principais.<\/p>\n<p><img decoding=\"async\" src=\"https:\/\/www.hydraulic-cylinders.net\/wp-content\/uploads\/2025\/01\/songte-company-4.webp\" alt=\"\u012emon\u0117\" \/><\/p>","protected":false},"excerpt":{"rendered":"<p>Arm Cylinder For Pushhm PZ85-7 Introduction The arm cylinder is a specially designed hydraulic cylinder that provides linear motion and power to the arms of various types of machinery, such as excavators, cranes, and robotic arms. It plays a crucial role in hydraulic systems, enabling the efficient movement and control of additional tools or attachments. [&hellip;]<\/p>","protected":false},"featured_media":14779,"comment_status":"open","ping_status":"closed","template":"","meta":{"_et_pb_use_builder":"","_et_pb_old_content":"","_et_gb_content_width":""},"product_brand":[],"product_cat":[1497],"product_tag":[1498,1496],"class_list":{"0":"post-16749","1":"product","2":"type-product","3":"status-publish","4":"has-post-thumbnail","6":"product_cat-arm-cylinders","7":"product_tag-arm-cylinders","8":"product_tag-hydraulic-cylinders","10":"first","11":"instock","12":"shipping-taxable","13":"product-type-simple"},"amp_enabled":true,"_links":{"self":[{"href":"https:\/\/www.hydraulic-cylinders.net\/lt\/wp-json\/wp\/v2\/product\/16749","targetHints":{"allow":["GET"]}}],"collection":[{"href":"https:\/\/www.hydraulic-cylinders.net\/lt\/wp-json\/wp\/v2\/product"}],"about":[{"href":"https:\/\/www.hydraulic-cylinders.net\/lt\/wp-json\/wp\/v2\/types\/product"}],"replies":[{"embeddable":true,"href":"https:\/\/www.hydraulic-cylinders.net\/lt\/wp-json\/wp\/v2\/comments?post=16749"}],"wp:featuredmedia":[{"embeddable":true,"href":"https:\/\/www.hydraulic-cylinders.net\/lt\/wp-json\/wp\/v2\/media\/14779"}],"wp:attachment":[{"href":"https:\/\/www.hydraulic-cylinders.net\/lt\/wp-json\/wp\/v2\/media?parent=16749"}],"wp:term":[{"taxonomy":"product_brand","embeddable":true,"href":"https:\/\/www.hydraulic-cylinders.net\/lt\/wp-json\/wp\/v2\/product_brand?post=16749"},{"taxonomy":"product_cat","embeddable":true,"href":"https:\/\/www.hydraulic-cylinders.net\/lt\/wp-json\/wp\/v2\/product_cat?post=16749"},{"taxonomy":"product_tag","embeddable":true,"href":"https:\/\/www.hydraulic-cylinders.net\/lt\/wp-json\/wp\/v2\/product_tag?post=16749"}],"curies":[{"name":"wp","href":"https:\/\/api.w.org\/{rel}","templated":true}]}}