{"id":16750,"date":"2025-01-21T05:51:40","date_gmt":"2025-01-21T05:51:40","guid":{"rendered":"https:\/\/www.hydraulic-cylinders.net\/product\/arm-cylinder-for-pushhm-pz165-8\/"},"modified":"2025-01-21T05:51:42","modified_gmt":"2025-01-21T05:51:42","slug":"arm-cylinder-for-pushhm-pz165-8","status":"publish","type":"product","link":"https:\/\/www.hydraulic-cylinders.net\/lt\/produktas\/arm-cylinder-for-pushhm-pz165-8\/","title":{"rendered":"Svirties cilindras, skirtas \u201ePushhm PZ165-8\u201c"},"content":{"rendered":"<h1>Svirties cilindras, skirtas \u201ePushhm PZ165-8\u201c<\/h1>\n<h2>\u012evadas<\/h2>\n<p>\u201ePushhm PZ165-8\u201c svirties cilindras yra hidraulinis cilindras, specialiai sukurtas u\u017etikrinti tiesin\u012f jud\u0117jim\u0105 ir gali\u0105 \u012fvairi\u0173 tip\u0173 ma\u0161in\u0173 svirtims, tokioms kaip ekskavatoriai, kranai ir robot\u0173 svirtys. Svirties cilindrai atlieka labai svarb\u0173 vaidmen\u012f hidraulin\u0117se sistemose, nes leid\u017eia efektyviai jud\u0117ti ir valdyti papildomus \u012frankius ar priedus. \u0160ie cilindrai ne tik u\u017etikrina skland\u0173 jud\u0117jim\u0105, bet ir atlaiko dideles apkrovas, u\u017etikrindami efektyv\u0173 ma\u0161inos veikim\u0105 ir patikimum\u0105 \u012fvairiomis darbo s\u0105lygomis.<\/p>\n<p><img decoding=\"async\" src=\"https:\/\/www.hydraulic-cylinders.net\/wp-content\/uploads\/2025\/01\/songte-company-2.webp\"><\/p>\n<h2>Savyb\u0117s<\/h2>\n<ul>\n<li><strong>Didelio efektyvumo transmisija:<\/strong> Svirties cilindras u\u017etikrina galing\u0105 tiesin\u012f judes\u012f ir j\u0117g\u0105, u\u017etikrindamas auk\u0161t\u0105 ma\u0161inos svirties na\u0161um\u0105. <\/li>\n<li><strong>Tikslus valdymas:<\/strong> Hidraulin\u0117s sistemos d\u0117ka svirties cilindras leid\u017eia tiksliai valdyti judes\u012f, tod\u0117l operacijos su pritvirtintais \u012frankiais yra lankstesn\u0117s ir tikslesn\u0117s.<\/li>\n<li><strong>Patvarumas:<\/strong> Svirtiniai cilindrai paprastai gaminami i\u0161 didelio stiprumo med\u017eiag\u0173, kurios pasi\u017eymi puikiu atsparumu dilimui ir korozijai, tod\u0117l tinka ilgalaikiam naudojimui at\u0161iauriomis s\u0105lygomis.<\/li>\n<li><strong>Daugiafunkcinis prisitaikymas:<\/strong> \u0160ie cilindrai gali b\u016bti pla\u010diai naudojami \u012fvairioms ma\u0161in\u0173 \u012frangai, \u012fskaitant ekskavatorius, kranus ir robotines rankas, pritaikant juos prie skirting\u0173 darbo reikalavim\u0173.<\/li>\n<li><strong>Lengva prie\u017ei\u016bra:<\/strong> D\u0117l projektavimo aspekt\u0173, skirt\u0173 lengvam techniniam aptarnavimui ir pakeitimui, reguliari ap\u017ei\u016bra ir technin\u0117 prie\u017ei\u016bra yra patogesn\u0117, tod\u0117l sutrump\u0117ja \u012frangos prastova.<\/li>\n<\/ul>\n<p><img decoding=\"async\" src=\"https:\/\/www.hydraulic-cylinders.net\/wp-content\/uploads\/2025\/01\/songte-oil-pipes-and-spare-parts.webp\"><\/p>\n<h2>Parai\u0161kos<\/h2>\n<p>\u201ePushhm PZ165-8\u201c svirties cilindras naudojamas \u0161iose pramon\u0117s \u0161akose:<\/p>\n<ul>\n<li><strong>Konstrukcija:<\/strong> Ekskavatoriuose ir kranuose str\u0117li\u0173 cilindrai valdo kau\u0161\u0173 ar kran\u0173 jud\u0117jim\u0105 \u017eem\u0117s darbams, med\u017eiag\u0173 tvarkymui ir konstrukcij\u0173 montavimui.<\/li>\n<li><strong>Gamyba:<\/strong> Automatizuotose gamybos linijose rank\u0173 cilindrai naudojami robotini\u0173 rank\u0173 judinimui surinkimo, suvirinimo ir med\u017eiag\u0173 tvarkymo procesuose, taip pagerinant gamybos efektyvum\u0105 ir tikslum\u0105.<\/li>\n<li><strong>\u017dem\u0117s \u016bkio technika:<\/strong> \u017dem\u0117s \u016bkio technikoje, pavyzd\u017eiui, derliaus nu\u0117mimo ir s\u0117jamosiose, svir\u010di\u0173 cilindrai valdo valdymo svir\u010di\u0173 jud\u0117jim\u0105 atliekant tokias u\u017eduotis kaip s\u0117ja, tr\u0119\u0161imas ir derliaus nu\u0117mimas.<\/li>\n<li><strong>Kasyba:<\/strong> Kasybos \u012frangoje svirties cilindrai valdo kasybos ma\u0161in\u0173 svirties jud\u0117jim\u0105, palengvindami r\u016bdos gavyb\u0105 ir transportavim\u0105.<\/li>\n<li><strong>Logistika ir transportas:<\/strong> \u0160akiniuose krautuvuose ir krovini\u0173 krovimo robotuose svir\u010di\u0173 cilindrai valdo \u0161aki\u0173 k\u0117lim\u0105 ir jud\u0117jim\u0105, taip \u012fgalindami med\u017eiag\u0173 tvarkym\u0105 ir krovim\u0105.<\/li>\n<\/ul>\n<h2>Projektavimo aspektai ir atrankos kriterijai<\/h2>\n<p>Projektuojant ir renkantis cilindro formos svirt\u012f, atsi\u017evelgiama \u012f kelis veiksnius:<\/p>\n<ul>\n<li><strong>Apkrovos paj\u0117gumas:<\/strong> Svirties cilindras turi atlaikyti numatytus apkrovos reikalavimus, kad b\u016bt\u0173 u\u017etikrintas saugus ir efektyvus veikimas.<\/li>\n<li><strong>Sandarinimas:<\/strong> \u012evair\u016bs sandarinimo komponentai, tokie kaip st\u016bmokli\u0173 ir stryp\u0173 sandarikliai, naudojami siekiant i\u0161vengti skys\u010di\u0173 nuot\u0117kio ir palaikyti sistemos veikim\u0105. \u0160ie sandarikliai da\u017enai gaminami i\u0161 patvari\u0173 med\u017eiag\u0173, toki\u0173 kaip poliuretanas ir nitrilo kau\u010diukas.<\/li>\n<li><strong>Patvarumas:<\/strong> Cilindro korpusas ir srieginiai galai yra kruop\u0161\u010diai apdorojami, siekiant padidinti atsparum\u0105 dilimui. Norint u\u017etikrinti skland\u0173 veikim\u0105, b\u016btina reguliariai tepti tinkama hidrauline alyva.<\/li>\n<li><strong>Saugumas:<\/strong> Saugos priemon\u0117s, tokios kaip sl\u0117gio reguliavimo vo\u017etuvai ir avarinio stabdymo sistemos, yra svarbios siekiant i\u0161vengti nelaiming\u0173 atsitikim\u0173 ir u\u017etikrinti operatoriaus gerov\u0119.<\/li>\n<li><strong>Prie\u017ei\u016bra:<\/strong> Reguliar\u016bs patikrinimai, prevencin\u0117 prie\u017ei\u016bra ir lengvas komponent\u0173 keitimas yra b\u016btini norint pailginti \u012frangos tarnavimo laik\u0105 ir suma\u017einti prastov\u0173 laik\u0105.<\/li>\n<\/ul>\n<p><img decoding=\"async\" src=\"https:\/\/www.hydraulic-cylinders.net\/wp-content\/uploads\/2025\/01\/songte-cylinder-head-with-all-kinds-excavator-models.webp\"><\/p>\n<h2>Sandarinimas ir tepimas<\/h2>\n<p>\u201ePushhm PZ165-8\u201c svirties cilindre naudojami \u012fvair\u016bs sandarinimo komponentai, tokie kaip st\u016bmokli\u0173 ir kot\u0173 sandarikliai, pagaminti i\u0161 atspari\u0173 dilimui med\u017eiag\u0173, toki\u0173 kaip poliuretanas ir nitrilo kau\u010diukas. Cilindro korpusas ir srieginiai galai yra kruop\u0161\u010diai apdorojami, kad padid\u0117t\u0173 j\u0173 patvarumas. Norint u\u017etikrinti skland\u0173 veikim\u0105, b\u016btina reguliariai tepti tinkama hidrauline alyva.<\/p>\n<h2>Ap\u017ei\u016bra ir prevencin\u0117 prie\u017ei\u016bra<\/h2>\n<p>Reguliarus patikrinimas ir prevencin\u0117s prie\u017ei\u016bros priemon\u0117s yra labai svarbios optimaliam \u201ePushhm PZ165-8\u201c svirties cilindro veikimui ir ilgaam\u017ei\u0161kumui. Reik\u0117t\u0173 imtis \u0161i\u0173 priemoni\u0173:<\/p>\n<ul>\n<li>Patikrinkite sandariklius, ar n\u0117ra susid\u0117v\u0117jimo ar pa\u017eeidim\u0173 po\u017eymi\u0173, ir prireikus pakeiskite.<\/li>\n<li>Eksploatacijos metu patikrinkite, ar n\u0117ra ne\u012fprasto triuk\u0161mo, nuot\u0117ki\u0173 ar kit\u0173 trikd\u017ei\u0173, ir nedelsdami juos pa\u0161alinkite.<\/li>\n<li>U\u017etikrinkite tinkam\u0105 vis\u0173 judan\u010di\u0173 dali\u0173 sutepim\u0105.<\/li>\n<li>Reguliariai tikrinkite ir valykite cilindr\u0105, kad pa\u0161alintum\u0117te ne\u0161varumus ir \u0161iuk\u0161les.<\/li>\n<\/ul>\n<h2>Diegimo vadovas<\/h2>\n<p>Tinkamas montavimas yra labai svarbus norint u\u017etikrinti \u201ePushhm PZ165-8\u201c svirties cilindro veikim\u0105 ir saug\u0105. Laikykit\u0117s \u0161i\u0173 nurodym\u0173:<\/p>\n<ul>\n<li>Paruo\u0161kite tvirtinimo viet\u0105 ir \u012fsitikinkite, kad ji \u0161vari ir be \u0161iuk\u0161li\u0173.<\/li>\n<li>Tvirtai pritvirtinkite cilindr\u0105 naudodami tinkamus laikiklius ir tvirtinimo detales.<\/li>\n<li>Prijungdami hidraulines \u017earnas ir jungiam\u0105sias detales, laikykit\u0117s gamintojo nurodym\u0173.<\/li>\n<li>Prie\u0161 prad\u0117dami naudoti cilindr\u0105, patikrinkite jo jud\u0117jim\u0105 ir veikim\u0105.<\/li>\n<\/ul>\n<p><img decoding=\"async\" src=\"https:\/\/www.hydraulic-cylinders.net\/wp-content\/uploads\/2025\/01\/songte-bushings-with-all-kinds-of-excavator-models.webp\"><\/p>\n<h2>Saugos aspektai ir aplinkos veiksniai<\/h2>\n<p>Naudojant \u201ePushhm PZ165-8\u201c svirties cilindr\u0105, svarbu teikti pirmenyb\u0119 saugos priemon\u0117ms. Tinkamas saugos priemoni\u0173 \u012fgyvendinimas yra labai svarbus siekiant i\u0161vengti nelaiming\u0173 atsitikim\u0173 ir u\u017etikrinti operatoriaus gerov\u0119. Be to, siekiant suma\u017einti neigiam\u0105 poveik\u012f, b\u016btina atsi\u017evelgti \u012f aplinkos veiksnius, tokius kaip tinkamas atliek\u0173 \u0161alinimas ir aplinkosaugos taisykli\u0173 laikymasis.<\/p>\n<h2>Trik\u010di\u0173 \u0161alinimas ir da\u017eniausiai pasitaikan\u010dios problemos<\/h2>\n<p>Toliau pateikiamos da\u017eniausiai pasitaikan\u010dios \u201ePushhm PZ165-8\u201c svirties cilindro problemos ir trik\u010di\u0173 \u0161alinimo patarimai:<\/p>\n<ul>\n<li><strong>1 numeris:<\/strong> Nuot\u0117kis i\u0161 cilindr\u0173 sandarikli\u0173.<br \/> <strong>Sprendimas:<\/strong> Patikrinkite ir pakeiskite pa\u017eeistus sandariklius. U\u017etikrinkite tinkam\u0105 sutepim\u0105.<\/li>\n<li><strong>2 numeris:<\/strong> Netolygus cilindro jud\u0117jimas.<br \/> <strong>Sprendimas:<\/strong> Patikrinkite, ar n\u0117ra kli\u016b\u010di\u0173 arba hidraulin\u0117s sistemos problem\u0173. Prireikus sureguliuokite arba sutaisykite.<\/li>\n<li><strong>3 numeris:<\/strong> Ne\u012fprastas triuk\u0161mas veikimo metu.<br \/> <strong>Sprendimas:<\/strong> Patikrinkite, ar n\u0117ra atsilaisvinusi\u0173 ar pa\u017eeist\u0173 komponent\u0173. Priver\u017ekite arba pakeiskite pagal poreik\u012f.<\/li>\n<\/ul>\n<p>Laikydamiesi \u0161i\u0173 trik\u010di\u0173 \u0161alinimo veiksm\u0173, skaitytojai gali efektyviai diagnozuoti ir i\u0161spr\u0119sti problemas, kartu \u012fgyvendindami prevencines priemones, kad suma\u017eint\u0173 galimas problemas.<\/p>\n<p><img decoding=\"async\" src=\"https:\/\/www.hydraulic-cylinders.net\/wp-content\/uploads\/2025\/01\/songte-chushion-collar.webp\"><\/p>\n<p><strong>Autorius: lyl<\/strong><\/p>\n<h2>Apie mus<\/h2>\n<p>Esame profesionalus pakaitini\u0173 hidraulini\u0173 cilindr\u0173 gamintojas, si\u016blantis plat\u0173 gamini\u0173 asortiment\u0105. Tapome vienu i\u0161 pirmaujan\u010di\u0173 hidraulini\u0173 cilindr\u0173 gamintoj\u0173 ir didmenini\u0173 platintoj\u0173 tiek vidaus, tiek tarptautin\u0117se rinkose. M\u016bs\u0173 \u012fsipareigojimas u\u017etikrinti puiki\u0105 kokyb\u0119 skatina mus nuolat tobulinti savo technines \u017einias ir gamybos efektyvum\u0105. Integruodami pa\u017eangi\u0105 skaitmenin\u0119 gamybos \u012frang\u0105 ir profesionalias testavimo sistemas, optimizuojame savo gamybos platform\u0105 ir tobuliname gamini\u0173 kokyb\u0117s kontrol\u0117s procesus, demonstruodami stiprias inovacij\u0173 galimybes. M\u016bs\u0173 tikslas \u2013 patenkinti \u012fvairius klient\u0173 poreikius, vadovaujantis efektyvumo, tikslumo ir auk\u0161tos kokyb\u0117s principais.<\/p>\n<p><img decoding=\"async\" src=\"https:\/\/www.hydraulic-cylinders.net\/wp-content\/uploads\/2025\/01\/songte-company-4.webp\"><br \/>\n<img decoding=\"async\" src=\"https:\/\/www.hydraulic-cylinders.net\/wp-content\/uploads\/2025\/01\/songte-company-3.webp\"><\/p>","protected":false},"excerpt":{"rendered":"<p>Arm Cylinder For Pushhm PZ165-8 Introduction The Arm Cylinder for Pushhm PZ165-8 is a hydraulic cylinder specifically designed to provide linear motion and power for various types of machinery arms, such as excavators, cranes, and robotic arms. The arm cylinders play a crucial role in hydraulic systems, allowing for efficient movement and control of additional [&hellip;]<\/p>","protected":false},"featured_media":14777,"comment_status":"open","ping_status":"closed","template":"","meta":{"_et_pb_use_builder":"","_et_pb_old_content":"","_et_gb_content_width":""},"product_brand":[],"product_cat":[1497],"product_tag":[1498,1496],"class_list":{"0":"post-16750","1":"product","2":"type-product","3":"status-publish","4":"has-post-thumbnail","6":"product_cat-arm-cylinders","7":"product_tag-arm-cylinders","8":"product_tag-hydraulic-cylinders","10":"first","11":"instock","12":"shipping-taxable","13":"product-type-simple"},"amp_enabled":true,"_links":{"self":[{"href":"https:\/\/www.hydraulic-cylinders.net\/lt\/wp-json\/wp\/v2\/product\/16750","targetHints":{"allow":["GET"]}}],"collection":[{"href":"https:\/\/www.hydraulic-cylinders.net\/lt\/wp-json\/wp\/v2\/product"}],"about":[{"href":"https:\/\/www.hydraulic-cylinders.net\/lt\/wp-json\/wp\/v2\/types\/product"}],"replies":[{"embeddable":true,"href":"https:\/\/www.hydraulic-cylinders.net\/lt\/wp-json\/wp\/v2\/comments?post=16750"}],"wp:featuredmedia":[{"embeddable":true,"href":"https:\/\/www.hydraulic-cylinders.net\/lt\/wp-json\/wp\/v2\/media\/14777"}],"wp:attachment":[{"href":"https:\/\/www.hydraulic-cylinders.net\/lt\/wp-json\/wp\/v2\/media?parent=16750"}],"wp:term":[{"taxonomy":"product_brand","embeddable":true,"href":"https:\/\/www.hydraulic-cylinders.net\/lt\/wp-json\/wp\/v2\/product_brand?post=16750"},{"taxonomy":"product_cat","embeddable":true,"href":"https:\/\/www.hydraulic-cylinders.net\/lt\/wp-json\/wp\/v2\/product_cat?post=16750"},{"taxonomy":"product_tag","embeddable":true,"href":"https:\/\/www.hydraulic-cylinders.net\/lt\/wp-json\/wp\/v2\/product_tag?post=16750"}],"curies":[{"name":"wp","href":"https:\/\/api.w.org\/{rel}","templated":true}]}}