{"id":16766,"date":"2025-01-21T05:52:50","date_gmt":"2025-01-21T05:52:50","guid":{"rendered":"https:\/\/www.hydraulic-cylinders.net\/product\/arm-cylinder-for-yanmar-sv025-6\/"},"modified":"2025-01-21T05:52:52","modified_gmt":"2025-01-21T05:52:52","slug":"arm-cylinder-for-yanmar-sv025-6","status":"publish","type":"product","link":"https:\/\/www.hydraulic-cylinders.net\/lt\/produktas\/arm-cylinder-for-yanmar-sv025-6\/","title":{"rendered":"\u201eYanmar SV025-6\u201c svirties cilindras"},"content":{"rendered":"<p><!DOCTYPE html><br \/>\n<html><br \/>\n<head><br \/>\n<title>\u201eYanmar SV025-6\u201c svirties cilindras<\/title><br \/>\n<\/head><br \/>\n<body><\/p>\n<h1>\u201eYanmar SV025-6\u201c svirties cilindras<\/h1>\n<h2>\u012evadas<\/h2>\n<p>\u201eYanmar SV025-6\u201c svirties cilindras yra specializuotas hidraulinis cilindras, skirtas u\u017etikrinti tiesin\u012f jud\u0117jim\u0105 ir gali\u0105 \u012fvairi\u0173 ma\u0161in\u0173, toki\u0173 kaip ekskavatoriai, kranai ir mechanin\u0117s svirtys, svir\u010diai. Svirties cilindras atlieka labai svarb\u0173 vaidmen\u012f hidraulin\u0117se sistemose, nes leid\u017eia efektyviai jud\u0117ti ir valdyti papildomus \u012frankius ar priedus. \u0160ie cilindrai ne tik u\u017etikrina skland\u0173 jud\u0117jim\u0105, bet ir atlaiko dideles apkrovas, u\u017etikrindami efektyv\u0173 ma\u0161in\u0173 veikim\u0105 ir patikimum\u0105 \u012fvairiomis darbo s\u0105lygomis.<\/p>\n<p><img decoding=\"async\" src=\"https:\/\/www.hydraulic-cylinders.net\/wp-content\/uploads\/2025\/01\/songte-company-2.webp\" alt=\"Svirties cilindro vaizdas\"><\/p>\n<h2>Savyb\u0117s<\/h2>\n<ul>\n<li>\n<h3>Didelio efektyvumo transmisija<\/h3>\n<p>Svirties cilindras u\u017etikrina galing\u0105 tiesin\u012f judes\u012f ir j\u0117g\u0105, u\u017etikrindamas auk\u0161t\u0105 mechanin\u0117s svirties efektyvum\u0105 atliekant \u012fvairias operacijas.<\/p>\n<\/li>\n<li>\n<h3>Tikslus valdymas<\/h3>\n<p>Hidraulin\u0117s sistemos d\u0117ka rankos cilindras leid\u017eia tiksliai valdyti judes\u012f, tod\u0117l papildom\u0173 \u012franki\u0173 valdymas tampa lankstesnis ir tikslesnis.<\/p>\n<\/li>\n<li>\n<h3>Patvarumas<\/h3>\n<p>Svirtiniai cilindrai paprastai gaminami i\u0161 didelio stiprumo med\u017eiag\u0173, pasi\u017eymin\u010di\u0173 puikiu atsparumu dilimui ir korozijai, tod\u0117l jie tinkami ilgalaikiam naudojimui at\u0161iauriomis s\u0105lygomis.<\/p>\n<\/li>\n<li>\n<h3>Daugiafunkcinis prisitaikymas<\/h3>\n<p>\u0160ie cilindrai gali b\u016bti pla\u010diai naudojami \u012fvairiems mechaniniams \u012frenginiams, pavyzd\u017eiui, ekskavatoriams, kranams ir mechanin\u0117ms svirtims, pritaikant juos skirtingiems darbo reikalavimams.<\/p>\n<\/li>\n<li>\n<h3>Lengva prie\u017ei\u016bra<\/h3>\n<p>Sukurti atsi\u017evelgiant \u012f paprast\u0105 prie\u017ei\u016br\u0105 ir keitim\u0105, svirties cilindrai palengvina reguliarias patikras ir technin\u0119 prie\u017ei\u016br\u0105, taip suma\u017einant \u012frangos prastovas.<\/p>\n<\/li>\n<\/ul>\n<p><img decoding=\"async\" src=\"https:\/\/www.hydraulic-cylinders.net\/wp-content\/uploads\/2025\/01\/songte-oil-pipes-and-spare-parts.webp\" alt=\"Produkto vaizdas\"><\/p>\n<h2>Parai\u0161kos<\/h2>\n<ul>\n<li>\n<h3>Statybos in\u017einerija<\/h3>\n<p>Ekskavatoriuose ir kranuose svirties cilindras naudojamas kau\u0161\u0173 arba str\u0117li\u0173 jud\u0117jimui valdyti atliekant \u017eem\u0117s darbus, med\u017eiag\u0173 tvarkym\u0105 ir konstrukcij\u0173 montavim\u0105.<\/p>\n<\/li>\n<li>\n<h3>Gamybos pramon\u0117<\/h3>\n<p>Automatizuotose gamybos linijose svirties cilindras naudojamas mechanin\u0117ms svirtims judinti tokiuose procesuose kaip surinkimas, suvirinimas ir tvarkymas, taip pagerinant gamybos efektyvum\u0105 ir tikslum\u0105.<\/p>\n<\/li>\n<li>\n<h3>\u017dem\u0117s \u016bkio technika<\/h3>\n<p>\u017dem\u0117s \u016bkio technikose, tokiose kaip derliaus nu\u0117mimo ma\u0161inos ir s\u0117jamosios, svirties cilindras valdo darbini\u0173 svir\u010di\u0173 jud\u0117jim\u0105 atliekant tokias u\u017eduotis kaip s\u0117ja, tr\u0119\u0161imas ir derliaus nu\u0117mimas.<\/p>\n<\/li>\n<li>\n<h3>Kasyba<\/h3>\n<p>Kasybos \u012frangoje svirties cilindras naudojamas kasybos ma\u0161in\u0173 svirties jud\u0117jimui valdyti r\u016bdos gavybai ir transportavimui.<\/p>\n<\/li>\n<li>\n<h3>Logistika ir transportas<\/h3>\n<p>\u0160akiniuose krautuvuose ir krovini\u0173 krovimo robotuose svirties cilindras naudojamas \u0161aki\u0173 k\u0117limui ir jud\u0117jimui valdyti, taip palengvinant med\u017eiag\u0173 tvarkym\u0105 ir krovim\u0105.<\/p>\n<\/li>\n<\/ul>\n<h2>Projektavimo aspektai ir atrankos kriterijai<\/h2>\n<ul>\n<li>\n<h3>Guoli\u0173 talpa<\/h3>\n<p>Aptarkite svirties cilindro laikom\u0105j\u0105 gali\u0105 ir jos svarb\u0105 projektuojant.<\/p>\n<\/li>\n<li>\n<h3>Sandarinimas<\/h3>\n<p>Paai\u0161kinkite \u012fvairi\u0173 sandarinimo komponent\u0173, toki\u0173 kaip st\u016bmokliniai sandarikliai ir kot\u0173 sandarikliai, naudojim\u0105, j\u0173 med\u017eiag\u0173 pasirinkim\u0105 ir kaip jie u\u017etikrina efektyv\u0173 sandarinim\u0105.<\/p>\n<\/li>\n<li>\n<h3>Patvarumas<\/h3>\n<p>Pabr\u0117\u017ekite cilindro korpuso ir srieginio galo pavir\u0161iaus puik\u0173 apdorojim\u0105, siekiant padidinti atsparum\u0105 dilimui, ir aptarkite patvari\u0173 med\u017eiag\u0173 pasirinkim\u0105.<\/p>\n<\/li>\n<li>\n<h3>Saugumas<\/h3>\n<p>Pabr\u0117\u017ekite saugos priemoni\u0173 svarb\u0105 naudojant svirtin\u012f cilindr\u0105 ir saugos veiksni\u0173 \u012fvertinim\u0105 j\u012f projektuojant.<\/p>\n<\/li>\n<li>\n<h3>Prie\u017ei\u016bra<\/h3>\n<p>Aptarkite reguliaraus tepimo reikalavimus ir periodin\u0117s patikros bei prie\u017ei\u016bros poreik\u012f, siekiant u\u017etikrinti optimal\u0173 veikim\u0105 ir ilgaam\u017ei\u0161kum\u0105.<\/p>\n<\/li>\n<\/ul>\n<p><img decoding=\"async\" src=\"https:\/\/www.hydraulic-cylinders.net\/wp-content\/uploads\/2025\/01\/songte-cylinder-head-with-all-kinds-excavator-models.webp\" alt=\"Produkto vaizdas\"><\/p>\n<h2>Sandarinimas ir tepimas<\/h2>\n<p>Svirtiniame cilindre naudojami \u012fvair\u016bs sandarinimo komponentai, tokie kaip st\u016bmokli\u0173 ir kot\u0173 sandarikliai, pagaminti i\u0161 atspari\u0173 dilimui med\u017eiag\u0173, toki\u0173 kaip poliuretanas ir nitrilo kau\u010diukas. Cilindro korpusas ir srieginis galas yra kruop\u0161\u010diai apdorojami, siekiant padidinti atsparum\u0105 dilimui. Norint u\u017etikrinti tinkam\u0105 tepim\u0105, b\u016btina reguliariai tepti tinkama hidrauline alyva.<\/p>\n<h2>Prie\u017ei\u016bra ir prevencin\u0117s priemon\u0117s<\/h2>\n<ul>\n<li>\n<p>Reguliariai tikrinkite svirties cilindr\u0105, ar n\u0117ra susid\u0117v\u0117jimo, nuot\u0117ki\u0173 ar pa\u017eeidim\u0173 po\u017eymi\u0173.<\/p>\n<\/li>\n<li>\n<p>U\u017etikrinkite tinkam\u0105 tepim\u0105 patikrindami hidraulin\u0117s alyvos lyg\u012f ir, jei reikia, \u012fpildami reikiam\u0105 kiek\u012f.<\/p>\n<\/li>\n<li>\n<p>Priver\u017ekite visas atsilaisvinusias jungtis ir tvirtinimo detales.<\/p>\n<\/li>\n<li>\n<p>Cilindr\u0105 ir jo aplink\u0105 laikykite \u0161varius, kad \u0161iuk\u0161l\u0117s nepa\u017eeist\u0173 j\u0173.<\/p>\n<\/li>\n<li>\n<p>Laikykit\u0117s gamintojo pateikt\u0173 technin\u0117s prie\u017ei\u016bros grafik\u0173 ir rekomenduojam\u0173 proced\u016br\u0173 nurodym\u0173.<\/p>\n<\/li>\n<\/ul>\n<h2>Produkto diegimo vadovas<\/h2>\n<p>Tinkamas svirties cilindro montavimas yra labai svarbus optimaliam jo veikimui ir saugumui. Atlikite \u0161iuos veiksmus, kad u\u017etikrintum\u0117te teising\u0105 montavim\u0105:<\/p>\n<ol>\n<li>\n<p>Paruo\u0161kite tvirtinimo pavir\u0161i\u0173 ir \u012fsitikinkite, kad jis \u0161varus ir be joki\u0173 ter\u0161al\u0173.<\/p>\n<\/li>\n<li>\n<p>Sulygiuokite svirties cilindr\u0105 su tvirtinimo pavir\u0161iumi ir pritvirtinkite j\u012f naudodami atitinkamus tvirtinimo elementus.<\/p>\n<\/li>\n<li>\n<p>Priver\u017ekite tvirtinimo detales pagal gamintojo nurodytas rekomenduojamas sukimo momento specifikacijas.<\/p>\n<\/li>\n<li>\n<p>Po \u012frengimo patikrinkite, ar n\u0117ra nuot\u0117ki\u0173 ar ne\u012fprast\u0173 judesi\u0173.<\/p>\n<\/li>\n<\/ol>\n<p><img decoding=\"async\" src=\"https:\/\/www.hydraulic-cylinders.net\/wp-content\/uploads\/2025\/01\/songte-bushings-with-all-kinds-of-excavator-models.webp\" alt=\"Produkto vaizdas\"><\/p>\n<h2>Saugos aspektai ir aplinkos veiksniai<\/h2>\n<p>Naudojant svirties cilindr\u0105, svarbu teikti pirmenyb\u0119 saugos priemon\u0117ms, kad b\u016bt\u0173 i\u0161vengta nelaiming\u0173 atsitikim\u0173 ir u\u017etikrinta operatori\u0173 bei aplinkini\u0173 \u017emoni\u0173 gerov\u0117. Renkantis svirties cilindro med\u017eiagas, atsi\u017evelkite \u012f aplinkos veiksnius, tokius kaip temperat\u016bra, dr\u0117gm\u0117 ir s\u0105lytis su korozin\u0117mis med\u017eiagomis.<\/p>\n<h2>Trik\u010di\u0173 \u0161alinimas ir da\u017eniausiai pasitaikan\u010dios problemos<\/h2>\n<p>Nepaisant patikimumo, svirtiniai cilindrai gali susidurti su tam tikromis problemomis. \u0160tai keletas da\u017eniausiai pasitaikan\u010di\u0173 problem\u0173 ir trik\u010di\u0173 \u0161alinimo patarim\u0173:<\/p>\n<ul>\n<li>\n<h3>1 problema: Nuot\u0117kis<\/h3>\n<p>Galimos prie\u017eastys: pa\u017eeisti sandarikliai arba netinkamas montavimas. Sprendimas: patikrinkite ir pakeiskite pa\u017eeistus sandariklius, u\u017etikrinkite tinkam\u0105 montavim\u0105 ir sulygiavim\u0105.<\/p>\n<\/li>\n<li>\n<h3>2 problema: Galios tr\u016bkumas<\/h3>\n<p>Galimos prie\u017eastys: nepakankamas hidraulinis sl\u0117gis arba susid\u0117v\u0117j\u0119 komponentai. Sprendimas: patikrinkite hidraulin\u0117s sistemos sl\u0117g\u012f ir pakeiskite visus susid\u0117v\u0117jusius komponentus.<\/p>\n<\/li>\n<li>\n<h3>3 problema: tr\u016bk\u010diojantis judesys<\/h3>\n<p>Galimos prie\u017eastys: hidraulin\u0117je sistemoje yra oro arba netinkamas sulygiavimas. Sprendimas: i\u0161leiskite or\u0105 i\u0161 hidraulin\u0117s sistemos ir u\u017etikrinkite tinkam\u0105 svirties cilindro sulygiavim\u0105.<\/p>\n<\/li>\n<li>\n<h3>4 problema: per didelis triuk\u0161mas<\/h3>\n<p>Galimos prie\u017eastys: atsilaisvinusios jungtys arba susid\u0117v\u0117j\u0119 komponentai. Sprendimas: priver\u017ekite atsilaisvinusias jungtis ir pakeiskite visus susid\u0117v\u0117jusius komponentus.<\/p>\n<\/li>\n<\/ul>\n<p>Vadovaudamiesi \u0161iais trik\u010di\u0173 \u0161alinimo patarimais, skaitytojai gali efektyviai diagnozuoti ir i\u0161spr\u0119sti svirties cilindro problemas, taip pat \u012fgyvendinti prevencines priemones, kad suma\u017eint\u0173 galimas problemas.<\/p>\n<p><img decoding=\"async\" src=\"https:\/\/www.hydraulic-cylinders.net\/wp-content\/uploads\/2025\/01\/songte-chushion-collar.webp\" alt=\"Produkto vaizdas\"><\/p>\n<h2>Apie m\u016bs\u0173 \u012fmon\u0119<\/h2>\n<p>Esame profesionalus pakaitini\u0173 hidraulini\u0173 cilindr\u0173 gamintojas, si\u016blantis plat\u0173 gamini\u0173 asortiment\u0105. Tapome vienu i\u0161 pirmaujan\u010di\u0173 hidraulini\u0173 cilindr\u0173 gamintoj\u0173 ir didmenini\u0173 platintoj\u0173 vidaus ir tarptautin\u0117se rinkose. Siekdami meistri\u0161kumo, nuolat tobuliname savo techninius paj\u0117gumus ir gamybos efektyvum\u0105, taikydami industrializuotas gamybos valdymo strategijas savo pa\u017eangiose gamybos dirbtuv\u0117se. \u012ediegdami auk\u0161\u010diausios klas\u0117s skaitmenin\u0119 gamybos \u012frang\u0105 ir profesionalias bandym\u0173 sistemas, optimizuojame savo gamybos platform\u0105 ir tobuliname gamini\u0173 kokyb\u0117s kontrol\u0117s procesus, taip u\u017etikrindami stiprias inovacij\u0173 galimybes. M\u016bs\u0173 tikslas \u2013 patenkinti \u012fvairius klient\u0173 poreikius, vadovaujantis efektyvumo, tikslumo ir auk\u0161tos kokyb\u0117s principais.<\/p>\n<h2>Kod\u0117l verta rinktis mus?<\/h2>\n<ul>\n<li>\n<p>Profesionalumas: Turime specialist\u0173 komand\u0105, kuri specializuojasi<\/p>","protected":false},"excerpt":{"rendered":"<p>Arm Cylinder For Yanmar SV025-6 Arm Cylinder For Yanmar SV025-6 Introduction The Arm Cylinder For Yanmar SV025-6 is a specialized hydraulic cylinder designed to provide linear motion and power for the arm of various machinery, such as excavators, cranes, and mechanical arms. The arm cylinder plays a crucial role in hydraulic systems, enabling the efficient [&hellip;]<\/p>","protected":false},"featured_media":14759,"comment_status":"open","ping_status":"closed","template":"","meta":{"_et_pb_use_builder":"","_et_pb_old_content":"","_et_gb_content_width":""},"product_brand":[],"product_cat":[1497],"product_tag":[1498,1496],"class_list":{"0":"post-16766","1":"product","2":"type-product","3":"status-publish","4":"has-post-thumbnail","6":"product_cat-arm-cylinders","7":"product_tag-arm-cylinders","8":"product_tag-hydraulic-cylinders","10":"first","11":"instock","12":"shipping-taxable","13":"product-type-simple"},"amp_enabled":true,"_links":{"self":[{"href":"https:\/\/www.hydraulic-cylinders.net\/lt\/wp-json\/wp\/v2\/product\/16766","targetHints":{"allow":["GET"]}}],"collection":[{"href":"https:\/\/www.hydraulic-cylinders.net\/lt\/wp-json\/wp\/v2\/product"}],"about":[{"href":"https:\/\/www.hydraulic-cylinders.net\/lt\/wp-json\/wp\/v2\/types\/product"}],"replies":[{"embeddable":true,"href":"https:\/\/www.hydraulic-cylinders.net\/lt\/wp-json\/wp\/v2\/comments?post=16766"}],"wp:featuredmedia":[{"embeddable":true,"href":"https:\/\/www.hydraulic-cylinders.net\/lt\/wp-json\/wp\/v2\/media\/14759"}],"wp:attachment":[{"href":"https:\/\/www.hydraulic-cylinders.net\/lt\/wp-json\/wp\/v2\/media?parent=16766"}],"wp:term":[{"taxonomy":"product_brand","embeddable":true,"href":"https:\/\/www.hydraulic-cylinders.net\/lt\/wp-json\/wp\/v2\/product_brand?post=16766"},{"taxonomy":"product_cat","embeddable":true,"href":"https:\/\/www.hydraulic-cylinders.net\/lt\/wp-json\/wp\/v2\/product_cat?post=16766"},{"taxonomy":"product_tag","embeddable":true,"href":"https:\/\/www.hydraulic-cylinders.net\/lt\/wp-json\/wp\/v2\/product_tag?post=16766"}],"curies":[{"name":"wp","href":"https:\/\/api.w.org\/{rel}","templated":true}]}}