{"id":16771,"date":"2025-01-21T05:53:09","date_gmt":"2025-01-21T05:53:09","guid":{"rendered":"https:\/\/www.hydraulic-cylinders.net\/product\/arm-cylinder-for-yanmar-vib65\/"},"modified":"2025-01-21T05:53:10","modified_gmt":"2025-01-21T05:53:10","slug":"arm-cylinder-for-yanmar-vib65","status":"publish","type":"product","link":"https:\/\/www.hydraulic-cylinders.net\/lt\/produktas\/arm-cylinder-for-yanmar-vib65\/","title":{"rendered":"\u201eYanmar VIB65\u201c svirties cilindras"},"content":{"rendered":"<p>\u201eYanmar VIB65\u201c svirties cilindras<\/p>\n<p>Svirties cilindras yra specialiai suprojektuotas hidraulinis cilindras, daugiausia naudojamas \u012fvairi\u0173 tip\u0173 ma\u0161in\u0173, toki\u0173 kaip ekskavatoriai, kranai ir mechanin\u0117s svirtys, svir\u010diai tiesiniam judesiui ir galiai u\u017etikrinti. Svirties cilindras atlieka labai svarb\u0173 vaidmen\u012f hidraulin\u0117je sistemoje, leisdamas pritvirtinamiems \u012frankiams ar priedams jud\u0117ti ir b\u016bti efektyviai valdomiems. \u0160ie cilindrai ne tik u\u017etikrina skland\u0173 jud\u0117jim\u0105, bet ir atlaiko dideles apkrovas, u\u017etikrindami efektyv\u0173 ma\u0161inos veikim\u0105 ir patikimum\u0105 \u012fvairiomis eksploatavimo s\u0105lygomis.<\/p>\n<p>Svirtinio cilindro savyb\u0117s:<\/p>\n<p>1. Didelio efektyvumo transmisija: Svirties cilindras gali u\u017etikrinti galing\u0105 tiesin\u012f judes\u012f ir j\u0117g\u0105, u\u017etikrindamas auk\u0161t\u0105 mechanin\u0117s svirties efektyvum\u0105 atliekant \u012fvairias operacijas.<br \/>\n2. Tikslus valdymas: Hidraulin\u0117s sistemos d\u0117ka rankos cilindras gali tiksliai valdyti judes\u012f, tod\u0117l tvirtinimo \u012franki\u0173 veikimas tampa lankstesnis ir tikslesnis.<br \/>\n3. Didelis patvarumas: Svirtiniai cilindrai paprastai gaminami i\u0161 didelio stiprumo med\u017eiag\u0173, pasi\u017eymi geru atsparumu dilimui ir korozijai, tod\u0117l tinka ilgalaikiam naudojimui at\u0161iauriomis s\u0105lygomis.<br \/>\n4. Daugiafunkcinis pritaikomumas: \u0160ie cilindrai gali b\u016bti pla\u010diai naudojami \u012fvairi\u0173 tip\u0173 mechanin\u0117je \u012frangoje, pavyzd\u017eiui, ekskavatoriuose, kranuose ir mechanin\u0117se rankose, prisitaikant prie skirting\u0173 darbo poreiki\u0173.<br \/>\n5. Lengva prie\u017ei\u016bra: atsi\u017evelgiant \u012f tai, kad konstrukcija u\u017etikrina lengv\u0105 prie\u017ei\u016br\u0105 ir keitim\u0105, periodin\u0117 ap\u017ei\u016bra ir prie\u017ei\u016bra tampa patogesn\u0117s, tod\u0117l suma\u017e\u0117ja \u012frangos prastova.<\/p>\n<p>M\u016bs\u0173 gaminys gali puikiai pakeisti \u0161iuos hidraulinius cilindrus. Mes tiekiame auk\u0161tos kokyb\u0117s ir patikimus \u201eYanmar VIB65\u201c hidraulinius cilindrus.<\/p>\n<p>Rankinio cilindro taikymas:<\/p>\n<p>1. Statybos in\u017einerija: ekskavatoriuose ir kranuose str\u0117li\u0173 cilindrai naudojami kau\u0161\u0173 ar str\u0117li\u0173 jud\u0117jimui valdyti, \u017eem\u0117s darbams, med\u017eiag\u0173 tvarkymui ir konstrukcij\u0173 montavimui.<br \/>\n2. Gamybos pramon\u0117: Automatizuotoje gamybos linijoje svir\u010di\u0173 cilindrai naudojami mechanin\u0117ms svirtims judinti, surinkimo, suvirinimo ir tvarkymo procesams atlikti, taip gerinant gamybos efektyvum\u0105 ir tikslum\u0105.<br \/>\n3. \u017dem\u0117s \u016bkio technika: \u017dem\u0117s \u016bkio technikoje, pavyzd\u017eiui, derliaus nu\u0117mimo ir s\u0117jamosiose, svirties cilindrai valdo valdymo svirties judes\u012f, atlikdami tokias u\u017eduotis kaip s\u0117ja, tr\u0119\u0161imas ir derliaus nu\u0117mimas.<br \/>\n4. Kasybos pramon\u0117: Kasybos \u012frangoje svirties cilindrai naudojami kasybos \u012frangos svirties jud\u0117jimui valdyti, atliekant kasyb\u0105 ir r\u016bdos transportavim\u0105.<br \/>\n5. Logistika ir transportavimas: \u0160akiniuose krautuvuose ir krovini\u0173 tvarkymo robotuose ranken\u0173 cilindrai naudojami krovinio k\u0117limui ir jud\u0117jimui valdyti, med\u017eiag\u0173 tvarkymui ir krovimui.<\/p>\n<p>Projektavimo aspektai ir atrankos kriterijai:<\/p>\n<p>1. Guoli\u0173 geba: Svir\u010di\u0173 cilindrai turi atlaikyti maksimali\u0105 mechanizm\u0173 ir pritvirtinam\u0173 \u012franki\u0173 apkrov\u0105.<br \/>\n2. Sandarinimo charakteristikos: \u012evair\u016bs sandarinimo komponentai, tokie kaip st\u016bmoklio sandarinimo \u017eiedai ir strypo sandarinimo \u017eiedai, tur\u0117t\u0173 b\u016bti pagaminti i\u0161 dilimui atspari\u0173 med\u017eiag\u0173, toki\u0173 kaip poliuretanas ir nitrilo kau\u010diukas, kad b\u016bt\u0173 u\u017etikrintas geras sandarinimo efektyvumas.<br \/>\n3. Patvarumas: Cilindro korpusas ir srieginis galinis pavir\u0161ius turi b\u016bti kruop\u0161\u010diai apdirbti, kad b\u016bt\u0173 pagerintas atsparumas dilimui, ir reguliariai \u012fpilant reikiam\u0105 kiek\u012f hidraulin\u0117s alyvos tepimui ir prie\u017ei\u016brai.<br \/>\n4. Sauga: Svirtiniai cilindrai turi tur\u0117ti saugos \u012ftaisus, tokius kaip apsauginiai vo\u017etuvai, kad b\u016bt\u0173 i\u0161vengta nelaiming\u0173 atsitikim\u0173 d\u0117l vir\u0161sl\u0117gio.<br \/>\n5. Prie\u017ei\u016bra: Svirtiniai cilindrai tur\u0117t\u0173 b\u016bti suprojektuoti taip, kad juos b\u016bt\u0173 lengva i\u0161ardyti, ap\u017ei\u016br\u0117ti ir pakeisti, taip suma\u017einant prastovas ir prie\u017ei\u016bros i\u0161laidas.<\/p>\n<p>Svirties cilindro sandarinimas ir tepimas:<\/p>\n<p>1. \u012evair\u016bs sandarinimo komponentai, tokie kaip st\u016bmoklio sandarinimo \u017eiedai ir strypo sandarinimo \u017eiedai, tur\u0117t\u0173 b\u016bti reguliariai kei\u010diami, kad b\u016bt\u0173 u\u017etikrintas geras sandarumas.<br \/>\n2. Cilindro korpus\u0105 ir sriegin\u012f galin\u012f pavir\u0161i\u0173 reikia reguliariai tikrinti ir pri\u017ei\u016br\u0117ti, kad b\u016bt\u0173 u\u017etikrintas geras atsparumas dilimui.<br \/>\n3. Norint u\u017etikrinti skland\u0173 ir stabil\u0173 veikim\u0105, reikia reguliariai \u012fpilti reikiam\u0105 kiek\u012f hidraulin\u0117s alyvos.<\/p>\n<p>Trik\u010di\u0173 \u0161alinimas ir da\u017eniausios problemos:<\/p>\n<p>1. Sandarinimo sutrikimas: d\u0117l to gali nutek\u0117ti alyva, d\u0117l ko suma\u017e\u0117ja cilindro efektyvumas.<br \/>\n2. Nepakankamas tepimas: d\u0117l to gali atsirasti per didel\u0117 trintis tarp cilindro korpuso ir st\u016bmoklio koto, d\u0117l ko gali b\u016bti pa\u017eeisti sandarinimo komponentai ir suma\u017e\u0117ti cilindro efektyvumas.<br \/>\n3. Perkaitimas: gali pa\u017eeisti hidraulin\u0119 alyv\u0105 ir suma\u017einti cilindro efektyvum\u0105.<br \/>\n4. Nenormalus triuk\u0161mas: j\u012f gali sukelti pa\u017eeisti guoliai ar kiti komponentai, d\u0117l kuri\u0173 suma\u017e\u0117ja cilindro efektyvumas.<\/p>\n<p>Diegimo vadovas:<\/p>\n<p>1. Nuvalykite ma\u0161inos ir cilindro korpuso montavimo pavir\u0161i\u0173 ir ant pavir\u0161iaus u\u017etepkite plon\u0105 tepalo sluoksn\u012f.<br \/>\n2. Sumontuokite cilindr\u0105 pagal montavimo schemoje nurodyt\u0105 montavimo pad\u0117t\u012f ir krypt\u012f.<br \/>\n3. Priver\u017ekite cilindro korpuso tvirtinimo var\u017etus ir tvirtinimo \u012frankius iki nurodyto sukimo momento.<br \/>\n4. Prijunkite hidraulines \u017earnas ir vamzd\u017eius pagal montavimo schem\u0105 ir \u012fsitikinkite, kad alyvos grandin\u0117 n\u0117ra u\u017eblokuota.<br \/>\n5. Atlikite bandom\u0105j\u012f paleidim\u0105 ir patikrinkite, ar cilindras veikia skland\u017eiai ir tinkamai.<\/p>\n<p>Saugos aspektai ir aplinkos veiksniai:<\/p>\n<p>1. Tvarkydami ir montuodami cilindr\u0105, \u012fsitikinkite, kad ma\u0161ina yra i\u0161jungta ir hidraulinis sl\u0117gis i\u0161leistas, kad i\u0161vengtum\u0117te nelaiming\u0173 atsitikim\u0173.<br \/>\n2. B\u016btina naudoti saugos \u012ftaisus, tokius kaip apsauginiai vo\u017etuvai, kad b\u016bt\u0173 i\u0161vengta nelaiming\u0173 atsitikim\u0173 d\u0117l vir\u0161sl\u0117gio.<br \/>\n3. Cilindre naudojama hidraulin\u0117 alyva tur\u0117t\u0173 b\u016bti reguliariai kei\u010diama, kad b\u016bt\u0173 u\u017etikrintas geras tepimo efektyvumas ir i\u0161vengta aplinkos tar\u0161os.<\/p>\n<p>\u201eSongte Hydraulic Machinery Co., Ltd.\u201c yra profesionali pakaitini\u0173 hidraulini\u0173 cilindr\u0173 gamintoja, si\u016blanti plat\u0173 gamini\u0173 asortiment\u0105. Tapome vienais i\u0161 pirmaujan\u010di\u0173 hidraulini\u0173 cilindr\u0173 gamintoj\u0173 ir didmenini\u0173 platintoj\u0173 vidaus ir tarptautin\u0117se rinkose. M\u016bs\u0173 principas \u2013 i\u0161laikyti puiki\u0105 kokyb\u0119 ir pasikliauti industrializuota gamybos valdymo strategija, veikian\u010dia sud\u0117tingose \u200b\u200bgamybos dirbtuv\u0117se, siekiant nuolat tobulinti savo technologij\u0173 lyg\u012f ir gamybos efektyvum\u0105. Diegiant auk\u0161\u010diausios klas\u0117s skaitmenin\u0119 gamybos \u012frang\u0105 ir profesionalias bandym\u0173 sistemas, mes nuolat optimizuojame gamybos platform\u0105, tobuliname gamini\u0173 kokyb\u0117s kontrol\u0117s proces\u0105 ir turime stiprias inovacij\u0173 galimybes. M\u016bs\u0173 tikslas \u2013 patenkinti \u012fvairius klient\u0173 poreikius, vadovaujantis didelio efektyvumo, tikslumo ir auk\u0161tos kokyb\u0117s principais.<\/p>\n<p>Esame \u012fmon\u0117, vertinanti profesionalum\u0105, tarptautinius sertifikatus, individualius poreikius atitinkan\u010dias paslaugas, gamybos \u012frang\u0105, garantin\u012f aptarnavim\u0105 ir kt. Laukiame bendradarbiavimo su jumis ir auk\u0161tos kokyb\u0117s produkt\u0173 bei paslaug\u0173 teikimo.<\/p>\n<p>Autorius: lyl.<\/p>","protected":false},"excerpt":{"rendered":"<p>Arm Cylinder For Yanmar VIB65 Arm cylinder is a specially designed hydraulic cylinder that is mainly used to provide linear motion and power for the arm of various types of machinery, such as excavators, cranes, and mechanical arms. The arm cylinder plays a crucial role in the hydraulic system, allowing the attachment tools or accessories [&hellip;]<\/p>","protected":false},"featured_media":14774,"comment_status":"open","ping_status":"closed","template":"","meta":{"_et_pb_use_builder":"","_et_pb_old_content":"","_et_gb_content_width":""},"product_brand":[],"product_cat":[1497],"product_tag":[1498,1496],"class_list":{"0":"post-16771","1":"product","2":"type-product","3":"status-publish","4":"has-post-thumbnail","6":"product_cat-arm-cylinders","7":"product_tag-arm-cylinders","8":"product_tag-hydraulic-cylinders","10":"first","11":"instock","12":"shipping-taxable","13":"product-type-simple"},"amp_enabled":true,"_links":{"self":[{"href":"https:\/\/www.hydraulic-cylinders.net\/lt\/wp-json\/wp\/v2\/product\/16771","targetHints":{"allow":["GET"]}}],"collection":[{"href":"https:\/\/www.hydraulic-cylinders.net\/lt\/wp-json\/wp\/v2\/product"}],"about":[{"href":"https:\/\/www.hydraulic-cylinders.net\/lt\/wp-json\/wp\/v2\/types\/product"}],"replies":[{"embeddable":true,"href":"https:\/\/www.hydraulic-cylinders.net\/lt\/wp-json\/wp\/v2\/comments?post=16771"}],"wp:featuredmedia":[{"embeddable":true,"href":"https:\/\/www.hydraulic-cylinders.net\/lt\/wp-json\/wp\/v2\/media\/14774"}],"wp:attachment":[{"href":"https:\/\/www.hydraulic-cylinders.net\/lt\/wp-json\/wp\/v2\/media?parent=16771"}],"wp:term":[{"taxonomy":"product_brand","embeddable":true,"href":"https:\/\/www.hydraulic-cylinders.net\/lt\/wp-json\/wp\/v2\/product_brand?post=16771"},{"taxonomy":"product_cat","embeddable":true,"href":"https:\/\/www.hydraulic-cylinders.net\/lt\/wp-json\/wp\/v2\/product_cat?post=16771"},{"taxonomy":"product_tag","embeddable":true,"href":"https:\/\/www.hydraulic-cylinders.net\/lt\/wp-json\/wp\/v2\/product_tag?post=16771"}],"curies":[{"name":"wp","href":"https:\/\/api.w.org\/{rel}","templated":true}]}}