{"id":16773,"date":"2025-01-21T05:53:19","date_gmt":"2025-01-21T05:53:19","guid":{"rendered":"https:\/\/www.hydraulic-cylinders.net\/product\/arm-cylinder-for-yishan-ys220\/"},"modified":"2025-01-21T05:53:22","modified_gmt":"2025-01-21T05:53:22","slug":"arm-cylinder-for-yishan-ys220","status":"publish","type":"product","link":"https:\/\/www.hydraulic-cylinders.net\/lt\/produktas\/arm-cylinder-for-yishan-ys220\/","title":{"rendered":"\u201eYishan YS220\u201c rankenos cilindras"},"content":{"rendered":"<h2>\u201eYishan YS220\u201c rankenos cilindras<\/h2>\n<h3>\u012evadas<\/h3>\n<p>Svirties cilindras yra specialiai suprojektuotas hidraulinis cilindras, kuris pirmiausia naudojamas linijiniam judesiui ir galiai u\u017etikrinti \u012fvairi\u0173 tip\u0173 ma\u0161in\u0173, toki\u0173 kaip ekskavatoriai, kranai ir robotin\u0117s svirtys, svirtims. Svirties cilindras atlieka labai svarb\u0173 vaidmen\u012f hidraulin\u0117se sistemose, nes leid\u017eia efektyviai jud\u0117ti ir valdyti pritvirtintus \u012frankius ar priedus. \u0160ie cilindrai ne tik u\u017etikrina skland\u0173 jud\u0117jim\u0105, bet ir gali atlaikyti dideles apkrovas, u\u017etikrindami efektyv\u0173 ma\u0161in\u0173 veikim\u0105 ir patikimum\u0105 \u012fvairiomis darbo s\u0105lygomis.<\/p>\n<p><img decoding=\"async\" src=\"https:\/\/www.hydraulic-cylinders.net\/wp-content\/uploads\/2025\/01\/songte-company-2.webp\"><\/p>\n<h3>Savyb\u0117s<\/h3>\n<ul>\n<li>Didelio efektyvumo galios perdavimas: rankos cilindrai u\u017etikrina stipr\u0173 tiesin\u012f judes\u012f ir j\u0117g\u0105, u\u017etikrindami auk\u0161t\u0105 robotin\u0117s rankos na\u0161um\u0105 atliekant \u012fvairias operacijas.<\/li>\n<li>Tikslus valdymas: Hidraulin\u0117s sistemos d\u0117ka rankos cilindras gali tiksliai valdyti judes\u012f, tod\u0117l pritvirtint\u0173 \u012franki\u0173 valdymas tampa lankstesnis ir tikslesnis.<\/li>\n<li>Patvarumas: Svirtiniai cilindrai paprastai gaminami i\u0161 didelio stiprumo med\u017eiag\u0173, pasi\u017eymin\u010di\u0173 geru atsparumu dilimui ir korozijai, tod\u0117l tinkami ilgalaikiam naudojimui at\u0161iauriomis s\u0105lygomis.<\/li>\n<li>Daugiafunkcinis pritaikomumas: \u0160ie cilindrai gali b\u016bti pla\u010diai naudojami \u012fvairi\u0173 tip\u0173 ma\u0161inose, tokiose kaip ekskavatoriai, kranai ir robotin\u0117s rankos, prisitaikant prie skirting\u0173 darbo reikalavim\u0173.<\/li>\n<li>Lengva prie\u017ei\u016bra: Svirtini\u0173 cilindr\u0173 konstrukcija skirta lengvam techniniam aptarnavimui ir keitimui, tod\u0117l periodin\u0117 ap\u017ei\u016bra ir technin\u0117 prie\u017ei\u016bra yra patogesn\u0117, o \u012frangos prastovos laikas sutrump\u0117ja.<\/li>\n<\/ul>\n<p>Mes galime pagaminti \u0161\u012f produkt\u0105, o m\u016bs\u0173 produktas gali puikiai pakeisti \u0161iuos hidraulinius cilindrus.<\/p>\n<p><img decoding=\"async\" src=\"https:\/\/www.hydraulic-cylinders.net\/wp-content\/uploads\/2025\/01\/songte-oil-pipes-and-spare-parts.webp\"><\/p>\n<h3>Parai\u0161kos<\/h3>\n<ul>\n<li>Konstrukcija: Ekskavatoriuose ir kranuose str\u0117l\u0117s cilindrai naudojami kau\u0161o arba krano str\u0117l\u0117s jud\u0117jimui valdyti atliekant \u017eem\u0117s kasimo, med\u017eiag\u0173 tvarkymo ir konstrukcij\u0173 montavimo u\u017eduotis.<\/li>\n<li>Gamyba: Automatizuotose gamybos linijose ranken\u0173 cilindrai naudojami robot\u0173 rankenoms judinti, atliekant surinkimo, suvirinimo ir med\u017eiag\u0173 tvarkymo procesus, siekiant pagerinti gamybos efektyvum\u0105 ir tikslum\u0105.<\/li>\n<li>\u017dem\u0117s \u016bkio technika: \u017dem\u0117s \u016bkio technikoje, pavyzd\u017eiui, derliaus nu\u0117mimo ir s\u0117jamosiose, svirties cilindrai valdo valdymo svirties judes\u012f, atlikdami tokias u\u017eduotis kaip s\u0117ja, tr\u0119\u0161imas ir derliaus nu\u0117mimas.<\/li>\n<li>Kasyba: Kasybos \u012frangoje svir\u010di\u0173 cilindrai naudojami kasybos \u012frangos svir\u010di\u0173 jud\u0117jimui valdyti r\u016bdos kasybai ir tvarkymui.<\/li>\n<li>Logistika ir transportavimas: \u0160akiniuose krautuvuose ir transportavimo robotuose ranken\u0173 cilindrai naudojami krovinini\u0173 \u0161aki\u0173 k\u0117limui ir jud\u0117jimui valdyti, u\u017etikrinant med\u017eiag\u0173 tvarkym\u0105 ir krovim\u0105.<\/li>\n<\/ul>\n<h3>Projektavimo aspektai ir atrankos kriterijai<\/h3>\n<ul>\n<li>Keliamoji galia: Svirties cilindras turi b\u016bti paj\u0117gus i\u0161laikyti pritvirtinto \u012frankio ar priedo svor\u012f ir apkrov\u0105.<\/li>\n<li>Sandarinimas: Hidraulinio cilindro sandarumui u\u017etikrinti eksploatacijos metu naudojami \u012fvair\u016bs sandarinimo komponentai, tokie kaip st\u016bmokliniai sandarikliai ir stryp\u0173 sandarikliai, o poliuretanas arba nitrilo kau\u010diukas yra \u012fprasta sandarinimo komponent\u0173 med\u017eiaga.<\/li>\n<li>Patvarumas: Cilindro korpusas ir svirties cilindr\u0173 srieginis pavir\u0161ius turi b\u016bti kruop\u0161\u010diai apdirbti, kad b\u016bt\u0173 padidintas atsparumas dilimui.<\/li>\n<li>Sauga: Projektuojant svirties cilindrus, sauga yra labai svarbus veiksnys, tod\u0117l da\u017enai \u012frengiami apsauginiai vo\u017etuvai, siekiant i\u0161vengti \u017ealos, kuri\u0105 sukelia hidraulin\u0117s sistemos vir\u0161sl\u0117gis.<\/li>\n<li>Prie\u017ei\u016bra: Svirtiniai cilindrai tur\u0117t\u0173 b\u016bti lengvai pri\u017ei\u016brimi ir remontuojami, o norint u\u017etikrinti ilgalaik\u012f j\u0173 veikim\u0105, b\u016btina reguliariai keisti alyv\u0105 ir juos tikrinti.<\/li>\n<\/ul>\n<p><img decoding=\"async\" src=\"https:\/\/www.hydraulic-cylinders.net\/wp-content\/uploads\/2025\/01\/songte-cylinder-head-with-all-kinds-excavator-models.webp\"><\/p>\n<h3>Sandarinimas ir tepimas<\/h3>\n<p>Hidraulinio cilindro sandarumui u\u017etikrinti eksploatacijos metu naudojami \u012fvair\u016bs sandarinimo komponentai, tokie kaip st\u016bmoklio ir koto sandarikliai, o poliuretanas arba nitrilo kau\u010diukas yra \u012fprasta sandarinimo komponent\u0173 med\u017eiaga. Cilindro korpusas ir svirties cilindr\u0173 srieginis pavir\u0161ius turi b\u016bti kruop\u0161\u010diai apdirbti, kad padid\u0117t\u0173 atsparumas dilimui. Norint u\u017etikrinti ilgalaik\u012f j\u0173 veikim\u0105, b\u016btina reguliariai keisti alyv\u0105 ir atlikti patikras.<\/p>\n<h3>Prie\u017ei\u016bra ir trik\u010di\u0173 \u0161alinimas<\/h3>\n<p>Norint u\u017etikrinti ilgalaik\u012f cilindr\u0173 veikim\u0105, b\u016btina reguliariai juos tikrinti ir atlikti profilaktin\u012f aptarnavim\u0105. Jei kyla problem\u0173 d\u0117l cilindro, b\u016btina nustatyti problemos prie\u017east\u012f ir imtis tinkam\u0173 priemoni\u0173 jai pa\u0161alinti. Da\u017enos problemos yra nuot\u0117kis, nepakankamas sl\u0117gis ir netinkamai veikiantys apsauginiai vo\u017etuvai. Remontuojant cilindr\u0105 svarbu laikytis tinkam\u0173 prie\u017ei\u016bros proced\u016br\u0173 ir naudoti auk\u0161tos kokyb\u0117s atsargines dalis.<\/p>\n<p><img decoding=\"async\" src=\"https:\/\/www.hydraulic-cylinders.net\/wp-content\/uploads\/2025\/01\/songte-chushion-collar.webp\"><\/p>\n<h3>Produkto diegimo vadovas<\/h3>\n<p>Before installing the arm cylinder, check that the cylinder and its components are clean and free of debris. Install the cylinder according to the manufacturer&#8217;s instructions, taking into account any necessary safety measures. Once installation is complete, test the arm cylinder for proper operation and any leaks. Regular inspections and maintenance are necessary to ensure the long-term performance of the arm cylinder.<\/p>\n<h3>Apie mus<\/h3>\n<p>Esame profesionalus pakaitini\u0173 hidraulini\u0173 cilindr\u0173 gamintojas, si\u016blantis plat\u0173 gamini\u0173 asortiment\u0105. Tapome vienu i\u0161 pirmaujan\u010di\u0173 hidraulini\u0173 cilindr\u0173 gamintoj\u0173 ir didmenini\u0173 platintoj\u0173 vidaus ir tarptautin\u0117se rinkose. Visada laikom\u0117s i\u0161skirtin\u0117s kokyb\u0117s principo ir, siekdami nuolat tobulinti savo technin\u012f lyg\u012f ir gamybos efektyvum\u0105, remiam\u0117s rafinuoto gamybos cecho pramonin\u0117s gamybos valdymo strategija. Diegdami auk\u0161\u010diausios klas\u0117s skaitmenin\u0119 gamybos \u012frang\u0105 ir profesionalias testavimo sistemas, nuolat optimizuojame savo gamybos platformas, tobuliname gamini\u0173 kokyb\u0117s kontrol\u0117s procesus ir turime stiprias inovacij\u0173 galimybes. M\u016bs\u0173 tikslas \u2013 patenkinti \u012fvairius klient\u0173 poreikius, taikant auk\u0161t\u0105 efektyvum\u0105, tikslum\u0105 ir auk\u0161tos kokyb\u0117s principus.<\/p>\n<ul>\n<li>Profesionalumas: Turime profesionali\u0105 komand\u0105, turin\u010di\u0105 ilgamet\u0119 patirt\u012f hidraulini\u0173 cilindr\u0173 gamyboje ir pardavime.<\/li>\n<li>Tarptautinis sertifikatas: M\u016bs\u0173 gaminiai yra gav\u0119 \u012fvairius tarptautinius sertifikatus, tokius kaip ISO9001 ir CE.<\/li>\n<li>Pritaikymo paslaugos: Mes tiekiame individualius hidraulinius cilindrus pagal klient\u0173 reikalavimus, teikdami individualias paslaugas, kad patenkintume skirting\u0173 klient\u0173 poreikius.<\/li>\n<li>Gamybos \u012franga: Turime vis\u0105 komplekt\u0105 auk\u0161\u010diausios klas\u0117s gamybos \u012frangos, u\u017etikrinan\u010dios hidraulini\u0173 cilindr\u0173 gamybos kokyb\u0119 ir efektyvum\u0105.<\/li>\n<li>Aptarnavimas po pardavimo: Mes teikiame i\u0161samias ir savalaikes aptarnavimo po pardavimo paslaugas, kad klientai gal\u0117t\u0173 u\u017etikrintai naudoti m\u016bs\u0173 produktus.<\/li>\n<\/ul>\n<p><img decoding=\"async\" src=\"https:\/\/www.hydraulic-cylinders.net\/wp-content\/uploads\/2025\/01\/songte-company-4.webp\"><br \/>\n<img decoding=\"async\" src=\"https:\/\/www.hydraulic-cylinders.net\/wp-content\/uploads\/2025\/01\/songte-company-3.webp\"><\/p>\n<p>Autorius: lyl.<\/p>","protected":false},"excerpt":{"rendered":"<p>Arm Cylinder For Yishan YS220 Introduction An arm cylinder is a specially designed hydraulic cylinder that is primarily used to provide linear motion and power to the arms of various types of machinery, such as excavators, cranes, and robotic arms. The arm cylinder plays a crucial role in hydraulic systems, enabling the efficient movement and [&hellip;]<\/p>","protected":false},"featured_media":14770,"comment_status":"open","ping_status":"closed","template":"","meta":{"_et_pb_use_builder":"","_et_pb_old_content":"","_et_gb_content_width":""},"product_brand":[],"product_cat":[1497],"product_tag":[1498,1496],"class_list":{"0":"post-16773","1":"product","2":"type-product","3":"status-publish","4":"has-post-thumbnail","6":"product_cat-arm-cylinders","7":"product_tag-arm-cylinders","8":"product_tag-hydraulic-cylinders","10":"first","11":"instock","12":"shipping-taxable","13":"product-type-simple"},"amp_enabled":true,"_links":{"self":[{"href":"https:\/\/www.hydraulic-cylinders.net\/lt\/wp-json\/wp\/v2\/product\/16773","targetHints":{"allow":["GET"]}}],"collection":[{"href":"https:\/\/www.hydraulic-cylinders.net\/lt\/wp-json\/wp\/v2\/product"}],"about":[{"href":"https:\/\/www.hydraulic-cylinders.net\/lt\/wp-json\/wp\/v2\/types\/product"}],"replies":[{"embeddable":true,"href":"https:\/\/www.hydraulic-cylinders.net\/lt\/wp-json\/wp\/v2\/comments?post=16773"}],"wp:featuredmedia":[{"embeddable":true,"href":"https:\/\/www.hydraulic-cylinders.net\/lt\/wp-json\/wp\/v2\/media\/14770"}],"wp:attachment":[{"href":"https:\/\/www.hydraulic-cylinders.net\/lt\/wp-json\/wp\/v2\/media?parent=16773"}],"wp:term":[{"taxonomy":"product_brand","embeddable":true,"href":"https:\/\/www.hydraulic-cylinders.net\/lt\/wp-json\/wp\/v2\/product_brand?post=16773"},{"taxonomy":"product_cat","embeddable":true,"href":"https:\/\/www.hydraulic-cylinders.net\/lt\/wp-json\/wp\/v2\/product_cat?post=16773"},{"taxonomy":"product_tag","embeddable":true,"href":"https:\/\/www.hydraulic-cylinders.net\/lt\/wp-json\/wp\/v2\/product_tag?post=16773"}],"curies":[{"name":"wp","href":"https:\/\/api.w.org\/{rel}","templated":true}]}}