{"id":16774,"date":"2025-01-21T05:53:24","date_gmt":"2025-01-21T05:53:24","guid":{"rendered":"https:\/\/www.hydraulic-cylinders.net\/product\/arm-cylinder-for-john-deere-e140lc\/"},"modified":"2025-01-21T05:53:26","modified_gmt":"2025-01-21T05:53:26","slug":"arm-cylinder-for-john-deere-e140lc","status":"publish","type":"product","link":"https:\/\/www.hydraulic-cylinders.net\/lt\/produktas\/arm-cylinder-for-john-deere-e140lc\/","title":{"rendered":"John Deere E140LC svirties cilindras"},"content":{"rendered":"<h1>John Deere E140LC svirties cilindras<\/h1>\n<h2>\u012evadas<\/h2>\n<p>\u201eJohn Deere E140LC\u201c svirties cilindras yra specialiai sukurtas hidraulinis cilindras, u\u017etikrinantis tiesin\u012f judes\u012f ir gali\u0105 \u012fvairi\u0173 tip\u0173 ma\u0161in\u0173, toki\u0173 kaip ekskavatoriai, kranai ir robotin\u0117s svirtys, svir\u010diai. Svirties cilindras atlieka labai svarb\u0173 vaidmen\u012f hidraulin\u0117se sistemose, nes leid\u017eia efektyviai jud\u0117ti ir valdyti papildomus \u012frankius ar priedus. \u0160ie cilindrai ne tik u\u017etikrina skland\u0173 jud\u0117jim\u0105, bet ir atlaiko dideles apkrovas, u\u017etikrindami efektyv\u0173 ma\u0161inos veikim\u0105 ir patikimum\u0105 \u012fvairiomis darbo s\u0105lygomis.<\/p>\n<p><img decoding=\"async\" src=\"https:\/\/www.hydraulic-cylinders.net\/wp-content\/uploads\/2025\/01\/songte-company-2.webp\"><\/p>\n<h2>Savyb\u0117s<\/h2>\n<ul>\n<li><strong>Didelio efektyvumo transmisija:<\/strong> Svirties cilindras u\u017etikrina galing\u0105 tiesin\u012f judes\u012f ir j\u0117g\u0105, u\u017etikrindamas auk\u0161t\u0105 mechanin\u0117s svirties na\u0161um\u0105 atliekant \u012fvairias operacijas.<\/li>\n<li><strong>Tikslus valdymas:<\/strong> Hidraulin\u0117s sistemos d\u0117ka svirties cilindras leid\u017eia tiksliai valdyti judes\u012f, tod\u0117l pritvirtint\u0173 \u012franki\u0173 valdymas tampa lankstesnis ir tikslesnis.<\/li>\n<li><strong>Patvarumas:<\/strong> Svirtiniai cilindrai paprastai gaminami i\u0161 didelio stiprumo med\u017eiag\u0173, pasi\u017eymin\u010di\u0173 puikiu atsparumu dilimui ir korozijai, tod\u0117l tinkami ilgalaikiam naudojimui at\u0161iauriomis s\u0105lygomis.<\/li>\n<li><strong>Universalus prisitaikymas:<\/strong> \u0160ie cilindrai gali b\u016bti pla\u010diai taikomi \u012fvairi\u0173 tip\u0173 ma\u0161inoms, tokioms kaip ekskavatoriai, kranai ir robotin\u0117s rankos, prisitaikant prie skirting\u0173 darbo reikalavim\u0173.<\/li>\n<li><strong>Lengva prie\u017ei\u016bra:<\/strong> Sukurti atsi\u017evelgiant \u012f lengv\u0105 prie\u017ei\u016br\u0105 ir keitim\u0105, svirties cilindrai palengvina reguliarias patikras ir technin\u0119 prie\u017ei\u016br\u0105, taip suma\u017einant \u012frangos prastovas.<\/li>\n<\/ul>\n<p><img decoding=\"async\" src=\"https:\/\/www.hydraulic-cylinders.net\/wp-content\/uploads\/2025\/01\/songte-oil-pipes-and-spare-parts.webp\"><\/p>\n<h2>Parai\u0161kos<\/h2>\n<p>Svirtiniai cilindrai pla\u010diai naudojami \u0161iose pramon\u0117s \u0161akose ir srityse:<\/p>\n<h3>1. Statybos in\u017einerija<\/h3>\n<p>Ekskavatoriuose ir kranuose str\u0117l\u0117s cilindrai valdo kau\u0161o arba str\u0117l\u0117s jud\u0117jim\u0105, palengvindami \u017eem\u0117s darb\u0173 darbus, med\u017eiag\u0173 tvarkym\u0105 ir konstrukcij\u0173 montavim\u0105.<\/p>\n<h3>2. Gamyba<\/h3>\n<p>Automatizuotose gamybos linijose ranken\u0173 cilindrai leid\u017eia robotin\u0117ms rankoms jud\u0117ti surinkimo, suvirinimo ir med\u017eiag\u0173 tvarkymo procesuose, taip pagerindami gamybos efektyvum\u0105 ir tikslum\u0105.<\/p>\n<h3>3. \u017dem\u0117s \u016bkio technika<\/h3>\n<p>\u017dem\u0117s \u016bkio technikose, tokiose kaip derliaus nu\u0117mimo ma\u0161inos ir s\u0117jamosios, svir\u010di\u0173 cilindrai valdo darbini\u0173 svir\u010di\u0173 jud\u0117jim\u0105, kad b\u016bt\u0173 galima atlikti tokias u\u017eduotis kaip s\u0117ja, tr\u0119\u0161imas ir derliaus nu\u0117mimas.<\/p>\n<h3>4. Kasyba<\/h3>\n<p>Kasybos \u012frangoje svirties cilindrai naudojami kasybos \u012frengini\u0173 svirties jud\u0117jimui valdyti, palengvinant r\u016bdos gavyb\u0105 ir transportavim\u0105.<\/p>\n<h3>5. Logistika ir transportas<\/h3>\n<p>\u0160akiniuose krautuvuose ir krovini\u0173 krovimo robotuose svir\u010di\u0173 cilindrai valdo \u0161aki\u0173 k\u0117lim\u0105 ir jud\u0117jim\u0105, taip \u012fgalindami med\u017eiag\u0173 tvarkym\u0105 ir krovim\u0105.<\/p>\n<p><img decoding=\"async\" src=\"https:\/\/www.hydraulic-cylinders.net\/wp-content\/uploads\/2025\/01\/songte-cylinder-head-with-all-kinds-excavator-models.webp\"><\/p>\n<h2>Projektavimo aspektai ir atrankos kriterijai<\/h2>\n<p>Kalbant apie svirtini\u0173 cilindr\u0173 konstrukcij\u0105, reikia atsi\u017evelgti \u012f kelis pagrindinius aspektus ir atrankos kriterijus:<\/p>\n<h3>1. Apkrovos paj\u0117gumas<\/h3>\n<p>Svirties cilindras turi b\u016bti suprojektuotas taip, kad atlaikyt\u0173 konkre\u010dius mechanizm\u0173, kuriuose jis bus naudojamas, apkrovos reikalavimus, u\u017etikrinant optimal\u0173 na\u0161um\u0105 ir saug\u0105.<\/p>\n<h3>2. Sandarinimas<\/h3>\n<p>Hidraulin\u0117s sistemos vientisumui palaikyti tur\u0117t\u0173 b\u016bti naudojami \u012fvair\u016bs sandarinimo komponentai, tokie kaip st\u016bmokli\u0173 ir stryp\u0173 sandarikliai. \u0160ie sandarikliai paprastai gaminami i\u0161 atspari\u0173 dilimui med\u017eiag\u0173, toki\u0173 kaip poliuretanas ir nitrilo kau\u010diukas.<\/p>\n<h3>3. Patvarumas<\/h3>\n<p>Svirties cilindras turi b\u016bti pagamintas i\u0161 didelio stiprumo med\u017eiag\u0173 ir kruop\u0161\u010diai apdorotas pavir\u0161iumi, siekiant padidinti atsparum\u0105 dilimui ir u\u017etikrinti ilg\u0105 tarnavimo laik\u0105 net ir sud\u0117tingomis s\u0105lygomis.<\/p>\n<h3>4. Saugumas<\/h3>\n<p>Reik\u0117t\u0173 pabr\u0117\u017eti svirties cilindro konstrukcij\u0105, kad b\u016bt\u0173 u\u017etikrintas saugus veikimas ir suma\u017einta nelaiming\u0173 atsitikim\u0173 ar gedim\u0173 rizika.<\/p>\n<h3>5. Prie\u017ei\u016bra<\/h3>\n<p>Projektuojant reik\u0117t\u0173 atsi\u017evelgti \u012f prie\u017ei\u016bros ir remonto paprastum\u0105, kad b\u016bt\u0173 galima patogiai atlikti patikrinimus, keisti dalis ir suma\u017einti prastovas.<\/p>\n<p><img decoding=\"async\" src=\"https:\/\/www.hydraulic-cylinders.net\/wp-content\/uploads\/2025\/01\/songte-chushion-collar.webp\"><\/p>\n<h2>Sandarinimas ir tepimas<\/h2>\n<p>Svirtiniame cilindre naudojami \u012fvair\u016bs sandarinimo komponentai, tokie kaip st\u016bmokli\u0173 ir kot\u0173 sandarikliai, kurie pagaminti i\u0161 atspari\u0173 dilimui med\u017eiag\u0173, toki\u0173 kaip poliuretanas ir nitrilo kau\u010diukas. Cilindro korpusas ir srieginiai galai yra kruop\u0161\u010diai apdorojami, siekiant padidinti atsparum\u0105 dilimui. Norint u\u017etikrinti skland\u0173 veikim\u0105 ir ilgaam\u017ei\u0161kum\u0105, reikia reguliariai tepti tinkamu hidraulin\u0117s alyvos kiekiu.<\/p>\n<h2>Reguliarus patikrinimas ir prevencin\u0117 prie\u017ei\u016bra<\/h2>\n<p>Reguliarus patikrinimas ir prevencin\u0117s prie\u017ei\u016bros priemon\u0117s yra b\u016btinos siekiant u\u017etikrinti optimal\u0173 svirties cilindro veikim\u0105 ir ilgaam\u017ei\u0161kum\u0105:<\/p>\n<h3>1. Patikrinimas:<\/h3>\n<p>Reguliariai tikrinkite svirties cilindr\u0105, ar n\u0117ra pa\u017eeidim\u0173, nuot\u0117ki\u0173 ar ne\u012fprasto susid\u0117v\u0117jimo po\u017eymi\u0173. Patikrinkite sandarikli\u0173, cilindro korpuso ir sriegini\u0173 gal\u0173 b\u016bkl\u0119. Sutepkite pagal poreik\u012f.<\/p>\n<h3>2. Profilaktin\u0117 prie\u017ei\u016bra:<\/h3>\n<p>Laikykit\u0117s gamintojo rekomenduojamo technin\u0117s prie\u017ei\u016bros grafiko. Prireikus pakeiskite sandariklius ir kitus komponentus. U\u017etikrinkite tinkam\u0105 tepim\u0105 ir steb\u0117kite hidraulin\u0117s sistemos veikim\u0105.<\/p>\n<h2>Produkto diegimo vadovas<\/h2>\n<p>Tinkamas svirties cilindro montavimas yra labai svarbus jo veikimui ir ilgaam\u017ei\u0161kumui. Laikykit\u0117s \u0161i\u0173 nurodym\u0173:<\/p>\n<h3>1. Paruo\u0161imas:<\/h3>\n<p>\u012esitikinkite, kad hidraulin\u0117je sistemoje n\u0117ra sl\u0117gio, o \u012frenginiai yra saugiai pritvirtinti. Sumontuokite visus reikalingus laikiklius arba tvirtinimo detales.<\/p>\n<h3>2. Cilindro montavimas:<\/h3>\n<p>Atsargiai pastatykite svirties cilindr\u0105 norimoje vietoje, sulygiuodami tvirtinimo skyles. Pritvirtinkite cilindr\u0105 prie mechanizmo naudodami atitinkamus var\u017etus ir tvirtinimo detales. \u012esitikinkite, kad jis tinkamai sulygiuotas ir tvirtai priver\u017etas.<\/p>\n<h3>3. Hidraulin\u0117s jungtys:<\/h3>\n<p>Prijunkite hidraulines \u017earnas prie tam skirt\u0173 jung\u010di\u0173 ant svirties cilindro, vadovaudamiesi hidraulin\u0117s sistemos schema arba gamintojo instrukcijomis. Naudokite tinkamas jungtis ir u\u017etikrinkite tvirt\u0105 jungt\u012f.<\/p>\n<p><img decoding=\"async\" src=\"https:\/\/www.hydraulic-cylinders.net\/wp-content\/uploads\/2025\/01\/songte-bushings-with-all-kinds-of-excavator-models.webp\"><\/p>\n<h2>Saugos aspektai ir aplinkos veiksniai<\/h2>\n<p>Naudojant svirtinius cilindrus, labai svarbu teikti pirmenyb\u0119 saugos priemon\u0117ms, kad b\u016bt\u0173 i\u0161vengta nelaiming\u0173 atsitikim\u0173 ir u\u017etikrinta operatori\u0173 gerov\u0117. Atsi\u017evelkite \u012f \u0161iuos saugos aspektus:<\/p>\n<ul>\n<li>Operatoriams suteikti tinkamus mokymus apie saug\u0173 mechanizm\u0173 naudojim\u0105 ir prie\u017ei\u016br\u0105.<\/li>\n<li>\u012ediekite tinkamas blokavimo \/ \u017eym\u0117jimo proced\u016bras, kad i\u0161vengtum\u0117te atsitiktinio \u012fjungimo technin\u0117s prie\u017ei\u016bros ar remonto metu.<\/li>\n<li>Laikykit\u0117s vis\u0173 atitinkam\u0173 saugos taisykli\u0173 ir gairi\u0173, skirt\u0173 konkre\u010diai pramonei ir ma\u0161inoms.<\/li>\n<li>Reguliariai tikrinkite ir pri\u017ei\u016br\u0117kite saugos \u012ftaisus, tokius kaip apsauginiai vo\u017etuvai ir sl\u0117gio ma\u017einimo \u012ftaisai.<\/li>\n<li>Atsi\u017evelkite \u012f aplinkos veiksnius, tokius kaip temperat\u016bra, dr\u0117gm\u0117 ir s\u0105lytis su korozin\u0117mis med\u017eiagomis, kurie gali tur\u0117ti \u012ftakos svirties cilindro veikimui ir ilgaam\u017ei\u0161kumui.<\/li>\n<\/ul>\n<h2>Gedim\u0173 diagnostika ir da\u017eniausios problemos<\/h2>\n<p>Supratimas apie galimus gedimus ir da\u017eniausiai pasitaikan\u010dias problemas, susijusias su svirtiniais cilindrais, gali pad\u0117ti veiksmingai diagnozuoti ir i\u0161spr\u0119sti problemas. Pateikiame kelet\u0105 pavyzd\u017ei\u0173:<\/p>\n<h3>1. Nuot\u0117kis:<\/h3>\n<p>Patikrinkite, ar sandarikliai nepa\u017eeisti ir ar jie nenusid\u0117v\u0117j\u0119. Jei reikia, pakeiskite sugedusius sandariklius arba priver\u017ekite jungtis.<\/p>\n<h3>2. L\u0117tas arba nenuoseklus jud\u0117jimas:<\/h3>\n<p>Patikrinkite hidraulinio skys\u010dio lyg\u012f ir b\u016bkl\u0119. U\u017etikrinkite tinkam\u0105 sutepim\u0105 ir ap\u017ei\u016br\u0117kite hidraulin\u0119 sistem\u0105, ar n\u0117ra u\u017esikim\u0161im\u0173 ar gedim\u0173.<\/p>\n<h3>3. Per didelis triuk\u0161mas arba vibracija:<\/h3>\n<p>Patikrinkite svirties cilindr\u0105 ir aplinkinius komponentus, ar n\u0117ra atsilaisvinusi\u0173 ar pa\u017eeist\u0173 dali\u0173. Priver\u017ekite jungtis arba pakeiskite susid\u0117v\u0117jusias dalis, jei reikia.<\/p>\n<h3>4. Galios ar j\u0117gos praradimas:<\/h3>\n<p>Patikrinkite hidraulin\u0117s sistemos sl\u0117g\u012f ir sraut\u0105. Ap\u017ei\u016br\u0117kite, ar svirties cilindras n\u0117ra pa\u017eeistas ar susid\u0117v\u0117j\u0119s. Jei reikia, kreipkit\u0117s \u012f specialist\u0105.<\/p>\n<p><img decoding=\"async\" src=\"https:\/\/www.hydraulic-cylinders.net\/wp-content\/uploads\/2025\/01\/songte-chushion-collar.webp\"><\/p>\n<h2>Trik\u010di\u0173 \u0161alinimo patarimai ir sprendimai<\/h2>\n<p>\u0160tai keletas trik\u010di\u0173 \u0161alinimo patarim\u0173 ir sprendim\u0173, kurie pad\u0117s skaitytojams efektyviai diagnozuoti ir i\u0161spr\u0119sti problemas:<\/p>\n<ul>\n<li>\u017dr. ma\u0161inos naudojimo instrukcij\u0105 ir laikykit\u0117s pateikt\u0173 trik\u010di\u0173 \u0161alinimo nurodym\u0173.<\/li>\n<li>D\u0117l patarim\u0173 kreipkit\u0117s \u012f kvalifikuot\u0105 specialist\u0105 arba gamintojo technin\u0117s pagalbos tarnyb\u0105.<br \/>","protected":false},"excerpt":{"rendered":"<p>Arm Cylinder For John Deere E140LC Introduction The Arm Cylinder for John Deere E140LC is a specially designed hydraulic cylinder that provides linear motion and power to the arm of various types of machinery such as excavators, cranes, and robotic arms. The arm cylinder plays a crucial role in hydraulic systems, allowing for the effective [&hellip;]<\/p>","protected":false},"featured_media":14766,"comment_status":"open","ping_status":"closed","template":"","meta":{"_et_pb_use_builder":"","_et_pb_old_content":"","_et_gb_content_width":""},"product_brand":[],"product_cat":[1497],"product_tag":[1498,1496],"class_list":{"0":"post-16774","1":"product","2":"type-product","3":"status-publish","4":"has-post-thumbnail","6":"product_cat-arm-cylinders","7":"product_tag-arm-cylinders","8":"product_tag-hydraulic-cylinders","10":"first","11":"instock","12":"shipping-taxable","13":"product-type-simple"},"amp_enabled":true,"_links":{"self":[{"href":"https:\/\/www.hydraulic-cylinders.net\/lt\/wp-json\/wp\/v2\/product\/16774","targetHints":{"allow":["GET"]}}],"collection":[{"href":"https:\/\/www.hydraulic-cylinders.net\/lt\/wp-json\/wp\/v2\/product"}],"about":[{"href":"https:\/\/www.hydraulic-cylinders.net\/lt\/wp-json\/wp\/v2\/types\/product"}],"replies":[{"embeddable":true,"href":"https:\/\/www.hydraulic-cylinders.net\/lt\/wp-json\/wp\/v2\/comments?post=16774"}],"wp:featuredmedia":[{"embeddable":true,"href":"https:\/\/www.hydraulic-cylinders.net\/lt\/wp-json\/wp\/v2\/media\/14766"}],"wp:attachment":[{"href":"https:\/\/www.hydraulic-cylinders.net\/lt\/wp-json\/wp\/v2\/media?parent=16774"}],"wp:term":[{"taxonomy":"product_brand","embeddable":true,"href":"https:\/\/www.hydraulic-cylinders.net\/lt\/wp-json\/wp\/v2\/product_brand?post=16774"},{"taxonomy":"product_cat","embeddable":true,"href":"https:\/\/www.hydraulic-cylinders.net\/lt\/wp-json\/wp\/v2\/product_cat?post=16774"},{"taxonomy":"product_tag","embeddable":true,"href":"https:\/\/www.hydraulic-cylinders.net\/lt\/wp-json\/wp\/v2\/product_tag?post=16774"}],"curies":[{"name":"wp","href":"https:\/\/api.w.org\/{rel}","templated":true}]}}