{"id":16775,"date":"2025-01-21T05:53:28","date_gmt":"2025-01-21T05:53:28","guid":{"rendered":"https:\/\/www.hydraulic-cylinders.net\/product\/arm-cylinder-for-john-deere-e240lc\/"},"modified":"2025-01-21T05:53:31","modified_gmt":"2025-01-21T05:53:31","slug":"arm-cylinder-for-john-deere-e240lc","status":"publish","type":"product","link":"https:\/\/www.hydraulic-cylinders.net\/lt\/produktas\/arm-cylinder-for-john-deere-e240lc\/","title":{"rendered":"John Deere E240LC svirties cilindras"},"content":{"rendered":"<h2>John Deere E240LC svirties cilindras<\/h2>\n<h3>\u012evadas<\/h3>\n<p>Svirties cilindras yra specialiai suprojektuotas hidraulinis cilindras, u\u017etikrinantis tiesin\u012f judes\u012f ir gali\u0105 \u012fvairi\u0173 tip\u0173 ma\u0161in\u0173, toki\u0173 kaip ekskavatoriai, kranai ir mechanin\u0117s svirtys, svir\u010diai. Svirties cilindras atlieka labai svarb\u0173 vaidmen\u012f hidraulin\u0117je sistemoje, leisdamas papildomiems \u012frankiams ar priedams jud\u0117ti ir b\u016bti efektyviai valdomiems. \u0160ie cilindrai ne tik u\u017etikrina skland\u0173 jud\u0117jim\u0105, bet ir atlaiko dideles apkrovas, u\u017etikrindami efektyv\u0173 ma\u0161in\u0173 veikim\u0105 ir patikimum\u0105 \u012fvairiomis darbo s\u0105lygomis.<\/p>\n<p><img decoding=\"async\" src=\"https:\/\/www.hydraulic-cylinders.net\/wp-content\/uploads\/2025\/01\/songte-company-2.webp\"\/><\/p>\n<h3>Savyb\u0117s<\/h3>\n<ul>\n<li>Didelio efektyvumo galios perdavimas: Svirties cilindras u\u017etikrina stipr\u0173 tiesin\u012f judes\u012f ir j\u0117g\u0105, u\u017etikrindamas auk\u0161t\u0105 mechanin\u0117s svirties efektyvum\u0105 atliekant \u012fvairias operacijas.<\/li>\n<li>Tikslus valdymas: Hidraulin\u0117s sistemos d\u0117ka rankos cilindras gali tiksliai valdyti judes\u012f, tod\u0117l papildom\u0173 \u012franki\u0173 valdymas tampa lankstesnis ir tikslesnis.<\/li>\n<li>Didelis patvarumas: Svirtiniai cilindrai paprastai gaminami i\u0161 didelio stiprumo med\u017eiag\u0173, pasi\u017eymin\u010di\u0173 geru atsparumu dilimui ir korozijai, tod\u0117l tinkami ilgalaikiam naudojimui at\u0161iauriomis s\u0105lygomis.<\/li>\n<li>Daugiafunkcis pritaikomumas: \u0160ie cilindrai gali b\u016bti pla\u010diai naudojami \u012fvairiuose mechaniniuose \u012frenginiuose, tokiuose kaip ekskavatoriai, kranai ir mechanin\u0117s rankenos, kad b\u016bt\u0173 pritaikyti prie skirting\u0173 darbo reikalavim\u0173.<\/li>\n<li>Lengva prie\u017ei\u016bra: sukurta lengvam techniniam aptarnavimui ir pakeitimui, tod\u0117l reguliari ap\u017ei\u016bra ir prie\u017ei\u016bra yra patogesn\u0117, o \u012frangos prastovos laikas sutrump\u0117ja.<\/li>\n<\/ul>\n<p>Mes galime pagaminti \u0161\u012f produkt\u0105 ir jis puikiai gali pakeisti \u0161iuos hidraulinius cilindrus.<\/p>\n<p><img decoding=\"async\" src=\"https:\/\/www.hydraulic-cylinders.net\/wp-content\/uploads\/2025\/01\/songte-oil-pipes-and-spare-parts.webp\"\/><\/p>\n<h3>Parai\u0161kos<\/h3>\n<p>Svirtinis cilindras naudojamas \u012fvairiose srityse, tokiose kaip:<\/p>\n<ul>\n<li>Statybos in\u017einerija: ekskavatoriuose ir kranuose str\u0117l\u0117s cilindrai naudojami kau\u0161o arba str\u0117l\u0117s jud\u0117jimui valdyti atliekant \u017eem\u0117s darbus, med\u017eiag\u0173 tvarkym\u0105 ir konstrukcij\u0173 montavim\u0105.<\/li>\n<li>Gamybos pramon\u0117: Automatizuotose gamybos linijose ranken\u0173 cilindrai naudojami mechanin\u0117ms rankenoms judinti surinkimo, suvirinimo ir tvarkymo procesuose, siekiant pagerinti gamybos efektyvum\u0105 ir tikslum\u0105.<\/li>\n<li>\u017dem\u0117s \u016bkio technika: \u017dem\u0117s \u016bkio technikoje, pavyzd\u017eiui, derliaus nu\u0117mimo ir s\u0117jamosiose, svirties cilindrai valdo valdymo svirties judes\u012f, kad atlikt\u0173 tokias u\u017eduotis kaip s\u0117ja, tr\u0119\u0161imas ir derliaus nu\u0117mimas.<\/li>\n<li>Kasyba: Kasybos \u012frangoje svirties cilindrai naudojami kasybos \u012frangos svir\u010di\u0173 jud\u0117jimui valdyti kasybos ir med\u017eiag\u0173 tvarkymo srityje.<\/li>\n<li>Logistika ir transportavimas: \u0160akiniuose krautuvuose ir robotuose ranken\u0173 cilindrai naudojami \u0161aki\u0173 k\u0117limui ir jud\u0117jimui valdyti, kad b\u016bt\u0173 galima tvarkyti ir sukrauti med\u017eiagas.<\/li>\n<\/ul>\n<h3>Projektavimo ir atrankos standartai<\/h3>\n<p>Svirtini\u0173 cilindr\u0173 konstrukcija atsi\u017evelgia \u012f laikom\u0105j\u0105 gali\u0105, sandarum\u0105, ilgaam\u017ei\u0161kum\u0105, saugum\u0105 ir prie\u017ei\u016br\u0105. \u0160ie aspektai aptariami toliau:<\/p>\n<h4>Keliamoji galia<\/h4>\n<p>Svirties cilindras turi atlaikyti maksimali\u0105 apkrov\u0105 ir sl\u0117g\u012f, kad b\u016bt\u0173 u\u017etikrintas saugus ir stabilus ma\u0161inos veikimas.<\/p>\n<h4>Sandarinimas<\/h4>\n<p>Svirties cilindre naudojami \u012fvair\u016bs sandarinimo elementai, tokie kaip st\u016bmoklio sandarikliai, strypo sandarikliai ir kt., kurie yra pagaminti i\u0161 atspari\u0173 dilimui med\u017eiag\u0173, toki\u0173 kaip poliuretanas, nitrilo kau\u010diukas ir kt., kad b\u016bt\u0173 u\u017etikrintas geras sandarumas.<\/p>\n<h4>Patvarumas<\/h4>\n<p>Svirties cilindras paprastai pagamintas i\u0161 didelio stiprumo med\u017eiag\u0173, pasi\u017eymin\u010di\u0173 geru atsparumu dilimui ir korozijai, o cilindro korpusas ir srieginiai galiniai pavir\u0161iai yra smulkiai apdoroti, siekiant pagerinti atsparum\u0105 dilimui.<\/p>\n<h4>Saugumas<\/h4>\n<p>Svirties cilindras turi tur\u0117ti saugos \u012ftaisus, tokius kaip apsauginis vo\u017etuvas, kad b\u016bt\u0173 i\u0161vengta \u017ealos d\u0117l perkrovos ar kit\u0173 nelaiming\u0173 atsitikim\u0173.<\/p>\n<h4>Prie\u017ei\u016bra<\/h4>\n<p>Svirties cilindras yra suprojektuotas taip, kad b\u016bt\u0173 lengva pri\u017ei\u016br\u0117ti, pavyzd\u017eiui, lengvai pakeisti sandarinimo elementus, o tai suma\u017eina \u012frangos prastovos laik\u0105 ir prie\u017ei\u016bros i\u0161laidas.<\/p>\n<p><img decoding=\"async\" src=\"https:\/\/www.hydraulic-cylinders.net\/wp-content\/uploads\/2025\/01\/songte-cylinder-head-with-all-kinds-excavator-models.webp\"\/><\/p>\n<h3>Sandarinimas ir tepimas<\/h3>\n<p>Svirties cilindre naudojami \u012fvair\u016bs sandarinimo elementai, tokie kaip st\u016bmoklio sandarikliai, strypo sandarikliai ir kt., kurie pagaminti i\u0161 atspari\u0173 dilimui med\u017eiag\u0173, toki\u0173 kaip poliuretanas, nitrilo kau\u010diukas ir kt. Cilindro korpusas ir srieginiai galiniai pavir\u0161iai yra kruop\u0161\u010diai apdirbti, siekiant pagerinti atsparum\u0105 dilimui. Tepimui b\u016btina reguliariai \u012fpilti tinkam\u0105 kiek\u012f hidraulin\u0117s alyvos.<\/p>\n<h3>Prie\u017ei\u016bra ir atsargumo priemon\u0117s<\/h3>\n<p>Norint u\u017etikrinti normal\u0173 ir patikim\u0105 svirties cilindro veikim\u0105, b\u016btina reguliariai j\u012f tikrinti ir pri\u017ei\u016br\u0117ti. Reik\u0117t\u0173 imtis \u0161i\u0173 priemoni\u0173:<\/p>\n<ul>\n<li>Reguliariai tikrinkite cilindro korpus\u0105, ar n\u0117ra \u012ftr\u016bkim\u0173, deformacij\u0173 ir kit\u0173 pa\u017eeidim\u0173.<\/li>\n<li>Patikrinkite sandarinimo elementus, ar jie n\u0117ra susid\u0117v\u0117j\u0119, ir laiku juos pakeiskite.<\/li>\n<li>Reguliariai pilkite hidraulin\u0117s alyvos tepimui ir reguliariai keiskite alyv\u0105.<\/li>\n<li>Reguliariai tikrinkite apsaugin\u012f vo\u017etuv\u0105, kad \u012fsitikintum\u0117te, jog jis veikia normaliai.<\/li>\n<li>Reguliariai valykite cilindro korpus\u0105 ir srieginius galinius pavir\u0161ius, kad u\u017etikrintum\u0117te sandarumo efekt\u0105.<\/li>\n<\/ul>\n<p><img decoding=\"async\" src=\"https:\/\/www.hydraulic-cylinders.net\/wp-content\/uploads\/2025\/01\/songte-chushion-collar.webp\"\/><\/p>\n<h3>Produkto diegimo vadovas<\/h3>\n<p>Prie\u0161 montuodami svirties cilindr\u0105, patikrinkite, ar jo specifikacijos, parametrai ir montavimo matmenys atitinka \u012frengin\u012f. Montavimo veiksmai yra tokie:<\/p>\n<ol>\n<li>Prie\u0161 montuodami patikrinkite cilindro korpus\u0105, st\u016bmoklio kot\u0105 ir sandarinimo \u017eied\u0105, kad \u012fsitikintum\u0117te, jog jie yra \u0161var\u016bs, nepa\u017eeisti ar neturi defekt\u0173.<\/li>\n<li>Ant st\u016bmoklio koto ir sandarinimo \u017eiedo u\u017etepkite plon\u0105 hidraulin\u0117s alyvos sluoksn\u012f.<\/li>\n<li>\u012estatykite st\u016bmoklio kot\u0105 \u012f cilindro korpus\u0105 ir atitinkamu \u012frankiu priver\u017ekite sriegin\u012f gal\u0105.<\/li>\n<li>Prijunkite hidraulin\u012f vamzdyn\u0105 ir u\u017epildykite sistem\u0105 hidrauline alyva.<\/li>\n<li>Patikrinkite cilindr\u0105, ar n\u0117ra nuot\u0117ki\u0173, ir i\u0161bandykite jo veikim\u0105.<\/li>\n<\/ol>\n<p><img decoding=\"async\" src=\"https:\/\/www.hydraulic-cylinders.net\/wp-content\/uploads\/2025\/01\/songte-bushings-with-all-kinds-of-excavator-models.webp\"\/><\/p>\n<h3>Saugos aspektai ir aplinkos veiksniai<\/h3>\n<p>Dirbant su hidraulin\u0117mis sistemomis, labai svarbios saugos priemon\u0117s. Operatoriai tur\u0117t\u0173 \u017einoti apie pavojus, susijusius su auk\u0161to sl\u0117gio skys\u010diais, ir imtis tinkam\u0173 priemoni\u0173 nelaimingiems atsitikimams i\u0161vengti. Eksploatuojant ma\u0161inas, taip pat reik\u0117t\u0173 atsi\u017evelgti \u012f aplinkos veiksnius, tokius kaip triuk\u0161mo tar\u0161a ir atliek\u0173 \u0161alinimas.<\/p>\n<h3>Trik\u010di\u0173 \u0161alinimas ir da\u017eniausios problemos<\/h3>\n<p>Da\u017eniausios svirties cilindro problemos yra alyvos nuot\u0117kis, nepakankamas sl\u0117gis ir ne\u012fprastas triuk\u0161mas. \u0160ie patarimai gali pad\u0117ti diagnozuoti ir i\u0161spr\u0119sti \u0161ias problemas:<\/p>\n<h4>Alyvos nuot\u0117kis<\/h4>\n<p>Patikrinkite, ar sandarinimo elementai n\u0117ra pa\u017eeisti arba netinkamai priver\u017eti.<\/p>\n<h4>Nepakankamas sl\u0117gis<\/h4>\n<p>Patikrinkite, ar hidraulinis vamzdynas neu\u017esikim\u0161\u0119s ir ar siurblys veikia tinkamai.<\/p>\n<h4>Nenormalus triuk\u0161mas<\/h4>\n<p>Patikrinkite, ar cilindro korpusas n\u0117ra deformuotas, o st\u016bmoklio kotas \u2013 susid\u0117v\u0117j\u0119s.<\/p>\n<h3>I\u0161vada<\/h3>\n<p>Esame profesionalus pakaitini\u0173 hidraulini\u0173 cilindr\u0173 gamintojas, si\u016blantis plat\u0173 gamini\u0173 asortiment\u0105, ir tapome vienu i\u0161 pirmaujan\u010di\u0173 hidraulini\u0173 cilindr\u0173 gamintoj\u0173 ir didmenini\u0173 platintoj\u0173 vidaus ir tarptautin\u0117se rinkose. Visada laikom\u0117s puikios kokyb\u0117s principo ir nuolat tobuliname savo technologijas bei gamybos efektyvum\u0105. M\u016bs\u0173 tikslas \u2013 patenkinti \u012fvairius klient\u0173 poreikius, u\u017etikrinant auk\u0161t\u0105 efektyvum\u0105, tikslum\u0105 ir auk\u0161tos kokyb\u0117s produktus.<\/p>\n<p><img decoding=\"async\" src=\"https:\/\/www.hydraulic-cylinders.net\/wp-content\/uploads\/2025\/01\/songte-company-4.webp\"\/><br \/>\n<img decoding=\"async\" src=\"https:\/\/www.hydraulic-cylinders.net\/wp-content\/uploads\/2025\/01\/songte-company-3.webp\"\/><\/p>\n<p>Autorius: lyl<\/p>","protected":false},"excerpt":{"rendered":"<p>Arm Cylinder For John Deere E240LC Introduction The arm cylinder is a specially designed hydraulic cylinder that provides linear motion and power to the arm of various types of machinery, such as excavators, cranes, and mechanical arms. The arm cylinder plays a crucial role in the hydraulic system, allowing additional tools or attachments to move [&hellip;]<\/p>","protected":false},"featured_media":14763,"comment_status":"open","ping_status":"closed","template":"","meta":{"_et_pb_use_builder":"","_et_pb_old_content":"","_et_gb_content_width":""},"product_brand":[],"product_cat":[1497],"product_tag":[1498,1496],"class_list":{"0":"post-16775","1":"product","2":"type-product","3":"status-publish","4":"has-post-thumbnail","6":"product_cat-arm-cylinders","7":"product_tag-arm-cylinders","8":"product_tag-hydraulic-cylinders","10":"first","11":"instock","12":"shipping-taxable","13":"product-type-simple"},"amp_enabled":true,"_links":{"self":[{"href":"https:\/\/www.hydraulic-cylinders.net\/lt\/wp-json\/wp\/v2\/product\/16775","targetHints":{"allow":["GET"]}}],"collection":[{"href":"https:\/\/www.hydraulic-cylinders.net\/lt\/wp-json\/wp\/v2\/product"}],"about":[{"href":"https:\/\/www.hydraulic-cylinders.net\/lt\/wp-json\/wp\/v2\/types\/product"}],"replies":[{"embeddable":true,"href":"https:\/\/www.hydraulic-cylinders.net\/lt\/wp-json\/wp\/v2\/comments?post=16775"}],"wp:featuredmedia":[{"embeddable":true,"href":"https:\/\/www.hydraulic-cylinders.net\/lt\/wp-json\/wp\/v2\/media\/14763"}],"wp:attachment":[{"href":"https:\/\/www.hydraulic-cylinders.net\/lt\/wp-json\/wp\/v2\/media?parent=16775"}],"wp:term":[{"taxonomy":"product_brand","embeddable":true,"href":"https:\/\/www.hydraulic-cylinders.net\/lt\/wp-json\/wp\/v2\/product_brand?post=16775"},{"taxonomy":"product_cat","embeddable":true,"href":"https:\/\/www.hydraulic-cylinders.net\/lt\/wp-json\/wp\/v2\/product_cat?post=16775"},{"taxonomy":"product_tag","embeddable":true,"href":"https:\/\/www.hydraulic-cylinders.net\/lt\/wp-json\/wp\/v2\/product_tag?post=16775"}],"curies":[{"name":"wp","href":"https:\/\/api.w.org\/{rel}","templated":true}]}}