{"id":16776,"date":"2025-01-21T05:53:33","date_gmt":"2025-01-21T05:53:33","guid":{"rendered":"https:\/\/www.hydraulic-cylinders.net\/product\/arm-cylinder-for-john-deere-e260lc\/"},"modified":"2025-01-21T05:53:34","modified_gmt":"2025-01-21T05:53:34","slug":"arm-cylinder-for-john-deere-e260lc","status":"publish","type":"product","link":"https:\/\/www.hydraulic-cylinders.net\/lt\/produktas\/arm-cylinder-for-john-deere-e260lc\/","title":{"rendered":"John Deere E260LC svirties cilindras"},"content":{"rendered":"<p>John Deere E260LC svirties cilindras<\/p>\n<p>\u012evadas:<br \/>\nSvirties cilindras yra specialiai suprojektuotas hidraulinis cilindras, kuris pirmiausia naudojamas linijiniam judesiui ir galiai u\u017etikrinti \u012fvairi\u0173 tip\u0173 ma\u0161in\u0173, toki\u0173 kaip ekskavatoriai, kranai ir mechanin\u0117s svirtys, svirtims. Svirties cilindras atlieka labai svarb\u0173 vaidmen\u012f hidraulin\u0117se sistemose, nes leid\u017eia priedams ar priedams efektyviai jud\u0117ti ir valdyti. \u0160ie cilindrai ne tik u\u017etikrina skland\u0173 jud\u0117jim\u0105, bet ir atlaiko dideles apkrovas, u\u017etikrindami efektyv\u0173 ma\u0161in\u0173 veikim\u0105 ir patikimum\u0105 \u012fvairiomis darbo s\u0105lygomis.<\/p>\n<p><img decoding=\"async\" src=\"https:\/\/www.hydraulic-cylinders.net\/wp-content\/uploads\/2025\/01\/songte-company-2.webp\" alt=\"Svirties cilindras\" \/><\/p>\n<p>Savyb\u0117s:<br \/>\n1. Didelio efektyvumo transmisija: Svir\u010di\u0173 cilindrai u\u017etikrina galing\u0105 tiesin\u012f judes\u012f ir j\u0117g\u0105, u\u017etikrindami auk\u0161t\u0105 mechanini\u0173 svir\u010di\u0173 efektyvum\u0105 atliekant \u012fvairias operacijas.<br \/>\n2. Tikslus valdymas: Hidraulini\u0173 sistem\u0173 pagalba svirties cilindrai gali tiksliai valdyti judes\u012f, tod\u0117l pried\u0173 valdymas tampa lankstesnis ir tikslesnis.<br \/>\n3. Didelis patvarumas: Svirtiniai cilindrai paprastai gaminami i\u0161 didelio stiprumo med\u017eiag\u0173, pasi\u017eymin\u010di\u0173 geru atsparumu dilimui ir korozijai, tod\u0117l tinkami ilgalaikiam naudojimui at\u0161iauriomis s\u0105lygomis.<br \/>\n4. Daugiafunkcis pritaikomumas: \u0160ie cilindrai gali b\u016bti pla\u010diai naudojami \u012fvairiuose mechaniniuose \u012frenginiuose, tokiuose kaip ekskavatoriai, kranai ir mechanin\u0117s rankenos, kad b\u016bt\u0173 pritaikyti prie skirting\u0173 darbo reikalavim\u0173.<br \/>\n5. Lengva prie\u017ei\u016bra: konstrukcija u\u017etikrina lengv\u0105 prie\u017ei\u016br\u0105 ir keitim\u0105, tod\u0117l reguliari ap\u017ei\u016bra ir prie\u017ei\u016bra yra patogesn\u0117, o \u012frangos prastova suma\u017e\u0117ja.<\/p>\n<p>M\u016bs\u0173 produktas:<br \/>\nM\u016bs\u0173 gaminys gali puikiai pakeisti \u0161iuos hidraulinius cilindrus.<\/p>\n<p><img decoding=\"async\" src=\"https:\/\/www.hydraulic-cylinders.net\/wp-content\/uploads\/2025\/01\/songte-oil-pipes-and-spare-parts.webp\" alt=\"Hidraulini\u0173 cilindr\u0173 atsargin\u0117s dalys\" \/><\/p>\n<p>Parai\u0161kos:<br \/>\n1. Statybos in\u017einerija: Svirtiniai cilindrai naudojami ekskavatori\u0173 ir kran\u0173 kau\u0161\u0173 arba str\u0117li\u0173 jud\u0117jimui valdyti, atliekant \u017eem\u0117s darbus, med\u017eiag\u0173 tvarkym\u0105 ir konstrukcij\u0173 montavim\u0105.<br \/>\n2. Gamybos pramon\u0117: Svirtiniai cilindrai naudojami mechanini\u0173 svirteli\u0173 jud\u0117jimui automatizuotose gamybos linijose, pvz., surinkimui, suvirinimui ir tvarkymui, taip pagerinant gamybos efektyvum\u0105 ir tikslum\u0105.<br \/>\n3. \u017dem\u0117s \u016bkio technika: Svirties cilindrai valdo \u017eem\u0117s \u016bkio technikos, tokios kaip derliaus nu\u0117mimo ir s\u0117jamosios, valdymo svirties jud\u0117jim\u0105, atlikdami tokias u\u017eduotis kaip s\u0117ja, tr\u0119\u0161imas ir derliaus nu\u0117mimas.<br \/>\n4. Kasyba: Svirties cilindrai naudojami kasybos \u012frangos, pvz., r\u016bd\u0173 kasybos ir transportavimo kasybos \u012frangoje, svirties jud\u0117jimui valdyti.<br \/>\n5. Logistika ir transportavimas: Svirtiniai cilindrai naudojami \u0161aki\u0173 k\u0117limui ir jud\u0117jimui valdyti \u0161akiniuose krautuvuose ir robotuose, atliekant med\u017eiag\u0173 tvarkymo ir krovimo darbus.<\/p>\n<p>Projektavimo aspektai ir atrankos kriterijai:<br \/>\n1. Apkrovos paj\u0117gumas: Projektuojant reikia atsi\u017evelgti \u012f cilindro apkrovos paj\u0117gum\u0105, siekiant u\u017etikrinti, kad jis atlaikyt\u0173 \u012frangos ir tvarkom\u0173 med\u017eiag\u0173 svor\u012f.<br \/>\n2. Sandarinimas: Sandarinimo komponentams tur\u0117t\u0173 b\u016bti naudojami \u012fvair\u016bs sandarinimo komponentai, pvz., st\u016bmokliniai sandarikliai ir stryp\u0173 sandarikliai, o sandarinimo komponentams tur\u0117t\u0173 b\u016bti pasirinktos atsparios dilimui med\u017eiagos, pvz., poliuretanas ir nitrilo kau\u010diukas, siekiant u\u017etikrinti sandarinimo efektyvum\u0105.<br \/>\n3. Patvarumas: Cilindro korpusas tur\u0117t\u0173 b\u016bti pagamintas i\u0161 didelio stiprumo med\u017eiag\u0173, kad b\u016bt\u0173 padidintas atsparumas dilimui ir korozijai. Cilindro korpuso pavir\u0161ius ir sriegio galas tur\u0117t\u0173 b\u016bti kruop\u0161\u010diai apdirbti, kad b\u016bt\u0173 padidintas atsparumas dilimui.<br \/>\n4. Sauga: Projektavimo metu reik\u0117t\u0173 atsi\u017evelgti \u012f saugos aspektus ir \u012frengti reikiamus saugos \u012ftaisus, kad b\u016bt\u0173 i\u0161vengta nelaiming\u0173 atsitikim\u0173.<br \/>\n5. Prie\u017ei\u016bra: Projektuojant reik\u0117t\u0173 atsi\u017evelgti \u012f lengv\u0105 prie\u017ei\u016br\u0105 ir keitim\u0105, u\u017etikrinant, kad reguliari ap\u017ei\u016bra ir prie\u017ei\u016bra b\u016bt\u0173 patogesni, ir suma\u017einant \u012frangos prastovos laik\u0105.<\/p>\n<p><img decoding=\"async\" src=\"https:\/\/www.hydraulic-cylinders.net\/wp-content\/uploads\/2025\/01\/songte-cylinder-head-with-all-kinds-excavator-models.webp\" alt=\"Cilindro galvut\u0117\" \/><\/p>\n<p>Sandarinimas ir tepimas:<br \/>\nSandarinimo komponentams tur\u0117t\u0173 b\u016bti naudojami \u012fvair\u016bs sandarinimo komponentai, tokie kaip st\u016bmoklio ir koto sandarikliai, o sandarinimo komponentams tur\u0117t\u0173 b\u016bti pasirinktos atsparios dilimui med\u017eiagos, tokios kaip poliuretanas ir nitrilo kau\u010diukas, kad b\u016bt\u0173 u\u017etikrintas sandarumo efektyvumas. Cilindro korpus\u0105 ir st\u016bmoklio kot\u0105 reikia reguliariai tepti tinkamu hidraulin\u0117s alyvos kiekiu, kad b\u016bt\u0173 u\u017etikrintas sklandus veikimas.<\/p>\n<p>Profilaktin\u0117 prie\u017ei\u016bra:<br \/>\n1. Reguliarus patikrinimas: reikia reguliariai tikrinti, ar sandarinimo komponentai ir kitos dalys n\u0117ra susid\u0117v\u0117j\u0119 ir nepa\u017eeistos.<br \/>\n2. Susid\u0117v\u0117jusi\u0173 dali\u0173 keitimas: susid\u0117v\u0117jusias dalis reikia laiku pakeisti, kad neb\u016bt\u0173 pa\u017eeistos kitos dalys.<br \/>\n3. Tepimas: Siekiant u\u017etikrinti skland\u0173 veikim\u0105, reikia reguliariai tepti.<br \/>\n4. Valymas: Cilindr\u0105 reikia reguliariai valyti, kad b\u016bt\u0173 i\u0161vengta dulki\u0173 ir ne\u0161varum\u0173 sukeliamos \u017ealos.<\/p>\n<p>Diegimo vadovas:<br \/>\n1. Paruo\u0161imas: Prie\u0161 montuodami paruo\u0161kite visus reikalingus \u012frankius ir \u012frang\u0105.<br \/>\n2. Ap\u017ei\u016bra: Prie\u0161 montuodami patikrinkite, ar cilindras nepa\u017eeistas ar n\u0117ra defekt\u0173.<br \/>\n3. Montavimas: Sumontuokite cilindr\u0105 tinkamoje pad\u0117tyje, naudodami atitinkamus tvirtinimo laikiklius.<br \/>\n4. Prijungimas: Prijunkite hidraulines \u017earnas ir kitus komponentus prie cilindro pagal instrukcijas.<br \/>\n5. Bandymas: Prie\u0161 naudojim\u0105 patikrinkite cilindr\u0105, ar jis tinkamai veikia.<\/p>\n<p><img decoding=\"async\" src=\"https:\/\/www.hydraulic-cylinders.net\/wp-content\/uploads\/2025\/01\/songte-bushings-with-all-kinds-of-excavator-models.webp\" alt=\"\u012evor\u0117s\" \/><\/p>\n<p>Saugos aspektai ir aplinkos veiksniai:<br \/>\nNaudojant hidraulinius cilindrus, b\u016btinos saugos priemon\u0117s, pavyzd\u017eiui, u\u017etikrinti, kad \u012franga b\u016bt\u0173 stabili ir saugi eksploatacijos metu, ir d\u0117v\u0117ti tinkamas apsaugines priemones. Taip pat reik\u0117t\u0173 atsi\u017evelgti \u012f aplinkos veiksnius, pavyzd\u017eiui, vengti alyvos i\u0161siliejimo ir tinkamai utilizuoti panaudot\u0105 hidraulin\u0119 alyv\u0105.<\/p>\n<p>Trik\u010di\u0173 \u0161alinimas ir da\u017eniausios problemos:<br \/>\n1. Alyvos nuot\u0117kis: Tai gali b\u016bti d\u0117l pa\u017eeist\u0173 sandarikli\u0173 arba netinkamo j\u0173 sumontavimo. Sandarikli\u0173 pakeitimas arba teisingas sumontavimas gali i\u0161spr\u0119sti \u0161i\u0105 problem\u0105.<br \/>\n2. L\u0117tas jud\u0117jimas: Tai gali b\u016bti d\u0117l nepakankamo hidraulinio sl\u0117gio. Patikrinkite hidraulin\u0119 sistem\u0105 ir prireikus padidinkite sl\u0117g\u012f.<br \/>\n3. Triuk\u0161mingas veikimas: Tai gali b\u016bti d\u0117l pa\u017eeist\u0173 komponent\u0173 arba nepakankamo tepimo. Pakeiskite pa\u017eeistus komponentus arba sutepkite cilindr\u0105 pagal poreik\u012f.<\/p>\n<p>Prevencin\u0117s priemon\u0117s:<br \/>\n1. Reguliari prie\u017ei\u016bra: reguliari ap\u017ei\u016bra ir prie\u017ei\u016bra gali pad\u0117ti i\u0161vengti galim\u0173 problem\u0173.<br \/>\n2. Tinkamas naudojimas: Tinkamas \u012frangos naudojimas gali suma\u017einti \u017ealos ar gedimo rizik\u0105.<br \/>\n3. Saugos priemon\u0117s: Laikantis saugos priemoni\u0173 galima i\u0161vengti nelaiming\u0173 atsitikim\u0173.<\/p>\n<p><img decoding=\"async\" src=\"https:\/\/www.hydraulic-cylinders.net\/wp-content\/uploads\/2025\/01\/songte-chushion-collar.webp\" alt=\"Pagalv\u0117l\u0117s apykakl\u0117\" \/><\/p>\n<p>I\u0161vada:<br \/>\nEsame profesionalus hidraulini\u0173 cilindr\u0173 pakaital\u0173 gamintojas, si\u016blantis plat\u0173 gamini\u0173 asortiment\u0105. Tapome vienu i\u0161 pirmaujan\u010di\u0173 hidraulini\u0173 cilindr\u0173 gamybos ir didmenini\u0173 platintoj\u0173 vidaus ir tarptautin\u0117se rinkose. Visada laikom\u0117s kokyb\u0117s puikumo principo, nuolat tobuliname savo technologijas ir gamybos efektyvum\u0105, taikydami industrializuotas gamybos valdymo strategijas ir pa\u017eangi\u0105 gamybos \u012frang\u0105. Turime stipr\u0173 inovacin\u012f geb\u0117jim\u0105 patenkinti \u012fvairius m\u016bs\u0173 klient\u0173 poreikius, taikydami didelio efektyvumo, tikslumo ir auk\u0161tos kokyb\u0117s principus.<\/p>\n<p>M\u016bs\u0173 \u012fmon\u0117 teikia profesionalias paslaugas, tarptautinius sertifikatus, individualiai pritaikytas paslaugas, gamybos \u012frang\u0105 ir garantin\u012f aptarnavim\u0105.<\/p>\n<p><img decoding=\"async\" src=\"https:\/\/www.hydraulic-cylinders.net\/wp-content\/uploads\/2025\/01\/songte-company-4.webp\" alt=\"\u012emon\u0117\" \/><\/p>\n<p><img decoding=\"async\" src=\"https:\/\/www.hydraulic-cylinders.net\/wp-content\/uploads\/2025\/01\/songte-company-3.webp\" alt=\"\u012emon\u0117\" \/><\/p>\n<p>Autorius: lyl<\/p>","protected":false},"excerpt":{"rendered":"<p>Arm Cylinder For John Deere E260LC Introduction: Arm cylinder is a specially designed hydraulic cylinder that is primarily used to provide linear motion and power to the arms of various types of machinery, such as excavators, cranes, and mechanical arms. The arm cylinder plays a critical role in hydraulic systems, allowing attachments or accessories to [&hellip;]<\/p>","protected":false},"featured_media":14759,"comment_status":"open","ping_status":"closed","template":"","meta":{"_et_pb_use_builder":"","_et_pb_old_content":"","_et_gb_content_width":""},"product_brand":[],"product_cat":[1497],"product_tag":[1498,1496],"class_list":{"0":"post-16776","1":"product","2":"type-product","3":"status-publish","4":"has-post-thumbnail","6":"product_cat-arm-cylinders","7":"product_tag-arm-cylinders","8":"product_tag-hydraulic-cylinders","10":"first","11":"instock","12":"shipping-taxable","13":"product-type-simple"},"amp_enabled":true,"_links":{"self":[{"href":"https:\/\/www.hydraulic-cylinders.net\/lt\/wp-json\/wp\/v2\/product\/16776","targetHints":{"allow":["GET"]}}],"collection":[{"href":"https:\/\/www.hydraulic-cylinders.net\/lt\/wp-json\/wp\/v2\/product"}],"about":[{"href":"https:\/\/www.hydraulic-cylinders.net\/lt\/wp-json\/wp\/v2\/types\/product"}],"replies":[{"embeddable":true,"href":"https:\/\/www.hydraulic-cylinders.net\/lt\/wp-json\/wp\/v2\/comments?post=16776"}],"wp:featuredmedia":[{"embeddable":true,"href":"https:\/\/www.hydraulic-cylinders.net\/lt\/wp-json\/wp\/v2\/media\/14759"}],"wp:attachment":[{"href":"https:\/\/www.hydraulic-cylinders.net\/lt\/wp-json\/wp\/v2\/media?parent=16776"}],"wp:term":[{"taxonomy":"product_brand","embeddable":true,"href":"https:\/\/www.hydraulic-cylinders.net\/lt\/wp-json\/wp\/v2\/product_brand?post=16776"},{"taxonomy":"product_cat","embeddable":true,"href":"https:\/\/www.hydraulic-cylinders.net\/lt\/wp-json\/wp\/v2\/product_cat?post=16776"},{"taxonomy":"product_tag","embeddable":true,"href":"https:\/\/www.hydraulic-cylinders.net\/lt\/wp-json\/wp\/v2\/product_tag?post=16776"}],"curies":[{"name":"wp","href":"https:\/\/api.w.org\/{rel}","templated":true}]}}