{"id":16779,"date":"2025-01-21T05:53:46","date_gmt":"2025-01-21T05:53:46","guid":{"rendered":"https:\/\/www.hydraulic-cylinders.net\/product\/arm-cylinder-for-john-deere-e230lc\/"},"modified":"2025-01-21T05:53:47","modified_gmt":"2025-01-21T05:53:47","slug":"arm-cylinder-for-john-deere-e230lc","status":"publish","type":"product","link":"https:\/\/www.hydraulic-cylinders.net\/lt\/produktas\/arm-cylinder-for-john-deere-e230lc\/","title":{"rendered":"John Deere E230LC svirties cilindras"},"content":{"rendered":"<p><!--h2-->\u012evadas \u012f John Deere E230LC svirties cilindr\u0105<!--\/h2--><\/p>\n<p>\u201eJohn Deere E230LC\u201c svirties cilindras yra specializuotas hidraulinis cilindras, skirtas u\u017etikrinti tiesin\u012f jud\u0117jim\u0105 ir gali\u0105 \u012fvairi\u0173 tip\u0173 ma\u0161inoms, tokioms kaip ekskavatoriai, kranai ir robotin\u0117s svirtys. Svirties cilindras atlieka labai svarb\u0173 vaidmen\u012f hidraulin\u0117se sistemose, nes leid\u017eia efektyviai jud\u0117ti ir valdyti papildomus \u012frankius ar priedus. \u0160ie cilindrai ne tik u\u017etikrina skland\u0173 jud\u0117jim\u0105, bet ir atlaiko dideles apkrovas, u\u017etikrindami efektyv\u0173 ma\u0161inos veikim\u0105 ir patikimum\u0105 \u012fvairiomis darbo s\u0105lygomis.<\/p>\n<p><!--h3-->Apibr\u0117\u017eimas ir paai\u0161kinimas<!--\/h3--><\/p>\n<p>Svirties cilindras yra hidraulinio cilindro tipas, specialiai sukurtas u\u017etikrinti tiesin\u012f jud\u0117jim\u0105 ir gali\u0105 \u012fvairi\u0173 tip\u0173 ma\u0161in\u0173 svir\u010diai. Jis yra b\u016btinas hidraulin\u0117se sistemose, kad b\u016bt\u0173 galima efektyviai jud\u0117ti ir valdyti pritvirtintus \u012frankius ar priedus. \u0160ie cilindrai pasi\u017eymi skland\u017eiu jud\u0117jimu ir didele keliam\u0105ja galia, u\u017etikrindami efektyvum\u0105 ir patikimum\u0105 \u012fvairiomis eksploatavimo s\u0105lygomis. D\u0117l savo patvarumo ir funkcionalumo svirties cilindrai pla\u010diai naudojami tokiose pramon\u0117s \u0161akose kaip statyba, gamyba, \u017eem\u0117s \u016bkis, kasyba, logistika ir transportas.<\/p>\n<p><!--img--><br \/>\n<img decoding=\"async\" src=\"https:\/\/www.hydraulic-cylinders.net\/wp-content\/uploads\/2025\/01\/songte-company-2.webp\" alt=\"Svirties cilindro vaizdas\" \/><\/p>\n<p><!--h2-->John Deere E230LC svirties cilindro savyb\u0117s<!--\/h2--><\/p>\n<p><!--h3-->1. Didelio efektyvumo transmisija<!--\/h3--><\/p>\n<p>Svirties cilindras u\u017etikrina galing\u0105 tiesin\u012f judes\u012f ir j\u0117g\u0105, u\u017etikrindamas auk\u0161t\u0105 ma\u0161inos na\u0161um\u0105.<\/p>\n<p><!--h3-->2. Tikslus valdymas<!--\/h3--><\/p>\n<p>Hidraulin\u0117 sistema leid\u017eia tiksliai valdyti svirties cilindro judes\u012f, tod\u0117l pritvirtinti \u012frankiai veikia lanks\u010diai ir tiksliai.<\/p>\n<p><!--h3-->3. Didelis patvarumas<!--\/h3--><\/p>\n<p>Cilindro rankena pagaminta i\u0161 didelio stiprumo med\u017eiag\u0173, kurios u\u017etikrina puik\u0173 atsparum\u0105 dilimui ir korozijai ilgalaikiam naudojimui at\u0161iauriomis s\u0105lygomis.<\/p>\n<p><!--h3-->4. Universalus prisitaikymas<!--\/h3--><\/p>\n<p>\u0160ie cilindrai gali b\u016bti pla\u010diai naudojami \u012fvairiose ma\u0161inose, tokiose kaip ekskavatoriai, kranai ir robotin\u0117s rankos, siekiant patenkinti skirtingus darbo reikalavimus.<\/p>\n<p><!--h3-->5. Lengva prie\u017ei\u016bra<!--\/h3--><\/p>\n<p>Svirties cilindro konstrukcija skirta lengvam techniniam aptarnavimui ir keitimui, tod\u0117l reguliari ap\u017ei\u016bra ir prie\u017ei\u016bra yra patogesn\u0117, o \u012frangos prastovos laikas sutrump\u0117ja.<\/p>\n<p><!--img--><br \/>\n<img decoding=\"async\" src=\"https:\/\/www.hydraulic-cylinders.net\/wp-content\/uploads\/2025\/01\/songte-oil-pipes-and-spare-parts.webp\" alt=\"Svirties cilindro atsargin\u0117s dalys\" \/><\/p>\n<p><!--h2-->John Deere E230LC svirties cilindro pritaikymas<!--\/h2--><\/p>\n<p>Svirtinis cilindras yra \u012fvairiai pritaikomas \u012fvairiose pramon\u0117s \u0161akose:<\/p>\n<p><!--h3-->1. Statybos in\u017einerija<!--\/h3--><\/p>\n<p>Ekskavatoriuose ir kranuose str\u0117l\u0117s cilindras valdo kau\u0161\u0173 arba str\u0117li\u0173 jud\u0117jim\u0105 atliekant \u017eem\u0117s darbus, med\u017eiag\u0173 tvarkym\u0105 ir konstrukcij\u0173 montavim\u0105.<\/p>\n<p><!--h3-->2. Gamybos pramon\u0117<!--\/h3--><\/p>\n<p>Automatizuotose gamybos linijose rankos cilindras palengvina robotini\u0173 rank\u0173 jud\u0117jim\u0105, \u012fgalindamas tokius procesus kaip surinkimas, suvirinimas ir med\u017eiag\u0173 tvarkymas, o tai padidina na\u0161um\u0105 ir tikslum\u0105.<\/p>\n<p><!--h3-->3. \u017dem\u0117s \u016bkio technika<!--\/h3--><\/p>\n<p>\u017dem\u0117s \u016bkio \u012frangoje, tokioje kaip derliaus nu\u0117mimo ma\u0161inos ir sodinamosios, svirties cilindras valdo darbini\u0173 svir\u010di\u0173 jud\u0117jim\u0105, atlikdamas tokias u\u017eduotis kaip sodinimas, tr\u0119\u0161imas ir derliaus nu\u0117mimas.<\/p>\n<p><!--h3-->4. Kasybos operacijos<!--\/h3--><\/p>\n<p>Kasybos \u012frangoje svirties cilindras valdo kasybos ma\u0161in\u0173 svir\u010di\u0173 jud\u0117jim\u0105 r\u016bdos gavybai ir transportavimui.<\/p>\n<p><!--h3-->5. Logistika ir transportas<!--\/h3--><\/p>\n<p>\u0160akiniuose krautuvuose ir krovini\u0173 krovimo robotuose svirties cilindras valdo \u0161aki\u0173 k\u0117lim\u0105 ir jud\u0117jim\u0105, palengvindamas med\u017eiag\u0173 tvarkym\u0105 ir krovim\u0105.<\/p>\n<p><!--h2-->Projektavimo aspektai ir atrankos kriterijai<!--\/h2--><\/p>\n<p>Renkantis ir projektuojant cilindro formos svirt\u012f, reikia atsi\u017evelgti \u012f kelis veiksnius:<\/p>\n<p><!--h3-->1. Apkrovos paj\u0117gumas<!--\/h3--><\/p>\n<p>Svirties cilindras turi atlaikyti numatytas apkrovas ir j\u0117gas, susidaran\u010dias naudojant.<\/p>\n<p><!--h3-->2. Sandarinimas<!--\/h3--><\/p>\n<p>Siekiant u\u017etikrinti tinkam\u0105 sandarum\u0105 ir i\u0161vengti hidraulinio skys\u010dio nuot\u0117kio, naudojami \u012fvair\u016bs sandarinimo komponentai, tokie kaip st\u016bmokli\u0173 ir stryp\u0173 sandarikliai.<\/p>\n<p><!--h3-->3. Patvarumas<!--\/h3--><\/p>\n<p>Svirties cilindro konstrukcijai parenkamos labai patvarios, atsparios dilimui ir korozijai med\u017eiagos, siekiant u\u017etikrinti ilgalaik\u012f veikim\u0105 sud\u0117tingomis s\u0105lygomis.<\/p>\n<p><!--h3-->4. Saugumas<!--\/h3--><\/p>\n<p>\u012e konstrukcij\u0105 \u012ftrauktos saugos funkcijos, tokios kaip sl\u0117gio ma\u017einimo vo\u017etuvai ir avarinio stabdymo mechanizmai, siekiant i\u0161vengti nelaiming\u0173 atsitikim\u0173 ir u\u017etikrinti operatoriaus saug\u0105.<\/p>\n<p><!--h3-->5. Prie\u017ei\u016bra<!--\/h3--><\/p>\n<p>Svirties cilindro konstrukcija skirta lengvam techniniam aptarnavimui ir remontui, tod\u0117l galima efektyviai atlikti technin\u0119 prie\u017ei\u016br\u0105 ir suma\u017einti prastovas.<\/p>\n<p><!--img--><br \/>\n<img decoding=\"async\" src=\"https:\/\/www.hydraulic-cylinders.net\/wp-content\/uploads\/2025\/01\/songte-cylinder-head-with-all-kinds-excavator-models.webp\" alt=\"Cilindro galvut\u0117s vaizdas\" \/><\/p>\n<p><!--h2-->Svirties cilindro sandarinimas ir tepimas<!--\/h2--><\/p>\n<p>Svirtiniame cilindre naudojami \u012fvair\u016bs sandarikliai, tokie kaip st\u016bmoklio ir koto sandarikliai, kurie pagaminti i\u0161 atspari\u0173 dilimui med\u017eiag\u0173, toki\u0173 kaip poliuretanas ir nitrilo kau\u010diukas. Cilindro korpusas ir srieginiai galiniai pavir\u0161iai yra kruop\u0161\u010diai apdirbti, siekiant padidinti atsparum\u0105 dilimui. Norint u\u017etikrinti skland\u0173 veikim\u0105 ir ilgaam\u017ei\u0161kum\u0105, b\u016btina reguliariai tepti tinkamu hidraulin\u0117s alyvos kiekiu.<\/p>\n<p><!--h2-->Reguliarus patikrinimas ir prevencin\u0117 prie\u017ei\u016bra<!--\/h2--><\/p>\n<p>Norint u\u017etikrinti optimal\u0173 na\u0161um\u0105 ir ilgaam\u017ei\u0161kum\u0105, reikia imtis \u0161i\u0173 priemoni\u0173:<\/p>\n<p><!--h3-->1. Reguliarus patikrinimas<!--\/h3--><\/p>\n<p>Reik\u0117t\u0173 periodi\u0161kai tikrinti, ar n\u0117ra svirties cilindro ar jo komponent\u0173 susid\u0117v\u0117jimo, nuot\u0117ki\u0173 ar pa\u017eeidim\u0173 po\u017eymi\u0173.<\/p>\n<p><!--h3-->2. Profilaktin\u0117 prie\u017ei\u016bra<!--\/h3--><\/p>\n<p>Siekiant i\u0161vengti galim\u0173 problem\u0173 ir u\u017etikrinti patikim\u0105 veikim\u0105, reikia atlikti tinkam\u0105 prevencin\u0119 prie\u017ei\u016br\u0105, pavyzd\u017eiui, valym\u0105, tepim\u0105 ir reguliavim\u0105.<\/p>\n<p><!--h2-->Produkto diegimo vadovas<!--\/h2--><\/p>\n<p>Tinkamas svirties cilindro montavimas yra labai svarbus jo veikimui ir ilgaam\u017ei\u0161kumui. Atlikite \u0161iuos veiksmus:<\/p>\n<p><!--h3-->1. Pasiruo\u0161imas diegimui<!--\/h3--><\/p>\n<p>Surinkite visus reikalingus \u012frankius ir \u012frang\u0105 montavimui, u\u017etikrindami \u0161vari\u0105 ir saugi\u0105 darbo aplink\u0105.<\/p>\n<p><!--h3-->2. Cilindro pad\u0117tis<!--\/h3--><\/p>\n<p>Pad\u0117kite svirties cilindr\u0105 tinkamoje vietoje, sulygiuodami j\u012f su mechanizmo tvirtinimo ta\u0161kais.<\/p>\n<p><!--h3-->3. \u017darn\u0173 ir jungiam\u0173j\u0173 detali\u0173 prijungimas<!--\/h3--><\/p>\n<p>Prijunkite hidraulines \u017earnas ir jungiam\u0105sias detales prie svirties cilindro, u\u017etikrindami tvirtas ir sandarias jungtis.<\/p>\n<p><!--h3-->4. Cilindro tvirtinimas<!--\/h3--><\/p>\n<p>Tvirtai pritvirtinkite svirties cilindr\u0105 prie mechanizmo, naudodami atitinkamas tvirtinimo detales ir sukimo momento specifikacijas.<\/p>\n<p><!--img--><br \/>\n<img decoding=\"async\" src=\"https:\/\/www.hydraulic-cylinders.net\/wp-content\/uploads\/2025\/01\/songte-bushings-with-all-kinds-of-excavator-models.webp\" alt=\"\u012evori\u0173 vaizdas\" \/><\/p>\n<p><!--h2-->Saugos aspektai ir aplinkos veiksniai<!--\/h2--><\/p>\n<p>Naudojant svirties cilindr\u0105, labai svarbu teikti pirmenyb\u0119 saugos priemon\u0117ms. Raktiniai \u017eod\u017eiai, susij\u0119 su saugos atsargumo priemon\u0117mis, yra nepaprastai svarb\u016bs siekiant i\u0161vengti nelaiming\u0173 atsitikim\u0173 ir u\u017etikrinti operatori\u0173 gerov\u0119.<\/p>\n<p><!--h2-->Trik\u010di\u0173 \u0161alinimas ir da\u017eniausiai pasitaikan\u010dios problemos<!--\/h2--><\/p>\n<p>Nepaisant patikimumo, svirtiniai cilindrai gali susidurti su tam tikromis problemomis. \u0160tai keletas da\u017eniausiai pasitaikan\u010di\u0173 problem\u0173:<\/p>\n<p><!--h3-->1. Nuot\u0117kis<!--\/h3--><\/p>\n<p>Nuot\u0117kis gali atsirasti d\u0117l pa\u017eeist\u0173 sandarikli\u0173 ar jungiam\u0173j\u0173 detali\u0173. Patikrinkite ir pakeiskite visus sugedusius komponentus.<\/p>\n<p><!--h3-->2. Nenormalus triuk\u0161mas<!--\/h3--><\/p>\n<p>Jei svirties cilindras veikimo metu skleid\u017eia ne\u012fprast\u0105 triuk\u0161m\u0105, tai gali rodyti susid\u0117v\u0117jusius komponentus arba nepakankam\u0105 tepim\u0105. Patikrinkite ir atitinkamai pa\u0161alinkite problem\u0105.<\/p>\n<p><!--h3-->3. L\u0117tas arba nenuoseklus jud\u0117jimas<!--\/h3--><\/p>\n<p>D\u0117l nepakankamo hidraulinio sl\u0117gio arba pa\u017eeist\u0173 vidini\u0173 komponent\u0173 jud\u0117jimas gali b\u016bti l\u0117tas arba netolygus. Patikrinkite hidraulin\u0119 sistem\u0105 arba, ar n\u0117ra pa\u017eeist\u0173 dali\u0173.<\/p>\n<p><!--h3-->4. Cilindro u\u017estrigimas<!--\/h3--><\/p>\n<p>U\u017estrigimas gali \u012fvykti d\u0117l neteisingo sulygiavimo arba d\u0117l pa\u0161alini\u0173 objekt\u0173, trukdan\u010di\u0173 cilindro jud\u0117jimui. Pa\u0161alinkite visas kli\u016btis ir u\u017etikrinkite tinkam\u0105 sulygiavim\u0105.<\/p>\n<p><!--h2-->Trik\u010di\u0173 \u0161alinimo patarimai ir sprendimai<!--\/h2--><\/p>\n<p>Nor\u0117dami efektyviai \u0161alinti triktis ir jas i\u0161spr\u0119sti, atsi\u017evelkite \u012f \u0161iuos patarimus:<\/p>\n<p><!--h3-->1. Diagnoz\u0117<!--\/h3--><\/p>\n<p>Kruop\u0161\u010diai i\u0161analizuokite simptomus ir atlikite sistemin\u0119 diagnoz\u0119, kad nustatytum\u0117te problemos prie\u017east\u012f.<\/p>\n<p><!--h\n<\/p>","protected":false},"excerpt":{"rendered":"<p>Introduction to Arm Cylinder For John Deere E230LC The Arm Cylinder For John Deere E230LC is a specialized hydraulic cylinder designed to provide linear motion and power for various types of machinery, such as excavators, cranes, and robotic arms. The arm cylinder plays a crucial role in hydraulic systems, allowing for efficient movement and control [&hellip;]<\/p>","protected":false},"featured_media":14779,"comment_status":"open","ping_status":"closed","template":"","meta":{"_et_pb_use_builder":"","_et_pb_old_content":"","_et_gb_content_width":""},"product_brand":[],"product_cat":[1497],"product_tag":[1498,1496],"class_list":{"0":"post-16779","1":"product","2":"type-product","3":"status-publish","4":"has-post-thumbnail","6":"product_cat-arm-cylinders","7":"product_tag-arm-cylinders","8":"product_tag-hydraulic-cylinders","10":"first","11":"instock","12":"shipping-taxable","13":"product-type-simple"},"amp_enabled":true,"_links":{"self":[{"href":"https:\/\/www.hydraulic-cylinders.net\/lt\/wp-json\/wp\/v2\/product\/16779","targetHints":{"allow":["GET"]}}],"collection":[{"href":"https:\/\/www.hydraulic-cylinders.net\/lt\/wp-json\/wp\/v2\/product"}],"about":[{"href":"https:\/\/www.hydraulic-cylinders.net\/lt\/wp-json\/wp\/v2\/types\/product"}],"replies":[{"embeddable":true,"href":"https:\/\/www.hydraulic-cylinders.net\/lt\/wp-json\/wp\/v2\/comments?post=16779"}],"wp:featuredmedia":[{"embeddable":true,"href":"https:\/\/www.hydraulic-cylinders.net\/lt\/wp-json\/wp\/v2\/media\/14779"}],"wp:attachment":[{"href":"https:\/\/www.hydraulic-cylinders.net\/lt\/wp-json\/wp\/v2\/media?parent=16779"}],"wp:term":[{"taxonomy":"product_brand","embeddable":true,"href":"https:\/\/www.hydraulic-cylinders.net\/lt\/wp-json\/wp\/v2\/product_brand?post=16779"},{"taxonomy":"product_cat","embeddable":true,"href":"https:\/\/www.hydraulic-cylinders.net\/lt\/wp-json\/wp\/v2\/product_cat?post=16779"},{"taxonomy":"product_tag","embeddable":true,"href":"https:\/\/www.hydraulic-cylinders.net\/lt\/wp-json\/wp\/v2\/product_tag?post=16779"}],"curies":[{"name":"wp","href":"https:\/\/api.w.org\/{rel}","templated":true}]}}