{"id":16782,"date":"2025-01-21T05:53:59","date_gmt":"2025-01-21T05:53:59","guid":{"rendered":"https:\/\/www.hydraulic-cylinders.net\/product\/arm-cylinder-for-yuchai-yc08-8\/"},"modified":"2025-01-21T05:54:01","modified_gmt":"2025-01-21T05:54:01","slug":"arm-cylinder-for-yuchai-yc08-8","status":"publish","type":"product","link":"https:\/\/www.hydraulic-cylinders.net\/lt\/produktas\/arm-cylinder-for-yuchai-yc08-8\/","title":{"rendered":"\u201eYuchai YC08-8\u201c rankenos cilindras"},"content":{"rendered":"<h2>\u201eYuchai YC08-8\u201c rankenos cilindras<\/h2>\n<p>\u201eYuchai YC08-8\u201c svirties cilindras yra hidraulinio cilindro tipas, specialiai sukurtas u\u017etikrinti tiesin\u012f jud\u0117jim\u0105 ir gali\u0105 \u012fvairi\u0173 ma\u0161in\u0173, toki\u0173 kaip ekskavatoriai, kranai ir robotin\u0117s svirtys, svir\u010diai. Svirties cilindras atlieka labai svarb\u0173 vaidmen\u012f hidraulin\u0117se sistemose, nes leid\u017eia efektyviai jud\u0117ti ir valdyti papildomus \u012frankius ar priedus. \u0160ie cilindrai ne tik u\u017etikrina skland\u0173 jud\u0117jim\u0105, bet ir atlaiko dideles apkrovas, u\u017etikrindami efektyv\u0173 ma\u0161in\u0173 veikim\u0105 ir patikimum\u0105 \u012fvairiomis darbo s\u0105lygomis.<\/p>\n<h3>Apibr\u0117\u017eimas ir paai\u0161kinimas<\/h3>\n<p>Svirties cilindras, dar \u017einomas kaip svirties hidraulinis cilindras, yra hidraulin\u0117s sistemos komponentas, kuris hidraulin\u0119 energij\u0105 paver\u010dia tiesiniu judesiu, suteikdamas reikiam\u0105 j\u0117g\u0105 ir judes\u012f ma\u0161inos svir\u010diai. J\u012f sudaro cilindro korpusas, st\u016bmoklis, st\u016bmoklio kotas ir \u012fvair\u016bs sandarikliai. Kai \u012f cilindr\u0105 tiekiamas hidraulinis skystis, jis stumia st\u016bmokl\u012f, tod\u0117l st\u016bmoklio kotas i\u0161siki\u0161a arba susitraukia, tod\u0117l svirtis juda norimu tiesiniu b\u016bdu.<\/p>\n<p><img decoding=\"async\" src=\"https:\/\/www.hydraulic-cylinders.net\/wp-content\/uploads\/2025\/01\/songte-company-2.webp\"><\/p>\n<h2>\u201eYuchai YC08-8\u201c rankenos cilindro savyb\u0117s<\/h2>\n<ul>\n<li><strong>Didelio efektyvumo transmisija:<\/strong> Svirties cilindras u\u017etikrina galing\u0105 tiesin\u012f judes\u012f ir j\u0117g\u0105, u\u017etikrindamas auk\u0161t\u0105 na\u0161um\u0105 atliekant \u012fvairias operacijas.<\/li>\n<li><strong>Tikslus valdymas:<\/strong> Hidraulin\u0117s sistemos d\u0117ka svirties cilindras leid\u017eia tiksliai valdyti judes\u012f, padidindamas \u012frankio veikimo lankstum\u0105 ir tikslum\u0105.<\/li>\n<li><strong>Patvarumas:<\/strong> Svirtiniai cilindrai paprastai gaminami i\u0161 didelio stiprumo med\u017eiag\u0173, pasi\u017eymin\u010di\u0173 puikiu atsparumu dilimui ir korozijai, tod\u0117l jie tinkami ilgalaikiam naudojimui at\u0161iauriomis s\u0105lygomis.<\/li>\n<li><strong>Daugiafunkcinis prisitaikymas:<\/strong> \u0160ie cilindrai gali b\u016bti pla\u010diai naudojami \u012fvairiose ma\u0161inose, tokiose kaip ekskavatoriai, kranai ir robotin\u0117s rankos, prisitaikant prie skirting\u0173 darbo reikalavim\u0173.<\/li>\n<li><strong>Lengva prie\u017ei\u016bra:<\/strong> Sukurti atsi\u017evelgiant \u012f paprast\u0105 prie\u017ei\u016br\u0105 ir keitim\u0105, svirties cilindrai palengvina reguliarias patikras ir technin\u0119 prie\u017ei\u016br\u0105, taip suma\u017einant \u012frangos prastovas.<\/li>\n<\/ul>\n<p><img decoding=\"async\" src=\"https:\/\/www.hydraulic-cylinders.net\/wp-content\/uploads\/2025\/01\/songte-oil-pipes-and-spare-parts.webp\"><\/p>\n<h2>\u201eYuchai YC08-8\u201c rankinio cilindro pritaikymas<\/h2>\n<p>Svirtinis cilindras naudojamas \u012fvairiose pramon\u0117s \u0161akose ir sektoriuose, \u012fskaitant:<\/p>\n<ul>\n<li><strong>Statybos in\u017einerija:<\/strong> Ekskavatoriuose ir kranuose svirties cilindras valdo kau\u0161\u0173 arba str\u0117li\u0173 jud\u0117jim\u0105 atliekant \u017eem\u0117s darbus, med\u017eiag\u0173 tvarkym\u0105 ir konstrukcij\u0173 montavim\u0105.<\/li>\n<li><strong>Gamyba:<\/strong> Automatizuotose gamybos linijose rankos cilindras palengvina robotini\u0173 rank\u0173 jud\u0117jim\u0105 surinkimo, suvirinimo ir tvarkymo procesuose, taip pagerindamas gamybos efektyvum\u0105 ir tikslum\u0105.<\/li>\n<li><strong>\u017dem\u0117s \u016bkio technika:<\/strong> \u017dem\u0117s \u016bkio technikose, tokiose kaip derliaus nu\u0117mimo ma\u0161inos ir s\u0117jamosios, svirties cilindras valdo darbini\u0173 svir\u010di\u0173 jud\u0117jim\u0105 atliekant tokias u\u017eduotis kaip s\u0117ja, tr\u0119\u0161imas ir derliaus nu\u0117mimas.<\/li>\n<li><strong>Kasyba:<\/strong> Kasybos \u012frangoje rankos cilindras valdo rankos judes\u012f kasant ir r\u016bdoms gabenti.<\/li>\n<li><strong>Logistika ir transportas:<\/strong> \u0160akiniuose krautuvuose ir krovini\u0173 krovimo robotuose svirties cilindras valdo \u0161aki\u0173 k\u0117lim\u0105 ir jud\u0117jim\u0105, taip \u012fgalindamas med\u017eiag\u0173 tvarkym\u0105 ir krovim\u0105.<\/li>\n<\/ul>\n<h2>Projektavimo aspektai ir atrankos kriterijai<\/h2>\n<p>Projektuojant ir renkantis cilindro formos svirt\u012f, reikia atsi\u017evelgti \u012f kelis veiksnius:<\/p>\n<ul>\n<li><strong>Apkrovos paj\u0117gumas:<\/strong> Svirties cilindras turi atlaikyti numatomas apkrovas ir j\u0117gas eksploatacijos metu.<\/li>\n<li><strong>Sandarinimas:<\/strong> Siekiant u\u017etikrinti efektyv\u0173 sandarinim\u0105 ir i\u0161vengti hidraulinio skys\u010dio nuot\u0117kio, tur\u0117t\u0173 b\u016bti naudojami \u012fvair\u016bs sandarinimo komponentai, tokie kaip st\u016bmokli\u0173 ir stryp\u0173 sandarikliai.<\/li>\n<li><strong>Patvarumas:<\/strong> Svirties cilindras tur\u0117t\u0173 b\u016bti pagamintas i\u0161 auk\u0161tos kokyb\u0117s med\u017eiag\u0173, pasi\u017eymin\u010di\u0173 puikiu atsparumu dilimui ir korozijai, kad b\u016bt\u0173 u\u017etikrintas ilgalaikis tarnavimas.<\/li>\n<li><strong>Saugumas:<\/strong> Kad b\u016bt\u0173 i\u0161vengta perkrovos ir u\u017etikrintas saugus veikimas, hidraulin\u0117je sistemoje tur\u0117t\u0173 b\u016bti \u012frengtos saugos priemon\u0117s, tokios kaip sl\u0117gio ma\u017einimo vo\u017etuvai.<\/li>\n<li><strong>Prie\u017ei\u016bra:<\/strong> Konstrukcija tur\u0117t\u0173 u\u017etikrinti lengv\u0105 komponent\u0173 prie\u017ei\u016br\u0105 ir keitim\u0105, taip suma\u017einant prastovas atliekant reguliarias patikras ir remont\u0105.<\/li>\n<\/ul>\n<p><img decoding=\"async\" src=\"https:\/\/www.hydraulic-cylinders.net\/wp-content\/uploads\/2025\/01\/songte-cylinder-head-with-all-kinds-excavator-models.webp\"><\/p>\n<h2>Sandarinimas ir tepimas<\/h2>\n<p>Svirties cilindre naudojami \u012fvair\u016bs sandarinimo komponentai, tokie kaip st\u016bmoklio ir koto sandarikliai, siekiant u\u017etikrinti efektyv\u0173 sandarinim\u0105 ir i\u0161vengti hidraulinio skys\u010dio nuot\u0117kio. \u0160ie sandarikliai pagaminti i\u0161 atspari\u0173 dilimui med\u017eiag\u0173, toki\u0173 kaip poliuretanas ir nitrilo kau\u010diukas, kurios gali atlaikyti sud\u0117tingas eksploatavimo s\u0105lygas. Cilindro korpusas ir srieginiai galiniai pavir\u0161iai yra kruop\u0161\u010diai apdoroti, siekiant padidinti atsparum\u0105 dilimui. Norint suma\u017einti trint\u012f ir u\u017etikrinti skland\u0173 veikim\u0105, b\u016btina reguliariai tepti tinkamu hidraulin\u0117s alyvos kiekiu.<\/p>\n<h2>Reguliarios patikros ir prevencin\u0117s prie\u017ei\u016bros priemon\u0117s<\/h2>\n<ul>\n<li>Reguliariai tikrinkite svirties cilindr\u0105, ar n\u0117ra nuot\u0117ki\u0173, pa\u017eeidim\u0173 ar susid\u0117v\u0117jimo po\u017eymi\u0173.<\/li>\n<li>Patikrinkite ir pakeiskite susid\u0117v\u0117jusius arba pa\u017eeistus sandariklius, kad b\u016bt\u0173 u\u017etikrintas tinkamas sandarumas.<\/li>\n<li>Reguliariai valydami arba keisdami filtrus, u\u017etikrinkite, kad hidraulin\u0117 sistema neb\u016bt\u0173 u\u017eter\u0161ta.<\/li>\n<li>Priver\u017ekite atsilaisvinusias jungtis ir jungiam\u0105sias detales, kad i\u0161vengtum\u0117te hidraulinio skys\u010dio nuot\u0117kio.<\/li>\n<li>Steb\u0117ti ir palaikyti tinkam\u0105 hidraulinio skys\u010dio lyg\u012f ir kokyb\u0119.<\/li>\n<\/ul>\n<h2>Produkto diegimo vadovas<\/h2>\n<p>Nor\u0117dami tinkamai sumontuoti cilindro svirt\u012f, atlikite \u0161iuos veiksmus:<\/p>\n<ol>\n<li>\u012esitikinkite, kad hidraulin\u0117je sistemoje n\u0117ra sl\u0117gio, o mechanizmai yra saugiai paremti.<\/li>\n<li>Jei yra, nuimkite bet kok\u012f esam\u0105 svirties cilindr\u0105.<\/li>\n<li>Patikrinkite tvirtinimo pavir\u0161i\u0173, ar n\u0117ra pa\u017eeidim\u0173 ar \u0161iuk\u0161li\u0173.<\/li>\n<li>Ant cilindro koto ir sandarikli\u0173 u\u017etepkite plon\u0105 hidraulin\u0117s alyvos sluoksn\u012f.<\/li>\n<li>Sulygiuokite tvirtinimo skyles ir atsargiai \u012fstatykite cilindro stryp\u0105 \u012f numatyt\u0105 pad\u0117t\u012f.<\/li>\n<li>Tvirtai priver\u017ekite tvirtinimo var\u017etus arba kai\u0161\u010dius pagal rekomenduojamus sukimo momento reikalavimus.<\/li>\n<li>Dar kart\u0105 patikrinkite svirties cilindro lygiavim\u0105 ir veikim\u0105.<\/li>\n<\/ol>\n<p><img decoding=\"async\" src=\"https:\/\/www.hydraulic-cylinders.net\/wp-content\/uploads\/2025\/01\/songte-bushings-with-all-kinds-of-excavator-models.webp\"><\/p>\n<h2>Saugos aspektai ir aplinkos veiksniai<\/h2>\n<p>Naudojant svirtinius cilindrus, b\u016btina \u012fdiegti tinkamas saugos priemones, kad b\u016bt\u0173 i\u0161vengta nelaiming\u0173 atsitikim\u0173 ir u\u017etikrinta operatoriaus gerov\u0117. Saugos priemon\u0117s gali apimti tinkam\u0105 mokym\u0105, apsaugin\u0119 \u012frang\u0105 ir eksploatavimo gairi\u0173 bei reglament\u0173 laikym\u0105si. Be to, norint pasirinkti tinkamas med\u017eiagas ir dangas, kurios gali atlaikyti \u0161ias s\u0105lygas, reikia atsi\u017evelgti \u012f aplinkos veiksnius, tokius kaip temperat\u016bra, dr\u0117gm\u0117 ir s\u0105lytis su korozin\u0117mis med\u017eiagomis.<\/p>\n<h2>Gedim\u0173 diagnostika ir da\u017eniausios problemos<\/h2>\n<p>Da\u017eniausios problemos, kurios gali kilti naudojant svirtinius cilindrus, yra \u0161ios:<\/p>\n<ul>\n<li>Hidraulinio skys\u010dio nuot\u0117kis.<\/li>\n<li>Galios praradimas arba nepakankama j\u0117ga.<\/li>\n<li>Ne\u012fprastas triuk\u0161mas veikimo metu.<\/li>\n<li>Netolygus arba tr\u016bk\u010diojantis rankos judesys.<\/li>\n<\/ul>\n<p>Kiekvienai problemai spr\u0119sti apsvarstykite \u0161iuos trik\u010di\u0173 \u0161alinimo veiksmus:<\/p>\n<ul>\n<li>Patikrinkite ir pakeiskite susid\u0117v\u0117jusius arba pa\u017eeistus sandariklius.<\/li>\n<li>Patikrinkite, ar n\u0117ra hidraulinio skys\u010dio nuot\u0117ki\u0173, ir suremontuokite visus pa\u017eeistus komponentus.<\/li>\n<li>U\u017etikrinkite tinkam\u0105 hidraulinio skys\u010dio lyg\u012f ir kokyb\u0119.<\/li>\n<li>Patikrinkite ir i\u0161valykite filtrus ir skys\u010di\u0173 kanalus, kad i\u0161vengtum\u0117te u\u017esikim\u0161im\u0173.<\/li>\n<\/ul>\n<p><img decoding=\"async\" src=\"https:\/\/www.hydraulic-cylinders.net\/wp-content\/uploads\/2025\/01\/songte-chushion-collar.webp\"><\/p>\n<p>Vadovaudamiesi \u0161iais trik\u010di\u0173 \u0161alinimo veiksmais, skaitytojai gali efektyviai diagnozuoti ir i\u0161spr\u0119sti da\u017eniausiai pasitaikan\u010dias svirtini\u0173 cilindr\u0173 problemas. Prevencini\u0173 priemoni\u0173 \u012fgyvendinimas gali pad\u0117ti suma\u017einti galimas problemas.<\/p>\n<h2>Apie mus<\/h2>\n<p>Esame profesionalus pakaitini\u0173 hidraulini\u0173 cilindr\u0173 gamintojas, si\u016blantis plat\u0173 gamini\u0173 asortiment\u0105. Tapome vienu i\u0161 pirmaujan\u010di\u0173 hidraulini\u0173 cilindr\u0173 gamintoj\u0173 ir didmenini\u0173 platintoj\u0173 tiek vidaus, tiek tarptautin\u0117se rinkose. Laikydamiesi auk\u0161\u010diausios kokyb\u0117s principo, savo patobulintose gamybos dirbtuv\u0117se taikome industrializuoto gamybos valdymo strategijas, kad nuolat tobulintume savo technologines galimybes ir gamybos efektyvum\u0105. \u012ediegdami pa\u017eangi\u0105 skaitmenin\u0119 gamybos \u012frang\u0105 ir profesionalias bandym\u0173 sistemas, optimizuojame savo gamybos platform\u0105 ir tobuliname gamini\u0173 kokyb\u0119.<\/p>","protected":false},"excerpt":{"rendered":"<p>Arm Cylinder For Yuchai YC08-8 Arm Cylinder For Yuchai YC08-8 is a type of hydraulic cylinder specifically designed to provide linear motion and power to the arm of various machinery, such as excavators, cranes, and robotic arms. The arm cylinder plays a crucial role in hydraulic systems, allowing for the efficient movement and control of [&hellip;]<\/p>","protected":false},"featured_media":14772,"comment_status":"open","ping_status":"closed","template":"","meta":{"_et_pb_use_builder":"","_et_pb_old_content":"","_et_gb_content_width":""},"product_brand":[],"product_cat":[1497],"product_tag":[1498,1496],"class_list":{"0":"post-16782","1":"product","2":"type-product","3":"status-publish","4":"has-post-thumbnail","6":"product_cat-arm-cylinders","7":"product_tag-arm-cylinders","8":"product_tag-hydraulic-cylinders","10":"first","11":"instock","12":"shipping-taxable","13":"product-type-simple"},"amp_enabled":true,"_links":{"self":[{"href":"https:\/\/www.hydraulic-cylinders.net\/lt\/wp-json\/wp\/v2\/product\/16782","targetHints":{"allow":["GET"]}}],"collection":[{"href":"https:\/\/www.hydraulic-cylinders.net\/lt\/wp-json\/wp\/v2\/product"}],"about":[{"href":"https:\/\/www.hydraulic-cylinders.net\/lt\/wp-json\/wp\/v2\/types\/product"}],"replies":[{"embeddable":true,"href":"https:\/\/www.hydraulic-cylinders.net\/lt\/wp-json\/wp\/v2\/comments?post=16782"}],"wp:featuredmedia":[{"embeddable":true,"href":"https:\/\/www.hydraulic-cylinders.net\/lt\/wp-json\/wp\/v2\/media\/14772"}],"wp:attachment":[{"href":"https:\/\/www.hydraulic-cylinders.net\/lt\/wp-json\/wp\/v2\/media?parent=16782"}],"wp:term":[{"taxonomy":"product_brand","embeddable":true,"href":"https:\/\/www.hydraulic-cylinders.net\/lt\/wp-json\/wp\/v2\/product_brand?post=16782"},{"taxonomy":"product_cat","embeddable":true,"href":"https:\/\/www.hydraulic-cylinders.net\/lt\/wp-json\/wp\/v2\/product_cat?post=16782"},{"taxonomy":"product_tag","embeddable":true,"href":"https:\/\/www.hydraulic-cylinders.net\/lt\/wp-json\/wp\/v2\/product_tag?post=16782"}],"curies":[{"name":"wp","href":"https:\/\/api.w.org\/{rel}","templated":true}]}}