{"id":16792,"date":"2025-01-21T05:54:43","date_gmt":"2025-01-21T05:54:43","guid":{"rendered":"https:\/\/www.hydraulic-cylinders.net\/product\/arm-cylinder-for-yuchai-yc50-8\/"},"modified":"2025-01-21T05:54:44","modified_gmt":"2025-01-21T05:54:44","slug":"arm-cylinder-for-yuchai-yc50-8","status":"publish","type":"product","link":"https:\/\/www.hydraulic-cylinders.net\/lt\/produktas\/arm-cylinder-for-yuchai-yc50-8\/","title":{"rendered":"\u201eYuchai YC50-8\u201c rankenos cilindras"},"content":{"rendered":"<h2>\u012evadas<\/h2>\n<h3>\u201eYuchai YC50-8\u201c rankenos cilindras<\/h3>\n<p>Svirties cilindras yra specialiai suprojektuotas hidraulinis cilindras, daugiausia naudojamas \u012fvairi\u0173 tip\u0173 ma\u0161in\u0173, toki\u0173 kaip ekskavatoriai, kranai ir mechanin\u0117s svirtys, svir\u010diai tiesiniam judesiui ir galiai u\u017etikrinti. Svirties cilindras atlieka labai svarb\u0173 vaidmen\u012f hidraulin\u0117se sistemose, nes leid\u017eia efektyviai jud\u0117ti ir valdyti priedus ar priedus. \u0160ie cilindrai ne tik u\u017etikrina skland\u0173 jud\u0117jim\u0105, bet ir atlaiko dideles apkrovas, u\u017etikrindami efektyv\u0173 ma\u0161in\u0173 veikim\u0105 ir patikimum\u0105 \u012fvairiomis eksploatavimo s\u0105lygomis.<\/p>\n<p><img decoding=\"async\" src=\"https:\/\/www.hydraulic-cylinders.net\/wp-content\/uploads\/2025\/01\/songte-company-2.webp\" \/><\/p>\n<h2>Produkto savyb\u0117s<\/h2>\n<h3>Didelio efektyvumo transmisija<\/h3>\n<p>Svirties cilindras u\u017etikrina galing\u0105 tiesin\u012f judes\u012f ir j\u0117g\u0105, u\u017etikrindamas didel\u012f mechanin\u0117s svirties efektyvum\u0105 atliekant \u012fvairias operacijas.<\/p>\n<h3>Tikslus valdymas<\/h3>\n<p>Hidraulin\u0117s sistemos d\u0117ka rankos cilindras gali tiksliai valdyti judes\u012f, tod\u0117l pried\u0173 valdymas tampa lankstesnis ir tikslesnis.<\/p>\n<h3>Stiprus patvarumas<\/h3>\n<p>Svirties cilindras paprastai pagamintas i\u0161 didelio stiprumo med\u017eiag\u0173 ir pasi\u017eymi geru atsparumu dilimui ir korozijai, tod\u0117l tinka ilgalaikiam naudojimui at\u0161iauriomis s\u0105lygomis.<\/p>\n<h3>Daugiafunkcis prisitaikymas<\/h3>\n<p>\u0160ie cilindrai gali b\u016bti pla\u010diai naudojami \u012fvairiuose mechaniniuose \u012frenginiuose, tokiuose kaip ekskavatoriai, kranai ir mechanin\u0117s svirtys, kad b\u016bt\u0173 pritaikyti skirtingiems darbo reikalavimams.<\/p>\n<h3>Lengva prie\u017ei\u016bra<\/h3>\n<p>Projektuojant atsi\u017evelgiama \u012f prie\u017ei\u016bros ir keitimo paprastum\u0105, tod\u0117l reguliari ap\u017ei\u016bra ir prie\u017ei\u016bra yra patogesn\u0117, o \u012frangos prastovos laikas sutrump\u0117ja.<\/p>\n<p><img decoding=\"async\" src=\"https:\/\/www.hydraulic-cylinders.net\/wp-content\/uploads\/2025\/01\/songte-oil-pipes-and-spare-parts.webp\" \/><\/p>\n<h2>Parai\u0161kos<\/h2>\n<p>Svirtinis cilindras pla\u010diai naudojamas \u012fvairiose srityse, tokiose kaip:<\/p>\n<h3>Statybos in\u017einerija<\/h3>\n<p>Ekskavatoriuose ir kranuose svirties cilindras naudojamas kau\u0161o arba str\u0117l\u0117s jud\u0117jimui valdyti atliekant \u017eem\u0117s darbus, med\u017eiag\u0173 tvarkym\u0105 ir konstrukcij\u0173 montavim\u0105.<\/p>\n<h3>Gamyba<\/h3>\n<p>Automatizuotose gamybos linijose svirties cilindras naudojamas mechanin\u0117ms svirtims judinti, surinkti, suvirinti ir med\u017eiagoms tvarkyti, taip pagerinant gamybos efektyvum\u0105 ir tikslum\u0105.<\/p>\n<h3>\u017dem\u0117s \u016bkio technika<\/h3>\n<p>\u017dem\u0117s \u016bkio technikose, tokiose kaip derliaus nu\u0117mimo ir sodinimo ma\u0161inos, svirties cilindras valdo valdymo svirties judes\u012f, kad b\u016bt\u0173 galima atlikti tokias u\u017eduotis kaip sodinimas, tr\u0119\u0161imas ir derliaus nu\u0117mimas.<\/p>\n<h3>Kasyba<\/h3>\n<p>Kasybos \u012frangoje svirties cilindras naudojamas kasybos \u012frangos svirties jud\u0117jimui valdyti kasybos ir med\u017eiag\u0173 tvarkymo srityje.<\/p>\n<h3>Logistika ir transportas<\/h3>\n<p>\u0160akiniuose krautuvuose ir tvarkymo robotuose rankos cilindras naudojamas \u0161aki\u0173 k\u0117limui ir jud\u0117jimui valdyti, taip u\u017etikrinant med\u017eiag\u0173 tvarkym\u0105 ir krovim\u0105.<\/p>\n<p><img decoding=\"async\" src=\"https:\/\/www.hydraulic-cylinders.net\/wp-content\/uploads\/2025\/01\/songte-chushion-collar.webp\" \/><\/p>\n<h2>Projektavimo aspektai ir atrankos standartai<\/h2>\n<p>Projektuojant ir renkantis cilindro formos svirt\u012f, reikia atsi\u017evelgti \u012f \u0161iuos veiksnius:<\/p>\n<h3>Guoli\u0173 talpa<\/h3>\n<p>Svirties cilindras turi atlaikyti priedo apkrov\u0105 ir veikimo metu susidaran\u010di\u0105 j\u0117g\u0105.<\/p>\n<h3>Sandarinimas<\/h3>\n<p>Cilindras turi b\u016bti patikimai sandarinamas, kad b\u016bt\u0173 i\u0161vengta alyvos nutek\u0117jimo ir u\u017etikrintas normalus veikimas.<\/p>\n<h3>Patvarumas<\/h3>\n<p>Cilindras turi b\u016bti pagamintas i\u0161 didelio stiprumo med\u017eiag\u0173 ir tur\u0117ti ger\u0105 atsparum\u0105 dilimui ir korozijai, kad b\u016bt\u0173 u\u017etikrintas ilgalaikis naudojimas at\u0161iauriomis s\u0105lygomis.<\/p>\n<h3>Saugumas<\/h3>\n<p>Balionas turi tur\u0117ti saugos priemones, kad b\u016bt\u0173 i\u0161vengta nelaiming\u0173 atsitikim\u0173 eksploatacijos metu.<\/p>\n<h3>Prie\u017ei\u016bra<\/h3>\n<p>Cilindras turi b\u016bti suprojektuotas taip, kad j\u012f b\u016bt\u0173 lengva pri\u017ei\u016br\u0117ti ir pakeisti, taip suma\u017einant prastovas ir prie\u017ei\u016bros i\u0161laidas.<\/p>\n<p><img decoding=\"async\" src=\"https:\/\/www.hydraulic-cylinders.net\/wp-content\/uploads\/2025\/01\/songte-cylinder-head-with-all-kinds-excavator-models.webp\" \/><\/p>\n<h2>Sandarinimas ir tepimas<\/h2>\n<p>Svirtiniame cilindre naudojami \u012fvair\u016bs sandarinimo elementai, tokie kaip st\u016bmoklio ir koto sandarikliai, pagaminti i\u0161 atspari\u0173 dilimui med\u017eiag\u0173, toki\u0173 kaip poliuretanas ir nitrilo kau\u010diukas. Cilindro korpusas ir srieginis galinis pavir\u0161ius yra kruop\u0161\u010diai apdirbti, siekiant pagerinti atsparum\u0105 dilimui. Normaliam veikimui u\u017etikrinti taip pat b\u016btina reguliariai tepti hidrauline alyva.<\/p>\n<h2>Reguliarus patikrinimas ir prevencin\u0117 prie\u017ei\u016bra<\/h2>\n<p>Reguliarus svirties cilindr\u0173 patikrinimas ir profilaktin\u0117 prie\u017ei\u016bra gali pad\u0117ti laiku aptikti ir i\u0161spr\u0119sti problemas bei suma\u017einti prastovas. Galima imtis \u0161i\u0173 priemoni\u0173:<\/p>\n<h3>Reguliariai tikrinkite cilindro korpus\u0105 ir sandarinimo elementus, ar n\u0117ra susid\u0117v\u0117jimo ir pa\u017eeidim\u0173.<\/h3>\n<h3>Reguliarus sandarinimo element\u0173 keitimas.<\/h3>\n<h3>Reguliariai tikrinkite hidraulin\u0117s alyvos \u0161var\u0105 ir lyg\u012f.<\/h3>\n<h3>Reguliarus hidraulin\u0117s sistemos techninis aptarnavimas.<\/h3>\n<h3>Reguliarus saugos \u012ftais\u0173 patikrinimas.<\/h3>\n<p><img decoding=\"async\" src=\"https:\/\/www.hydraulic-cylinders.net\/wp-content\/uploads\/2025\/01\/songte-bushings-with-all-kinds-of-excavator-models.webp\" \/><\/p>\n<h2>Diegimo vadovas<\/h2>\n<p>Montuojant cilindro formos ranken\u0105, reikia atlikti \u0161iuos veiksmus:<\/p>\n<h3>\u012esitikinkite, kad cilindras ir priedas tinkamai suderinti.<\/h3>\n<h3>Sumontuokite cilindr\u0105 pagal montavimo br\u0117\u017ein\u012f ir priver\u017ekite var\u017etus pagal nurodyt\u0105 sukimo moment\u0105.<\/h3>\n<h3>Patikrinkite cilindro sandarum\u0105.<\/h3>\n<h3>Pripildykite hidraulin\u0117s alyvos.<\/h3>\n<h3>Patikrinkite cilindro veikim\u0105.<\/h3>\n<h2>Saugos aspektai ir aplinkos veiksniai<\/h2>\n<p>Naudojant svirtinius cilindrus, reikia imtis saugos priemoni\u0173, kad b\u016bt\u0173 i\u0161vengta nelaiming\u0173 atsitikim\u0173. Taip pat reik\u0117t\u0173 atsi\u017evelgti \u012f aplinkos veiksnius, tokius kaip temperat\u016bra ir dr\u0117gm\u0117, siekiant u\u017etikrinti normal\u0173 veikim\u0105.<\/p>\n<h2>Trik\u010di\u0173 \u0161alinimas ir da\u017eniausios problemos<\/h2>\n<p>Toliau pateikiamos kelios da\u017eniausios problemos, kurios gali kilti naudojant cilindrus su rankenomis:<\/p>\n<h3>Alyvos nuot\u0117kis<\/h3>\n<p>Sandarinimo elementai yra pa\u017eeisti arba cilindro korpusas yra susid\u0117v\u0117j\u0119s.<\/p>\n<h3>Nenormalus triuk\u0161mas<\/h3>\n<p>Cilindro korpusas arba st\u016bmoklio kotas yra susid\u0117v\u0117j\u0119s arba pa\u017eeistas.<\/p>\n<h3>L\u0117tas jud\u0117jimas<\/h3>\n<p>Hidraulin\u0117 alyva yra ne\u0161vari arba sistemos sl\u0117gis per \u017eemas.<\/p>\n<h3>Neveikiantis<\/h3>\n<p>Hidraulin\u0117je sistemoje yra gedimas arba pa\u017eeistas cilindras.<\/p>\n<p>\u0160ioms problemoms i\u0161spr\u0119sti galima imtis \u0161i\u0173 priemoni\u0173:<\/p>\n<h3>Pakeiskite pa\u017eeistus sandarinimo elementus arba cilindro korpus\u0105.<\/h3>\n<h3>Pakeiskite susid\u0117v\u0117jus\u012f cilindro korpus\u0105 arba st\u016bmoklio kot\u0105.<\/h3>\n<h3>Pakeiskite arba i\u0161valykite hidraulin\u0119 alyv\u0105.<\/h3>\n<h3>Suremontuokite arba pakeiskite hidraulin\u0119 sistem\u0105.<\/h3>\n<p><img decoding=\"async\" src=\"https:\/\/www.hydraulic-cylinders.net\/wp-content\/uploads\/2025\/01\/songte-company-4.webp\" \/><\/p>\n<h2>Apie mus<\/h2>\n<p>B\u016bdami profesional\u016bs pakaitini\u0173 hidraulini\u0173 cilindr\u0173 gamintojai, si\u016blome plat\u0173 gamini\u0173 asortiment\u0105 ir tapome vienais i\u0161 pirmaujan\u010di\u0173 hidraulini\u0173 cilindr\u0173 gamintoj\u0173 ir didmenini\u0173 platintoj\u0173 vidaus ir tarptautin\u0117se rinkose. Visada laikom\u0117s kokyb\u0117s puikumo principo, remdamiesi puiki\u0173 gamybos dirbtuvi\u0173 pramonin\u0117s gamybos valdymo strategija, kad nuolat gerintume savo technin\u012f lyg\u012f ir gamybos efektyvum\u0105. \u012ediegdami auk\u0161\u010diausios klas\u0117s skaitmenin\u0119 gamybos \u012frang\u0105 ir profesionalias bandym\u0173 sistemas, nuolat optimizuojame gamybos platform\u0105 ir tobuliname gamini\u0173 kokyb\u0117s kontrol\u0117s proces\u0105, pasi\u017eymime stipriomis inovacijomis. M\u016bs\u0173 tikslas \u2013 patenkinti \u012fvairius klient\u0173 poreikius, vadovaujantis didelio efektyvumo, tikslumo ir auk\u0161tos kokyb\u0117s principais.<\/p>\n<p>Mes teikiame profesionalias, tarptautiniu mastu sertifikuotas, pritaikytas paslaugas, naudodami pa\u017eangi\u0105 gamybos \u012frang\u0105 ir puik\u0173 aptarnavim\u0105 po pardavimo.<\/p>\n<p><img decoding=\"async\" src=\"https:\/\/www.hydraulic-cylinders.net\/wp-content\/uploads\/2025\/01\/songte-company-3.webp\" \/><\/p>\n<p>Autorius: lyl.<\/p>","protected":false},"excerpt":{"rendered":"<p>Introduction Arm Cylinder for Yuchai YC50-8 An arm cylinder is a specifically designed hydraulic cylinder that is mainly used to provide linear motion and power to the arm of various types of machinery, such as excavators, cranes, and mechanical arms. The arm cylinder plays a crucial role in hydraulic systems, allowing for the effective movement [&hellip;]<\/p>","protected":false},"featured_media":14772,"comment_status":"open","ping_status":"closed","template":"","meta":{"_et_pb_use_builder":"","_et_pb_old_content":"","_et_gb_content_width":""},"product_brand":[],"product_cat":[1497],"product_tag":[1498,1496],"class_list":{"0":"post-16792","1":"product","2":"type-product","3":"status-publish","4":"has-post-thumbnail","6":"product_cat-arm-cylinders","7":"product_tag-arm-cylinders","8":"product_tag-hydraulic-cylinders","10":"first","11":"instock","12":"shipping-taxable","13":"product-type-simple"},"amp_enabled":true,"_links":{"self":[{"href":"https:\/\/www.hydraulic-cylinders.net\/lt\/wp-json\/wp\/v2\/product\/16792","targetHints":{"allow":["GET"]}}],"collection":[{"href":"https:\/\/www.hydraulic-cylinders.net\/lt\/wp-json\/wp\/v2\/product"}],"about":[{"href":"https:\/\/www.hydraulic-cylinders.net\/lt\/wp-json\/wp\/v2\/types\/product"}],"replies":[{"embeddable":true,"href":"https:\/\/www.hydraulic-cylinders.net\/lt\/wp-json\/wp\/v2\/comments?post=16792"}],"wp:featuredmedia":[{"embeddable":true,"href":"https:\/\/www.hydraulic-cylinders.net\/lt\/wp-json\/wp\/v2\/media\/14772"}],"wp:attachment":[{"href":"https:\/\/www.hydraulic-cylinders.net\/lt\/wp-json\/wp\/v2\/media?parent=16792"}],"wp:term":[{"taxonomy":"product_brand","embeddable":true,"href":"https:\/\/www.hydraulic-cylinders.net\/lt\/wp-json\/wp\/v2\/product_brand?post=16792"},{"taxonomy":"product_cat","embeddable":true,"href":"https:\/\/www.hydraulic-cylinders.net\/lt\/wp-json\/wp\/v2\/product_cat?post=16792"},{"taxonomy":"product_tag","embeddable":true,"href":"https:\/\/www.hydraulic-cylinders.net\/lt\/wp-json\/wp\/v2\/product_tag?post=16792"}],"curies":[{"name":"wp","href":"https:\/\/api.w.org\/{rel}","templated":true}]}}