{"id":16794,"date":"2025-01-21T05:54:50","date_gmt":"2025-01-21T05:54:50","guid":{"rendered":"https:\/\/www.hydraulic-cylinders.net\/product\/arm-cylinder-for-yuchai-yc135-8\/"},"modified":"2025-01-21T05:54:52","modified_gmt":"2025-01-21T05:54:52","slug":"arm-cylinder-for-yuchai-yc135-8","status":"publish","type":"product","link":"https:\/\/www.hydraulic-cylinders.net\/lt\/produktas\/arm-cylinder-for-yuchai-yc135-8\/","title":{"rendered":"\u201eYuchai YC135-8\u201c rankenos cilindras"},"content":{"rendered":"<p>\u201eYuchai YC135-8\u201c rankenos cilindras<\/p>\n<p>Svirties cilindras yra specialiai suprojektuotas hidraulinis cilindras, kuris pirmiausia naudojamas linijiniam judesiui ir galiai u\u017etikrinti \u012fvairi\u0173 ma\u0161in\u0173, toki\u0173 kaip ekskavatoriai, kranai ir mechanin\u0117s svirtys, svirtims. Svirties cilindras atlieka labai svarb\u0173 vaidmen\u012f hidraulin\u0117se sistemose, nes leid\u017eia judinti ir valdyti pritvirtintus \u012frankius ar priedus. \u0160ie cilindrai ne tik u\u017etikrina skland\u0173 jud\u0117jim\u0105, bet ir atlaiko dideles apkrovas, u\u017etikrindami efektyv\u0173 ma\u0161inos veikim\u0105 ir patikimum\u0105 \u012fvairiomis eksploatavimo s\u0105lygomis.<\/p>\n<p>Rankenos cilindro savyb\u0117s<\/p>\n<p>1. Didelio efektyvumo pavara: Svirties cilindras gali u\u017etikrinti galing\u0105 tiesin\u012f judes\u012f ir j\u0117g\u0105, u\u017etikrindamas didel\u012f mechanin\u0117s svirties efektyvum\u0105 atliekant \u012fvairias operacijas.<\/p>\n<p>2. Tikslus valdymas: Hidraulin\u0117s sistemos d\u0117ka rankos cilindras gali tiksliai valdyti judes\u012f, tod\u0117l pritvirtint\u0173 \u012franki\u0173 veikimas tampa lankstesnis ir tikslesnis.<\/p>\n<p>3. Didelis patvarumas: Svirties cilindras paprastai pagamintas i\u0161 didelio stiprumo med\u017eiagos, pasi\u017eymin\u010dios geru atsparumu dilimui ir korozijai, tinkamos ilgalaikiam naudojimui at\u0161iauriomis s\u0105lygomis.<\/p>\n<p>4. Universalumas: \u0160ie cilindrai gali b\u016bti pla\u010diai naudojami \u012fvairiems mechaniniams \u012frenginiams, pavyzd\u017eiui, ekskavatoriams, kranams ir mechaniniams svirtims, prisitaikant prie skirting\u0173 darbo reikalavim\u0173.<\/p>\n<p>5. Lengva prie\u017ei\u016bra: sukurta atsi\u017evelgiant \u012f lengv\u0105 prie\u017ei\u016br\u0105 ir keitim\u0105, reguliari ap\u017ei\u016bra ir prie\u017ei\u016bra tampa patogesni, tod\u0117l suma\u017e\u0117ja \u012frangos prastova.<\/p>\n<p>M\u016bs\u0173 produkcija<\/p>\n<p>M\u016bs\u0173 gaminys \u201eYuchai YC135-8\u201c hidraulinis cilindras gali puikiai pakeisti \u0161iuos hidraulinius cilindrus. Gamyboje naudojame auk\u0161tos kokyb\u0117s med\u017eiagas ir pa\u017eangias technologijas, kad u\u017etikrintume gaminio kokyb\u0119 ir patikimum\u0105. M\u016bs\u0173 gaminiai yra sukurti taip, kad juos b\u016bt\u0173 lengva montuoti ir pri\u017ei\u016br\u0117ti, o tai gali suma\u017einti eksploatavimo i\u0161laidas ir padidinti veiklos efektyvum\u0105.<\/p>\n<p>Rankinio cilindro naudojimas<\/p>\n<p>Rankinis cilindras pla\u010diai naudojamas \u012fvairiose pramon\u0117s \u0161akose ir \u012frangoje, \u012fskaitant:<\/p>\n<p>1. Konstrukcija: Svirties cilindras naudojamas ekskavatori\u0173 ir kran\u0173 kau\u0161\u0173 arba str\u0117li\u0173 jud\u0117jimui valdyti, atliekant \u017eem\u0117s darbus, med\u017eiag\u0173 tvarkym\u0105 ir konstrukcij\u0173 montavim\u0105.<\/p>\n<p>2. Gamyba: Svirties cilindras naudojamas mechaninei svir\u010diai judinti automatizuotose gamybos linijose, tokiose kaip surinkimas, suvirinimas ir tvarkymas, taip pagerinant gamybos efektyvum\u0105 ir tikslum\u0105.<\/p>\n<p>3. \u017dem\u0117s \u016bkio technika: Svirties cilindras valdo \u017eem\u0117s \u016bkio technikos, tokios kaip derliaus nu\u0117mimo ir s\u0117jamosios, valdymo svirties jud\u0117jim\u0105, atlikdamas tokias u\u017eduotis kaip s\u0117ja, tr\u0119\u0161imas ir derliaus nu\u0117mimas.<\/p>\n<p>4. Mining: Arm cylinder is used to control the movement of mining equipment&#8217;s arms, performing mining and transportation of minerals.<\/p>\n<p>5. Logistika ir transportavimas: Svirties cilindras naudojamas \u0161aki\u0173 k\u0117limui ir jud\u0117jimui valdyti \u0161akiniuose krautuvuose ir robotuose, atliekant med\u017eiag\u0173 tvarkym\u0105 ir krovim\u0105.<\/p>\n<p>Projektavimo aspektai ir atrankos kriterijai<\/p>\n<p>The arm cylinder&#8217;s design must take into account the following factors:<\/p>\n<p>1. Keliamoji galia: Svirties cilindras turi atlaikyti maksimali\u0105 apkrov\u0105, o tai labai svarbu sunkiosiose ma\u0161inose.<\/p>\n<p>2. Sandarinimas: Cilindro svirties sandarinimo komponentai, tokie kaip st\u016bmoklio ir koto sandarikliai, pagaminti i\u0161 atspari\u0173 dilimui med\u017eiag\u0173, toki\u0173 kaip poliuretanas arba nitrilo kau\u010diukas, tur\u0117t\u0173 b\u016bti kruop\u0161\u010diai apdorojami. Cilindro korpusas ir sriegio pavir\u0161ius turi b\u016bti kruop\u0161\u010diai apdorojami, kad padid\u0117t\u0173 atsparumas dilimui.<\/p>\n<p>3. Patvarumas: Svirties cilindras turi b\u016bti pagamintas i\u0161 auk\u0161tos kokyb\u0117s med\u017eiag\u0173, pasi\u017eymin\u010di\u0173 geru atsparumu korozijai, dilimui ir puikiu atsparumu nuovargiui.<\/p>\n<p>4. Sauga: Svirties cilindras turi atitikti saugos standartus, tod\u0117l reikia imtis saugos priemoni\u0173, toki\u0173 kaip apsauga nuo perkrovos ir sl\u0117gio ma\u017einimas.<\/p>\n<p>5. Prie\u017ei\u016bra: Svirties cilindr\u0105 tur\u0117t\u0173 b\u016bti lengva pri\u017ei\u016br\u0117ti, o atsargin\u0117s ir remonto dalys tur\u0117t\u0173 b\u016bti lengvai prieinamos.<\/p>\n<p>Svirties cilindro sandarinimas ir tepimas<\/p>\n<p>Svirtin\u012f cilindr\u0105 reikia tinkamai u\u017esandarinti ir sutepti, kad b\u016bt\u0173 pailgintas jo tarnavimo laikas. Reik\u0117t\u0173 naudoti \u012fvairius sandarinimo komponentus, tokius kaip st\u016bmokli\u0173 ir kot\u0173 sandarikliai, pagamintus i\u0161 atspari\u0173 dilimui med\u017eiag\u0173, toki\u0173 kaip poliuretanas arba nitrilo kau\u010diukas. Cilindro korpusas ir sriegio pavir\u0161ius turi b\u016bti kruop\u0161\u010diai apdirbti, kad padid\u0117t\u0173 atsparumas dilimui. Cilindrui reikia naudoti tinkam\u0105 hidraulin\u0119 alyv\u0105, kad b\u016bt\u0173 u\u017etikrintas tinkamas sutepimas.<\/p>\n<p>Profilaktin\u0117 prie\u017ei\u016bra ir trik\u010di\u0173 \u0161alinimas<\/p>\n<p>Norint u\u017etikrinti tinkam\u0105 svirties cilindro veikim\u0105, b\u016btini periodiniai patikrinimai ir profilaktin\u0117 prie\u017ei\u016bra. Reik\u0117t\u0173 imtis \u0161i\u0173 prevencini\u0173 priemoni\u0173:<\/p>\n<p>1. Reguliariai tikrinkite cilindr\u0105, ar n\u0117ra nuot\u0117ki\u0173, pa\u017eeidim\u0173 ar susid\u0117v\u0117jimo.<\/p>\n<p>2. Reguliariai tikrinkite hidraulin\u0117s alyvos lyg\u012f ir periodi\u0161kai keiskite alyv\u0105.<\/p>\n<p>3. I\u0161valykite cilindr\u0105 ir sutepkite j\u012f tinkamais tepalais.<\/p>\n<p>4. Nedelsdami pakeiskite sugedusias arba susid\u0117v\u0117jusias dalis.<\/p>\n<p>Kilus bet kokiam gedimui ar problemai, galima imtis \u0161i\u0173 trik\u010di\u0173 \u0161alinimo veiksm\u0173:<\/p>\n<p>1. Patikrinkite, ar cilindras neprateka ir ar n\u0117ra pa\u017eeidim\u0173.<\/p>\n<p>2. Patikrinkite hidraulin\u0117s alyvos lyg\u012f ir kokyb\u0119.<\/p>\n<p>3. Patikrinkite sistemos sl\u0117g\u012f ir sraut\u0105.<\/p>\n<p>4. Patikrinkite, ar valdymo vo\u017etuvas ir kitos dalys n\u0117ra pa\u017eeistos.<\/p>\n<p>5. Kreipkit\u0117s pagalbos \u012f gamintoj\u0105 arba profesional\u0173 specialist\u0105.<\/p>\n<p>Diegimo vadovas<\/p>\n<p>Nor\u0117dami sumontuoti \u201eYuchai YC135-8\u201c svirties cilindr\u0105, atlikite toliau nurodytus veiksmus:<\/p>\n<p>1. Nuvalykite svirties ir cilindro tvirtinimo pavir\u0161ius.<\/p>\n<p>2. Sulygiuokite cilindr\u0105 su svirties tvirtinimo pavir\u0161iumi ir \u012fki\u0161kite tvirtinimo kai\u0161\u010dius.<\/p>\n<p>3. Tvirtai priver\u017ekite tvirtinimo var\u017etus ir ver\u017eles.<\/p>\n<p>4. Connect the hydraulic hoses and fittings according to the manufacturer&#8217;s instructions.<\/p>\n<p>5. Patikrinkite cilindro veikim\u0105 ir i\u0161bandykite j\u012f esant apkrovai.<\/p>\n<p>Saugos aspektai ir aplinkos veiksniai<\/p>\n<p>Svirties cilindras turi atitikti saugos standartus, tod\u0117l reikia imtis saugos priemoni\u0173, toki\u0173 kaip apsauga nuo perkrovos ir sl\u0117gio suma\u017einimas. Cilindras turi b\u016bti naudojamas tinkamomis aplinkos s\u0105lygomis, o panaudota hidraulin\u0117 alyva turi b\u016bti tinkamai utilizuota, laikantis aplinkosaugos taisykli\u0173.<\/p>\n<p>M\u016bs\u0173 \u012fmon\u0117<\/p>\n<p>We are a professional manufacturer of replacement hydraulic cylinders, offering a wide range of products and services. Our products are manufactured with high-quality materials and advanced technology to ensure reliability and durability. We strive to meet our customers&#8217; diverse needs and provide excellent customer service. Our company is certified by international organizations, and we offer customized solutions and technical support to our customers. We use advanced production equipment and inspection systems to ensure product quality and innovation.<\/p>\n<p>Autorius: lyl<\/p>","protected":false},"excerpt":{"rendered":"<p>Arm Cylinder For Yuchai YC135-8 Arm cylinder is a specially designed hydraulic cylinder that is primarily used to provide linear motion and power to the arms of various machinery, such as excavators, cranes, and mechanical arms. The arm cylinder plays a crucial role in hydraulic systems, enabling the movement and control of attached tools or [&hellip;]<\/p>","protected":false},"featured_media":14766,"comment_status":"open","ping_status":"closed","template":"","meta":{"_et_pb_use_builder":"","_et_pb_old_content":"","_et_gb_content_width":""},"product_brand":[],"product_cat":[1497],"product_tag":[1498,1496],"class_list":{"0":"post-16794","1":"product","2":"type-product","3":"status-publish","4":"has-post-thumbnail","6":"product_cat-arm-cylinders","7":"product_tag-arm-cylinders","8":"product_tag-hydraulic-cylinders","10":"first","11":"instock","12":"shipping-taxable","13":"product-type-simple"},"amp_enabled":true,"_links":{"self":[{"href":"https:\/\/www.hydraulic-cylinders.net\/lt\/wp-json\/wp\/v2\/product\/16794","targetHints":{"allow":["GET"]}}],"collection":[{"href":"https:\/\/www.hydraulic-cylinders.net\/lt\/wp-json\/wp\/v2\/product"}],"about":[{"href":"https:\/\/www.hydraulic-cylinders.net\/lt\/wp-json\/wp\/v2\/types\/product"}],"replies":[{"embeddable":true,"href":"https:\/\/www.hydraulic-cylinders.net\/lt\/wp-json\/wp\/v2\/comments?post=16794"}],"wp:featuredmedia":[{"embeddable":true,"href":"https:\/\/www.hydraulic-cylinders.net\/lt\/wp-json\/wp\/v2\/media\/14766"}],"wp:attachment":[{"href":"https:\/\/www.hydraulic-cylinders.net\/lt\/wp-json\/wp\/v2\/media?parent=16794"}],"wp:term":[{"taxonomy":"product_brand","embeddable":true,"href":"https:\/\/www.hydraulic-cylinders.net\/lt\/wp-json\/wp\/v2\/product_brand?post=16794"},{"taxonomy":"product_cat","embeddable":true,"href":"https:\/\/www.hydraulic-cylinders.net\/lt\/wp-json\/wp\/v2\/product_cat?post=16794"},{"taxonomy":"product_tag","embeddable":true,"href":"https:\/\/www.hydraulic-cylinders.net\/lt\/wp-json\/wp\/v2\/product_tag?post=16794"}],"curies":[{"name":"wp","href":"https:\/\/api.w.org\/{rel}","templated":true}]}}