{"id":16795,"date":"2025-01-21T05:54:54","date_gmt":"2025-01-21T05:54:54","guid":{"rendered":"https:\/\/www.hydraulic-cylinders.net\/product\/arm-cylinder-for-yuchai-yc230lc-8\/"},"modified":"2025-01-21T05:54:56","modified_gmt":"2025-01-21T05:54:56","slug":"arm-cylinder-for-yuchai-yc230lc-8","status":"publish","type":"product","link":"https:\/\/www.hydraulic-cylinders.net\/lt\/produktas\/arm-cylinder-for-yuchai-yc230lc-8\/","title":{"rendered":"\u201eYuchai YC230LC-8\u201c rankenos cilindras"},"content":{"rendered":"<h2>\u201eYuchai YC230LC-8\u201c rankenos cilindras<\/h2>\n<h3>\u012evadas<\/h3>\n<p>Svirties cilindras yra specialiai suprojektuotas hidraulinis cilindras, daugiausia naudojamas linijiniam jud\u0117jimui ir galiai u\u017etikrinti \u012fvairi\u0173 tip\u0173 ma\u0161in\u0173, toki\u0173 kaip ekskavatoriai, kranai ir mechanin\u0117s svirtys, svir\u010diai. Svirties cilindras atlieka labai svarb\u0173 vaidmen\u012f hidraulin\u0117se sistemose, nes leid\u017eia priedams ar priedams jud\u0117ti ir b\u016bti efektyviai valdomiems. \u0160ie cilindrai ne tik u\u017etikrina skland\u0173 jud\u0117jim\u0105, bet ir atlaiko dideles apkrovas, u\u017etikrindami efektyv\u0173 ma\u0161inos veikim\u0105 ir patikimum\u0105 \u012fvairiomis eksploatavimo s\u0105lygomis.<\/p>\n<p><img decoding=\"async\" src=\"https:\/\/www.hydraulic-cylinders.net\/wp-content\/uploads\/2025\/01\/songte-company-2.webp\"><\/p>\n<h3>Savyb\u0117s<\/h3>\n<ul>\n<li>Didelio efektyvumo transmisija \u2013 u\u017etikrina galing\u0105 tiesin\u012f judes\u012f ir j\u0117g\u0105, u\u017etikrindama auk\u0161t\u0105 mechanini\u0173 svir\u010di\u0173 na\u0161um\u0105 atliekant \u012fvairias operacijas.<\/li>\n<li>Tikslus valdymas \u2013 Hidraulini\u0173 sistem\u0173 d\u0117ka svirties cilindras u\u017etikrina tiksl\u0173 judesio valdym\u0105, tod\u0117l pried\u0173 valdymas tampa lankstesnis ir tikslesnis.<\/li>\n<li>Didelis patvarumas \u2013 Svirtiniai cilindrai paprastai gaminami i\u0161 didelio stiprumo med\u017eiag\u0173, pasi\u017eymin\u010di\u0173 geru atsparumu dilimui ir korozijai, tod\u0117l tinkami ilgalaikiam naudojimui at\u0161iauriomis s\u0105lygomis.<\/li>\n<li>Daugiafunkcis pritaikomumas \u2013 \u0161ie cilindrai gali b\u016bti pla\u010diai naudojami \u012fvairiuose mechaniniuose \u012frenginiuose, tokiuose kaip ekskavatoriai, kranai ir mechanin\u0117s svirtys, siekiant patenkinti skirtingus darbo poreikius.<\/li>\n<li>Lengva prie\u017ei\u016bra \u2013 sukurta lengvam techniniam aptarnavimui ir pakeitimui, tod\u0117l reguliari ap\u017ei\u016bra ir prie\u017ei\u016bra yra patogesn\u0117, o \u012frangos prastovos laikas sutrump\u0117ja.<\/li>\n<\/ul>\n<p>M\u016bs\u0173 gaminys gali puikiai pakeisti \u0161iuos hidraulinius cilindrus.<\/p>\n<p><img decoding=\"async\" src=\"https:\/\/www.hydraulic-cylinders.net\/wp-content\/uploads\/2025\/01\/songte-oil-pipes-and-spare-parts.webp\"><\/p>\n<h3>Parai\u0161kos<\/h3>\n<ul>\n<li>Statyba \u2013 Svirtiniai cilindrai naudojami ekskavatori\u0173 ir kran\u0173 kau\u0161\u0173 arba str\u0117li\u0173 jud\u0117jimui valdyti, atliekant \u017eem\u0117s darbus, med\u017eiag\u0173 tvarkym\u0105 ir konstrukcij\u0173 montavim\u0105.<\/li>\n<li>Gamyba \u2013 automatizuotose gamybos linijose ranken\u0173 cilindrai naudojami mechanini\u0173 ranken\u0173 jud\u0117jimui surinkimo, suvirinimo ir tvarkymo procesuose, taip pagerinant gamybos efektyvum\u0105 ir tikslum\u0105.<\/li>\n<li>\u017dem\u0117s \u016bkio technika \u2013 \u017dem\u0117s \u016bkio technikoje, pavyzd\u017eiui, derliaus nu\u0117mimo ir s\u0117jamosiose, svir\u010di\u0173 cilindrai valdo valdymo svir\u010di\u0173 jud\u0117jim\u0105, kad b\u016bt\u0173 galima atlikti tokias u\u017eduotis kaip s\u0117ja, tr\u0119\u0161imas ir derliaus nu\u0117mimas.<\/li>\n<li>Kasyba \u2013 Kasybos \u012frangoje svirties cilindrai naudojami r\u016bdos gavybos ir transportavimo \u012frangos svirties jud\u0117jimui valdyti.<\/li>\n<li>Logistika ir transportavimas \u2013 \u0160akiniuose krautuvuose ir tvarkymo robotuose ranken\u0173 cilindrai naudojami \u0161aki\u0173 k\u0117limui ir jud\u0117jimui valdyti, taip u\u017etikrinant med\u017eiag\u0173 tvarkym\u0105 ir krovim\u0105.<\/li>\n<\/ul>\n<h3>Projektavimo aspektai ir atrankos kriterijai<\/h3>\n<ul>\n<li>Keliamoji galia \u2013 cilindras turi atlaikyti keliamo ir perkeliamo objekto svor\u012f.<\/li>\n<li>Sandarinimas \u2013 Cilindras turi b\u016bti sandarus, kad b\u016bt\u0173 i\u0161vengta alyvos nutek\u0117jimo ir u\u017etikrintas efektyvus veikimas.<\/li>\n<li>Patvarumas \u2013 Cilindras turi b\u016bti pagamintas i\u0161 didelio stiprumo med\u017eiag\u0173, pasi\u017eymin\u010di\u0173 geru atsparumu dilimui ir korozijai, kad atlaikyt\u0173 at\u0161iaurias eksploatavimo s\u0105lygas ir u\u017etikrint\u0173 ilgalaik\u012f naudojim\u0105.<\/li>\n<li>Sauga \u2013 balionas turi b\u016bti suprojektuotas su saugos funkcijomis, tokiomis kaip sl\u0117gio ma\u017einimo vo\u017etuvai, kad b\u016bt\u0173 i\u0161vengta nelaiming\u0173 atsitikim\u0173.<\/li>\n<li>Prie\u017ei\u016bra \u2013 cilindras tur\u0117t\u0173 b\u016bti lengvai pri\u017ei\u016brimas ir remontuojamas, su kei\u010diamomis dalimis ir paprasto surinkimo konstrukcija.<\/li>\n<\/ul>\n<p><img decoding=\"async\" src=\"https:\/\/www.hydraulic-cylinders.net\/wp-content\/uploads\/2025\/01\/songte-cylinder-head-with-all-kinds-excavator-models.webp\"><\/p>\n<h3>Sandarinimas ir tepimas<\/h3>\n<p>Svirtiniame cilindre naudojami \u012fvair\u016bs sandarinimo komponentai, tokie kaip st\u016bmoklio ir koto sandarikliai, pagaminti i\u0161 atspari\u0173 dilimui med\u017eiag\u0173, toki\u0173 kaip poliuretanas ir nitrilo kau\u010diukas, siekiant u\u017etikrinti ger\u0105 sandarum\u0105. Cilindro korpusas ir srieginis galinis pavir\u0161ius yra kruop\u0161\u010diai apdirbti, siekiant pagerinti atsparum\u0105 dilimui. Reguliariai pri\u017ei\u016brint cilindr\u0105, reikia \u012fpilti tinkam\u0105 kiek\u012f hidraulin\u0117s alyvos cilindrui sutepti.<\/p>\n<h3>Profilaktin\u0117 prie\u017ei\u016bra<\/h3>\n<ul>\n<li>Reguliariai tikrinkite sandariklius, st\u016bmoklinius kotus ir cilindr\u0173 korpusus, kad nustatytum\u0117te susid\u0117v\u0117jim\u0105 ir pa\u017eeidimus.<\/li>\n<li>Reguliariai keiskite sandariklius ir kitas pa\u017eeistas dalis, kad b\u016bt\u0173 i\u0161vengta alyvos nuot\u0117kio ir u\u017etikrintas efektyvus veikimas.<\/li>\n<li>Reguliarus cilindro valymas, r\u016bd\u017ei\u0173 ir \u0161iuk\u0161li\u0173 pa\u0161alinimas bei antikorozin\u0117s alyvos naudojimas, siekiant i\u0161vengti r\u016bd\u017ei\u0173 ir korozijos.<\/li>\n<li>Reguliariai tepkite cilindr\u0105 tinkamu hidraulin\u0117s alyvos kiekiu.<\/li>\n<\/ul>\n<p><img decoding=\"async\" src=\"https:\/\/www.hydraulic-cylinders.net\/wp-content\/uploads\/2025\/01\/songte-chushion-collar.webp\"><\/p>\n<h3>Diegimo vadovas<\/h3>\n<ul>\n<li>Ap\u017ei\u016br\u0117kite cilindr\u0105, ar n\u0117ra koki\u0173 nors pa\u017eeidim\u0173 transportavimo ar sand\u0117liavimo metu.<\/li>\n<li>\u012esitikinkite, kad montavimo pavir\u0161ius yra \u0161varus ir lygus.<\/li>\n<li>Ver\u017eiant var\u017etus, nenaudokite per didel\u0117s j\u0117gos, kad nepa\u017eeistum\u0117te cilindro.<\/li>\n<li>\u012esitikinkite, kad cilindras sumontuotas vertikaliai, o ne pasvir\u0119s.<\/li>\n<li>Prijunkite hidraulinius vamzd\u017eius pagal instrukcijas.<\/li>\n<li>Prie\u0161 naudojim\u0105 patikrinkite cilindr\u0105, kad \u012fsitikintum\u0117te, jog jis veikia tinkamai.<\/li>\n<\/ul>\n<h3>Saugos aspektai ir aplinkos veiksniai<\/h3>\n<p>Saugumas yra labai svarbus naudojant hidraulin\u0119 \u012frang\u0105. Siekiant i\u0161vengti nelaiming\u0173 atsitikim\u0173, reikia laikytis tinkam\u0173 mokym\u0173 ir saugos proced\u016br\u0173. Be to, aplinkos veiksniai, tokie kaip temperat\u016bra, dr\u0117gm\u0117 ir dulk\u0117s, gali tur\u0117ti \u012ftakos cilindro veikimui ir tarnavimo laikui. Tinkama prie\u017ei\u016bra ir valymas gali pad\u0117ti prailginti cilindro tarnavimo laik\u0105 ir u\u017etikrinti saug\u0173 eksploatavim\u0105.<\/p>\n<h3>Trik\u010di\u0173 \u0161alinimas ir da\u017eniausios problemos<\/h3>\n<p>Da\u017enos svirtini\u0173 cilindr\u0173 problemos yra alyvos nuot\u0117kis, nestabilus veikimas ir suma\u017e\u0117jusi keliamoji galia. \u0160ias problemas gali sukelti susid\u0117v\u0117j\u0119 sandarikliai, pa\u017eeisti st\u016bmokliniai kotai arba cilindro nesutapimas. Norint diagnozuoti ir i\u0161spr\u0119sti \u0161ias problemas, b\u016btina ap\u017ei\u016br\u0117ti ir pakeisti pa\u017eeistas dalis bei \u012fsitikinti, kad cilindras yra tinkamai sumontuotas. Reguliarus techninis aptarnavimas ir ap\u017ei\u016bra gali pad\u0117ti i\u0161vengti \u0161i\u0173 problem\u0173.<\/p>\n<p><img decoding=\"async\" src=\"https:\/\/www.hydraulic-cylinders.net\/wp-content\/uploads\/2025\/01\/songte-bushings-with-all-kinds-of-excavator-models.webp\"><\/p>\n<h3>Apie mus<\/h3>\n<p>Esame profesionalus pakaitini\u0173 hidraulini\u0173 cilindr\u0173 gamintojas, turintis plat\u0173 gamini\u0173 asortiment\u0105, ir vienas i\u0161 pirmaujan\u010di\u0173 hidraulini\u0173 cilindr\u0173 gamintoj\u0173 bei didmenini\u0173 platintoj\u0173 vidaus ir tarptautin\u0117se rinkose. Visada laikom\u0117s puikios kokyb\u0117s principo, remdamiesi industrializuota gamybos valdymo strategija, sukurta sud\u0117tingame gamybos ceche, nuolat tobulindami technin\u012f lyg\u012f ir gamybos efektyvum\u0105. Diegdami pa\u017eangi\u0105 skaitmenin\u0119 gamybos \u012frang\u0105 ir profesionalias testavimo sistemas, nuolat optimizuojame gamybos platform\u0105, tobuliname gamini\u0173 kokyb\u0117s kontrol\u0117s proces\u0105 ir pasi\u017eymime stipriomis inovacijomis. M\u016bs\u0173 tikslas \u2013 patenkinti \u012fvairius klient\u0173 poreikius, u\u017etikrinant auk\u0161t\u0105 efektyvum\u0105, tikslum\u0105 ir kokyb\u0119.<\/p>\n<h3>M\u016bs\u0173 patirtis<\/h3>\n<ul>\n<li>Tarptautiniai sertifikatai, tokie kaip ISO ir CE, garantuoja kokyb\u0119 ir saug\u0105.<\/li>\n<li>Pritaikymo paslaugos, pritaikytos konkretiems klient\u0173 poreikiams ir reikalavimams.<\/li>\n<li>Pa\u017eangi gamybos \u012franga ir bandym\u0173 sistemos, u\u017etikrinan\u010dios auk\u0161tos kokyb\u0117s produkt\u0173 gamyb\u0105.<\/li>\n<li>Profesionalus aptarnavimas po pardavimo ir technin\u0117 pagalba siekiant u\u017etikrinti klient\u0173 pasitenkinim\u0105.<\/li>\n<\/ul>\n<p><img decoding=\"async\" src=\"https:\/\/www.hydraulic-cylinders.net\/wp-content\/uploads\/2025\/01\/songte-company-4.webp\"><\/p>\n<p>Esame \u012fsipareigoj\u0119 teikti auk\u0161tos kokyb\u0117s produktus ir paslaugas savo klientams bei tapti patikimu partneriu hidraulini\u0173 cilindr\u0173 pramon\u0117je.<\/p>\n<p>Autorius: lyl<\/p>","protected":false},"excerpt":{"rendered":"<p>Arm Cylinder For Yuchai YC230LC-8 Introduction An arm cylinder is a specially designed hydraulic cylinder used primarily to provide linear motion and power for the arm of various types of machinery, such as excavators, cranes, and mechanical arms. The arm cylinder plays a critical role in hydraulic systems, allowing attachments or accessories to move and [&hellip;]<\/p>","protected":false},"featured_media":14763,"comment_status":"open","ping_status":"closed","template":"","meta":{"_et_pb_use_builder":"","_et_pb_old_content":"","_et_gb_content_width":""},"product_brand":[],"product_cat":[1497],"product_tag":[1498,1496],"class_list":{"0":"post-16795","1":"product","2":"type-product","3":"status-publish","4":"has-post-thumbnail","6":"product_cat-arm-cylinders","7":"product_tag-arm-cylinders","8":"product_tag-hydraulic-cylinders","10":"first","11":"instock","12":"shipping-taxable","13":"product-type-simple"},"amp_enabled":true,"_links":{"self":[{"href":"https:\/\/www.hydraulic-cylinders.net\/lt\/wp-json\/wp\/v2\/product\/16795","targetHints":{"allow":["GET"]}}],"collection":[{"href":"https:\/\/www.hydraulic-cylinders.net\/lt\/wp-json\/wp\/v2\/product"}],"about":[{"href":"https:\/\/www.hydraulic-cylinders.net\/lt\/wp-json\/wp\/v2\/types\/product"}],"replies":[{"embeddable":true,"href":"https:\/\/www.hydraulic-cylinders.net\/lt\/wp-json\/wp\/v2\/comments?post=16795"}],"wp:featuredmedia":[{"embeddable":true,"href":"https:\/\/www.hydraulic-cylinders.net\/lt\/wp-json\/wp\/v2\/media\/14763"}],"wp:attachment":[{"href":"https:\/\/www.hydraulic-cylinders.net\/lt\/wp-json\/wp\/v2\/media?parent=16795"}],"wp:term":[{"taxonomy":"product_brand","embeddable":true,"href":"https:\/\/www.hydraulic-cylinders.net\/lt\/wp-json\/wp\/v2\/product_brand?post=16795"},{"taxonomy":"product_cat","embeddable":true,"href":"https:\/\/www.hydraulic-cylinders.net\/lt\/wp-json\/wp\/v2\/product_cat?post=16795"},{"taxonomy":"product_tag","embeddable":true,"href":"https:\/\/www.hydraulic-cylinders.net\/lt\/wp-json\/wp\/v2\/product_tag?post=16795"}],"curies":[{"name":"wp","href":"https:\/\/api.w.org\/{rel}","templated":true}]}}