{"id":16796,"date":"2025-01-21T05:54:58","date_gmt":"2025-01-21T05:54:58","guid":{"rendered":"https:\/\/www.hydraulic-cylinders.net\/product\/arm-cylinder-for-yuchai-yc240lc-8\/"},"modified":"2025-01-21T05:55:00","modified_gmt":"2025-01-21T05:55:00","slug":"arm-cylinder-for-yuchai-yc240lc-8","status":"publish","type":"product","link":"https:\/\/www.hydraulic-cylinders.net\/lt\/produktas\/arm-cylinder-for-yuchai-yc240lc-8\/","title":{"rendered":"\u201eYuchai YC240LC-8\u201c rankenos cilindras"},"content":{"rendered":"<h2>\u201eYuchai YC240LC-8\u201c rankenos cilindras<\/h2>\n<p>Svirties cilindras yra specialiai suprojektuotas hidraulinis cilindras, u\u017etikrinantis tiesin\u012f judes\u012f ir gali\u0105 \u012fvairi\u0173 tip\u0173 ma\u0161in\u0173, toki\u0173 kaip ekskavatoriai, kranai ir robotin\u0117s rankos, svir\u010diai. Jis atlieka labai svarb\u0173 vaidmen\u012f hidraulin\u0117se sistemose, nes leid\u017eia efektyviai jud\u0117ti ir valdyti papildomus \u012frankius ar priedus. \u0160ie cilindrai ne tik u\u017etikrina skland\u0173 jud\u0117jim\u0105, bet ir atlaiko dideles apkrovas, u\u017etikrindami efektyv\u0173 ma\u0161in\u0173 veikim\u0105 ir patikimum\u0105 \u012fvairiomis darbo s\u0105lygomis.<\/p>\n<h3>Apibr\u0117\u017eimas ir paai\u0161kinimas<\/h3>\n<p>Svirties cilindras, dar \u017einomas kaip str\u0117l\u0117s cilindras, yra svarbus hidraulini\u0173 sistem\u0173 komponentas. Jis atsakingas u\u017e reikiamos j\u0117gos ir judesio u\u017etikrinim\u0105, kad b\u016bt\u0173 galima i\u0161tiesti ir atitraukti ma\u0161inos svirt\u012f. Hidraulin\u0119 energij\u0105 paversdamas mechanine j\u0117ga, rankos cilindras leid\u017eia ma\u0161inai tiksliai atlikti tokias u\u017eduotis kaip kasimas, k\u0117limas ir manevravimas.<\/p>\n<p><img decoding=\"async\" src=\"https:\/\/www.hydraulic-cylinders.net\/wp-content\/uploads\/2025\/01\/songte-company-2.webp\" alt=\"\u201eYuchai YC240LC-8\u201c rankenos cilindras\"><\/p>\n<h2>Savyb\u0117s<\/h2>\n<ol>\n<li>\n<h3>Didelio efektyvumo transmisija<\/h3>\n<p>Svirties cilindras u\u017etikrina galing\u0105 tiesin\u012f judes\u012f ir j\u0117g\u0105, u\u017etikrindamas auk\u0161t\u0105 ma\u0161inos svirties efektyvum\u0105 atliekant \u012fvairias operacijas.<\/p>\n<\/li>\n<li>\n<h3>Tikslus valdymas<\/h3>\n<p>Hidraulin\u0117s sistemos d\u0117ka rankos cilindras pasiekia tiksl\u0173 judesio valdym\u0105, tod\u0117l papildom\u0173 \u012franki\u0173 valdymas yra lankstesnis ir tikslesnis.<\/p>\n<\/li>\n<li>\n<h3>Stiprus patvarumas<\/h3>\n<p>Svirties cilindras paprastai gaminamas i\u0161 didelio stiprumo med\u017eiag\u0173, kurios pasi\u017eymi puikiu atsparumu dilimui ir korozijai, tod\u0117l tinka ilgalaikiam naudojimui at\u0161iauriomis s\u0105lygomis.<\/p>\n<\/li>\n<li>\n<h3>Daugiafunkcinis prisitaikymas<\/h3>\n<p>\u0160ie cilindrai gali b\u016bti pla\u010diai naudojami \u012fvairi\u0173 tip\u0173 ma\u0161inose, \u012fskaitant ekskavatorius, kranus ir robotines rankas, kad b\u016bt\u0173 patenkinti skirtingi darbo reikalavimai.<\/p>\n<\/li>\n<li>\n<h3>Lengva prie\u017ei\u016bra<\/h3>\n<p>Sukurtas taip, kad b\u016bt\u0173 lengva pri\u017ei\u016br\u0117ti ir keisti, svirties cilindras leid\u017eia patogiai reguliariai ap\u017ei\u016br\u0117ti ir pri\u017ei\u016br\u0117ti, taip suma\u017einant \u012frangos prastov\u0173 laik\u0105.<\/p>\n<\/li>\n<\/ol>\n<p><img decoding=\"async\" src=\"https:\/\/www.hydraulic-cylinders.net\/wp-content\/uploads\/2025\/01\/songte-oil-pipes-and-spare-parts.webp\" alt=\"\u201eYuchai YC240LC-8\u201c rankenos cilindras\"><\/p>\n<h2>Parai\u0161kos<\/h2>\n<p>Svirtinis cilindras naudojamas \u012fvairiose pramon\u0117s \u0161akose ir sektoriuose:<\/p>\n<ol>\n<li>\n<h3>Statybos in\u017einerija<\/h3>\n<p>Ekskavatoriuose ir kranuose peties cilindras valdo kau\u0161o arba str\u0117l\u0117s jud\u0117jim\u0105, leisdamas atlikti \u017eem\u0117s darbus, med\u017eiag\u0173 tvarkym\u0105 ir konstrukcij\u0173 montavim\u0105.<\/p>\n<\/li>\n<li>\n<h3>Gamyba<\/h3>\n<p>Automatizuotose gamybos linijose rankos cilindras naudojamas robotini\u0173 rank\u0173 judinimui, leid\u017eiant atlikti tokius procesus kaip surinkimas, suvirinimas ir med\u017eiag\u0173 tvarkymas, taip pagerinant gamybos efektyvum\u0105 ir tikslum\u0105.<\/p>\n<\/li>\n<li>\n<h3>\u017dem\u0117s \u016bkio technika<\/h3>\n<p>\u017dem\u0117s \u016bkio technikose, tokiose kaip derliaus nu\u0117mimo ma\u0161inos ir s\u0117jamosios, svirties cilindras valdo valdymo svir\u010di\u0173 jud\u0117jim\u0105, atlikdamas tokias u\u017eduotis kaip s\u0117ja, tr\u0119\u0161imas ir derliaus nu\u0117mimas.<\/p>\n<\/li>\n<li>\n<h3>Kasyba<\/h3>\n<p>Kasybos \u012frangoje svirties cilindras valdo kasybos ma\u0161in\u0173 svirties jud\u0117jim\u0105, palengvindamas r\u016bdos gavyb\u0105 ir transportavim\u0105.<\/p>\n<\/li>\n<li>\n<h3>Logistika ir transportas<\/h3>\n<p>\u0160akiniuose krautuvuose ir krovini\u0173 krovimo robotuose svirties cilindras valdo \u0161aki\u0173 k\u0117lim\u0105 ir jud\u0117jim\u0105, taip \u012fgalindamas med\u017eiag\u0173 tvarkym\u0105 ir krovim\u0105.<\/p>\n<\/li>\n<\/ol>\n<h2>Projektavimo aspektai ir atrankos kriterijai<\/h2>\n<p>Projektuojant ir renkantis cilindro formos svirt\u012f, reikia atsi\u017evelgti \u012f kelis veiksnius:<\/p>\n<ol>\n<li>\n<h3>Apkrovos paj\u0117gumas<\/h3>\n<p>Svirties cilindras turi atlaikyti numatomas apkrovas ir j\u0117gas, su kuriomis susiduriama eksploatacijos metu.<\/p>\n<\/li>\n<li>\n<h3>Sandarinimas<\/h3>\n<p>Siekiant u\u017etikrinti efektyv\u0173 sandarinim\u0105, tur\u0117t\u0173 b\u016bti naudojami \u012fvair\u016bs sandarinimo komponentai, tokie kaip st\u016bmokli\u0173 ir kot\u0173 sandarikliai. Paprastai naudojamos patvarios sandarinimo med\u017eiagos, tokios kaip poliuretanas ir nitrilo kau\u010diukas.<\/p>\n<\/li>\n<li>\n<h3>Patvarumas<\/h3>\n<p>Svirties cilindras turi b\u016bti pagamintas i\u0161 didelio stiprumo med\u017eiag\u0173 ir kruop\u0161\u010diai apdorotas pavir\u0161iumi, siekiant padidinti atsparum\u0105 dilimui.<\/p>\n<\/li>\n<li>\n<h3>Saugumas<\/h3>\n<p>Projektuojant tur\u0117t\u0173 b\u016bti integruotos saugos funkcijos ir mechanizmai, siekiant i\u0161vengti nelaiming\u0173 atsitikim\u0173 ir u\u017etikrinti operatoriaus saug\u0105 eksploatacijos metu.<\/p>\n<\/li>\n<li>\n<h3>Prie\u017ei\u016bra<\/h3>\n<p>Reik\u0117t\u0173 atsi\u017evelgti \u012f lengv\u0105 komponent\u0173 prie\u017ei\u016br\u0105 ir keitim\u0105, prastov\u0173 laiko sutrumpinim\u0105 ir reguliari\u0173 patikrinim\u0173 palengvinim\u0105.<\/p>\n<\/li>\n<\/ol>\n<p><img decoding=\"async\" src=\"https:\/\/www.hydraulic-cylinders.net\/wp-content\/uploads\/2025\/01\/songte-cylinder-head-with-all-kinds-excavator-models.webp\" alt=\"\u201eYuchai YC240LC-8\u201c rankenos cilindras\"><\/p>\n<h2>Sandarinimas ir tepimas<\/h2>\n<p>Efektyviam sandarinimui ir tepimui naudojami \u012fvair\u016bs sandarinimo elementai, tokie kaip st\u016bmokli\u0173 ir kot\u0173 sandarikliai. \u0160ie sandarikliai paprastai gaminami i\u0161 atspari\u0173 dilimui med\u017eiag\u0173, toki\u0173 kaip poliuretanas ir nitrilo kau\u010diukas. Cilindro korpusas ir srieginiai galiniai pavir\u0161iai kruop\u0161\u010diai apdorojami, siekiant pagerinti atsparum\u0105 dilimui. Norint u\u017etikrinti skland\u0173 veikim\u0105 ir suma\u017einti trint\u012f, b\u016btina reguliariai tepti tinkama hidrauline alyva.<\/p>\n<h2>Reguliarus patikrinimas ir prevencin\u0117 prie\u017ei\u016bra<\/h2>\n<p>Norint u\u017etikrinti optimal\u0173 svirties cilindro veikim\u0105, reikia reguliariai atlikti patikrinimus ir profilaktin\u0119 prie\u017ei\u016br\u0105:<\/p>\n<ol>\n<li>\n<p>Patikrinkite cilindro korpus\u0105, st\u016bmokl\u012f ir sandariklius, ar n\u0117ra pa\u017eeidim\u0173 ar susid\u0117v\u0117jimo po\u017eymi\u0173.<\/p>\n<\/li>\n<li>\n<p>Patikrinkite hidraulines jungtis ir \u017earnas, ar n\u0117ra nuot\u0117ki\u0173 ar pa\u017eeidim\u0173.<\/p>\n<\/li>\n<li>\n<p>Patikrinkite saugos element\u0173 ir mechanizm\u0173 vientisum\u0105 ir veikim\u0105.<\/p>\n<\/li>\n<li>\n<p>I\u0161valykite cilindr\u0105 ir pa\u0161alinkite visus ne\u0161varumus ar \u0161iuk\u0161les, kurios gali tur\u0117ti \u012ftakos veikimui.<\/p>\n<\/li>\n<li>\n<p>U\u017etikrinkite tinkam\u0105 sutepim\u0105 \u012fpildami rekomenduojam\u0105 hidraulin\u0117s alyvos kiek\u012f.<\/p>\n<\/li>\n<\/ol>\n<p><img decoding=\"async\" src=\"https:\/\/www.hydraulic-cylinders.net\/wp-content\/uploads\/2025\/01\/songte-chushion-collar.webp\" alt=\"\u201eYuchai YC240LC-8\u201c rankenos cilindras\"><\/p>\n<h2>Produkto diegimo vadovas<\/h2>\n<ol>\n<li>\n<p>Prie\u0161 montuodami \u012fsitikinkite, kad mechanizmas yra i\u0161jungtas ir visas hidraulinis sl\u0117gis yra i\u0161leistas.<\/p>\n<\/li>\n<li>\n<p>Patikrinkite tvirtinimo pavir\u0161ius ir \u012fsitikinkite, kad jie \u0161var\u016bs ir be ne\u0161varum\u0173.<\/p>\n<\/li>\n<li>\n<p>Pritvirtinkite svirties cilindr\u0105 prie nurodyt\u0173 tvirtinimo ta\u0161k\u0173 naudodami tinkamus var\u017etus ir tvirtinimo detales.<\/p>\n<\/li>\n<li>\n<p>Priver\u017ekite var\u017etus iki nurodyt\u0173 sukimo moment\u0173 ver\u010di\u0173, pateikt\u0173 \u012frangos vadove.<\/p>\n<\/li>\n<li>\n<p>Prijunkite hidraulines \u017earnas prie cilindro ir u\u017etikrinkite tinkam\u0105 j\u0173 i\u0161d\u0117stym\u0105 bei prijungim\u0105.<\/p>\n<\/li>\n<li>\n<p>Patikrinkite svirties cilindro veikim\u0105, kad u\u017etikrintum\u0117te skland\u0173 ir tiksl\u0173 jud\u0117jim\u0105.<\/p>\n<\/li>\n<\/ol>\n<p><img decoding=\"async\" src=\"https:\/\/www.hydraulic-cylinders.net\/wp-content\/uploads\/2025\/01\/songte-bushings-with-all-kinds-of-excavator-models.webp\" alt=\"\u201eYuchai YC240LC-8\u201c rankenos cilindras\"><\/p>\n<h2>Saugos aspektai ir aplinkos veiksniai<\/h2>\n<p>Naudojant svirtin\u012f cilindr\u0105, labai svarbu imtis saugos priemoni\u0173, kad b\u016bt\u0173 i\u0161vengta nelaiming\u0173 atsitikim\u0173 ir u\u017etikrinta operatoriaus gerov\u0117. B\u016btina laikytis saugos protokol\u0173, tinkamai apmokyti ir naudoti asmenines apsaugos priemones. Be to, atsi\u017evelgiant \u012f aplinkos veiksnius, tokius kaip temperat\u016bra, dr\u0117gm\u0117 ir s\u0105lytis su korozij\u0105 sukelian\u010diomis med\u017eiagomis, galima pailginti svirtinio cilindro tarnavimo laik\u0105 ir i\u0161laikyti jo veikim\u0105.<\/p>\n<h2","protected":false},"excerpt":{"rendered":"<p>Arm Cylinder For Yuchai YC240LC-8 The arm cylinder is a specially designed hydraulic cylinder that provides linear motion and power to the arm of various types of machinery, such as excavators, cranes, and robotic arms. It plays a crucial role in hydraulic systems, allowing additional tools or attachments to move and be controlled effectively. These [&hellip;]<\/p>","protected":false},"featured_media":14759,"comment_status":"open","ping_status":"closed","template":"","meta":{"_et_pb_use_builder":"","_et_pb_old_content":"","_et_gb_content_width":""},"product_brand":[],"product_cat":[1497],"product_tag":[1498,1496],"class_list":{"0":"post-16796","1":"product","2":"type-product","3":"status-publish","4":"has-post-thumbnail","6":"product_cat-arm-cylinders","7":"product_tag-arm-cylinders","8":"product_tag-hydraulic-cylinders","10":"first","11":"instock","12":"shipping-taxable","13":"product-type-simple"},"amp_enabled":true,"_links":{"self":[{"href":"https:\/\/www.hydraulic-cylinders.net\/lt\/wp-json\/wp\/v2\/product\/16796","targetHints":{"allow":["GET"]}}],"collection":[{"href":"https:\/\/www.hydraulic-cylinders.net\/lt\/wp-json\/wp\/v2\/product"}],"about":[{"href":"https:\/\/www.hydraulic-cylinders.net\/lt\/wp-json\/wp\/v2\/types\/product"}],"replies":[{"embeddable":true,"href":"https:\/\/www.hydraulic-cylinders.net\/lt\/wp-json\/wp\/v2\/comments?post=16796"}],"wp:featuredmedia":[{"embeddable":true,"href":"https:\/\/www.hydraulic-cylinders.net\/lt\/wp-json\/wp\/v2\/media\/14759"}],"wp:attachment":[{"href":"https:\/\/www.hydraulic-cylinders.net\/lt\/wp-json\/wp\/v2\/media?parent=16796"}],"wp:term":[{"taxonomy":"product_brand","embeddable":true,"href":"https:\/\/www.hydraulic-cylinders.net\/lt\/wp-json\/wp\/v2\/product_brand?post=16796"},{"taxonomy":"product_cat","embeddable":true,"href":"https:\/\/www.hydraulic-cylinders.net\/lt\/wp-json\/wp\/v2\/product_cat?post=16796"},{"taxonomy":"product_tag","embeddable":true,"href":"https:\/\/www.hydraulic-cylinders.net\/lt\/wp-json\/wp\/v2\/product_tag?post=16796"}],"curies":[{"name":"wp","href":"https:\/\/api.w.org\/{rel}","templated":true}]}}