{"id":16809,"date":"2025-01-21T05:55:57","date_gmt":"2025-01-21T05:55:57","guid":{"rendered":"https:\/\/www.hydraulic-cylinders.net\/product\/arm-cylinder-for-volwa-small-excavator-dls818-9b\/"},"modified":"2025-01-21T05:55:59","modified_gmt":"2025-01-21T05:55:59","slug":"arm-cylinder-for-volwa-small-excavator-dls818-9b","status":"publish","type":"product","link":"https:\/\/www.hydraulic-cylinders.net\/lt\/produktas\/arm-cylinder-for-volwa-small-excavator-dls818-9b\/","title":{"rendered":"\u201eVolwa\u201c ma\u017eo ekskavatoriaus DLS818-9B svirties cilindras"},"content":{"rendered":"<p>\u201eVolwa\u201c ma\u017eo ekskavatoriaus DLS818-9B svirties cilindras<\/p>\n<p>Svirties cilindras yra specialiai suprojektuotas hidraulinis cilindras, daugiausia naudojamas linijiniam jud\u0117jimui ir galiai u\u017etikrinti \u012fvairioms ma\u0161in\u0173 svirtims, tokioms kaip ekskavatoriai, kranai ir robotin\u0117s svirtys. Svirties cilindras atlieka labai svarb\u0173 vaidmen\u012f hidraulin\u0117je sistemoje, nes leid\u017eia efektyviai jud\u0117ti ir valdyti papildomus \u012frankius ar priedus. \u0160ie cilindrai ne tik u\u017etikrina skland\u0173 jud\u0117jim\u0105, bet ir gali atlaikyti dideles apkrovas, u\u017etikrindami efektyv\u0173 ma\u0161in\u0173 veikim\u0105 ir patikimum\u0105 \u012fvairiomis darbo s\u0105lygomis.<\/p>\n<p><img decoding=\"async\" src=\"https:\/\/www.hydraulic-cylinders.net\/wp-content\/uploads\/2025\/01\/songte-company-2.webp\"><\/p>\n<p>Savyb\u0117s:<br \/>\n\u2013 Didelio efektyvumo transmisija: rankos cilindras gali u\u017etikrinti galing\u0105 tiesin\u012f judes\u012f ir j\u0117g\u0105, kad b\u016bt\u0173 u\u017etikrintas didelis robotini\u0173 rank\u0173 efektyvumas atliekant \u012fvairias operacijas.<br \/>\n\u2013 Tikslus valdymas: Hidraulin\u0117s sistemos d\u0117ka svirties cilindras gali tiksliai valdyti judes\u012f, tod\u0117l papildom\u0173 \u012franki\u0173 valdymas tampa lankstesnis ir tikslesnis.<br \/>\n\u2013 Didelis patvarumas: Svirties cilindras paprastai gaminamas i\u0161 didelio stiprumo med\u017eiag\u0173, pasi\u017eymin\u010di\u0173 geru atsparumu dilimui ir korozijai, tod\u0117l tinka ilgalaikiam naudojimui at\u0161iauriomis s\u0105lygomis.<br \/>\n\u2013 Daugiafunkcis pritaikomumas: \u0160ie cilindrai gali b\u016bti pla\u010diai naudojami \u012fvairiuose mechaniniuose \u012frenginiuose, tokiuose kaip ekskavatoriai, kranai ir robotin\u0117s rankos, kad b\u016bt\u0173 patenkinti skirtingi eksploatavimo poreikiai.<br \/>\n\u2013 Lengva prie\u017ei\u016bra: Projektuojant atsi\u017evelgta \u012f paprast\u0105 prie\u017ei\u016br\u0105 ir keitim\u0105, tod\u0117l reguliari ap\u017ei\u016bra ir prie\u017ei\u016bra yra patogesn\u0117, o \u012frangos prastovos laikas sutrump\u0117ja.<\/p>\n<p>Mes galime pasi\u016blyti puikius \u0161i\u0173 hidraulini\u0173 cilindr\u0173 pakaitalus, nes specializuojam\u0117s j\u0173 gamyboje.<\/p>\n<p><img decoding=\"async\" src=\"https:\/\/www.hydraulic-cylinders.net\/wp-content\/uploads\/2025\/01\/songte-oil-pipes-and-spare-parts.webp\"><\/p>\n<p>Programos:<br \/>\n\u2013 Konstrukcija: Svirties cilindras naudojamas ekskavatori\u0173 ir kran\u0173 kau\u0161o arba str\u0117l\u0117s jud\u0117jimui valdyti \u017eem\u0117s darbams, med\u017eiag\u0173 tvarkymui ir konstrukcij\u0173 montavimui.<br \/>\n\u2013 Gamyba: Automatizuotose gamybos linijose rankos cilindras naudojamas robotinei rankai judinti tokiuose procesuose kaip surinkimas, suvirinimas ir tvarkymas, siekiant pagerinti gamybos efektyvum\u0105 ir tikslum\u0105.<br \/>\n\u2013 \u017dem\u0117s \u016bkio technika: \u017dem\u0117s \u016bkio technikoje, pavyzd\u017eiui, derliaus nu\u0117mimo ir s\u0117jamosiose, svirties cilindras valdo valdymo svirties judesius, kad b\u016bt\u0173 galima atlikti tokias u\u017eduotis kaip s\u0117ja, tr\u0119\u0161imas ir derliaus nu\u0117mimas.<br \/>\n\u2013 Kasyba: Kasybos \u012frangoje svirties cilindras naudojamas kasybos \u012frangos svirties jud\u0117jimui valdyti, siekiant i\u0161gauti ir transportuoti r\u016bd\u0105.<br \/>\n\u2013 Logistika ir transportas: \u0160akiniuose krautuvuose ir krovini\u0173 k\u0117limo robotuose svirties cilindras naudojamas \u0161aki\u0173 k\u0117limui ir jud\u0117jimui valdyti, kad b\u016bt\u0173 galima tvarkyti ir sukrauti med\u017eiagas.<\/p>\n<p>Projektavimo aspektai ir atrankos kriterijai:<br \/>\n\u2013 Keliamoji galia: Svirties cilindras turi b\u016bti suprojektuotas taip, kad atlaikyt\u0173 \u012frangos ir papildom\u0173 \u012franki\u0173 ar pried\u0173 svor\u012f.<br \/>\n\u2013 Sandarinimas: Sl\u0117giui palaikyti ir alyvos nuot\u0117kiui i\u0161vengti tur\u0117t\u0173 b\u016bti naudojami \u012fvairi\u0173 tip\u0173 sandarikliai, pvz., st\u016bmokli\u0173 ir kot\u0173 sandarikliai.<br \/>\n\u2013 Patvarumas: Svirties cilindras turi b\u016bti pagamintas i\u0161 didelio stiprumo med\u017eiag\u0173, pasi\u017eymin\u010di\u0173 geru atsparumu dilimui ir korozijai, kad b\u016bt\u0173 u\u017etikrintas ilgalaikis naudojimas at\u0161iauriomis s\u0105lygomis.<br \/>\n\u2013 Sauga: Projektuojant reik\u0117t\u0173 atsi\u017evelgti \u012f robotin\u0117s rankos veikimo saugum\u0105 ir u\u017ekirsti keli\u0105 nelaimingiems atsitikimams.<br \/>\n\u2013 Prie\u017ei\u016bra: projektuojant reik\u0117t\u0173 atsi\u017evelgti \u012f lengv\u0105 \u012frangos prie\u017ei\u016br\u0105 ir komponent\u0173 keitim\u0105, siekiant suma\u017einti jos prastov\u0173 laik\u0105.<\/p>\n<p><img decoding=\"async\" src=\"https:\/\/www.hydraulic-cylinders.net\/wp-content\/uploads\/2025\/01\/songte-cylinder-head-with-all-kinds-excavator-models.webp\"><\/p>\n<p>Sandarinimas ir tepimas:<br \/>\nSvirties cilindre tur\u0117t\u0173 b\u016bti naudojami \u012fvairi\u0173 tip\u0173 sandarikliai, tokie kaip st\u016bmokli\u0173 sandarikliai, stryp\u0173 sandarikliai ir kt. Sandarikliai tur\u0117t\u0173 b\u016bti pagaminti i\u0161 atspari\u0173 dilimui med\u017eiag\u0173, toki\u0173 kaip poliuretanas ir nitrilo kau\u010diukas. Cilindro korpusas ir sriegio galo pavir\u0161ius tur\u0117t\u0173 b\u016bti kruop\u0161\u010diai apdirbti, kad b\u016bt\u0173 padidintas atsparumas dilimui. Tepimui b\u016btina reguliariai \u012fpilti atitinkamos hidraulin\u0117s alyvos.<\/p>\n<p>Profilaktin\u0117 prie\u017ei\u016bra ir trik\u010di\u0173 \u0161alinimas:<br \/>\nReguliarus patikrinimas ir profilaktin\u0117 prie\u017ei\u016bra yra b\u016btini siekiant u\u017etikrinti ilgalaik\u012f ir stabil\u0173 svirties cilindro veikim\u0105. Da\u017enos problemos yra alyvos nuot\u0117kis, ne\u012fprastas triuk\u0161mas ir nepakankama galia. Jei aptinkama problema, j\u0105 reikia nedelsiant ir tinkamai diagnozuoti. Reik\u0117t\u0173 imtis atsargumo priemoni\u0173, kad suma\u017e\u0117t\u0173 galim\u0173 problem\u0173, pavyzd\u017eiui, reguliariai tepti ir pri\u017ei\u016br\u0117ti.<\/p>\n<p><img decoding=\"async\" src=\"https:\/\/www.hydraulic-cylinders.net\/wp-content\/uploads\/2025\/01\/songte-chushion-collar.webp\"><\/p>\n<p>Diegimo vadovas:<br \/>\n1. Nuvalykite montavimo pavir\u0161i\u0173 ir patikrinkite, ar atitinkami matmenys.<br \/>\n2. Ant st\u016bmoklio koto ir cilindro galvut\u0117s u\u017etepkite plon\u0105 tepalo arba hidraulin\u0117s alyvos sluoksn\u012f.<br \/>\n3. Sumontuokite cilindr\u0105 ant robotin\u0117s rankos arba \u012frangos ir priver\u017ekite var\u017etus iki nurodyto sukimo momento.<br \/>\n4. Prijunkite hidraulin\u0117s alyvos \u017earn\u0105 ir patikrinkite, ar n\u0117ra alyvos nuot\u0117kio.<\/p>\n<p>Saugos aspektai ir aplinkos veiksniai:<br \/>\nSaugos priemon\u0117s, pavyzd\u017eiui, apsaugini\u0173 priemoni\u0173 d\u0117v\u0117jimas ir saugaus atstumo nuo judan\u010dios rankos u\u017etikrinimas, yra labai svarbios eksploatuojant \u012frang\u0105 su svirties cilindru. Aplinkosaugos po\u017ei\u016briu hidraulin\u0117 sistema turi b\u016bti suprojektuota taip, kad b\u016bt\u0173 kuo ma\u017eesnis alyvos nuot\u0117kis ir i\u0161vengta aplinkos u\u017eter\u0161imo.<\/p>\n<p>Esame profesionalus pakaitini\u0173 hidraulini\u0173 cilindr\u0173 gamintojas, si\u016blantis plat\u0173 gamini\u0173 asortiment\u0105 ir tap\u0119s vienu i\u0161 pirmaujan\u010di\u0173 hidraulini\u0173 cilindr\u0173 gamintoj\u0173 bei didmenini\u0173 platintoj\u0173 vidaus ir tarptautin\u0117se rinkose. Visada laikom\u0117s puikios kokyb\u0117s principo, nuolat tobuliname savo technin\u012f lyg\u012f ir gamybos efektyvum\u0105 bei teikiame individualiai pritaikytas paslaugas, kad patenkintume \u012fvairius m\u016bs\u0173 klient\u0173 poreikius.<\/p>\n<p><img decoding=\"async\" src=\"https:\/\/www.hydraulic-cylinders.net\/wp-content\/uploads\/2025\/01\/songte-company-4.webp\"><img decoding=\"async\" src=\"https:\/\/www.hydraulic-cylinders.net\/wp-content\/uploads\/2025\/01\/songte-company-3.webp\"><\/p>\n<p>Autorius: lyl<\/p>","protected":false},"excerpt":{"rendered":"<p>Arm Cylinder For Volwa Small Excavator DLS818-9B Arm Cylinder is a type of specially designed hydraulic cylinder that is mainly used to provide linear motion and power for various machinery arms such as excavators, cranes, and robotic arms. The Arm Cylinder plays a crucial role in the hydraulic system, allowing for efficient movement and control [&hellip;]<\/p>","protected":false},"featured_media":14779,"comment_status":"open","ping_status":"closed","template":"","meta":{"_et_pb_use_builder":"","_et_pb_old_content":"","_et_gb_content_width":""},"product_brand":[],"product_cat":[1497],"product_tag":[1498,1496],"class_list":{"0":"post-16809","1":"product","2":"type-product","3":"status-publish","4":"has-post-thumbnail","6":"product_cat-arm-cylinders","7":"product_tag-arm-cylinders","8":"product_tag-hydraulic-cylinders","10":"first","11":"instock","12":"shipping-taxable","13":"product-type-simple"},"amp_enabled":true,"_links":{"self":[{"href":"https:\/\/www.hydraulic-cylinders.net\/lt\/wp-json\/wp\/v2\/product\/16809","targetHints":{"allow":["GET"]}}],"collection":[{"href":"https:\/\/www.hydraulic-cylinders.net\/lt\/wp-json\/wp\/v2\/product"}],"about":[{"href":"https:\/\/www.hydraulic-cylinders.net\/lt\/wp-json\/wp\/v2\/types\/product"}],"replies":[{"embeddable":true,"href":"https:\/\/www.hydraulic-cylinders.net\/lt\/wp-json\/wp\/v2\/comments?post=16809"}],"wp:featuredmedia":[{"embeddable":true,"href":"https:\/\/www.hydraulic-cylinders.net\/lt\/wp-json\/wp\/v2\/media\/14779"}],"wp:attachment":[{"href":"https:\/\/www.hydraulic-cylinders.net\/lt\/wp-json\/wp\/v2\/media?parent=16809"}],"wp:term":[{"taxonomy":"product_brand","embeddable":true,"href":"https:\/\/www.hydraulic-cylinders.net\/lt\/wp-json\/wp\/v2\/product_brand?post=16809"},{"taxonomy":"product_cat","embeddable":true,"href":"https:\/\/www.hydraulic-cylinders.net\/lt\/wp-json\/wp\/v2\/product_cat?post=16809"},{"taxonomy":"product_tag","embeddable":true,"href":"https:\/\/www.hydraulic-cylinders.net\/lt\/wp-json\/wp\/v2\/product_tag?post=16809"}],"curies":[{"name":"wp","href":"https:\/\/api.w.org\/{rel}","templated":true}]}}