{"id":16810,"date":"2025-01-21T05:56:01","date_gmt":"2025-01-21T05:56:01","guid":{"rendered":"https:\/\/www.hydraulic-cylinders.net\/product\/arm-cylinder-for-volwa-small-excavator-dls880-8b\/"},"modified":"2025-01-21T05:56:03","modified_gmt":"2025-01-21T05:56:03","slug":"arm-cylinder-for-volwa-small-excavator-dls880-8b","status":"publish","type":"product","link":"https:\/\/www.hydraulic-cylinders.net\/lt\/produktas\/arm-cylinder-for-volwa-small-excavator-dls880-8b\/","title":{"rendered":"\u201eVolwa\u201c ma\u017eo ekskavatoriaus DLS880-8B svirties cilindras"},"content":{"rendered":"<h1>\u201eVolwa\u201c ma\u017eo ekskavatoriaus DLS880-8B svirties cilindras<\/h1>\n<h2>\u012evadas<\/h2>\n<p>Svirties cilindras yra specialiai suprojektuotas hidraulinis cilindras, u\u017etikrinantis tiesin\u012f judes\u012f ir gali\u0105 \u012fvairi\u0173 tip\u0173 ma\u0161in\u0173, toki\u0173 kaip ekskavatoriai, kranai ir mechanin\u0117s svirtys, svir\u010diai. Svirties cilindras atlieka labai svarb\u0173 vaidmen\u012f hidraulin\u0117se sistemose, nes leid\u017eia efektyviai jud\u0117ti ir valdyti priedus ar priedus. \u0160ie cilindrai ne tik u\u017etikrina skland\u0173 jud\u0117jim\u0105, bet ir atlaiko dideles apkrovas, u\u017etikrindami efektyv\u0173 ma\u0161in\u0173 veikim\u0105 ir patikimum\u0105 \u012fvairiomis darbo s\u0105lygomis.<\/p>\n<p><img decoding=\"async\" src=\"https:\/\/www.hydraulic-cylinders.net\/wp-content\/uploads\/2025\/01\/songte-company-2.webp\" alt=\"Svirties cilindro vaizdas\"><\/p>\n<h2>Savyb\u0117s<\/h2>\n<ul>\n<li>Efektyvus galios perdavimas: Svirties cilindras u\u017etikrina stipr\u0173 tiesin\u012f judes\u012f ir j\u0117g\u0105, u\u017etikrindamas auk\u0161t\u0105 na\u0161um\u0105 atliekant \u012fvairias operacijas.<\/li>\n<li>Tikslus valdymas: Hidraulin\u0117s sistemos d\u0117ka svirties cilindras leid\u017eia tiksliai valdyti judesius, tod\u0117l pried\u0173 valdymas tampa lankstesnis ir tikslesnis.<\/li>\n<li>Didelis patvarumas: Svirtiniai cilindrai paprastai gaminami i\u0161 didelio stiprumo med\u017eiag\u0173, pasi\u017eymin\u010di\u0173 puikiu atsparumu dilimui ir korozijai, tod\u0117l jie tinkami ilgalaikiam naudojimui at\u0161iauriomis s\u0105lygomis.<\/li>\n<li>Universalus pritaikymas: \u0160ie cilindrai gali b\u016bti pla\u010diai naudojami \u012fvairi\u0173 tip\u0173 ma\u0161inoms, tokioms kaip ekskavatoriai, kranai ir mechanin\u0117s svirtys, atitinkan\u010dios skirtingus darbo reikalavimus.<\/li>\n<li>Lengva prie\u017ei\u016bra: Projektuojant atsi\u017evelgiama \u012f paprast\u0105 prie\u017ei\u016br\u0105 ir keitim\u0105, tod\u0117l reguliari ap\u017ei\u016bra ir prie\u017ei\u016bra yra patogesn\u0117, o \u012frangos prastovos laikas sutrump\u0117ja.<\/li>\n<\/ul>\n<p><img decoding=\"async\" src=\"https:\/\/www.hydraulic-cylinders.net\/wp-content\/uploads\/2025\/01\/songte-oil-pipes-and-spare-parts.webp\" alt=\"Hidraulinio cilindro vaizdas\"><\/p>\n<h2>Parai\u0161kos<\/h2>\n<p>Svirtinis cilindras naudojamas \u012fvairiose pramon\u0117s \u0161akose:<\/p>\n<ul>\n<li>Statybos in\u017einerija: Ekskavatoriuose ir kranuose svirties cilindras valdo kau\u0161\u0173 arba str\u0117li\u0173 jud\u0117jim\u0105 atliekant \u017eem\u0117s darbus, med\u017eiag\u0173 tvarkym\u0105 ir konstrukcij\u0173 montavim\u0105.<\/li>\n<li>Gamybos pramon\u0117: Automatizuotose gamybos linijose svirties cilindras palengvina mechanini\u0173 svir\u010di\u0173 jud\u0117jim\u0105 tokiuose procesuose kaip surinkimas, suvirinimas ir med\u017eiag\u0173 tvarkymas, taip padidindamas gamybos efektyvum\u0105 ir tikslum\u0105.<\/li>\n<li>\u017dem\u0117s \u016bkio technika: \u017dem\u0117s \u016bkio \u012frangoje, tokioje kaip derliaus nu\u0117mimo ma\u0161inos ir s\u0117jamosios, svirties cilindras valdo valdymo svir\u010di\u0173 jud\u0117jim\u0105 atliekant tokias u\u017eduotis kaip s\u0117ja, tr\u0119\u0161imas ir derliaus nu\u0117mimas.<\/li>\n<li>Kasyba: Kasybos \u012frangoje svirties cilindras valdo kasybos ma\u0161in\u0173 svirties jud\u0117jim\u0105 r\u016bdos gavybai ir transportavimui.<\/li>\n<li>Logistika ir transportavimas: \u0160akiniuose krautuvuose ir krovini\u0173 krovimo robotuose svirties cilindras valdo \u0161aki\u0173 k\u0117lim\u0105 ir jud\u0117jim\u0105, taip \u012fgalindamas med\u017eiag\u0173 tvarkym\u0105 ir krovim\u0105.<\/li>\n<\/ul>\n<h2>Projektavimo aspektai ir atrankos kriterijai<\/h2>\n<p>Projektuojant cilindro formos ranken\u0105, reikia atsi\u017evelgti \u012f \u012fvairius veiksnius ir kriterijus:<\/p>\n<ul>\n<li>Guoli\u0173 geba: Svirties cilindras turi b\u016bti suprojektuotas taip, kad atlaikyt\u0173 numatyt\u0105 apkrov\u0105 ir u\u017etikrint\u0173 patikim\u0105 veikim\u0105.<\/li>\n<li>Sandarinimas: Siekiant u\u017etikrinti tinkam\u0105 sandarinim\u0105, naudojami \u012fvair\u016bs sandarinimo komponentai, tokie kaip st\u016bmokli\u0173 ir kot\u0173 sandarikliai. \u0160ie sandarikliai pagaminti i\u0161 atspari\u0173 dilimui med\u017eiag\u0173, toki\u0173 kaip poliuretanas ir nitrilo kau\u010diukas.<\/li>\n<li>Patvarumas: Cilindro korpusas ir srieginiai galai kruop\u0161\u010diai apdorojami, siekiant padidinti atsparum\u0105 dilimui.<\/li>\n<li>Saugumas: Saugos funkcijos, tokios kaip sl\u0117gio ma\u017einimo vo\u017etuvai, u\u017etikrina saug\u0173 rankos cilindro veikim\u0105.<\/li>\n<li>Prie\u017ei\u016bra: Reguliarus tepimas hidrauline alyva, periodin\u0117 ap\u017ei\u016bra ir prie\u017ei\u016bra prisideda prie ilgalaikio svirties cilindro veikimo ir patikimumo.<\/li>\n<\/ul>\n<p><img decoding=\"async\" src=\"https:\/\/www.hydraulic-cylinders.net\/wp-content\/uploads\/2025\/01\/songte-cylinder-head-with-all-kinds-excavator-models.webp\" alt=\"Cilindro galvut\u0117s vaizdas\"><\/p>\n<h2>Sandarinimas ir tepimas<\/h2>\n<p>Svirties cilindre naudojami \u012fvair\u016bs sandarinimo komponentai, tokie kaip st\u016bmokli\u0173 ir kot\u0173 sandarikliai, kurie pagaminti i\u0161 atspari\u0173 dilimui med\u017eiag\u0173, toki\u0173 kaip poliuretanas ir nitrilo kau\u010diukas. Cilindro korpusas ir srieginiai galai yra kruop\u0161\u010diai apdorojami, siekiant pagerinti atsparum\u0105 dilimui. Norint u\u017etikrinti tinkam\u0105 tepim\u0105, b\u016btina reguliariai tepti tinkamu hidraulin\u0117s alyvos kiekiu.<\/p>\n<h2>Reguliarus patikrinimas ir prevencin\u0117 prie\u017ei\u016bra<\/h2>\n<p>Reguliarus patikrinimas ir profilaktin\u0117 prie\u017ei\u016bra yra b\u016btini siekiant u\u017etikrinti optimal\u0173 svirties cilindro veikim\u0105 ir ilgaam\u017ei\u0161kum\u0105:<\/p>\n<ul>\n<li>Patikrinkite, ar n\u0117ra sandarinimo komponent\u0173 nuot\u0117kio ar pa\u017eeidim\u0173 po\u017eymi\u0173.<\/li>\n<li>Patikrinkite cilindro korpus\u0105 ir srieginius galus, ar n\u0117ra susid\u0117v\u0117jimo ir korozijos.<\/li>\n<li>Steb\u0117kite hidraulin\u0117s alyvos lyg\u012f ir kokyb\u0119 ir prireikus \u012fpilkite reikiam\u0105 alyvos kiek\u012f.<\/li>\n<li>Patikrinkite, ar tinkamai veikia saugos \u012ftaisai, pvz., sl\u0117gio ma\u017einimo vo\u017etuvai.<\/li>\n<li>Atlikite \u012fprastin\u012f valym\u0105 ir tepim\u0105 pagal gamintojo nurodymus.<\/li>\n<\/ul>\n<h2>Produkto diegimo vadovas<\/h2>\n<p>Tinkamas svirties cilindro montavimas yra labai svarbus jo veikimui ir saugumui:<\/p>\n<ul>\n<li>Prie\u0161 montuodami cilindr\u0105, \u012fsitikinkite, kad mechanizmas yra i\u0161jungtas, o hidraulin\u0117je sistemoje n\u0117ra sl\u0117gio.<\/li>\n<li>Laikykit\u0117s gamintojo nurodym\u0173, kad tiksliai nustatytum\u0117te svirties cilindro montavimo pad\u0117t\u012f ir suderinim\u0105.<\/li>\n<li>Tvirtai prijunkite hidraulines \u017earnas prie atitinkam\u0173 cilindro prievad\u0173.<\/li>\n<li>Patikrinkite, ar visose jungties vietose yra tinkamas sandarumas.<\/li>\n<li>Po montavimo patikrinkite svirties cilindro veikim\u0105.<\/li>\n<\/ul>\n<p><img decoding=\"async\" src=\"https:\/\/www.hydraulic-cylinders.net\/wp-content\/uploads\/2025\/01\/songte-bushings-with-all-kinds-of-excavator-models.webp\" alt=\"\u012evori\u0173 vaizdas\"><\/p>\n<h2>Saugos aspektai ir aplinkos veiksniai<\/h2>\n<p>Naudojant svirtin\u012f cilindr\u0105, itin svarbu laikytis saugos priemoni\u0173. Svarb\u0173 vaidmen\u012f atlieka tokie raktiniai \u017eod\u017eiai kaip saugos priemon\u0117s:<\/p>\n<ul>\n<li>Laikykit\u0117s vis\u0173 gamintojo pateikt\u0173 saugos nurodym\u0173 ir instrukcij\u0173.<\/li>\n<li>Dirbdami su cilindro rankena arba \u0161alia jos, d\u0117v\u0117kite tinkamas asmenines apsaugos priemones.<\/li>\n<li>Atkreipkite d\u0117mes\u012f \u012f galimus pavojus, susijusius su hidraulin\u0117mis sistemomis, tokius kaip auk\u0161tas sl\u0117gis ir hidraulinio skys\u010dio nuot\u0117kis.<\/li>\n<li>Tinkamai utilizuokite panaudot\u0105 hidraulin\u0119 alyv\u0105 ar kitas potencialiai pavojingas med\u017eiagas laikydamiesi aplinkosaugos taisykli\u0173.<\/li>\n<\/ul>\n<h2>Trik\u010di\u0173 \u0161alinimas ir da\u017eniausiai pasitaikan\u010dios problemos<\/h2>\n<p>I\u0161kilus problem\u0173 su svirties cilindru, gali b\u016bti naudinga suprasti galimus gedimus ir tur\u0117ti po ranka trik\u010di\u0173 \u0161alinimo metodus:<\/p>\n<ul>\n<li>Nuot\u0117kis: patikrinkite, ar n\u0117ra pa\u017eeist\u0173 ar susid\u0117v\u0117jusi\u0173 sandarikli\u0173, atsilaisvinusi\u0173 jung\u010di\u0173 ir ar n\u0117ra per didelio sl\u0117gio.<\/li>\n<li>Nepakankama galia: patikrinkite, ar hidraulin\u0117je sistemoje n\u0117ra \u017eemo skys\u010dio lygio arba srauto apribojim\u0173.<\/li>\n<li>Nenormalus triuk\u0161mas: patikrinkite, ar sistemoje n\u0117ra atsilaisvinusi\u0173 komponent\u0173, susid\u0117v\u0117jusi\u0173 dali\u0173 ar oro.<\/li>\n<li>U\u017estrigimas arba strigimas: patikrinkite, ar n\u0117ra u\u017eter\u0161t\u0173 dali\u0173, susid\u0117v\u0117jusi\u0173 \u012fvori\u0173 ar netinkamai suderint\u0173 komponent\u0173.<\/li>\n<\/ul>\n<p>Kiekvienai problemai tur\u0117t\u0173 b\u016bti pateikti greiti sprendimai ir prevencin\u0117s priemon\u0117s, kurios pad\u0117t\u0173 skaitytojams veiksmingai diagnozuoti ir spr\u0119sti problemas.<\/p>\n<p><img decoding=\"async\" src=\"https:\/\/www.hydraulic-cylinders.net\/wp-content\/uploads\/2025\/01\/songte-chushion-collar.webp\" alt=\"Chushion apykakl\u0117s vaizdas\"><\/p>\n<p>Nepamir\u0161kite straipsn\u012f strukt\u016brizuoti logi\u0161kai, naudoti paantra\u0161tes lengvam nar\u0161ymui, \u012ftraukti atitinkam\u0173 vaizd\u0173 ar diagram\u0173, kad b\u016bt\u0173 lengviau suprasti, ir u\u017etikrinti turinio ai\u0161kum\u0105, glaustum\u0105 bei tinkamum\u0105 skaitytojams, turintiems skirting\u0105 technini\u0173 \u017eini\u0173 lyg\u012f.<\/p>\n<h2>Apie m\u016bs\u0173 \u012fmon\u0119<\/h2>\n<p>Esame profesionalus pakaitini\u0173 hidraulini\u0173 cilindr\u0173 gamintojas, si\u016blantis plat\u0173 gamini\u0173 asortiment\u0105. Tapome vienu i\u0161 pirmaujan\u010di\u0173 hidraulini\u0173 cilindr\u0173 gamintoj\u0173 ir didmenini\u0173 platintoj\u0173 vidaus ir tarptautin\u0117se rinkose. Vadovaudamiesi puikios kokyb\u0117s principu, nuolat tobuliname savo technologin\u012f lyg\u012f ir gamybos efektyvum\u0105, tobulindami gamybos cechus ir industrializuotas gamybos valdymo strategijas. \u012ediegdami auk\u0161\u010diausios klas\u0117s skaitmenin\u0119 gamybos \u012frang\u0105 ir profesionalias bandym\u0173 sistemas, optimizuojame savo gamybos platform\u0105, tobuliname gamini\u0173 kokyb\u0117s kontrol\u0117s procesus ir pasi\u017eymime stipriomis inovacij\u0173 galimyb\u0117mis. M\u016bs\u0173 tikslas \u2013 efektyviai, tiksliai ir laikantis auk\u0161t\u0173 kokyb\u0117s standart\u0173 patenkinti \u012fvairius klient\u0173 poreikius.<\/p>\n<p><img decoding=\"async\" src=\"https:\/\/www.hydraulic-cylinders.net\/wp-content\/uploads\/2025\/01\/songte-company-4.webp\" alt=\"\u012emon\u0117s paveiksl\u0117lis 1\"><br \/>\n<img decoding=\"async\" src=\"https:\/\/www.hydraulic-cylinders.net\/wp-content\/uploads\/2025\/01\/songte-company-3.webp\" alt=\"\u012emon\u0117s paveiksl\u0117lis 2\"><\/p>\n<p>Mes did\u017eiuojam\u0117s:<\/p>\n<ul>\n<li>Profesionalumas: M\u016bs\u0173 komanda<br \/>","protected":false},"excerpt":{"rendered":"<p>Arm Cylinder For Volwa Small Excavator DLS880-8B Introduction The arm cylinder is a specially designed hydraulic cylinder that provides linear motion and power to the arm of various types of machinery, such as excavators, cranes, and mechanical arms. The arm cylinder plays a crucial role in hydraulic systems, enabling the effective movement and control of [&hellip;]<\/p>","protected":false},"featured_media":14777,"comment_status":"open","ping_status":"closed","template":"","meta":{"_et_pb_use_builder":"","_et_pb_old_content":"","_et_gb_content_width":""},"product_brand":[],"product_cat":[1497],"product_tag":[1498,1496],"class_list":{"0":"post-16810","1":"product","2":"type-product","3":"status-publish","4":"has-post-thumbnail","6":"product_cat-arm-cylinders","7":"product_tag-arm-cylinders","8":"product_tag-hydraulic-cylinders","10":"first","11":"instock","12":"shipping-taxable","13":"product-type-simple"},"amp_enabled":true,"_links":{"self":[{"href":"https:\/\/www.hydraulic-cylinders.net\/lt\/wp-json\/wp\/v2\/product\/16810","targetHints":{"allow":["GET"]}}],"collection":[{"href":"https:\/\/www.hydraulic-cylinders.net\/lt\/wp-json\/wp\/v2\/product"}],"about":[{"href":"https:\/\/www.hydraulic-cylinders.net\/lt\/wp-json\/wp\/v2\/types\/product"}],"replies":[{"embeddable":true,"href":"https:\/\/www.hydraulic-cylinders.net\/lt\/wp-json\/wp\/v2\/comments?post=16810"}],"wp:featuredmedia":[{"embeddable":true,"href":"https:\/\/www.hydraulic-cylinders.net\/lt\/wp-json\/wp\/v2\/media\/14777"}],"wp:attachment":[{"href":"https:\/\/www.hydraulic-cylinders.net\/lt\/wp-json\/wp\/v2\/media?parent=16810"}],"wp:term":[{"taxonomy":"product_brand","embeddable":true,"href":"https:\/\/www.hydraulic-cylinders.net\/lt\/wp-json\/wp\/v2\/product_brand?post=16810"},{"taxonomy":"product_cat","embeddable":true,"href":"https:\/\/www.hydraulic-cylinders.net\/lt\/wp-json\/wp\/v2\/product_cat?post=16810"},{"taxonomy":"product_tag","embeddable":true,"href":"https:\/\/www.hydraulic-cylinders.net\/lt\/wp-json\/wp\/v2\/product_tag?post=16810"}],"curies":[{"name":"wp","href":"https:\/\/api.w.org\/{rel}","templated":true}]}}