{"id":16817,"date":"2025-01-21T05:56:34","date_gmt":"2025-01-21T05:56:34","guid":{"rendered":"https:\/\/www.hydraulic-cylinders.net\/product\/arm-cylinder-for-volwa-middle-excavator-dls220-8b\/"},"modified":"2025-01-21T05:56:37","modified_gmt":"2025-01-21T05:56:37","slug":"arm-cylinder-for-volwa-middle-excavator-dls220-8b","status":"publish","type":"product","link":"https:\/\/www.hydraulic-cylinders.net\/lt\/produktas\/arm-cylinder-for-volwa-middle-excavator-dls220-8b\/","title":{"rendered":"\u201eVolwa\u201c vidutinio dyd\u017eio ekskavatoriaus DLS220-8B svirties cilindras"},"content":{"rendered":"<p>\u201eVolwa\u201c vidutinio dyd\u017eio ekskavatoriaus DLS220-8B svirties cilindras<\/p>\n<p>Svirties cilindras yra specialiai suprojektuotas hidraulinis cilindras, daugiausia naudojamas linijiniam jud\u0117jimui ir galiai u\u017etikrinti \u012fvairi\u0173 tip\u0173 ma\u0161in\u0173 svirtims, tokioms kaip ekskavatoriai, kranai ir mechanin\u0117s svirtys. Svirties cilindras atlieka labai svarb\u0173 vaidmen\u012f hidraulin\u0117je sistemoje, nes leid\u017eia jud\u0117ti ir efektyviai valdyti papildomus \u012frankius ar priedus. \u0160ie cilindrai ne tik u\u017etikrina skland\u0173 jud\u0117jim\u0105, bet ir atlaiko dideles apkrovas, u\u017etikrindami efektyv\u0173 ma\u0161in\u0173 veikim\u0105 ir patikimum\u0105 \u012fvairiomis eksploatavimo s\u0105lygomis.<\/p>\n<p>Apibr\u0117\u017eimas ir paai\u0161kinimas<\/p>\n<p>Svirtiniai cilindrai yra esminiai hidraulini\u0173 sistem\u0173 komponentai, skirti valdyti ma\u0161in\u0173 svirtini\u0173 judesius. Juos sudaro st\u016bmoklis, strypas ir cilindras, kurie gali i\u0161sitiesti ir susitraukti, kad b\u016bt\u0173 u\u017etikrintas tiesioginis tiesinis jud\u0117jimas ir j\u0117ga. Tod\u0117l svirtiniai cilindrai pla\u010diai naudojami \u012fvairiose pramon\u0117s \u0161akose, \u012fskaitant statyb\u0105, gamyb\u0105, \u017eem\u0117s \u016bk\u012f, kasyb\u0105 ir logistik\u0105.<\/p>\n<p><img decoding=\"async\" src=\"https:\/\/www.hydraulic-cylinders.net\/wp-content\/uploads\/2025\/01\/songte-company-2.webp\" alt=\"\u201eVolwa\u201c vidutinio dyd\u017eio ekskavatoriaus DLS220-8B svirties cilindras\"><\/p>\n<p>Savyb\u0117s<\/p>\n<p>Kai kurios pagrindin\u0117s ranken\u0173 cilindr\u0173 savyb\u0117s:<\/p>\n<p>1. Didelio efektyvumo transmisijos: Svir\u010di\u0173 cilindrai u\u017etikrina galing\u0105 tiesiogin\u012f tiesin\u012f judes\u012f ir j\u0117g\u0105, u\u017etikrindami efektyv\u0173 ma\u0161in\u0173 svir\u010di\u0173 veikim\u0105 atliekant \u012fvairias operacijas.<\/p>\n<p>2. Tikslus valdymas: Hidraulin\u0117s sistemos d\u0117ka svirties cilindrai gali tiksliai valdyti judes\u012f, tod\u0117l papildom\u0173 \u012franki\u0173 valdymas tampa lankstesnis ir tikslesnis.<\/p>\n<p>3. Didelis patvarumas: Svirtiniai cilindrai paprastai gaminami i\u0161 didelio stiprumo med\u017eiag\u0173, pasi\u017eymin\u010di\u0173 geru atsparumu dilimui ir korozijai, tod\u0117l tinkami ilgalaikiam naudojimui at\u0161iauriomis s\u0105lygomis.<\/p>\n<p>4. Daugiafunkcis pritaikomumas: \u0160ie cilindrai gali b\u016bti pla\u010diai naudojami \u012fvairiuose mechaniniuose \u012frenginiuose, tokiuose kaip ekskavatoriai, kranai ir mechanin\u0117s rankenos, prisitaikant prie skirting\u0173 darbo reikalavim\u0173.<\/p>\n<p>5. Lengva prie\u017ei\u016bra: Projektuojant atsi\u017evelgiama \u012f paprast\u0105 prie\u017ei\u016br\u0105 ir keitim\u0105, tod\u0117l reguliari ap\u017ei\u016bra ir technin\u0117 prie\u017ei\u016bra yra lengvesni, o \u012frangos prastovos laikas sutrump\u0117ja.<\/p>\n<p>Gamyba<\/p>\n<p>M\u016bs\u0173 \u012fmon\u0117 gali gaminti \u0161\u012f produkt\u0105, o m\u016bs\u0173 produktai gali puikiai pakeisti \u0161iuos hidraulinius cilindrus.<\/p>\n<p><img decoding=\"async\" src=\"https:\/\/www.hydraulic-cylinders.net\/wp-content\/uploads\/2025\/01\/songte-oil-pipes-and-spare-parts.webp\" alt=\"\u201eVolwa\u201c vidutinio dyd\u017eio ekskavatoriaus DLS220-8B svirties cilindras\"><\/p>\n<p>Parai\u0161ka<\/p>\n<p>Svirtiniai cilindrai turi \u012fvairi\u0173 pritaikym\u0173 \u012fvairiose pramon\u0117s \u0161akose, \u012fskaitant:<\/p>\n<p>1. Statybos in\u017einerija: str\u0117li\u0173 cilindrai valdo ekskavatori\u0173 ir kran\u0173 kastuv\u0173 arba str\u0117li\u0173 jud\u0117jim\u0105, atliekant \u017eem\u0117s darbus, med\u017eiag\u0173 tvarkym\u0105 ir konstrukcij\u0173 montavim\u0105.<\/p>\n<p>2. Gamyba: Svirtiniai cilindrai naudojami mechanini\u0173 svirteli\u0173 jud\u0117jimui automatizuotose gamybos linijose, atliekant surinkimo, suvirinimo ir med\u017eiag\u0173 tvarkymo procesus, gerinant gamybos efektyvum\u0105 ir tikslum\u0105.<\/p>\n<p>3. \u017dem\u0117s \u016bkio technika: Svirtini\u0173 cilindr\u0173 paskirtis \u2013 valdyti \u017eem\u0117s \u016bkio technikos, pvz., derliaus nu\u0117mimo ir s\u0117jam\u0173j\u0173, valdymo svirteli\u0173 jud\u0117jim\u0105, atliekant tokias u\u017eduotis kaip sodinimas, tr\u0119\u0161imas ir derliaus nu\u0117mimas.<\/p>\n<p>4. Kasyba: Svirties cilindrai naudojami kasybos \u012frangos svirties jud\u0117jimui valdyti, atliekant kasybos ir med\u017eiag\u0173 tvarkymo u\u017eduotis.<\/p>\n<p>5. Logistika ir transportavimas: Svirtiniai cilindrai naudojami \u0161aki\u0173 k\u0117limui ir jud\u0117jimui valdyti \u0161akiniuose krautuvuose ir robotuose, u\u017etikrinant med\u017eiag\u0173 tvarkym\u0105 ir krovim\u0105.<\/p>\n<p>Projektavimo aspektai ir atrankos kriterijai<\/p>\n<p>Atsi\u017evelgiant \u012f projektavimo aspektus, reikia aptarti svirtini\u0173 cilindr\u0173 laikom\u0105j\u0105 gali\u0105, sandarum\u0105, ilgaam\u017ei\u0161kum\u0105, saug\u0105 ir prie\u017ei\u016br\u0105.<\/p>\n<p>1. Keliamoji galia: Svirties cilindrai turi b\u016bti suprojektuoti taip, kad atlaikyt\u0173 maksimali\u0105 j\u0117g\u0105 ir apkrov\u0105, kuri bus taikoma mechanizmui veikiant.<\/p>\n<p>2. Sandarinimas: Svirtiniams cilindrams reikalingi \u012fvair\u016bs sandarikliai, pvz., st\u016bmokli\u0173 ir kot\u0173 sandarikliai, kad b\u016bt\u0173 i\u0161vengta hidraulinio skys\u010dio nuot\u0117kio ir vidini\u0173 komponent\u0173 u\u017eter\u0161imo.<\/p>\n<p>3. Patvarumas: Svirtiniai cilindrai paprastai gaminami i\u0161 didelio stiprumo med\u017eiag\u0173 ir j\u0173 pavir\u0161ius turi b\u016bti apdorotas, kad b\u016bt\u0173 pagerintas atsparumas dilimui.<\/p>\n<p>4. Sauga: Siekiant i\u0161vengti nelaiming\u0173 atsitikim\u0173 ma\u0161in\u0173 veikimo metu, tur\u0117t\u0173 b\u016bti \u012frengtos tokios saugos priemon\u0117s kaip sl\u0117gio ma\u017einimo vo\u017etuvai ir avarinio stabdymo mygtukai.<\/p>\n<p>5. Prie\u017ei\u016bra: Svirtiniai cilindrai tur\u0117t\u0173 b\u016bti suprojektuoti taip, kad juos b\u016bt\u0173 lengva pri\u017ei\u016br\u0117ti ir keisti, kad b\u016bt\u0173 galima greitai ir efektyviai atlikti reguliarias patikras ir remont\u0105.<\/p>\n<p><img decoding=\"async\" src=\"https:\/\/www.hydraulic-cylinders.net\/wp-content\/uploads\/2025\/01\/songte-cylinder-head-with-all-kinds-excavator-models.webp\" alt=\"\u201eVolwa\u201c vidutinio dyd\u017eio ekskavatoriaus DLS220-8B svirties cilindras\"><\/p>\n<p>Sandarinimas ir tepimas<\/p>\n<p>Svirtiniuose cilindruose naudojami \u012fvair\u016bs sandarikliai, pavyzd\u017eiui, st\u016bmokli\u0173 ir kot\u0173 sandarikliai, pagaminti i\u0161 atspari\u0173 dilimui med\u017eiag\u0173, toki\u0173 kaip poliuretanas ir nitrilo kau\u010diukas, siekiant i\u0161vengti hidraulinio skys\u010dio nuot\u0117kio ir vidini\u0173 komponent\u0173 u\u017eter\u0161imo. Cilindro galvut\u0117s ir kot\u0173 gal\u0173 pavir\u0161iai yra kruop\u0161\u010diai apdirbti, siekiant pagerinti atsparum\u0105 dilimui. Norint u\u017etikrinti tinkam\u0105 veikim\u0105, b\u016btina reguliariai tepti tinkamu hidraulin\u0117s alyvos kiekiu.<\/p>\n<p>Prie\u017ei\u016bra ir prevencin\u0117s priemon\u0117s<\/p>\n<p>Norint u\u017etikrinti tinkam\u0105 svirtini\u0173 cilindr\u0173 veikim\u0105, b\u016btini reguliar\u016bs patikrinimai ir profilaktin\u0117 prie\u017ei\u016bra. \u0160ios priemon\u0117s apima:<\/p>\n<p>1. Reguliarus sandarikli\u0173 ir jung\u010di\u0173 patikrinimas.<\/p>\n<p>2. Patikrinkite, ar n\u0117ra alyvos nuot\u0117kio.<\/p>\n<p>3. Reguliarus tepimas tinkamu hidraulin\u0117s alyvos kiekiu.<\/p>\n<p>4. Patikrinti, ar tinkamai veikia saugos \u012ftaisai, pvz., sl\u0117gio ma\u017einimo vo\u017etuvai ir avarinio stabdymo mygtukai.<\/p>\n<p>5. Nedelsiant pakeisti susid\u0117v\u0117jusius arba pa\u017eeistus komponentus.<\/p>\n<p>Diegimo vadovas<\/p>\n<p>Rekomenduojami \u0161ie svirtini\u0173 cilindr\u0173 montavimo \u017eingsniai:<\/p>\n<p>1. Prie\u0161 prad\u0117dami diegimo proces\u0105, atid\u017eiai perskaitykite diegimo vadov\u0105.<\/p>\n<p>2. \u012esitikinkite, kad cilindras tinkamai ir tvirtai pritvirtintas.<\/p>\n<p>3. Prijunkite \u017earnas ir jungiam\u0105sias detales prie cilindro ir patikrinkite, ar n\u0117ra nuot\u0117ki\u0173.<\/p>\n<p>4. Patikrinkite hidraulinio skys\u010dio lyg\u012f ir, jei reikia, \u012fpilkite alyvos.<\/p>\n<p>5. Patikrinkite cilindro veikim\u0105, kad \u012fsitikintum\u0117te, jog jis tinkamai veikia.<\/p>\n<p><img decoding=\"async\" src=\"https:\/\/www.hydraulic-cylinders.net\/wp-content\/uploads\/2025\/01\/songte-bushings-with-all-kinds-of-excavator-models.webp\" alt=\"\u201eVolwa\u201c vidutinio dyd\u017eio ekskavatoriaus DLS220-8B svirties cilindras\"><\/p>\n<p>Saugos aspektai ir aplinkos veiksniai<\/p>\n<p>Svirtiniai cilindrai atlieka labai svarb\u0173 vaidmen\u012f ma\u0161in\u0173 veikime, tod\u0117l saugos aspektai yra b\u016btini. Projektuojant tur\u0117t\u0173 b\u016bti numatytos saugos priemon\u0117s, tokios kaip sl\u0117gio ma\u017einimo vo\u017etuvai ir avarinio stabdymo mygtukai. Be to, siekiant u\u017etikrinti tinkam\u0105 cilindr\u0173 veikim\u0105, reik\u0117t\u0173 atsi\u017evelgti \u012f aplinkos veiksnius, tokius kaip temperat\u016bra ir dr\u0117gm\u0117.<\/p>\n<p>Gedim\u0173 diagnostika ir da\u017eniausios problemos<\/p>\n<p>Toliau pateikiamos kelios da\u017eniausios svirties cilindro problemos:<\/p>\n<p>1. Hidraulinio skys\u010dio nuot\u0117kis.<\/p>\n<p>2. L\u0117tas arba nereaguojantis cilindro jud\u0117jimas.<\/p>\n<p>3. Triuk\u0161mingas veikimas.<\/p>\n<p>4. Suma\u017einta cilindro galia.<\/p>\n<p>Nor\u0117dami pa\u0161alinti \u0161iuos gedimus, galite atlikti \u0161iuos veiksmus:<\/p>\n<p>1. Patikrinkite, ar n\u0117ra alyvos nuot\u0117ki\u0173, ir pakeiskite pa\u017eeistus sandariklius.<\/p>\n<p>2. Patikrinkite hidraulinio skys\u010dio lyg\u012f ir, jei reikia, \u012fpilkite alyvos.<\/p>\n<p>3. Patikrinkite, ar hidraulin\u0117s linijos n\u0117ra u\u017esikim\u0161usios.<\/p>\n<p>4. Nedelsdami pakeiskite visas susid\u0117v\u0117jusias dalis.<\/p>\n<p>5. Reguliarus techninis aptarnavimas ir ap\u017ei\u016bra gali pad\u0117ti i\u0161vengti galim\u0173 problem\u0173.<\/p>\n<p><img decoding=\"async\" src=\"https:\/\/www.hydraulic-cylinders.net\/wp-content\/uploads\/2025\/01\/songte-chushion-collar.webp\" alt=\"\u201eVolwa\u201c vidutinio dyd\u017eio ekskavatoriaus DLS220-8B svirties cilindras\"><\/p>\n<p>Apie m\u016bs\u0173 \u012fmon\u0119<\/p>\n<p>Esame profesionalus hidraulini\u0173 cilindr\u0173 gamintojas, si\u016blantis plat\u0173 gamini\u0173 asortiment\u0105 ir tap\u0119s vienu i\u0161 pirmaujan\u010di\u0173 hidraulini\u0173 cilindr\u0173 gamintoj\u0173 ir didmenini\u0173 platintoj\u0173 vidaus ir tarptautin\u0117se rinkose. M\u016bs\u0173 gaminiai atitinka puikios kokyb\u0117s princip\u0105, o savo patobulintose gamybos dirbtuv\u0117se taikome puikias gamybos valdymo strategijas, kad nuolat gerintume savo technin\u012f lyg\u012f ir gamybos efektyvum\u0105. \u012ediegdami auk\u0161\u010diausios klas\u0117s skaitmenin\u0119 gamybos \u012frang\u0105 ir profesionalias bandym\u0173 sistemas, nuolat optimizuojame savo gamybos platform\u0105, tobuliname kokyb\u0117s kontrol\u0117s procesus ir turime stiprias inovacijas. M\u016bs\u0173 tikslas \u2013 patenkinti \u012fvairius klient\u0173 poreikius, vadovaujantis efektyvumo, tikslumo ir auk\u0161tos kokyb\u0117s principais.<\/p>\n<p>Esame itin profesionali \u012fmon\u0117, turinti tarptautinius sertifikatus, pritaikytas paslaugas, pa\u017eangi\u0105 gamybos \u012frang\u0105 ir puik\u0173 aptarnavim\u0105 po pardavimo.<\/p>\n<p><img decoding=\"async\" src=\"https:\/\/www.hydraulic-cylinders.net\/wp-content\/uploads\/2025\/01\/songte-company-4.webp\" alt=\"\u201eVolwa\u201c vidutinio dyd\u017eio ekskavatoriaus DLS220-8B svirties cilindras\"><\/p>\n<p><img decoding=\"async\" src=\"https:\/\/www.hydraulic-cylinders.net\/wp-content\/uploads\/2025\/01\/songte-company-3.webp\" alt=\"\u201eVolwa\u201c vidutinio dyd\u017eio ekskavatoriaus DLS220-8B svirties cilindras\"><\/p>\n<p>Autorius: lyl<\/p>","protected":false},"excerpt":{"rendered":"<p>Arm Cylinder For Volwa Middle Excavator DLS220-8B Arm cylinder is a type of specially designed hydraulic cylinder that is mainly used to provide linear movement and power to various types of machinery arms such as excavators, cranes, and mechanical arms. The arm cylinder plays a crucial role in the hydraulic system, allowing additional tools or [&hellip;]<\/p>","protected":false},"featured_media":14786,"comment_status":"open","ping_status":"closed","template":"","meta":{"_et_pb_use_builder":"","_et_pb_old_content":"","_et_gb_content_width":""},"product_brand":[],"product_cat":[1497],"product_tag":[1498,1496],"class_list":{"0":"post-16817","1":"product","2":"type-product","3":"status-publish","4":"has-post-thumbnail","6":"product_cat-arm-cylinders","7":"product_tag-arm-cylinders","8":"product_tag-hydraulic-cylinders","10":"first","11":"instock","12":"shipping-taxable","13":"product-type-simple"},"amp_enabled":true,"_links":{"self":[{"href":"https:\/\/www.hydraulic-cylinders.net\/lt\/wp-json\/wp\/v2\/product\/16817","targetHints":{"allow":["GET"]}}],"collection":[{"href":"https:\/\/www.hydraulic-cylinders.net\/lt\/wp-json\/wp\/v2\/product"}],"about":[{"href":"https:\/\/www.hydraulic-cylinders.net\/lt\/wp-json\/wp\/v2\/types\/product"}],"replies":[{"embeddable":true,"href":"https:\/\/www.hydraulic-cylinders.net\/lt\/wp-json\/wp\/v2\/comments?post=16817"}],"wp:featuredmedia":[{"embeddable":true,"href":"https:\/\/www.hydraulic-cylinders.net\/lt\/wp-json\/wp\/v2\/media\/14786"}],"wp:attachment":[{"href":"https:\/\/www.hydraulic-cylinders.net\/lt\/wp-json\/wp\/v2\/media?parent=16817"}],"wp:term":[{"taxonomy":"product_brand","embeddable":true,"href":"https:\/\/www.hydraulic-cylinders.net\/lt\/wp-json\/wp\/v2\/product_brand?post=16817"},{"taxonomy":"product_cat","embeddable":true,"href":"https:\/\/www.hydraulic-cylinders.net\/lt\/wp-json\/wp\/v2\/product_cat?post=16817"},{"taxonomy":"product_tag","embeddable":true,"href":"https:\/\/www.hydraulic-cylinders.net\/lt\/wp-json\/wp\/v2\/product_tag?post=16817"}],"curies":[{"name":"wp","href":"https:\/\/api.w.org\/{rel}","templated":true}]}}