{"id":1682,"date":"2023-10-11T06:14:39","date_gmt":"2023-10-11T06:14:39","guid":{"rendered":"https:\/\/hydraulic-cylinders.net\/?post_type=product&#038;p=1682"},"modified":"2025-04-11T03:46:09","modified_gmt":"2025-04-11T03:46:09","slug":"press-rear-side-shift-cylinder","status":"publish","type":"product","link":"https:\/\/www.hydraulic-cylinders.net\/lt\/produktas\/press-rear-side-shift-cylinder\/","title":{"rendered":"Paspauskite galin\u012f \u0161oninio poslinkio cilindr\u0105"},"content":{"rendered":"<h1 style=\"text-align: center;\"><strong>Paspauskite galin\u012f \u0161oninio poslinkio cilindr\u0105<\/strong><\/h1>\n<p><img loading=\"lazy\" decoding=\"async\" class=\"aligncenter wp-image-1684\" src=\"https:\/\/hydraulic-cylinders.net\/wp-content\/uploads\/2023\/10\/rear-side-shift-cylinder-1-300x300.webp\" alt=\"\" width=\"400\" height=\"400\" \/><\/p>\n<p>Preso galinis \u0161oninis poslinkio cilindras yra pa\u017eangus \u012frankis, skirtas padidinti presavimo operacij\u0173 efektyvum\u0105 ir tikslum\u0105. D\u0117l novatori\u0161kos galinio \u0161oninio poslinkio galimyb\u0117s \u0161is cilindras leid\u017eia skland\u017eiai reguliuoti ruo\u0161inius presavimo metu, u\u017etikrinant tiksl\u0173 i\u0161lyginim\u0105 ir sutrumpinant nustatymo laik\u0105.<\/p>\n<p>Preso galinis \u0161oninis poslinkio cilindras i\u0161 esm\u0117s kei\u010dia presavimo operacijas. D\u0117l galinio \u0161oninio poslinkio galimyb\u0117s, tikslaus i\u0161lyginimo, reguliuojamo perjungimo diapazono ir greito reagavimo \u0161is cilindras suteikia operatoriams galimyb\u0119 pasiekti tiksli\u0173 ir efektyvi\u0173 presavimo rezultat\u0173. Laikydamiesi rekomenduojam\u0173 naudojimo metod\u0173 ir prie\u017ei\u016bros praktikos, galite maksimaliai padidinti preso galinio \u0161oninio poslinkio cilindro na\u0161um\u0105, ilgaam\u017ei\u0161kum\u0105 ir saugum\u0105 savo presavimo darbuose. Pagerinkite savo presavimo galimybes ir patirkite puik\u0173 i\u0161lyginim\u0105 bei efektyvum\u0105 su \u0161iuo pa\u017eangiu cilindru.<\/p>\n<p>Preso galinio \u0161oninio poslinkio cilindro pagrindin\u0117s charakteristikos:<\/p>\n<ol>\n<li>Galinio \u0161oninio perjungimo galimyb\u0117:\n<ul>\n<li>Preso galinis \u0161oninis poslinkio cilindras yra specialiai suprojektuotas taip, kad presavimo metu b\u016bt\u0173 galima tiksliai pastumti ruo\u0161inius \u012f galin\u0119 pus\u0119.<\/li>\n<li>Tai suteikia operatoriams galimyb\u0119 lengvai reguliuoti ruo\u0161inio pad\u0117t\u012f, u\u017etikrinant optimal\u0173 i\u0161lyginim\u0105 ir suma\u017einant rankinio reguliavimo poreik\u012f.<\/li>\n<\/ul>\n<\/li>\n<li>Tikslus lygiavimas:\n<ul>\n<li>\u0160is cilindras u\u017etikrina tiksl\u0173 ruo\u0161inio i\u0161lyginim\u0105, suma\u017eindamas i\u0161lyginimo rizik\u0105 ir padidindamas bendr\u0105 tikslum\u0105.<\/li>\n<li>Tikslus preso galinio \u0161oninio poslinkio cilindro pasiekiamas i\u0161lyginimas pagerina gaminio kokyb\u0119 ir suma\u017eina atliek\u0173 kiek\u012f.<\/li>\n<\/ul>\n<\/li>\n<li>Reguliuojamas perjungimo diapazonas:\n<ul>\n<li>Cilindras si\u016blo reguliuojam\u0105 perjungimo diapazon\u0105, leid\u017eiant\u012f operatoriams pritaikyti galinio \u0161oninio poslinkio mast\u0105 pagal konkre\u010dius naudojimo reikalavimus.<\/li>\n<li>Lankstus poslinkio diapazono reguliavimas u\u017etikrina suderinamum\u0105 su skirtingais ruo\u0161ini\u0173 dyd\u017eiais, formomis ir presavimo poreikiais.<\/li>\n<\/ul>\n<\/li>\n<li>Greitas ir reaguojantis:\n<ul>\n<li>Preso galinis \u0161oninis poslinkio cilindras turi greit\u0105 ir reaguojant\u012f perjungimo mechanizm\u0105, leid\u017eiant\u012f greitai reguliuoti presavimo operacijas.<\/li>\n<li>Greitas perjungimas sutrumpina bendr\u0105 ciklo laik\u0105, maksimaliai padidindamas na\u0161um\u0105 ir na\u0161um\u0105 presavimo metu.<\/li>\n<\/ul>\n<\/li>\n<\/ol>\n<h2><strong>Paspauskite galinio \u0161oninio poslinkio cilindro parametr\u0105:<\/strong><\/h2>\n<table border=\"1\" cellspacing=\"0\" cellpadding=\"0\">\n<tbody>\n<tr>\n<td>Produkto pavadinimas<\/td>\n<td>Hidraulinio preso priekinis \u0161oninis poslinkio cilindras<\/td>\n<\/tr>\n<tr>\n<td>Savyb\u0117s:<\/td>\n<td>Ruo\u0161inio arba ruo\u0161inio perk\u0117limas horizontaliai<\/td>\n<\/tr>\n<tr>\n<td>St\u016bmoklis:<\/td>\n<td>80 mm ~ 240 mm<br \/>\nEiga \u2264300 mm<\/td>\n<\/tr>\n<tr>\n<td>Traukos j\u0117ga:<\/td>\n<td>Maksimali galia 1130 kN<br \/>\n(St\u016bmoklis 240 mm \/ sl\u0117gis 25 MPa)<\/td>\n<\/tr>\n<tr>\n<td>Priekinio \u0161oninio poslinkio cilindro pritaikymas:<\/td>\n<td>Hidraulinis presas<\/td>\n<\/tr>\n<\/tbody>\n<\/table>\n<div><\/div>\n<div>\n<div class=\"txtboxL\">\n<div class=\"txtboxL\">\n<div class=\"txtboxL\">Savyb\u0117s:<\/div>\n<div class=\"txtboxR\">Bendradarbiaukite, kad b\u016bt\u0173 galima pakelti manipuliatoriaus spaustuko galvut\u0119<\/div>\n<div class=\"txtboxL\">Specifikacija:<\/div>\n<div class=\"txtboxR\">St\u016bmoklis: 70 mm ~ 180 mm<br \/>\nEiga \u2264300 mm<\/div>\n<div class=\"txtboxL\">Traukos j\u0117ga:<\/div>\n<div class=\"txtboxR\">Maksimali galia 636 kN<br \/>\n(St\u016bmoklis 180 mm \/ sl\u0117gis 25 MPa)<\/div>\n<\/div>\n<\/div>\n<\/div>\n<h2><strong>Preso cilindr\u0173 gamykla:<\/strong><\/h2>\n<p><img loading=\"lazy\" decoding=\"async\" class=\"alignnone wp-image-1619 size-full\" src=\"https:\/\/hydraulic-cylinders.net\/wp-content\/uploads\/2023\/10\/press-cylinder.webp\" alt=\"\" width=\"1418\" height=\"946\" srcset=\"https:\/\/hydraulic-cylinders.net\/wp-content\/uploads\/2023\/10\/press-cylinder.webp 1418w, https:\/\/hydraulic-cylinders.net\/wp-content\/uploads\/2023\/10\/press-cylinder-1280x854.webp 1280w, https:\/\/hydraulic-cylinders.net\/wp-content\/uploads\/2023\/10\/press-cylinder-980x654.webp 980w, https:\/\/hydraulic-cylinders.net\/wp-content\/uploads\/2023\/10\/press-cylinder-480x320.webp 480w\" sizes=\"(min-width: 0px) and (max-width: 480px) 480px, (min-width: 481px) and (max-width: 980px) 980px, (min-width: 981px) and (max-width: 1280px) 1280px, (min-width: 1281px) 1418px, 100vw\" \/><\/p>\n<h2><strong>Preso galinio \u0161oninio poslinkio cilindro naudojimo b\u016bdas<\/strong><strong>:<\/strong><\/h2>\n<ul>\n<li><strong>\u012erengimas:<\/strong>\n<ul>\n<li>Tvirtai pritvirtinkite preso galin\u012f \u0161oninio poslinkio cilindr\u0105 norimoje vietoje, u\u017etikrindami tinkam\u0105 sulygiavim\u0105 su presavimo \u012franga.<\/li>\n<li>Prijunkite hidraulines linijas pagal gamintojo instrukcijas, u\u017etikrindami tinkam\u0105 skys\u010dio sraut\u0105 ir i\u0161vengdami bet koki\u0173 nuot\u0117ki\u0173.<\/li>\n<\/ul>\n<\/li>\n<li><strong>Perjungimo reguliavimas:<\/strong>\n<ul>\n<li>Susipa\u017einkite su cilindro pateiktu pavar\u0173 perjungimo reguliavimo mechanizmu.<\/li>\n<li>Paprastai reguliavim\u0105 galima atlikti naudojant valdymo ranken\u0117les, rankinius ratukus arba skaitmeninius valdiklius.<\/li>\n<li>Laikykit\u0117s gamintojo nurodym\u0173, kad tiksliai sureguliuotum\u0117te galin\u012f poslink\u012f pagal ruo\u0161inio matmenis ir lygiavimo reikalavimus.<\/li>\n<\/ul>\n<\/li>\n<li><strong>Ruo\u0161inio lygiavimas ir poslinkis:<\/strong>\n<ul>\n<li>Pad\u0117kite ruo\u0161in\u012f ant presavimo pagrindo, u\u017etikrindami pradin\u012f sulygiavim\u0105 su cilindru.<\/li>\n<li>Suaktyvinkite cilindr\u0105, kad \u012fjungtum\u0117te perjungimo mechanizm\u0105 ir skland\u017eiai sureguliuotum\u0117te ruo\u0161in\u012f \u012f norim\u0105 galin\u0119 pad\u0117t\u012f.<\/li>\n<li>Patikrinkite suvedim\u0105 vizualiai arba naudodami matavimo \u012frankius, kad u\u017etikrintum\u0117te tiksl\u0173 galin\u012f poslink\u012f.<\/li>\n<\/ul>\n<\/li>\n<li><strong>Presavimo operacija:<\/strong>\n<ul>\n<li>Kai ruo\u0161inys tinkamai sulygiuotas ir pastumtas, t\u0119skite presavimo operacij\u0105 laikydamiesi \u012fprast\u0173 proced\u016br\u0173.<\/li>\n<li>Preso galinis \u0161oninis poslinkio cilindras i\u0161laikys ruo\u0161inio lygiavim\u0105 ir stabilum\u0105 viso presavimo proceso metu, u\u017etikrindamas nuoseklius rezultatus.<\/li>\n<\/ul>\n<\/li>\n<\/ul>\n<h2><strong>Kaip rasti hidraulinio cilindro sandarinimo rinkin\u012f?<\/strong><\/h2>\n<p>Norint rasti hidraulinio cilindro sandarikli\u0173 rinkin\u012f, reikia nustatyti cilindro gamintoj\u0105 ir model\u012f, i\u0161tirti patikimus tiek\u0117jus ar gamintojus ir gauti tinkam\u0105 sandarikli\u0173 rinkin\u012f pagal cilindro specifikacijas. \u0160tai nuoseklus vadovas, kaip rasti hidraulinio cilindro sandarikli\u0173 rinkin\u012f:<\/p>\n<ol>\n<li><strong>Nustatykite cilindro informacij\u0105:<\/strong>\n<ul>\n<li>Nustatykite hidraulinio cilindro, kuriam jums reikia sandarinimo komplekto, mark\u0119 ir model\u012f.<\/li>\n<li>Ie\u0161kokite bet koki\u0173 identifikavimo \u017eenkl\u0173, etike\u010di\u0173 ar i\u0161graviruotos informacijos ant paties cilindro.<\/li>\n<li>Jei turite originalios \u012frangos gamintojo (OEM) dokumentacij\u0105 arba detal\u0117s numer\u012f, tai gali b\u016bti naudinga paie\u0161kos procese.<\/li>\n<\/ul>\n<\/li>\n<li><strong>I\u0161tirkite patikimus tiek\u0117jus:<\/strong>\n<ul>\n<li>Prad\u0117kite nuo patikim\u0173 hidraulini\u0173 sandarikli\u0173 tiek\u0117j\u0173 ar gamintoj\u0173 paie\u0161kos.<\/li>\n<li>Ie\u0161kokite tiek\u0117j\u0173, kurie specializuojasi hidraulini\u0173 sandarikli\u0173 srityje ir si\u016blo plat\u0173 gamini\u0173 asortiment\u0105.<\/li>\n<li>Internetin\u0117s paie\u0161kos sistemos, pramon\u0117s katalogai ir hidraulin\u0117s \u012frangos forumai gali b\u016bti vertingi i\u0161tekliai ie\u0161kant patikim\u0173 tiek\u0117j\u0173.<\/li>\n<\/ul>\n<\/li>\n<li><strong>Susisiekite su cilindr\u0173 gamintoju arba originalios \u012frangos gamintoju (OEM):<\/strong>\n<ul>\n<li>Jei \u012fmanoma, kreipkit\u0117s patarimo \u012f hidraulinio cilindro gamintoj\u0105 arba originalios \u012frangos gamintoj\u0105 (OEM).<\/li>\n<li>Nor\u0117dami pasiteirauti apie sandarikli\u0173 rinkini\u0173 prieinamum\u0105 j\u016bs\u0173 konkre\u010diam cilindro modeliui, susisiekite su j\u0173 klient\u0173 aptarnavimo skyriumi arba technine pagalba.<\/li>\n<li>Pateikite jiems cilindro gamintoj\u0105, model\u012f ir bet koki\u0105 kit\u0105 svarbi\u0105 informacij\u0105 apie j\u012f, kad jie gal\u0117t\u0173 lengviau nustatyti tinkam\u0105 sandarinimo rinkin\u012f.<\/li>\n<\/ul>\n<\/li>\n<li><strong>Surinkite cilindro specifikacijas:<\/strong>\n<ul>\n<li>Nustatykite konkre\u010dias hidraulinio cilindro, kuriam jums reikia sandarinimo komplekto, specifikacijas.<\/li>\n<li>U\u017esira\u0161ykite tokias detales kaip cilindro kiaurymi\u0173 skersmuo, strypo skersmuo ir reikaling\u0173 sandarikli\u0173 skai\u010dius bei tipai.<\/li>\n<li>Jei \u012fmanoma, i\u0161matuokite esam\u0173 sandarikli\u0173 matmenis, kad b\u016bt\u0173 galima tiksliai identifikuoti ir pasirinkti sandarikli\u0173 rinkin\u012f.<\/li>\n<\/ul>\n<\/li>\n<li><strong>Ie\u0161koti sandarikli\u0173 tiek\u0117j\u0173 internete:<\/strong>\n<ul>\n<li>Naudokit\u0117s internetin\u0117mis sandarikli\u0173 tiek\u0117j\u0173 svetain\u0117mis ir ie\u0161kokite sandarikli\u0173 rinkini\u0173 pagal savo hidraulinio cilindro specifikacijas.<\/li>\n<li>\u012eveskite cilindro gamintoj\u0105, model\u012f arba matmenis \u012f paie\u0161kos filtrus, kad susiaurintum\u0117te galim\u0173 variant\u0173 skai\u010di\u0173.<\/li>\n<li>Nor\u0117dami u\u017etikrinti tinkam\u0105 atitikim\u0105, per\u017ei\u016br\u0117kite tiek\u0117j\u0173 pateiktus produkt\u0173 apra\u0161ymus, specifikacijas ir suderinamumo informacij\u0105.<\/li>\n<\/ul>\n<\/li>\n<li><strong>Patikrinkite suderinamum\u0105:<\/strong>\n<ul>\n<li>Nusta\u010dius galim\u0105 sandarinimo rinkin\u012f, patikrinkite jo suderinamum\u0105 su j\u016bs\u0173 hidrauliniu cilindru.<\/li>\n<li>Palyginkite sandarikli\u0173 rinkinio specifikacijas ir matmenis su informacija, surinkta i\u0161 j\u016bs\u0173 cilindro.<\/li>\n<li>\u012esitikinkite, kad sandarikli\u0173 rinkinyje yra visi reikalingi sandarikliai, atitinkantys j\u016bs\u0173 cilindro konkre\u010di\u0105 konfig\u016bracij\u0105.<\/li>\n<\/ul>\n<\/li>\n<li><strong>U\u017esisakykite ir sumontuokite sandarinimo rinkin\u012f:<\/strong>\n<ul>\n<li>U\u017esisakykite sandarinimo rinkin\u012f i\u0161 pasirinkto tiek\u0117jo arba gamintojo.<\/li>\n<li>Pateikite tiksli\u0105 informacij\u0105, \u012fskaitant cilindro specifikacijas ir bet koki\u0105 kit\u0105 reikiam\u0105 informacij\u0105, kad u\u017etikrintum\u0117te tinkam\u0105 sandarikli\u0173 rinkin\u012f.<\/li>\n<li>Laikykit\u0117s tiek\u0117jo nurodym\u0173 d\u0117l mok\u0117jimo, pristatymo ir pristatymo.<\/li>\n<li>Gav\u0119 sandarikli\u0173 rinkin\u012f, atid\u017eiai laikykit\u0117s tiek\u0117jo arba gamintojo pateikt\u0173 montavimo instrukcij\u0173, kad pakeistum\u0117te hidraulinio cilindro sandariklius.<\/li>\n<\/ul>\n<\/li>\n<\/ol>\n<h2><strong>Gamyklos paj\u0117gumai ir talpa:<\/strong><\/h2>\n<h3>(1) Surinkimas<\/h3>\n<p>Turime pirmos klas\u0117s nepriklausom\u0105 tyrim\u0173 ir pl\u0117tros surinkimo platform\u0105. Hidraulini\u0173 cilindr\u0173 gamybos ceche yra keturios pusiau automatin\u0117s k\u0117limo cilindr\u0173 surinkimo linijos ir viena automatin\u0117 pakreipimo cilindr\u0173 surinkimo linija, kuri\u0173 projektinis metinis gamybos paj\u0117gumas yra 1 milijonas vienet\u0173. Speciali\u0173j\u0173 cilindr\u0173 ceche \u012frengta \u012fvairi\u0173 specifikacij\u0173 pusiau automatin\u0117 valymo surinkimo sistema, kurios projektinis metinis gamybos paj\u0117gumas yra 200 000 vienet\u0173, ir garsi CNC apdirbimo \u012franga, apdirbimo centras, didelio tikslumo cilindr\u0173 apdirbimo speciali \u012franga, robotinis suvirinimo aparatas, automatinis valymo aparatas, automatinis cilindr\u0173 surinkimo aparatas ir automatin\u0117 da\u017eymo gamybos linija. Esama daugiau nei 300 rinkini\u0173 (komplekt\u0173) kritin\u0117 \u012franga. Optimalus \u012frangos i\u0161tekli\u0173 paskirstymas ir efektyvus naudojimas u\u017etikrina gamini\u0173 tikslumo reikalavimus ir auk\u0161tus gamini\u0173 kokyb\u0117s poreikius.<\/p>\n<p><img loading=\"lazy\" decoding=\"async\" class=\"alignnone wp-image-626\" src=\"https:\/\/hydraulic-cylinders.net\/wp-content\/uploads\/2023\/08\/hydraulic-cylinder-product-1-300x158.webp\" alt=\"\" width=\"495\" height=\"260\" srcset=\"https:\/\/hydraulic-cylinders.net\/wp-content\/uploads\/2023\/08\/hydraulic-cylinder-product-1-300x158.webp 495w, https:\/\/hydraulic-cylinders.net\/wp-content\/uploads\/2023\/08\/hydraulic-cylinder-product-1-480x252.webp 480w\" sizes=\"(min-width: 0px) and (max-width: 480px) 480px, (min-width: 481px) 495px, 100vw\" \/> <img loading=\"lazy\" decoding=\"async\" class=\"alignnone wp-image-627\" src=\"https:\/\/hydraulic-cylinders.net\/wp-content\/uploads\/2023\/08\/hydraulic-cylinder-product-2-300x189.webp\" alt=\"\" width=\"413\" height=\"260\" \/><\/p>\n<h3>(2) Apdirbimas<\/h3>\n<p>Mechaninio apdirbimo ceche \u012frengtas pritaikytas nuo\u017eulnaus b\u0117gio tekinimo centras, apdirbimo centras, greitaeigis galandimo stakl\u0117s, suvirinimo robotas ir kita susijusi \u012franga, galinti apdirbti cilindrinius vamzd\u017eius, kuri\u0173 maksimalus vidinis skersmuo yra 400 mm, o maksimalus ilgis \u2013 6 metrai.<\/p>\n<p><img loading=\"lazy\" decoding=\"async\" class=\"alignnone wp-image-628 size-large\" src=\"https:\/\/hydraulic-cylinders.net\/wp-content\/uploads\/2023\/08\/hydraulic-cylinder-product-3-1024x391.webp\" alt=\"\" width=\"1024\" height=\"391\" srcset=\"https:\/\/hydraulic-cylinders.net\/wp-content\/uploads\/2023\/08\/hydraulic-cylinder-product-3-980x374.webp 980w, https:\/\/hydraulic-cylinders.net\/wp-content\/uploads\/2023\/08\/hydraulic-cylinder-product-3-480x183.webp 480w\" sizes=\"(min-width: 0px) and (max-width: 480px) 480px, (min-width: 481px) and (max-width: 980px) 980px, (min-width: 981px) 1024px, 100vw\" \/><\/p>\n<h3>(3) Suvirinimas<\/h3>\n<p><img loading=\"lazy\" decoding=\"async\" class=\"alignnone wp-image-629 size-large\" src=\"https:\/\/hydraulic-cylinders.net\/wp-content\/uploads\/2023\/08\/hydraulic-cylinder-product-4-1024x510.webp\" alt=\"\" width=\"1024\" height=\"510\" srcset=\"https:\/\/hydraulic-cylinders.net\/wp-content\/uploads\/2023\/08\/hydraulic-cylinder-product-4-980x488.webp 980w, https:\/\/hydraulic-cylinders.net\/wp-content\/uploads\/2023\/08\/hydraulic-cylinder-product-4-480x239.webp 480w\" sizes=\"(min-width: 0px) and (max-width: 480px) 480px, (min-width: 481px) and (max-width: 980px) 980px, (min-width: 981px) 1024px, 100vw\" \/><\/p>\n<h3>(4) Da\u017eymas ir dengimas<\/h3>\n<p>Su ma\u017eomis ir vidutinio dyd\u017eio cilindrin\u0117mis automatin\u0117mis vandens pagrindo da\u017e\u0173 dengimo linijomis, siekiant automatinio robot\u0173 pakrovimo ir i\u0161krovimo bei automatinio pur\u0161kimo, projektinis paj\u0117gumas yra 4000 vienet\u0173 per pamain\u0105;<br \/>\nTaip pat turime pusiau automatin\u0119 dideli\u0173 cilindr\u0173 da\u017e\u0173 gamybos linij\u0105, varom\u0105 grandin\u0117s, kurios projektinis na\u0161umas yra 60 d\u0117\u017ei\u0173 per pamain\u0105.<\/p>\n<p><img loading=\"lazy\" decoding=\"async\" class=\"alignnone wp-image-630\" src=\"https:\/\/hydraulic-cylinders.net\/wp-content\/uploads\/2023\/08\/hydraulic-cylinder-product-5-300x213.webp\" alt=\"\" width=\"366\" height=\"260\" \/> <img loading=\"lazy\" decoding=\"async\" class=\"alignnone wp-image-631\" src=\"https:\/\/hydraulic-cylinders.net\/wp-content\/uploads\/2023\/08\/hydraulic-cylinder-product-6-300x225.webp\" alt=\"\" width=\"347\" height=\"260\" \/><\/p>\n<h3>(5) Testavimas<\/h3>\n<p>Turime auk\u0161\u010diausios klas\u0117s patikros patalpas ir bandym\u0173 stendus, kad u\u017etikrintume, jog baliono veikimas atitinka reikalavimus.<\/p>\n<p><img loading=\"lazy\" decoding=\"async\" class=\"alignnone wp-image-632\" src=\"https:\/\/hydraulic-cylinders.net\/wp-content\/uploads\/2023\/08\/hydraulic-cylinder-product-8-300x200.webp\" alt=\"\" width=\"389\" height=\"260\" \/><\/p>\n<p>&nbsp;<\/p>\n<p>&nbsp;<\/p>\n<p>Esame vienas geriausi\u0173 hidraulini\u0173 cilindr\u0173 gamintoj\u0173. Galime pasi\u016blyti i\u0161samius hidraulinius cilindrus. Taip pat teikiame atitinkamus <a href=\"https:\/\/hzpt.com\/agricultural-pto-gearbox\/\" target=\"_blank\" rel=\"noopener\">\u017eem\u0117s \u016bkio pavar\u0173 d\u0117\u017e\u0117s<\/a>Mes eksportuojame savo gaminius klientams visame pasaulyje ir peln\u0117me ger\u0105 reputacij\u0105 d\u0117l auk\u0161\u010diausios gamini\u0173 kokyb\u0117s ir aptarnavimo po pardavimo. Mes laukiame klient\u0173 \u0161alyje ir u\u017esienyje, norin\u010di\u0173 susisiekti su mumis der\u0117tis d\u0117l verslo, keistis informacija ir... <a href=\"https:\/\/www.hydraulic-cylinders.net\/lt\/contact-us\/\">bendradarbiauti su mumis<\/a>!<\/p>","protected":false},"excerpt":{"rendered":"<p>Press Rear Side Shift Cylinder The press rear side shift cylinder is a cutting-edge tool designed to enhance efficiency and precision in pressing operations. With its innovative rear side shifting capability, this cylinder allows for seamless adjustment of workpieces during pressing, ensuring accurate alignment and reducing setup time. The press rear side shift cylinder is [&hellip;]<\/p>","protected":false},"featured_media":1685,"comment_status":"open","ping_status":"closed","template":"","meta":{"_et_pb_use_builder":"","_et_pb_old_content":"","_et_gb_content_width":""},"product_brand":[],"product_cat":[1550,1522,1376],"product_tag":[1380],"class_list":{"0":"post-1682","1":"product","2":"type-product","3":"status-publish","4":"has-post-thumbnail","6":"product_cat-double-acting-hydraulic-cylinder","7":"product_cat-press-hydraulic-cylinders","8":"product_cat-hydraulic-cylinder","9":"product_tag-hydraulic-cylinder","11":"first","12":"instock","13":"shipping-taxable","14":"product-type-simple"},"amp_enabled":true,"_links":{"self":[{"href":"https:\/\/www.hydraulic-cylinders.net\/lt\/wp-json\/wp\/v2\/product\/1682","targetHints":{"allow":["GET"]}}],"collection":[{"href":"https:\/\/www.hydraulic-cylinders.net\/lt\/wp-json\/wp\/v2\/product"}],"about":[{"href":"https:\/\/www.hydraulic-cylinders.net\/lt\/wp-json\/wp\/v2\/types\/product"}],"replies":[{"embeddable":true,"href":"https:\/\/www.hydraulic-cylinders.net\/lt\/wp-json\/wp\/v2\/comments?post=1682"}],"wp:featuredmedia":[{"embeddable":true,"href":"https:\/\/www.hydraulic-cylinders.net\/lt\/wp-json\/wp\/v2\/media\/1685"}],"wp:attachment":[{"href":"https:\/\/www.hydraulic-cylinders.net\/lt\/wp-json\/wp\/v2\/media?parent=1682"}],"wp:term":[{"taxonomy":"product_brand","embeddable":true,"href":"https:\/\/www.hydraulic-cylinders.net\/lt\/wp-json\/wp\/v2\/product_brand?post=1682"},{"taxonomy":"product_cat","embeddable":true,"href":"https:\/\/www.hydraulic-cylinders.net\/lt\/wp-json\/wp\/v2\/product_cat?post=1682"},{"taxonomy":"product_tag","embeddable":true,"href":"https:\/\/www.hydraulic-cylinders.net\/lt\/wp-json\/wp\/v2\/product_tag?post=1682"}],"curies":[{"name":"wp","href":"https:\/\/api.w.org\/{rel}","templated":true}]}}