{"id":16829,"date":"2025-01-21T05:57:31","date_gmt":"2025-01-21T05:57:31","guid":{"rendered":"https:\/\/www.hydraulic-cylinders.net\/product\/arm-cylinder-for-volwa-cane-unloader-dls190-9a\/"},"modified":"2025-01-21T05:57:33","modified_gmt":"2025-01-21T05:57:33","slug":"arm-cylinder-for-volwa-cane-unloader-dls190-9a","status":"publish","type":"product","link":"https:\/\/www.hydraulic-cylinders.net\/lt\/produktas\/arm-cylinder-for-volwa-cane-unloader-dls190-9a\/","title":{"rendered":"\u201eVolwa\u201c cukranendri\u0173 i\u0161krovimo ma\u0161inos DLS190-9A svirties cilindras"},"content":{"rendered":"<h1>\u201eVolwa\u201c cukranendri\u0173 i\u0161krovimo ma\u0161inos DLS190-9A svirties cilindras<\/h1>\n<h2>\u012evadas<\/h2>\n<p>Svirties cilindras yra hidraulinio cilindro tipas, specialiai sukurtas u\u017etikrinti tiesin\u012f jud\u0117jim\u0105 ir gali\u0105 \u012fvairioms ma\u0161in\u0173 svirtims, tokioms kaip ekskavatoriai, kranai ir mechanin\u0117s svirtys. Jis atlieka labai svarb\u0173 vaidmen\u012f hidraulin\u0117se sistemose, nes leid\u017eia efektyviai jud\u0117ti ir valdyti papildomus \u012frankius ar priedus. \u0160ie cilindrai ne tik u\u017etikrina skland\u0173 veikim\u0105, bet ir atlaiko dideles apkrovas, u\u017etikrindami efektyv\u0173 ma\u0161in\u0173 veikim\u0105 ir patikimum\u0105 \u012fvairiomis eksploatavimo s\u0105lygomis.<\/p>\n<p><img decoding=\"async\" src=\"https:\/\/www.hydraulic-cylinders.net\/wp-content\/uploads\/2025\/01\/songte-company-2.webp\" alt=\"rankos cilindro vaizdas\"><\/p>\n<h2>Savyb\u0117s<\/h2>\n<ul>\n<li>Didel\u0117s galios perdavimas: Svirties cilindras u\u017etikrina galing\u0105 tiesin\u012f judes\u012f ir j\u0117g\u0105, u\u017etikrindamas auk\u0161t\u0105 mechanin\u0117s svirties efektyvum\u0105 atliekant \u012fvairias operacijas.<\/li>\n<li>Tikslus valdymas: Hidraulin\u0117s sistemos d\u0117ka rankos cilindras gali tiksliai valdyti judes\u012f, tod\u0117l papildom\u0173 \u012franki\u0173 valdymas tampa lankstesnis ir tikslesnis.<\/li>\n<li>Didelis patvarumas: Svirtiniai cilindrai paprastai gaminami i\u0161 didelio stiprumo med\u017eiag\u0173 ir pasi\u017eymi geru atsparumu dilimui bei korozijai, tod\u0117l tinkami ilgalaikiam naudojimui at\u0161iauriomis s\u0105lygomis.<\/li>\n<li>Daugiafunkcis pritaikomumas: \u0160ie cilindrai gali b\u016bti pla\u010diai naudojami \u012fvairi\u0173 tip\u0173 ma\u0161inose, tokiose kaip ekskavatoriai, kranai ir mechanin\u0117s svirtys, prisitaikant prie skirting\u0173 darbo reikalavim\u0173.<\/li>\n<li>Lengva prie\u017ei\u016bra: Projektuojant atsi\u017evelgiama \u012f paprast\u0105 prie\u017ei\u016br\u0105 ir keitim\u0105, tod\u0117l reguliari ap\u017ei\u016bra ir prie\u017ei\u016bra yra patogesn\u0117, o \u012frangos prastovos laikas sutrump\u0117ja.<\/li>\n<\/ul>\n<p>Mes galime pagaminti \u0161\u012f produkt\u0105, o m\u016bs\u0173 produktas gali puikiai pakeisti \u0161iuos hidraulinius cilindrus.<\/p>\n<p><img decoding=\"async\" src=\"https:\/\/www.hydraulic-cylinders.net\/wp-content\/uploads\/2025\/01\/songte-oil-pipes-and-spare-parts.webp\" alt=\"atsargini\u0173 dali\u0173 vaizdas\"><\/p>\n<h2>Parai\u0161kos<\/h2>\n<p>Svirtiniai cilindrai pla\u010diai naudojami \u012fvairiose pramon\u0117s \u0161akose ir turi daugyb\u0119 pritaikym\u0173, toki\u0173 kaip:<\/p>\n<ul>\n<li><strong>Statybos in\u017einerija:<\/strong> Ekskavatoriuose ir kranuose str\u0117li\u0173 cilindrai naudojami kau\u0161\u0173 arba str\u0117li\u0173 jud\u0117jimui valdyti atliekant \u017eem\u0117s darbus, med\u017eiag\u0173 tvarkym\u0105 ir konstrukcij\u0173 montavim\u0105.<\/li>\n<li><strong>Gamyba:<\/strong> Automatizuotose gamybos linijose ranken\u0173 cilindrai naudojami mechanin\u0117ms rankenoms judinti surinkimo, suvirinimo ir gamybos metu, taip padidinant na\u0161um\u0105 ir tikslum\u0105.<\/li>\n<li><strong>\u017dem\u0117s \u016bkio technika:<\/strong> \u017dem\u0117s \u016bkio technikose, tokiose kaip derliaus nu\u0117mimo ma\u0161inos ir sodinamosios, svir\u010di\u0173 cilindrai valdo valdymo svir\u010di\u0173 jud\u0117jim\u0105, atlikdami tokias u\u017eduotis kaip s\u0117ja, tr\u0119\u0161imas ir derliaus nu\u0117mimas.<\/li>\n<li><strong>Kasyba:<\/strong> Kasybos \u012frangoje svirties cilindrai naudojami kasybos \u012frangos svirties jud\u0117jimui valdyti, atliekant tokias u\u017eduotis kaip mineral\u0173 kasyba ir transportavimas.<\/li>\n<li><strong>Logistika ir transportas:<\/strong> \u0160akiniuose krautuvuose ir krovini\u0173 krovimo robotuose str\u0117li\u0173 cilindrai naudojami \u0161aki\u0173 k\u0117limui ir jud\u0117jimui valdyti, taip u\u017etikrinant med\u017eiag\u0173 tvarkym\u0105 ir krovim\u0105.<\/li>\n<\/ul>\n<h2>Projektavimo aspektai ir atrankos kriterijai<\/h2>\n<p>Svirtiniai cilindrai projektuojami atsi\u017evelgiant \u012f kelis svarbius aspektus, \u012fskaitant:<\/p>\n<ul>\n<li><strong>Keliamoji galia:<\/strong> Cilindras turi atlaikyti jam taikomas j\u0117gas ir keliam\u0105 apkrov\u0105.<\/li>\n<li><strong>Sandarinimas:<\/strong> Svirtiniuose cilindruose naudojami \u012fvair\u016bs sandarikliai, pavyzd\u017eiui, st\u016bmokliniai ir kot\u0173 sandarikliai, kurie parenkami d\u0117l atsparumo dilimui, ilgaam\u017ei\u0161kumo ir cheminio suderinamumo.<\/li>\n<li><strong>Patvarumas:<\/strong> Svirtiniai cilindrai paprastai gaminami i\u0161 didelio stiprumo med\u017eiag\u0173 ir apdorojami pavir\u0161iais, kad b\u016bt\u0173 atspar\u016bs dilimui ir korozijai.<\/li>\n<li><strong>Saugumas:<\/strong> Svirtiniai cilindrai turi b\u016bti suprojektuoti taip, kad b\u016bt\u0173 u\u017etikrintas saugus veikimas, su saugos funkcijomis, tokiomis kaip blokavimo vo\u017etuvai ir sl\u0117gio ma\u017einimo vo\u017etuvai.<\/li>\n<li><strong>Prie\u017ei\u016bra:<\/strong> Svirtiniai cilindrai turi b\u016bti lengvai pri\u017ei\u016brimi, turintys tokias savybes kaip kei\u010diami sandarikliai ir lengva prieiga prie vidini\u0173 komponent\u0173.<\/li>\n<\/ul>\n<p><img decoding=\"async\" src=\"https:\/\/www.hydraulic-cylinders.net\/wp-content\/uploads\/2025\/01\/songte-cylinder-head-with-all-kinds-excavator-models.webp\" alt=\"cilindro galvut\u0117s vaizdas\"><\/p>\n<h2>Sandarinimas ir tepimas<\/h2>\n<p>Svirtiniuose cilindruose naudojami \u012fvair\u016bs sandarikliai, pavyzd\u017eiui, st\u016bmokli\u0173 ir kot\u0173 sandarikliai, pagaminti i\u0161 atspari\u0173 dilimui med\u017eiag\u0173, toki\u0173 kaip poliuretanas ir nitrilo kau\u010diukas. Cilindro korpusas ir srieginiai galai yra kruop\u0161\u010diai apdoroti, siekiant pagerinti atsparum\u0105 dilimui. Norint sutepti cilindr\u0105 ir i\u0161vengti nuot\u0117ki\u0173, b\u016btina reguliariai \u012fpilti tinkamos hidraulin\u0117s alyvos.<\/p>\n<p><img decoding=\"async\" src=\"https:\/\/www.hydraulic-cylinders.net\/wp-content\/uploads\/2025\/01\/songte-chushion-collar.webp\" alt=\"ruoni\u0173 vaizdas\"><\/p>\n<h2>Prie\u017ei\u016bros ir prevencin\u0117s priemon\u0117s<\/h2>\n<p>Reguliarus patikrinimas ir profilaktin\u0117 prie\u017ei\u016bra yra b\u016btini siekiant u\u017etikrinti efektyv\u0173 svirtini\u0173 cilindr\u0173 veikim\u0105 ir ilg\u0105 tarnavimo laik\u0105. Kai kurios rekomenduojamos priemon\u0117s:<\/p>\n<ul>\n<li>Reguliariai tikrinkite cilindr\u0105, ar n\u0117ra susid\u0117v\u0117jimo, nuot\u0117ki\u0173 ir kit\u0173 pa\u017eeidim\u0173.<\/li>\n<li>Cilindr\u0105 ir hidraulin\u0119 sistem\u0105 laikykite \u0161varius, kad i\u0161vengtum\u0117te u\u017eter\u0161imo.<\/li>\n<li>\u012esitikinkite, kad cilindras tinkamai suteptas rekomenduojama hidrauline alyva ir kad alyvos lygis yra pakankamas.<\/li>\n<li>Laikykit\u0117s gamintojo prie\u017ei\u016bros rekomendacij\u0173 ir proced\u016br\u0173.<\/li>\n<\/ul>\n<h2>Diegimo vadovas<\/h2>\n<p>Svirtini\u0173 cilindr\u0173 montavimas reikalauja kruop\u0161taus d\u0117mesio, kad b\u016bt\u0173 u\u017etikrintas tinkamas veikimas. Keletas esmini\u0173 \u017eingsni\u0173:<\/p>\n<ul>\n<li>\u012esitikinkite, kad cilindras suderinamas su \u012frenginiu ir jo paskirtimi.<\/li>\n<li>Sumontuokite hidraulines \u017earnas ir jungiam\u0105sias detales pagal reikalavimus.<\/li>\n<li>\u012esitikinkite, kad cilindras tinkamai sulygiuotas su ma\u0161ina.<\/li>\n<li>Po \u012frengimo patikrinkite, ar n\u0117ra nuot\u0117ki\u0173 ir ar tinkamai veikia.<\/li>\n<\/ul>\n<p><img decoding=\"async\" src=\"https:\/\/www.hydraulic-cylinders.net\/wp-content\/uploads\/2025\/01\/songte-bushings-with-all-kinds-of-excavator-models.webp\" alt=\"\u012fvori\u0173 vaizdas\"><\/p>\n<h2>Saugos aspektai ir aplinkos veiksniai<\/h2>\n<p>Saugiam svirtini\u0173 cilindr\u0173 naudojimui reikalingas tinkamas mokymas ir prie\u017ei\u016bra, taip pat vadove pateikt\u0173 saugos nurodym\u0173 laikymasis. Aplinkos veiksniai, tokie kaip temperat\u016bra, dr\u0117gm\u0117 ir chemini\u0173 med\u017eiag\u0173 poveikis, gali tur\u0117ti \u012ftakos svirtini\u0173 cilindr\u0173 veikimui ir ilgaam\u017ei\u0161kumui.<\/p>\n<h2>Da\u017enos problemos ir trik\u010di\u0173 \u0161alinimas<\/h2>\n<p>Kai kurios da\u017eniausios problemos, galin\u010dios kilti d\u0117l svirtini\u0173 cilindr\u0173, yra \u0161ios:<\/p>\n<ul>\n<li>Nutekanti alyva<\/li>\n<li>Galios tr\u016bkumas arba l\u0117tas jud\u0117jimas<\/li>\n<li>Tr\u016bk\u010diojantis arba netolygus jud\u0117jimas<\/li>\n<li>Per didelis triuk\u0161mas ar vibracija<\/li>\n<\/ul>\n<p>Tinkami trik\u010di\u0173 \u0161alinimo metodai, pavyzd\u017eiui, pa\u017eeist\u0173 sandarikli\u0173, nepakankamo alyvos kiekio ar netinkamai suderint\u0173 komponent\u0173 patikrinimas, gali pad\u0117ti diagnozuoti ir i\u0161spr\u0119sti \u0161ias problemas. Prevencin\u0117s priemon\u0117s, tokios kaip reguliari prie\u017ei\u016bra ir patikra, taip pat gali suma\u017einti problem\u0173 atsiradimo rizik\u0105.<\/p>\n<p><img decoding=\"async\" src=\"https:\/\/www.hydraulic-cylinders.net\/wp-content\/uploads\/2025\/01\/songte-company-4.webp\" alt=\"\u012fmon\u0117s \u012fvaizdis\"><br \/>\n<img decoding=\"async\" src=\"https:\/\/www.hydraulic-cylinders.net\/wp-content\/uploads\/2025\/01\/songte-company-3.webp\" alt=\"gamyklos vaizdas\"><\/p>\n<h2>Apie mus<\/h2>\n<p>Esame profesionalus hidraulini\u0173 cilindr\u0173 ir atsargini\u0173 dali\u0173 gamintojas, si\u016blantis plat\u0173 gamini\u0173 asortiment\u0105 ir tap\u0119s vienu i\u0161 pirmaujan\u010di\u0173 hidraulini\u0173 cilindr\u0173 gamintoj\u0173 ir didmenini\u0173 platintoj\u0173 vidaus ir tarptautin\u0117se rinkose. Visada laikom\u0117s auk\u0161\u010diausios kokyb\u0117s principo, remdamiesi industrializuotomis gamybos valdymo strategijomis savo moderniose gamybos dirbtuv\u0117se, kad nuolat tobulintume savo technin\u012f lyg\u012f ir gamybos efektyvum\u0105. \u012ediegdami pa\u017eangi\u0105 skaitmenin\u0119 gamybos \u012frang\u0105 ir profesionalias testavimo sistemas, optimizuojame savo gamybos platform\u0105, tobuliname gamini\u0173 kokyb\u0117s kontrol\u0117s procesus ir turime stipri\u0173 inovacij\u0173 paj\u0117gum\u0173. M\u016bs\u0173 tikslas \u2013 patenkinti \u012fvairius klient\u0173 poreikius, teikiant efektyvius, tikslius ir auk\u0161tos kokyb\u0117s gaminius.<\/p>\n<p>Siekdami patenkinti klient\u0173 poreikius, si\u016blome profesionalias paslaugas, tarptautinius sertifikatus, individualiai pritaikytas paslaugas, pa\u017eangi\u0105 gamybos \u012frang\u0105 ir puik\u0173 aptarnavim\u0105 po pardavimo.<\/p>\n<p>Autorius: lyl<\/p>","protected":false},"excerpt":{"rendered":"<p>Arm Cylinder For Volwa Cane Unloader DLS190-9A Introduction Arm cylinder is a type of hydraulic cylinder specially designed to provide linear motion and power for various machine arms, such as excavators, cranes, and mechanical arms. It plays a crucial role in hydraulic systems, allowing additional tools or attachments to move and be controlled effectively. These [&hellip;]<\/p>","protected":false},"featured_media":14779,"comment_status":"open","ping_status":"closed","template":"","meta":{"_et_pb_use_builder":"","_et_pb_old_content":"","_et_gb_content_width":""},"product_brand":[],"product_cat":[1497],"product_tag":[1498,1496],"class_list":{"0":"post-16829","1":"product","2":"type-product","3":"status-publish","4":"has-post-thumbnail","6":"product_cat-arm-cylinders","7":"product_tag-arm-cylinders","8":"product_tag-hydraulic-cylinders","10":"first","11":"instock","12":"shipping-taxable","13":"product-type-simple"},"amp_enabled":true,"_links":{"self":[{"href":"https:\/\/www.hydraulic-cylinders.net\/lt\/wp-json\/wp\/v2\/product\/16829","targetHints":{"allow":["GET"]}}],"collection":[{"href":"https:\/\/www.hydraulic-cylinders.net\/lt\/wp-json\/wp\/v2\/product"}],"about":[{"href":"https:\/\/www.hydraulic-cylinders.net\/lt\/wp-json\/wp\/v2\/types\/product"}],"replies":[{"embeddable":true,"href":"https:\/\/www.hydraulic-cylinders.net\/lt\/wp-json\/wp\/v2\/comments?post=16829"}],"wp:featuredmedia":[{"embeddable":true,"href":"https:\/\/www.hydraulic-cylinders.net\/lt\/wp-json\/wp\/v2\/media\/14779"}],"wp:attachment":[{"href":"https:\/\/www.hydraulic-cylinders.net\/lt\/wp-json\/wp\/v2\/media?parent=16829"}],"wp:term":[{"taxonomy":"product_brand","embeddable":true,"href":"https:\/\/www.hydraulic-cylinders.net\/lt\/wp-json\/wp\/v2\/product_brand?post=16829"},{"taxonomy":"product_cat","embeddable":true,"href":"https:\/\/www.hydraulic-cylinders.net\/lt\/wp-json\/wp\/v2\/product_cat?post=16829"},{"taxonomy":"product_tag","embeddable":true,"href":"https:\/\/www.hydraulic-cylinders.net\/lt\/wp-json\/wp\/v2\/product_tag?post=16829"}],"curies":[{"name":"wp","href":"https:\/\/api.w.org\/{rel}","templated":true}]}}